{"id":44359,"date":"2023-03-05T00:05:16","date_gmt":"2023-03-04T23:05:16","guid":{"rendered":"https:\/\/ajatutaja.com\/?post_type=product&#038;p=44359"},"modified":"2025-10-01T07:39:21","modified_gmt":"2025-10-01T05:39:21","slug":"otroski-usnjeni-copati-baobaby-koala","status":"publish","type":"product","link":"https:\/\/ajatutaja.com\/hr\/proizvod\/otroski-usnjeni-copati-baobaby-koala\/","title":{"rendered":"Otro\u0161ki usnjeni copati Baobaby &#8211; Koala"},"content":{"rendered":"<p>[vc_row][vc_column][vc_column_text]Hrva\u0161ko podjetje Babobaby je razvilo resni\u010dno mehke in<span lang=\"sl\"> udobne usnjenje otro\u0161ke copatke, ter mokasine za dojen\u010dke. V celoti ro\u010dno izdelani copati so iz naravnih materialov in imajo izredno mehke in Mehki podplati so idealni za razvoj otro\u0161kih stopal.\u00a0<\/span><\/p>\n<h3>Lastnosti Baobaby otro\u0161kih copat:<\/h3>\n<ul>\n<li>Izredno mehki in upogljivi coptaki, ter nadvse primerni za bose nogice<\/li>\n<li>Primerni za plazenje in hojo<\/li>\n<li>Mehek zunanji rob zagotavlja la\u017eje obuvanje in je prijazen do otro\u0161ke ko\u017ee<\/li>\n<li>Copatki se ne drsijo, saj je podplat izdelan in semi\u0161a, ki se lepo oprime tal<\/li>\n<li>100% naravno usnje, pobarvano z naravnimi barvili in brez kroma<\/li>\n<li>V celoti ro\u010dno se\u0161iti, brez uporabe lepil<\/li>\n<li>Izjemno trpe\u017eni in vzdr\u017eljivi copatki<\/li>\n<li>Copatki so namenjeni za suhe prostore<\/li>\n<li>Ro\u010dno izdelano v EU<\/li>\n<li>Barva in tekstura rastlinsko strojenega usnja lahko odstopata od slike.<\/li>\n<li><span lang=\"sl\">NEGA IN VZDR\u017dEVANJE: Ne zmo\u010dite z vodo! O\u010distite s suho ali vla\u017eno (dobro o\u017eeto) krpo ali gumijasto krta\u010do. Izogibajte se dalj\u0161i izpostavljenosti soncu ali virom toplote.<\/span><\/li>\n<\/ul>\n<p>[\/vc_column_text][\/vc_column][\/vc_row]<\/p>\n","protected":false},"excerpt":{"rendered":"<p>Super mehki in pro\u017eni usnjeni copati Baobaby podpirajo naraven razvoj otro\u0161kega stopala. Omogo\u010dajo svobodo gibanja, plazenja in so idealna izbira pri prvih korakih, saj otrok la\u017eje razvija ob\u010dutek za ravnote\u017eje in krepi mi\u0161ice stopal.<span lang=\"sl\"> Copatki so enostavni za obuvanje in se ne drsijo. Ro\u010dno izdelani copatki Baobaby so iz naravnega usnja in zato se nogice v njih ne potijo.<\/span><\/p>\n","protected":false},"featured_media":44365,"template":"","meta":[],"pwb-brand":[5125,2696],"product_brand":[],"product_cat":[2609,2690,2691],"product_tag":[5126,5355],"class_list":{"0":"post-44359","1":"product","2":"type-product","3":"status-publish","4":"has-post-thumbnail","6":"pwb-brand-baobaby","7":"pwb-brand-moda","8":"product_cat-moda","9":"product_cat-otroska-obutev","10":"product_cat-otroski-copati","11":"product_tag-baobaby","12":"product_tag-baobaby-copati","14":"first","15":"instock","16":"taxable","17":"shipping-taxable","18":"purchasable","19":"product-type-variable","20":"add-to-wishlist-before_image"},"yoast_head":"<!-- This site is optimized with the Yoast SEO plugin v27.3 - https:\/\/yoast.com\/product\/yoast-seo-wordpress\/ -->\n<title>Otro\u0161ki usnjeni copati Baobaby - Koala | Ajatutaja<\/title>\n<meta name=\"description\" content=\"Super mehki in pro\u017eni usnjeni copati Baobaby podpirajo naraven razvoj otro\u0161kega stopala. Omogo\u010dajo svobodo gibanja, plazenja in so idealna izbira pri prvih korakih, saj otrok la\u017eje razvija ob\u010dutek za ravnote\u017eje in krepi mi\u0161ice stopal.\" \/>\n<meta name=\"robots\" content=\"index, follow, max-snippet:-1, max-image-preview:large, max-video-preview:-1\" \/>\n<link rel=\"canonical\" href=\"https:\/\/ajatutaja.com\/izdelek\/otroski-usnjeni-copati-baobaby-koala\/\" \/>\n<meta property=\"og:locale\" content=\"hr_HR\" \/>\n<meta property=\"og:type\" content=\"article\" \/>\n<meta property=\"og:title\" content=\"Otro\u0161ki usnjeni copati Baobaby - Koala | Ajatutaja\" \/>\n<meta property=\"og:description\" content=\"Super mehki in pro\u017eni usnjeni copati Baobaby podpirajo naraven razvoj otro\u0161kega stopala. Omogo\u010dajo svobodo gibanja, plazenja in so idealna izbira pri prvih korakih, saj otrok la\u017eje razvija ob\u010dutek za ravnote\u017eje in krepi mi\u0161ice stopal.\" \/>\n<meta property=\"og:url\" content=\"https:\/\/ajatutaja.com\/izdelek\/otroski-usnjeni-copati-baobaby-koala\/\" \/>\n<meta property=\"og:site_name\" content=\"Ajatutaja\" \/>\n<meta property=\"article:modified_time\" content=\"2025-10-01T05:39:21+00:00\" \/>\n<meta property=\"og:image\" content=\"https:\/\/ajatutaja.com\/wp-content\/uploads\/2023\/03\/otroski-usnjeni-copati-baobaby-koala-ajatutaja-e1677971167343.jpg\" \/>\n\t<meta property=\"og:image:width\" content=\"800\" \/>\n\t<meta property=\"og:image:height\" content=\"875\" \/>\n\t<meta property=\"og:image:type\" content=\"image\/jpeg\" \/>\n<meta name=\"twitter:card\" content=\"summary_large_image\" \/>\n<meta name=\"twitter:label1\" content=\"Procijenjeno vrijeme \u010ditanja\" \/>\n\t<meta name=\"twitter:data1\" content=\"1 minuta\" \/>\n<script type=\"application\/ld+json\" class=\"yoast-schema-graph\">{\"@context\":\"https:\\\/\\\/schema.org\",\"@graph\":[{\"@type\":\"WebPage\",\"@id\":\"https:\\\/\\\/ajatutaja.com\\\/izdelek\\\/otroski-usnjeni-copati-baobaby-koala\\\/\",\"url\":\"https:\\\/\\\/ajatutaja.com\\\/izdelek\\\/otroski-usnjeni-copati-baobaby-koala\\\/\",\"name\":\"Otro\u0161ki usnjeni copati Baobaby - Koala | Ajatutaja\",\"isPartOf\":{\"@id\":\"https:\\\/\\\/ajatutaja.com\\\/#website\"},\"primaryImageOfPage\":{\"@id\":\"https:\\\/\\\/ajatutaja.com\\\/izdelek\\\/otroski-usnjeni-copati-baobaby-koala\\\/#primaryimage\"},\"image\":{\"@id\":\"https:\\\/\\\/ajatutaja.com\\\/izdelek\\\/otroski-usnjeni-copati-baobaby-koala\\\/#primaryimage\"},\"thumbnailUrl\":\"https:\\\/\\\/ajatutaja.com\\\/wp-content\\\/uploads\\\/2023\\\/03\\\/otroski-usnjeni-copati-baobaby-koala-ajatutaja-e1677971167343.jpg\",\"datePublished\":\"2023-03-04T23:05:16+00:00\",\"dateModified\":\"2025-10-01T05:39:21+00:00\",\"description\":\"Super mehki in pro\u017eni usnjeni copati Baobaby podpirajo naraven razvoj otro\u0161kega stopala. Omogo\u010dajo svobodo gibanja, plazenja in so idealna izbira pri prvih korakih, saj otrok la\u017eje razvija ob\u010dutek za ravnote\u017eje in krepi mi\u0161ice stopal.\",\"breadcrumb\":{\"@id\":\"https:\\\/\\\/ajatutaja.com\\\/izdelek\\\/otroski-usnjeni-copati-baobaby-koala\\\/#breadcrumb\"},\"inLanguage\":\"hr\",\"potentialAction\":[{\"@type\":\"ReadAction\",\"target\":[\"https:\\\/\\\/ajatutaja.com\\\/izdelek\\\/otroski-usnjeni-copati-baobaby-koala\\\/\"]}]},{\"@type\":\"ImageObject\",\"inLanguage\":\"hr\",\"@id\":\"https:\\\/\\\/ajatutaja.com\\\/izdelek\\\/otroski-usnjeni-copati-baobaby-koala\\\/#primaryimage\",\"url\":\"https:\\\/\\\/ajatutaja.com\\\/wp-content\\\/uploads\\\/2023\\\/03\\\/otroski-usnjeni-copati-baobaby-koala-ajatutaja-e1677971167343.jpg\",\"contentUrl\":\"https:\\\/\\\/ajatutaja.com\\\/wp-content\\\/uploads\\\/2023\\\/03\\\/otroski-usnjeni-copati-baobaby-koala-ajatutaja-e1677971167343.jpg\",\"width\":800,\"height\":875},{\"@type\":\"BreadcrumbList\",\"@id\":\"https:\\\/\\\/ajatutaja.com\\\/izdelek\\\/otroski-usnjeni-copati-baobaby-koala\\\/#breadcrumb\",\"itemListElement\":[{\"@type\":\"ListItem\",\"position\":1,\"name\":\"Home\",\"item\":\"https:\\\/\\\/ajatutaja.com\\\/hr\\\/\"},{\"@type\":\"ListItem\",\"position\":2,\"name\":\"Trgovina\",\"item\":\"https:\\\/\\\/ajatutaja.com\\\/hr\\\/trgovina\\\/\"},{\"@type\":\"ListItem\",\"position\":3,\"name\":\"Otro\u0161ki usnjeni copati Baobaby &#8211; Koala\"}]},{\"@type\":\"WebSite\",\"@id\":\"https:\\\/\\\/ajatutaja.com\\\/#website\",\"url\":\"https:\\\/\\\/ajatutaja.com\\\/\",\"name\":\"Ajatutaja\",\"description\":\"Otro\u0161ka spletna trgovina AJATUTAJA\",\"publisher\":{\"@id\":\"https:\\\/\\\/ajatutaja.com\\\/#organization\"},\"potentialAction\":[{\"@type\":\"SearchAction\",\"target\":{\"@type\":\"EntryPoint\",\"urlTemplate\":\"https:\\\/\\\/ajatutaja.com\\\/?s={search_term_string}\"},\"query-input\":{\"@type\":\"PropertyValueSpecification\",\"valueRequired\":true,\"valueName\":\"search_term_string\"}}],\"inLanguage\":\"hr\"},{\"@type\":\"Organization\",\"@id\":\"https:\\\/\\\/ajatutaja.com\\\/#organization\",\"name\":\"Ajatutaja\",\"url\":\"https:\\\/\\\/ajatutaja.com\\\/\",\"logo\":{\"@type\":\"ImageObject\",\"inLanguage\":\"hr\",\"@id\":\"https:\\\/\\\/ajatutaja.com\\\/#\\\/schema\\\/logo\\\/image\\\/\",\"url\":\"https:\\\/\\\/ajatutaja.com\\\/wp-content\\\/uploads\\\/2021\\\/10\\\/logo.png\",\"contentUrl\":\"https:\\\/\\\/ajatutaja.com\\\/wp-content\\\/uploads\\\/2021\\\/10\\\/logo.png\",\"width\":555,\"height\":150,\"caption\":\"Ajatutaja\"},\"image\":{\"@id\":\"https:\\\/\\\/ajatutaja.com\\\/#\\\/schema\\\/logo\\\/image\\\/\"}}]}<\/script>\n<!-- \/ Yoast SEO plugin. -->","yoast_head_json":{"title":"Otro\u0161ki usnjeni copati Baobaby - Koala | Ajatutaja","description":"Super mehki in pro\u017eni usnjeni copati Baobaby podpirajo naraven razvoj otro\u0161kega stopala. Omogo\u010dajo svobodo gibanja, plazenja in so idealna izbira pri prvih korakih, saj otrok la\u017eje razvija ob\u010dutek za ravnote\u017eje in krepi mi\u0161ice stopal.","robots":{"index":"index","follow":"follow","max-snippet":"max-snippet:-1","max-image-preview":"max-image-preview:large","max-video-preview":"max-video-preview:-1"},"canonical":"https:\/\/ajatutaja.com\/izdelek\/otroski-usnjeni-copati-baobaby-koala\/","og_locale":"hr_HR","og_type":"article","og_title":"Otro\u0161ki usnjeni copati Baobaby - Koala | Ajatutaja","og_description":"Super mehki in pro\u017eni usnjeni copati Baobaby podpirajo naraven razvoj otro\u0161kega stopala. Omogo\u010dajo svobodo gibanja, plazenja in so idealna izbira pri prvih korakih, saj otrok la\u017eje razvija ob\u010dutek za ravnote\u017eje in krepi mi\u0161ice stopal.","og_url":"https:\/\/ajatutaja.com\/izdelek\/otroski-usnjeni-copati-baobaby-koala\/","og_site_name":"Ajatutaja","article_modified_time":"2025-10-01T05:39:21+00:00","og_image":[{"width":800,"height":875,"url":"https:\/\/ajatutaja.com\/wp-content\/uploads\/2023\/03\/otroski-usnjeni-copati-baobaby-koala-ajatutaja-e1677971167343.jpg","type":"image\/jpeg"}],"twitter_card":"summary_large_image","twitter_misc":{"Procijenjeno vrijeme \u010ditanja":"1 minuta"},"schema":{"@context":"https:\/\/schema.org","@graph":[{"@type":"WebPage","@id":"https:\/\/ajatutaja.com\/izdelek\/otroski-usnjeni-copati-baobaby-koala\/","url":"https:\/\/ajatutaja.com\/izdelek\/otroski-usnjeni-copati-baobaby-koala\/","name":"Otro\u0161ki usnjeni copati Baobaby - Koala | Ajatutaja","isPartOf":{"@id":"https:\/\/ajatutaja.com\/#website"},"primaryImageOfPage":{"@id":"https:\/\/ajatutaja.com\/izdelek\/otroski-usnjeni-copati-baobaby-koala\/#primaryimage"},"image":{"@id":"https:\/\/ajatutaja.com\/izdelek\/otroski-usnjeni-copati-baobaby-koala\/#primaryimage"},"thumbnailUrl":"https:\/\/ajatutaja.com\/wp-content\/uploads\/2023\/03\/otroski-usnjeni-copati-baobaby-koala-ajatutaja-e1677971167343.jpg","datePublished":"2023-03-04T23:05:16+00:00","dateModified":"2025-10-01T05:39:21+00:00","description":"Super mehki in pro\u017eni usnjeni copati Baobaby podpirajo naraven razvoj otro\u0161kega stopala. Omogo\u010dajo svobodo gibanja, plazenja in so idealna izbira pri prvih korakih, saj otrok la\u017eje razvija ob\u010dutek za ravnote\u017eje in krepi mi\u0161ice stopal.","breadcrumb":{"@id":"https:\/\/ajatutaja.com\/izdelek\/otroski-usnjeni-copati-baobaby-koala\/#breadcrumb"},"inLanguage":"hr","potentialAction":[{"@type":"ReadAction","target":["https:\/\/ajatutaja.com\/izdelek\/otroski-usnjeni-copati-baobaby-koala\/"]}]},{"@type":"ImageObject","inLanguage":"hr","@id":"https:\/\/ajatutaja.com\/izdelek\/otroski-usnjeni-copati-baobaby-koala\/#primaryimage","url":"https:\/\/ajatutaja.com\/wp-content\/uploads\/2023\/03\/otroski-usnjeni-copati-baobaby-koala-ajatutaja-e1677971167343.jpg","contentUrl":"https:\/\/ajatutaja.com\/wp-content\/uploads\/2023\/03\/otroski-usnjeni-copati-baobaby-koala-ajatutaja-e1677971167343.jpg","width":800,"height":875},{"@type":"BreadcrumbList","@id":"https:\/\/ajatutaja.com\/izdelek\/otroski-usnjeni-copati-baobaby-koala\/#breadcrumb","itemListElement":[{"@type":"ListItem","position":1,"name":"Home","item":"https:\/\/ajatutaja.com\/hr\/"},{"@type":"ListItem","position":2,"name":"Trgovina","item":"https:\/\/ajatutaja.com\/hr\/trgovina\/"},{"@type":"ListItem","position":3,"name":"Otro\u0161ki usnjeni copati Baobaby &#8211; Koala"}]},{"@type":"WebSite","@id":"https:\/\/ajatutaja.com\/#website","url":"https:\/\/ajatutaja.com\/","name":"Ajatutaja","description":"Otro\u0161ka spletna trgovina AJATUTAJA","publisher":{"@id":"https:\/\/ajatutaja.com\/#organization"},"potentialAction":[{"@type":"SearchAction","target":{"@type":"EntryPoint","urlTemplate":"https:\/\/ajatutaja.com\/?s={search_term_string}"},"query-input":{"@type":"PropertyValueSpecification","valueRequired":true,"valueName":"search_term_string"}}],"inLanguage":"hr"},{"@type":"Organization","@id":"https:\/\/ajatutaja.com\/#organization","name":"Ajatutaja","url":"https:\/\/ajatutaja.com\/","logo":{"@type":"ImageObject","inLanguage":"hr","@id":"https:\/\/ajatutaja.com\/#\/schema\/logo\/image\/","url":"https:\/\/ajatutaja.com\/wp-content\/uploads\/2021\/10\/logo.png","contentUrl":"https:\/\/ajatutaja.com\/wp-content\/uploads\/2021\/10\/logo.png","width":555,"height":150,"caption":"Ajatutaja"},"image":{"@id":"https:\/\/ajatutaja.com\/#\/schema\/logo\/image\/"}}]}},"brands":[{"id":5125,"name":"Baobaby","slug":"baobaby"},{"id":2696,"name":"Moda","slug":"moda"}],"_links":{"self":[{"href":"https:\/\/ajatutaja.com\/hr\/wp-json\/wp\/v2\/product\/44359","targetHints":{"allow":["GET"]}}],"collection":[{"href":"https:\/\/ajatutaja.com\/hr\/wp-json\/wp\/v2\/product"}],"about":[{"href":"https:\/\/ajatutaja.com\/hr\/wp-json\/wp\/v2\/types\/product"}],"wp:featuredmedia":[{"embeddable":true,"href":"https:\/\/ajatutaja.com\/hr\/wp-json\/wp\/v2\/media\/44365"}],"wp:attachment":[{"href":"https:\/\/ajatutaja.com\/hr\/wp-json\/wp\/v2\/media?parent=44359"}],"wp:term":[{"taxonomy":"pwb-brand","embeddable":true,"href":"https:\/\/ajatutaja.com\/hr\/wp-json\/wp\/v2\/pwb-brand?post=44359"},{"taxonomy":"product_brand","embeddable":true,"href":"https:\/\/ajatutaja.com\/hr\/wp-json\/wp\/v2\/product_brand?post=44359"},{"taxonomy":"product_cat","embeddable":true,"href":"https:\/\/ajatutaja.com\/hr\/wp-json\/wp\/v2\/product_cat?post=44359"},{"taxonomy":"product_tag","embeddable":true,"href":"https:\/\/ajatutaja.com\/hr\/wp-json\/wp\/v2\/product_tag?post=44359"}],"curies":[{"name":"wp","href":"https:\/\/api.w.org\/{rel}","templated":true}]}}