{"id":44308,"date":"2023-03-04T18:01:28","date_gmt":"2023-03-04T17:01:28","guid":{"rendered":"https:\/\/ajatutaja.com\/?post_type=product&#038;p=44308"},"modified":"2024-10-31T14:32:43","modified_gmt":"2024-10-31T13:32:43","slug":"topmark-zlozljiv-poganjalec-manu-green","status":"publish","type":"product","link":"https:\/\/ajatutaja.com\/hr\/proizvod\/topmark-zlozljiv-poganjalec-manu-green\/","title":{"rendered":"Topmark\u00ae zlo\u017eljiv poganjalec Manu &#8211; Green"},"content":{"rendered":"<p>[vc_row][vc_column][vc_column_text]<\/p>\n<div class=\"value\">\n<h3>Lastnosti zlo\u017eljivega poganjalca Topmark Manu:<\/h3>\n<ul>\n<li>Poganjalec za mal\u010dke od 2 do 5 leta starosti<\/li>\n<li>Nosilnost 25kg<\/li>\n<li>Idealen za u\u010denje ravnote\u017eja in koordinacije<\/li>\n<li>Hitro in enostavno zlaganje poganjalca<\/li>\n<li>Kompakten in lahek (le 3.5kg)<\/li>\n<li>Enostavna monta\u017ea<\/li>\n<li>Otrok naj uporablja poganjalec samo pod nadzorom odrasle osebe<\/li>\n<\/ul>\n<h3>Tehni\u010dne lastnosti:<strong><br \/>\n<\/strong><\/h3>\n<ul>\n<li>Vi\u0161ina sede\u017ea: 37-42 cm<\/li>\n<li>Krmilo nastavljivo po vi\u0161ini od 53 do 56 cm<\/li>\n<li>Dimenzije odprtega (nezlo\u017eenega) poganjalca: 90 x 33 x 56 cm<\/li>\n<li>Dimenzije zlo\u017eenega: 53 x 33 x 54 cm<\/li>\n<li>Te\u017ea: 3,5 kg<\/li>\n<\/ul>\n<ul>\n<li><\/li>\n<\/ul>\n<\/div>\n<p>[\/vc_column_text][\/vc_column][\/vc_row]<\/p>\n","protected":false},"excerpt":{"rendered":"<p>Topmark Manu je izredno lahek in enostavno zlo\u017eljiv otro\u0161ki poganjalec, ki u\u010di otroka pri pridobivanju ravnote\u017eja in pride \u0161e kako prav pri prehodu na kolo s pedali. Preko vo\u017enje bo va\u0161 otrok vadil koordinacijo, gibalne sposobnosti in vzdr\u017eeval pravilno ravnote\u017eje. Kolo je nastavljivo po vi\u0161ini, ima sistem za hitro in enostavno zlaganje, mehko vzmetenje in udobno prevleko za ro\u010daj in sede\u017e.<\/p>\n","protected":false},"featured_media":44332,"template":"","meta":[],"pwb-brand":[5133],"product_brand":[],"product_cat":[2451,2406,2361],"product_tag":[5136,5135],"class_list":{"0":"post-44308","1":"product","2":"type-product","3":"status-publish","4":"has-post-thumbnail","6":"pwb-brand-topmark","7":"product_cat-igra-na-prostem","8":"product_cat-otroski-skiroji-in-poganjalci","9":"product_cat-potepanje","10":"product_tag-manu","11":"product_tag-topmark","13":"first","14":"onbackorder","15":"taxable","16":"shipping-taxable","17":"purchasable","18":"product-type-simple","19":"add-to-wishlist-before_image"},"yoast_head":"<!-- This site is optimized with the Yoast SEO plugin v27.3 - https:\/\/yoast.com\/product\/yoast-seo-wordpress\/ -->\n<title>Topmark\u00ae zlo\u017eljiv poganjalec Manu - Green | Ajatutaja<\/title>\n<meta name=\"description\" content=\"Topmark Manu je izredno lahek in enostavno zlo\u017eljiv otro\u0161ki poganjalec, ki u\u010di otroka pri pridobivanju ravnote\u017eja in pride \u0161e kako prav pri prehodu na kolo s pedali.\" \/>\n<meta name=\"robots\" content=\"index, follow, max-snippet:-1, max-image-preview:large, max-video-preview:-1\" \/>\n<link rel=\"canonical\" href=\"https:\/\/ajatutaja.com\/izdelek\/topmark-zlozljiv-poganjalec-manu-green\/\" \/>\n<meta property=\"og:locale\" content=\"hr_HR\" \/>\n<meta property=\"og:type\" content=\"article\" \/>\n<meta property=\"og:title\" content=\"Topmark\u00ae zlo\u017eljiv poganjalec Manu - Green | Ajatutaja\" \/>\n<meta property=\"og:description\" content=\"Topmark Manu je izredno lahek in enostavno zlo\u017eljiv otro\u0161ki poganjalec, ki u\u010di otroka pri pridobivanju ravnote\u017eja in pride \u0161e kako prav pri prehodu na kolo s pedali.\" \/>\n<meta property=\"og:url\" content=\"https:\/\/ajatutaja.com\/izdelek\/topmark-zlozljiv-poganjalec-manu-green\/\" \/>\n<meta property=\"og:site_name\" content=\"Ajatutaja\" \/>\n<meta property=\"article:modified_time\" content=\"2024-10-31T13:32:43+00:00\" \/>\n<meta property=\"og:image\" content=\"https:\/\/ajatutaja.com\/wp-content\/uploads\/2023\/03\/Otroski-zlozljiv-poganjalcek-topmark-ajatutaja-green-00.jpg\" \/>\n\t<meta property=\"og:image:width\" content=\"700\" \/>\n\t<meta property=\"og:image:height\" content=\"700\" \/>\n\t<meta property=\"og:image:type\" content=\"image\/jpeg\" \/>\n<meta name=\"twitter:card\" content=\"summary_large_image\" \/>\n<script type=\"application\/ld+json\" class=\"yoast-schema-graph\">{\"@context\":\"https:\\\/\\\/schema.org\",\"@graph\":[{\"@type\":\"WebPage\",\"@id\":\"https:\\\/\\\/ajatutaja.com\\\/izdelek\\\/topmark-zlozljiv-poganjalec-manu-green\\\/\",\"url\":\"https:\\\/\\\/ajatutaja.com\\\/izdelek\\\/topmark-zlozljiv-poganjalec-manu-green\\\/\",\"name\":\"Topmark\u00ae zlo\u017eljiv poganjalec Manu - Green | Ajatutaja\",\"isPartOf\":{\"@id\":\"https:\\\/\\\/ajatutaja.com\\\/#website\"},\"primaryImageOfPage\":{\"@id\":\"https:\\\/\\\/ajatutaja.com\\\/izdelek\\\/topmark-zlozljiv-poganjalec-manu-green\\\/#primaryimage\"},\"image\":{\"@id\":\"https:\\\/\\\/ajatutaja.com\\\/izdelek\\\/topmark-zlozljiv-poganjalec-manu-green\\\/#primaryimage\"},\"thumbnailUrl\":\"https:\\\/\\\/ajatutaja.com\\\/wp-content\\\/uploads\\\/2023\\\/03\\\/Otroski-zlozljiv-poganjalcek-topmark-ajatutaja-green-00.jpg\",\"datePublished\":\"2023-03-04T17:01:28+00:00\",\"dateModified\":\"2024-10-31T13:32:43+00:00\",\"description\":\"Topmark Manu je izredno lahek in enostavno zlo\u017eljiv otro\u0161ki poganjalec, ki u\u010di otroka pri pridobivanju ravnote\u017eja in pride \u0161e kako prav pri prehodu na kolo s pedali.\",\"breadcrumb\":{\"@id\":\"https:\\\/\\\/ajatutaja.com\\\/izdelek\\\/topmark-zlozljiv-poganjalec-manu-green\\\/#breadcrumb\"},\"inLanguage\":\"hr\",\"potentialAction\":[{\"@type\":\"ReadAction\",\"target\":[\"https:\\\/\\\/ajatutaja.com\\\/izdelek\\\/topmark-zlozljiv-poganjalec-manu-green\\\/\"]}]},{\"@type\":\"ImageObject\",\"inLanguage\":\"hr\",\"@id\":\"https:\\\/\\\/ajatutaja.com\\\/izdelek\\\/topmark-zlozljiv-poganjalec-manu-green\\\/#primaryimage\",\"url\":\"https:\\\/\\\/ajatutaja.com\\\/wp-content\\\/uploads\\\/2023\\\/03\\\/Otroski-zlozljiv-poganjalcek-topmark-ajatutaja-green-00.jpg\",\"contentUrl\":\"https:\\\/\\\/ajatutaja.com\\\/wp-content\\\/uploads\\\/2023\\\/03\\\/Otroski-zlozljiv-poganjalcek-topmark-ajatutaja-green-00.jpg\",\"width\":700,\"height\":700},{\"@type\":\"BreadcrumbList\",\"@id\":\"https:\\\/\\\/ajatutaja.com\\\/izdelek\\\/topmark-zlozljiv-poganjalec-manu-green\\\/#breadcrumb\",\"itemListElement\":[{\"@type\":\"ListItem\",\"position\":1,\"name\":\"Home\",\"item\":\"https:\\\/\\\/ajatutaja.com\\\/hr\\\/\"},{\"@type\":\"ListItem\",\"position\":2,\"name\":\"Trgovina\",\"item\":\"https:\\\/\\\/ajatutaja.com\\\/hr\\\/trgovina\\\/\"},{\"@type\":\"ListItem\",\"position\":3,\"name\":\"Topmark\u00ae zlo\u017eljiv poganjalec Manu &#8211; Green\"}]},{\"@type\":\"WebSite\",\"@id\":\"https:\\\/\\\/ajatutaja.com\\\/#website\",\"url\":\"https:\\\/\\\/ajatutaja.com\\\/\",\"name\":\"Ajatutaja\",\"description\":\"Otro\u0161ka spletna trgovina AJATUTAJA\",\"publisher\":{\"@id\":\"https:\\\/\\\/ajatutaja.com\\\/#organization\"},\"potentialAction\":[{\"@type\":\"SearchAction\",\"target\":{\"@type\":\"EntryPoint\",\"urlTemplate\":\"https:\\\/\\\/ajatutaja.com\\\/?s={search_term_string}\"},\"query-input\":{\"@type\":\"PropertyValueSpecification\",\"valueRequired\":true,\"valueName\":\"search_term_string\"}}],\"inLanguage\":\"hr\"},{\"@type\":\"Organization\",\"@id\":\"https:\\\/\\\/ajatutaja.com\\\/#organization\",\"name\":\"Ajatutaja\",\"url\":\"https:\\\/\\\/ajatutaja.com\\\/\",\"logo\":{\"@type\":\"ImageObject\",\"inLanguage\":\"hr\",\"@id\":\"https:\\\/\\\/ajatutaja.com\\\/#\\\/schema\\\/logo\\\/image\\\/\",\"url\":\"https:\\\/\\\/ajatutaja.com\\\/wp-content\\\/uploads\\\/2021\\\/10\\\/logo.png\",\"contentUrl\":\"https:\\\/\\\/ajatutaja.com\\\/wp-content\\\/uploads\\\/2021\\\/10\\\/logo.png\",\"width\":555,\"height\":150,\"caption\":\"Ajatutaja\"},\"image\":{\"@id\":\"https:\\\/\\\/ajatutaja.com\\\/#\\\/schema\\\/logo\\\/image\\\/\"}}]}<\/script>\n<!-- \/ Yoast SEO plugin. -->","yoast_head_json":{"title":"Topmark\u00ae zlo\u017eljiv poganjalec Manu - Green | Ajatutaja","description":"Topmark Manu je izredno lahek in enostavno zlo\u017eljiv otro\u0161ki poganjalec, ki u\u010di otroka pri pridobivanju ravnote\u017eja in pride \u0161e kako prav pri prehodu na kolo s pedali.","robots":{"index":"index","follow":"follow","max-snippet":"max-snippet:-1","max-image-preview":"max-image-preview:large","max-video-preview":"max-video-preview:-1"},"canonical":"https:\/\/ajatutaja.com\/izdelek\/topmark-zlozljiv-poganjalec-manu-green\/","og_locale":"hr_HR","og_type":"article","og_title":"Topmark\u00ae zlo\u017eljiv poganjalec Manu - Green | Ajatutaja","og_description":"Topmark Manu je izredno lahek in enostavno zlo\u017eljiv otro\u0161ki poganjalec, ki u\u010di otroka pri pridobivanju ravnote\u017eja in pride \u0161e kako prav pri prehodu na kolo s pedali.","og_url":"https:\/\/ajatutaja.com\/izdelek\/topmark-zlozljiv-poganjalec-manu-green\/","og_site_name":"Ajatutaja","article_modified_time":"2024-10-31T13:32:43+00:00","og_image":[{"width":700,"height":700,"url":"https:\/\/ajatutaja.com\/wp-content\/uploads\/2023\/03\/Otroski-zlozljiv-poganjalcek-topmark-ajatutaja-green-00.jpg","type":"image\/jpeg"}],"twitter_card":"summary_large_image","schema":{"@context":"https:\/\/schema.org","@graph":[{"@type":"WebPage","@id":"https:\/\/ajatutaja.com\/izdelek\/topmark-zlozljiv-poganjalec-manu-green\/","url":"https:\/\/ajatutaja.com\/izdelek\/topmark-zlozljiv-poganjalec-manu-green\/","name":"Topmark\u00ae zlo\u017eljiv poganjalec Manu - Green | Ajatutaja","isPartOf":{"@id":"https:\/\/ajatutaja.com\/#website"},"primaryImageOfPage":{"@id":"https:\/\/ajatutaja.com\/izdelek\/topmark-zlozljiv-poganjalec-manu-green\/#primaryimage"},"image":{"@id":"https:\/\/ajatutaja.com\/izdelek\/topmark-zlozljiv-poganjalec-manu-green\/#primaryimage"},"thumbnailUrl":"https:\/\/ajatutaja.com\/wp-content\/uploads\/2023\/03\/Otroski-zlozljiv-poganjalcek-topmark-ajatutaja-green-00.jpg","datePublished":"2023-03-04T17:01:28+00:00","dateModified":"2024-10-31T13:32:43+00:00","description":"Topmark Manu je izredno lahek in enostavno zlo\u017eljiv otro\u0161ki poganjalec, ki u\u010di otroka pri pridobivanju ravnote\u017eja in pride \u0161e kako prav pri prehodu na kolo s pedali.","breadcrumb":{"@id":"https:\/\/ajatutaja.com\/izdelek\/topmark-zlozljiv-poganjalec-manu-green\/#breadcrumb"},"inLanguage":"hr","potentialAction":[{"@type":"ReadAction","target":["https:\/\/ajatutaja.com\/izdelek\/topmark-zlozljiv-poganjalec-manu-green\/"]}]},{"@type":"ImageObject","inLanguage":"hr","@id":"https:\/\/ajatutaja.com\/izdelek\/topmark-zlozljiv-poganjalec-manu-green\/#primaryimage","url":"https:\/\/ajatutaja.com\/wp-content\/uploads\/2023\/03\/Otroski-zlozljiv-poganjalcek-topmark-ajatutaja-green-00.jpg","contentUrl":"https:\/\/ajatutaja.com\/wp-content\/uploads\/2023\/03\/Otroski-zlozljiv-poganjalcek-topmark-ajatutaja-green-00.jpg","width":700,"height":700},{"@type":"BreadcrumbList","@id":"https:\/\/ajatutaja.com\/izdelek\/topmark-zlozljiv-poganjalec-manu-green\/#breadcrumb","itemListElement":[{"@type":"ListItem","position":1,"name":"Home","item":"https:\/\/ajatutaja.com\/hr\/"},{"@type":"ListItem","position":2,"name":"Trgovina","item":"https:\/\/ajatutaja.com\/hr\/trgovina\/"},{"@type":"ListItem","position":3,"name":"Topmark\u00ae zlo\u017eljiv poganjalec Manu &#8211; Green"}]},{"@type":"WebSite","@id":"https:\/\/ajatutaja.com\/#website","url":"https:\/\/ajatutaja.com\/","name":"Ajatutaja","description":"Otro\u0161ka spletna trgovina AJATUTAJA","publisher":{"@id":"https:\/\/ajatutaja.com\/#organization"},"potentialAction":[{"@type":"SearchAction","target":{"@type":"EntryPoint","urlTemplate":"https:\/\/ajatutaja.com\/?s={search_term_string}"},"query-input":{"@type":"PropertyValueSpecification","valueRequired":true,"valueName":"search_term_string"}}],"inLanguage":"hr"},{"@type":"Organization","@id":"https:\/\/ajatutaja.com\/#organization","name":"Ajatutaja","url":"https:\/\/ajatutaja.com\/","logo":{"@type":"ImageObject","inLanguage":"hr","@id":"https:\/\/ajatutaja.com\/#\/schema\/logo\/image\/","url":"https:\/\/ajatutaja.com\/wp-content\/uploads\/2021\/10\/logo.png","contentUrl":"https:\/\/ajatutaja.com\/wp-content\/uploads\/2021\/10\/logo.png","width":555,"height":150,"caption":"Ajatutaja"},"image":{"@id":"https:\/\/ajatutaja.com\/#\/schema\/logo\/image\/"}}]}},"brands":[{"id":5133,"name":"Topmark","slug":"topmark"}],"_links":{"self":[{"href":"https:\/\/ajatutaja.com\/hr\/wp-json\/wp\/v2\/product\/44308","targetHints":{"allow":["GET"]}}],"collection":[{"href":"https:\/\/ajatutaja.com\/hr\/wp-json\/wp\/v2\/product"}],"about":[{"href":"https:\/\/ajatutaja.com\/hr\/wp-json\/wp\/v2\/types\/product"}],"wp:featuredmedia":[{"embeddable":true,"href":"https:\/\/ajatutaja.com\/hr\/wp-json\/wp\/v2\/media\/44332"}],"wp:attachment":[{"href":"https:\/\/ajatutaja.com\/hr\/wp-json\/wp\/v2\/media?parent=44308"}],"wp:term":[{"taxonomy":"pwb-brand","embeddable":true,"href":"https:\/\/ajatutaja.com\/hr\/wp-json\/wp\/v2\/pwb-brand?post=44308"},{"taxonomy":"product_brand","embeddable":true,"href":"https:\/\/ajatutaja.com\/hr\/wp-json\/wp\/v2\/product_brand?post=44308"},{"taxonomy":"product_cat","embeddable":true,"href":"https:\/\/ajatutaja.com\/hr\/wp-json\/wp\/v2\/product_cat?post=44308"},{"taxonomy":"product_tag","embeddable":true,"href":"https:\/\/ajatutaja.com\/hr\/wp-json\/wp\/v2\/product_tag?post=44308"}],"curies":[{"name":"wp","href":"https:\/\/api.w.org\/{rel}","templated":true}]}}