{"id":44280,"date":"2023-03-04T16:46:50","date_gmt":"2023-03-04T15:46:50","guid":{"rendered":"https:\/\/ajatutaja.com\/?post_type=product&#038;p=44280"},"modified":"2026-02-10T10:12:52","modified_gmt":"2026-02-10T09:12:52","slug":"scootride-my-first-3v1-sand","status":"publish","type":"product","link":"https:\/\/ajatutaja.com\/hr\/proizvod\/scootride-my-first-3v1-sand\/","title":{"rendered":"Scoot&amp;Ride My First 3v1 &#8211; Sand"},"content":{"rendered":"<p>[vc_row][vc_column][vc_column_text]<\/p>\n<div class=\"short-description froala-content no-specs\">\n<p>Scoot&amp;Ride My Fisrt 3v1 je otro\u0161ka hojica\/igra\u010da\/poganjal\u010dek, na kateri se lahko mal\u010dek tudi vozi, poganja ali potiska. Izdelan iz posebnega izredno lahkega in obenem mehkega materiala, ki ne po\u0161koduje pohi\u0161tva in tal. Vgrajen je tudi prostor za shranjevanje, kamor lahko pospravimo igra\u010dke.<\/p>\n<h3 dir=\"ltr\" data-placeholder=\"Prevod\">Lastnosti Scoot&amp;Ride My First 3v1:<\/h3>\n<ul>\n<li dir=\"ltr\" data-placeholder=\"Prevod\"><span lang=\"sl\">Primerno za starost: 6m+<\/span><\/li>\n<li dir=\"ltr\" data-placeholder=\"Prevod\"><span lang=\"sl\">Najve\u010dja dovoljena te\u017ea (obremenitev): 20 kg<\/span><\/li>\n<li dir=\"ltr\" data-placeholder=\"Prevod\"><span lang=\"sl\">Materia: PVC free, BPA free, narejeno iz EPP, ki se ga lahko reciklira<\/span><\/li>\n<li dir=\"ltr\" data-placeholder=\"Prevod\"><span lang=\"sl\">3v1: hojica, poganjal\u010dek, deska za vo\u017enjo<\/span><\/li>\n<li dir=\"ltr\" data-placeholder=\"Prevod\"><span lang=\"sl\">Kolesa: 2x 360\u00b0 sprednja vrtljiva kolesa (38 mm) + 2x zadnja kolesa (38 mm) <\/span>&#8211; ki ne pu\u0161\u010dajo sledi na tleh<\/li>\n<li dir=\"ltr\" data-placeholder=\"Prevod\">Te\u017ea izdelka: 0,84 kg<\/li>\n<li dir=\"ltr\" data-placeholder=\"Prevod\"><span lang=\"sl\">Standardi: CE, EN71, ASTM F963<\/span><\/li>\n<\/ul>\n<\/div>\n<p>[\/vc_column_text][\/vc_column][\/vc_row]<\/p>\n","protected":false},"excerpt":{"rendered":"<p>Scoot&amp;Ride My First je edinstven otro\u0161ki pripomo\u010dek za u\u010denje hoje 3v1, ki je namenjen otrokom od 6 meseca starosti dalje. Va\u0161 mal\u010dek ga bo lahko potiskal in se kasneje z njim poganjal. Izdelan je iz mehkega materiala EPP katerega uporabljajo tudi pri proizvodnji avtosede\u017eev (in se ga lahko tudi reciklira), ki absorbira udarce in je varen za otroka in pohi\u0161tvo. Kolesa so izdelana tako, da ne pustijo sledi na tleh.<\/p>\n","protected":false},"featured_media":44297,"template":"","meta":[],"pwb-brand":[2452,2409,2428,2465],"product_brand":[],"product_cat":[2441,2610,2711,2362,2406],"product_tag":[5132,4491],"class_list":{"0":"post-44280","1":"product","2":"type-product","3":"status-publish","4":"has-post-thumbnail","6":"pwb-brand-igranje","7":"pwb-brand-potepanje","8":"pwb-brand-scootride","9":"pwb-brand-scootride-igranje","10":"product_cat-aktivnostne-igrace","11":"product_cat-darila","12":"product_cat-darilo-ob-rojstvu","13":"product_cat-igranje","14":"product_cat-otroski-skiroji-in-poganjalci","15":"product_tag-my-first-3v1","16":"product_tag-scootride","18":"first","19":"outofstock","20":"taxable","21":"shipping-taxable","22":"purchasable","23":"product-type-simple","24":"add-to-wishlist-before_image"},"yoast_head":"<!-- This site is optimized with the Yoast SEO plugin v27.3 - https:\/\/yoast.com\/product\/yoast-seo-wordpress\/ -->\n<title>Scoot&amp;Ride My First 3v1 - Sand | Ajatutaja<\/title>\n<meta name=\"description\" content=\"Scoot&amp;Ride My Fisrt 3v1 je otro\u0161ka hojica\/igra\u010da\/poganjal\u010dek, na kateri se lahko mal\u010dek tudi vozi, poganja ali potiska. Izdelan iz posebnega izredno lahkega in obenem mehkega materiala, ki ne po\u0161koduje pohi\u0161tva in tal.\" \/>\n<meta name=\"robots\" content=\"index, follow, max-snippet:-1, max-image-preview:large, max-video-preview:-1\" \/>\n<link rel=\"canonical\" href=\"https:\/\/ajatutaja.com\/izdelek\/scootride-my-first-3v1-sand\/\" \/>\n<meta property=\"og:locale\" content=\"hr_HR\" \/>\n<meta property=\"og:type\" content=\"article\" \/>\n<meta property=\"og:title\" content=\"Scoot&amp;Ride My First 3v1 - Sand | Ajatutaja\" \/>\n<meta property=\"og:description\" content=\"Scoot&amp;Ride My Fisrt 3v1 je otro\u0161ka hojica\/igra\u010da\/poganjal\u010dek, na kateri se lahko mal\u010dek tudi vozi, poganja ali potiska. Izdelan iz posebnega izredno lahkega in obenem mehkega materiala, ki ne po\u0161koduje pohi\u0161tva in tal.\" \/>\n<meta property=\"og:url\" content=\"https:\/\/ajatutaja.com\/izdelek\/scootride-my-first-3v1-sand\/\" \/>\n<meta property=\"og:site_name\" content=\"Ajatutaja\" \/>\n<meta property=\"article:modified_time\" content=\"2026-02-10T09:12:52+00:00\" \/>\n<meta property=\"og:image\" content=\"https:\/\/ajatutaja.com\/wp-content\/uploads\/2023\/03\/scoot-and-ride-scoot-and-ride-myfirst-sand.webp\" \/>\n\t<meta property=\"og:image:width\" content=\"600\" \/>\n\t<meta property=\"og:image:height\" content=\"800\" \/>\n\t<meta property=\"og:image:type\" content=\"image\/webp\" \/>\n<meta name=\"twitter:card\" content=\"summary_large_image\" \/>\n<meta name=\"twitter:label1\" content=\"Procijenjeno vrijeme \u010ditanja\" \/>\n\t<meta name=\"twitter:data1\" content=\"1 minuta\" \/>\n<script type=\"application\/ld+json\" class=\"yoast-schema-graph\">{\"@context\":\"https:\\\/\\\/schema.org\",\"@graph\":[{\"@type\":\"WebPage\",\"@id\":\"https:\\\/\\\/ajatutaja.com\\\/izdelek\\\/scootride-my-first-3v1-sand\\\/\",\"url\":\"https:\\\/\\\/ajatutaja.com\\\/izdelek\\\/scootride-my-first-3v1-sand\\\/\",\"name\":\"Scoot&amp;Ride My First 3v1 - Sand | Ajatutaja\",\"isPartOf\":{\"@id\":\"https:\\\/\\\/ajatutaja.com\\\/#website\"},\"primaryImageOfPage\":{\"@id\":\"https:\\\/\\\/ajatutaja.com\\\/izdelek\\\/scootride-my-first-3v1-sand\\\/#primaryimage\"},\"image\":{\"@id\":\"https:\\\/\\\/ajatutaja.com\\\/izdelek\\\/scootride-my-first-3v1-sand\\\/#primaryimage\"},\"thumbnailUrl\":\"https:\\\/\\\/ajatutaja.com\\\/wp-content\\\/uploads\\\/2023\\\/03\\\/scoot-and-ride-scoot-and-ride-myfirst-sand.webp\",\"datePublished\":\"2023-03-04T15:46:50+00:00\",\"dateModified\":\"2026-02-10T09:12:52+00:00\",\"description\":\"Scoot&Ride My Fisrt 3v1 je otro\u0161ka hojica\\\/igra\u010da\\\/poganjal\u010dek, na kateri se lahko mal\u010dek tudi vozi, poganja ali potiska. Izdelan iz posebnega izredno lahkega in obenem mehkega materiala, ki ne po\u0161koduje pohi\u0161tva in tal.\",\"breadcrumb\":{\"@id\":\"https:\\\/\\\/ajatutaja.com\\\/izdelek\\\/scootride-my-first-3v1-sand\\\/#breadcrumb\"},\"inLanguage\":\"hr\",\"potentialAction\":[{\"@type\":\"ReadAction\",\"target\":[\"https:\\\/\\\/ajatutaja.com\\\/izdelek\\\/scootride-my-first-3v1-sand\\\/\"]}]},{\"@type\":\"ImageObject\",\"inLanguage\":\"hr\",\"@id\":\"https:\\\/\\\/ajatutaja.com\\\/izdelek\\\/scootride-my-first-3v1-sand\\\/#primaryimage\",\"url\":\"https:\\\/\\\/ajatutaja.com\\\/wp-content\\\/uploads\\\/2023\\\/03\\\/scoot-and-ride-scoot-and-ride-myfirst-sand.webp\",\"contentUrl\":\"https:\\\/\\\/ajatutaja.com\\\/wp-content\\\/uploads\\\/2023\\\/03\\\/scoot-and-ride-scoot-and-ride-myfirst-sand.webp\",\"width\":600,\"height\":800},{\"@type\":\"BreadcrumbList\",\"@id\":\"https:\\\/\\\/ajatutaja.com\\\/izdelek\\\/scootride-my-first-3v1-sand\\\/#breadcrumb\",\"itemListElement\":[{\"@type\":\"ListItem\",\"position\":1,\"name\":\"Home\",\"item\":\"https:\\\/\\\/ajatutaja.com\\\/hr\\\/\"},{\"@type\":\"ListItem\",\"position\":2,\"name\":\"Trgovina\",\"item\":\"https:\\\/\\\/ajatutaja.com\\\/hr\\\/trgovina\\\/\"},{\"@type\":\"ListItem\",\"position\":3,\"name\":\"Scoot&amp;Ride My First 3v1 &#8211; Sand\"}]},{\"@type\":\"WebSite\",\"@id\":\"https:\\\/\\\/ajatutaja.com\\\/#website\",\"url\":\"https:\\\/\\\/ajatutaja.com\\\/\",\"name\":\"Ajatutaja\",\"description\":\"Otro\u0161ka spletna trgovina AJATUTAJA\",\"publisher\":{\"@id\":\"https:\\\/\\\/ajatutaja.com\\\/#organization\"},\"potentialAction\":[{\"@type\":\"SearchAction\",\"target\":{\"@type\":\"EntryPoint\",\"urlTemplate\":\"https:\\\/\\\/ajatutaja.com\\\/?s={search_term_string}\"},\"query-input\":{\"@type\":\"PropertyValueSpecification\",\"valueRequired\":true,\"valueName\":\"search_term_string\"}}],\"inLanguage\":\"hr\"},{\"@type\":\"Organization\",\"@id\":\"https:\\\/\\\/ajatutaja.com\\\/#organization\",\"name\":\"Ajatutaja\",\"url\":\"https:\\\/\\\/ajatutaja.com\\\/\",\"logo\":{\"@type\":\"ImageObject\",\"inLanguage\":\"hr\",\"@id\":\"https:\\\/\\\/ajatutaja.com\\\/#\\\/schema\\\/logo\\\/image\\\/\",\"url\":\"https:\\\/\\\/ajatutaja.com\\\/wp-content\\\/uploads\\\/2021\\\/10\\\/logo.png\",\"contentUrl\":\"https:\\\/\\\/ajatutaja.com\\\/wp-content\\\/uploads\\\/2021\\\/10\\\/logo.png\",\"width\":555,\"height\":150,\"caption\":\"Ajatutaja\"},\"image\":{\"@id\":\"https:\\\/\\\/ajatutaja.com\\\/#\\\/schema\\\/logo\\\/image\\\/\"}}]}<\/script>\n<!-- \/ Yoast SEO plugin. -->","yoast_head_json":{"title":"Scoot&amp;Ride My First 3v1 - Sand | Ajatutaja","description":"Scoot&Ride My Fisrt 3v1 je otro\u0161ka hojica\/igra\u010da\/poganjal\u010dek, na kateri se lahko mal\u010dek tudi vozi, poganja ali potiska. Izdelan iz posebnega izredno lahkega in obenem mehkega materiala, ki ne po\u0161koduje pohi\u0161tva in tal.","robots":{"index":"index","follow":"follow","max-snippet":"max-snippet:-1","max-image-preview":"max-image-preview:large","max-video-preview":"max-video-preview:-1"},"canonical":"https:\/\/ajatutaja.com\/izdelek\/scootride-my-first-3v1-sand\/","og_locale":"hr_HR","og_type":"article","og_title":"Scoot&amp;Ride My First 3v1 - Sand | Ajatutaja","og_description":"Scoot&Ride My Fisrt 3v1 je otro\u0161ka hojica\/igra\u010da\/poganjal\u010dek, na kateri se lahko mal\u010dek tudi vozi, poganja ali potiska. Izdelan iz posebnega izredno lahkega in obenem mehkega materiala, ki ne po\u0161koduje pohi\u0161tva in tal.","og_url":"https:\/\/ajatutaja.com\/izdelek\/scootride-my-first-3v1-sand\/","og_site_name":"Ajatutaja","article_modified_time":"2026-02-10T09:12:52+00:00","og_image":[{"width":600,"height":800,"url":"https:\/\/ajatutaja.com\/wp-content\/uploads\/2023\/03\/scoot-and-ride-scoot-and-ride-myfirst-sand.webp","type":"image\/webp"}],"twitter_card":"summary_large_image","twitter_misc":{"Procijenjeno vrijeme \u010ditanja":"1 minuta"},"schema":{"@context":"https:\/\/schema.org","@graph":[{"@type":"WebPage","@id":"https:\/\/ajatutaja.com\/izdelek\/scootride-my-first-3v1-sand\/","url":"https:\/\/ajatutaja.com\/izdelek\/scootride-my-first-3v1-sand\/","name":"Scoot&amp;Ride My First 3v1 - Sand | Ajatutaja","isPartOf":{"@id":"https:\/\/ajatutaja.com\/#website"},"primaryImageOfPage":{"@id":"https:\/\/ajatutaja.com\/izdelek\/scootride-my-first-3v1-sand\/#primaryimage"},"image":{"@id":"https:\/\/ajatutaja.com\/izdelek\/scootride-my-first-3v1-sand\/#primaryimage"},"thumbnailUrl":"https:\/\/ajatutaja.com\/wp-content\/uploads\/2023\/03\/scoot-and-ride-scoot-and-ride-myfirst-sand.webp","datePublished":"2023-03-04T15:46:50+00:00","dateModified":"2026-02-10T09:12:52+00:00","description":"Scoot&Ride My Fisrt 3v1 je otro\u0161ka hojica\/igra\u010da\/poganjal\u010dek, na kateri se lahko mal\u010dek tudi vozi, poganja ali potiska. Izdelan iz posebnega izredno lahkega in obenem mehkega materiala, ki ne po\u0161koduje pohi\u0161tva in tal.","breadcrumb":{"@id":"https:\/\/ajatutaja.com\/izdelek\/scootride-my-first-3v1-sand\/#breadcrumb"},"inLanguage":"hr","potentialAction":[{"@type":"ReadAction","target":["https:\/\/ajatutaja.com\/izdelek\/scootride-my-first-3v1-sand\/"]}]},{"@type":"ImageObject","inLanguage":"hr","@id":"https:\/\/ajatutaja.com\/izdelek\/scootride-my-first-3v1-sand\/#primaryimage","url":"https:\/\/ajatutaja.com\/wp-content\/uploads\/2023\/03\/scoot-and-ride-scoot-and-ride-myfirst-sand.webp","contentUrl":"https:\/\/ajatutaja.com\/wp-content\/uploads\/2023\/03\/scoot-and-ride-scoot-and-ride-myfirst-sand.webp","width":600,"height":800},{"@type":"BreadcrumbList","@id":"https:\/\/ajatutaja.com\/izdelek\/scootride-my-first-3v1-sand\/#breadcrumb","itemListElement":[{"@type":"ListItem","position":1,"name":"Home","item":"https:\/\/ajatutaja.com\/hr\/"},{"@type":"ListItem","position":2,"name":"Trgovina","item":"https:\/\/ajatutaja.com\/hr\/trgovina\/"},{"@type":"ListItem","position":3,"name":"Scoot&amp;Ride My First 3v1 &#8211; Sand"}]},{"@type":"WebSite","@id":"https:\/\/ajatutaja.com\/#website","url":"https:\/\/ajatutaja.com\/","name":"Ajatutaja","description":"Otro\u0161ka spletna trgovina AJATUTAJA","publisher":{"@id":"https:\/\/ajatutaja.com\/#organization"},"potentialAction":[{"@type":"SearchAction","target":{"@type":"EntryPoint","urlTemplate":"https:\/\/ajatutaja.com\/?s={search_term_string}"},"query-input":{"@type":"PropertyValueSpecification","valueRequired":true,"valueName":"search_term_string"}}],"inLanguage":"hr"},{"@type":"Organization","@id":"https:\/\/ajatutaja.com\/#organization","name":"Ajatutaja","url":"https:\/\/ajatutaja.com\/","logo":{"@type":"ImageObject","inLanguage":"hr","@id":"https:\/\/ajatutaja.com\/#\/schema\/logo\/image\/","url":"https:\/\/ajatutaja.com\/wp-content\/uploads\/2021\/10\/logo.png","contentUrl":"https:\/\/ajatutaja.com\/wp-content\/uploads\/2021\/10\/logo.png","width":555,"height":150,"caption":"Ajatutaja"},"image":{"@id":"https:\/\/ajatutaja.com\/#\/schema\/logo\/image\/"}}]}},"brands":[{"id":2452,"name":"Igranje","slug":"igranje"},{"id":2409,"name":"Potepanje","slug":"potepanje"},{"id":2428,"name":"Scoot&amp;Ride","slug":"scootride"},{"id":2465,"name":"Scoot&amp;Ride","slug":"scootride-igranje"}],"_links":{"self":[{"href":"https:\/\/ajatutaja.com\/hr\/wp-json\/wp\/v2\/product\/44280","targetHints":{"allow":["GET"]}}],"collection":[{"href":"https:\/\/ajatutaja.com\/hr\/wp-json\/wp\/v2\/product"}],"about":[{"href":"https:\/\/ajatutaja.com\/hr\/wp-json\/wp\/v2\/types\/product"}],"wp:featuredmedia":[{"embeddable":true,"href":"https:\/\/ajatutaja.com\/hr\/wp-json\/wp\/v2\/media\/44297"}],"wp:attachment":[{"href":"https:\/\/ajatutaja.com\/hr\/wp-json\/wp\/v2\/media?parent=44280"}],"wp:term":[{"taxonomy":"pwb-brand","embeddable":true,"href":"https:\/\/ajatutaja.com\/hr\/wp-json\/wp\/v2\/pwb-brand?post=44280"},{"taxonomy":"product_brand","embeddable":true,"href":"https:\/\/ajatutaja.com\/hr\/wp-json\/wp\/v2\/product_brand?post=44280"},{"taxonomy":"product_cat","embeddable":true,"href":"https:\/\/ajatutaja.com\/hr\/wp-json\/wp\/v2\/product_cat?post=44280"},{"taxonomy":"product_tag","embeddable":true,"href":"https:\/\/ajatutaja.com\/hr\/wp-json\/wp\/v2\/product_tag?post=44280"}],"curies":[{"name":"wp","href":"https:\/\/api.w.org\/{rel}","templated":true}]}}