{"id":43826,"date":"2024-11-13T17:50:16","date_gmt":"2024-11-13T16:50:16","guid":{"rendered":"https:\/\/ajatutaja.com\/?post_type=product&#038;p=43826"},"modified":"2026-04-16T16:32:48","modified_gmt":"2026-04-16T14:32:48","slug":"aktivnostni-leseni-vozicek-za-ucenje-hoje-little-dutch-flowers-butterflies","status":"publish","type":"product","link":"https:\/\/ajatutaja.com\/hr\/proizvod\/aktivnostni-leseni-vozicek-za-ucenje-hoje-little-dutch-flowers-butterflies\/","title":{"rendered":"Aktivnostni leseni vozi\u010dek za u\u010denje hoje Little Dutch &#8211; Fairy Garden"},"content":{"rendered":"<p>[vc_row][vc_column][vc_column_text]\u010cudovit aktivnostni vozi\u010dek Little Dutch, poimenovan tudi sprehajalec, ponuja \u0161tevilne zahtevne dejavnosti v podporo razvoju motori\u010dnih sposobnosti va\u0161ega otroka od enega leta dalje. Oglejte si, kako se svetloba odbija, \u010de ogledalo zavrtite! Ali pa poskusite obrniti kolo, da vidite, kako se hro\u0161\u010di vrtijo naokrog! Izzovite svojega otroka s \u0161tevilnimi zanimivimi aktivnostmi, ki jih ponuja ta aktivnostni lesen vozi\u010dek. Na njem najdete 8 dejavnosti za raziskovanje. Obenem spodbuja otroka za samostojno hojo in nudi odli\u010dno oporo pri prvih korakih. Gumijaste obrobe na kolesih ne bodo pustile sledi na tleh in so varna za uporabo v notranjosti.<\/p>\n<h3>Aktivnostni leseni vozi\u010dek za u\u010denje hoje Little Dutch ima naslednje lastnosti:<\/h3>\n<ul>\n<li>Z lesenim vozi\u010dkom Little Dutch se mal\u010dek lahko igra, u\u010di in tudi shodi!<\/li>\n<li>Dimenzija: 32,5 x 35,5 x 49 cm<\/li>\n<li>Material: Les, barve na vodni osnovi<\/li>\n<li>Starost otroka: 12m+<\/li>\n<li>Vklju\u010dena navodila za sestavljanje<\/li>\n<li>\u010cistite z vla\u017eno krpo in blagim milom. Ne potapljajte v vodo. Pustite, da se posu\u0161i na zraku.<\/li>\n<li>Varno za otroke &#8211; izdelek je skladen z evropsko uredbo REACH in evropsko direktivo EN-71.<\/li>\n<li><strong>Opozorilo! <\/strong>Uporabljati le pod nadzorom odraslih.<\/li>\n<li><\/li>\n<\/ul>\n<p>[\/vc_column_text][\/vc_column][\/vc_row]<\/p>\n","protected":false},"excerpt":{"rendered":"<div class=\"woocommerce-product-details__short-description\">\n<p>Z lesenim vozi\u010dkom Little Dutch se va\u0161 mal\u010dek lahko igra, u\u010di in hodi! Poimenovan tudi sprehajalec, ponuja \u0161tevilne zahtevne dejavnosti v podporo razvoju motori\u010dnih sposobnosti va\u0161ega otroka. Ta lesen ve\u010dnamenski vozi\u010dek v ro\u017enati barvi iz kolekcije Fairy Garden, je odli\u010dna izbira za darilo enoletnici!<\/p>\n<\/div>\n","protected":false},"featured_media":70524,"template":"","meta":[],"pwb-brand":[2452,2457],"product_brand":[],"product_cat":[3989,2441,5072,2610,2713,2362],"product_tag":[5070,5614,4002],"class_list":{"0":"post-43826","1":"product","2":"type-product","3":"status-publish","4":"has-post-thumbnail","6":"pwb-brand-igranje","7":"pwb-brand-little-dutch-igra","8":"product_cat-12-mesecev-igrace","9":"product_cat-aktivnostne-igrace","10":"product_cat-bozicna-darila","11":"product_cat-darila","12":"product_cat-darilo-za-deklico","13":"product_cat-igranje","14":"product_tag-babywalker","15":"product_tag-fairy-garden","16":"product_tag-little-dutch","18":"first","19":"instock","20":"taxable","21":"shipping-taxable","22":"purchasable","23":"product-type-simple","24":"add-to-wishlist-before_image"},"yoast_head":"<!-- This site is optimized with the Yoast SEO plugin v27.3 - https:\/\/yoast.com\/product\/yoast-seo-wordpress\/ -->\n<title>Aktivnostni leseni vozi\u010dek za u\u010denje hoje Little Dutch - Fairy Garden | Ajatutaja<\/title>\n<meta name=\"description\" content=\"Lesen aktivnostni vozi\u010dek za u\u010denje hoje Little Dutch v ro\u017enati barvi iz kolekcije Fairy Garden, je odli\u010dna izbira za darilo enoletnici!\" \/>\n<meta name=\"robots\" content=\"index, follow, max-snippet:-1, max-image-preview:large, max-video-preview:-1\" \/>\n<link rel=\"canonical\" href=\"https:\/\/ajatutaja.com\/izdelek\/aktivnostni-leseni-vozicek-za-ucenje-hoje-little-dutch-flowers-butterflies\/\" \/>\n<meta property=\"og:locale\" content=\"hr_HR\" \/>\n<meta property=\"og:type\" content=\"article\" \/>\n<meta property=\"og:title\" content=\"Aktivnostni leseni vozi\u010dek za u\u010denje hoje Little Dutch - Fairy Garden | Ajatutaja\" \/>\n<meta property=\"og:description\" content=\"Lesen aktivnostni vozi\u010dek za u\u010denje hoje Little Dutch v ro\u017enati barvi iz kolekcije Fairy Garden, je odli\u010dna izbira za darilo enoletnici!\" \/>\n<meta property=\"og:url\" content=\"https:\/\/ajatutaja.com\/izdelek\/aktivnostni-leseni-vozicek-za-ucenje-hoje-little-dutch-flowers-butterflies\/\" \/>\n<meta property=\"og:site_name\" content=\"Ajatutaja\" \/>\n<meta property=\"article:modified_time\" content=\"2026-04-16T14:32:48+00:00\" \/>\n<meta property=\"og:image\" content=\"https:\/\/ajatutaja.com\/wp-content\/uploads\/2023\/02\/little-dutch-aktivnostni-leseni-vozicek-fairy-garden-1.jpeg\" \/>\n\t<meta property=\"og:image:width\" content=\"1300\" \/>\n\t<meta property=\"og:image:height\" content=\"1300\" \/>\n\t<meta property=\"og:image:type\" content=\"image\/jpeg\" \/>\n<meta name=\"twitter:card\" content=\"summary_large_image\" \/>\n<meta name=\"twitter:label1\" content=\"Procijenjeno vrijeme \u010ditanja\" \/>\n\t<meta name=\"twitter:data1\" content=\"1 minuta\" \/>\n<script type=\"application\/ld+json\" class=\"yoast-schema-graph\">{\"@context\":\"https:\\\/\\\/schema.org\",\"@graph\":[{\"@type\":\"WebPage\",\"@id\":\"https:\\\/\\\/ajatutaja.com\\\/izdelek\\\/aktivnostni-leseni-vozicek-za-ucenje-hoje-little-dutch-flowers-butterflies\\\/\",\"url\":\"https:\\\/\\\/ajatutaja.com\\\/izdelek\\\/aktivnostni-leseni-vozicek-za-ucenje-hoje-little-dutch-flowers-butterflies\\\/\",\"name\":\"Aktivnostni leseni vozi\u010dek za u\u010denje hoje Little Dutch - Fairy Garden | Ajatutaja\",\"isPartOf\":{\"@id\":\"https:\\\/\\\/ajatutaja.com\\\/#website\"},\"primaryImageOfPage\":{\"@id\":\"https:\\\/\\\/ajatutaja.com\\\/izdelek\\\/aktivnostni-leseni-vozicek-za-ucenje-hoje-little-dutch-flowers-butterflies\\\/#primaryimage\"},\"image\":{\"@id\":\"https:\\\/\\\/ajatutaja.com\\\/izdelek\\\/aktivnostni-leseni-vozicek-za-ucenje-hoje-little-dutch-flowers-butterflies\\\/#primaryimage\"},\"thumbnailUrl\":\"https:\\\/\\\/ajatutaja.com\\\/wp-content\\\/uploads\\\/2023\\\/02\\\/little-dutch-aktivnostni-leseni-vozicek-fairy-garden-1.jpeg\",\"datePublished\":\"2024-11-13T16:50:16+00:00\",\"dateModified\":\"2026-04-16T14:32:48+00:00\",\"description\":\"Lesen aktivnostni vozi\u010dek za u\u010denje hoje Little Dutch v ro\u017enati barvi iz kolekcije Fairy Garden, je odli\u010dna izbira za darilo enoletnici!\",\"breadcrumb\":{\"@id\":\"https:\\\/\\\/ajatutaja.com\\\/izdelek\\\/aktivnostni-leseni-vozicek-za-ucenje-hoje-little-dutch-flowers-butterflies\\\/#breadcrumb\"},\"inLanguage\":\"hr\",\"potentialAction\":[{\"@type\":\"ReadAction\",\"target\":[\"https:\\\/\\\/ajatutaja.com\\\/izdelek\\\/aktivnostni-leseni-vozicek-za-ucenje-hoje-little-dutch-flowers-butterflies\\\/\"]}]},{\"@type\":\"ImageObject\",\"inLanguage\":\"hr\",\"@id\":\"https:\\\/\\\/ajatutaja.com\\\/izdelek\\\/aktivnostni-leseni-vozicek-za-ucenje-hoje-little-dutch-flowers-butterflies\\\/#primaryimage\",\"url\":\"https:\\\/\\\/ajatutaja.com\\\/wp-content\\\/uploads\\\/2023\\\/02\\\/little-dutch-aktivnostni-leseni-vozicek-fairy-garden-1.jpeg\",\"contentUrl\":\"https:\\\/\\\/ajatutaja.com\\\/wp-content\\\/uploads\\\/2023\\\/02\\\/little-dutch-aktivnostni-leseni-vozicek-fairy-garden-1.jpeg\",\"width\":1300,\"height\":1300},{\"@type\":\"BreadcrumbList\",\"@id\":\"https:\\\/\\\/ajatutaja.com\\\/izdelek\\\/aktivnostni-leseni-vozicek-za-ucenje-hoje-little-dutch-flowers-butterflies\\\/#breadcrumb\",\"itemListElement\":[{\"@type\":\"ListItem\",\"position\":1,\"name\":\"Home\",\"item\":\"https:\\\/\\\/ajatutaja.com\\\/hr\\\/\"},{\"@type\":\"ListItem\",\"position\":2,\"name\":\"Trgovina\",\"item\":\"https:\\\/\\\/ajatutaja.com\\\/hr\\\/trgovina\\\/\"},{\"@type\":\"ListItem\",\"position\":3,\"name\":\"Aktivnostni leseni vozi\u010dek za u\u010denje hoje Little Dutch &#8211; Fairy Garden\"}]},{\"@type\":\"WebSite\",\"@id\":\"https:\\\/\\\/ajatutaja.com\\\/#website\",\"url\":\"https:\\\/\\\/ajatutaja.com\\\/\",\"name\":\"Ajatutaja\",\"description\":\"Otro\u0161ka spletna trgovina AJATUTAJA\",\"publisher\":{\"@id\":\"https:\\\/\\\/ajatutaja.com\\\/#organization\"},\"potentialAction\":[{\"@type\":\"SearchAction\",\"target\":{\"@type\":\"EntryPoint\",\"urlTemplate\":\"https:\\\/\\\/ajatutaja.com\\\/?s={search_term_string}\"},\"query-input\":{\"@type\":\"PropertyValueSpecification\",\"valueRequired\":true,\"valueName\":\"search_term_string\"}}],\"inLanguage\":\"hr\"},{\"@type\":\"Organization\",\"@id\":\"https:\\\/\\\/ajatutaja.com\\\/#organization\",\"name\":\"Ajatutaja\",\"url\":\"https:\\\/\\\/ajatutaja.com\\\/\",\"logo\":{\"@type\":\"ImageObject\",\"inLanguage\":\"hr\",\"@id\":\"https:\\\/\\\/ajatutaja.com\\\/#\\\/schema\\\/logo\\\/image\\\/\",\"url\":\"https:\\\/\\\/ajatutaja.com\\\/wp-content\\\/uploads\\\/2021\\\/10\\\/logo.png\",\"contentUrl\":\"https:\\\/\\\/ajatutaja.com\\\/wp-content\\\/uploads\\\/2021\\\/10\\\/logo.png\",\"width\":555,\"height\":150,\"caption\":\"Ajatutaja\"},\"image\":{\"@id\":\"https:\\\/\\\/ajatutaja.com\\\/#\\\/schema\\\/logo\\\/image\\\/\"}}]}<\/script>\n<!-- \/ Yoast SEO plugin. -->","yoast_head_json":{"title":"Aktivnostni leseni vozi\u010dek za u\u010denje hoje Little Dutch - Fairy Garden | Ajatutaja","description":"Lesen aktivnostni vozi\u010dek za u\u010denje hoje Little Dutch v ro\u017enati barvi iz kolekcije Fairy Garden, je odli\u010dna izbira za darilo enoletnici!","robots":{"index":"index","follow":"follow","max-snippet":"max-snippet:-1","max-image-preview":"max-image-preview:large","max-video-preview":"max-video-preview:-1"},"canonical":"https:\/\/ajatutaja.com\/izdelek\/aktivnostni-leseni-vozicek-za-ucenje-hoje-little-dutch-flowers-butterflies\/","og_locale":"hr_HR","og_type":"article","og_title":"Aktivnostni leseni vozi\u010dek za u\u010denje hoje Little Dutch - Fairy Garden | Ajatutaja","og_description":"Lesen aktivnostni vozi\u010dek za u\u010denje hoje Little Dutch v ro\u017enati barvi iz kolekcije Fairy Garden, je odli\u010dna izbira za darilo enoletnici!","og_url":"https:\/\/ajatutaja.com\/izdelek\/aktivnostni-leseni-vozicek-za-ucenje-hoje-little-dutch-flowers-butterflies\/","og_site_name":"Ajatutaja","article_modified_time":"2026-04-16T14:32:48+00:00","og_image":[{"width":1300,"height":1300,"url":"https:\/\/ajatutaja.com\/wp-content\/uploads\/2023\/02\/little-dutch-aktivnostni-leseni-vozicek-fairy-garden-1.jpeg","type":"image\/jpeg"}],"twitter_card":"summary_large_image","twitter_misc":{"Procijenjeno vrijeme \u010ditanja":"1 minuta"},"schema":{"@context":"https:\/\/schema.org","@graph":[{"@type":"WebPage","@id":"https:\/\/ajatutaja.com\/izdelek\/aktivnostni-leseni-vozicek-za-ucenje-hoje-little-dutch-flowers-butterflies\/","url":"https:\/\/ajatutaja.com\/izdelek\/aktivnostni-leseni-vozicek-za-ucenje-hoje-little-dutch-flowers-butterflies\/","name":"Aktivnostni leseni vozi\u010dek za u\u010denje hoje Little Dutch - Fairy Garden | Ajatutaja","isPartOf":{"@id":"https:\/\/ajatutaja.com\/#website"},"primaryImageOfPage":{"@id":"https:\/\/ajatutaja.com\/izdelek\/aktivnostni-leseni-vozicek-za-ucenje-hoje-little-dutch-flowers-butterflies\/#primaryimage"},"image":{"@id":"https:\/\/ajatutaja.com\/izdelek\/aktivnostni-leseni-vozicek-za-ucenje-hoje-little-dutch-flowers-butterflies\/#primaryimage"},"thumbnailUrl":"https:\/\/ajatutaja.com\/wp-content\/uploads\/2023\/02\/little-dutch-aktivnostni-leseni-vozicek-fairy-garden-1.jpeg","datePublished":"2024-11-13T16:50:16+00:00","dateModified":"2026-04-16T14:32:48+00:00","description":"Lesen aktivnostni vozi\u010dek za u\u010denje hoje Little Dutch v ro\u017enati barvi iz kolekcije Fairy Garden, je odli\u010dna izbira za darilo enoletnici!","breadcrumb":{"@id":"https:\/\/ajatutaja.com\/izdelek\/aktivnostni-leseni-vozicek-za-ucenje-hoje-little-dutch-flowers-butterflies\/#breadcrumb"},"inLanguage":"hr","potentialAction":[{"@type":"ReadAction","target":["https:\/\/ajatutaja.com\/izdelek\/aktivnostni-leseni-vozicek-za-ucenje-hoje-little-dutch-flowers-butterflies\/"]}]},{"@type":"ImageObject","inLanguage":"hr","@id":"https:\/\/ajatutaja.com\/izdelek\/aktivnostni-leseni-vozicek-za-ucenje-hoje-little-dutch-flowers-butterflies\/#primaryimage","url":"https:\/\/ajatutaja.com\/wp-content\/uploads\/2023\/02\/little-dutch-aktivnostni-leseni-vozicek-fairy-garden-1.jpeg","contentUrl":"https:\/\/ajatutaja.com\/wp-content\/uploads\/2023\/02\/little-dutch-aktivnostni-leseni-vozicek-fairy-garden-1.jpeg","width":1300,"height":1300},{"@type":"BreadcrumbList","@id":"https:\/\/ajatutaja.com\/izdelek\/aktivnostni-leseni-vozicek-za-ucenje-hoje-little-dutch-flowers-butterflies\/#breadcrumb","itemListElement":[{"@type":"ListItem","position":1,"name":"Home","item":"https:\/\/ajatutaja.com\/hr\/"},{"@type":"ListItem","position":2,"name":"Trgovina","item":"https:\/\/ajatutaja.com\/hr\/trgovina\/"},{"@type":"ListItem","position":3,"name":"Aktivnostni leseni vozi\u010dek za u\u010denje hoje Little Dutch &#8211; Fairy Garden"}]},{"@type":"WebSite","@id":"https:\/\/ajatutaja.com\/#website","url":"https:\/\/ajatutaja.com\/","name":"Ajatutaja","description":"Otro\u0161ka spletna trgovina AJATUTAJA","publisher":{"@id":"https:\/\/ajatutaja.com\/#organization"},"potentialAction":[{"@type":"SearchAction","target":{"@type":"EntryPoint","urlTemplate":"https:\/\/ajatutaja.com\/?s={search_term_string}"},"query-input":{"@type":"PropertyValueSpecification","valueRequired":true,"valueName":"search_term_string"}}],"inLanguage":"hr"},{"@type":"Organization","@id":"https:\/\/ajatutaja.com\/#organization","name":"Ajatutaja","url":"https:\/\/ajatutaja.com\/","logo":{"@type":"ImageObject","inLanguage":"hr","@id":"https:\/\/ajatutaja.com\/#\/schema\/logo\/image\/","url":"https:\/\/ajatutaja.com\/wp-content\/uploads\/2021\/10\/logo.png","contentUrl":"https:\/\/ajatutaja.com\/wp-content\/uploads\/2021\/10\/logo.png","width":555,"height":150,"caption":"Ajatutaja"},"image":{"@id":"https:\/\/ajatutaja.com\/#\/schema\/logo\/image\/"}}]}},"brands":[{"id":2452,"name":"Igranje","slug":"igranje"},{"id":2457,"name":"Little Dutch","slug":"little-dutch-igra"}],"_links":{"self":[{"href":"https:\/\/ajatutaja.com\/hr\/wp-json\/wp\/v2\/product\/43826","targetHints":{"allow":["GET"]}}],"collection":[{"href":"https:\/\/ajatutaja.com\/hr\/wp-json\/wp\/v2\/product"}],"about":[{"href":"https:\/\/ajatutaja.com\/hr\/wp-json\/wp\/v2\/types\/product"}],"wp:featuredmedia":[{"embeddable":true,"href":"https:\/\/ajatutaja.com\/hr\/wp-json\/wp\/v2\/media\/70524"}],"wp:attachment":[{"href":"https:\/\/ajatutaja.com\/hr\/wp-json\/wp\/v2\/media?parent=43826"}],"wp:term":[{"taxonomy":"pwb-brand","embeddable":true,"href":"https:\/\/ajatutaja.com\/hr\/wp-json\/wp\/v2\/pwb-brand?post=43826"},{"taxonomy":"product_brand","embeddable":true,"href":"https:\/\/ajatutaja.com\/hr\/wp-json\/wp\/v2\/product_brand?post=43826"},{"taxonomy":"product_cat","embeddable":true,"href":"https:\/\/ajatutaja.com\/hr\/wp-json\/wp\/v2\/product_cat?post=43826"},{"taxonomy":"product_tag","embeddable":true,"href":"https:\/\/ajatutaja.com\/hr\/wp-json\/wp\/v2\/product_tag?post=43826"}],"curies":[{"name":"wp","href":"https:\/\/api.w.org\/{rel}","templated":true}]}}