{"id":43802,"date":"2025-09-01T11:47:43","date_gmt":"2025-09-01T09:47:43","guid":{"rendered":"https:\/\/ajatutaja.com\/?post_type=product&#038;p=43802"},"modified":"2025-12-05T13:13:23","modified_gmt":"2025-12-05T12:13:23","slug":"little-dutch-3-delni-jedilni-set-6m-fairy-garden","status":"publish","type":"product","link":"https:\/\/ajatutaja.com\/hr\/proizvod\/little-dutch-3-delni-jedilni-set-6m-fairy-garden\/","title":{"rendered":"Little Dutch 3-delni jedilni set (6m+) Fairy Garden"},"content":{"rendered":"<p>[vc_row][vc_column][vc_column_text]Otro\u0161ki 3-delni jedilni komplet Little Dutch Mepal vklju\u010duje vse, kar potrebuje va\u0161 mal\u010dek za prve jedilne podvige. Vsi kosi tega otro\u0161kega jedilnega seta so okra\u0161eni z ljubkimi ilustracijami v pastelnih barvah. Tako da vsi za mizo vedo, \u010digav je ta \u010dudovit otro\u0161ki set za hranjenje.<\/p>\n<h3>Lastnosti 3-delnega seta za hranjenje Little Dutch:<\/h3>\n<ul>\n<li>Set vklju\u010duje: Lon\u010dek za pitje 360\u00b0\/ Deljen kro\u017enik \/ \u017dli\u010dko<\/li>\n<li>Material: Polipropilen (PP), Silikon, Termoplasti\u010dni elastomer (TPE), Tritan<\/li>\n<li>Primerno za starost: 6m+<\/li>\n<li>PBA Free<\/li>\n<li>Vzdr\u017eevanje: Primerno za pomivanje v pomivalnem stroju<\/li>\n<\/ul>\n<p>[\/vc_column_text][\/vc_column][\/vc_row]<\/p>\n","protected":false},"excerpt":{"rendered":"<p style=\"text-align: justify\">Otro\u0161ki 3-delni set za hranjenje Little Dutch vklju\u010duje vse, kar potrebuje va\u0161 mal\u010dek za samostojno hranjenje. Komplet vklju\u010duje lon\u010dek 360\u00b0 za u\u010denje pitja, ki ne poliva, deljeni kro\u017enik z visoko dvignjenimi robovi, zaobljenimi vogali in protizdrsnim dnom ter seveda \u017elico za zajemanje in samostojno hranjenje.<\/p>\n","protected":false},"featured_media":83451,"template":"","meta":[],"pwb-brand":[2269,2457],"product_brand":[],"product_cat":[2716,2713,2266,2591],"product_tag":[5614,4002],"class_list":{"0":"post-43802","1":"product","2":"type-product","3":"status-publish","4":"has-post-thumbnail","6":"pwb-brand-hranjenje","7":"pwb-brand-little-dutch-igra","8":"product_cat-darilo-do-30e","9":"product_cat-darilo-za-deklico","10":"product_cat-hranjenje","11":"product_cat-jedilni-seti-za-otroke","12":"product_tag-fairy-garden","13":"product_tag-little-dutch","15":"first","16":"instock","17":"taxable","18":"shipping-taxable","19":"purchasable","20":"product-type-simple","21":"add-to-wishlist-before_image"},"yoast_head":"<!-- This site is optimized with the Yoast SEO plugin v27.3 - https:\/\/yoast.com\/product\/yoast-seo-wordpress\/ -->\n<title>Little Dutch 3-delni jedilni set (6m+) Fairy Garden | Ajatutaja<\/title>\n<meta name=\"description\" content=\"\u010cudovit 3-delni set za hranjenje Little Dutch vklju\u010duje vse, kar potrebuje va\u0161 mal\u010dek za samostojno hranjenje. Od 6 meseca starosti dalje.\" \/>\n<meta name=\"robots\" content=\"index, follow, max-snippet:-1, max-image-preview:large, max-video-preview:-1\" \/>\n<link rel=\"canonical\" href=\"https:\/\/ajatutaja.com\/izdelek\/little-dutch-3-delni-jedilni-set-6m-fairy-garden\/\" \/>\n<meta property=\"og:locale\" content=\"hr_HR\" \/>\n<meta property=\"og:type\" content=\"article\" \/>\n<meta property=\"og:title\" content=\"Little Dutch 3-delni jedilni set (6m+) Fairy Garden | Ajatutaja\" \/>\n<meta property=\"og:description\" content=\"\u010cudovit 3-delni set za hranjenje Little Dutch vklju\u010duje vse, kar potrebuje va\u0161 mal\u010dek za samostojno hranjenje. Od 6 meseca starosti dalje.\" \/>\n<meta property=\"og:url\" content=\"https:\/\/ajatutaja.com\/izdelek\/little-dutch-3-delni-jedilni-set-6m-fairy-garden\/\" \/>\n<meta property=\"og:site_name\" content=\"Ajatutaja\" \/>\n<meta property=\"article:modified_time\" content=\"2025-12-05T12:13:23+00:00\" \/>\n<meta property=\"og:image\" content=\"https:\/\/ajatutaja.com\/wp-content\/uploads\/2025\/12\/Little-Dutch-Mepal-set-za-hranjenje-Fairy-Garden-1.webp\" \/>\n\t<meta property=\"og:image:width\" content=\"2048\" \/>\n\t<meta property=\"og:image:height\" content=\"2047\" \/>\n\t<meta property=\"og:image:type\" content=\"image\/webp\" \/>\n<meta name=\"twitter:card\" content=\"summary_large_image\" \/>\n<meta name=\"twitter:label1\" content=\"Procijenjeno vrijeme \u010ditanja\" \/>\n\t<meta name=\"twitter:data1\" content=\"1 minuta\" \/>\n<script type=\"application\/ld+json\" class=\"yoast-schema-graph\">{\"@context\":\"https:\\\/\\\/schema.org\",\"@graph\":[{\"@type\":\"WebPage\",\"@id\":\"https:\\\/\\\/ajatutaja.com\\\/izdelek\\\/little-dutch-3-delni-jedilni-set-6m-fairy-garden\\\/\",\"url\":\"https:\\\/\\\/ajatutaja.com\\\/izdelek\\\/little-dutch-3-delni-jedilni-set-6m-fairy-garden\\\/\",\"name\":\"Little Dutch 3-delni jedilni set (6m+) Fairy Garden | Ajatutaja\",\"isPartOf\":{\"@id\":\"https:\\\/\\\/ajatutaja.com\\\/#website\"},\"primaryImageOfPage\":{\"@id\":\"https:\\\/\\\/ajatutaja.com\\\/izdelek\\\/little-dutch-3-delni-jedilni-set-6m-fairy-garden\\\/#primaryimage\"},\"image\":{\"@id\":\"https:\\\/\\\/ajatutaja.com\\\/izdelek\\\/little-dutch-3-delni-jedilni-set-6m-fairy-garden\\\/#primaryimage\"},\"thumbnailUrl\":\"https:\\\/\\\/ajatutaja.com\\\/wp-content\\\/uploads\\\/2025\\\/12\\\/Little-Dutch-Mepal-set-za-hranjenje-Fairy-Garden-1.webp\",\"datePublished\":\"2025-09-01T09:47:43+00:00\",\"dateModified\":\"2025-12-05T12:13:23+00:00\",\"description\":\"\u010cudovit 3-delni set za hranjenje Little Dutch vklju\u010duje vse, kar potrebuje va\u0161 mal\u010dek za samostojno hranjenje. Od 6 meseca starosti dalje.\",\"breadcrumb\":{\"@id\":\"https:\\\/\\\/ajatutaja.com\\\/izdelek\\\/little-dutch-3-delni-jedilni-set-6m-fairy-garden\\\/#breadcrumb\"},\"inLanguage\":\"hr\",\"potentialAction\":[{\"@type\":\"ReadAction\",\"target\":[\"https:\\\/\\\/ajatutaja.com\\\/izdelek\\\/little-dutch-3-delni-jedilni-set-6m-fairy-garden\\\/\"]}]},{\"@type\":\"ImageObject\",\"inLanguage\":\"hr\",\"@id\":\"https:\\\/\\\/ajatutaja.com\\\/izdelek\\\/little-dutch-3-delni-jedilni-set-6m-fairy-garden\\\/#primaryimage\",\"url\":\"https:\\\/\\\/ajatutaja.com\\\/wp-content\\\/uploads\\\/2025\\\/12\\\/Little-Dutch-Mepal-set-za-hranjenje-Fairy-Garden-1.webp\",\"contentUrl\":\"https:\\\/\\\/ajatutaja.com\\\/wp-content\\\/uploads\\\/2025\\\/12\\\/Little-Dutch-Mepal-set-za-hranjenje-Fairy-Garden-1.webp\",\"width\":2048,\"height\":2047},{\"@type\":\"BreadcrumbList\",\"@id\":\"https:\\\/\\\/ajatutaja.com\\\/izdelek\\\/little-dutch-3-delni-jedilni-set-6m-fairy-garden\\\/#breadcrumb\",\"itemListElement\":[{\"@type\":\"ListItem\",\"position\":1,\"name\":\"Home\",\"item\":\"https:\\\/\\\/ajatutaja.com\\\/hr\\\/\"},{\"@type\":\"ListItem\",\"position\":2,\"name\":\"Trgovina\",\"item\":\"https:\\\/\\\/ajatutaja.com\\\/hr\\\/trgovina\\\/\"},{\"@type\":\"ListItem\",\"position\":3,\"name\":\"Little Dutch 3-delni jedilni set (6m+) Fairy Garden\"}]},{\"@type\":\"WebSite\",\"@id\":\"https:\\\/\\\/ajatutaja.com\\\/#website\",\"url\":\"https:\\\/\\\/ajatutaja.com\\\/\",\"name\":\"Ajatutaja\",\"description\":\"Otro\u0161ka spletna trgovina AJATUTAJA\",\"publisher\":{\"@id\":\"https:\\\/\\\/ajatutaja.com\\\/#organization\"},\"potentialAction\":[{\"@type\":\"SearchAction\",\"target\":{\"@type\":\"EntryPoint\",\"urlTemplate\":\"https:\\\/\\\/ajatutaja.com\\\/?s={search_term_string}\"},\"query-input\":{\"@type\":\"PropertyValueSpecification\",\"valueRequired\":true,\"valueName\":\"search_term_string\"}}],\"inLanguage\":\"hr\"},{\"@type\":\"Organization\",\"@id\":\"https:\\\/\\\/ajatutaja.com\\\/#organization\",\"name\":\"Ajatutaja\",\"url\":\"https:\\\/\\\/ajatutaja.com\\\/\",\"logo\":{\"@type\":\"ImageObject\",\"inLanguage\":\"hr\",\"@id\":\"https:\\\/\\\/ajatutaja.com\\\/#\\\/schema\\\/logo\\\/image\\\/\",\"url\":\"https:\\\/\\\/ajatutaja.com\\\/wp-content\\\/uploads\\\/2021\\\/10\\\/logo.png\",\"contentUrl\":\"https:\\\/\\\/ajatutaja.com\\\/wp-content\\\/uploads\\\/2021\\\/10\\\/logo.png\",\"width\":555,\"height\":150,\"caption\":\"Ajatutaja\"},\"image\":{\"@id\":\"https:\\\/\\\/ajatutaja.com\\\/#\\\/schema\\\/logo\\\/image\\\/\"}}]}<\/script>\n<!-- \/ Yoast SEO plugin. -->","yoast_head_json":{"title":"Little Dutch 3-delni jedilni set (6m+) Fairy Garden | Ajatutaja","description":"\u010cudovit 3-delni set za hranjenje Little Dutch vklju\u010duje vse, kar potrebuje va\u0161 mal\u010dek za samostojno hranjenje. Od 6 meseca starosti dalje.","robots":{"index":"index","follow":"follow","max-snippet":"max-snippet:-1","max-image-preview":"max-image-preview:large","max-video-preview":"max-video-preview:-1"},"canonical":"https:\/\/ajatutaja.com\/izdelek\/little-dutch-3-delni-jedilni-set-6m-fairy-garden\/","og_locale":"hr_HR","og_type":"article","og_title":"Little Dutch 3-delni jedilni set (6m+) Fairy Garden | Ajatutaja","og_description":"\u010cudovit 3-delni set za hranjenje Little Dutch vklju\u010duje vse, kar potrebuje va\u0161 mal\u010dek za samostojno hranjenje. Od 6 meseca starosti dalje.","og_url":"https:\/\/ajatutaja.com\/izdelek\/little-dutch-3-delni-jedilni-set-6m-fairy-garden\/","og_site_name":"Ajatutaja","article_modified_time":"2025-12-05T12:13:23+00:00","og_image":[{"width":2048,"height":2047,"url":"https:\/\/ajatutaja.com\/wp-content\/uploads\/2025\/12\/Little-Dutch-Mepal-set-za-hranjenje-Fairy-Garden-1.webp","type":"image\/webp"}],"twitter_card":"summary_large_image","twitter_misc":{"Procijenjeno vrijeme \u010ditanja":"1 minuta"},"schema":{"@context":"https:\/\/schema.org","@graph":[{"@type":"WebPage","@id":"https:\/\/ajatutaja.com\/izdelek\/little-dutch-3-delni-jedilni-set-6m-fairy-garden\/","url":"https:\/\/ajatutaja.com\/izdelek\/little-dutch-3-delni-jedilni-set-6m-fairy-garden\/","name":"Little Dutch 3-delni jedilni set (6m+) Fairy Garden | Ajatutaja","isPartOf":{"@id":"https:\/\/ajatutaja.com\/#website"},"primaryImageOfPage":{"@id":"https:\/\/ajatutaja.com\/izdelek\/little-dutch-3-delni-jedilni-set-6m-fairy-garden\/#primaryimage"},"image":{"@id":"https:\/\/ajatutaja.com\/izdelek\/little-dutch-3-delni-jedilni-set-6m-fairy-garden\/#primaryimage"},"thumbnailUrl":"https:\/\/ajatutaja.com\/wp-content\/uploads\/2025\/12\/Little-Dutch-Mepal-set-za-hranjenje-Fairy-Garden-1.webp","datePublished":"2025-09-01T09:47:43+00:00","dateModified":"2025-12-05T12:13:23+00:00","description":"\u010cudovit 3-delni set za hranjenje Little Dutch vklju\u010duje vse, kar potrebuje va\u0161 mal\u010dek za samostojno hranjenje. Od 6 meseca starosti dalje.","breadcrumb":{"@id":"https:\/\/ajatutaja.com\/izdelek\/little-dutch-3-delni-jedilni-set-6m-fairy-garden\/#breadcrumb"},"inLanguage":"hr","potentialAction":[{"@type":"ReadAction","target":["https:\/\/ajatutaja.com\/izdelek\/little-dutch-3-delni-jedilni-set-6m-fairy-garden\/"]}]},{"@type":"ImageObject","inLanguage":"hr","@id":"https:\/\/ajatutaja.com\/izdelek\/little-dutch-3-delni-jedilni-set-6m-fairy-garden\/#primaryimage","url":"https:\/\/ajatutaja.com\/wp-content\/uploads\/2025\/12\/Little-Dutch-Mepal-set-za-hranjenje-Fairy-Garden-1.webp","contentUrl":"https:\/\/ajatutaja.com\/wp-content\/uploads\/2025\/12\/Little-Dutch-Mepal-set-za-hranjenje-Fairy-Garden-1.webp","width":2048,"height":2047},{"@type":"BreadcrumbList","@id":"https:\/\/ajatutaja.com\/izdelek\/little-dutch-3-delni-jedilni-set-6m-fairy-garden\/#breadcrumb","itemListElement":[{"@type":"ListItem","position":1,"name":"Home","item":"https:\/\/ajatutaja.com\/hr\/"},{"@type":"ListItem","position":2,"name":"Trgovina","item":"https:\/\/ajatutaja.com\/hr\/trgovina\/"},{"@type":"ListItem","position":3,"name":"Little Dutch 3-delni jedilni set (6m+) Fairy Garden"}]},{"@type":"WebSite","@id":"https:\/\/ajatutaja.com\/#website","url":"https:\/\/ajatutaja.com\/","name":"Ajatutaja","description":"Otro\u0161ka spletna trgovina AJATUTAJA","publisher":{"@id":"https:\/\/ajatutaja.com\/#organization"},"potentialAction":[{"@type":"SearchAction","target":{"@type":"EntryPoint","urlTemplate":"https:\/\/ajatutaja.com\/?s={search_term_string}"},"query-input":{"@type":"PropertyValueSpecification","valueRequired":true,"valueName":"search_term_string"}}],"inLanguage":"hr"},{"@type":"Organization","@id":"https:\/\/ajatutaja.com\/#organization","name":"Ajatutaja","url":"https:\/\/ajatutaja.com\/","logo":{"@type":"ImageObject","inLanguage":"hr","@id":"https:\/\/ajatutaja.com\/#\/schema\/logo\/image\/","url":"https:\/\/ajatutaja.com\/wp-content\/uploads\/2021\/10\/logo.png","contentUrl":"https:\/\/ajatutaja.com\/wp-content\/uploads\/2021\/10\/logo.png","width":555,"height":150,"caption":"Ajatutaja"},"image":{"@id":"https:\/\/ajatutaja.com\/#\/schema\/logo\/image\/"}}]}},"brands":[{"id":2269,"name":"Hranjenje","slug":"hranjenje"},{"id":2457,"name":"Little Dutch","slug":"little-dutch-igra"}],"_links":{"self":[{"href":"https:\/\/ajatutaja.com\/hr\/wp-json\/wp\/v2\/product\/43802","targetHints":{"allow":["GET"]}}],"collection":[{"href":"https:\/\/ajatutaja.com\/hr\/wp-json\/wp\/v2\/product"}],"about":[{"href":"https:\/\/ajatutaja.com\/hr\/wp-json\/wp\/v2\/types\/product"}],"wp:featuredmedia":[{"embeddable":true,"href":"https:\/\/ajatutaja.com\/hr\/wp-json\/wp\/v2\/media\/83451"}],"wp:attachment":[{"href":"https:\/\/ajatutaja.com\/hr\/wp-json\/wp\/v2\/media?parent=43802"}],"wp:term":[{"taxonomy":"pwb-brand","embeddable":true,"href":"https:\/\/ajatutaja.com\/hr\/wp-json\/wp\/v2\/pwb-brand?post=43802"},{"taxonomy":"product_brand","embeddable":true,"href":"https:\/\/ajatutaja.com\/hr\/wp-json\/wp\/v2\/product_brand?post=43802"},{"taxonomy":"product_cat","embeddable":true,"href":"https:\/\/ajatutaja.com\/hr\/wp-json\/wp\/v2\/product_cat?post=43802"},{"taxonomy":"product_tag","embeddable":true,"href":"https:\/\/ajatutaja.com\/hr\/wp-json\/wp\/v2\/product_tag?post=43802"}],"curies":[{"name":"wp","href":"https:\/\/api.w.org\/{rel}","templated":true}]}}