{"id":43534,"date":"2024-02-03T15:29:17","date_gmt":"2024-02-03T14:29:17","guid":{"rendered":"https:\/\/ajatutaja.com\/?post_type=product&#038;p=43534"},"modified":"2025-09-13T13:33:06","modified_gmt":"2025-09-13T11:33:06","slug":"torba-za-lezalnik-3v1-ergobaby-evolve","status":"publish","type":"product","link":"https:\/\/ajatutaja.com\/hr\/proizvod\/torba-za-lezalnik-3v1-ergobaby-evolve\/","title":{"rendered":"Torba za le\u017ealnik 3v1 Ergobaby Evolve"},"content":{"rendered":"<p>[vc_row][vc_column][vc_column_text]Torba Ergobaby za\u0161\u010diti gugalnik Ergobaby Evolve pred umazanijo. Vanjo pospravimo le\u017ealnik, ko je zlo\u017een. Nepogre\u0161ljiva, ko ste na poti.<\/p>\n<p>Po\u010divalnik Ergobaby\u00ae Evolve je zasnovan v sodelovanju s pediatri in ponuja 3 razli\u010dne naklone, ki so prilagojeni razli\u010dnim stopnjam otrokovega razvoja.\u00a0 Vklju\u010den je tudi snemljiv vlo\u017eek za novorojen\u010dka, ki zagotavlja ergonomski polo\u017eaj dojen\u010dka in prepre\u010duje pojav sindroma zale\u017eane glave ter je zdrav za otrokovo hrbtenico, kar je potrdila tudi organizacija Healthier Back (AGR).[\/vc_column_text][\/vc_column][\/vc_row]<\/p>\n","protected":false},"excerpt":{"rendered":"<p>Torba za Ergobaby Evolve 3v1 za\u0161\u010diti va\u0161 guglanik, ko ste na poti. Po\u010divalnik Ergobaby\u00ae Evolve je zasnovan v sodelovanju s pediatri in ponuja 3 razli\u010dne naklone, ki so prilagojeni razli\u010dnim stopnjam otrokovega razvoja.<\/p>\n<p>&nbsp;<\/p>\n","protected":false},"featured_media":43535,"template":"","meta":[],"pwb-brand":[2613,2611],"product_brand":[],"product_cat":[2598,2593],"product_tag":[3973,5112],"class_list":{"0":"post-43534","1":"product","2":"type-product","3":"status-publish","4":"has-post-thumbnail","6":"pwb-brand-ergobaby-spanje","7":"pwb-brand-spanje","8":"product_cat-otroski-lezalniki","9":"product_cat-spanje","10":"product_tag-ergobaby","11":"product_tag-ergobaby-evolve","13":"first","14":"instock","15":"taxable","16":"shipping-taxable","17":"purchasable","18":"product-type-simple","19":"add-to-wishlist-before_image"},"yoast_head":"<!-- This site is optimized with the Yoast SEO plugin v27.3 - https:\/\/yoast.com\/product\/yoast-seo-wordpress\/ -->\n<title>Torba za le\u017ealnik 3v1 Ergobaby Evolve | Ajatutaja<\/title>\n<meta name=\"description\" content=\"Torba za Ergobaby Evolve 3v1 za\u0161\u010diti va\u0161 guglanik, ko ste na poti. Po\u010divalnik Ergobaby\u00ae Evolve je zasnovan v sodelovanju s pediatri in ponuja 3 razli\u010dne naklone, ki so prilagojeni razli\u010dnim stopnjam otrokovega razvoja.\" \/>\n<meta name=\"robots\" content=\"index, follow, max-snippet:-1, max-image-preview:large, max-video-preview:-1\" \/>\n<link rel=\"canonical\" href=\"https:\/\/ajatutaja.com\/hr\/proizvod\/torba-za-lezalnik-3v1-ergobaby-evolve\/\" \/>\n<meta property=\"og:locale\" content=\"hr_HR\" \/>\n<meta property=\"og:type\" content=\"article\" \/>\n<meta property=\"og:title\" content=\"Torba za le\u017ealnik 3v1 Ergobaby Evolve | Ajatutaja\" \/>\n<meta property=\"og:description\" content=\"Torba za Ergobaby Evolve 3v1 za\u0161\u010diti va\u0161 guglanik, ko ste na poti. Po\u010divalnik Ergobaby\u00ae Evolve je zasnovan v sodelovanju s pediatri in ponuja 3 razli\u010dne naklone, ki so prilagojeni razli\u010dnim stopnjam otrokovega razvoja.\" \/>\n<meta property=\"og:url\" content=\"https:\/\/ajatutaja.com\/hr\/proizvod\/torba-za-lezalnik-3v1-ergobaby-evolve\/\" \/>\n<meta property=\"og:site_name\" content=\"Ajatutaja\" \/>\n<meta property=\"article:modified_time\" content=\"2025-09-13T11:33:06+00:00\" \/>\n<meta property=\"og:image\" content=\"https:\/\/ajatutaja.com\/wp-content\/uploads\/2023\/02\/Ergobaby-evolve-ajatutaja-torba.jpg\" \/>\n\t<meta property=\"og:image:width\" content=\"1000\" \/>\n\t<meta property=\"og:image:height\" content=\"1000\" \/>\n\t<meta property=\"og:image:type\" content=\"image\/jpeg\" \/>\n<meta name=\"twitter:card\" content=\"summary_large_image\" \/>\n<script type=\"application\/ld+json\" class=\"yoast-schema-graph\">{\"@context\":\"https:\\\/\\\/schema.org\",\"@graph\":[{\"@type\":\"WebPage\",\"@id\":\"https:\\\/\\\/ajatutaja.com\\\/hr\\\/proizvod\\\/torba-za-lezalnik-3v1-ergobaby-evolve\\\/\",\"url\":\"https:\\\/\\\/ajatutaja.com\\\/hr\\\/proizvod\\\/torba-za-lezalnik-3v1-ergobaby-evolve\\\/\",\"name\":\"Torba za le\u017ealnik 3v1 Ergobaby Evolve | Ajatutaja\",\"isPartOf\":{\"@id\":\"https:\\\/\\\/ajatutaja.com\\\/#website\"},\"primaryImageOfPage\":{\"@id\":\"https:\\\/\\\/ajatutaja.com\\\/hr\\\/proizvod\\\/torba-za-lezalnik-3v1-ergobaby-evolve\\\/#primaryimage\"},\"image\":{\"@id\":\"https:\\\/\\\/ajatutaja.com\\\/hr\\\/proizvod\\\/torba-za-lezalnik-3v1-ergobaby-evolve\\\/#primaryimage\"},\"thumbnailUrl\":\"https:\\\/\\\/ajatutaja.com\\\/wp-content\\\/uploads\\\/2023\\\/02\\\/Ergobaby-evolve-ajatutaja-torba.jpg\",\"datePublished\":\"2024-02-03T14:29:17+00:00\",\"dateModified\":\"2025-09-13T11:33:06+00:00\",\"description\":\"Torba za Ergobaby Evolve 3v1 za\u0161\u010diti va\u0161 guglanik, ko ste na poti. Po\u010divalnik Ergobaby\u00ae Evolve je zasnovan v sodelovanju s pediatri in ponuja 3 razli\u010dne naklone, ki so prilagojeni razli\u010dnim stopnjam otrokovega razvoja.\",\"breadcrumb\":{\"@id\":\"https:\\\/\\\/ajatutaja.com\\\/hr\\\/proizvod\\\/torba-za-lezalnik-3v1-ergobaby-evolve\\\/#breadcrumb\"},\"inLanguage\":\"hr\",\"potentialAction\":[{\"@type\":\"ReadAction\",\"target\":[\"https:\\\/\\\/ajatutaja.com\\\/hr\\\/proizvod\\\/torba-za-lezalnik-3v1-ergobaby-evolve\\\/\"]}]},{\"@type\":\"ImageObject\",\"inLanguage\":\"hr\",\"@id\":\"https:\\\/\\\/ajatutaja.com\\\/hr\\\/proizvod\\\/torba-za-lezalnik-3v1-ergobaby-evolve\\\/#primaryimage\",\"url\":\"https:\\\/\\\/ajatutaja.com\\\/wp-content\\\/uploads\\\/2023\\\/02\\\/Ergobaby-evolve-ajatutaja-torba.jpg\",\"contentUrl\":\"https:\\\/\\\/ajatutaja.com\\\/wp-content\\\/uploads\\\/2023\\\/02\\\/Ergobaby-evolve-ajatutaja-torba.jpg\",\"width\":1000,\"height\":1000},{\"@type\":\"BreadcrumbList\",\"@id\":\"https:\\\/\\\/ajatutaja.com\\\/hr\\\/proizvod\\\/torba-za-lezalnik-3v1-ergobaby-evolve\\\/#breadcrumb\",\"itemListElement\":[{\"@type\":\"ListItem\",\"position\":1,\"name\":\"Home\",\"item\":\"https:\\\/\\\/ajatutaja.com\\\/hr\\\/\"},{\"@type\":\"ListItem\",\"position\":2,\"name\":\"Trgovina\",\"item\":\"https:\\\/\\\/ajatutaja.com\\\/hr\\\/trgovina\\\/\"},{\"@type\":\"ListItem\",\"position\":3,\"name\":\"Torba za le\u017ealnik 3v1 Ergobaby Evolve\"}]},{\"@type\":\"WebSite\",\"@id\":\"https:\\\/\\\/ajatutaja.com\\\/#website\",\"url\":\"https:\\\/\\\/ajatutaja.com\\\/\",\"name\":\"Ajatutaja\",\"description\":\"Otro\u0161ka spletna trgovina AJATUTAJA\",\"publisher\":{\"@id\":\"https:\\\/\\\/ajatutaja.com\\\/#organization\"},\"potentialAction\":[{\"@type\":\"SearchAction\",\"target\":{\"@type\":\"EntryPoint\",\"urlTemplate\":\"https:\\\/\\\/ajatutaja.com\\\/?s={search_term_string}\"},\"query-input\":{\"@type\":\"PropertyValueSpecification\",\"valueRequired\":true,\"valueName\":\"search_term_string\"}}],\"inLanguage\":\"hr\"},{\"@type\":\"Organization\",\"@id\":\"https:\\\/\\\/ajatutaja.com\\\/#organization\",\"name\":\"Ajatutaja\",\"url\":\"https:\\\/\\\/ajatutaja.com\\\/\",\"logo\":{\"@type\":\"ImageObject\",\"inLanguage\":\"hr\",\"@id\":\"https:\\\/\\\/ajatutaja.com\\\/#\\\/schema\\\/logo\\\/image\\\/\",\"url\":\"https:\\\/\\\/ajatutaja.com\\\/wp-content\\\/uploads\\\/2021\\\/10\\\/logo.png\",\"contentUrl\":\"https:\\\/\\\/ajatutaja.com\\\/wp-content\\\/uploads\\\/2021\\\/10\\\/logo.png\",\"width\":555,\"height\":150,\"caption\":\"Ajatutaja\"},\"image\":{\"@id\":\"https:\\\/\\\/ajatutaja.com\\\/#\\\/schema\\\/logo\\\/image\\\/\"}}]}<\/script>\n<!-- \/ Yoast SEO plugin. -->","yoast_head_json":{"title":"Torba za le\u017ealnik 3v1 Ergobaby Evolve | Ajatutaja","description":"Torba za Ergobaby Evolve 3v1 za\u0161\u010diti va\u0161 guglanik, ko ste na poti. Po\u010divalnik Ergobaby\u00ae Evolve je zasnovan v sodelovanju s pediatri in ponuja 3 razli\u010dne naklone, ki so prilagojeni razli\u010dnim stopnjam otrokovega razvoja.","robots":{"index":"index","follow":"follow","max-snippet":"max-snippet:-1","max-image-preview":"max-image-preview:large","max-video-preview":"max-video-preview:-1"},"canonical":"https:\/\/ajatutaja.com\/hr\/proizvod\/torba-za-lezalnik-3v1-ergobaby-evolve\/","og_locale":"hr_HR","og_type":"article","og_title":"Torba za le\u017ealnik 3v1 Ergobaby Evolve | Ajatutaja","og_description":"Torba za Ergobaby Evolve 3v1 za\u0161\u010diti va\u0161 guglanik, ko ste na poti. Po\u010divalnik Ergobaby\u00ae Evolve je zasnovan v sodelovanju s pediatri in ponuja 3 razli\u010dne naklone, ki so prilagojeni razli\u010dnim stopnjam otrokovega razvoja.","og_url":"https:\/\/ajatutaja.com\/hr\/proizvod\/torba-za-lezalnik-3v1-ergobaby-evolve\/","og_site_name":"Ajatutaja","article_modified_time":"2025-09-13T11:33:06+00:00","og_image":[{"width":1000,"height":1000,"url":"https:\/\/ajatutaja.com\/wp-content\/uploads\/2023\/02\/Ergobaby-evolve-ajatutaja-torba.jpg","type":"image\/jpeg"}],"twitter_card":"summary_large_image","schema":{"@context":"https:\/\/schema.org","@graph":[{"@type":"WebPage","@id":"https:\/\/ajatutaja.com\/hr\/proizvod\/torba-za-lezalnik-3v1-ergobaby-evolve\/","url":"https:\/\/ajatutaja.com\/hr\/proizvod\/torba-za-lezalnik-3v1-ergobaby-evolve\/","name":"Torba za le\u017ealnik 3v1 Ergobaby Evolve | Ajatutaja","isPartOf":{"@id":"https:\/\/ajatutaja.com\/#website"},"primaryImageOfPage":{"@id":"https:\/\/ajatutaja.com\/hr\/proizvod\/torba-za-lezalnik-3v1-ergobaby-evolve\/#primaryimage"},"image":{"@id":"https:\/\/ajatutaja.com\/hr\/proizvod\/torba-za-lezalnik-3v1-ergobaby-evolve\/#primaryimage"},"thumbnailUrl":"https:\/\/ajatutaja.com\/wp-content\/uploads\/2023\/02\/Ergobaby-evolve-ajatutaja-torba.jpg","datePublished":"2024-02-03T14:29:17+00:00","dateModified":"2025-09-13T11:33:06+00:00","description":"Torba za Ergobaby Evolve 3v1 za\u0161\u010diti va\u0161 guglanik, ko ste na poti. Po\u010divalnik Ergobaby\u00ae Evolve je zasnovan v sodelovanju s pediatri in ponuja 3 razli\u010dne naklone, ki so prilagojeni razli\u010dnim stopnjam otrokovega razvoja.","breadcrumb":{"@id":"https:\/\/ajatutaja.com\/hr\/proizvod\/torba-za-lezalnik-3v1-ergobaby-evolve\/#breadcrumb"},"inLanguage":"hr","potentialAction":[{"@type":"ReadAction","target":["https:\/\/ajatutaja.com\/hr\/proizvod\/torba-za-lezalnik-3v1-ergobaby-evolve\/"]}]},{"@type":"ImageObject","inLanguage":"hr","@id":"https:\/\/ajatutaja.com\/hr\/proizvod\/torba-za-lezalnik-3v1-ergobaby-evolve\/#primaryimage","url":"https:\/\/ajatutaja.com\/wp-content\/uploads\/2023\/02\/Ergobaby-evolve-ajatutaja-torba.jpg","contentUrl":"https:\/\/ajatutaja.com\/wp-content\/uploads\/2023\/02\/Ergobaby-evolve-ajatutaja-torba.jpg","width":1000,"height":1000},{"@type":"BreadcrumbList","@id":"https:\/\/ajatutaja.com\/hr\/proizvod\/torba-za-lezalnik-3v1-ergobaby-evolve\/#breadcrumb","itemListElement":[{"@type":"ListItem","position":1,"name":"Home","item":"https:\/\/ajatutaja.com\/hr\/"},{"@type":"ListItem","position":2,"name":"Trgovina","item":"https:\/\/ajatutaja.com\/hr\/trgovina\/"},{"@type":"ListItem","position":3,"name":"Torba za le\u017ealnik 3v1 Ergobaby Evolve"}]},{"@type":"WebSite","@id":"https:\/\/ajatutaja.com\/#website","url":"https:\/\/ajatutaja.com\/","name":"Ajatutaja","description":"Otro\u0161ka spletna trgovina AJATUTAJA","publisher":{"@id":"https:\/\/ajatutaja.com\/#organization"},"potentialAction":[{"@type":"SearchAction","target":{"@type":"EntryPoint","urlTemplate":"https:\/\/ajatutaja.com\/?s={search_term_string}"},"query-input":{"@type":"PropertyValueSpecification","valueRequired":true,"valueName":"search_term_string"}}],"inLanguage":"hr"},{"@type":"Organization","@id":"https:\/\/ajatutaja.com\/#organization","name":"Ajatutaja","url":"https:\/\/ajatutaja.com\/","logo":{"@type":"ImageObject","inLanguage":"hr","@id":"https:\/\/ajatutaja.com\/#\/schema\/logo\/image\/","url":"https:\/\/ajatutaja.com\/wp-content\/uploads\/2021\/10\/logo.png","contentUrl":"https:\/\/ajatutaja.com\/wp-content\/uploads\/2021\/10\/logo.png","width":555,"height":150,"caption":"Ajatutaja"},"image":{"@id":"https:\/\/ajatutaja.com\/#\/schema\/logo\/image\/"}}]}},"brands":[{"id":2613,"name":"Ergobaby","slug":"ergobaby-spanje"},{"id":2611,"name":"Spanje","slug":"spanje"}],"_links":{"self":[{"href":"https:\/\/ajatutaja.com\/hr\/wp-json\/wp\/v2\/product\/43534","targetHints":{"allow":["GET"]}}],"collection":[{"href":"https:\/\/ajatutaja.com\/hr\/wp-json\/wp\/v2\/product"}],"about":[{"href":"https:\/\/ajatutaja.com\/hr\/wp-json\/wp\/v2\/types\/product"}],"wp:featuredmedia":[{"embeddable":true,"href":"https:\/\/ajatutaja.com\/hr\/wp-json\/wp\/v2\/media\/43535"}],"wp:attachment":[{"href":"https:\/\/ajatutaja.com\/hr\/wp-json\/wp\/v2\/media?parent=43534"}],"wp:term":[{"taxonomy":"pwb-brand","embeddable":true,"href":"https:\/\/ajatutaja.com\/hr\/wp-json\/wp\/v2\/pwb-brand?post=43534"},{"taxonomy":"product_brand","embeddable":true,"href":"https:\/\/ajatutaja.com\/hr\/wp-json\/wp\/v2\/product_brand?post=43534"},{"taxonomy":"product_cat","embeddable":true,"href":"https:\/\/ajatutaja.com\/hr\/wp-json\/wp\/v2\/product_cat?post=43534"},{"taxonomy":"product_tag","embeddable":true,"href":"https:\/\/ajatutaja.com\/hr\/wp-json\/wp\/v2\/product_tag?post=43534"}],"curies":[{"name":"wp","href":"https:\/\/api.w.org\/{rel}","templated":true}]}}