{"id":43487,"date":"2024-02-03T20:55:48","date_gmt":"2024-02-03T19:55:48","guid":{"rendered":"https:\/\/ajatutaja.com\/?post_type=product&#038;p=43487"},"modified":"2025-03-04T16:08:10","modified_gmt":"2025-03-04T15:08:10","slug":"otroski-lezalnik-3v1-ergobaby-evolve-midnight-blue","status":"publish","type":"product","link":"https:\/\/ajatutaja.com\/hr\/proizvod\/otroski-lezalnik-3v1-ergobaby-evolve-midnight-blue\/","title":{"rendered":"Otro\u0161ki le\u017ealnik 3v1 Ergobaby Evolve &#8211; Midnight Blue"},"content":{"rendered":"<p>[vc_row][vc_column][vc_column_text]<\/p>\n<h3>Lastnosti otro\u0161kega le\u017ealnika Ergobaby Evolve:<\/h3>\n<ul>\n<li>Enostavno zasnovan in eleganten gugalnik in po\u010divalnik<\/li>\n<li>Namenjen otrokom od rojstva oz. 2.5 kg do 13.2 kg te\u017ee otroka<\/li>\n<li>Zagotavlja ergonomsko podporo od rojstva dalje. Snemljiv vlo\u017eek za novorojen\u010dka, zagotavlja varno uporabo za novorojen\u010dka in prepre\u010duje zale\u017eanost glave<\/li>\n<li>Zasnovan v sodelovanju s pediatri<\/li>\n<li>Potrjen s strani organizacije Healthier Back (AGR)<\/li>\n<li>Zra\u010dni materiali, ki zagotavljajo dober pretok zraka<\/li>\n<li>Pas z zaponko, ki omogo\u010da enostavno pripenjanje in odpenjanje otroka in zagotavlja varnost<\/li>\n<li>3 nakloni s preprosto spremembo polo\u017eaja s pomo\u010djo stopalke in varnostnega sistema zaklepanja<\/li>\n<li>Popolnoma zlo\u017eljiv za kompaktno shranjevanje in enostaven prenos iz ene sobe v drugo<\/li>\n<li>Naravna tehnika zibanja &#8211; niso potrebni vti\u010di, baterije ali stikala<\/li>\n<li>Tkanino se enostavno sname in je pralna v pralnem stroju na 30\u00b0C<\/li>\n<li>Enostavno zlaganje. Zlo\u017een le\u017ealnik zavzame zelo malo prostora<\/li>\n<li><strong>Material:<\/strong> mre\u017ea: 100 % poliewster; ponte-pletenina: 79 % poliester, 17 % viskoza, 4 % elastan; keper: 100 % bomba\u017e; okvir: ABS plastika<\/li>\n<\/ul>\n<p>[\/vc_column_text][\/vc_column][\/vc_row]<\/p>\n","protected":false},"excerpt":{"rendered":"<p>Le\u017ealnik Ergobaby Evolve 3v1 bo rastel z va\u0161im otrokom!<\/p>\n<p>Po\u010divalnik Ergobaby\u00ae Evolve je zasnovan v sodelovanju s pediatri in ponuja 3 razli\u010dne naklone, ki so prilagojeni razli\u010dnim stopnjam otrokovega razvoja.\u00a0 Vklju\u010den je tudi snemljiv vlo\u017eek za novorojen\u010dka, ki zagotavlja ergonomski polo\u017eaj dojen\u010dka in prepre\u010duje pojav sindroma zale\u017eane glave ter je zdrav za otrokovo hrbtenico, kar je potrdila tudi organizacija Healthier Back (AGR).<\/p>\n","protected":false},"featured_media":43488,"template":"","meta":[],"pwb-brand":[2613,2611],"product_brand":[],"product_cat":[2598,2593],"product_tag":[3973,5112],"class_list":{"0":"post-43487","1":"product","2":"type-product","3":"status-publish","4":"has-post-thumbnail","6":"pwb-brand-ergobaby-spanje","7":"pwb-brand-spanje","8":"product_cat-otroski-lezalniki","9":"product_cat-spanje","10":"product_tag-ergobaby","11":"product_tag-ergobaby-evolve","13":"first","14":"instock","15":"taxable","16":"shipping-taxable","17":"purchasable","18":"product-type-simple","19":"add-to-wishlist-before_image"},"yoast_head":"<!-- This site is optimized with the Yoast SEO plugin v27.3 - https:\/\/yoast.com\/product\/yoast-seo-wordpress\/ -->\n<title>Otro\u0161ki le\u017ealnik 3v1 Ergobaby Evolve - Midnight Blue | Ajatutaja<\/title>\n<meta name=\"description\" content=\"Le\u017ealnik Ergobaby Evolve 3v1 bo rastel z va\u0161im otrokom! Po\u010divalnik Ergobaby\u00ae Evolve je zasnovan v sodelovanju s pediatri in ponuja 3 razli\u010dne naklone, ki so prilagojeni razli\u010dnim stopnjam otrokovega razvoja.\u00a0 Vklju\u010den je tudi snemljiv vlo\u017eek za novorojen\u010dka.\" \/>\n<meta name=\"robots\" content=\"index, follow, max-snippet:-1, max-image-preview:large, max-video-preview:-1\" \/>\n<link rel=\"canonical\" href=\"https:\/\/ajatutaja.com\/hr\/proizvod\/otroski-lezalnik-3v1-ergobaby-evolve-midnight-blue\/\" \/>\n<meta property=\"og:locale\" content=\"hr_HR\" \/>\n<meta property=\"og:type\" content=\"article\" \/>\n<meta property=\"og:title\" content=\"Otro\u0161ki le\u017ealnik 3v1 Ergobaby Evolve - Midnight Blue | Ajatutaja\" \/>\n<meta property=\"og:description\" content=\"Le\u017ealnik Ergobaby Evolve 3v1 bo rastel z va\u0161im otrokom! Po\u010divalnik Ergobaby\u00ae Evolve je zasnovan v sodelovanju s pediatri in ponuja 3 razli\u010dne naklone, ki so prilagojeni razli\u010dnim stopnjam otrokovega razvoja.\u00a0 Vklju\u010den je tudi snemljiv vlo\u017eek za novorojen\u010dka.\" \/>\n<meta property=\"og:url\" content=\"https:\/\/ajatutaja.com\/hr\/proizvod\/otroski-lezalnik-3v1-ergobaby-evolve-midnight-blue\/\" \/>\n<meta property=\"og:site_name\" content=\"Ajatutaja\" \/>\n<meta property=\"article:modified_time\" content=\"2025-03-04T15:08:10+00:00\" \/>\n<meta property=\"og:image\" content=\"https:\/\/ajatutaja.com\/wp-content\/uploads\/2023\/02\/Gugalnik_ergobaby-evolve-lezalnik-3v1-midnight-blue-ajatutaja-0.jpeg\" \/>\n\t<meta property=\"og:image:width\" content=\"800\" \/>\n\t<meta property=\"og:image:height\" content=\"800\" \/>\n\t<meta property=\"og:image:type\" content=\"image\/jpeg\" \/>\n<meta name=\"twitter:card\" content=\"summary_large_image\" \/>\n<meta name=\"twitter:label1\" content=\"Procijenjeno vrijeme \u010ditanja\" \/>\n\t<meta name=\"twitter:data1\" content=\"1 minuta\" \/>\n<script type=\"application\/ld+json\" class=\"yoast-schema-graph\">{\"@context\":\"https:\\\/\\\/schema.org\",\"@graph\":[{\"@type\":\"WebPage\",\"@id\":\"https:\\\/\\\/ajatutaja.com\\\/hr\\\/proizvod\\\/otroski-lezalnik-3v1-ergobaby-evolve-midnight-blue\\\/\",\"url\":\"https:\\\/\\\/ajatutaja.com\\\/hr\\\/proizvod\\\/otroski-lezalnik-3v1-ergobaby-evolve-midnight-blue\\\/\",\"name\":\"Otro\u0161ki le\u017ealnik 3v1 Ergobaby Evolve - Midnight Blue | Ajatutaja\",\"isPartOf\":{\"@id\":\"https:\\\/\\\/ajatutaja.com\\\/#website\"},\"primaryImageOfPage\":{\"@id\":\"https:\\\/\\\/ajatutaja.com\\\/hr\\\/proizvod\\\/otroski-lezalnik-3v1-ergobaby-evolve-midnight-blue\\\/#primaryimage\"},\"image\":{\"@id\":\"https:\\\/\\\/ajatutaja.com\\\/hr\\\/proizvod\\\/otroski-lezalnik-3v1-ergobaby-evolve-midnight-blue\\\/#primaryimage\"},\"thumbnailUrl\":\"https:\\\/\\\/ajatutaja.com\\\/wp-content\\\/uploads\\\/2023\\\/02\\\/Gugalnik_ergobaby-evolve-lezalnik-3v1-midnight-blue-ajatutaja-0.jpeg\",\"datePublished\":\"2024-02-03T19:55:48+00:00\",\"dateModified\":\"2025-03-04T15:08:10+00:00\",\"description\":\"Le\u017ealnik Ergobaby Evolve 3v1 bo rastel z va\u0161im otrokom! Po\u010divalnik Ergobaby\u00ae Evolve je zasnovan v sodelovanju s pediatri in ponuja 3 razli\u010dne naklone, ki so prilagojeni razli\u010dnim stopnjam otrokovega razvoja.\u00a0 Vklju\u010den je tudi snemljiv vlo\u017eek za novorojen\u010dka.\",\"breadcrumb\":{\"@id\":\"https:\\\/\\\/ajatutaja.com\\\/hr\\\/proizvod\\\/otroski-lezalnik-3v1-ergobaby-evolve-midnight-blue\\\/#breadcrumb\"},\"inLanguage\":\"hr\",\"potentialAction\":[{\"@type\":\"ReadAction\",\"target\":[\"https:\\\/\\\/ajatutaja.com\\\/hr\\\/proizvod\\\/otroski-lezalnik-3v1-ergobaby-evolve-midnight-blue\\\/\"]}]},{\"@type\":\"ImageObject\",\"inLanguage\":\"hr\",\"@id\":\"https:\\\/\\\/ajatutaja.com\\\/hr\\\/proizvod\\\/otroski-lezalnik-3v1-ergobaby-evolve-midnight-blue\\\/#primaryimage\",\"url\":\"https:\\\/\\\/ajatutaja.com\\\/wp-content\\\/uploads\\\/2023\\\/02\\\/Gugalnik_ergobaby-evolve-lezalnik-3v1-midnight-blue-ajatutaja-0.jpeg\",\"contentUrl\":\"https:\\\/\\\/ajatutaja.com\\\/wp-content\\\/uploads\\\/2023\\\/02\\\/Gugalnik_ergobaby-evolve-lezalnik-3v1-midnight-blue-ajatutaja-0.jpeg\",\"width\":800,\"height\":800},{\"@type\":\"BreadcrumbList\",\"@id\":\"https:\\\/\\\/ajatutaja.com\\\/hr\\\/proizvod\\\/otroski-lezalnik-3v1-ergobaby-evolve-midnight-blue\\\/#breadcrumb\",\"itemListElement\":[{\"@type\":\"ListItem\",\"position\":1,\"name\":\"Home\",\"item\":\"https:\\\/\\\/ajatutaja.com\\\/hr\\\/\"},{\"@type\":\"ListItem\",\"position\":2,\"name\":\"Trgovina\",\"item\":\"https:\\\/\\\/ajatutaja.com\\\/hr\\\/trgovina\\\/\"},{\"@type\":\"ListItem\",\"position\":3,\"name\":\"Otro\u0161ki le\u017ealnik 3v1 Ergobaby Evolve &#8211; Midnight Blue\"}]},{\"@type\":\"WebSite\",\"@id\":\"https:\\\/\\\/ajatutaja.com\\\/#website\",\"url\":\"https:\\\/\\\/ajatutaja.com\\\/\",\"name\":\"Ajatutaja\",\"description\":\"Otro\u0161ka spletna trgovina AJATUTAJA\",\"publisher\":{\"@id\":\"https:\\\/\\\/ajatutaja.com\\\/#organization\"},\"potentialAction\":[{\"@type\":\"SearchAction\",\"target\":{\"@type\":\"EntryPoint\",\"urlTemplate\":\"https:\\\/\\\/ajatutaja.com\\\/?s={search_term_string}\"},\"query-input\":{\"@type\":\"PropertyValueSpecification\",\"valueRequired\":true,\"valueName\":\"search_term_string\"}}],\"inLanguage\":\"hr\"},{\"@type\":\"Organization\",\"@id\":\"https:\\\/\\\/ajatutaja.com\\\/#organization\",\"name\":\"Ajatutaja\",\"url\":\"https:\\\/\\\/ajatutaja.com\\\/\",\"logo\":{\"@type\":\"ImageObject\",\"inLanguage\":\"hr\",\"@id\":\"https:\\\/\\\/ajatutaja.com\\\/#\\\/schema\\\/logo\\\/image\\\/\",\"url\":\"https:\\\/\\\/ajatutaja.com\\\/wp-content\\\/uploads\\\/2021\\\/10\\\/logo.png\",\"contentUrl\":\"https:\\\/\\\/ajatutaja.com\\\/wp-content\\\/uploads\\\/2021\\\/10\\\/logo.png\",\"width\":555,\"height\":150,\"caption\":\"Ajatutaja\"},\"image\":{\"@id\":\"https:\\\/\\\/ajatutaja.com\\\/#\\\/schema\\\/logo\\\/image\\\/\"}}]}<\/script>\n<!-- \/ Yoast SEO plugin. -->","yoast_head_json":{"title":"Otro\u0161ki le\u017ealnik 3v1 Ergobaby Evolve - Midnight Blue | Ajatutaja","description":"Le\u017ealnik Ergobaby Evolve 3v1 bo rastel z va\u0161im otrokom! Po\u010divalnik Ergobaby\u00ae Evolve je zasnovan v sodelovanju s pediatri in ponuja 3 razli\u010dne naklone, ki so prilagojeni razli\u010dnim stopnjam otrokovega razvoja.\u00a0 Vklju\u010den je tudi snemljiv vlo\u017eek za novorojen\u010dka.","robots":{"index":"index","follow":"follow","max-snippet":"max-snippet:-1","max-image-preview":"max-image-preview:large","max-video-preview":"max-video-preview:-1"},"canonical":"https:\/\/ajatutaja.com\/hr\/proizvod\/otroski-lezalnik-3v1-ergobaby-evolve-midnight-blue\/","og_locale":"hr_HR","og_type":"article","og_title":"Otro\u0161ki le\u017ealnik 3v1 Ergobaby Evolve - Midnight Blue | Ajatutaja","og_description":"Le\u017ealnik Ergobaby Evolve 3v1 bo rastel z va\u0161im otrokom! Po\u010divalnik Ergobaby\u00ae Evolve je zasnovan v sodelovanju s pediatri in ponuja 3 razli\u010dne naklone, ki so prilagojeni razli\u010dnim stopnjam otrokovega razvoja.\u00a0 Vklju\u010den je tudi snemljiv vlo\u017eek za novorojen\u010dka.","og_url":"https:\/\/ajatutaja.com\/hr\/proizvod\/otroski-lezalnik-3v1-ergobaby-evolve-midnight-blue\/","og_site_name":"Ajatutaja","article_modified_time":"2025-03-04T15:08:10+00:00","og_image":[{"width":800,"height":800,"url":"https:\/\/ajatutaja.com\/wp-content\/uploads\/2023\/02\/Gugalnik_ergobaby-evolve-lezalnik-3v1-midnight-blue-ajatutaja-0.jpeg","type":"image\/jpeg"}],"twitter_card":"summary_large_image","twitter_misc":{"Procijenjeno vrijeme \u010ditanja":"1 minuta"},"schema":{"@context":"https:\/\/schema.org","@graph":[{"@type":"WebPage","@id":"https:\/\/ajatutaja.com\/hr\/proizvod\/otroski-lezalnik-3v1-ergobaby-evolve-midnight-blue\/","url":"https:\/\/ajatutaja.com\/hr\/proizvod\/otroski-lezalnik-3v1-ergobaby-evolve-midnight-blue\/","name":"Otro\u0161ki le\u017ealnik 3v1 Ergobaby Evolve - Midnight Blue | Ajatutaja","isPartOf":{"@id":"https:\/\/ajatutaja.com\/#website"},"primaryImageOfPage":{"@id":"https:\/\/ajatutaja.com\/hr\/proizvod\/otroski-lezalnik-3v1-ergobaby-evolve-midnight-blue\/#primaryimage"},"image":{"@id":"https:\/\/ajatutaja.com\/hr\/proizvod\/otroski-lezalnik-3v1-ergobaby-evolve-midnight-blue\/#primaryimage"},"thumbnailUrl":"https:\/\/ajatutaja.com\/wp-content\/uploads\/2023\/02\/Gugalnik_ergobaby-evolve-lezalnik-3v1-midnight-blue-ajatutaja-0.jpeg","datePublished":"2024-02-03T19:55:48+00:00","dateModified":"2025-03-04T15:08:10+00:00","description":"Le\u017ealnik Ergobaby Evolve 3v1 bo rastel z va\u0161im otrokom! Po\u010divalnik Ergobaby\u00ae Evolve je zasnovan v sodelovanju s pediatri in ponuja 3 razli\u010dne naklone, ki so prilagojeni razli\u010dnim stopnjam otrokovega razvoja.\u00a0 Vklju\u010den je tudi snemljiv vlo\u017eek za novorojen\u010dka.","breadcrumb":{"@id":"https:\/\/ajatutaja.com\/hr\/proizvod\/otroski-lezalnik-3v1-ergobaby-evolve-midnight-blue\/#breadcrumb"},"inLanguage":"hr","potentialAction":[{"@type":"ReadAction","target":["https:\/\/ajatutaja.com\/hr\/proizvod\/otroski-lezalnik-3v1-ergobaby-evolve-midnight-blue\/"]}]},{"@type":"ImageObject","inLanguage":"hr","@id":"https:\/\/ajatutaja.com\/hr\/proizvod\/otroski-lezalnik-3v1-ergobaby-evolve-midnight-blue\/#primaryimage","url":"https:\/\/ajatutaja.com\/wp-content\/uploads\/2023\/02\/Gugalnik_ergobaby-evolve-lezalnik-3v1-midnight-blue-ajatutaja-0.jpeg","contentUrl":"https:\/\/ajatutaja.com\/wp-content\/uploads\/2023\/02\/Gugalnik_ergobaby-evolve-lezalnik-3v1-midnight-blue-ajatutaja-0.jpeg","width":800,"height":800},{"@type":"BreadcrumbList","@id":"https:\/\/ajatutaja.com\/hr\/proizvod\/otroski-lezalnik-3v1-ergobaby-evolve-midnight-blue\/#breadcrumb","itemListElement":[{"@type":"ListItem","position":1,"name":"Home","item":"https:\/\/ajatutaja.com\/hr\/"},{"@type":"ListItem","position":2,"name":"Trgovina","item":"https:\/\/ajatutaja.com\/hr\/trgovina\/"},{"@type":"ListItem","position":3,"name":"Otro\u0161ki le\u017ealnik 3v1 Ergobaby Evolve &#8211; Midnight Blue"}]},{"@type":"WebSite","@id":"https:\/\/ajatutaja.com\/#website","url":"https:\/\/ajatutaja.com\/","name":"Ajatutaja","description":"Otro\u0161ka spletna trgovina AJATUTAJA","publisher":{"@id":"https:\/\/ajatutaja.com\/#organization"},"potentialAction":[{"@type":"SearchAction","target":{"@type":"EntryPoint","urlTemplate":"https:\/\/ajatutaja.com\/?s={search_term_string}"},"query-input":{"@type":"PropertyValueSpecification","valueRequired":true,"valueName":"search_term_string"}}],"inLanguage":"hr"},{"@type":"Organization","@id":"https:\/\/ajatutaja.com\/#organization","name":"Ajatutaja","url":"https:\/\/ajatutaja.com\/","logo":{"@type":"ImageObject","inLanguage":"hr","@id":"https:\/\/ajatutaja.com\/#\/schema\/logo\/image\/","url":"https:\/\/ajatutaja.com\/wp-content\/uploads\/2021\/10\/logo.png","contentUrl":"https:\/\/ajatutaja.com\/wp-content\/uploads\/2021\/10\/logo.png","width":555,"height":150,"caption":"Ajatutaja"},"image":{"@id":"https:\/\/ajatutaja.com\/#\/schema\/logo\/image\/"}}]}},"brands":[{"id":2613,"name":"Ergobaby","slug":"ergobaby-spanje"},{"id":2611,"name":"Spanje","slug":"spanje"}],"_links":{"self":[{"href":"https:\/\/ajatutaja.com\/hr\/wp-json\/wp\/v2\/product\/43487","targetHints":{"allow":["GET"]}}],"collection":[{"href":"https:\/\/ajatutaja.com\/hr\/wp-json\/wp\/v2\/product"}],"about":[{"href":"https:\/\/ajatutaja.com\/hr\/wp-json\/wp\/v2\/types\/product"}],"wp:featuredmedia":[{"embeddable":true,"href":"https:\/\/ajatutaja.com\/hr\/wp-json\/wp\/v2\/media\/43488"}],"wp:attachment":[{"href":"https:\/\/ajatutaja.com\/hr\/wp-json\/wp\/v2\/media?parent=43487"}],"wp:term":[{"taxonomy":"pwb-brand","embeddable":true,"href":"https:\/\/ajatutaja.com\/hr\/wp-json\/wp\/v2\/pwb-brand?post=43487"},{"taxonomy":"product_brand","embeddable":true,"href":"https:\/\/ajatutaja.com\/hr\/wp-json\/wp\/v2\/product_brand?post=43487"},{"taxonomy":"product_cat","embeddable":true,"href":"https:\/\/ajatutaja.com\/hr\/wp-json\/wp\/v2\/product_cat?post=43487"},{"taxonomy":"product_tag","embeddable":true,"href":"https:\/\/ajatutaja.com\/hr\/wp-json\/wp\/v2\/product_tag?post=43487"}],"curies":[{"name":"wp","href":"https:\/\/api.w.org\/{rel}","templated":true}]}}