{"id":43204,"date":"2023-01-23T17:45:56","date_gmt":"2023-01-23T16:45:56","guid":{"rendered":"https:\/\/ajatutaja.com\/?post_type=product&#038;p=43204"},"modified":"2024-01-26T17:29:26","modified_gmt":"2024-01-26T16:29:26","slug":"bombazni-kompletek-za-novorojencka-sivili","status":"publish","type":"product","link":"https:\/\/ajatutaja.com\/hr\/proizvod\/bombazni-kompletek-za-novorojencka-sivili\/","title":{"rendered":"Bomba\u017eni kompletek za novorojen\u010dka Sivili"},"content":{"rendered":"<p>[vc_row][vc_column][vc_column_text]Bomba\u017eni komplet za novorojen\u010dka je sestavljen iz stvari, ki so potrebne, da odnesete svojega novega \u010dlana iz porodni\u0161nice. Narejen je iz mehkega bomba\u017enega vaflja v smetana barvi. Zapenja se z netki brez \u0161kodljivega niklja, ostali zaklju\u010dki pa so iz elasti\u010dne tkanine. Krasi ga tudi simpati\u010dno vezenje prilagojeno kombinaciji.<\/p>\n<p style=\"text-align: center\"><span style=\"font-size: medium\">\u00a0<\/span><em>Surovinska sestava:<br \/>\n100% Bomba\u017e (jopica in hla\u010de) ;<br \/>\n<\/em><em>96%bomba\u017e in 4%alastan (kapica in copatki)<\/em><\/p>\n<p>[\/vc_column_text][\/vc_column][\/vc_row]<\/p>\n","protected":false},"excerpt":{"rendered":"<p>4 delni kompletek\u00a0 za novorojen\u010dka Sivili je najbolj\u0161a izbira za va\u0161ega prihajajo\u010dega dru\u017einskega \u010dlana. Kompletek je izdelan iz mehkega bomba\u017enega vaflja z elsati\u010dnimim patentom in je uporaben tako kot prvi kompletek za prihod iz porodni\u0161nice, kot za vsakodnevno rabo.<\/p>\n","protected":false},"featured_media":61024,"template":"","meta":[],"pwb-brand":[2696,2697],"product_brand":[],"product_cat":[2609,2682,2688],"product_tag":[4306,4024],"class_list":{"0":"post-43204","1":"product","2":"type-product","3":"status-publish","4":"has-post-thumbnail","6":"pwb-brand-moda","7":"pwb-brand-sivili","8":"product_cat-moda","9":"product_cat-oblacila-za-novorojencka","10":"product_cat-otroski-kompleti","11":"product_tag-kaj-potrebujem-za-novorojencka","12":"product_tag-sivili","14":"first","15":"instock","16":"taxable","17":"shipping-taxable","18":"purchasable","19":"product-type-variable","20":"add-to-wishlist-before_image"},"yoast_head":"<!-- This site is optimized with the Yoast SEO plugin v27.3 - https:\/\/yoast.com\/product\/yoast-seo-wordpress\/ -->\n<title>Bomba\u017eni kompletek za novorojen\u010dka Sivili | Ajatutaja<\/title>\n<meta name=\"description\" content=\"4 delni kompletek za novorojen\u010dka Sivili je najbolj\u0161a izbira za va\u0161ega prihajajo\u010dega dru\u017einskega \u010dlana. Kompletek je izdelan bomba\u017ea z elastanom.\" \/>\n<meta name=\"robots\" content=\"index, follow, max-snippet:-1, max-image-preview:large, max-video-preview:-1\" \/>\n<link rel=\"canonical\" href=\"https:\/\/ajatutaja.com\/izdelek\/bombazni-kompletek-za-novorojencka-sivili\/\" \/>\n<meta property=\"og:locale\" content=\"hr_HR\" \/>\n<meta property=\"og:type\" content=\"article\" \/>\n<meta property=\"og:title\" content=\"Bomba\u017eni kompletek za novorojen\u010dka Sivili | Ajatutaja\" \/>\n<meta property=\"og:description\" content=\"4 delni kompletek za novorojen\u010dka Sivili je najbolj\u0161a izbira za va\u0161ega prihajajo\u010dega dru\u017einskega \u010dlana. Kompletek je izdelan bomba\u017ea z elastanom.\" \/>\n<meta property=\"og:url\" content=\"https:\/\/ajatutaja.com\/izdelek\/bombazni-kompletek-za-novorojencka-sivili\/\" \/>\n<meta property=\"og:site_name\" content=\"Ajatutaja\" \/>\n<meta property=\"article:modified_time\" content=\"2024-01-26T16:29:26+00:00\" \/>\n<meta property=\"og:image\" content=\"https:\/\/ajatutaja.com\/wp-content\/uploads\/2023\/01\/Otroski-komplet-za-novorojencka-02705-sloncek.jpg\" \/>\n\t<meta property=\"og:image:width\" content=\"700\" \/>\n\t<meta property=\"og:image:height\" content=\"700\" \/>\n\t<meta property=\"og:image:type\" content=\"image\/jpeg\" \/>\n<meta name=\"twitter:card\" content=\"summary_large_image\" \/>\n<script type=\"application\/ld+json\" class=\"yoast-schema-graph\">{\"@context\":\"https:\\\/\\\/schema.org\",\"@graph\":[{\"@type\":\"WebPage\",\"@id\":\"https:\\\/\\\/ajatutaja.com\\\/izdelek\\\/bombazni-kompletek-za-novorojencka-sivili\\\/\",\"url\":\"https:\\\/\\\/ajatutaja.com\\\/izdelek\\\/bombazni-kompletek-za-novorojencka-sivili\\\/\",\"name\":\"Bomba\u017eni kompletek za novorojen\u010dka Sivili | Ajatutaja\",\"isPartOf\":{\"@id\":\"https:\\\/\\\/ajatutaja.com\\\/#website\"},\"primaryImageOfPage\":{\"@id\":\"https:\\\/\\\/ajatutaja.com\\\/izdelek\\\/bombazni-kompletek-za-novorojencka-sivili\\\/#primaryimage\"},\"image\":{\"@id\":\"https:\\\/\\\/ajatutaja.com\\\/izdelek\\\/bombazni-kompletek-za-novorojencka-sivili\\\/#primaryimage\"},\"thumbnailUrl\":\"https:\\\/\\\/ajatutaja.com\\\/wp-content\\\/uploads\\\/2023\\\/01\\\/Otroski-komplet-za-novorojencka-02705-sloncek.jpg\",\"datePublished\":\"2023-01-23T16:45:56+00:00\",\"dateModified\":\"2024-01-26T16:29:26+00:00\",\"description\":\"4 delni kompletek za novorojen\u010dka Sivili je najbolj\u0161a izbira za va\u0161ega prihajajo\u010dega dru\u017einskega \u010dlana. Kompletek je izdelan bomba\u017ea z elastanom.\",\"breadcrumb\":{\"@id\":\"https:\\\/\\\/ajatutaja.com\\\/izdelek\\\/bombazni-kompletek-za-novorojencka-sivili\\\/#breadcrumb\"},\"inLanguage\":\"hr\",\"potentialAction\":[{\"@type\":\"ReadAction\",\"target\":[\"https:\\\/\\\/ajatutaja.com\\\/izdelek\\\/bombazni-kompletek-za-novorojencka-sivili\\\/\"]}]},{\"@type\":\"ImageObject\",\"inLanguage\":\"hr\",\"@id\":\"https:\\\/\\\/ajatutaja.com\\\/izdelek\\\/bombazni-kompletek-za-novorojencka-sivili\\\/#primaryimage\",\"url\":\"https:\\\/\\\/ajatutaja.com\\\/wp-content\\\/uploads\\\/2023\\\/01\\\/Otroski-komplet-za-novorojencka-02705-sloncek.jpg\",\"contentUrl\":\"https:\\\/\\\/ajatutaja.com\\\/wp-content\\\/uploads\\\/2023\\\/01\\\/Otroski-komplet-za-novorojencka-02705-sloncek.jpg\",\"width\":700,\"height\":700,\"caption\":\"Komplet za novorojen\u010dka Sivili\"},{\"@type\":\"BreadcrumbList\",\"@id\":\"https:\\\/\\\/ajatutaja.com\\\/izdelek\\\/bombazni-kompletek-za-novorojencka-sivili\\\/#breadcrumb\",\"itemListElement\":[{\"@type\":\"ListItem\",\"position\":1,\"name\":\"Home\",\"item\":\"https:\\\/\\\/ajatutaja.com\\\/hr\\\/\"},{\"@type\":\"ListItem\",\"position\":2,\"name\":\"Trgovina\",\"item\":\"https:\\\/\\\/ajatutaja.com\\\/hr\\\/trgovina\\\/\"},{\"@type\":\"ListItem\",\"position\":3,\"name\":\"Bomba\u017eni kompletek za novorojen\u010dka Sivili\"}]},{\"@type\":\"WebSite\",\"@id\":\"https:\\\/\\\/ajatutaja.com\\\/#website\",\"url\":\"https:\\\/\\\/ajatutaja.com\\\/\",\"name\":\"Ajatutaja\",\"description\":\"Otro\u0161ka spletna trgovina AJATUTAJA\",\"publisher\":{\"@id\":\"https:\\\/\\\/ajatutaja.com\\\/#organization\"},\"potentialAction\":[{\"@type\":\"SearchAction\",\"target\":{\"@type\":\"EntryPoint\",\"urlTemplate\":\"https:\\\/\\\/ajatutaja.com\\\/?s={search_term_string}\"},\"query-input\":{\"@type\":\"PropertyValueSpecification\",\"valueRequired\":true,\"valueName\":\"search_term_string\"}}],\"inLanguage\":\"hr\"},{\"@type\":\"Organization\",\"@id\":\"https:\\\/\\\/ajatutaja.com\\\/#organization\",\"name\":\"Ajatutaja\",\"url\":\"https:\\\/\\\/ajatutaja.com\\\/\",\"logo\":{\"@type\":\"ImageObject\",\"inLanguage\":\"hr\",\"@id\":\"https:\\\/\\\/ajatutaja.com\\\/#\\\/schema\\\/logo\\\/image\\\/\",\"url\":\"https:\\\/\\\/ajatutaja.com\\\/wp-content\\\/uploads\\\/2021\\\/10\\\/logo.png\",\"contentUrl\":\"https:\\\/\\\/ajatutaja.com\\\/wp-content\\\/uploads\\\/2021\\\/10\\\/logo.png\",\"width\":555,\"height\":150,\"caption\":\"Ajatutaja\"},\"image\":{\"@id\":\"https:\\\/\\\/ajatutaja.com\\\/#\\\/schema\\\/logo\\\/image\\\/\"}}]}<\/script>\n<!-- \/ Yoast SEO plugin. -->","yoast_head_json":{"title":"Bomba\u017eni kompletek za novorojen\u010dka Sivili | Ajatutaja","description":"4 delni kompletek za novorojen\u010dka Sivili je najbolj\u0161a izbira za va\u0161ega prihajajo\u010dega dru\u017einskega \u010dlana. Kompletek je izdelan bomba\u017ea z elastanom.","robots":{"index":"index","follow":"follow","max-snippet":"max-snippet:-1","max-image-preview":"max-image-preview:large","max-video-preview":"max-video-preview:-1"},"canonical":"https:\/\/ajatutaja.com\/izdelek\/bombazni-kompletek-za-novorojencka-sivili\/","og_locale":"hr_HR","og_type":"article","og_title":"Bomba\u017eni kompletek za novorojen\u010dka Sivili | Ajatutaja","og_description":"4 delni kompletek za novorojen\u010dka Sivili je najbolj\u0161a izbira za va\u0161ega prihajajo\u010dega dru\u017einskega \u010dlana. Kompletek je izdelan bomba\u017ea z elastanom.","og_url":"https:\/\/ajatutaja.com\/izdelek\/bombazni-kompletek-za-novorojencka-sivili\/","og_site_name":"Ajatutaja","article_modified_time":"2024-01-26T16:29:26+00:00","og_image":[{"width":700,"height":700,"url":"https:\/\/ajatutaja.com\/wp-content\/uploads\/2023\/01\/Otroski-komplet-za-novorojencka-02705-sloncek.jpg","type":"image\/jpeg"}],"twitter_card":"summary_large_image","schema":{"@context":"https:\/\/schema.org","@graph":[{"@type":"WebPage","@id":"https:\/\/ajatutaja.com\/izdelek\/bombazni-kompletek-za-novorojencka-sivili\/","url":"https:\/\/ajatutaja.com\/izdelek\/bombazni-kompletek-za-novorojencka-sivili\/","name":"Bomba\u017eni kompletek za novorojen\u010dka Sivili | Ajatutaja","isPartOf":{"@id":"https:\/\/ajatutaja.com\/#website"},"primaryImageOfPage":{"@id":"https:\/\/ajatutaja.com\/izdelek\/bombazni-kompletek-za-novorojencka-sivili\/#primaryimage"},"image":{"@id":"https:\/\/ajatutaja.com\/izdelek\/bombazni-kompletek-za-novorojencka-sivili\/#primaryimage"},"thumbnailUrl":"https:\/\/ajatutaja.com\/wp-content\/uploads\/2023\/01\/Otroski-komplet-za-novorojencka-02705-sloncek.jpg","datePublished":"2023-01-23T16:45:56+00:00","dateModified":"2024-01-26T16:29:26+00:00","description":"4 delni kompletek za novorojen\u010dka Sivili je najbolj\u0161a izbira za va\u0161ega prihajajo\u010dega dru\u017einskega \u010dlana. Kompletek je izdelan bomba\u017ea z elastanom.","breadcrumb":{"@id":"https:\/\/ajatutaja.com\/izdelek\/bombazni-kompletek-za-novorojencka-sivili\/#breadcrumb"},"inLanguage":"hr","potentialAction":[{"@type":"ReadAction","target":["https:\/\/ajatutaja.com\/izdelek\/bombazni-kompletek-za-novorojencka-sivili\/"]}]},{"@type":"ImageObject","inLanguage":"hr","@id":"https:\/\/ajatutaja.com\/izdelek\/bombazni-kompletek-za-novorojencka-sivili\/#primaryimage","url":"https:\/\/ajatutaja.com\/wp-content\/uploads\/2023\/01\/Otroski-komplet-za-novorojencka-02705-sloncek.jpg","contentUrl":"https:\/\/ajatutaja.com\/wp-content\/uploads\/2023\/01\/Otroski-komplet-za-novorojencka-02705-sloncek.jpg","width":700,"height":700,"caption":"Komplet za novorojen\u010dka Sivili"},{"@type":"BreadcrumbList","@id":"https:\/\/ajatutaja.com\/izdelek\/bombazni-kompletek-za-novorojencka-sivili\/#breadcrumb","itemListElement":[{"@type":"ListItem","position":1,"name":"Home","item":"https:\/\/ajatutaja.com\/hr\/"},{"@type":"ListItem","position":2,"name":"Trgovina","item":"https:\/\/ajatutaja.com\/hr\/trgovina\/"},{"@type":"ListItem","position":3,"name":"Bomba\u017eni kompletek za novorojen\u010dka Sivili"}]},{"@type":"WebSite","@id":"https:\/\/ajatutaja.com\/#website","url":"https:\/\/ajatutaja.com\/","name":"Ajatutaja","description":"Otro\u0161ka spletna trgovina AJATUTAJA","publisher":{"@id":"https:\/\/ajatutaja.com\/#organization"},"potentialAction":[{"@type":"SearchAction","target":{"@type":"EntryPoint","urlTemplate":"https:\/\/ajatutaja.com\/?s={search_term_string}"},"query-input":{"@type":"PropertyValueSpecification","valueRequired":true,"valueName":"search_term_string"}}],"inLanguage":"hr"},{"@type":"Organization","@id":"https:\/\/ajatutaja.com\/#organization","name":"Ajatutaja","url":"https:\/\/ajatutaja.com\/","logo":{"@type":"ImageObject","inLanguage":"hr","@id":"https:\/\/ajatutaja.com\/#\/schema\/logo\/image\/","url":"https:\/\/ajatutaja.com\/wp-content\/uploads\/2021\/10\/logo.png","contentUrl":"https:\/\/ajatutaja.com\/wp-content\/uploads\/2021\/10\/logo.png","width":555,"height":150,"caption":"Ajatutaja"},"image":{"@id":"https:\/\/ajatutaja.com\/#\/schema\/logo\/image\/"}}]}},"brands":[{"id":2696,"name":"Moda","slug":"moda"},{"id":2697,"name":"Sivili","slug":"sivili"}],"_links":{"self":[{"href":"https:\/\/ajatutaja.com\/hr\/wp-json\/wp\/v2\/product\/43204","targetHints":{"allow":["GET"]}}],"collection":[{"href":"https:\/\/ajatutaja.com\/hr\/wp-json\/wp\/v2\/product"}],"about":[{"href":"https:\/\/ajatutaja.com\/hr\/wp-json\/wp\/v2\/types\/product"}],"wp:featuredmedia":[{"embeddable":true,"href":"https:\/\/ajatutaja.com\/hr\/wp-json\/wp\/v2\/media\/61024"}],"wp:attachment":[{"href":"https:\/\/ajatutaja.com\/hr\/wp-json\/wp\/v2\/media?parent=43204"}],"wp:term":[{"taxonomy":"pwb-brand","embeddable":true,"href":"https:\/\/ajatutaja.com\/hr\/wp-json\/wp\/v2\/pwb-brand?post=43204"},{"taxonomy":"product_brand","embeddable":true,"href":"https:\/\/ajatutaja.com\/hr\/wp-json\/wp\/v2\/product_brand?post=43204"},{"taxonomy":"product_cat","embeddable":true,"href":"https:\/\/ajatutaja.com\/hr\/wp-json\/wp\/v2\/product_cat?post=43204"},{"taxonomy":"product_tag","embeddable":true,"href":"https:\/\/ajatutaja.com\/hr\/wp-json\/wp\/v2\/product_tag?post=43204"}],"curies":[{"name":"wp","href":"https:\/\/api.w.org\/{rel}","templated":true}]}}