{"id":43105,"date":"2023-01-22T19:50:32","date_gmt":"2023-01-22T18:50:32","guid":{"rendered":"https:\/\/ajatutaja.com\/?post_type=product&#038;p=43105"},"modified":"2026-02-11T12:10:44","modified_gmt":"2026-02-11T11:10:44","slug":"pajacek-za-dojencke-bombaz-clar-mint-so-cute","status":"publish","type":"product","link":"https:\/\/ajatutaja.com\/hr\/proizvod\/pajacek-za-dojencke-bombaz-clar-mint-so-cute\/","title":{"rendered":"Pajacek za dojen\u010dke bomba\u017e Clar &#8211; Mint &#8220;So Cute&#8221;"},"content":{"rendered":"<p>[vc_row][vc_column][vc_column_text]<\/p>\n<p style=\"text-align: justify\">Bomba\u017eni pajacek brez rokavov Clar zagotavlja enostavno obla\u010denje, saj so netki-pritiska\u010di po celi dol\u017eini pajacka.<\/p>\n<h3>Lastnosti pajacka za dojen\u010dke Clar:<\/h3>\n<p>\u2022 izdelano iz bomba\u017ea<br \/>\n\u2022 dodatno odpiranje v koraku<br \/>\n\u2022 brez rokavov z zapiranjem na patentke<br \/>\n\u2022 s patenton in odprtimi stopali<\/p>\n<p style=\"text-align: center\"><span style=\"color: #808080\"><em>Surovinska sestava: <\/em><\/span><span style=\"color: #808080\"><em>95% bomba\u017e, 5% elastan<br \/>\n<\/em><\/span><\/p>\n<p style=\"text-align: center\"><img loading=\"lazy\" decoding=\"async\" class=\"alignnone size-full wp-image-21156\" src=\"https:\/\/ajatutaja.com\/wp-content\/uploads\/2021\/11\/VZDRZEVANJE1.png\" alt=\"\" width=\"167\" height=\"22\" \/><\/p>\n<p>[\/vc_column_text][\/vc_column][\/vc_row]<\/p>\n","protected":false},"excerpt":{"rendered":"<p style=\"text-align: justify\">Izredno mehek bomba\u017een pajacek za dojen\u010dke brez rokavov Clar z vezenim medvedkom in motivom So Cute, je prijeten za no\u0161enje in nadvse primeren za ob\u010dutljivo ko\u017eo novorojen\u010dka. Popolno odpiranje zagotavlja enostavno previjanje tako podnevi, kot pono\u010di.<\/p>\n","protected":false},"featured_media":43099,"template":"","meta":[],"pwb-brand":[2701,2696],"product_brand":[],"product_cat":[2609,2682],"product_tag":[4078,5104],"class_list":{"0":"post-43105","1":"product","2":"type-product","3":"status-publish","4":"has-post-thumbnail","6":"pwb-brand-clar","7":"pwb-brand-moda","8":"product_cat-moda","9":"product_cat-oblacila-za-novorojencka","10":"product_tag-clar","11":"product_tag-so-cute","13":"first","14":"instock","15":"taxable","16":"shipping-taxable","17":"purchasable","18":"product-type-variable","19":"add-to-wishlist-before_image"},"yoast_head":"<!-- This site is optimized with the Yoast SEO plugin v27.3 - https:\/\/yoast.com\/product\/yoast-seo-wordpress\/ -->\n<title>Pajacek za dojen\u010dke bomba\u017e Clar - Mint &quot;So Cute&quot; | Ajatutaja<\/title>\n<meta name=\"description\" content=\"Izredno mehek bomba\u017een pajacek za dojen\u010dke brez rokavov Clar z vezenim medvedkom in motivom So Cute, je prijeten za no\u0161enje in nadvse primeren za ob\u010dutljivo ko\u017eo novorojen\u010dka.\" \/>\n<meta name=\"robots\" content=\"index, follow, max-snippet:-1, max-image-preview:large, max-video-preview:-1\" \/>\n<link rel=\"canonical\" href=\"https:\/\/ajatutaja.com\/izdelek\/pajacek-za-dojencke-bombaz-clar-mint-so-cute\/\" \/>\n<meta property=\"og:locale\" content=\"hr_HR\" \/>\n<meta property=\"og:type\" content=\"article\" \/>\n<meta property=\"og:title\" content=\"Pajacek za dojen\u010dke bomba\u017e Clar - Mint &quot;So Cute&quot; | Ajatutaja\" \/>\n<meta property=\"og:description\" content=\"Izredno mehek bomba\u017een pajacek za dojen\u010dke brez rokavov Clar z vezenim medvedkom in motivom So Cute, je prijeten za no\u0161enje in nadvse primeren za ob\u010dutljivo ko\u017eo novorojen\u010dka.\" \/>\n<meta property=\"og:url\" content=\"https:\/\/ajatutaja.com\/izdelek\/pajacek-za-dojencke-bombaz-clar-mint-so-cute\/\" \/>\n<meta property=\"og:site_name\" content=\"Ajatutaja\" \/>\n<meta property=\"article:modified_time\" content=\"2026-02-11T11:10:44+00:00\" \/>\n<meta property=\"og:image\" content=\"https:\/\/ajatutaja.com\/wp-content\/uploads\/2023\/01\/Bombazni-pajacek-clar-medo-mint-ajatutaja.jpg\" \/>\n\t<meta property=\"og:image:width\" content=\"800\" \/>\n\t<meta property=\"og:image:height\" content=\"800\" \/>\n\t<meta property=\"og:image:type\" content=\"image\/jpeg\" \/>\n<meta name=\"twitter:card\" content=\"summary_large_image\" \/>\n<script type=\"application\/ld+json\" class=\"yoast-schema-graph\">{\"@context\":\"https:\\\/\\\/schema.org\",\"@graph\":[{\"@type\":\"WebPage\",\"@id\":\"https:\\\/\\\/ajatutaja.com\\\/izdelek\\\/pajacek-za-dojencke-bombaz-clar-mint-so-cute\\\/\",\"url\":\"https:\\\/\\\/ajatutaja.com\\\/izdelek\\\/pajacek-za-dojencke-bombaz-clar-mint-so-cute\\\/\",\"name\":\"Pajacek za dojen\u010dke bomba\u017e Clar - Mint \\\"So Cute\\\" | Ajatutaja\",\"isPartOf\":{\"@id\":\"https:\\\/\\\/ajatutaja.com\\\/#website\"},\"primaryImageOfPage\":{\"@id\":\"https:\\\/\\\/ajatutaja.com\\\/izdelek\\\/pajacek-za-dojencke-bombaz-clar-mint-so-cute\\\/#primaryimage\"},\"image\":{\"@id\":\"https:\\\/\\\/ajatutaja.com\\\/izdelek\\\/pajacek-za-dojencke-bombaz-clar-mint-so-cute\\\/#primaryimage\"},\"thumbnailUrl\":\"https:\\\/\\\/ajatutaja.com\\\/wp-content\\\/uploads\\\/2023\\\/01\\\/Bombazni-pajacek-clar-medo-mint-ajatutaja.jpg\",\"datePublished\":\"2023-01-22T18:50:32+00:00\",\"dateModified\":\"2026-02-11T11:10:44+00:00\",\"description\":\"Izredno mehek bomba\u017een pajacek za dojen\u010dke brez rokavov Clar z vezenim medvedkom in motivom So Cute, je prijeten za no\u0161enje in nadvse primeren za ob\u010dutljivo ko\u017eo novorojen\u010dka.\",\"breadcrumb\":{\"@id\":\"https:\\\/\\\/ajatutaja.com\\\/izdelek\\\/pajacek-za-dojencke-bombaz-clar-mint-so-cute\\\/#breadcrumb\"},\"inLanguage\":\"hr\",\"potentialAction\":[{\"@type\":\"ReadAction\",\"target\":[\"https:\\\/\\\/ajatutaja.com\\\/izdelek\\\/pajacek-za-dojencke-bombaz-clar-mint-so-cute\\\/\"]}]},{\"@type\":\"ImageObject\",\"inLanguage\":\"hr\",\"@id\":\"https:\\\/\\\/ajatutaja.com\\\/izdelek\\\/pajacek-za-dojencke-bombaz-clar-mint-so-cute\\\/#primaryimage\",\"url\":\"https:\\\/\\\/ajatutaja.com\\\/wp-content\\\/uploads\\\/2023\\\/01\\\/Bombazni-pajacek-clar-medo-mint-ajatutaja.jpg\",\"contentUrl\":\"https:\\\/\\\/ajatutaja.com\\\/wp-content\\\/uploads\\\/2023\\\/01\\\/Bombazni-pajacek-clar-medo-mint-ajatutaja.jpg\",\"width\":800,\"height\":800},{\"@type\":\"BreadcrumbList\",\"@id\":\"https:\\\/\\\/ajatutaja.com\\\/izdelek\\\/pajacek-za-dojencke-bombaz-clar-mint-so-cute\\\/#breadcrumb\",\"itemListElement\":[{\"@type\":\"ListItem\",\"position\":1,\"name\":\"Home\",\"item\":\"https:\\\/\\\/ajatutaja.com\\\/hr\\\/\"},{\"@type\":\"ListItem\",\"position\":2,\"name\":\"Trgovina\",\"item\":\"https:\\\/\\\/ajatutaja.com\\\/hr\\\/trgovina\\\/\"},{\"@type\":\"ListItem\",\"position\":3,\"name\":\"Pajacek za dojen\u010dke bomba\u017e Clar &#8211; Mint &#8220;So Cute&#8221;\"}]},{\"@type\":\"WebSite\",\"@id\":\"https:\\\/\\\/ajatutaja.com\\\/#website\",\"url\":\"https:\\\/\\\/ajatutaja.com\\\/\",\"name\":\"Ajatutaja\",\"description\":\"Otro\u0161ka spletna trgovina AJATUTAJA\",\"publisher\":{\"@id\":\"https:\\\/\\\/ajatutaja.com\\\/#organization\"},\"potentialAction\":[{\"@type\":\"SearchAction\",\"target\":{\"@type\":\"EntryPoint\",\"urlTemplate\":\"https:\\\/\\\/ajatutaja.com\\\/?s={search_term_string}\"},\"query-input\":{\"@type\":\"PropertyValueSpecification\",\"valueRequired\":true,\"valueName\":\"search_term_string\"}}],\"inLanguage\":\"hr\"},{\"@type\":\"Organization\",\"@id\":\"https:\\\/\\\/ajatutaja.com\\\/#organization\",\"name\":\"Ajatutaja\",\"url\":\"https:\\\/\\\/ajatutaja.com\\\/\",\"logo\":{\"@type\":\"ImageObject\",\"inLanguage\":\"hr\",\"@id\":\"https:\\\/\\\/ajatutaja.com\\\/#\\\/schema\\\/logo\\\/image\\\/\",\"url\":\"https:\\\/\\\/ajatutaja.com\\\/wp-content\\\/uploads\\\/2021\\\/10\\\/logo.png\",\"contentUrl\":\"https:\\\/\\\/ajatutaja.com\\\/wp-content\\\/uploads\\\/2021\\\/10\\\/logo.png\",\"width\":555,\"height\":150,\"caption\":\"Ajatutaja\"},\"image\":{\"@id\":\"https:\\\/\\\/ajatutaja.com\\\/#\\\/schema\\\/logo\\\/image\\\/\"}}]}<\/script>\n<!-- \/ Yoast SEO plugin. -->","yoast_head_json":{"title":"Pajacek za dojen\u010dke bomba\u017e Clar - Mint \"So Cute\" | Ajatutaja","description":"Izredno mehek bomba\u017een pajacek za dojen\u010dke brez rokavov Clar z vezenim medvedkom in motivom So Cute, je prijeten za no\u0161enje in nadvse primeren za ob\u010dutljivo ko\u017eo novorojen\u010dka.","robots":{"index":"index","follow":"follow","max-snippet":"max-snippet:-1","max-image-preview":"max-image-preview:large","max-video-preview":"max-video-preview:-1"},"canonical":"https:\/\/ajatutaja.com\/izdelek\/pajacek-za-dojencke-bombaz-clar-mint-so-cute\/","og_locale":"hr_HR","og_type":"article","og_title":"Pajacek za dojen\u010dke bomba\u017e Clar - Mint \"So Cute\" | Ajatutaja","og_description":"Izredno mehek bomba\u017een pajacek za dojen\u010dke brez rokavov Clar z vezenim medvedkom in motivom So Cute, je prijeten za no\u0161enje in nadvse primeren za ob\u010dutljivo ko\u017eo novorojen\u010dka.","og_url":"https:\/\/ajatutaja.com\/izdelek\/pajacek-za-dojencke-bombaz-clar-mint-so-cute\/","og_site_name":"Ajatutaja","article_modified_time":"2026-02-11T11:10:44+00:00","og_image":[{"width":800,"height":800,"url":"https:\/\/ajatutaja.com\/wp-content\/uploads\/2023\/01\/Bombazni-pajacek-clar-medo-mint-ajatutaja.jpg","type":"image\/jpeg"}],"twitter_card":"summary_large_image","schema":{"@context":"https:\/\/schema.org","@graph":[{"@type":"WebPage","@id":"https:\/\/ajatutaja.com\/izdelek\/pajacek-za-dojencke-bombaz-clar-mint-so-cute\/","url":"https:\/\/ajatutaja.com\/izdelek\/pajacek-za-dojencke-bombaz-clar-mint-so-cute\/","name":"Pajacek za dojen\u010dke bomba\u017e Clar - Mint \"So Cute\" | Ajatutaja","isPartOf":{"@id":"https:\/\/ajatutaja.com\/#website"},"primaryImageOfPage":{"@id":"https:\/\/ajatutaja.com\/izdelek\/pajacek-za-dojencke-bombaz-clar-mint-so-cute\/#primaryimage"},"image":{"@id":"https:\/\/ajatutaja.com\/izdelek\/pajacek-za-dojencke-bombaz-clar-mint-so-cute\/#primaryimage"},"thumbnailUrl":"https:\/\/ajatutaja.com\/wp-content\/uploads\/2023\/01\/Bombazni-pajacek-clar-medo-mint-ajatutaja.jpg","datePublished":"2023-01-22T18:50:32+00:00","dateModified":"2026-02-11T11:10:44+00:00","description":"Izredno mehek bomba\u017een pajacek za dojen\u010dke brez rokavov Clar z vezenim medvedkom in motivom So Cute, je prijeten za no\u0161enje in nadvse primeren za ob\u010dutljivo ko\u017eo novorojen\u010dka.","breadcrumb":{"@id":"https:\/\/ajatutaja.com\/izdelek\/pajacek-za-dojencke-bombaz-clar-mint-so-cute\/#breadcrumb"},"inLanguage":"hr","potentialAction":[{"@type":"ReadAction","target":["https:\/\/ajatutaja.com\/izdelek\/pajacek-za-dojencke-bombaz-clar-mint-so-cute\/"]}]},{"@type":"ImageObject","inLanguage":"hr","@id":"https:\/\/ajatutaja.com\/izdelek\/pajacek-za-dojencke-bombaz-clar-mint-so-cute\/#primaryimage","url":"https:\/\/ajatutaja.com\/wp-content\/uploads\/2023\/01\/Bombazni-pajacek-clar-medo-mint-ajatutaja.jpg","contentUrl":"https:\/\/ajatutaja.com\/wp-content\/uploads\/2023\/01\/Bombazni-pajacek-clar-medo-mint-ajatutaja.jpg","width":800,"height":800},{"@type":"BreadcrumbList","@id":"https:\/\/ajatutaja.com\/izdelek\/pajacek-za-dojencke-bombaz-clar-mint-so-cute\/#breadcrumb","itemListElement":[{"@type":"ListItem","position":1,"name":"Home","item":"https:\/\/ajatutaja.com\/hr\/"},{"@type":"ListItem","position":2,"name":"Trgovina","item":"https:\/\/ajatutaja.com\/hr\/trgovina\/"},{"@type":"ListItem","position":3,"name":"Pajacek za dojen\u010dke bomba\u017e Clar &#8211; Mint &#8220;So Cute&#8221;"}]},{"@type":"WebSite","@id":"https:\/\/ajatutaja.com\/#website","url":"https:\/\/ajatutaja.com\/","name":"Ajatutaja","description":"Otro\u0161ka spletna trgovina AJATUTAJA","publisher":{"@id":"https:\/\/ajatutaja.com\/#organization"},"potentialAction":[{"@type":"SearchAction","target":{"@type":"EntryPoint","urlTemplate":"https:\/\/ajatutaja.com\/?s={search_term_string}"},"query-input":{"@type":"PropertyValueSpecification","valueRequired":true,"valueName":"search_term_string"}}],"inLanguage":"hr"},{"@type":"Organization","@id":"https:\/\/ajatutaja.com\/#organization","name":"Ajatutaja","url":"https:\/\/ajatutaja.com\/","logo":{"@type":"ImageObject","inLanguage":"hr","@id":"https:\/\/ajatutaja.com\/#\/schema\/logo\/image\/","url":"https:\/\/ajatutaja.com\/wp-content\/uploads\/2021\/10\/logo.png","contentUrl":"https:\/\/ajatutaja.com\/wp-content\/uploads\/2021\/10\/logo.png","width":555,"height":150,"caption":"Ajatutaja"},"image":{"@id":"https:\/\/ajatutaja.com\/#\/schema\/logo\/image\/"}}]}},"brands":[{"id":2701,"name":"Clar","slug":"clar"},{"id":2696,"name":"Moda","slug":"moda"}],"_links":{"self":[{"href":"https:\/\/ajatutaja.com\/hr\/wp-json\/wp\/v2\/product\/43105","targetHints":{"allow":["GET"]}}],"collection":[{"href":"https:\/\/ajatutaja.com\/hr\/wp-json\/wp\/v2\/product"}],"about":[{"href":"https:\/\/ajatutaja.com\/hr\/wp-json\/wp\/v2\/types\/product"}],"wp:featuredmedia":[{"embeddable":true,"href":"https:\/\/ajatutaja.com\/hr\/wp-json\/wp\/v2\/media\/43099"}],"wp:attachment":[{"href":"https:\/\/ajatutaja.com\/hr\/wp-json\/wp\/v2\/media?parent=43105"}],"wp:term":[{"taxonomy":"pwb-brand","embeddable":true,"href":"https:\/\/ajatutaja.com\/hr\/wp-json\/wp\/v2\/pwb-brand?post=43105"},{"taxonomy":"product_brand","embeddable":true,"href":"https:\/\/ajatutaja.com\/hr\/wp-json\/wp\/v2\/product_brand?post=43105"},{"taxonomy":"product_cat","embeddable":true,"href":"https:\/\/ajatutaja.com\/hr\/wp-json\/wp\/v2\/product_cat?post=43105"},{"taxonomy":"product_tag","embeddable":true,"href":"https:\/\/ajatutaja.com\/hr\/wp-json\/wp\/v2\/product_tag?post=43105"}],"curies":[{"name":"wp","href":"https:\/\/api.w.org\/{rel}","templated":true}]}}