{"id":42935,"date":"2024-05-24T13:45:37","date_gmt":"2024-05-24T11:45:37","guid":{"rendered":"https:\/\/ajatutaja.com\/?post_type=product&#038;p=42935"},"modified":"2024-06-06T09:32:04","modified_gmt":"2024-06-06T07:32:04","slug":"kompletek-za-novorojencka-bombaz-clar-2-delni-medo","status":"publish","type":"product","link":"https:\/\/ajatutaja.com\/hr\/proizvod\/kompletek-za-novorojencka-bombaz-clar-2-delni-medo\/","title":{"rendered":"Kompletek za novorojen\u010dka bomba\u017e Clar &#8211; 2 delni Medo"},"content":{"rendered":"<p>[vc_row][vc_column][vc_column_text]V 2 delnem kompletu za novorojen\u010dka Clar prejmete prakti\u010dno maj\u010dko na preklop z vezenim medvedkom, kar omogo\u010da zares preprosto obla\u010denje dojen\u010dka, ter enobarvne \u017eabice s patentom.<\/p>\n<p style=\"text-align: center\">Slovenski proizvod!<\/p>\n<p style=\"text-align: center\"><em>Surovinska sestava: 95% bomba\u017e, 5% elastan<br \/>\n<\/em><\/p>\n<p>[\/vc_column_text][\/vc_column][\/vc_row]<\/p>\n","protected":false},"excerpt":{"rendered":"<p>Mehek bomba\u017eni 2 delni kompletek za novorojen\u010dka z vezenim medvedkom, je prijeten za no\u0161enje in nezahteven za vzdr\u017eevanje. Lepo se kombinira z ostalimi kosi obla\u010dil za novorjen\u010dka Clar. Sestavljeni je iz majice na preklop in \u017eabic s patentom.<br \/>\nNa voljo v 2 barvah.<\/p>\n","protected":false},"featured_media":64838,"template":"","meta":[],"pwb-brand":[2701,2696],"product_brand":[],"product_cat":[2609,2682,2688],"product_tag":[4078,4306],"class_list":{"0":"post-42935","1":"product","2":"type-product","3":"status-publish","4":"has-post-thumbnail","6":"pwb-brand-clar","7":"pwb-brand-moda","8":"product_cat-moda","9":"product_cat-oblacila-za-novorojencka","10":"product_cat-otroski-kompleti","11":"product_tag-clar","12":"product_tag-kaj-potrebujem-za-novorojencka","14":"first","15":"instock","16":"taxable","17":"shipping-taxable","18":"purchasable","19":"product-type-variable","20":"add-to-wishlist-before_image"},"yoast_head":"<!-- This site is optimized with the Yoast SEO plugin v27.3 - https:\/\/yoast.com\/product\/yoast-seo-wordpress\/ -->\n<title>Kompletek za novorojen\u010dka bomba\u017e Clar - 2 delni Medo | Ajatutaja<\/title>\n<meta name=\"description\" content=\"Mehek bomba\u017eni 2 delni kompletek za novorojen\u010dka z vezenim motivom,\u00a0 je prijeten za no\u0161enje in nezahteven za vzdr\u017eevanje.\" \/>\n<meta name=\"robots\" content=\"index, follow, max-snippet:-1, max-image-preview:large, max-video-preview:-1\" \/>\n<link rel=\"canonical\" href=\"https:\/\/ajatutaja.com\/izdelek\/kompletek-za-novorojencka-bombaz-clar-2-delni-medo\/\" \/>\n<meta property=\"og:locale\" content=\"hr_HR\" \/>\n<meta property=\"og:type\" content=\"article\" \/>\n<meta property=\"og:title\" content=\"Kompletek za novorojen\u010dka bomba\u017e Clar - 2 delni Medo | Ajatutaja\" \/>\n<meta property=\"og:description\" content=\"Mehek bomba\u017eni 2 delni kompletek za novorojen\u010dka z vezenim motivom,\u00a0 je prijeten za no\u0161enje in nezahteven za vzdr\u017eevanje.\" \/>\n<meta property=\"og:url\" content=\"https:\/\/ajatutaja.com\/izdelek\/kompletek-za-novorojencka-bombaz-clar-2-delni-medo\/\" \/>\n<meta property=\"og:site_name\" content=\"Ajatutaja\" \/>\n<meta property=\"article:modified_time\" content=\"2024-06-06T07:32:04+00:00\" \/>\n<meta property=\"og:image\" content=\"https:\/\/ajatutaja.com\/wp-content\/uploads\/2023\/01\/06972-zelena-clar-komplet-2-delni-1.jpg\" \/>\n\t<meta property=\"og:image:width\" content=\"1200\" \/>\n\t<meta property=\"og:image:height\" content=\"1200\" \/>\n\t<meta property=\"og:image:type\" content=\"image\/jpeg\" \/>\n<meta name=\"twitter:card\" content=\"summary_large_image\" \/>\n<script type=\"application\/ld+json\" class=\"yoast-schema-graph\">{\"@context\":\"https:\\\/\\\/schema.org\",\"@graph\":[{\"@type\":\"WebPage\",\"@id\":\"https:\\\/\\\/ajatutaja.com\\\/izdelek\\\/kompletek-za-novorojencka-bombaz-clar-2-delni-medo\\\/\",\"url\":\"https:\\\/\\\/ajatutaja.com\\\/izdelek\\\/kompletek-za-novorojencka-bombaz-clar-2-delni-medo\\\/\",\"name\":\"Kompletek za novorojen\u010dka bomba\u017e Clar - 2 delni Medo | Ajatutaja\",\"isPartOf\":{\"@id\":\"https:\\\/\\\/ajatutaja.com\\\/#website\"},\"primaryImageOfPage\":{\"@id\":\"https:\\\/\\\/ajatutaja.com\\\/izdelek\\\/kompletek-za-novorojencka-bombaz-clar-2-delni-medo\\\/#primaryimage\"},\"image\":{\"@id\":\"https:\\\/\\\/ajatutaja.com\\\/izdelek\\\/kompletek-za-novorojencka-bombaz-clar-2-delni-medo\\\/#primaryimage\"},\"thumbnailUrl\":\"https:\\\/\\\/ajatutaja.com\\\/wp-content\\\/uploads\\\/2023\\\/01\\\/06972-zelena-clar-komplet-2-delni-1.jpg\",\"datePublished\":\"2024-05-24T11:45:37+00:00\",\"dateModified\":\"2024-06-06T07:32:04+00:00\",\"description\":\"Mehek bomba\u017eni 2 delni kompletek za novorojen\u010dka z vezenim motivom,\u00a0 je prijeten za no\u0161enje in nezahteven za vzdr\u017eevanje.\",\"breadcrumb\":{\"@id\":\"https:\\\/\\\/ajatutaja.com\\\/izdelek\\\/kompletek-za-novorojencka-bombaz-clar-2-delni-medo\\\/#breadcrumb\"},\"inLanguage\":\"hr\",\"potentialAction\":[{\"@type\":\"ReadAction\",\"target\":[\"https:\\\/\\\/ajatutaja.com\\\/izdelek\\\/kompletek-za-novorojencka-bombaz-clar-2-delni-medo\\\/\"]}]},{\"@type\":\"ImageObject\",\"inLanguage\":\"hr\",\"@id\":\"https:\\\/\\\/ajatutaja.com\\\/izdelek\\\/kompletek-za-novorojencka-bombaz-clar-2-delni-medo\\\/#primaryimage\",\"url\":\"https:\\\/\\\/ajatutaja.com\\\/wp-content\\\/uploads\\\/2023\\\/01\\\/06972-zelena-clar-komplet-2-delni-1.jpg\",\"contentUrl\":\"https:\\\/\\\/ajatutaja.com\\\/wp-content\\\/uploads\\\/2023\\\/01\\\/06972-zelena-clar-komplet-2-delni-1.jpg\",\"width\":1200,\"height\":1200},{\"@type\":\"BreadcrumbList\",\"@id\":\"https:\\\/\\\/ajatutaja.com\\\/izdelek\\\/kompletek-za-novorojencka-bombaz-clar-2-delni-medo\\\/#breadcrumb\",\"itemListElement\":[{\"@type\":\"ListItem\",\"position\":1,\"name\":\"Home\",\"item\":\"https:\\\/\\\/ajatutaja.com\\\/hr\\\/\"},{\"@type\":\"ListItem\",\"position\":2,\"name\":\"Trgovina\",\"item\":\"https:\\\/\\\/ajatutaja.com\\\/hr\\\/trgovina\\\/\"},{\"@type\":\"ListItem\",\"position\":3,\"name\":\"Kompletek za novorojen\u010dka bomba\u017e Clar &#8211; 2 delni Medo\"}]},{\"@type\":\"WebSite\",\"@id\":\"https:\\\/\\\/ajatutaja.com\\\/#website\",\"url\":\"https:\\\/\\\/ajatutaja.com\\\/\",\"name\":\"Ajatutaja\",\"description\":\"Otro\u0161ka spletna trgovina AJATUTAJA\",\"publisher\":{\"@id\":\"https:\\\/\\\/ajatutaja.com\\\/#organization\"},\"potentialAction\":[{\"@type\":\"SearchAction\",\"target\":{\"@type\":\"EntryPoint\",\"urlTemplate\":\"https:\\\/\\\/ajatutaja.com\\\/?s={search_term_string}\"},\"query-input\":{\"@type\":\"PropertyValueSpecification\",\"valueRequired\":true,\"valueName\":\"search_term_string\"}}],\"inLanguage\":\"hr\"},{\"@type\":\"Organization\",\"@id\":\"https:\\\/\\\/ajatutaja.com\\\/#organization\",\"name\":\"Ajatutaja\",\"url\":\"https:\\\/\\\/ajatutaja.com\\\/\",\"logo\":{\"@type\":\"ImageObject\",\"inLanguage\":\"hr\",\"@id\":\"https:\\\/\\\/ajatutaja.com\\\/#\\\/schema\\\/logo\\\/image\\\/\",\"url\":\"https:\\\/\\\/ajatutaja.com\\\/wp-content\\\/uploads\\\/2021\\\/10\\\/logo.png\",\"contentUrl\":\"https:\\\/\\\/ajatutaja.com\\\/wp-content\\\/uploads\\\/2021\\\/10\\\/logo.png\",\"width\":555,\"height\":150,\"caption\":\"Ajatutaja\"},\"image\":{\"@id\":\"https:\\\/\\\/ajatutaja.com\\\/#\\\/schema\\\/logo\\\/image\\\/\"}}]}<\/script>\n<!-- \/ Yoast SEO plugin. -->","yoast_head_json":{"title":"Kompletek za novorojen\u010dka bomba\u017e Clar - 2 delni Medo | Ajatutaja","description":"Mehek bomba\u017eni 2 delni kompletek za novorojen\u010dka z vezenim motivom,\u00a0 je prijeten za no\u0161enje in nezahteven za vzdr\u017eevanje.","robots":{"index":"index","follow":"follow","max-snippet":"max-snippet:-1","max-image-preview":"max-image-preview:large","max-video-preview":"max-video-preview:-1"},"canonical":"https:\/\/ajatutaja.com\/izdelek\/kompletek-za-novorojencka-bombaz-clar-2-delni-medo\/","og_locale":"hr_HR","og_type":"article","og_title":"Kompletek za novorojen\u010dka bomba\u017e Clar - 2 delni Medo | Ajatutaja","og_description":"Mehek bomba\u017eni 2 delni kompletek za novorojen\u010dka z vezenim motivom,\u00a0 je prijeten za no\u0161enje in nezahteven za vzdr\u017eevanje.","og_url":"https:\/\/ajatutaja.com\/izdelek\/kompletek-za-novorojencka-bombaz-clar-2-delni-medo\/","og_site_name":"Ajatutaja","article_modified_time":"2024-06-06T07:32:04+00:00","og_image":[{"width":1200,"height":1200,"url":"https:\/\/ajatutaja.com\/wp-content\/uploads\/2023\/01\/06972-zelena-clar-komplet-2-delni-1.jpg","type":"image\/jpeg"}],"twitter_card":"summary_large_image","schema":{"@context":"https:\/\/schema.org","@graph":[{"@type":"WebPage","@id":"https:\/\/ajatutaja.com\/izdelek\/kompletek-za-novorojencka-bombaz-clar-2-delni-medo\/","url":"https:\/\/ajatutaja.com\/izdelek\/kompletek-za-novorojencka-bombaz-clar-2-delni-medo\/","name":"Kompletek za novorojen\u010dka bomba\u017e Clar - 2 delni Medo | Ajatutaja","isPartOf":{"@id":"https:\/\/ajatutaja.com\/#website"},"primaryImageOfPage":{"@id":"https:\/\/ajatutaja.com\/izdelek\/kompletek-za-novorojencka-bombaz-clar-2-delni-medo\/#primaryimage"},"image":{"@id":"https:\/\/ajatutaja.com\/izdelek\/kompletek-za-novorojencka-bombaz-clar-2-delni-medo\/#primaryimage"},"thumbnailUrl":"https:\/\/ajatutaja.com\/wp-content\/uploads\/2023\/01\/06972-zelena-clar-komplet-2-delni-1.jpg","datePublished":"2024-05-24T11:45:37+00:00","dateModified":"2024-06-06T07:32:04+00:00","description":"Mehek bomba\u017eni 2 delni kompletek za novorojen\u010dka z vezenim motivom,\u00a0 je prijeten za no\u0161enje in nezahteven za vzdr\u017eevanje.","breadcrumb":{"@id":"https:\/\/ajatutaja.com\/izdelek\/kompletek-za-novorojencka-bombaz-clar-2-delni-medo\/#breadcrumb"},"inLanguage":"hr","potentialAction":[{"@type":"ReadAction","target":["https:\/\/ajatutaja.com\/izdelek\/kompletek-za-novorojencka-bombaz-clar-2-delni-medo\/"]}]},{"@type":"ImageObject","inLanguage":"hr","@id":"https:\/\/ajatutaja.com\/izdelek\/kompletek-za-novorojencka-bombaz-clar-2-delni-medo\/#primaryimage","url":"https:\/\/ajatutaja.com\/wp-content\/uploads\/2023\/01\/06972-zelena-clar-komplet-2-delni-1.jpg","contentUrl":"https:\/\/ajatutaja.com\/wp-content\/uploads\/2023\/01\/06972-zelena-clar-komplet-2-delni-1.jpg","width":1200,"height":1200},{"@type":"BreadcrumbList","@id":"https:\/\/ajatutaja.com\/izdelek\/kompletek-za-novorojencka-bombaz-clar-2-delni-medo\/#breadcrumb","itemListElement":[{"@type":"ListItem","position":1,"name":"Home","item":"https:\/\/ajatutaja.com\/hr\/"},{"@type":"ListItem","position":2,"name":"Trgovina","item":"https:\/\/ajatutaja.com\/hr\/trgovina\/"},{"@type":"ListItem","position":3,"name":"Kompletek za novorojen\u010dka bomba\u017e Clar &#8211; 2 delni Medo"}]},{"@type":"WebSite","@id":"https:\/\/ajatutaja.com\/#website","url":"https:\/\/ajatutaja.com\/","name":"Ajatutaja","description":"Otro\u0161ka spletna trgovina AJATUTAJA","publisher":{"@id":"https:\/\/ajatutaja.com\/#organization"},"potentialAction":[{"@type":"SearchAction","target":{"@type":"EntryPoint","urlTemplate":"https:\/\/ajatutaja.com\/?s={search_term_string}"},"query-input":{"@type":"PropertyValueSpecification","valueRequired":true,"valueName":"search_term_string"}}],"inLanguage":"hr"},{"@type":"Organization","@id":"https:\/\/ajatutaja.com\/#organization","name":"Ajatutaja","url":"https:\/\/ajatutaja.com\/","logo":{"@type":"ImageObject","inLanguage":"hr","@id":"https:\/\/ajatutaja.com\/#\/schema\/logo\/image\/","url":"https:\/\/ajatutaja.com\/wp-content\/uploads\/2021\/10\/logo.png","contentUrl":"https:\/\/ajatutaja.com\/wp-content\/uploads\/2021\/10\/logo.png","width":555,"height":150,"caption":"Ajatutaja"},"image":{"@id":"https:\/\/ajatutaja.com\/#\/schema\/logo\/image\/"}}]}},"brands":[{"id":2701,"name":"Clar","slug":"clar"},{"id":2696,"name":"Moda","slug":"moda"}],"_links":{"self":[{"href":"https:\/\/ajatutaja.com\/hr\/wp-json\/wp\/v2\/product\/42935","targetHints":{"allow":["GET"]}}],"collection":[{"href":"https:\/\/ajatutaja.com\/hr\/wp-json\/wp\/v2\/product"}],"about":[{"href":"https:\/\/ajatutaja.com\/hr\/wp-json\/wp\/v2\/types\/product"}],"wp:featuredmedia":[{"embeddable":true,"href":"https:\/\/ajatutaja.com\/hr\/wp-json\/wp\/v2\/media\/64838"}],"wp:attachment":[{"href":"https:\/\/ajatutaja.com\/hr\/wp-json\/wp\/v2\/media?parent=42935"}],"wp:term":[{"taxonomy":"pwb-brand","embeddable":true,"href":"https:\/\/ajatutaja.com\/hr\/wp-json\/wp\/v2\/pwb-brand?post=42935"},{"taxonomy":"product_brand","embeddable":true,"href":"https:\/\/ajatutaja.com\/hr\/wp-json\/wp\/v2\/product_brand?post=42935"},{"taxonomy":"product_cat","embeddable":true,"href":"https:\/\/ajatutaja.com\/hr\/wp-json\/wp\/v2\/product_cat?post=42935"},{"taxonomy":"product_tag","embeddable":true,"href":"https:\/\/ajatutaja.com\/hr\/wp-json\/wp\/v2\/product_tag?post=42935"}],"curies":[{"name":"wp","href":"https:\/\/api.w.org\/{rel}","templated":true}]}}