{"id":42757,"date":"2025-02-02T09:20:37","date_gmt":"2025-02-02T08:20:37","guid":{"rendered":"https:\/\/ajatutaja.com\/?post_type=product&#038;p=42757"},"modified":"2026-02-01T08:48:52","modified_gmt":"2026-02-01T07:48:52","slug":"nogavicke-za-dojencka-stephen-joseph-pak-3-shark","status":"publish","type":"product","link":"https:\/\/ajatutaja.com\/hr\/proizvod\/nogavicke-za-dojencka-stephen-joseph-pak-3-shark\/","title":{"rendered":"Nogavi\u010dke za dojen\u010dka Stephen Joseph (Pak.3) &#8211; Shark"},"content":{"rendered":"<p>[vc_row][vc_column][vc_column_text]<\/p>\n<h3>Lastnosti nogavi\u010dk Stephen Joseph:<\/h3>\n<ul>\n<li>Motiv Morski Pes<\/li>\n<li>3 pari nogavi\u010dk v kompletu<\/li>\n<li>Univerzalna velikost 0-12 mesecev<\/li>\n<li>Material: 62% bomba\u017e, 35% poliester, 3% elastan<\/li>\n<li>Strojno pranje pri hladnih temperaturah. Ne uporabljajte belila, ne likajte<\/li>\n<li>Izdelek ustreza vsem varnostnim standardom ZDA in EU<\/li>\n<\/ul>\n<p>[\/vc_column_text][\/vc_column][\/vc_row]<\/p>\n","protected":false},"excerpt":{"rendered":"<p>Set 3 nogavi\u010dk za dojen\u010dke Stephen Joseph so tako ljubke, da se jim ne boste mogli upreti! Nogavi\u010dke so nadvse primerne kot lepo in uporabno darilo ob rojstvu.<\/p>\n","protected":false},"featured_media":73112,"template":"","meta":[],"pwb-brand":[2696,2706],"product_brand":[],"product_cat":[2715,2711,2712,2692],"product_tag":[4037,3980],"class_list":{"0":"post-42757","1":"product","2":"type-product","3":"status-publish","4":"has-post-thumbnail","6":"pwb-brand-moda","7":"pwb-brand-stephen-joseph-moda","8":"product_cat-darilo-do-15e","9":"product_cat-darilo-ob-rojstvu","10":"product_cat-darilo-za-decka","11":"product_cat-nogavice-in-zabice","12":"product_tag-shark","13":"product_tag-stephen-joseph","15":"first","16":"instock","17":"sale","18":"taxable","19":"shipping-taxable","20":"purchasable","21":"product-type-simple","22":"add-to-wishlist-before_image"},"yoast_head":"<!-- This site is optimized with the Yoast SEO plugin v27.6 - https:\/\/yoast.com\/product\/yoast-seo-wordpress\/ -->\n<title>Nogavi\u010dke za dojen\u010dka Stephen Joseph (Pak.3) - Shark | Ajatutaja<\/title>\n<meta name=\"description\" content=\"Set 3 nogavi\u010dk za dojen\u010dke Stephen Joseph so tako ljubke, da se jim ne boste mogli upreti! Nogavi\u010dke so nadvse primerne kot lepo in uporabno darilo ob rojstvu.\" \/>\n<meta name=\"robots\" content=\"index, follow, max-snippet:-1, max-image-preview:large, max-video-preview:-1\" \/>\n<link rel=\"canonical\" href=\"https:\/\/ajatutaja.com\/izdelek\/nogavicke-za-dojencka-stephen-joseph-pak-3-shark\/\" \/>\n<meta property=\"og:locale\" content=\"hr_HR\" \/>\n<meta property=\"og:type\" content=\"article\" \/>\n<meta property=\"og:title\" content=\"Nogavi\u010dke za dojen\u010dka Stephen Joseph (Pak.3) - Shark | Ajatutaja\" \/>\n<meta property=\"og:description\" content=\"Set 3 nogavi\u010dk za dojen\u010dke Stephen Joseph so tako ljubke, da se jim ne boste mogli upreti! Nogavi\u010dke so nadvse primerne kot lepo in uporabno darilo ob rojstvu.\" \/>\n<meta property=\"og:url\" content=\"https:\/\/ajatutaja.com\/izdelek\/nogavicke-za-dojencka-stephen-joseph-pak-3-shark\/\" \/>\n<meta property=\"og:site_name\" content=\"Ajatutaja\" \/>\n<meta property=\"article:modified_time\" content=\"2026-02-01T07:48:52+00:00\" \/>\n<meta property=\"og:image\" content=\"https:\/\/ajatutaja.com\/wp-content\/uploads\/2023\/01\/Stephen-joseph-set-3-baby-nogavick-shark-1.jpg\" \/>\n\t<meta property=\"og:image:width\" content=\"800\" \/>\n\t<meta property=\"og:image:height\" content=\"800\" \/>\n\t<meta property=\"og:image:type\" content=\"image\/jpeg\" \/>\n<meta name=\"twitter:card\" content=\"summary_large_image\" \/>\n<script type=\"application\/ld+json\" class=\"yoast-schema-graph\">{\"@context\":\"https:\\\/\\\/schema.org\",\"@graph\":[{\"@type\":\"WebPage\",\"@id\":\"https:\\\/\\\/ajatutaja.com\\\/izdelek\\\/nogavicke-za-dojencka-stephen-joseph-pak-3-shark\\\/\",\"url\":\"https:\\\/\\\/ajatutaja.com\\\/izdelek\\\/nogavicke-za-dojencka-stephen-joseph-pak-3-shark\\\/\",\"name\":\"Nogavi\u010dke za dojen\u010dka Stephen Joseph (Pak.3) - Shark | Ajatutaja\",\"isPartOf\":{\"@id\":\"https:\\\/\\\/ajatutaja.com\\\/#website\"},\"primaryImageOfPage\":{\"@id\":\"https:\\\/\\\/ajatutaja.com\\\/izdelek\\\/nogavicke-za-dojencka-stephen-joseph-pak-3-shark\\\/#primaryimage\"},\"image\":{\"@id\":\"https:\\\/\\\/ajatutaja.com\\\/izdelek\\\/nogavicke-za-dojencka-stephen-joseph-pak-3-shark\\\/#primaryimage\"},\"thumbnailUrl\":\"https:\\\/\\\/ajatutaja.com\\\/wp-content\\\/uploads\\\/2023\\\/01\\\/Stephen-joseph-set-3-baby-nogavick-shark-1.jpg\",\"datePublished\":\"2025-02-02T08:20:37+00:00\",\"dateModified\":\"2026-02-01T07:48:52+00:00\",\"description\":\"Set 3 nogavi\u010dk za dojen\u010dke Stephen Joseph so tako ljubke, da se jim ne boste mogli upreti! Nogavi\u010dke so nadvse primerne kot lepo in uporabno darilo ob rojstvu.\",\"breadcrumb\":{\"@id\":\"https:\\\/\\\/ajatutaja.com\\\/izdelek\\\/nogavicke-za-dojencka-stephen-joseph-pak-3-shark\\\/#breadcrumb\"},\"inLanguage\":\"hr\",\"potentialAction\":[{\"@type\":\"ReadAction\",\"target\":[\"https:\\\/\\\/ajatutaja.com\\\/izdelek\\\/nogavicke-za-dojencka-stephen-joseph-pak-3-shark\\\/\"]}]},{\"@type\":\"ImageObject\",\"inLanguage\":\"hr\",\"@id\":\"https:\\\/\\\/ajatutaja.com\\\/izdelek\\\/nogavicke-za-dojencka-stephen-joseph-pak-3-shark\\\/#primaryimage\",\"url\":\"https:\\\/\\\/ajatutaja.com\\\/wp-content\\\/uploads\\\/2023\\\/01\\\/Stephen-joseph-set-3-baby-nogavick-shark-1.jpg\",\"contentUrl\":\"https:\\\/\\\/ajatutaja.com\\\/wp-content\\\/uploads\\\/2023\\\/01\\\/Stephen-joseph-set-3-baby-nogavick-shark-1.jpg\",\"width\":800,\"height\":800},{\"@type\":\"BreadcrumbList\",\"@id\":\"https:\\\/\\\/ajatutaja.com\\\/izdelek\\\/nogavicke-za-dojencka-stephen-joseph-pak-3-shark\\\/#breadcrumb\",\"itemListElement\":[{\"@type\":\"ListItem\",\"position\":1,\"name\":\"Home\",\"item\":\"https:\\\/\\\/ajatutaja.com\\\/hr\\\/\"},{\"@type\":\"ListItem\",\"position\":2,\"name\":\"Trgovina\",\"item\":\"https:\\\/\\\/ajatutaja.com\\\/hr\\\/trgovina\\\/\"},{\"@type\":\"ListItem\",\"position\":3,\"name\":\"Nogavi\u010dke za dojen\u010dka Stephen Joseph (Pak.3) &#8211; Shark\"}]},{\"@type\":\"WebSite\",\"@id\":\"https:\\\/\\\/ajatutaja.com\\\/#website\",\"url\":\"https:\\\/\\\/ajatutaja.com\\\/\",\"name\":\"Ajatutaja\",\"description\":\"Otro\u0161ka spletna trgovina AJATUTAJA\",\"publisher\":{\"@id\":\"https:\\\/\\\/ajatutaja.com\\\/#organization\"},\"potentialAction\":[{\"@type\":\"SearchAction\",\"target\":{\"@type\":\"EntryPoint\",\"urlTemplate\":\"https:\\\/\\\/ajatutaja.com\\\/?s={search_term_string}\"},\"query-input\":{\"@type\":\"PropertyValueSpecification\",\"valueRequired\":true,\"valueName\":\"search_term_string\"}}],\"inLanguage\":\"hr\"},{\"@type\":\"Organization\",\"@id\":\"https:\\\/\\\/ajatutaja.com\\\/#organization\",\"name\":\"Ajatutaja\",\"url\":\"https:\\\/\\\/ajatutaja.com\\\/\",\"logo\":{\"@type\":\"ImageObject\",\"inLanguage\":\"hr\",\"@id\":\"https:\\\/\\\/ajatutaja.com\\\/#\\\/schema\\\/logo\\\/image\\\/\",\"url\":\"https:\\\/\\\/ajatutaja.com\\\/wp-content\\\/uploads\\\/2021\\\/10\\\/logo.png\",\"contentUrl\":\"https:\\\/\\\/ajatutaja.com\\\/wp-content\\\/uploads\\\/2021\\\/10\\\/logo.png\",\"width\":555,\"height\":150,\"caption\":\"Ajatutaja\"},\"image\":{\"@id\":\"https:\\\/\\\/ajatutaja.com\\\/#\\\/schema\\\/logo\\\/image\\\/\"}}]}<\/script>\n<!-- \/ Yoast SEO plugin. -->","yoast_head_json":{"title":"Nogavi\u010dke za dojen\u010dka Stephen Joseph (Pak.3) - Shark | Ajatutaja","description":"Set 3 nogavi\u010dk za dojen\u010dke Stephen Joseph so tako ljubke, da se jim ne boste mogli upreti! Nogavi\u010dke so nadvse primerne kot lepo in uporabno darilo ob rojstvu.","robots":{"index":"index","follow":"follow","max-snippet":"max-snippet:-1","max-image-preview":"max-image-preview:large","max-video-preview":"max-video-preview:-1"},"canonical":"https:\/\/ajatutaja.com\/izdelek\/nogavicke-za-dojencka-stephen-joseph-pak-3-shark\/","og_locale":"hr_HR","og_type":"article","og_title":"Nogavi\u010dke za dojen\u010dka Stephen Joseph (Pak.3) - Shark | Ajatutaja","og_description":"Set 3 nogavi\u010dk za dojen\u010dke Stephen Joseph so tako ljubke, da se jim ne boste mogli upreti! Nogavi\u010dke so nadvse primerne kot lepo in uporabno darilo ob rojstvu.","og_url":"https:\/\/ajatutaja.com\/izdelek\/nogavicke-za-dojencka-stephen-joseph-pak-3-shark\/","og_site_name":"Ajatutaja","article_modified_time":"2026-02-01T07:48:52+00:00","og_image":[{"width":800,"height":800,"url":"https:\/\/ajatutaja.com\/wp-content\/uploads\/2023\/01\/Stephen-joseph-set-3-baby-nogavick-shark-1.jpg","type":"image\/jpeg"}],"twitter_card":"summary_large_image","schema":{"@context":"https:\/\/schema.org","@graph":[{"@type":"WebPage","@id":"https:\/\/ajatutaja.com\/izdelek\/nogavicke-za-dojencka-stephen-joseph-pak-3-shark\/","url":"https:\/\/ajatutaja.com\/izdelek\/nogavicke-za-dojencka-stephen-joseph-pak-3-shark\/","name":"Nogavi\u010dke za dojen\u010dka Stephen Joseph (Pak.3) - Shark | Ajatutaja","isPartOf":{"@id":"https:\/\/ajatutaja.com\/#website"},"primaryImageOfPage":{"@id":"https:\/\/ajatutaja.com\/izdelek\/nogavicke-za-dojencka-stephen-joseph-pak-3-shark\/#primaryimage"},"image":{"@id":"https:\/\/ajatutaja.com\/izdelek\/nogavicke-za-dojencka-stephen-joseph-pak-3-shark\/#primaryimage"},"thumbnailUrl":"https:\/\/ajatutaja.com\/wp-content\/uploads\/2023\/01\/Stephen-joseph-set-3-baby-nogavick-shark-1.jpg","datePublished":"2025-02-02T08:20:37+00:00","dateModified":"2026-02-01T07:48:52+00:00","description":"Set 3 nogavi\u010dk za dojen\u010dke Stephen Joseph so tako ljubke, da se jim ne boste mogli upreti! Nogavi\u010dke so nadvse primerne kot lepo in uporabno darilo ob rojstvu.","breadcrumb":{"@id":"https:\/\/ajatutaja.com\/izdelek\/nogavicke-za-dojencka-stephen-joseph-pak-3-shark\/#breadcrumb"},"inLanguage":"hr","potentialAction":[{"@type":"ReadAction","target":["https:\/\/ajatutaja.com\/izdelek\/nogavicke-za-dojencka-stephen-joseph-pak-3-shark\/"]}]},{"@type":"ImageObject","inLanguage":"hr","@id":"https:\/\/ajatutaja.com\/izdelek\/nogavicke-za-dojencka-stephen-joseph-pak-3-shark\/#primaryimage","url":"https:\/\/ajatutaja.com\/wp-content\/uploads\/2023\/01\/Stephen-joseph-set-3-baby-nogavick-shark-1.jpg","contentUrl":"https:\/\/ajatutaja.com\/wp-content\/uploads\/2023\/01\/Stephen-joseph-set-3-baby-nogavick-shark-1.jpg","width":800,"height":800},{"@type":"BreadcrumbList","@id":"https:\/\/ajatutaja.com\/izdelek\/nogavicke-za-dojencka-stephen-joseph-pak-3-shark\/#breadcrumb","itemListElement":[{"@type":"ListItem","position":1,"name":"Home","item":"https:\/\/ajatutaja.com\/hr\/"},{"@type":"ListItem","position":2,"name":"Trgovina","item":"https:\/\/ajatutaja.com\/hr\/trgovina\/"},{"@type":"ListItem","position":3,"name":"Nogavi\u010dke za dojen\u010dka Stephen Joseph (Pak.3) &#8211; Shark"}]},{"@type":"WebSite","@id":"https:\/\/ajatutaja.com\/#website","url":"https:\/\/ajatutaja.com\/","name":"Ajatutaja","description":"Otro\u0161ka spletna trgovina AJATUTAJA","publisher":{"@id":"https:\/\/ajatutaja.com\/#organization"},"potentialAction":[{"@type":"SearchAction","target":{"@type":"EntryPoint","urlTemplate":"https:\/\/ajatutaja.com\/?s={search_term_string}"},"query-input":{"@type":"PropertyValueSpecification","valueRequired":true,"valueName":"search_term_string"}}],"inLanguage":"hr"},{"@type":"Organization","@id":"https:\/\/ajatutaja.com\/#organization","name":"Ajatutaja","url":"https:\/\/ajatutaja.com\/","logo":{"@type":"ImageObject","inLanguage":"hr","@id":"https:\/\/ajatutaja.com\/#\/schema\/logo\/image\/","url":"https:\/\/ajatutaja.com\/wp-content\/uploads\/2021\/10\/logo.png","contentUrl":"https:\/\/ajatutaja.com\/wp-content\/uploads\/2021\/10\/logo.png","width":555,"height":150,"caption":"Ajatutaja"},"image":{"@id":"https:\/\/ajatutaja.com\/#\/schema\/logo\/image\/"}}]}},"brands":[{"id":2696,"name":"Moda","slug":"moda"},{"id":2706,"name":"Stephen Joseph","slug":"stephen-joseph-moda"}],"_links":{"self":[{"href":"https:\/\/ajatutaja.com\/hr\/wp-json\/wp\/v2\/product\/42757","targetHints":{"allow":["GET"]}}],"collection":[{"href":"https:\/\/ajatutaja.com\/hr\/wp-json\/wp\/v2\/product"}],"about":[{"href":"https:\/\/ajatutaja.com\/hr\/wp-json\/wp\/v2\/types\/product"}],"wp:featuredmedia":[{"embeddable":true,"href":"https:\/\/ajatutaja.com\/hr\/wp-json\/wp\/v2\/media\/73112"}],"wp:attachment":[{"href":"https:\/\/ajatutaja.com\/hr\/wp-json\/wp\/v2\/media?parent=42757"}],"wp:term":[{"taxonomy":"pwb-brand","embeddable":true,"href":"https:\/\/ajatutaja.com\/hr\/wp-json\/wp\/v2\/pwb-brand?post=42757"},{"taxonomy":"product_brand","embeddable":true,"href":"https:\/\/ajatutaja.com\/hr\/wp-json\/wp\/v2\/product_brand?post=42757"},{"taxonomy":"product_cat","embeddable":true,"href":"https:\/\/ajatutaja.com\/hr\/wp-json\/wp\/v2\/product_cat?post=42757"},{"taxonomy":"product_tag","embeddable":true,"href":"https:\/\/ajatutaja.com\/hr\/wp-json\/wp\/v2\/product_tag?post=42757"}],"curies":[{"name":"wp","href":"https:\/\/api.w.org\/{rel}","templated":true}]}}