{"id":42727,"date":"2023-01-19T15:30:02","date_gmt":"2023-01-19T14:30:02","guid":{"rendered":"https:\/\/ajatutaja.com\/?post_type=product&#038;p=42727"},"modified":"2025-10-30T15:19:47","modified_gmt":"2025-10-30T14:19:47","slug":"leseni-set-za-ustvarjanje-nakita-stephen-joseph-leopard","status":"publish","type":"product","link":"https:\/\/ajatutaja.com\/hr\/proizvod\/leseni-set-za-ustvarjanje-nakita-stephen-joseph-leopard\/","title":{"rendered":"Leseni set za ustvarjanje nakita Stephen Joseph &#8211; Leopard"},"content":{"rendered":"<p>[vc_row][vc_column][vc_column_text]<\/p>\n<h3>Leseni set za ustvarjanje nakita Stephen Joseph:<\/h3>\n<ul>\n<li>\u00a0125 lesenih kroglic razli\u010dnih barv<\/li>\n<li>4 vrvice za ogrlico<\/li>\n<li>4 vrvice za zapestnico<\/li>\n<li>lesena \u0161katlica, ki jo nato lahko uporablja za shranjevanje nakita<\/li>\n<\/ul>\n<p>Leseni set za ustvarjanje nakita Stephen Joseph je odli\u010dna re\u0161itev za krepitev motori\u010dnih sposobnosti, domi\u0161ljije in prepoznavanja vzorcev.<\/p>\n<p><strong>Velikost:<\/strong> cca 20 cm x 18 cm<\/p>\n<p><em><b>OPOZORILO:<\/b> Igra\u010da ni primerna za otroke do 3. leta starosti. Majhni delci so nevarni, ker jih otroci lahko vdihnejo ali pogoltnejo. Predno otroku izro\u010dite igra\u010do odstranite embala\u017eo. Shranite informacije za poznej\u0161o rabo.<\/em>[\/vc_column_text][\/vc_column][\/vc_row]<\/p>\n","protected":false},"excerpt":{"rendered":"<p>S setom za ustvarjanje nakita Stephen Joseph otrok krepi svoje motori\u010dne sposobnosti in domi\u0161ljijo, saj mu set pu\u0161\u010da neskon\u010dne mo\u017enosti kombinacij. Kmalu bodo najlep\u0161e kose nakita nosili vsi dru\u017einski \u010dlani in prijatelji.<\/p>\n<p>\u010cudovita ideja za darilo.<\/p>\n","protected":false},"featured_media":42732,"template":"","meta":[],"pwb-brand":[2452,2460],"product_brand":[],"product_cat":[3992,2716,2713,2443,2445],"product_tag":[3980],"class_list":{"0":"post-42727","1":"product","2":"type-product","3":"status-publish","4":"has-post-thumbnail","6":"pwb-brand-igranje","7":"pwb-brand-stephen-joseph-igranje","8":"product_cat-3-leta-igrace","9":"product_cat-darilo-do-30e","10":"product_cat-darilo-za-deklico","11":"product_cat-lesene-igrace","12":"product_cat-sestavljanke","13":"product_tag-stephen-joseph","15":"first","16":"instock","17":"taxable","18":"shipping-taxable","19":"purchasable","20":"product-type-simple","21":"add-to-wishlist-before_image"},"yoast_head":"<!-- This site is optimized with the Yoast SEO plugin v27.3 - https:\/\/yoast.com\/product\/yoast-seo-wordpress\/ -->\n<title>Leseni set za ustvarjanje nakita Stephen Joseph - Leopard | Ajatutaja<\/title>\n<meta name=\"description\" content=\"S setom za ustvarjanje nakita Stephen Joseph otrok krepi svoje motori\u010dne sposobnosti in domi\u0161ljijo, saj mu set pu\u0161\u010da neskon\u010dne mo\u017enosti kombinacij.\" \/>\n<meta name=\"robots\" content=\"index, follow, max-snippet:-1, max-image-preview:large, max-video-preview:-1\" \/>\n<link rel=\"canonical\" href=\"https:\/\/ajatutaja.com\/izdelek\/leseni-set-za-ustvarjanje-nakita-stephen-joseph-leopard\/\" \/>\n<meta property=\"og:locale\" content=\"hr_HR\" \/>\n<meta property=\"og:type\" content=\"article\" \/>\n<meta property=\"og:title\" content=\"Leseni set za ustvarjanje nakita Stephen Joseph - Leopard | Ajatutaja\" \/>\n<meta property=\"og:description\" content=\"S setom za ustvarjanje nakita Stephen Joseph otrok krepi svoje motori\u010dne sposobnosti in domi\u0161ljijo, saj mu set pu\u0161\u010da neskon\u010dne mo\u017enosti kombinacij.\" \/>\n<meta property=\"og:url\" content=\"https:\/\/ajatutaja.com\/izdelek\/leseni-set-za-ustvarjanje-nakita-stephen-joseph-leopard\/\" \/>\n<meta property=\"og:site_name\" content=\"Ajatutaja\" \/>\n<meta property=\"article:modified_time\" content=\"2025-10-30T14:19:47+00:00\" \/>\n<meta property=\"og:image\" content=\"https:\/\/ajatutaja.com\/wp-content\/uploads\/2023\/01\/Stephen-joseph-set-za-ustvarjanje-nakita-ajatutaja-leopard-2.jpg\" \/>\n\t<meta property=\"og:image:width\" content=\"800\" \/>\n\t<meta property=\"og:image:height\" content=\"800\" \/>\n\t<meta property=\"og:image:type\" content=\"image\/jpeg\" \/>\n<meta name=\"twitter:card\" content=\"summary_large_image\" \/>\n<meta name=\"twitter:label1\" content=\"Procijenjeno vrijeme \u010ditanja\" \/>\n\t<meta name=\"twitter:data1\" content=\"1 minuta\" \/>\n<script type=\"application\/ld+json\" class=\"yoast-schema-graph\">{\"@context\":\"https:\\\/\\\/schema.org\",\"@graph\":[{\"@type\":\"WebPage\",\"@id\":\"https:\\\/\\\/ajatutaja.com\\\/izdelek\\\/leseni-set-za-ustvarjanje-nakita-stephen-joseph-leopard\\\/\",\"url\":\"https:\\\/\\\/ajatutaja.com\\\/izdelek\\\/leseni-set-za-ustvarjanje-nakita-stephen-joseph-leopard\\\/\",\"name\":\"Leseni set za ustvarjanje nakita Stephen Joseph - Leopard | Ajatutaja\",\"isPartOf\":{\"@id\":\"https:\\\/\\\/ajatutaja.com\\\/#website\"},\"primaryImageOfPage\":{\"@id\":\"https:\\\/\\\/ajatutaja.com\\\/izdelek\\\/leseni-set-za-ustvarjanje-nakita-stephen-joseph-leopard\\\/#primaryimage\"},\"image\":{\"@id\":\"https:\\\/\\\/ajatutaja.com\\\/izdelek\\\/leseni-set-za-ustvarjanje-nakita-stephen-joseph-leopard\\\/#primaryimage\"},\"thumbnailUrl\":\"https:\\\/\\\/ajatutaja.com\\\/wp-content\\\/uploads\\\/2023\\\/01\\\/Stephen-joseph-set-za-ustvarjanje-nakita-ajatutaja-leopard-2.jpg\",\"datePublished\":\"2023-01-19T14:30:02+00:00\",\"dateModified\":\"2025-10-30T14:19:47+00:00\",\"description\":\"S setom za ustvarjanje nakita Stephen Joseph otrok krepi svoje motori\u010dne sposobnosti in domi\u0161ljijo, saj mu set pu\u0161\u010da neskon\u010dne mo\u017enosti kombinacij.\",\"breadcrumb\":{\"@id\":\"https:\\\/\\\/ajatutaja.com\\\/izdelek\\\/leseni-set-za-ustvarjanje-nakita-stephen-joseph-leopard\\\/#breadcrumb\"},\"inLanguage\":\"hr\",\"potentialAction\":[{\"@type\":\"ReadAction\",\"target\":[\"https:\\\/\\\/ajatutaja.com\\\/izdelek\\\/leseni-set-za-ustvarjanje-nakita-stephen-joseph-leopard\\\/\"]}]},{\"@type\":\"ImageObject\",\"inLanguage\":\"hr\",\"@id\":\"https:\\\/\\\/ajatutaja.com\\\/izdelek\\\/leseni-set-za-ustvarjanje-nakita-stephen-joseph-leopard\\\/#primaryimage\",\"url\":\"https:\\\/\\\/ajatutaja.com\\\/wp-content\\\/uploads\\\/2023\\\/01\\\/Stephen-joseph-set-za-ustvarjanje-nakita-ajatutaja-leopard-2.jpg\",\"contentUrl\":\"https:\\\/\\\/ajatutaja.com\\\/wp-content\\\/uploads\\\/2023\\\/01\\\/Stephen-joseph-set-za-ustvarjanje-nakita-ajatutaja-leopard-2.jpg\",\"width\":800,\"height\":800},{\"@type\":\"BreadcrumbList\",\"@id\":\"https:\\\/\\\/ajatutaja.com\\\/izdelek\\\/leseni-set-za-ustvarjanje-nakita-stephen-joseph-leopard\\\/#breadcrumb\",\"itemListElement\":[{\"@type\":\"ListItem\",\"position\":1,\"name\":\"Home\",\"item\":\"https:\\\/\\\/ajatutaja.com\\\/hr\\\/\"},{\"@type\":\"ListItem\",\"position\":2,\"name\":\"Trgovina\",\"item\":\"https:\\\/\\\/ajatutaja.com\\\/hr\\\/trgovina\\\/\"},{\"@type\":\"ListItem\",\"position\":3,\"name\":\"Leseni set za ustvarjanje nakita Stephen Joseph &#8211; Leopard\"}]},{\"@type\":\"WebSite\",\"@id\":\"https:\\\/\\\/ajatutaja.com\\\/#website\",\"url\":\"https:\\\/\\\/ajatutaja.com\\\/\",\"name\":\"Ajatutaja\",\"description\":\"Otro\u0161ka spletna trgovina AJATUTAJA\",\"publisher\":{\"@id\":\"https:\\\/\\\/ajatutaja.com\\\/#organization\"},\"potentialAction\":[{\"@type\":\"SearchAction\",\"target\":{\"@type\":\"EntryPoint\",\"urlTemplate\":\"https:\\\/\\\/ajatutaja.com\\\/?s={search_term_string}\"},\"query-input\":{\"@type\":\"PropertyValueSpecification\",\"valueRequired\":true,\"valueName\":\"search_term_string\"}}],\"inLanguage\":\"hr\"},{\"@type\":\"Organization\",\"@id\":\"https:\\\/\\\/ajatutaja.com\\\/#organization\",\"name\":\"Ajatutaja\",\"url\":\"https:\\\/\\\/ajatutaja.com\\\/\",\"logo\":{\"@type\":\"ImageObject\",\"inLanguage\":\"hr\",\"@id\":\"https:\\\/\\\/ajatutaja.com\\\/#\\\/schema\\\/logo\\\/image\\\/\",\"url\":\"https:\\\/\\\/ajatutaja.com\\\/wp-content\\\/uploads\\\/2021\\\/10\\\/logo.png\",\"contentUrl\":\"https:\\\/\\\/ajatutaja.com\\\/wp-content\\\/uploads\\\/2021\\\/10\\\/logo.png\",\"width\":555,\"height\":150,\"caption\":\"Ajatutaja\"},\"image\":{\"@id\":\"https:\\\/\\\/ajatutaja.com\\\/#\\\/schema\\\/logo\\\/image\\\/\"}}]}<\/script>\n<!-- \/ Yoast SEO plugin. -->","yoast_head_json":{"title":"Leseni set za ustvarjanje nakita Stephen Joseph - Leopard | Ajatutaja","description":"S setom za ustvarjanje nakita Stephen Joseph otrok krepi svoje motori\u010dne sposobnosti in domi\u0161ljijo, saj mu set pu\u0161\u010da neskon\u010dne mo\u017enosti kombinacij.","robots":{"index":"index","follow":"follow","max-snippet":"max-snippet:-1","max-image-preview":"max-image-preview:large","max-video-preview":"max-video-preview:-1"},"canonical":"https:\/\/ajatutaja.com\/izdelek\/leseni-set-za-ustvarjanje-nakita-stephen-joseph-leopard\/","og_locale":"hr_HR","og_type":"article","og_title":"Leseni set za ustvarjanje nakita Stephen Joseph - Leopard | Ajatutaja","og_description":"S setom za ustvarjanje nakita Stephen Joseph otrok krepi svoje motori\u010dne sposobnosti in domi\u0161ljijo, saj mu set pu\u0161\u010da neskon\u010dne mo\u017enosti kombinacij.","og_url":"https:\/\/ajatutaja.com\/izdelek\/leseni-set-za-ustvarjanje-nakita-stephen-joseph-leopard\/","og_site_name":"Ajatutaja","article_modified_time":"2025-10-30T14:19:47+00:00","og_image":[{"width":800,"height":800,"url":"https:\/\/ajatutaja.com\/wp-content\/uploads\/2023\/01\/Stephen-joseph-set-za-ustvarjanje-nakita-ajatutaja-leopard-2.jpg","type":"image\/jpeg"}],"twitter_card":"summary_large_image","twitter_misc":{"Procijenjeno vrijeme \u010ditanja":"1 minuta"},"schema":{"@context":"https:\/\/schema.org","@graph":[{"@type":"WebPage","@id":"https:\/\/ajatutaja.com\/izdelek\/leseni-set-za-ustvarjanje-nakita-stephen-joseph-leopard\/","url":"https:\/\/ajatutaja.com\/izdelek\/leseni-set-za-ustvarjanje-nakita-stephen-joseph-leopard\/","name":"Leseni set za ustvarjanje nakita Stephen Joseph - Leopard | Ajatutaja","isPartOf":{"@id":"https:\/\/ajatutaja.com\/#website"},"primaryImageOfPage":{"@id":"https:\/\/ajatutaja.com\/izdelek\/leseni-set-za-ustvarjanje-nakita-stephen-joseph-leopard\/#primaryimage"},"image":{"@id":"https:\/\/ajatutaja.com\/izdelek\/leseni-set-za-ustvarjanje-nakita-stephen-joseph-leopard\/#primaryimage"},"thumbnailUrl":"https:\/\/ajatutaja.com\/wp-content\/uploads\/2023\/01\/Stephen-joseph-set-za-ustvarjanje-nakita-ajatutaja-leopard-2.jpg","datePublished":"2023-01-19T14:30:02+00:00","dateModified":"2025-10-30T14:19:47+00:00","description":"S setom za ustvarjanje nakita Stephen Joseph otrok krepi svoje motori\u010dne sposobnosti in domi\u0161ljijo, saj mu set pu\u0161\u010da neskon\u010dne mo\u017enosti kombinacij.","breadcrumb":{"@id":"https:\/\/ajatutaja.com\/izdelek\/leseni-set-za-ustvarjanje-nakita-stephen-joseph-leopard\/#breadcrumb"},"inLanguage":"hr","potentialAction":[{"@type":"ReadAction","target":["https:\/\/ajatutaja.com\/izdelek\/leseni-set-za-ustvarjanje-nakita-stephen-joseph-leopard\/"]}]},{"@type":"ImageObject","inLanguage":"hr","@id":"https:\/\/ajatutaja.com\/izdelek\/leseni-set-za-ustvarjanje-nakita-stephen-joseph-leopard\/#primaryimage","url":"https:\/\/ajatutaja.com\/wp-content\/uploads\/2023\/01\/Stephen-joseph-set-za-ustvarjanje-nakita-ajatutaja-leopard-2.jpg","contentUrl":"https:\/\/ajatutaja.com\/wp-content\/uploads\/2023\/01\/Stephen-joseph-set-za-ustvarjanje-nakita-ajatutaja-leopard-2.jpg","width":800,"height":800},{"@type":"BreadcrumbList","@id":"https:\/\/ajatutaja.com\/izdelek\/leseni-set-za-ustvarjanje-nakita-stephen-joseph-leopard\/#breadcrumb","itemListElement":[{"@type":"ListItem","position":1,"name":"Home","item":"https:\/\/ajatutaja.com\/hr\/"},{"@type":"ListItem","position":2,"name":"Trgovina","item":"https:\/\/ajatutaja.com\/hr\/trgovina\/"},{"@type":"ListItem","position":3,"name":"Leseni set za ustvarjanje nakita Stephen Joseph &#8211; Leopard"}]},{"@type":"WebSite","@id":"https:\/\/ajatutaja.com\/#website","url":"https:\/\/ajatutaja.com\/","name":"Ajatutaja","description":"Otro\u0161ka spletna trgovina AJATUTAJA","publisher":{"@id":"https:\/\/ajatutaja.com\/#organization"},"potentialAction":[{"@type":"SearchAction","target":{"@type":"EntryPoint","urlTemplate":"https:\/\/ajatutaja.com\/?s={search_term_string}"},"query-input":{"@type":"PropertyValueSpecification","valueRequired":true,"valueName":"search_term_string"}}],"inLanguage":"hr"},{"@type":"Organization","@id":"https:\/\/ajatutaja.com\/#organization","name":"Ajatutaja","url":"https:\/\/ajatutaja.com\/","logo":{"@type":"ImageObject","inLanguage":"hr","@id":"https:\/\/ajatutaja.com\/#\/schema\/logo\/image\/","url":"https:\/\/ajatutaja.com\/wp-content\/uploads\/2021\/10\/logo.png","contentUrl":"https:\/\/ajatutaja.com\/wp-content\/uploads\/2021\/10\/logo.png","width":555,"height":150,"caption":"Ajatutaja"},"image":{"@id":"https:\/\/ajatutaja.com\/#\/schema\/logo\/image\/"}}]}},"brands":[{"id":2452,"name":"Igranje","slug":"igranje"},{"id":2460,"name":"Stephen Joseph","slug":"stephen-joseph-igranje"}],"_links":{"self":[{"href":"https:\/\/ajatutaja.com\/hr\/wp-json\/wp\/v2\/product\/42727","targetHints":{"allow":["GET"]}}],"collection":[{"href":"https:\/\/ajatutaja.com\/hr\/wp-json\/wp\/v2\/product"}],"about":[{"href":"https:\/\/ajatutaja.com\/hr\/wp-json\/wp\/v2\/types\/product"}],"wp:featuredmedia":[{"embeddable":true,"href":"https:\/\/ajatutaja.com\/hr\/wp-json\/wp\/v2\/media\/42732"}],"wp:attachment":[{"href":"https:\/\/ajatutaja.com\/hr\/wp-json\/wp\/v2\/media?parent=42727"}],"wp:term":[{"taxonomy":"pwb-brand","embeddable":true,"href":"https:\/\/ajatutaja.com\/hr\/wp-json\/wp\/v2\/pwb-brand?post=42727"},{"taxonomy":"product_brand","embeddable":true,"href":"https:\/\/ajatutaja.com\/hr\/wp-json\/wp\/v2\/product_brand?post=42727"},{"taxonomy":"product_cat","embeddable":true,"href":"https:\/\/ajatutaja.com\/hr\/wp-json\/wp\/v2\/product_cat?post=42727"},{"taxonomy":"product_tag","embeddable":true,"href":"https:\/\/ajatutaja.com\/hr\/wp-json\/wp\/v2\/product_tag?post=42727"}],"curies":[{"name":"wp","href":"https:\/\/api.w.org\/{rel}","templated":true}]}}