{"id":42190,"date":"2022-12-29T15:49:55","date_gmt":"2022-12-29T14:49:55","guid":{"rendered":"https:\/\/ajatutaja.com\/?post_type=product&#038;p=42190"},"modified":"2026-03-04T19:43:14","modified_gmt":"2026-03-04T18:43:14","slug":"nepremocljiva-posteljna-podloga-doomoo-absoplus","status":"publish","type":"product","link":"https:\/\/ajatutaja.com\/hr\/proizvod\/nepremocljiva-posteljna-podloga-doomoo-absoplus\/","title":{"rendered":"Nepremo\u010dljiva posteljna podloga Doomoo Absoplus"},"content":{"rendered":"<p>[vc_row][vc_column][vc_column_text]Nepremo\u010dljiva posteljna podloga Doomoo za\u0161\u010diti vzmetnico v otro\u0161ki posteljic in olaj\u0161a obvladovanje majhnih nesre\u010d, ki se pogosto zgodijo mal\u010dkom pono\u010di. Postavite prevleko na otro\u0161ko le\u017ei\u0161\u010de, da ga za\u0161\u010ditite pred nesre\u010dami, in ga preprosto pokrijte z obi\u010dajno rjuho. Prevleko je enostavno odstraniti, oprati in zamenjati.<\/p>\n<p>Lastnosti:<\/p>\n<ul>\n<li>Material: Me\u0161anica poliestra in vodoteste poliuretanske membrane<\/li>\n<li>Primerna za dve velikosti postelje in sicer 60 x 120 in 90 x 200<\/li>\n<li>Podloga absorbira teko\u010dino, zato povr\u0161ina ostane suha<\/li>\n<li>Nega: Pralno v pralnem storju na\u00a090\u00b0C.<\/li>\n<\/ul>\n<p>[\/vc_column_text][\/vc_column][\/vc_row]<\/p>\n","protected":false},"excerpt":{"rendered":"<p>Nepremo\u010dljiva posteljna prevleka Doomoo absorbira teko\u010dino, zato povr\u0161ina prevleke ostane suha,kar zagotavlja va\u0161emu mal\u010dku mirno in udobno spanje.<br \/>\nPodlogo je mo\u017eno uporabiti na vzmetnicah dimenzij 120x60cm in 200x90cm.<\/p>\n","protected":false},"featured_media":42195,"template":"","meta":[],"pwb-brand":[2630,2611],"product_brand":[],"product_cat":[2599,2603,2593],"product_tag":[4005,4019,4059],"class_list":{"0":"post-42190","1":"product","2":"type-product","3":"status-publish","4":"has-post-thumbnail","6":"pwb-brand-doomoo-spanje","7":"pwb-brand-spanje","8":"product_cat-lezisca-in-vzmetnice","9":"product_cat-otroska-posteljnina","10":"product_cat-spanje","11":"product_tag-120x60","12":"product_tag-200x90cm","13":"product_tag-doomoo","15":"first","16":"instock","17":"taxable","18":"shipping-taxable","19":"purchasable","20":"product-type-simple","21":"add-to-wishlist-before_image"},"yoast_head":"<!-- This site is optimized with the Yoast SEO plugin v27.3 - https:\/\/yoast.com\/product\/yoast-seo-wordpress\/ -->\n<title>Nepremo\u010dljiva posteljna podloga Doomoo Absoplus | Ajatutaja<\/title>\n<meta name=\"description\" content=\"Nepremo\u010dljiva posteljna podloga Doomoo za\u0161\u010diti vzmetnico v otro\u0161ki posteljic in olaj\u0161a obvladovanje majhnih nesre\u010d, ki se pogosto zgodijo mal\u010dkom pono\u010di.\" \/>\n<meta name=\"robots\" content=\"index, follow, max-snippet:-1, max-image-preview:large, max-video-preview:-1\" \/>\n<link rel=\"canonical\" href=\"https:\/\/ajatutaja.com\/izdelek\/nepremocljiva-posteljna-podloga-doomoo-absoplus\/\" \/>\n<meta property=\"og:locale\" content=\"hr_HR\" \/>\n<meta property=\"og:type\" content=\"article\" \/>\n<meta property=\"og:title\" content=\"Nepremo\u010dljiva posteljna podloga Doomoo Absoplus | Ajatutaja\" \/>\n<meta property=\"og:description\" content=\"Nepremo\u010dljiva posteljna podloga Doomoo za\u0161\u010diti vzmetnico v otro\u0161ki posteljic in olaj\u0161a obvladovanje majhnih nesre\u010d, ki se pogosto zgodijo mal\u010dkom pono\u010di.\" \/>\n<meta property=\"og:url\" content=\"https:\/\/ajatutaja.com\/izdelek\/nepremocljiva-posteljna-podloga-doomoo-absoplus\/\" \/>\n<meta property=\"og:site_name\" content=\"Ajatutaja\" \/>\n<meta property=\"article:modified_time\" content=\"2026-03-04T18:43:14+00:00\" \/>\n<meta property=\"og:image\" content=\"https:\/\/ajatutaja.com\/wp-content\/uploads\/2022\/12\/Doomoo-absoplus-ajatutaja-3-e1672325192363.png\" \/>\n\t<meta property=\"og:image:width\" content=\"800\" \/>\n\t<meta property=\"og:image:height\" content=\"800\" \/>\n\t<meta property=\"og:image:type\" content=\"image\/png\" \/>\n<meta name=\"twitter:card\" content=\"summary_large_image\" \/>\n<meta name=\"twitter:label1\" content=\"Procijenjeno vrijeme \u010ditanja\" \/>\n\t<meta name=\"twitter:data1\" content=\"1 minuta\" \/>\n<script type=\"application\/ld+json\" class=\"yoast-schema-graph\">{\"@context\":\"https:\\\/\\\/schema.org\",\"@graph\":[{\"@type\":\"WebPage\",\"@id\":\"https:\\\/\\\/ajatutaja.com\\\/izdelek\\\/nepremocljiva-posteljna-podloga-doomoo-absoplus\\\/\",\"url\":\"https:\\\/\\\/ajatutaja.com\\\/izdelek\\\/nepremocljiva-posteljna-podloga-doomoo-absoplus\\\/\",\"name\":\"Nepremo\u010dljiva posteljna podloga Doomoo Absoplus | Ajatutaja\",\"isPartOf\":{\"@id\":\"https:\\\/\\\/ajatutaja.com\\\/#website\"},\"primaryImageOfPage\":{\"@id\":\"https:\\\/\\\/ajatutaja.com\\\/izdelek\\\/nepremocljiva-posteljna-podloga-doomoo-absoplus\\\/#primaryimage\"},\"image\":{\"@id\":\"https:\\\/\\\/ajatutaja.com\\\/izdelek\\\/nepremocljiva-posteljna-podloga-doomoo-absoplus\\\/#primaryimage\"},\"thumbnailUrl\":\"https:\\\/\\\/ajatutaja.com\\\/wp-content\\\/uploads\\\/2022\\\/12\\\/Doomoo-absoplus-ajatutaja-3-e1672325192363.png\",\"datePublished\":\"2022-12-29T14:49:55+00:00\",\"dateModified\":\"2026-03-04T18:43:14+00:00\",\"description\":\"Nepremo\u010dljiva posteljna podloga Doomoo za\u0161\u010diti vzmetnico v otro\u0161ki posteljic in olaj\u0161a obvladovanje majhnih nesre\u010d, ki se pogosto zgodijo mal\u010dkom pono\u010di.\",\"breadcrumb\":{\"@id\":\"https:\\\/\\\/ajatutaja.com\\\/izdelek\\\/nepremocljiva-posteljna-podloga-doomoo-absoplus\\\/#breadcrumb\"},\"inLanguage\":\"hr\",\"potentialAction\":[{\"@type\":\"ReadAction\",\"target\":[\"https:\\\/\\\/ajatutaja.com\\\/izdelek\\\/nepremocljiva-posteljna-podloga-doomoo-absoplus\\\/\"]}]},{\"@type\":\"ImageObject\",\"inLanguage\":\"hr\",\"@id\":\"https:\\\/\\\/ajatutaja.com\\\/izdelek\\\/nepremocljiva-posteljna-podloga-doomoo-absoplus\\\/#primaryimage\",\"url\":\"https:\\\/\\\/ajatutaja.com\\\/wp-content\\\/uploads\\\/2022\\\/12\\\/Doomoo-absoplus-ajatutaja-3-e1672325192363.png\",\"contentUrl\":\"https:\\\/\\\/ajatutaja.com\\\/wp-content\\\/uploads\\\/2022\\\/12\\\/Doomoo-absoplus-ajatutaja-3-e1672325192363.png\",\"width\":800,\"height\":800},{\"@type\":\"BreadcrumbList\",\"@id\":\"https:\\\/\\\/ajatutaja.com\\\/izdelek\\\/nepremocljiva-posteljna-podloga-doomoo-absoplus\\\/#breadcrumb\",\"itemListElement\":[{\"@type\":\"ListItem\",\"position\":1,\"name\":\"Home\",\"item\":\"https:\\\/\\\/ajatutaja.com\\\/hr\\\/\"},{\"@type\":\"ListItem\",\"position\":2,\"name\":\"Trgovina\",\"item\":\"https:\\\/\\\/ajatutaja.com\\\/hr\\\/trgovina\\\/\"},{\"@type\":\"ListItem\",\"position\":3,\"name\":\"Nepremo\u010dljiva posteljna podloga Doomoo Absoplus\"}]},{\"@type\":\"WebSite\",\"@id\":\"https:\\\/\\\/ajatutaja.com\\\/#website\",\"url\":\"https:\\\/\\\/ajatutaja.com\\\/\",\"name\":\"Ajatutaja\",\"description\":\"Otro\u0161ka spletna trgovina AJATUTAJA\",\"publisher\":{\"@id\":\"https:\\\/\\\/ajatutaja.com\\\/#organization\"},\"potentialAction\":[{\"@type\":\"SearchAction\",\"target\":{\"@type\":\"EntryPoint\",\"urlTemplate\":\"https:\\\/\\\/ajatutaja.com\\\/?s={search_term_string}\"},\"query-input\":{\"@type\":\"PropertyValueSpecification\",\"valueRequired\":true,\"valueName\":\"search_term_string\"}}],\"inLanguage\":\"hr\"},{\"@type\":\"Organization\",\"@id\":\"https:\\\/\\\/ajatutaja.com\\\/#organization\",\"name\":\"Ajatutaja\",\"url\":\"https:\\\/\\\/ajatutaja.com\\\/\",\"logo\":{\"@type\":\"ImageObject\",\"inLanguage\":\"hr\",\"@id\":\"https:\\\/\\\/ajatutaja.com\\\/#\\\/schema\\\/logo\\\/image\\\/\",\"url\":\"https:\\\/\\\/ajatutaja.com\\\/wp-content\\\/uploads\\\/2021\\\/10\\\/logo.png\",\"contentUrl\":\"https:\\\/\\\/ajatutaja.com\\\/wp-content\\\/uploads\\\/2021\\\/10\\\/logo.png\",\"width\":555,\"height\":150,\"caption\":\"Ajatutaja\"},\"image\":{\"@id\":\"https:\\\/\\\/ajatutaja.com\\\/#\\\/schema\\\/logo\\\/image\\\/\"}}]}<\/script>\n<!-- \/ Yoast SEO plugin. -->","yoast_head_json":{"title":"Nepremo\u010dljiva posteljna podloga Doomoo Absoplus | Ajatutaja","description":"Nepremo\u010dljiva posteljna podloga Doomoo za\u0161\u010diti vzmetnico v otro\u0161ki posteljic in olaj\u0161a obvladovanje majhnih nesre\u010d, ki se pogosto zgodijo mal\u010dkom pono\u010di.","robots":{"index":"index","follow":"follow","max-snippet":"max-snippet:-1","max-image-preview":"max-image-preview:large","max-video-preview":"max-video-preview:-1"},"canonical":"https:\/\/ajatutaja.com\/izdelek\/nepremocljiva-posteljna-podloga-doomoo-absoplus\/","og_locale":"hr_HR","og_type":"article","og_title":"Nepremo\u010dljiva posteljna podloga Doomoo Absoplus | Ajatutaja","og_description":"Nepremo\u010dljiva posteljna podloga Doomoo za\u0161\u010diti vzmetnico v otro\u0161ki posteljic in olaj\u0161a obvladovanje majhnih nesre\u010d, ki se pogosto zgodijo mal\u010dkom pono\u010di.","og_url":"https:\/\/ajatutaja.com\/izdelek\/nepremocljiva-posteljna-podloga-doomoo-absoplus\/","og_site_name":"Ajatutaja","article_modified_time":"2026-03-04T18:43:14+00:00","og_image":[{"width":800,"height":800,"url":"https:\/\/ajatutaja.com\/wp-content\/uploads\/2022\/12\/Doomoo-absoplus-ajatutaja-3-e1672325192363.png","type":"image\/png"}],"twitter_card":"summary_large_image","twitter_misc":{"Procijenjeno vrijeme \u010ditanja":"1 minuta"},"schema":{"@context":"https:\/\/schema.org","@graph":[{"@type":"WebPage","@id":"https:\/\/ajatutaja.com\/izdelek\/nepremocljiva-posteljna-podloga-doomoo-absoplus\/","url":"https:\/\/ajatutaja.com\/izdelek\/nepremocljiva-posteljna-podloga-doomoo-absoplus\/","name":"Nepremo\u010dljiva posteljna podloga Doomoo Absoplus | Ajatutaja","isPartOf":{"@id":"https:\/\/ajatutaja.com\/#website"},"primaryImageOfPage":{"@id":"https:\/\/ajatutaja.com\/izdelek\/nepremocljiva-posteljna-podloga-doomoo-absoplus\/#primaryimage"},"image":{"@id":"https:\/\/ajatutaja.com\/izdelek\/nepremocljiva-posteljna-podloga-doomoo-absoplus\/#primaryimage"},"thumbnailUrl":"https:\/\/ajatutaja.com\/wp-content\/uploads\/2022\/12\/Doomoo-absoplus-ajatutaja-3-e1672325192363.png","datePublished":"2022-12-29T14:49:55+00:00","dateModified":"2026-03-04T18:43:14+00:00","description":"Nepremo\u010dljiva posteljna podloga Doomoo za\u0161\u010diti vzmetnico v otro\u0161ki posteljic in olaj\u0161a obvladovanje majhnih nesre\u010d, ki se pogosto zgodijo mal\u010dkom pono\u010di.","breadcrumb":{"@id":"https:\/\/ajatutaja.com\/izdelek\/nepremocljiva-posteljna-podloga-doomoo-absoplus\/#breadcrumb"},"inLanguage":"hr","potentialAction":[{"@type":"ReadAction","target":["https:\/\/ajatutaja.com\/izdelek\/nepremocljiva-posteljna-podloga-doomoo-absoplus\/"]}]},{"@type":"ImageObject","inLanguage":"hr","@id":"https:\/\/ajatutaja.com\/izdelek\/nepremocljiva-posteljna-podloga-doomoo-absoplus\/#primaryimage","url":"https:\/\/ajatutaja.com\/wp-content\/uploads\/2022\/12\/Doomoo-absoplus-ajatutaja-3-e1672325192363.png","contentUrl":"https:\/\/ajatutaja.com\/wp-content\/uploads\/2022\/12\/Doomoo-absoplus-ajatutaja-3-e1672325192363.png","width":800,"height":800},{"@type":"BreadcrumbList","@id":"https:\/\/ajatutaja.com\/izdelek\/nepremocljiva-posteljna-podloga-doomoo-absoplus\/#breadcrumb","itemListElement":[{"@type":"ListItem","position":1,"name":"Home","item":"https:\/\/ajatutaja.com\/hr\/"},{"@type":"ListItem","position":2,"name":"Trgovina","item":"https:\/\/ajatutaja.com\/hr\/trgovina\/"},{"@type":"ListItem","position":3,"name":"Nepremo\u010dljiva posteljna podloga Doomoo Absoplus"}]},{"@type":"WebSite","@id":"https:\/\/ajatutaja.com\/#website","url":"https:\/\/ajatutaja.com\/","name":"Ajatutaja","description":"Otro\u0161ka spletna trgovina AJATUTAJA","publisher":{"@id":"https:\/\/ajatutaja.com\/#organization"},"potentialAction":[{"@type":"SearchAction","target":{"@type":"EntryPoint","urlTemplate":"https:\/\/ajatutaja.com\/?s={search_term_string}"},"query-input":{"@type":"PropertyValueSpecification","valueRequired":true,"valueName":"search_term_string"}}],"inLanguage":"hr"},{"@type":"Organization","@id":"https:\/\/ajatutaja.com\/#organization","name":"Ajatutaja","url":"https:\/\/ajatutaja.com\/","logo":{"@type":"ImageObject","inLanguage":"hr","@id":"https:\/\/ajatutaja.com\/#\/schema\/logo\/image\/","url":"https:\/\/ajatutaja.com\/wp-content\/uploads\/2021\/10\/logo.png","contentUrl":"https:\/\/ajatutaja.com\/wp-content\/uploads\/2021\/10\/logo.png","width":555,"height":150,"caption":"Ajatutaja"},"image":{"@id":"https:\/\/ajatutaja.com\/#\/schema\/logo\/image\/"}}]}},"brands":[{"id":2630,"name":"Doomoo","slug":"doomoo-spanje"},{"id":2611,"name":"Spanje","slug":"spanje"}],"_links":{"self":[{"href":"https:\/\/ajatutaja.com\/hr\/wp-json\/wp\/v2\/product\/42190","targetHints":{"allow":["GET"]}}],"collection":[{"href":"https:\/\/ajatutaja.com\/hr\/wp-json\/wp\/v2\/product"}],"about":[{"href":"https:\/\/ajatutaja.com\/hr\/wp-json\/wp\/v2\/types\/product"}],"wp:featuredmedia":[{"embeddable":true,"href":"https:\/\/ajatutaja.com\/hr\/wp-json\/wp\/v2\/media\/42195"}],"wp:attachment":[{"href":"https:\/\/ajatutaja.com\/hr\/wp-json\/wp\/v2\/media?parent=42190"}],"wp:term":[{"taxonomy":"pwb-brand","embeddable":true,"href":"https:\/\/ajatutaja.com\/hr\/wp-json\/wp\/v2\/pwb-brand?post=42190"},{"taxonomy":"product_brand","embeddable":true,"href":"https:\/\/ajatutaja.com\/hr\/wp-json\/wp\/v2\/product_brand?post=42190"},{"taxonomy":"product_cat","embeddable":true,"href":"https:\/\/ajatutaja.com\/hr\/wp-json\/wp\/v2\/product_cat?post=42190"},{"taxonomy":"product_tag","embeddable":true,"href":"https:\/\/ajatutaja.com\/hr\/wp-json\/wp\/v2\/product_tag?post=42190"}],"curies":[{"name":"wp","href":"https:\/\/api.w.org\/{rel}","templated":true}]}}