{"id":41493,"date":"2022-11-28T06:23:54","date_gmt":"2022-11-28T05:23:54","guid":{"rendered":"https:\/\/ajatutaja.com\/?post_type=product&#038;p=41493"},"modified":"2026-04-02T11:15:53","modified_gmt":"2026-04-02T09:15:53","slug":"mehka-puncka-little-dutch-m-35cm-rosa-christmas-edt","status":"publish","type":"product","link":"https:\/\/ajatutaja.com\/hr\/proizvod\/mehka-puncka-little-dutch-m-35cm-rosa-christmas-edt\/","title":{"rendered":"Mehka pun\u010dka Little Dutch (M) 35cm &#8211; Rosa Christmas Edt."},"content":{"rendered":"<p>[vc_row][vc_column][vc_column_text]<\/p>\n<h3>Lastnosti mehke pun\u010dke Little Dutch:<\/h3>\n<ul>\n<li>Lutka je izdelana iz 100% poliestra pli\u0161a<\/li>\n<li>Mehka pun\u010dka z imenom Rosa<\/li>\n<li>Polnilo iz 100% poliestra<\/li>\n<li>Slikano z otrokom prijazno barvo<\/li>\n<li>Starost: 0m+<\/li>\n<li>Vi\u0161ina: 35 cm<\/li>\n<li>Pralno v pralnem stroju na 30\u00b0C<\/li>\n<\/ul>\n<p>Little Dutch izdeluje brez\u010dasne igra\u010de visoke kakovosti, z elegantnimi barvami, odtisi in ilustracijami. Vsi izdelki so skladni z evropskimi direktivami in se proizvajajo brez dela otrok in na dru\u017ebeno odgovoren na\u010din.[\/vc_column_text][\/vc_column][\/vc_row]<\/p>\n","protected":false},"excerpt":{"rendered":"<p><span lang=\"sl\">Ljubka mehka pun\u010dka Rosa blagovne znamke Little Dutch je pripravljena na Bo\u017ei\u010d! S svojo rde\u010do kapico in ujemajo\u010do se obleko, ne\u017eno objema svoj sve\u017ee pe\u010den medenjak.<\/span> Pospravljena je v \u0161katlo in je odli\u010dno darilo za pod jelko.<\/p>\n","protected":false},"featured_media":83269,"template":"","meta":[],"pwb-brand":[2452,2457],"product_brand":[],"product_cat":[3989,5072,2362,2448],"product_tag":[5068,4002,4831],"class_list":{"0":"post-41493","1":"product","2":"type-product","3":"status-publish","4":"has-post-thumbnail","6":"pwb-brand-igranje","7":"pwb-brand-little-dutch-igra","8":"product_cat-12-mesecev-igrace","9":"product_cat-bozicna-darila","10":"product_cat-igranje","11":"product_cat-igranje-vlog","12":"product_tag-christmas","13":"product_tag-little-dutch","14":"product_tag-mehke-puncke","16":"first","17":"instock","18":"taxable","19":"shipping-taxable","20":"purchasable","21":"product-type-simple","22":"add-to-wishlist-before_image"},"yoast_head":"<!-- This site is optimized with the Yoast SEO plugin v27.3 - https:\/\/yoast.com\/product\/yoast-seo-wordpress\/ -->\n<title>Mehka pun\u010dka Little Dutch (M) 35cm - Rosa Christmas Edt. | Ajatutaja<\/title>\n<meta name=\"description\" content=\"Ljubka mehka pun\u010dka Rosa blagovne znamke Little Dutch je pripravljena na Bo\u017ei\u010d! S svojo rde\u010do kapico in ujemajo\u010do se obleko u\u017eiva s svojim sve\u017ee pe\u010denim medenjakom.\" \/>\n<meta name=\"robots\" content=\"index, follow, max-snippet:-1, max-image-preview:large, max-video-preview:-1\" \/>\n<link rel=\"canonical\" href=\"https:\/\/ajatutaja.com\/izdelek\/mehka-puncka-little-dutch-m-35cm-rosa-christmas-edt\/\" \/>\n<meta property=\"og:locale\" content=\"hr_HR\" \/>\n<meta property=\"og:type\" content=\"article\" \/>\n<meta property=\"og:title\" content=\"Mehka pun\u010dka Little Dutch (M) 35cm - Rosa Christmas Edt. | Ajatutaja\" \/>\n<meta property=\"og:description\" content=\"Ljubka mehka pun\u010dka Rosa blagovne znamke Little Dutch je pripravljena na Bo\u017ei\u010d! S svojo rde\u010do kapico in ujemajo\u010do se obleko u\u017eiva s svojim sve\u017ee pe\u010denim medenjakom.\" \/>\n<meta property=\"og:url\" content=\"https:\/\/ajatutaja.com\/izdelek\/mehka-puncka-little-dutch-m-35cm-rosa-christmas-edt\/\" \/>\n<meta property=\"og:site_name\" content=\"Ajatutaja\" \/>\n<meta property=\"article:modified_time\" content=\"2026-04-02T09:15:53+00:00\" \/>\n<meta property=\"og:image\" content=\"https:\/\/ajatutaja.com\/wp-content\/uploads\/2025\/11\/Little-dutch-puncka-rosa-christmass-1.jpg\" \/>\n\t<meta property=\"og:image:width\" content=\"600\" \/>\n\t<meta property=\"og:image:height\" content=\"600\" \/>\n\t<meta property=\"og:image:type\" content=\"image\/jpeg\" \/>\n<meta name=\"twitter:card\" content=\"summary_large_image\" \/>\n<meta name=\"twitter:label1\" content=\"Procijenjeno vrijeme \u010ditanja\" \/>\n\t<meta name=\"twitter:data1\" content=\"1 minuta\" \/>\n<script type=\"application\/ld+json\" class=\"yoast-schema-graph\">{\"@context\":\"https:\\\/\\\/schema.org\",\"@graph\":[{\"@type\":\"WebPage\",\"@id\":\"https:\\\/\\\/ajatutaja.com\\\/izdelek\\\/mehka-puncka-little-dutch-m-35cm-rosa-christmas-edt\\\/\",\"url\":\"https:\\\/\\\/ajatutaja.com\\\/izdelek\\\/mehka-puncka-little-dutch-m-35cm-rosa-christmas-edt\\\/\",\"name\":\"Mehka pun\u010dka Little Dutch (M) 35cm - Rosa Christmas Edt. | Ajatutaja\",\"isPartOf\":{\"@id\":\"https:\\\/\\\/ajatutaja.com\\\/#website\"},\"primaryImageOfPage\":{\"@id\":\"https:\\\/\\\/ajatutaja.com\\\/izdelek\\\/mehka-puncka-little-dutch-m-35cm-rosa-christmas-edt\\\/#primaryimage\"},\"image\":{\"@id\":\"https:\\\/\\\/ajatutaja.com\\\/izdelek\\\/mehka-puncka-little-dutch-m-35cm-rosa-christmas-edt\\\/#primaryimage\"},\"thumbnailUrl\":\"https:\\\/\\\/ajatutaja.com\\\/wp-content\\\/uploads\\\/2025\\\/11\\\/Little-dutch-puncka-rosa-christmass-1.jpg\",\"datePublished\":\"2022-11-28T05:23:54+00:00\",\"dateModified\":\"2026-04-02T09:15:53+00:00\",\"description\":\"Ljubka mehka pun\u010dka Rosa blagovne znamke Little Dutch je pripravljena na Bo\u017ei\u010d! S svojo rde\u010do kapico in ujemajo\u010do se obleko u\u017eiva s svojim sve\u017ee pe\u010denim medenjakom.\",\"breadcrumb\":{\"@id\":\"https:\\\/\\\/ajatutaja.com\\\/izdelek\\\/mehka-puncka-little-dutch-m-35cm-rosa-christmas-edt\\\/#breadcrumb\"},\"inLanguage\":\"hr\",\"potentialAction\":[{\"@type\":\"ReadAction\",\"target\":[\"https:\\\/\\\/ajatutaja.com\\\/izdelek\\\/mehka-puncka-little-dutch-m-35cm-rosa-christmas-edt\\\/\"]}]},{\"@type\":\"ImageObject\",\"inLanguage\":\"hr\",\"@id\":\"https:\\\/\\\/ajatutaja.com\\\/izdelek\\\/mehka-puncka-little-dutch-m-35cm-rosa-christmas-edt\\\/#primaryimage\",\"url\":\"https:\\\/\\\/ajatutaja.com\\\/wp-content\\\/uploads\\\/2025\\\/11\\\/Little-dutch-puncka-rosa-christmass-1.jpg\",\"contentUrl\":\"https:\\\/\\\/ajatutaja.com\\\/wp-content\\\/uploads\\\/2025\\\/11\\\/Little-dutch-puncka-rosa-christmass-1.jpg\",\"width\":600,\"height\":600},{\"@type\":\"BreadcrumbList\",\"@id\":\"https:\\\/\\\/ajatutaja.com\\\/izdelek\\\/mehka-puncka-little-dutch-m-35cm-rosa-christmas-edt\\\/#breadcrumb\",\"itemListElement\":[{\"@type\":\"ListItem\",\"position\":1,\"name\":\"Home\",\"item\":\"https:\\\/\\\/ajatutaja.com\\\/hr\\\/\"},{\"@type\":\"ListItem\",\"position\":2,\"name\":\"Trgovina\",\"item\":\"https:\\\/\\\/ajatutaja.com\\\/hr\\\/trgovina\\\/\"},{\"@type\":\"ListItem\",\"position\":3,\"name\":\"Mehka pun\u010dka Little Dutch (M) 35cm &#8211; Rosa Christmas Edt.\"}]},{\"@type\":\"WebSite\",\"@id\":\"https:\\\/\\\/ajatutaja.com\\\/#website\",\"url\":\"https:\\\/\\\/ajatutaja.com\\\/\",\"name\":\"Ajatutaja\",\"description\":\"Otro\u0161ka spletna trgovina AJATUTAJA\",\"publisher\":{\"@id\":\"https:\\\/\\\/ajatutaja.com\\\/#organization\"},\"potentialAction\":[{\"@type\":\"SearchAction\",\"target\":{\"@type\":\"EntryPoint\",\"urlTemplate\":\"https:\\\/\\\/ajatutaja.com\\\/?s={search_term_string}\"},\"query-input\":{\"@type\":\"PropertyValueSpecification\",\"valueRequired\":true,\"valueName\":\"search_term_string\"}}],\"inLanguage\":\"hr\"},{\"@type\":\"Organization\",\"@id\":\"https:\\\/\\\/ajatutaja.com\\\/#organization\",\"name\":\"Ajatutaja\",\"url\":\"https:\\\/\\\/ajatutaja.com\\\/\",\"logo\":{\"@type\":\"ImageObject\",\"inLanguage\":\"hr\",\"@id\":\"https:\\\/\\\/ajatutaja.com\\\/#\\\/schema\\\/logo\\\/image\\\/\",\"url\":\"https:\\\/\\\/ajatutaja.com\\\/wp-content\\\/uploads\\\/2021\\\/10\\\/logo.png\",\"contentUrl\":\"https:\\\/\\\/ajatutaja.com\\\/wp-content\\\/uploads\\\/2021\\\/10\\\/logo.png\",\"width\":555,\"height\":150,\"caption\":\"Ajatutaja\"},\"image\":{\"@id\":\"https:\\\/\\\/ajatutaja.com\\\/#\\\/schema\\\/logo\\\/image\\\/\"}}]}<\/script>\n<!-- \/ Yoast SEO plugin. -->","yoast_head_json":{"title":"Mehka pun\u010dka Little Dutch (M) 35cm - Rosa Christmas Edt. | Ajatutaja","description":"Ljubka mehka pun\u010dka Rosa blagovne znamke Little Dutch je pripravljena na Bo\u017ei\u010d! S svojo rde\u010do kapico in ujemajo\u010do se obleko u\u017eiva s svojim sve\u017ee pe\u010denim medenjakom.","robots":{"index":"index","follow":"follow","max-snippet":"max-snippet:-1","max-image-preview":"max-image-preview:large","max-video-preview":"max-video-preview:-1"},"canonical":"https:\/\/ajatutaja.com\/izdelek\/mehka-puncka-little-dutch-m-35cm-rosa-christmas-edt\/","og_locale":"hr_HR","og_type":"article","og_title":"Mehka pun\u010dka Little Dutch (M) 35cm - Rosa Christmas Edt. | Ajatutaja","og_description":"Ljubka mehka pun\u010dka Rosa blagovne znamke Little Dutch je pripravljena na Bo\u017ei\u010d! S svojo rde\u010do kapico in ujemajo\u010do se obleko u\u017eiva s svojim sve\u017ee pe\u010denim medenjakom.","og_url":"https:\/\/ajatutaja.com\/izdelek\/mehka-puncka-little-dutch-m-35cm-rosa-christmas-edt\/","og_site_name":"Ajatutaja","article_modified_time":"2026-04-02T09:15:53+00:00","og_image":[{"width":600,"height":600,"url":"https:\/\/ajatutaja.com\/wp-content\/uploads\/2025\/11\/Little-dutch-puncka-rosa-christmass-1.jpg","type":"image\/jpeg"}],"twitter_card":"summary_large_image","twitter_misc":{"Procijenjeno vrijeme \u010ditanja":"1 minuta"},"schema":{"@context":"https:\/\/schema.org","@graph":[{"@type":"WebPage","@id":"https:\/\/ajatutaja.com\/izdelek\/mehka-puncka-little-dutch-m-35cm-rosa-christmas-edt\/","url":"https:\/\/ajatutaja.com\/izdelek\/mehka-puncka-little-dutch-m-35cm-rosa-christmas-edt\/","name":"Mehka pun\u010dka Little Dutch (M) 35cm - Rosa Christmas Edt. | Ajatutaja","isPartOf":{"@id":"https:\/\/ajatutaja.com\/#website"},"primaryImageOfPage":{"@id":"https:\/\/ajatutaja.com\/izdelek\/mehka-puncka-little-dutch-m-35cm-rosa-christmas-edt\/#primaryimage"},"image":{"@id":"https:\/\/ajatutaja.com\/izdelek\/mehka-puncka-little-dutch-m-35cm-rosa-christmas-edt\/#primaryimage"},"thumbnailUrl":"https:\/\/ajatutaja.com\/wp-content\/uploads\/2025\/11\/Little-dutch-puncka-rosa-christmass-1.jpg","datePublished":"2022-11-28T05:23:54+00:00","dateModified":"2026-04-02T09:15:53+00:00","description":"Ljubka mehka pun\u010dka Rosa blagovne znamke Little Dutch je pripravljena na Bo\u017ei\u010d! S svojo rde\u010do kapico in ujemajo\u010do se obleko u\u017eiva s svojim sve\u017ee pe\u010denim medenjakom.","breadcrumb":{"@id":"https:\/\/ajatutaja.com\/izdelek\/mehka-puncka-little-dutch-m-35cm-rosa-christmas-edt\/#breadcrumb"},"inLanguage":"hr","potentialAction":[{"@type":"ReadAction","target":["https:\/\/ajatutaja.com\/izdelek\/mehka-puncka-little-dutch-m-35cm-rosa-christmas-edt\/"]}]},{"@type":"ImageObject","inLanguage":"hr","@id":"https:\/\/ajatutaja.com\/izdelek\/mehka-puncka-little-dutch-m-35cm-rosa-christmas-edt\/#primaryimage","url":"https:\/\/ajatutaja.com\/wp-content\/uploads\/2025\/11\/Little-dutch-puncka-rosa-christmass-1.jpg","contentUrl":"https:\/\/ajatutaja.com\/wp-content\/uploads\/2025\/11\/Little-dutch-puncka-rosa-christmass-1.jpg","width":600,"height":600},{"@type":"BreadcrumbList","@id":"https:\/\/ajatutaja.com\/izdelek\/mehka-puncka-little-dutch-m-35cm-rosa-christmas-edt\/#breadcrumb","itemListElement":[{"@type":"ListItem","position":1,"name":"Home","item":"https:\/\/ajatutaja.com\/hr\/"},{"@type":"ListItem","position":2,"name":"Trgovina","item":"https:\/\/ajatutaja.com\/hr\/trgovina\/"},{"@type":"ListItem","position":3,"name":"Mehka pun\u010dka Little Dutch (M) 35cm &#8211; Rosa Christmas Edt."}]},{"@type":"WebSite","@id":"https:\/\/ajatutaja.com\/#website","url":"https:\/\/ajatutaja.com\/","name":"Ajatutaja","description":"Otro\u0161ka spletna trgovina AJATUTAJA","publisher":{"@id":"https:\/\/ajatutaja.com\/#organization"},"potentialAction":[{"@type":"SearchAction","target":{"@type":"EntryPoint","urlTemplate":"https:\/\/ajatutaja.com\/?s={search_term_string}"},"query-input":{"@type":"PropertyValueSpecification","valueRequired":true,"valueName":"search_term_string"}}],"inLanguage":"hr"},{"@type":"Organization","@id":"https:\/\/ajatutaja.com\/#organization","name":"Ajatutaja","url":"https:\/\/ajatutaja.com\/","logo":{"@type":"ImageObject","inLanguage":"hr","@id":"https:\/\/ajatutaja.com\/#\/schema\/logo\/image\/","url":"https:\/\/ajatutaja.com\/wp-content\/uploads\/2021\/10\/logo.png","contentUrl":"https:\/\/ajatutaja.com\/wp-content\/uploads\/2021\/10\/logo.png","width":555,"height":150,"caption":"Ajatutaja"},"image":{"@id":"https:\/\/ajatutaja.com\/#\/schema\/logo\/image\/"}}]}},"brands":[{"id":2452,"name":"Igranje","slug":"igranje"},{"id":2457,"name":"Little Dutch","slug":"little-dutch-igra"}],"_links":{"self":[{"href":"https:\/\/ajatutaja.com\/hr\/wp-json\/wp\/v2\/product\/41493","targetHints":{"allow":["GET"]}}],"collection":[{"href":"https:\/\/ajatutaja.com\/hr\/wp-json\/wp\/v2\/product"}],"about":[{"href":"https:\/\/ajatutaja.com\/hr\/wp-json\/wp\/v2\/types\/product"}],"wp:featuredmedia":[{"embeddable":true,"href":"https:\/\/ajatutaja.com\/hr\/wp-json\/wp\/v2\/media\/83269"}],"wp:attachment":[{"href":"https:\/\/ajatutaja.com\/hr\/wp-json\/wp\/v2\/media?parent=41493"}],"wp:term":[{"taxonomy":"pwb-brand","embeddable":true,"href":"https:\/\/ajatutaja.com\/hr\/wp-json\/wp\/v2\/pwb-brand?post=41493"},{"taxonomy":"product_brand","embeddable":true,"href":"https:\/\/ajatutaja.com\/hr\/wp-json\/wp\/v2\/product_brand?post=41493"},{"taxonomy":"product_cat","embeddable":true,"href":"https:\/\/ajatutaja.com\/hr\/wp-json\/wp\/v2\/product_cat?post=41493"},{"taxonomy":"product_tag","embeddable":true,"href":"https:\/\/ajatutaja.com\/hr\/wp-json\/wp\/v2\/product_tag?post=41493"}],"curies":[{"name":"wp","href":"https:\/\/api.w.org\/{rel}","templated":true}]}}