{"id":41209,"date":"2022-11-14T20:44:10","date_gmt":"2022-11-14T19:44:10","guid":{"rendered":"https:\/\/ajatutaja.com\/?post_type=product&#038;p=41209"},"modified":"2023-12-15T07:00:51","modified_gmt":"2023-12-15T06:00:51","slug":"zametno-mehka-plisasta-igraca-stephen-joseph-bear","status":"publish","type":"product","link":"https:\/\/ajatutaja.com\/hr\/proizvod\/zametno-mehka-plisasta-igraca-stephen-joseph-bear\/","title":{"rendered":"\u017dametno mehka pli\u0161asta igra\u010da Stephen Joseph &#8211; Bear"},"content":{"rendered":"<p>[vc_row][vc_column][vc_column_text]<\/p>\n<h3>Lastnosti pli\u0161aste igra\u010de Stephen Joseph:<\/h3>\n<ul>\n<li>Igra\u010da je primerna za otroke od rojstva dalje.<\/li>\n<li>Material: 100% poliester.<\/li>\n<li>Zrna za obte\u017eitev in pomirjanje v notranjosti igra\u010dke<\/li>\n<li>Svilnato mehke ta\u010dke in u\u0161eska.<\/li>\n<li>Velikost 27cm<\/li>\n<li>Vzdr\u017eevanje: To\u010dkovno \u010di\u0161\u010denje. Su\u0161enje na zraku.<\/li>\n<\/ul>\n<p>[\/vc_column_text][\/vc_column][\/vc_row]<\/p>\n","protected":false},"excerpt":{"rendered":"<p>\u017dametno mehka pli\u0161asta igra\u010da Stephen Joseph v obliki medvedka je \u010dudovito prvo darilo za novorojen\u010dka in novope\u010deno mamico, za baby shower ali darilo za rojstni dan. Medo Bently je tako ljubek, da se mu ne boste mogli upreti.<\/p>\n","protected":false},"featured_media":41210,"template":"","meta":[],"pwb-brand":[2452,2460],"product_brand":[],"product_cat":[3986,2264,2716,2713,2362,5064,2605,2439],"product_tag":[3980],"class_list":{"0":"post-41209","1":"product","2":"type-product","3":"status-publish","4":"has-post-thumbnail","6":"pwb-brand-igranje","7":"pwb-brand-stephen-joseph-igranje","8":"product_cat-novorojencek-igrace","9":"product_cat-babyshower","10":"product_cat-darilo-do-30e","11":"product_cat-darilo-za-deklico","12":"product_cat-igranje","13":"product_cat-mehke-in-plisaste-igrace","14":"product_cat-ninice","15":"product_cat-ninice-za-dojencke","16":"product_tag-stephen-joseph","18":"first","19":"instock","20":"taxable","21":"shipping-taxable","22":"purchasable","23":"product-type-simple","24":"add-to-wishlist-before_image"},"yoast_head":"<!-- This site is optimized with the Yoast SEO plugin v27.3 - https:\/\/yoast.com\/product\/yoast-seo-wordpress\/ -->\n<title>\u017dametno mehka pli\u0161asta igra\u010da Stephen Joseph - Bear | Ajatutaja<\/title>\n<meta name=\"description\" content=\"\u017dametno mehka pli\u0161asta igra\u010da Stephen Joseph v obliki medvedka je \u010dudovito prvo darilo za novorojen\u010dka in novope\u010deno mamico, za baby shower ali darilo za rojstni dan.\" \/>\n<meta name=\"robots\" content=\"index, follow, max-snippet:-1, max-image-preview:large, max-video-preview:-1\" \/>\n<link rel=\"canonical\" href=\"https:\/\/ajatutaja.com\/izdelek\/zametno-mehka-plisasta-igraca-stephen-joseph-bear\/\" \/>\n<meta property=\"og:locale\" content=\"hr_HR\" \/>\n<meta property=\"og:type\" content=\"article\" \/>\n<meta property=\"og:title\" content=\"\u017dametno mehka pli\u0161asta igra\u010da Stephen Joseph - Bear | Ajatutaja\" \/>\n<meta property=\"og:description\" content=\"\u017dametno mehka pli\u0161asta igra\u010da Stephen Joseph v obliki medvedka je \u010dudovito prvo darilo za novorojen\u010dka in novope\u010deno mamico, za baby shower ali darilo za rojstni dan.\" \/>\n<meta property=\"og:url\" content=\"https:\/\/ajatutaja.com\/izdelek\/zametno-mehka-plisasta-igraca-stephen-joseph-bear\/\" \/>\n<meta property=\"og:site_name\" content=\"Ajatutaja\" \/>\n<meta property=\"article:modified_time\" content=\"2023-12-15T06:00:51+00:00\" \/>\n<meta property=\"og:image\" content=\"https:\/\/ajatutaja.com\/wp-content\/uploads\/2022\/11\/SJ123920.jpg\" \/>\n\t<meta property=\"og:image:width\" content=\"500\" \/>\n\t<meta property=\"og:image:height\" content=\"500\" \/>\n\t<meta property=\"og:image:type\" content=\"image\/jpeg\" \/>\n<meta name=\"twitter:card\" content=\"summary_large_image\" \/>\n<script type=\"application\/ld+json\" class=\"yoast-schema-graph\">{\"@context\":\"https:\\\/\\\/schema.org\",\"@graph\":[{\"@type\":\"WebPage\",\"@id\":\"https:\\\/\\\/ajatutaja.com\\\/izdelek\\\/zametno-mehka-plisasta-igraca-stephen-joseph-bear\\\/\",\"url\":\"https:\\\/\\\/ajatutaja.com\\\/izdelek\\\/zametno-mehka-plisasta-igraca-stephen-joseph-bear\\\/\",\"name\":\"\u017dametno mehka pli\u0161asta igra\u010da Stephen Joseph - Bear | Ajatutaja\",\"isPartOf\":{\"@id\":\"https:\\\/\\\/ajatutaja.com\\\/#website\"},\"primaryImageOfPage\":{\"@id\":\"https:\\\/\\\/ajatutaja.com\\\/izdelek\\\/zametno-mehka-plisasta-igraca-stephen-joseph-bear\\\/#primaryimage\"},\"image\":{\"@id\":\"https:\\\/\\\/ajatutaja.com\\\/izdelek\\\/zametno-mehka-plisasta-igraca-stephen-joseph-bear\\\/#primaryimage\"},\"thumbnailUrl\":\"https:\\\/\\\/ajatutaja.com\\\/wp-content\\\/uploads\\\/2022\\\/11\\\/SJ123920.jpg\",\"datePublished\":\"2022-11-14T19:44:10+00:00\",\"dateModified\":\"2023-12-15T06:00:51+00:00\",\"description\":\"\u017dametno mehka pli\u0161asta igra\u010da Stephen Joseph v obliki medvedka je \u010dudovito prvo darilo za novorojen\u010dka in novope\u010deno mamico, za baby shower ali darilo za rojstni dan.\",\"breadcrumb\":{\"@id\":\"https:\\\/\\\/ajatutaja.com\\\/izdelek\\\/zametno-mehka-plisasta-igraca-stephen-joseph-bear\\\/#breadcrumb\"},\"inLanguage\":\"hr\",\"potentialAction\":[{\"@type\":\"ReadAction\",\"target\":[\"https:\\\/\\\/ajatutaja.com\\\/izdelek\\\/zametno-mehka-plisasta-igraca-stephen-joseph-bear\\\/\"]}]},{\"@type\":\"ImageObject\",\"inLanguage\":\"hr\",\"@id\":\"https:\\\/\\\/ajatutaja.com\\\/izdelek\\\/zametno-mehka-plisasta-igraca-stephen-joseph-bear\\\/#primaryimage\",\"url\":\"https:\\\/\\\/ajatutaja.com\\\/wp-content\\\/uploads\\\/2022\\\/11\\\/SJ123920.jpg\",\"contentUrl\":\"https:\\\/\\\/ajatutaja.com\\\/wp-content\\\/uploads\\\/2022\\\/11\\\/SJ123920.jpg\",\"width\":500,\"height\":500},{\"@type\":\"BreadcrumbList\",\"@id\":\"https:\\\/\\\/ajatutaja.com\\\/izdelek\\\/zametno-mehka-plisasta-igraca-stephen-joseph-bear\\\/#breadcrumb\",\"itemListElement\":[{\"@type\":\"ListItem\",\"position\":1,\"name\":\"Home\",\"item\":\"https:\\\/\\\/ajatutaja.com\\\/hr\\\/\"},{\"@type\":\"ListItem\",\"position\":2,\"name\":\"Trgovina\",\"item\":\"https:\\\/\\\/ajatutaja.com\\\/hr\\\/trgovina\\\/\"},{\"@type\":\"ListItem\",\"position\":3,\"name\":\"\u017dametno mehka pli\u0161asta igra\u010da Stephen Joseph &#8211; Bear\"}]},{\"@type\":\"WebSite\",\"@id\":\"https:\\\/\\\/ajatutaja.com\\\/#website\",\"url\":\"https:\\\/\\\/ajatutaja.com\\\/\",\"name\":\"Ajatutaja\",\"description\":\"Otro\u0161ka spletna trgovina AJATUTAJA\",\"publisher\":{\"@id\":\"https:\\\/\\\/ajatutaja.com\\\/#organization\"},\"potentialAction\":[{\"@type\":\"SearchAction\",\"target\":{\"@type\":\"EntryPoint\",\"urlTemplate\":\"https:\\\/\\\/ajatutaja.com\\\/?s={search_term_string}\"},\"query-input\":{\"@type\":\"PropertyValueSpecification\",\"valueRequired\":true,\"valueName\":\"search_term_string\"}}],\"inLanguage\":\"hr\"},{\"@type\":\"Organization\",\"@id\":\"https:\\\/\\\/ajatutaja.com\\\/#organization\",\"name\":\"Ajatutaja\",\"url\":\"https:\\\/\\\/ajatutaja.com\\\/\",\"logo\":{\"@type\":\"ImageObject\",\"inLanguage\":\"hr\",\"@id\":\"https:\\\/\\\/ajatutaja.com\\\/#\\\/schema\\\/logo\\\/image\\\/\",\"url\":\"https:\\\/\\\/ajatutaja.com\\\/wp-content\\\/uploads\\\/2021\\\/10\\\/logo.png\",\"contentUrl\":\"https:\\\/\\\/ajatutaja.com\\\/wp-content\\\/uploads\\\/2021\\\/10\\\/logo.png\",\"width\":555,\"height\":150,\"caption\":\"Ajatutaja\"},\"image\":{\"@id\":\"https:\\\/\\\/ajatutaja.com\\\/#\\\/schema\\\/logo\\\/image\\\/\"}}]}<\/script>\n<!-- \/ Yoast SEO plugin. -->","yoast_head_json":{"title":"\u017dametno mehka pli\u0161asta igra\u010da Stephen Joseph - Bear | Ajatutaja","description":"\u017dametno mehka pli\u0161asta igra\u010da Stephen Joseph v obliki medvedka je \u010dudovito prvo darilo za novorojen\u010dka in novope\u010deno mamico, za baby shower ali darilo za rojstni dan.","robots":{"index":"index","follow":"follow","max-snippet":"max-snippet:-1","max-image-preview":"max-image-preview:large","max-video-preview":"max-video-preview:-1"},"canonical":"https:\/\/ajatutaja.com\/izdelek\/zametno-mehka-plisasta-igraca-stephen-joseph-bear\/","og_locale":"hr_HR","og_type":"article","og_title":"\u017dametno mehka pli\u0161asta igra\u010da Stephen Joseph - Bear | Ajatutaja","og_description":"\u017dametno mehka pli\u0161asta igra\u010da Stephen Joseph v obliki medvedka je \u010dudovito prvo darilo za novorojen\u010dka in novope\u010deno mamico, za baby shower ali darilo za rojstni dan.","og_url":"https:\/\/ajatutaja.com\/izdelek\/zametno-mehka-plisasta-igraca-stephen-joseph-bear\/","og_site_name":"Ajatutaja","article_modified_time":"2023-12-15T06:00:51+00:00","og_image":[{"width":500,"height":500,"url":"https:\/\/ajatutaja.com\/wp-content\/uploads\/2022\/11\/SJ123920.jpg","type":"image\/jpeg"}],"twitter_card":"summary_large_image","schema":{"@context":"https:\/\/schema.org","@graph":[{"@type":"WebPage","@id":"https:\/\/ajatutaja.com\/izdelek\/zametno-mehka-plisasta-igraca-stephen-joseph-bear\/","url":"https:\/\/ajatutaja.com\/izdelek\/zametno-mehka-plisasta-igraca-stephen-joseph-bear\/","name":"\u017dametno mehka pli\u0161asta igra\u010da Stephen Joseph - Bear | Ajatutaja","isPartOf":{"@id":"https:\/\/ajatutaja.com\/#website"},"primaryImageOfPage":{"@id":"https:\/\/ajatutaja.com\/izdelek\/zametno-mehka-plisasta-igraca-stephen-joseph-bear\/#primaryimage"},"image":{"@id":"https:\/\/ajatutaja.com\/izdelek\/zametno-mehka-plisasta-igraca-stephen-joseph-bear\/#primaryimage"},"thumbnailUrl":"https:\/\/ajatutaja.com\/wp-content\/uploads\/2022\/11\/SJ123920.jpg","datePublished":"2022-11-14T19:44:10+00:00","dateModified":"2023-12-15T06:00:51+00:00","description":"\u017dametno mehka pli\u0161asta igra\u010da Stephen Joseph v obliki medvedka je \u010dudovito prvo darilo za novorojen\u010dka in novope\u010deno mamico, za baby shower ali darilo za rojstni dan.","breadcrumb":{"@id":"https:\/\/ajatutaja.com\/izdelek\/zametno-mehka-plisasta-igraca-stephen-joseph-bear\/#breadcrumb"},"inLanguage":"hr","potentialAction":[{"@type":"ReadAction","target":["https:\/\/ajatutaja.com\/izdelek\/zametno-mehka-plisasta-igraca-stephen-joseph-bear\/"]}]},{"@type":"ImageObject","inLanguage":"hr","@id":"https:\/\/ajatutaja.com\/izdelek\/zametno-mehka-plisasta-igraca-stephen-joseph-bear\/#primaryimage","url":"https:\/\/ajatutaja.com\/wp-content\/uploads\/2022\/11\/SJ123920.jpg","contentUrl":"https:\/\/ajatutaja.com\/wp-content\/uploads\/2022\/11\/SJ123920.jpg","width":500,"height":500},{"@type":"BreadcrumbList","@id":"https:\/\/ajatutaja.com\/izdelek\/zametno-mehka-plisasta-igraca-stephen-joseph-bear\/#breadcrumb","itemListElement":[{"@type":"ListItem","position":1,"name":"Home","item":"https:\/\/ajatutaja.com\/hr\/"},{"@type":"ListItem","position":2,"name":"Trgovina","item":"https:\/\/ajatutaja.com\/hr\/trgovina\/"},{"@type":"ListItem","position":3,"name":"\u017dametno mehka pli\u0161asta igra\u010da Stephen Joseph &#8211; Bear"}]},{"@type":"WebSite","@id":"https:\/\/ajatutaja.com\/#website","url":"https:\/\/ajatutaja.com\/","name":"Ajatutaja","description":"Otro\u0161ka spletna trgovina AJATUTAJA","publisher":{"@id":"https:\/\/ajatutaja.com\/#organization"},"potentialAction":[{"@type":"SearchAction","target":{"@type":"EntryPoint","urlTemplate":"https:\/\/ajatutaja.com\/?s={search_term_string}"},"query-input":{"@type":"PropertyValueSpecification","valueRequired":true,"valueName":"search_term_string"}}],"inLanguage":"hr"},{"@type":"Organization","@id":"https:\/\/ajatutaja.com\/#organization","name":"Ajatutaja","url":"https:\/\/ajatutaja.com\/","logo":{"@type":"ImageObject","inLanguage":"hr","@id":"https:\/\/ajatutaja.com\/#\/schema\/logo\/image\/","url":"https:\/\/ajatutaja.com\/wp-content\/uploads\/2021\/10\/logo.png","contentUrl":"https:\/\/ajatutaja.com\/wp-content\/uploads\/2021\/10\/logo.png","width":555,"height":150,"caption":"Ajatutaja"},"image":{"@id":"https:\/\/ajatutaja.com\/#\/schema\/logo\/image\/"}}]}},"brands":[{"id":2452,"name":"Igranje","slug":"igranje"},{"id":2460,"name":"Stephen Joseph","slug":"stephen-joseph-igranje"}],"_links":{"self":[{"href":"https:\/\/ajatutaja.com\/hr\/wp-json\/wp\/v2\/product\/41209","targetHints":{"allow":["GET"]}}],"collection":[{"href":"https:\/\/ajatutaja.com\/hr\/wp-json\/wp\/v2\/product"}],"about":[{"href":"https:\/\/ajatutaja.com\/hr\/wp-json\/wp\/v2\/types\/product"}],"wp:featuredmedia":[{"embeddable":true,"href":"https:\/\/ajatutaja.com\/hr\/wp-json\/wp\/v2\/media\/41210"}],"wp:attachment":[{"href":"https:\/\/ajatutaja.com\/hr\/wp-json\/wp\/v2\/media?parent=41209"}],"wp:term":[{"taxonomy":"pwb-brand","embeddable":true,"href":"https:\/\/ajatutaja.com\/hr\/wp-json\/wp\/v2\/pwb-brand?post=41209"},{"taxonomy":"product_brand","embeddable":true,"href":"https:\/\/ajatutaja.com\/hr\/wp-json\/wp\/v2\/product_brand?post=41209"},{"taxonomy":"product_cat","embeddable":true,"href":"https:\/\/ajatutaja.com\/hr\/wp-json\/wp\/v2\/product_cat?post=41209"},{"taxonomy":"product_tag","embeddable":true,"href":"https:\/\/ajatutaja.com\/hr\/wp-json\/wp\/v2\/product_tag?post=41209"}],"curies":[{"name":"wp","href":"https:\/\/api.w.org\/{rel}","templated":true}]}}