{"id":40971,"date":"2025-11-06T13:17:10","date_gmt":"2025-11-06T12:17:10","guid":{"rendered":"https:\/\/ajatutaja.com\/?post_type=product&#038;p=40971"},"modified":"2026-03-12T14:55:48","modified_gmt":"2026-03-12T13:55:48","slug":"set-za-cajanko-iz-lesa-little-dutch","status":"publish","type":"product","link":"https:\/\/ajatutaja.com\/hr\/proizvod\/set-za-cajanko-iz-lesa-little-dutch\/","title":{"rendered":"Set za \u010dajanko iz lesa Little Dutch"},"content":{"rendered":"<p>[vc_row][vc_column][vc_column_text]<\/p>\n<h4>Lastnosti lesenega seta za \u010dajanko Little Dutch (<span class=\"prop-value\">LD2507<\/span>):<\/h4>\n<ul>\n<li>Barvano z otrokom prijaznimi barvami na vodni osnovi<\/li>\n<li>Starost otroka: 2 leti+<\/li>\n<li data-placeholder=\"Prevod\"><span lang=\"sl\">Set vsebuje: Set vsebuej: 1 lesen \u010dajnik s pokrovom, 1 vr\u010d za mleko, 1 posodo za sladkor s pokrovom, 1 pladenj, 2 skodelici, 2 kro\u017enika, 2 \u017eli\u010dki, 1 rezina limone, 1 metin list.<\/span><\/li>\n<li data-placeholder=\"Prevod\"><span lang=\"sl\">Materiali: Les.\u00a0<\/span><\/li>\n<li data-placeholder=\"Prevod\"><span lang=\"sl\"> Opomba: primerno samo za domiselne \u010dajanke, ne pa za pravo hrano ali vodo. <\/span><\/li>\n<li data-placeholder=\"Prevod\"><span lang=\"sl\">\u0160katla je dimenzije: 27,5&#215;10,7x17x9 cm<\/span><\/li>\n<\/ul>\n<p>Little Dutch izdeluje brez\u010dasne igra\u010de visoke kakovosti, z elegantnimi barvami, odtisi in ilustracijami. Vsi izdelki so skladni z evropskimi direktivami in se proizvajajo brez dela otrok in na dru\u017ebeno odgovoren na\u010din.[\/vc_column_text][\/vc_column][\/vc_row]<\/p>\n","protected":false},"excerpt":{"rendered":"<p style=\"text-align: justify\">Pri\u010darajte svojemu mal\u010dku \u010dudovito \u010dajanko s \u010dajnim setom iz lesa Little Dutch. S tem prisr\u010dnim lesenim \u010dajnim setom, bo va\u0161 mal\u010dek pripravil in postregel kusne \u010daje okra\u0161ene z limono in meto.<\/p>\n","protected":false},"featured_media":82369,"template":"","meta":[],"pwb-brand":[2452,2457],"product_brand":[],"product_cat":[3992,2716,2448,2443],"product_tag":[4002,6320,4428],"class_list":{"0":"post-40971","1":"product","2":"type-product","3":"status-publish","4":"has-post-thumbnail","6":"pwb-brand-igranje","7":"pwb-brand-little-dutch-igra","8":"product_cat-3-leta-igrace","9":"product_cat-darilo-do-30e","10":"product_cat-igranje-vlog","11":"product_cat-lesene-igrace","12":"product_tag-little-dutch","13":"product_tag-mali-sef","14":"product_tag-otroska-kuhinja","16":"first","17":"instock","18":"taxable","19":"shipping-taxable","20":"purchasable","21":"product-type-simple","22":"add-to-wishlist-before_image"},"yoast_head":"<!-- This site is optimized with the Yoast SEO plugin v27.3 - https:\/\/yoast.com\/product\/yoast-seo-wordpress\/ -->\n<title>Set za \u010dajanko iz lesa Little Dutch | Ajatutaja<\/title>\n<meta name=\"description\" content=\"Pri\u010darajte mal\u010dku \u010dudovito \u010dajanko z lesenim \u010dajnim setom Little Dutch. Ta ljubek servis je sestavljen iz 13 kosov iz lesa s potiskom. Zabava je zagotovljena!\" \/>\n<meta name=\"robots\" content=\"index, follow, max-snippet:-1, max-image-preview:large, max-video-preview:-1\" \/>\n<link rel=\"canonical\" href=\"https:\/\/ajatutaja.com\/izdelek\/set-za-cajanko-iz-lesa-little-dutch\/\" \/>\n<meta property=\"og:locale\" content=\"hr_HR\" \/>\n<meta property=\"og:type\" content=\"article\" \/>\n<meta property=\"og:title\" content=\"Set za \u010dajanko iz lesa Little Dutch | Ajatutaja\" \/>\n<meta property=\"og:description\" content=\"Pri\u010darajte mal\u010dku \u010dudovito \u010dajanko z lesenim \u010dajnim setom Little Dutch. Ta ljubek servis je sestavljen iz 13 kosov iz lesa s potiskom. Zabava je zagotovljena!\" \/>\n<meta property=\"og:url\" content=\"https:\/\/ajatutaja.com\/izdelek\/set-za-cajanko-iz-lesa-little-dutch\/\" \/>\n<meta property=\"og:site_name\" content=\"Ajatutaja\" \/>\n<meta property=\"article:modified_time\" content=\"2026-03-12T13:55:48+00:00\" \/>\n<meta property=\"og:image\" content=\"https:\/\/ajatutaja.com\/wp-content\/uploads\/2022\/11\/Little-Dutch-Tee-Set-FSC-LD2507_2.jpg\" \/>\n\t<meta property=\"og:image:width\" content=\"1200\" \/>\n\t<meta property=\"og:image:height\" content=\"1200\" \/>\n\t<meta property=\"og:image:type\" content=\"image\/jpeg\" \/>\n<meta name=\"twitter:card\" content=\"summary_large_image\" \/>\n<meta name=\"twitter:label1\" content=\"Procijenjeno vrijeme \u010ditanja\" \/>\n\t<meta name=\"twitter:data1\" content=\"1 minuta\" \/>\n<script type=\"application\/ld+json\" class=\"yoast-schema-graph\">{\"@context\":\"https:\\\/\\\/schema.org\",\"@graph\":[{\"@type\":\"WebPage\",\"@id\":\"https:\\\/\\\/ajatutaja.com\\\/izdelek\\\/set-za-cajanko-iz-lesa-little-dutch\\\/\",\"url\":\"https:\\\/\\\/ajatutaja.com\\\/izdelek\\\/set-za-cajanko-iz-lesa-little-dutch\\\/\",\"name\":\"Set za \u010dajanko iz lesa Little Dutch | Ajatutaja\",\"isPartOf\":{\"@id\":\"https:\\\/\\\/ajatutaja.com\\\/#website\"},\"primaryImageOfPage\":{\"@id\":\"https:\\\/\\\/ajatutaja.com\\\/izdelek\\\/set-za-cajanko-iz-lesa-little-dutch\\\/#primaryimage\"},\"image\":{\"@id\":\"https:\\\/\\\/ajatutaja.com\\\/izdelek\\\/set-za-cajanko-iz-lesa-little-dutch\\\/#primaryimage\"},\"thumbnailUrl\":\"https:\\\/\\\/ajatutaja.com\\\/wp-content\\\/uploads\\\/2022\\\/11\\\/Little-Dutch-Tee-Set-FSC-LD2507_2.jpg\",\"datePublished\":\"2025-11-06T12:17:10+00:00\",\"dateModified\":\"2026-03-12T13:55:48+00:00\",\"description\":\"Pri\u010darajte mal\u010dku \u010dudovito \u010dajanko z lesenim \u010dajnim setom Little Dutch. Ta ljubek servis je sestavljen iz 13 kosov iz lesa s potiskom. Zabava je zagotovljena!\",\"breadcrumb\":{\"@id\":\"https:\\\/\\\/ajatutaja.com\\\/izdelek\\\/set-za-cajanko-iz-lesa-little-dutch\\\/#breadcrumb\"},\"inLanguage\":\"hr\",\"potentialAction\":[{\"@type\":\"ReadAction\",\"target\":[\"https:\\\/\\\/ajatutaja.com\\\/izdelek\\\/set-za-cajanko-iz-lesa-little-dutch\\\/\"]}]},{\"@type\":\"ImageObject\",\"inLanguage\":\"hr\",\"@id\":\"https:\\\/\\\/ajatutaja.com\\\/izdelek\\\/set-za-cajanko-iz-lesa-little-dutch\\\/#primaryimage\",\"url\":\"https:\\\/\\\/ajatutaja.com\\\/wp-content\\\/uploads\\\/2022\\\/11\\\/Little-Dutch-Tee-Set-FSC-LD2507_2.jpg\",\"contentUrl\":\"https:\\\/\\\/ajatutaja.com\\\/wp-content\\\/uploads\\\/2022\\\/11\\\/Little-Dutch-Tee-Set-FSC-LD2507_2.jpg\",\"width\":1200,\"height\":1200},{\"@type\":\"BreadcrumbList\",\"@id\":\"https:\\\/\\\/ajatutaja.com\\\/izdelek\\\/set-za-cajanko-iz-lesa-little-dutch\\\/#breadcrumb\",\"itemListElement\":[{\"@type\":\"ListItem\",\"position\":1,\"name\":\"Home\",\"item\":\"https:\\\/\\\/ajatutaja.com\\\/hr\\\/\"},{\"@type\":\"ListItem\",\"position\":2,\"name\":\"Trgovina\",\"item\":\"https:\\\/\\\/ajatutaja.com\\\/hr\\\/trgovina\\\/\"},{\"@type\":\"ListItem\",\"position\":3,\"name\":\"Set za \u010dajanko iz lesa Little Dutch\"}]},{\"@type\":\"WebSite\",\"@id\":\"https:\\\/\\\/ajatutaja.com\\\/#website\",\"url\":\"https:\\\/\\\/ajatutaja.com\\\/\",\"name\":\"Ajatutaja\",\"description\":\"Otro\u0161ka spletna trgovina AJATUTAJA\",\"publisher\":{\"@id\":\"https:\\\/\\\/ajatutaja.com\\\/#organization\"},\"potentialAction\":[{\"@type\":\"SearchAction\",\"target\":{\"@type\":\"EntryPoint\",\"urlTemplate\":\"https:\\\/\\\/ajatutaja.com\\\/?s={search_term_string}\"},\"query-input\":{\"@type\":\"PropertyValueSpecification\",\"valueRequired\":true,\"valueName\":\"search_term_string\"}}],\"inLanguage\":\"hr\"},{\"@type\":\"Organization\",\"@id\":\"https:\\\/\\\/ajatutaja.com\\\/#organization\",\"name\":\"Ajatutaja\",\"url\":\"https:\\\/\\\/ajatutaja.com\\\/\",\"logo\":{\"@type\":\"ImageObject\",\"inLanguage\":\"hr\",\"@id\":\"https:\\\/\\\/ajatutaja.com\\\/#\\\/schema\\\/logo\\\/image\\\/\",\"url\":\"https:\\\/\\\/ajatutaja.com\\\/wp-content\\\/uploads\\\/2021\\\/10\\\/logo.png\",\"contentUrl\":\"https:\\\/\\\/ajatutaja.com\\\/wp-content\\\/uploads\\\/2021\\\/10\\\/logo.png\",\"width\":555,\"height\":150,\"caption\":\"Ajatutaja\"},\"image\":{\"@id\":\"https:\\\/\\\/ajatutaja.com\\\/#\\\/schema\\\/logo\\\/image\\\/\"}}]}<\/script>\n<!-- \/ Yoast SEO plugin. -->","yoast_head_json":{"title":"Set za \u010dajanko iz lesa Little Dutch | Ajatutaja","description":"Pri\u010darajte mal\u010dku \u010dudovito \u010dajanko z lesenim \u010dajnim setom Little Dutch. Ta ljubek servis je sestavljen iz 13 kosov iz lesa s potiskom. Zabava je zagotovljena!","robots":{"index":"index","follow":"follow","max-snippet":"max-snippet:-1","max-image-preview":"max-image-preview:large","max-video-preview":"max-video-preview:-1"},"canonical":"https:\/\/ajatutaja.com\/izdelek\/set-za-cajanko-iz-lesa-little-dutch\/","og_locale":"hr_HR","og_type":"article","og_title":"Set za \u010dajanko iz lesa Little Dutch | Ajatutaja","og_description":"Pri\u010darajte mal\u010dku \u010dudovito \u010dajanko z lesenim \u010dajnim setom Little Dutch. Ta ljubek servis je sestavljen iz 13 kosov iz lesa s potiskom. Zabava je zagotovljena!","og_url":"https:\/\/ajatutaja.com\/izdelek\/set-za-cajanko-iz-lesa-little-dutch\/","og_site_name":"Ajatutaja","article_modified_time":"2026-03-12T13:55:48+00:00","og_image":[{"width":1200,"height":1200,"url":"https:\/\/ajatutaja.com\/wp-content\/uploads\/2022\/11\/Little-Dutch-Tee-Set-FSC-LD2507_2.jpg","type":"image\/jpeg"}],"twitter_card":"summary_large_image","twitter_misc":{"Procijenjeno vrijeme \u010ditanja":"1 minuta"},"schema":{"@context":"https:\/\/schema.org","@graph":[{"@type":"WebPage","@id":"https:\/\/ajatutaja.com\/izdelek\/set-za-cajanko-iz-lesa-little-dutch\/","url":"https:\/\/ajatutaja.com\/izdelek\/set-za-cajanko-iz-lesa-little-dutch\/","name":"Set za \u010dajanko iz lesa Little Dutch | Ajatutaja","isPartOf":{"@id":"https:\/\/ajatutaja.com\/#website"},"primaryImageOfPage":{"@id":"https:\/\/ajatutaja.com\/izdelek\/set-za-cajanko-iz-lesa-little-dutch\/#primaryimage"},"image":{"@id":"https:\/\/ajatutaja.com\/izdelek\/set-za-cajanko-iz-lesa-little-dutch\/#primaryimage"},"thumbnailUrl":"https:\/\/ajatutaja.com\/wp-content\/uploads\/2022\/11\/Little-Dutch-Tee-Set-FSC-LD2507_2.jpg","datePublished":"2025-11-06T12:17:10+00:00","dateModified":"2026-03-12T13:55:48+00:00","description":"Pri\u010darajte mal\u010dku \u010dudovito \u010dajanko z lesenim \u010dajnim setom Little Dutch. Ta ljubek servis je sestavljen iz 13 kosov iz lesa s potiskom. Zabava je zagotovljena!","breadcrumb":{"@id":"https:\/\/ajatutaja.com\/izdelek\/set-za-cajanko-iz-lesa-little-dutch\/#breadcrumb"},"inLanguage":"hr","potentialAction":[{"@type":"ReadAction","target":["https:\/\/ajatutaja.com\/izdelek\/set-za-cajanko-iz-lesa-little-dutch\/"]}]},{"@type":"ImageObject","inLanguage":"hr","@id":"https:\/\/ajatutaja.com\/izdelek\/set-za-cajanko-iz-lesa-little-dutch\/#primaryimage","url":"https:\/\/ajatutaja.com\/wp-content\/uploads\/2022\/11\/Little-Dutch-Tee-Set-FSC-LD2507_2.jpg","contentUrl":"https:\/\/ajatutaja.com\/wp-content\/uploads\/2022\/11\/Little-Dutch-Tee-Set-FSC-LD2507_2.jpg","width":1200,"height":1200},{"@type":"BreadcrumbList","@id":"https:\/\/ajatutaja.com\/izdelek\/set-za-cajanko-iz-lesa-little-dutch\/#breadcrumb","itemListElement":[{"@type":"ListItem","position":1,"name":"Home","item":"https:\/\/ajatutaja.com\/hr\/"},{"@type":"ListItem","position":2,"name":"Trgovina","item":"https:\/\/ajatutaja.com\/hr\/trgovina\/"},{"@type":"ListItem","position":3,"name":"Set za \u010dajanko iz lesa Little Dutch"}]},{"@type":"WebSite","@id":"https:\/\/ajatutaja.com\/#website","url":"https:\/\/ajatutaja.com\/","name":"Ajatutaja","description":"Otro\u0161ka spletna trgovina AJATUTAJA","publisher":{"@id":"https:\/\/ajatutaja.com\/#organization"},"potentialAction":[{"@type":"SearchAction","target":{"@type":"EntryPoint","urlTemplate":"https:\/\/ajatutaja.com\/?s={search_term_string}"},"query-input":{"@type":"PropertyValueSpecification","valueRequired":true,"valueName":"search_term_string"}}],"inLanguage":"hr"},{"@type":"Organization","@id":"https:\/\/ajatutaja.com\/#organization","name":"Ajatutaja","url":"https:\/\/ajatutaja.com\/","logo":{"@type":"ImageObject","inLanguage":"hr","@id":"https:\/\/ajatutaja.com\/#\/schema\/logo\/image\/","url":"https:\/\/ajatutaja.com\/wp-content\/uploads\/2021\/10\/logo.png","contentUrl":"https:\/\/ajatutaja.com\/wp-content\/uploads\/2021\/10\/logo.png","width":555,"height":150,"caption":"Ajatutaja"},"image":{"@id":"https:\/\/ajatutaja.com\/#\/schema\/logo\/image\/"}}]}},"brands":[{"id":2452,"name":"Igranje","slug":"igranje"},{"id":2457,"name":"Little Dutch","slug":"little-dutch-igra"}],"_links":{"self":[{"href":"https:\/\/ajatutaja.com\/hr\/wp-json\/wp\/v2\/product\/40971","targetHints":{"allow":["GET"]}}],"collection":[{"href":"https:\/\/ajatutaja.com\/hr\/wp-json\/wp\/v2\/product"}],"about":[{"href":"https:\/\/ajatutaja.com\/hr\/wp-json\/wp\/v2\/types\/product"}],"wp:featuredmedia":[{"embeddable":true,"href":"https:\/\/ajatutaja.com\/hr\/wp-json\/wp\/v2\/media\/82369"}],"wp:attachment":[{"href":"https:\/\/ajatutaja.com\/hr\/wp-json\/wp\/v2\/media?parent=40971"}],"wp:term":[{"taxonomy":"pwb-brand","embeddable":true,"href":"https:\/\/ajatutaja.com\/hr\/wp-json\/wp\/v2\/pwb-brand?post=40971"},{"taxonomy":"product_brand","embeddable":true,"href":"https:\/\/ajatutaja.com\/hr\/wp-json\/wp\/v2\/product_brand?post=40971"},{"taxonomy":"product_cat","embeddable":true,"href":"https:\/\/ajatutaja.com\/hr\/wp-json\/wp\/v2\/product_cat?post=40971"},{"taxonomy":"product_tag","embeddable":true,"href":"https:\/\/ajatutaja.com\/hr\/wp-json\/wp\/v2\/product_tag?post=40971"}],"curies":[{"name":"wp","href":"https:\/\/api.w.org\/{rel}","templated":true}]}}