{"id":40805,"date":"2026-05-01T13:16:37","date_gmt":"2026-05-01T11:16:37","guid":{"rendered":"https:\/\/ajatutaja.com\/?post_type=product&#038;p=40805"},"modified":"2026-05-12T08:18:42","modified_gmt":"2026-05-12T06:18:42","slug":"gugalnik-4moms-mamaroo-5-0-black","status":"publish","type":"product","link":"https:\/\/ajatutaja.com\/hr\/proizvod\/gugalnik-4moms-mamaroo-5-0-black\/","title":{"rendered":"UPPAbaby gugalnik mamaRoo\u00ae Smart Swing- Jake"},"content":{"rendered":"<p>[vc_row][vc_column][vc_column_text]Pametni gugalnik Mamaroo je zasnovan tako, da se giblje kot vi \u2013 posnema va\u0161e naravne gibe in ustvarja popoln, varen prostor za sprostitev dojen\u010dka, medtem ko si vi lahko vzamete trenutek zase. S petimi pomirjujo\u010dimi na\u010dini gibanja, nastavljivimi hitrostmi in pametnimi funkcijami se prilagaja potrebam va\u0161ega dojen\u010dka ter vam hkrati omogo\u010da, da se posvetite svojim drugim opravkom.<\/p>\n<h4>UPPAbaby MamaRoo Smart Swing ima naslednje lastnosti:<\/h4>\n<p>\u2022 Ve\u010d kot 400 prilagodljivih kombinacij z edinstvenimi gibi, nastavljivimi hitrostmi in pomirjujo\u010dimi zvoki<br \/>\n\u2022 Tehnologija MotionSync uskladi gibanje v aplikaciji z va\u0161imi gibi za popolnoma prilagojeno izku\u0161njo<br \/>\n\u2022 Patentirana tehnologija MultiMotion zdru\u017euje ne\u017eno gibanje gor-dol in levo-desno<br \/>\n\u2022 Mehki vlo\u017eek za novorojen\u010dke nudi dodatno udobje in oporo \u017ee od prvega dne<br \/>\n\u2022 Nastavljiv naklon zagotavlja novorojen\u010dku maksimalno udobje in optimalen po\u010ditek<br \/>\n\u2022 Interaktivni vrtiljak z vrte\u010dimi se \u017eogicami v barvah in vzorcih, ki spodbujajo razvoj fine motorike<br \/>\n\u2022 Bluetooth\u00ae povezljivost prek aplikacije UPPAbaby, Amazon Alexa ali Google Home za enostavno prilagajanje nastavitev<br \/>\n\u2022 5 edinstvenih, s strani star\u0161ev navdihnjenih gibanj: Cruise, Bounce, Sway, Rock in Wave<br \/>\n\u2022 4 pomirjujo\u010di zvoki z izbolj\u0161ano kakovostjo zvoka: Jingle, Bliss, Chirp in Tide<br \/>\n\u2022 Preverjeno s strani Baby Safety Alliance za dokazano varnost, kakovost in zanesljivost<\/p>\n<h4>Tehni\u010dne lastnosti gugalnika mamaRoo Smart Swing:<\/h4>\n<ul>\n<li>Namenjen otrokom od rojstva do 9 meseca starosti<\/li>\n<li>Maksimalna obremenitev: 11 kg<\/li>\n<li>Te\u017ea izdelka: 7 kg<\/li>\n<li>Dimenzije izdelka: 60x53x86.4 cm<\/li>\n<li>Delovanje z napajalnikom (AC adapter prilo\u017een)<\/li>\n<\/ul>\n<p>VARNOSTNO OPOZORILO:\u00a0 Ne pu\u0161\u010dajte otroka v le\u017ealniku 4moms mamaRoo brez nadzora![\/vc_column_text][\/vc_column][\/vc_row]<\/p>\n","protected":false},"excerpt":{"rendered":"<p style=\"text-align: justify\">Pametni otro\u0161ki gugalnik UPPAbaby mamaRoo\u00ae je zasnovan tako, da posnema va\u0161e naravne gibe in ustvarja varen ter pomirjujo\u010d prostor za sprostitev novorojen\u010dka. S petimi edinstvenimi na\u010dini gibanja, nastavljivimi hitrostmi in pomirjujo\u010dimi zvoki ponuja ve\u010d kot 400 prilagodljivih kombinacij, ki se popolnoma prilagodijo potrebam va\u0161ega dojen\u010dka.<\/p>\n","protected":false},"featured_media":89079,"template":"","meta":[],"pwb-brand":[2611],"product_brand":[],"product_cat":[2598,2593],"product_tag":[6386,4287],"class_list":{"0":"post-40805","1":"product","2":"type-product","3":"status-publish","4":"has-post-thumbnail","6":"pwb-brand-spanje","7":"product_cat-otroski-lezalniki","8":"product_cat-spanje","9":"product_tag-mamaroo-5-0","10":"product_tag-uppababy","12":"first","13":"instock","14":"taxable","15":"shipping-taxable","16":"purchasable","17":"product-type-simple","18":"add-to-wishlist-before_image"},"yoast_head":"<!-- This site is optimized with the Yoast SEO plugin v27.3 - https:\/\/yoast.com\/product\/yoast-seo-wordpress\/ -->\n<title>Gugalnik mamaRoo<\/title>\n<meta name=\"description\" content=\"MamaRoo 5.0 je najnovej\u0161i elektri\u010dni gugalnik in le\u017ealnik za dojen\u010dke proizvajalca 4moms. Va\u0161ega otroka bo gugalnik pomiril zibal in gugal, ter ga popeljal v sladki spanec.\" \/>\n<meta name=\"robots\" content=\"index, follow, max-snippet:-1, max-image-preview:large, max-video-preview:-1\" \/>\n<link rel=\"canonical\" href=\"https:\/\/ajatutaja.com\/izdelek\/gugalnik-4moms-mamaroo-5-0-black\/\" \/>\n<meta property=\"og:locale\" content=\"hr_HR\" \/>\n<meta property=\"og:type\" content=\"article\" \/>\n<meta property=\"og:title\" content=\"Gugalnik mamaRoo\" \/>\n<meta property=\"og:description\" content=\"MamaRoo 5.0 je najnovej\u0161i elektri\u010dni gugalnik in le\u017ealnik za dojen\u010dke proizvajalca 4moms. Va\u0161ega otroka bo gugalnik pomiril zibal in gugal, ter ga popeljal v sladki spanec.\" \/>\n<meta property=\"og:url\" content=\"https:\/\/ajatutaja.com\/izdelek\/gugalnik-4moms-mamaroo-5-0-black\/\" \/>\n<meta property=\"og:site_name\" content=\"Ajatutaja\" \/>\n<meta property=\"article:modified_time\" content=\"2026-05-12T06:18:42+00:00\" \/>\n<meta property=\"og:image\" content=\"https:\/\/ajatutaja.com\/wp-content\/uploads\/2026\/05\/UppaBaby-mamaRoo-gugalnik-jake-charcoal-melange-0.webp\" \/>\n\t<meta property=\"og:image:width\" content=\"1080\" \/>\n\t<meta property=\"og:image:height\" content=\"1080\" \/>\n\t<meta property=\"og:image:type\" content=\"image\/webp\" \/>\n<meta name=\"twitter:card\" content=\"summary_large_image\" \/>\n<meta name=\"twitter:label1\" content=\"Procijenjeno vrijeme \u010ditanja\" \/>\n\t<meta name=\"twitter:data1\" content=\"1 minuta\" \/>\n<script type=\"application\/ld+json\" class=\"yoast-schema-graph\">{\"@context\":\"https:\\\/\\\/schema.org\",\"@graph\":[{\"@type\":\"WebPage\",\"@id\":\"https:\\\/\\\/ajatutaja.com\\\/izdelek\\\/gugalnik-4moms-mamaroo-5-0-black\\\/\",\"url\":\"https:\\\/\\\/ajatutaja.com\\\/izdelek\\\/gugalnik-4moms-mamaroo-5-0-black\\\/\",\"name\":\"Gugalnik mamaRoo\",\"isPartOf\":{\"@id\":\"https:\\\/\\\/ajatutaja.com\\\/#website\"},\"primaryImageOfPage\":{\"@id\":\"https:\\\/\\\/ajatutaja.com\\\/izdelek\\\/gugalnik-4moms-mamaroo-5-0-black\\\/#primaryimage\"},\"image\":{\"@id\":\"https:\\\/\\\/ajatutaja.com\\\/izdelek\\\/gugalnik-4moms-mamaroo-5-0-black\\\/#primaryimage\"},\"thumbnailUrl\":\"https:\\\/\\\/ajatutaja.com\\\/wp-content\\\/uploads\\\/2026\\\/05\\\/UppaBaby-mamaRoo-gugalnik-jake-charcoal-melange-0.webp\",\"datePublished\":\"2026-05-01T11:16:37+00:00\",\"dateModified\":\"2026-05-12T06:18:42+00:00\",\"description\":\"MamaRoo 5.0 je najnovej\u0161i elektri\u010dni gugalnik in le\u017ealnik za dojen\u010dke proizvajalca 4moms. Va\u0161ega otroka bo gugalnik pomiril zibal in gugal, ter ga popeljal v sladki spanec.\",\"breadcrumb\":{\"@id\":\"https:\\\/\\\/ajatutaja.com\\\/izdelek\\\/gugalnik-4moms-mamaroo-5-0-black\\\/#breadcrumb\"},\"inLanguage\":\"hr\",\"potentialAction\":[{\"@type\":\"ReadAction\",\"target\":[\"https:\\\/\\\/ajatutaja.com\\\/izdelek\\\/gugalnik-4moms-mamaroo-5-0-black\\\/\"]}]},{\"@type\":\"ImageObject\",\"inLanguage\":\"hr\",\"@id\":\"https:\\\/\\\/ajatutaja.com\\\/izdelek\\\/gugalnik-4moms-mamaroo-5-0-black\\\/#primaryimage\",\"url\":\"https:\\\/\\\/ajatutaja.com\\\/wp-content\\\/uploads\\\/2026\\\/05\\\/UppaBaby-mamaRoo-gugalnik-jake-charcoal-melange-0.webp\",\"contentUrl\":\"https:\\\/\\\/ajatutaja.com\\\/wp-content\\\/uploads\\\/2026\\\/05\\\/UppaBaby-mamaRoo-gugalnik-jake-charcoal-melange-0.webp\",\"width\":1080,\"height\":1080},{\"@type\":\"BreadcrumbList\",\"@id\":\"https:\\\/\\\/ajatutaja.com\\\/izdelek\\\/gugalnik-4moms-mamaroo-5-0-black\\\/#breadcrumb\",\"itemListElement\":[{\"@type\":\"ListItem\",\"position\":1,\"name\":\"Home\",\"item\":\"https:\\\/\\\/ajatutaja.com\\\/hr\\\/\"},{\"@type\":\"ListItem\",\"position\":2,\"name\":\"Trgovina\",\"item\":\"https:\\\/\\\/ajatutaja.com\\\/hr\\\/trgovina\\\/\"},{\"@type\":\"ListItem\",\"position\":3,\"name\":\"UPPAbaby gugalnik mamaRoo\u00ae Smart Swing- Jake\"}]},{\"@type\":\"WebSite\",\"@id\":\"https:\\\/\\\/ajatutaja.com\\\/#website\",\"url\":\"https:\\\/\\\/ajatutaja.com\\\/\",\"name\":\"Ajatutaja\",\"description\":\"Otro\u0161ka spletna trgovina AJATUTAJA\",\"publisher\":{\"@id\":\"https:\\\/\\\/ajatutaja.com\\\/#organization\"},\"potentialAction\":[{\"@type\":\"SearchAction\",\"target\":{\"@type\":\"EntryPoint\",\"urlTemplate\":\"https:\\\/\\\/ajatutaja.com\\\/?s={search_term_string}\"},\"query-input\":{\"@type\":\"PropertyValueSpecification\",\"valueRequired\":true,\"valueName\":\"search_term_string\"}}],\"inLanguage\":\"hr\"},{\"@type\":\"Organization\",\"@id\":\"https:\\\/\\\/ajatutaja.com\\\/#organization\",\"name\":\"Ajatutaja\",\"url\":\"https:\\\/\\\/ajatutaja.com\\\/\",\"logo\":{\"@type\":\"ImageObject\",\"inLanguage\":\"hr\",\"@id\":\"https:\\\/\\\/ajatutaja.com\\\/#\\\/schema\\\/logo\\\/image\\\/\",\"url\":\"https:\\\/\\\/ajatutaja.com\\\/wp-content\\\/uploads\\\/2021\\\/10\\\/logo.png\",\"contentUrl\":\"https:\\\/\\\/ajatutaja.com\\\/wp-content\\\/uploads\\\/2021\\\/10\\\/logo.png\",\"width\":555,\"height\":150,\"caption\":\"Ajatutaja\"},\"image\":{\"@id\":\"https:\\\/\\\/ajatutaja.com\\\/#\\\/schema\\\/logo\\\/image\\\/\"}}]}<\/script>\n<!-- \/ Yoast SEO plugin. -->","yoast_head_json":{"title":"Gugalnik mamaRoo","description":"MamaRoo 5.0 je najnovej\u0161i elektri\u010dni gugalnik in le\u017ealnik za dojen\u010dke proizvajalca 4moms. Va\u0161ega otroka bo gugalnik pomiril zibal in gugal, ter ga popeljal v sladki spanec.","robots":{"index":"index","follow":"follow","max-snippet":"max-snippet:-1","max-image-preview":"max-image-preview:large","max-video-preview":"max-video-preview:-1"},"canonical":"https:\/\/ajatutaja.com\/izdelek\/gugalnik-4moms-mamaroo-5-0-black\/","og_locale":"hr_HR","og_type":"article","og_title":"Gugalnik mamaRoo","og_description":"MamaRoo 5.0 je najnovej\u0161i elektri\u010dni gugalnik in le\u017ealnik za dojen\u010dke proizvajalca 4moms. Va\u0161ega otroka bo gugalnik pomiril zibal in gugal, ter ga popeljal v sladki spanec.","og_url":"https:\/\/ajatutaja.com\/izdelek\/gugalnik-4moms-mamaroo-5-0-black\/","og_site_name":"Ajatutaja","article_modified_time":"2026-05-12T06:18:42+00:00","og_image":[{"width":1080,"height":1080,"url":"https:\/\/ajatutaja.com\/wp-content\/uploads\/2026\/05\/UppaBaby-mamaRoo-gugalnik-jake-charcoal-melange-0.webp","type":"image\/webp"}],"twitter_card":"summary_large_image","twitter_misc":{"Procijenjeno vrijeme \u010ditanja":"1 minuta"},"schema":{"@context":"https:\/\/schema.org","@graph":[{"@type":"WebPage","@id":"https:\/\/ajatutaja.com\/izdelek\/gugalnik-4moms-mamaroo-5-0-black\/","url":"https:\/\/ajatutaja.com\/izdelek\/gugalnik-4moms-mamaroo-5-0-black\/","name":"Gugalnik mamaRoo","isPartOf":{"@id":"https:\/\/ajatutaja.com\/#website"},"primaryImageOfPage":{"@id":"https:\/\/ajatutaja.com\/izdelek\/gugalnik-4moms-mamaroo-5-0-black\/#primaryimage"},"image":{"@id":"https:\/\/ajatutaja.com\/izdelek\/gugalnik-4moms-mamaroo-5-0-black\/#primaryimage"},"thumbnailUrl":"https:\/\/ajatutaja.com\/wp-content\/uploads\/2026\/05\/UppaBaby-mamaRoo-gugalnik-jake-charcoal-melange-0.webp","datePublished":"2026-05-01T11:16:37+00:00","dateModified":"2026-05-12T06:18:42+00:00","description":"MamaRoo 5.0 je najnovej\u0161i elektri\u010dni gugalnik in le\u017ealnik za dojen\u010dke proizvajalca 4moms. Va\u0161ega otroka bo gugalnik pomiril zibal in gugal, ter ga popeljal v sladki spanec.","breadcrumb":{"@id":"https:\/\/ajatutaja.com\/izdelek\/gugalnik-4moms-mamaroo-5-0-black\/#breadcrumb"},"inLanguage":"hr","potentialAction":[{"@type":"ReadAction","target":["https:\/\/ajatutaja.com\/izdelek\/gugalnik-4moms-mamaroo-5-0-black\/"]}]},{"@type":"ImageObject","inLanguage":"hr","@id":"https:\/\/ajatutaja.com\/izdelek\/gugalnik-4moms-mamaroo-5-0-black\/#primaryimage","url":"https:\/\/ajatutaja.com\/wp-content\/uploads\/2026\/05\/UppaBaby-mamaRoo-gugalnik-jake-charcoal-melange-0.webp","contentUrl":"https:\/\/ajatutaja.com\/wp-content\/uploads\/2026\/05\/UppaBaby-mamaRoo-gugalnik-jake-charcoal-melange-0.webp","width":1080,"height":1080},{"@type":"BreadcrumbList","@id":"https:\/\/ajatutaja.com\/izdelek\/gugalnik-4moms-mamaroo-5-0-black\/#breadcrumb","itemListElement":[{"@type":"ListItem","position":1,"name":"Home","item":"https:\/\/ajatutaja.com\/hr\/"},{"@type":"ListItem","position":2,"name":"Trgovina","item":"https:\/\/ajatutaja.com\/hr\/trgovina\/"},{"@type":"ListItem","position":3,"name":"UPPAbaby gugalnik mamaRoo\u00ae Smart Swing- Jake"}]},{"@type":"WebSite","@id":"https:\/\/ajatutaja.com\/#website","url":"https:\/\/ajatutaja.com\/","name":"Ajatutaja","description":"Otro\u0161ka spletna trgovina AJATUTAJA","publisher":{"@id":"https:\/\/ajatutaja.com\/#organization"},"potentialAction":[{"@type":"SearchAction","target":{"@type":"EntryPoint","urlTemplate":"https:\/\/ajatutaja.com\/?s={search_term_string}"},"query-input":{"@type":"PropertyValueSpecification","valueRequired":true,"valueName":"search_term_string"}}],"inLanguage":"hr"},{"@type":"Organization","@id":"https:\/\/ajatutaja.com\/#organization","name":"Ajatutaja","url":"https:\/\/ajatutaja.com\/","logo":{"@type":"ImageObject","inLanguage":"hr","@id":"https:\/\/ajatutaja.com\/#\/schema\/logo\/image\/","url":"https:\/\/ajatutaja.com\/wp-content\/uploads\/2021\/10\/logo.png","contentUrl":"https:\/\/ajatutaja.com\/wp-content\/uploads\/2021\/10\/logo.png","width":555,"height":150,"caption":"Ajatutaja"},"image":{"@id":"https:\/\/ajatutaja.com\/#\/schema\/logo\/image\/"}}]}},"brands":[{"id":2611,"name":"Spanje","slug":"spanje"}],"_links":{"self":[{"href":"https:\/\/ajatutaja.com\/hr\/wp-json\/wp\/v2\/product\/40805","targetHints":{"allow":["GET"]}}],"collection":[{"href":"https:\/\/ajatutaja.com\/hr\/wp-json\/wp\/v2\/product"}],"about":[{"href":"https:\/\/ajatutaja.com\/hr\/wp-json\/wp\/v2\/types\/product"}],"wp:featuredmedia":[{"embeddable":true,"href":"https:\/\/ajatutaja.com\/hr\/wp-json\/wp\/v2\/media\/89079"}],"wp:attachment":[{"href":"https:\/\/ajatutaja.com\/hr\/wp-json\/wp\/v2\/media?parent=40805"}],"wp:term":[{"taxonomy":"pwb-brand","embeddable":true,"href":"https:\/\/ajatutaja.com\/hr\/wp-json\/wp\/v2\/pwb-brand?post=40805"},{"taxonomy":"product_brand","embeddable":true,"href":"https:\/\/ajatutaja.com\/hr\/wp-json\/wp\/v2\/product_brand?post=40805"},{"taxonomy":"product_cat","embeddable":true,"href":"https:\/\/ajatutaja.com\/hr\/wp-json\/wp\/v2\/product_cat?post=40805"},{"taxonomy":"product_tag","embeddable":true,"href":"https:\/\/ajatutaja.com\/hr\/wp-json\/wp\/v2\/product_tag?post=40805"}],"curies":[{"name":"wp","href":"https:\/\/api.w.org\/{rel}","templated":true}]}}