{"id":40469,"date":"2025-01-27T07:14:38","date_gmt":"2025-01-27T06:14:38","guid":{"rendered":"https:\/\/ajatutaja.com\/?post_type=product&#038;p=40469"},"modified":"2026-03-26T19:12:56","modified_gmt":"2026-03-26T18:12:56","slug":"nanobebe-flexi-silikonska-duda-pak-2-3m","status":"publish","type":"product","link":"https:\/\/ajatutaja.com\/hr\/proizvod\/nanobebe-flexi-silikonska-duda-pak-2-3m\/","title":{"rendered":"Nanob\u00e9b\u00e9 Flexi silikonska duda pak.2 (3m+)"},"content":{"rendered":"<p>[vc_row][vc_column][vc_column_text]<\/p>\n<h3>Lastnosti Nanob\u00e9b\u00e9 Flexi tola\u017eilne dude:<\/h3>\n<ul>\n<li><strong>Ergonomska oblika:<\/strong> mehka silikonska duda se udobno ukrivi okoli otrokovega nosu in brade, da ostane na mestu in prepre\u010di, da bi izpadala iz ust.<\/li>\n<li><strong>Izredno mehka in zra\u010dna:<\/strong> otroku zagotavlja maksimalno udobje in prepre\u010duje dra\u017eenje, zahvaljujo\u010d pretoku zraka iz vgrajenih zra\u010dnikov.<\/li>\n<li><strong>Znana oblika in ob\u010dutek:<\/strong> zaradi mehkega, zaobljenega cuclja je to popolna duda za dojene dojen\u010dke in novorojen\u010dke.<\/li>\n<li><strong>Enodelna silikonska konstrukcija:<\/strong>\u00a0brez skritih koti\u010dkov\u00a0za nabiranje plesni ali bakterij.<\/li>\n<li><strong>Popolna za dojen\u010dka:<\/strong> spodbuja zdrav ustni razvoj in prepre\u010duje zmedenost bradavic.<\/li>\n<li><strong>Najvarnej\u0161i materiali:<\/strong> brez BPA; narejeno iz najvi\u0161jega medicinskega silikona.<\/li>\n<li><strong>Na voljo v 2 velikostih:\u00a0<\/strong> 0-3mesece in 3+mesece<\/li>\n<\/ul>\n<p>[\/vc_column_text][\/vc_column][\/vc_row]<\/p>\n","protected":false},"excerpt":{"rendered":"<p>Ve\u010dkrat nagrajene ergonomsko oblikovane dude Nanob\u00e9b\u00e9 Flexy imajo novorojen\u010dki radi \u017ee od prvega trenutka. Te mehke, pro\u017ene silikonske dude hitro pomirijo tudi dojene novorojen\u010dke, hkrati pa so vzdr\u017eljive in enostavne za \u010di\u0161\u010denje. Izdelane so iz enodelne silikonske konstrukcije, kar je najvarnej\u0161a za dojen\u010dke. Flexi tola\u017eilne dude je mo\u017eno pritrditi na ve\u010dino priponk za dudo preko stranske odprtine.<\/p>\n<p>5 barv na voljo!<\/p>\n","protected":false},"featured_media":72895,"template":"","meta":[],"pwb-brand":[2269,5024],"product_brand":[],"product_cat":[2306],"product_tag":[5025],"class_list":{"0":"post-40469","1":"product","2":"type-product","3":"status-publish","4":"has-post-thumbnail","6":"pwb-brand-hranjenje","7":"pwb-brand-nanobebe","8":"product_cat-dude-in-priponke","9":"product_tag-nanobebe","11":"first","12":"outofstock","13":"taxable","14":"shipping-taxable","15":"purchasable","16":"product-type-variable","17":"add-to-wishlist-before_image"},"yoast_head":"<!-- This site is optimized with the Yoast SEO plugin v27.3 - https:\/\/yoast.com\/product\/yoast-seo-wordpress\/ -->\n<title>Nanob\u00e9b\u00e9 Flexi silikonska duda pak.2 (3m+) | Ajatutaja<\/title>\n<meta name=\"description\" content=\"Ve\u010dkrat nagrajene ergonomsko oblikovane dude Nanob\u00e9b\u00e9 Flexy imajo novorojen\u010dki radi \u017ee od prvega trenutka. Te mehke, pro\u017ene silikonske dude hitro pomirijo tudi dojene novorojen\u010dke, hkrati pa so vzdr\u017eljive in enostavne za \u010di\u0161\u010denje.\" \/>\n<meta name=\"robots\" content=\"index, follow, max-snippet:-1, max-image-preview:large, max-video-preview:-1\" \/>\n<link rel=\"canonical\" href=\"https:\/\/ajatutaja.com\/izdelek\/nanobebe-flexi-silikonska-duda-pak-2-3m\/\" \/>\n<meta property=\"og:locale\" content=\"hr_HR\" \/>\n<meta property=\"og:type\" content=\"article\" \/>\n<meta property=\"og:title\" content=\"Nanob\u00e9b\u00e9 Flexi silikonska duda pak.2 (3m+) | Ajatutaja\" \/>\n<meta property=\"og:description\" content=\"Ve\u010dkrat nagrajene ergonomsko oblikovane dude Nanob\u00e9b\u00e9 Flexy imajo novorojen\u010dki radi \u017ee od prvega trenutka. Te mehke, pro\u017ene silikonske dude hitro pomirijo tudi dojene novorojen\u010dke, hkrati pa so vzdr\u017eljive in enostavne za \u010di\u0161\u010denje.\" \/>\n<meta property=\"og:url\" content=\"https:\/\/ajatutaja.com\/izdelek\/nanobebe-flexi-silikonska-duda-pak-2-3m\/\" \/>\n<meta property=\"og:site_name\" content=\"Ajatutaja\" \/>\n<meta property=\"article:modified_time\" content=\"2026-03-26T18:12:56+00:00\" \/>\n<meta property=\"og:image\" content=\"https:\/\/ajatutaja.com\/wp-content\/uploads\/2022\/10\/nanobebe-flexi-silikonska-duda-ajatutaja-siva.webp\" \/>\n\t<meta property=\"og:image:width\" content=\"2000\" \/>\n\t<meta property=\"og:image:height\" content=\"2000\" \/>\n\t<meta property=\"og:image:type\" content=\"image\/webp\" \/>\n<meta name=\"twitter:card\" content=\"summary_large_image\" \/>\n<meta name=\"twitter:label1\" content=\"Procijenjeno vrijeme \u010ditanja\" \/>\n\t<meta name=\"twitter:data1\" content=\"1 minuta\" \/>\n<script type=\"application\/ld+json\" class=\"yoast-schema-graph\">{\"@context\":\"https:\\\/\\\/schema.org\",\"@graph\":[{\"@type\":\"WebPage\",\"@id\":\"https:\\\/\\\/ajatutaja.com\\\/izdelek\\\/nanobebe-flexi-silikonska-duda-pak-2-3m\\\/\",\"url\":\"https:\\\/\\\/ajatutaja.com\\\/izdelek\\\/nanobebe-flexi-silikonska-duda-pak-2-3m\\\/\",\"name\":\"Nanob\u00e9b\u00e9 Flexi silikonska duda pak.2 (3m+) | Ajatutaja\",\"isPartOf\":{\"@id\":\"https:\\\/\\\/ajatutaja.com\\\/#website\"},\"primaryImageOfPage\":{\"@id\":\"https:\\\/\\\/ajatutaja.com\\\/izdelek\\\/nanobebe-flexi-silikonska-duda-pak-2-3m\\\/#primaryimage\"},\"image\":{\"@id\":\"https:\\\/\\\/ajatutaja.com\\\/izdelek\\\/nanobebe-flexi-silikonska-duda-pak-2-3m\\\/#primaryimage\"},\"thumbnailUrl\":\"https:\\\/\\\/ajatutaja.com\\\/wp-content\\\/uploads\\\/2022\\\/10\\\/nanobebe-flexi-silikonska-duda-ajatutaja-siva.webp\",\"datePublished\":\"2025-01-27T06:14:38+00:00\",\"dateModified\":\"2026-03-26T18:12:56+00:00\",\"description\":\"Ve\u010dkrat nagrajene ergonomsko oblikovane dude Nanob\u00e9b\u00e9 Flexy imajo novorojen\u010dki radi \u017ee od prvega trenutka. Te mehke, pro\u017ene silikonske dude hitro pomirijo tudi dojene novorojen\u010dke, hkrati pa so vzdr\u017eljive in enostavne za \u010di\u0161\u010denje.\",\"breadcrumb\":{\"@id\":\"https:\\\/\\\/ajatutaja.com\\\/izdelek\\\/nanobebe-flexi-silikonska-duda-pak-2-3m\\\/#breadcrumb\"},\"inLanguage\":\"hr\",\"potentialAction\":[{\"@type\":\"ReadAction\",\"target\":[\"https:\\\/\\\/ajatutaja.com\\\/izdelek\\\/nanobebe-flexi-silikonska-duda-pak-2-3m\\\/\"]}]},{\"@type\":\"ImageObject\",\"inLanguage\":\"hr\",\"@id\":\"https:\\\/\\\/ajatutaja.com\\\/izdelek\\\/nanobebe-flexi-silikonska-duda-pak-2-3m\\\/#primaryimage\",\"url\":\"https:\\\/\\\/ajatutaja.com\\\/wp-content\\\/uploads\\\/2022\\\/10\\\/nanobebe-flexi-silikonska-duda-ajatutaja-siva.webp\",\"contentUrl\":\"https:\\\/\\\/ajatutaja.com\\\/wp-content\\\/uploads\\\/2022\\\/10\\\/nanobebe-flexi-silikonska-duda-ajatutaja-siva.webp\",\"width\":2000,\"height\":2000},{\"@type\":\"BreadcrumbList\",\"@id\":\"https:\\\/\\\/ajatutaja.com\\\/izdelek\\\/nanobebe-flexi-silikonska-duda-pak-2-3m\\\/#breadcrumb\",\"itemListElement\":[{\"@type\":\"ListItem\",\"position\":1,\"name\":\"Home\",\"item\":\"https:\\\/\\\/ajatutaja.com\\\/hr\\\/\"},{\"@type\":\"ListItem\",\"position\":2,\"name\":\"Trgovina\",\"item\":\"https:\\\/\\\/ajatutaja.com\\\/hr\\\/trgovina\\\/\"},{\"@type\":\"ListItem\",\"position\":3,\"name\":\"Nanob\u00e9b\u00e9 Flexi silikonska duda pak.2 (3m+)\"}]},{\"@type\":\"WebSite\",\"@id\":\"https:\\\/\\\/ajatutaja.com\\\/#website\",\"url\":\"https:\\\/\\\/ajatutaja.com\\\/\",\"name\":\"Ajatutaja\",\"description\":\"Otro\u0161ka spletna trgovina AJATUTAJA\",\"publisher\":{\"@id\":\"https:\\\/\\\/ajatutaja.com\\\/#organization\"},\"potentialAction\":[{\"@type\":\"SearchAction\",\"target\":{\"@type\":\"EntryPoint\",\"urlTemplate\":\"https:\\\/\\\/ajatutaja.com\\\/?s={search_term_string}\"},\"query-input\":{\"@type\":\"PropertyValueSpecification\",\"valueRequired\":true,\"valueName\":\"search_term_string\"}}],\"inLanguage\":\"hr\"},{\"@type\":\"Organization\",\"@id\":\"https:\\\/\\\/ajatutaja.com\\\/#organization\",\"name\":\"Ajatutaja\",\"url\":\"https:\\\/\\\/ajatutaja.com\\\/\",\"logo\":{\"@type\":\"ImageObject\",\"inLanguage\":\"hr\",\"@id\":\"https:\\\/\\\/ajatutaja.com\\\/#\\\/schema\\\/logo\\\/image\\\/\",\"url\":\"https:\\\/\\\/ajatutaja.com\\\/wp-content\\\/uploads\\\/2021\\\/10\\\/logo.png\",\"contentUrl\":\"https:\\\/\\\/ajatutaja.com\\\/wp-content\\\/uploads\\\/2021\\\/10\\\/logo.png\",\"width\":555,\"height\":150,\"caption\":\"Ajatutaja\"},\"image\":{\"@id\":\"https:\\\/\\\/ajatutaja.com\\\/#\\\/schema\\\/logo\\\/image\\\/\"}}]}<\/script>\n<!-- \/ Yoast SEO plugin. -->","yoast_head_json":{"title":"Nanob\u00e9b\u00e9 Flexi silikonska duda pak.2 (3m+) | Ajatutaja","description":"Ve\u010dkrat nagrajene ergonomsko oblikovane dude Nanob\u00e9b\u00e9 Flexy imajo novorojen\u010dki radi \u017ee od prvega trenutka. Te mehke, pro\u017ene silikonske dude hitro pomirijo tudi dojene novorojen\u010dke, hkrati pa so vzdr\u017eljive in enostavne za \u010di\u0161\u010denje.","robots":{"index":"index","follow":"follow","max-snippet":"max-snippet:-1","max-image-preview":"max-image-preview:large","max-video-preview":"max-video-preview:-1"},"canonical":"https:\/\/ajatutaja.com\/izdelek\/nanobebe-flexi-silikonska-duda-pak-2-3m\/","og_locale":"hr_HR","og_type":"article","og_title":"Nanob\u00e9b\u00e9 Flexi silikonska duda pak.2 (3m+) | Ajatutaja","og_description":"Ve\u010dkrat nagrajene ergonomsko oblikovane dude Nanob\u00e9b\u00e9 Flexy imajo novorojen\u010dki radi \u017ee od prvega trenutka. Te mehke, pro\u017ene silikonske dude hitro pomirijo tudi dojene novorojen\u010dke, hkrati pa so vzdr\u017eljive in enostavne za \u010di\u0161\u010denje.","og_url":"https:\/\/ajatutaja.com\/izdelek\/nanobebe-flexi-silikonska-duda-pak-2-3m\/","og_site_name":"Ajatutaja","article_modified_time":"2026-03-26T18:12:56+00:00","og_image":[{"width":2000,"height":2000,"url":"https:\/\/ajatutaja.com\/wp-content\/uploads\/2022\/10\/nanobebe-flexi-silikonska-duda-ajatutaja-siva.webp","type":"image\/webp"}],"twitter_card":"summary_large_image","twitter_misc":{"Procijenjeno vrijeme \u010ditanja":"1 minuta"},"schema":{"@context":"https:\/\/schema.org","@graph":[{"@type":"WebPage","@id":"https:\/\/ajatutaja.com\/izdelek\/nanobebe-flexi-silikonska-duda-pak-2-3m\/","url":"https:\/\/ajatutaja.com\/izdelek\/nanobebe-flexi-silikonska-duda-pak-2-3m\/","name":"Nanob\u00e9b\u00e9 Flexi silikonska duda pak.2 (3m+) | Ajatutaja","isPartOf":{"@id":"https:\/\/ajatutaja.com\/#website"},"primaryImageOfPage":{"@id":"https:\/\/ajatutaja.com\/izdelek\/nanobebe-flexi-silikonska-duda-pak-2-3m\/#primaryimage"},"image":{"@id":"https:\/\/ajatutaja.com\/izdelek\/nanobebe-flexi-silikonska-duda-pak-2-3m\/#primaryimage"},"thumbnailUrl":"https:\/\/ajatutaja.com\/wp-content\/uploads\/2022\/10\/nanobebe-flexi-silikonska-duda-ajatutaja-siva.webp","datePublished":"2025-01-27T06:14:38+00:00","dateModified":"2026-03-26T18:12:56+00:00","description":"Ve\u010dkrat nagrajene ergonomsko oblikovane dude Nanob\u00e9b\u00e9 Flexy imajo novorojen\u010dki radi \u017ee od prvega trenutka. Te mehke, pro\u017ene silikonske dude hitro pomirijo tudi dojene novorojen\u010dke, hkrati pa so vzdr\u017eljive in enostavne za \u010di\u0161\u010denje.","breadcrumb":{"@id":"https:\/\/ajatutaja.com\/izdelek\/nanobebe-flexi-silikonska-duda-pak-2-3m\/#breadcrumb"},"inLanguage":"hr","potentialAction":[{"@type":"ReadAction","target":["https:\/\/ajatutaja.com\/izdelek\/nanobebe-flexi-silikonska-duda-pak-2-3m\/"]}]},{"@type":"ImageObject","inLanguage":"hr","@id":"https:\/\/ajatutaja.com\/izdelek\/nanobebe-flexi-silikonska-duda-pak-2-3m\/#primaryimage","url":"https:\/\/ajatutaja.com\/wp-content\/uploads\/2022\/10\/nanobebe-flexi-silikonska-duda-ajatutaja-siva.webp","contentUrl":"https:\/\/ajatutaja.com\/wp-content\/uploads\/2022\/10\/nanobebe-flexi-silikonska-duda-ajatutaja-siva.webp","width":2000,"height":2000},{"@type":"BreadcrumbList","@id":"https:\/\/ajatutaja.com\/izdelek\/nanobebe-flexi-silikonska-duda-pak-2-3m\/#breadcrumb","itemListElement":[{"@type":"ListItem","position":1,"name":"Home","item":"https:\/\/ajatutaja.com\/hr\/"},{"@type":"ListItem","position":2,"name":"Trgovina","item":"https:\/\/ajatutaja.com\/hr\/trgovina\/"},{"@type":"ListItem","position":3,"name":"Nanob\u00e9b\u00e9 Flexi silikonska duda pak.2 (3m+)"}]},{"@type":"WebSite","@id":"https:\/\/ajatutaja.com\/#website","url":"https:\/\/ajatutaja.com\/","name":"Ajatutaja","description":"Otro\u0161ka spletna trgovina AJATUTAJA","publisher":{"@id":"https:\/\/ajatutaja.com\/#organization"},"potentialAction":[{"@type":"SearchAction","target":{"@type":"EntryPoint","urlTemplate":"https:\/\/ajatutaja.com\/?s={search_term_string}"},"query-input":{"@type":"PropertyValueSpecification","valueRequired":true,"valueName":"search_term_string"}}],"inLanguage":"hr"},{"@type":"Organization","@id":"https:\/\/ajatutaja.com\/#organization","name":"Ajatutaja","url":"https:\/\/ajatutaja.com\/","logo":{"@type":"ImageObject","inLanguage":"hr","@id":"https:\/\/ajatutaja.com\/#\/schema\/logo\/image\/","url":"https:\/\/ajatutaja.com\/wp-content\/uploads\/2021\/10\/logo.png","contentUrl":"https:\/\/ajatutaja.com\/wp-content\/uploads\/2021\/10\/logo.png","width":555,"height":150,"caption":"Ajatutaja"},"image":{"@id":"https:\/\/ajatutaja.com\/#\/schema\/logo\/image\/"}}]}},"brands":[{"id":2269,"name":"Hranjenje","slug":"hranjenje"},{"id":5024,"name":"Nanob\u00e9b\u00e9","slug":"nanobebe"}],"_links":{"self":[{"href":"https:\/\/ajatutaja.com\/hr\/wp-json\/wp\/v2\/product\/40469","targetHints":{"allow":["GET"]}}],"collection":[{"href":"https:\/\/ajatutaja.com\/hr\/wp-json\/wp\/v2\/product"}],"about":[{"href":"https:\/\/ajatutaja.com\/hr\/wp-json\/wp\/v2\/types\/product"}],"wp:featuredmedia":[{"embeddable":true,"href":"https:\/\/ajatutaja.com\/hr\/wp-json\/wp\/v2\/media\/72895"}],"wp:attachment":[{"href":"https:\/\/ajatutaja.com\/hr\/wp-json\/wp\/v2\/media?parent=40469"}],"wp:term":[{"taxonomy":"pwb-brand","embeddable":true,"href":"https:\/\/ajatutaja.com\/hr\/wp-json\/wp\/v2\/pwb-brand?post=40469"},{"taxonomy":"product_brand","embeddable":true,"href":"https:\/\/ajatutaja.com\/hr\/wp-json\/wp\/v2\/product_brand?post=40469"},{"taxonomy":"product_cat","embeddable":true,"href":"https:\/\/ajatutaja.com\/hr\/wp-json\/wp\/v2\/product_cat?post=40469"},{"taxonomy":"product_tag","embeddable":true,"href":"https:\/\/ajatutaja.com\/hr\/wp-json\/wp\/v2\/product_tag?post=40469"}],"curies":[{"name":"wp","href":"https:\/\/api.w.org\/{rel}","templated":true}]}}