{"id":40343,"date":"2024-01-22T07:54:38","date_gmt":"2024-01-22T06:54:38","guid":{"rendered":"https:\/\/ajatutaja.com\/?post_type=product&#038;p=40343"},"modified":"2026-03-04T12:52:07","modified_gmt":"2026-03-04T11:52:07","slug":"komplet-dodatkov-za-nosni-aspirator-nosiboo-go","status":"publish","type":"product","link":"https:\/\/ajatutaja.com\/hr\/proizvod\/komplet-dodatkov-za-nosni-aspirator-nosiboo-go\/","title":{"rendered":"Komplet dodatkov za nosni aspirator Nosiboo\u00ae Go"},"content":{"rendered":"<p>[vc_row][vc_column][vc_column_text]<strong>Komplet dodatkov za nosni aspirator Nosiboo Go vsebuje :<\/strong><br \/>\n-1 Colibri nastavek\/glavo<br \/>\n-2 mehka in pro\u017ena nastavka za nos<br \/>\n-rezervni filter[\/vc_column_text][\/vc_column][\/vc_row]<\/p>\n","protected":false},"excerpt":{"rendered":"<p>Ta komplet dodatkov je zasnovan za uporabo izklju\u010dno s prenosnim nosnim aspiratorjem Nosiboo Go.\u00a0 Idealno za dru\u017eine z ve\u010d otroki ali \u010de morate zamenjati izgubljeni del.<\/p>\n","protected":false},"featured_media":40347,"template":"","meta":[],"pwb-brand":[2658,4505],"product_brand":[],"product_cat":[2608,2647],"product_tag":[4509,4508],"class_list":{"0":"post-40343","1":"product","2":"type-product","3":"status-publish","4":"has-post-thumbnail","6":"pwb-brand-nega-in-kopanje","7":"pwb-brand-nosiboo","8":"product_cat-nega-in-kopanje","9":"product_cat-pripomocki-za-nego-kopanje","10":"product_tag-nosiboo","11":"product_tag-nosni-aspirator","13":"first","14":"instock","15":"taxable","16":"shipping-taxable","17":"purchasable","18":"product-type-simple","19":"add-to-wishlist-before_image"},"yoast_head":"<!-- This site is optimized with the Yoast SEO plugin v27.3 - https:\/\/yoast.com\/product\/yoast-seo-wordpress\/ -->\n<title>Komplet dodatkov za nosni aspirator Nosiboo\u00ae Go | Ajatutaja<\/title>\n<meta name=\"description\" content=\"Ta komplet dodatkov je zasnovan za uporabo izklju\u010dno z nosnim aspiratorjem Nosiboo Go.\" \/>\n<meta name=\"robots\" content=\"index, follow, max-snippet:-1, max-image-preview:large, max-video-preview:-1\" \/>\n<link rel=\"canonical\" href=\"https:\/\/ajatutaja.com\/hr\/proizvod\/komplet-dodatkov-za-nosni-aspirator-nosiboo-go\/\" \/>\n<meta property=\"og:locale\" content=\"hr_HR\" \/>\n<meta property=\"og:type\" content=\"article\" \/>\n<meta property=\"og:title\" content=\"Komplet dodatkov za nosni aspirator Nosiboo\u00ae Go | Ajatutaja\" \/>\n<meta property=\"og:description\" content=\"Ta komplet dodatkov je zasnovan za uporabo izklju\u010dno z nosnim aspiratorjem Nosiboo Go.\" \/>\n<meta property=\"og:url\" content=\"https:\/\/ajatutaja.com\/hr\/proizvod\/komplet-dodatkov-za-nosni-aspirator-nosiboo-go\/\" \/>\n<meta property=\"og:site_name\" content=\"Ajatutaja\" \/>\n<meta property=\"article:modified_time\" content=\"2026-03-04T11:52:07+00:00\" \/>\n<meta property=\"og:image\" content=\"https:\/\/ajatutaja.com\/wp-content\/uploads\/2022\/10\/nosiboo_go_komplet-dodatkov-1.webp\" \/>\n\t<meta property=\"og:image:width\" content=\"1000\" \/>\n\t<meta property=\"og:image:height\" content=\"1000\" \/>\n\t<meta property=\"og:image:type\" content=\"image\/webp\" \/>\n<meta name=\"twitter:card\" content=\"summary_large_image\" \/>\n<script type=\"application\/ld+json\" class=\"yoast-schema-graph\">{\"@context\":\"https:\\\/\\\/schema.org\",\"@graph\":[{\"@type\":\"WebPage\",\"@id\":\"https:\\\/\\\/ajatutaja.com\\\/hr\\\/proizvod\\\/komplet-dodatkov-za-nosni-aspirator-nosiboo-go\\\/\",\"url\":\"https:\\\/\\\/ajatutaja.com\\\/hr\\\/proizvod\\\/komplet-dodatkov-za-nosni-aspirator-nosiboo-go\\\/\",\"name\":\"Komplet dodatkov za nosni aspirator Nosiboo\u00ae Go | Ajatutaja\",\"isPartOf\":{\"@id\":\"https:\\\/\\\/ajatutaja.com\\\/#website\"},\"primaryImageOfPage\":{\"@id\":\"https:\\\/\\\/ajatutaja.com\\\/hr\\\/proizvod\\\/komplet-dodatkov-za-nosni-aspirator-nosiboo-go\\\/#primaryimage\"},\"image\":{\"@id\":\"https:\\\/\\\/ajatutaja.com\\\/hr\\\/proizvod\\\/komplet-dodatkov-za-nosni-aspirator-nosiboo-go\\\/#primaryimage\"},\"thumbnailUrl\":\"https:\\\/\\\/ajatutaja.com\\\/wp-content\\\/uploads\\\/2022\\\/10\\\/nosiboo_go_komplet-dodatkov-1.webp\",\"datePublished\":\"2024-01-22T06:54:38+00:00\",\"dateModified\":\"2026-03-04T11:52:07+00:00\",\"description\":\"Ta komplet dodatkov je zasnovan za uporabo izklju\u010dno z nosnim aspiratorjem Nosiboo Go.\",\"breadcrumb\":{\"@id\":\"https:\\\/\\\/ajatutaja.com\\\/hr\\\/proizvod\\\/komplet-dodatkov-za-nosni-aspirator-nosiboo-go\\\/#breadcrumb\"},\"inLanguage\":\"hr\",\"potentialAction\":[{\"@type\":\"ReadAction\",\"target\":[\"https:\\\/\\\/ajatutaja.com\\\/hr\\\/proizvod\\\/komplet-dodatkov-za-nosni-aspirator-nosiboo-go\\\/\"]}]},{\"@type\":\"ImageObject\",\"inLanguage\":\"hr\",\"@id\":\"https:\\\/\\\/ajatutaja.com\\\/hr\\\/proizvod\\\/komplet-dodatkov-za-nosni-aspirator-nosiboo-go\\\/#primaryimage\",\"url\":\"https:\\\/\\\/ajatutaja.com\\\/wp-content\\\/uploads\\\/2022\\\/10\\\/nosiboo_go_komplet-dodatkov-1.webp\",\"contentUrl\":\"https:\\\/\\\/ajatutaja.com\\\/wp-content\\\/uploads\\\/2022\\\/10\\\/nosiboo_go_komplet-dodatkov-1.webp\",\"width\":1000,\"height\":1000},{\"@type\":\"BreadcrumbList\",\"@id\":\"https:\\\/\\\/ajatutaja.com\\\/hr\\\/proizvod\\\/komplet-dodatkov-za-nosni-aspirator-nosiboo-go\\\/#breadcrumb\",\"itemListElement\":[{\"@type\":\"ListItem\",\"position\":1,\"name\":\"Home\",\"item\":\"https:\\\/\\\/ajatutaja.com\\\/hr\\\/\"},{\"@type\":\"ListItem\",\"position\":2,\"name\":\"Trgovina\",\"item\":\"https:\\\/\\\/ajatutaja.com\\\/hr\\\/trgovina\\\/\"},{\"@type\":\"ListItem\",\"position\":3,\"name\":\"Komplet dodatkov za nosni aspirator Nosiboo\u00ae Go\"}]},{\"@type\":\"WebSite\",\"@id\":\"https:\\\/\\\/ajatutaja.com\\\/#website\",\"url\":\"https:\\\/\\\/ajatutaja.com\\\/\",\"name\":\"Ajatutaja\",\"description\":\"Otro\u0161ka spletna trgovina AJATUTAJA\",\"publisher\":{\"@id\":\"https:\\\/\\\/ajatutaja.com\\\/#organization\"},\"potentialAction\":[{\"@type\":\"SearchAction\",\"target\":{\"@type\":\"EntryPoint\",\"urlTemplate\":\"https:\\\/\\\/ajatutaja.com\\\/?s={search_term_string}\"},\"query-input\":{\"@type\":\"PropertyValueSpecification\",\"valueRequired\":true,\"valueName\":\"search_term_string\"}}],\"inLanguage\":\"hr\"},{\"@type\":\"Organization\",\"@id\":\"https:\\\/\\\/ajatutaja.com\\\/#organization\",\"name\":\"Ajatutaja\",\"url\":\"https:\\\/\\\/ajatutaja.com\\\/\",\"logo\":{\"@type\":\"ImageObject\",\"inLanguage\":\"hr\",\"@id\":\"https:\\\/\\\/ajatutaja.com\\\/#\\\/schema\\\/logo\\\/image\\\/\",\"url\":\"https:\\\/\\\/ajatutaja.com\\\/wp-content\\\/uploads\\\/2021\\\/10\\\/logo.png\",\"contentUrl\":\"https:\\\/\\\/ajatutaja.com\\\/wp-content\\\/uploads\\\/2021\\\/10\\\/logo.png\",\"width\":555,\"height\":150,\"caption\":\"Ajatutaja\"},\"image\":{\"@id\":\"https:\\\/\\\/ajatutaja.com\\\/#\\\/schema\\\/logo\\\/image\\\/\"}}]}<\/script>\n<!-- \/ Yoast SEO plugin. -->","yoast_head_json":{"title":"Komplet dodatkov za nosni aspirator Nosiboo\u00ae Go | Ajatutaja","description":"Ta komplet dodatkov je zasnovan za uporabo izklju\u010dno z nosnim aspiratorjem Nosiboo Go.","robots":{"index":"index","follow":"follow","max-snippet":"max-snippet:-1","max-image-preview":"max-image-preview:large","max-video-preview":"max-video-preview:-1"},"canonical":"https:\/\/ajatutaja.com\/hr\/proizvod\/komplet-dodatkov-za-nosni-aspirator-nosiboo-go\/","og_locale":"hr_HR","og_type":"article","og_title":"Komplet dodatkov za nosni aspirator Nosiboo\u00ae Go | Ajatutaja","og_description":"Ta komplet dodatkov je zasnovan za uporabo izklju\u010dno z nosnim aspiratorjem Nosiboo Go.","og_url":"https:\/\/ajatutaja.com\/hr\/proizvod\/komplet-dodatkov-za-nosni-aspirator-nosiboo-go\/","og_site_name":"Ajatutaja","article_modified_time":"2026-03-04T11:52:07+00:00","og_image":[{"width":1000,"height":1000,"url":"https:\/\/ajatutaja.com\/wp-content\/uploads\/2022\/10\/nosiboo_go_komplet-dodatkov-1.webp","type":"image\/webp"}],"twitter_card":"summary_large_image","schema":{"@context":"https:\/\/schema.org","@graph":[{"@type":"WebPage","@id":"https:\/\/ajatutaja.com\/hr\/proizvod\/komplet-dodatkov-za-nosni-aspirator-nosiboo-go\/","url":"https:\/\/ajatutaja.com\/hr\/proizvod\/komplet-dodatkov-za-nosni-aspirator-nosiboo-go\/","name":"Komplet dodatkov za nosni aspirator Nosiboo\u00ae Go | Ajatutaja","isPartOf":{"@id":"https:\/\/ajatutaja.com\/#website"},"primaryImageOfPage":{"@id":"https:\/\/ajatutaja.com\/hr\/proizvod\/komplet-dodatkov-za-nosni-aspirator-nosiboo-go\/#primaryimage"},"image":{"@id":"https:\/\/ajatutaja.com\/hr\/proizvod\/komplet-dodatkov-za-nosni-aspirator-nosiboo-go\/#primaryimage"},"thumbnailUrl":"https:\/\/ajatutaja.com\/wp-content\/uploads\/2022\/10\/nosiboo_go_komplet-dodatkov-1.webp","datePublished":"2024-01-22T06:54:38+00:00","dateModified":"2026-03-04T11:52:07+00:00","description":"Ta komplet dodatkov je zasnovan za uporabo izklju\u010dno z nosnim aspiratorjem Nosiboo Go.","breadcrumb":{"@id":"https:\/\/ajatutaja.com\/hr\/proizvod\/komplet-dodatkov-za-nosni-aspirator-nosiboo-go\/#breadcrumb"},"inLanguage":"hr","potentialAction":[{"@type":"ReadAction","target":["https:\/\/ajatutaja.com\/hr\/proizvod\/komplet-dodatkov-za-nosni-aspirator-nosiboo-go\/"]}]},{"@type":"ImageObject","inLanguage":"hr","@id":"https:\/\/ajatutaja.com\/hr\/proizvod\/komplet-dodatkov-za-nosni-aspirator-nosiboo-go\/#primaryimage","url":"https:\/\/ajatutaja.com\/wp-content\/uploads\/2022\/10\/nosiboo_go_komplet-dodatkov-1.webp","contentUrl":"https:\/\/ajatutaja.com\/wp-content\/uploads\/2022\/10\/nosiboo_go_komplet-dodatkov-1.webp","width":1000,"height":1000},{"@type":"BreadcrumbList","@id":"https:\/\/ajatutaja.com\/hr\/proizvod\/komplet-dodatkov-za-nosni-aspirator-nosiboo-go\/#breadcrumb","itemListElement":[{"@type":"ListItem","position":1,"name":"Home","item":"https:\/\/ajatutaja.com\/hr\/"},{"@type":"ListItem","position":2,"name":"Trgovina","item":"https:\/\/ajatutaja.com\/hr\/trgovina\/"},{"@type":"ListItem","position":3,"name":"Komplet dodatkov za nosni aspirator Nosiboo\u00ae Go"}]},{"@type":"WebSite","@id":"https:\/\/ajatutaja.com\/#website","url":"https:\/\/ajatutaja.com\/","name":"Ajatutaja","description":"Otro\u0161ka spletna trgovina AJATUTAJA","publisher":{"@id":"https:\/\/ajatutaja.com\/#organization"},"potentialAction":[{"@type":"SearchAction","target":{"@type":"EntryPoint","urlTemplate":"https:\/\/ajatutaja.com\/?s={search_term_string}"},"query-input":{"@type":"PropertyValueSpecification","valueRequired":true,"valueName":"search_term_string"}}],"inLanguage":"hr"},{"@type":"Organization","@id":"https:\/\/ajatutaja.com\/#organization","name":"Ajatutaja","url":"https:\/\/ajatutaja.com\/","logo":{"@type":"ImageObject","inLanguage":"hr","@id":"https:\/\/ajatutaja.com\/#\/schema\/logo\/image\/","url":"https:\/\/ajatutaja.com\/wp-content\/uploads\/2021\/10\/logo.png","contentUrl":"https:\/\/ajatutaja.com\/wp-content\/uploads\/2021\/10\/logo.png","width":555,"height":150,"caption":"Ajatutaja"},"image":{"@id":"https:\/\/ajatutaja.com\/#\/schema\/logo\/image\/"}}]}},"brands":[{"id":2658,"name":"Nega in kopanje","slug":"nega-in-kopanje"},{"id":4505,"name":"Nosiboo","slug":"nosiboo"}],"_links":{"self":[{"href":"https:\/\/ajatutaja.com\/hr\/wp-json\/wp\/v2\/product\/40343","targetHints":{"allow":["GET"]}}],"collection":[{"href":"https:\/\/ajatutaja.com\/hr\/wp-json\/wp\/v2\/product"}],"about":[{"href":"https:\/\/ajatutaja.com\/hr\/wp-json\/wp\/v2\/types\/product"}],"wp:featuredmedia":[{"embeddable":true,"href":"https:\/\/ajatutaja.com\/hr\/wp-json\/wp\/v2\/media\/40347"}],"wp:attachment":[{"href":"https:\/\/ajatutaja.com\/hr\/wp-json\/wp\/v2\/media?parent=40343"}],"wp:term":[{"taxonomy":"pwb-brand","embeddable":true,"href":"https:\/\/ajatutaja.com\/hr\/wp-json\/wp\/v2\/pwb-brand?post=40343"},{"taxonomy":"product_brand","embeddable":true,"href":"https:\/\/ajatutaja.com\/hr\/wp-json\/wp\/v2\/product_brand?post=40343"},{"taxonomy":"product_cat","embeddable":true,"href":"https:\/\/ajatutaja.com\/hr\/wp-json\/wp\/v2\/product_cat?post=40343"},{"taxonomy":"product_tag","embeddable":true,"href":"https:\/\/ajatutaja.com\/hr\/wp-json\/wp\/v2\/product_tag?post=40343"}],"curies":[{"name":"wp","href":"https:\/\/api.w.org\/{rel}","templated":true}]}}