{"id":40112,"date":"2022-10-19T16:39:20","date_gmt":"2022-10-19T14:39:20","guid":{"rendered":"https:\/\/ajatutaja.com\/?post_type=product&#038;p=40112"},"modified":"2026-01-14T12:52:53","modified_gmt":"2026-01-14T11:52:53","slug":"done-by-deer-igralna-podloga-lalee-sand","status":"publish","type":"product","link":"https:\/\/ajatutaja.com\/hr\/proizvod\/done-by-deer-igralna-podloga-lalee-sand\/","title":{"rendered":"Done by Deer Igralna podloga z loki Lalee &#8211; Sand"},"content":{"rendered":"<p>[vc_row][vc_column][vc_column_text]Igralna podloga z loki Done by Deer se lahko uporablja tudi samostojno, brez loka. Na njej se lahko mal\u010dek igra, plazi ali enostavno le\u017ei in opazuje svet okoli sebe. Zraven prejmete tudi podporo za trebu\u0161\u010dek, ki bo v pomo\u010d med igranjem na trebu\u0161\u010dku. Va\u0161emu dojen\u010dku bo nudila veliko zabave in mu pomagala krepiti motori\u010dne in senzori\u010dne spretnosti, v vseh fazah njegovega razvoja. Igralno podlogo odlikujejo tudi mehki materiali, lepi zaklju\u010dki in izjemna kakovost.<\/p>\n<h3>Lastnosti igralne podloge Done by Deer Lalee:<\/h3>\n<ul>\n<li>Material: Igralna podloga: 100% poliester, polnilo in igra\u010dke: 100% poliester, lok: 50% bomba\u017e in 50% poliester.<\/li>\n<li>Velikost:\u00a0\u00d890 x 48 cm<\/li>\n<li>Barva: Pe\u0161\u010dena iz kolekcije Lalee<\/li>\n<li>Primerno od starosti 0 mesecev +<\/li>\n<li>Vzdr\u017eevanje: \u010ci\u0161\u010denje z vla\u017eno krpo, sama podloga (brez lokov) je pralna na\u00a040 stopinj, ni primerno za su\u0161enje v su\u0161ilnem stroju.<\/li>\n<\/ul>\n<div class=\"std\"><\/div>\n<p>[\/vc_column_text][\/vc_column][\/vc_row]<\/p>\n","protected":false},"excerpt":{"rendered":"<p style=\"text-align: justify\">Aktivnostna in mehka igralna podloga z loki Done by Deer vsebuje 4 senzori\u010dne igra\u010dke, ki jih lahko namestite na kar 13 razli\u010dnih pozicij na loku, prav tako pa so tudi snemljive in se lahko namestijo na vozi\u010dek ali lupinico.<\/p>\n","protected":false},"featured_media":40113,"template":"","meta":[],"pwb-brand":[2625,2452],"product_brand":[],"product_cat":[3986,2711,2438,2440,2362],"product_tag":[3978,4915],"class_list":{"0":"post-40112","1":"product","2":"type-product","3":"status-publish","4":"has-post-thumbnail","6":"pwb-brand-done-by-deer-spanje","7":"pwb-brand-igranje","8":"product_cat-novorojencek-igrace","9":"product_cat-darilo-ob-rojstvu","10":"product_cat-igralne-podloge","11":"product_cat-igralni-centri","12":"product_cat-igranje","13":"product_tag-done-by-deer","14":"product_tag-lalee","16":"first","17":"onbackorder","18":"taxable","19":"shipping-taxable","20":"purchasable","21":"product-type-simple","22":"add-to-wishlist-before_image"},"yoast_head":"<!-- This site is optimized with the Yoast SEO plugin v27.3 - https:\/\/yoast.com\/product\/yoast-seo-wordpress\/ -->\n<title>Done by Deer Igralna podloga z loki Lalee - Sand | Ajatutaja<\/title>\n<meta name=\"description\" content=\"Aktivnostna in mehka igralna podloga z loki Done by Deer vsebuje 4 igra\u010dke, ki jih lahko namestite na kar 13 razli\u010dnih pozicij na loku.\" \/>\n<meta name=\"robots\" content=\"index, follow, max-snippet:-1, max-image-preview:large, max-video-preview:-1\" \/>\n<link rel=\"canonical\" href=\"https:\/\/ajatutaja.com\/izdelek\/done-by-deer-igralna-podloga-lalee-sand\/\" \/>\n<meta property=\"og:locale\" content=\"hr_HR\" \/>\n<meta property=\"og:type\" content=\"article\" \/>\n<meta property=\"og:title\" content=\"Done by Deer Igralna podloga z loki Lalee - Sand | Ajatutaja\" \/>\n<meta property=\"og:description\" content=\"Aktivnostna in mehka igralna podloga z loki Done by Deer vsebuje 4 igra\u010dke, ki jih lahko namestite na kar 13 razli\u010dnih pozicij na loku.\" \/>\n<meta property=\"og:url\" content=\"https:\/\/ajatutaja.com\/izdelek\/done-by-deer-igralna-podloga-lalee-sand\/\" \/>\n<meta property=\"og:site_name\" content=\"Ajatutaja\" \/>\n<meta property=\"article:modified_time\" content=\"2026-01-14T11:52:53+00:00\" \/>\n<meta property=\"og:image\" content=\"https:\/\/ajatutaja.com\/wp-content\/uploads\/2022\/10\/done-by-deer-igralna-podloga-lalee-SAND-ajatutaja-1.jpg\" \/>\n\t<meta property=\"og:image:width\" content=\"650\" \/>\n\t<meta property=\"og:image:height\" content=\"650\" \/>\n\t<meta property=\"og:image:type\" content=\"image\/jpeg\" \/>\n<meta name=\"twitter:card\" content=\"summary_large_image\" \/>\n<meta name=\"twitter:label1\" content=\"Procijenjeno vrijeme \u010ditanja\" \/>\n\t<meta name=\"twitter:data1\" content=\"1 minuta\" \/>\n<script type=\"application\/ld+json\" class=\"yoast-schema-graph\">{\"@context\":\"https:\\\/\\\/schema.org\",\"@graph\":[{\"@type\":\"WebPage\",\"@id\":\"https:\\\/\\\/ajatutaja.com\\\/izdelek\\\/done-by-deer-igralna-podloga-lalee-sand\\\/\",\"url\":\"https:\\\/\\\/ajatutaja.com\\\/izdelek\\\/done-by-deer-igralna-podloga-lalee-sand\\\/\",\"name\":\"Done by Deer Igralna podloga z loki Lalee - Sand | Ajatutaja\",\"isPartOf\":{\"@id\":\"https:\\\/\\\/ajatutaja.com\\\/#website\"},\"primaryImageOfPage\":{\"@id\":\"https:\\\/\\\/ajatutaja.com\\\/izdelek\\\/done-by-deer-igralna-podloga-lalee-sand\\\/#primaryimage\"},\"image\":{\"@id\":\"https:\\\/\\\/ajatutaja.com\\\/izdelek\\\/done-by-deer-igralna-podloga-lalee-sand\\\/#primaryimage\"},\"thumbnailUrl\":\"https:\\\/\\\/ajatutaja.com\\\/wp-content\\\/uploads\\\/2022\\\/10\\\/done-by-deer-igralna-podloga-lalee-SAND-ajatutaja-1.jpg\",\"datePublished\":\"2022-10-19T14:39:20+00:00\",\"dateModified\":\"2026-01-14T11:52:53+00:00\",\"description\":\"Aktivnostna in mehka igralna podloga z loki Done by Deer vsebuje 4 igra\u010dke, ki jih lahko namestite na kar 13 razli\u010dnih pozicij na loku.\",\"breadcrumb\":{\"@id\":\"https:\\\/\\\/ajatutaja.com\\\/izdelek\\\/done-by-deer-igralna-podloga-lalee-sand\\\/#breadcrumb\"},\"inLanguage\":\"hr\",\"potentialAction\":[{\"@type\":\"ReadAction\",\"target\":[\"https:\\\/\\\/ajatutaja.com\\\/izdelek\\\/done-by-deer-igralna-podloga-lalee-sand\\\/\"]}]},{\"@type\":\"ImageObject\",\"inLanguage\":\"hr\",\"@id\":\"https:\\\/\\\/ajatutaja.com\\\/izdelek\\\/done-by-deer-igralna-podloga-lalee-sand\\\/#primaryimage\",\"url\":\"https:\\\/\\\/ajatutaja.com\\\/wp-content\\\/uploads\\\/2022\\\/10\\\/done-by-deer-igralna-podloga-lalee-SAND-ajatutaja-1.jpg\",\"contentUrl\":\"https:\\\/\\\/ajatutaja.com\\\/wp-content\\\/uploads\\\/2022\\\/10\\\/done-by-deer-igralna-podloga-lalee-SAND-ajatutaja-1.jpg\",\"width\":650,\"height\":650},{\"@type\":\"BreadcrumbList\",\"@id\":\"https:\\\/\\\/ajatutaja.com\\\/izdelek\\\/done-by-deer-igralna-podloga-lalee-sand\\\/#breadcrumb\",\"itemListElement\":[{\"@type\":\"ListItem\",\"position\":1,\"name\":\"Home\",\"item\":\"https:\\\/\\\/ajatutaja.com\\\/hr\\\/\"},{\"@type\":\"ListItem\",\"position\":2,\"name\":\"Trgovina\",\"item\":\"https:\\\/\\\/ajatutaja.com\\\/hr\\\/trgovina\\\/\"},{\"@type\":\"ListItem\",\"position\":3,\"name\":\"Done by Deer Igralna podloga z loki Lalee &#8211; Sand\"}]},{\"@type\":\"WebSite\",\"@id\":\"https:\\\/\\\/ajatutaja.com\\\/#website\",\"url\":\"https:\\\/\\\/ajatutaja.com\\\/\",\"name\":\"Ajatutaja\",\"description\":\"Otro\u0161ka spletna trgovina AJATUTAJA\",\"publisher\":{\"@id\":\"https:\\\/\\\/ajatutaja.com\\\/#organization\"},\"potentialAction\":[{\"@type\":\"SearchAction\",\"target\":{\"@type\":\"EntryPoint\",\"urlTemplate\":\"https:\\\/\\\/ajatutaja.com\\\/?s={search_term_string}\"},\"query-input\":{\"@type\":\"PropertyValueSpecification\",\"valueRequired\":true,\"valueName\":\"search_term_string\"}}],\"inLanguage\":\"hr\"},{\"@type\":\"Organization\",\"@id\":\"https:\\\/\\\/ajatutaja.com\\\/#organization\",\"name\":\"Ajatutaja\",\"url\":\"https:\\\/\\\/ajatutaja.com\\\/\",\"logo\":{\"@type\":\"ImageObject\",\"inLanguage\":\"hr\",\"@id\":\"https:\\\/\\\/ajatutaja.com\\\/#\\\/schema\\\/logo\\\/image\\\/\",\"url\":\"https:\\\/\\\/ajatutaja.com\\\/wp-content\\\/uploads\\\/2021\\\/10\\\/logo.png\",\"contentUrl\":\"https:\\\/\\\/ajatutaja.com\\\/wp-content\\\/uploads\\\/2021\\\/10\\\/logo.png\",\"width\":555,\"height\":150,\"caption\":\"Ajatutaja\"},\"image\":{\"@id\":\"https:\\\/\\\/ajatutaja.com\\\/#\\\/schema\\\/logo\\\/image\\\/\"}}]}<\/script>\n<!-- \/ Yoast SEO plugin. -->","yoast_head_json":{"title":"Done by Deer Igralna podloga z loki Lalee - Sand | Ajatutaja","description":"Aktivnostna in mehka igralna podloga z loki Done by Deer vsebuje 4 igra\u010dke, ki jih lahko namestite na kar 13 razli\u010dnih pozicij na loku.","robots":{"index":"index","follow":"follow","max-snippet":"max-snippet:-1","max-image-preview":"max-image-preview:large","max-video-preview":"max-video-preview:-1"},"canonical":"https:\/\/ajatutaja.com\/izdelek\/done-by-deer-igralna-podloga-lalee-sand\/","og_locale":"hr_HR","og_type":"article","og_title":"Done by Deer Igralna podloga z loki Lalee - Sand | Ajatutaja","og_description":"Aktivnostna in mehka igralna podloga z loki Done by Deer vsebuje 4 igra\u010dke, ki jih lahko namestite na kar 13 razli\u010dnih pozicij na loku.","og_url":"https:\/\/ajatutaja.com\/izdelek\/done-by-deer-igralna-podloga-lalee-sand\/","og_site_name":"Ajatutaja","article_modified_time":"2026-01-14T11:52:53+00:00","og_image":[{"width":650,"height":650,"url":"https:\/\/ajatutaja.com\/wp-content\/uploads\/2022\/10\/done-by-deer-igralna-podloga-lalee-SAND-ajatutaja-1.jpg","type":"image\/jpeg"}],"twitter_card":"summary_large_image","twitter_misc":{"Procijenjeno vrijeme \u010ditanja":"1 minuta"},"schema":{"@context":"https:\/\/schema.org","@graph":[{"@type":"WebPage","@id":"https:\/\/ajatutaja.com\/izdelek\/done-by-deer-igralna-podloga-lalee-sand\/","url":"https:\/\/ajatutaja.com\/izdelek\/done-by-deer-igralna-podloga-lalee-sand\/","name":"Done by Deer Igralna podloga z loki Lalee - Sand | Ajatutaja","isPartOf":{"@id":"https:\/\/ajatutaja.com\/#website"},"primaryImageOfPage":{"@id":"https:\/\/ajatutaja.com\/izdelek\/done-by-deer-igralna-podloga-lalee-sand\/#primaryimage"},"image":{"@id":"https:\/\/ajatutaja.com\/izdelek\/done-by-deer-igralna-podloga-lalee-sand\/#primaryimage"},"thumbnailUrl":"https:\/\/ajatutaja.com\/wp-content\/uploads\/2022\/10\/done-by-deer-igralna-podloga-lalee-SAND-ajatutaja-1.jpg","datePublished":"2022-10-19T14:39:20+00:00","dateModified":"2026-01-14T11:52:53+00:00","description":"Aktivnostna in mehka igralna podloga z loki Done by Deer vsebuje 4 igra\u010dke, ki jih lahko namestite na kar 13 razli\u010dnih pozicij na loku.","breadcrumb":{"@id":"https:\/\/ajatutaja.com\/izdelek\/done-by-deer-igralna-podloga-lalee-sand\/#breadcrumb"},"inLanguage":"hr","potentialAction":[{"@type":"ReadAction","target":["https:\/\/ajatutaja.com\/izdelek\/done-by-deer-igralna-podloga-lalee-sand\/"]}]},{"@type":"ImageObject","inLanguage":"hr","@id":"https:\/\/ajatutaja.com\/izdelek\/done-by-deer-igralna-podloga-lalee-sand\/#primaryimage","url":"https:\/\/ajatutaja.com\/wp-content\/uploads\/2022\/10\/done-by-deer-igralna-podloga-lalee-SAND-ajatutaja-1.jpg","contentUrl":"https:\/\/ajatutaja.com\/wp-content\/uploads\/2022\/10\/done-by-deer-igralna-podloga-lalee-SAND-ajatutaja-1.jpg","width":650,"height":650},{"@type":"BreadcrumbList","@id":"https:\/\/ajatutaja.com\/izdelek\/done-by-deer-igralna-podloga-lalee-sand\/#breadcrumb","itemListElement":[{"@type":"ListItem","position":1,"name":"Home","item":"https:\/\/ajatutaja.com\/hr\/"},{"@type":"ListItem","position":2,"name":"Trgovina","item":"https:\/\/ajatutaja.com\/hr\/trgovina\/"},{"@type":"ListItem","position":3,"name":"Done by Deer Igralna podloga z loki Lalee &#8211; Sand"}]},{"@type":"WebSite","@id":"https:\/\/ajatutaja.com\/#website","url":"https:\/\/ajatutaja.com\/","name":"Ajatutaja","description":"Otro\u0161ka spletna trgovina AJATUTAJA","publisher":{"@id":"https:\/\/ajatutaja.com\/#organization"},"potentialAction":[{"@type":"SearchAction","target":{"@type":"EntryPoint","urlTemplate":"https:\/\/ajatutaja.com\/?s={search_term_string}"},"query-input":{"@type":"PropertyValueSpecification","valueRequired":true,"valueName":"search_term_string"}}],"inLanguage":"hr"},{"@type":"Organization","@id":"https:\/\/ajatutaja.com\/#organization","name":"Ajatutaja","url":"https:\/\/ajatutaja.com\/","logo":{"@type":"ImageObject","inLanguage":"hr","@id":"https:\/\/ajatutaja.com\/#\/schema\/logo\/image\/","url":"https:\/\/ajatutaja.com\/wp-content\/uploads\/2021\/10\/logo.png","contentUrl":"https:\/\/ajatutaja.com\/wp-content\/uploads\/2021\/10\/logo.png","width":555,"height":150,"caption":"Ajatutaja"},"image":{"@id":"https:\/\/ajatutaja.com\/#\/schema\/logo\/image\/"}}]}},"brands":[{"id":2625,"name":"Done by Deer","slug":"done-by-deer-spanje"},{"id":2452,"name":"Igranje","slug":"igranje"}],"_links":{"self":[{"href":"https:\/\/ajatutaja.com\/hr\/wp-json\/wp\/v2\/product\/40112","targetHints":{"allow":["GET"]}}],"collection":[{"href":"https:\/\/ajatutaja.com\/hr\/wp-json\/wp\/v2\/product"}],"about":[{"href":"https:\/\/ajatutaja.com\/hr\/wp-json\/wp\/v2\/types\/product"}],"wp:featuredmedia":[{"embeddable":true,"href":"https:\/\/ajatutaja.com\/hr\/wp-json\/wp\/v2\/media\/40113"}],"wp:attachment":[{"href":"https:\/\/ajatutaja.com\/hr\/wp-json\/wp\/v2\/media?parent=40112"}],"wp:term":[{"taxonomy":"pwb-brand","embeddable":true,"href":"https:\/\/ajatutaja.com\/hr\/wp-json\/wp\/v2\/pwb-brand?post=40112"},{"taxonomy":"product_brand","embeddable":true,"href":"https:\/\/ajatutaja.com\/hr\/wp-json\/wp\/v2\/product_brand?post=40112"},{"taxonomy":"product_cat","embeddable":true,"href":"https:\/\/ajatutaja.com\/hr\/wp-json\/wp\/v2\/product_cat?post=40112"},{"taxonomy":"product_tag","embeddable":true,"href":"https:\/\/ajatutaja.com\/hr\/wp-json\/wp\/v2\/product_tag?post=40112"}],"curies":[{"name":"wp","href":"https:\/\/api.w.org\/{rel}","templated":true}]}}