{"id":39926,"date":"2022-10-15T21:01:37","date_gmt":"2022-10-15T19:01:37","guid":{"rendered":"https:\/\/ajatutaja.com\/?post_type=product&#038;p=39926"},"modified":"2024-06-04T14:33:33","modified_gmt":"2024-06-04T12:33:33","slug":"aktivnostni-leseni-vozicek-za-ucenje-hoje-janod-brico-kids","status":"publish","type":"product","link":"https:\/\/ajatutaja.com\/hr\/proizvod\/aktivnostni-leseni-vozicek-za-ucenje-hoje-janod-brico-kids\/","title":{"rendered":"Aktivnostni leseni vozi\u010dek za u\u010denje hoje Janod &#8211; Brico` kids"},"content":{"rendered":"<p>[vc_row][vc_column][vc_column_text]<\/p>\n<div id=\"short_description_content\" class=\"align_justify\">\n<p>Vozi\u010dek Brico` kids je opremljen s tihimi gumijastimi koles, trdno konstrukcijo z ro\u010dajem, prilagojenem mal\u010dkom od 18. do 36. meseca starosti in pa sistemom proti nagibanju vozi\u010dka, ki poskrbi za varnost. V tem DIY kompletu je na voljo 25 dodatkov, ki se jih lahko s posebnim magnetnim sistemom shranjevanja skrbno pospravi v priro\u010dno poli\u010dko. Miza vsebuje tudi stensko uro in pa tablo, na katero lahko mal\u010dki kar s kredo zari\u0161ejo svoje prve projekte.<\/p>\n<\/div>\n<div id=\"short_description_content\" class=\"align_justify\">\n<h3>Lastnosti aktivnostnega lesenega vozi\u010dka Janod &#8211; Brico` kids:<\/h3>\n<ul>\n<li>Dimenzije: 37 x 35 x 44 cm<\/li>\n<li>Set vklju\u010duje: delovni pult + 4 \u017eeblje + 4 vijake + 4 matice + 6 vlo\u017ekov + 3 magnetna orodja (kladivo, klju\u010d izvija\u010d) + sistem zobnikov s \u0161tirimi kolesi<\/li>\n<li>Material: les<\/li>\n<li>Starost: primerno za otroke od 18 mesecev do 3 let<\/li>\n<\/ul>\n<\/div>\n<p>[\/vc_column_text][\/vc_column][\/vc_row]<\/p>\n","protected":false},"excerpt":{"rendered":"<p>Lesen vozi\u010dek za male mojstre Janod predstavlja repliko \u010disto pravega delovnega vozi\u010dka z vsemi elementi delavnice in osnovnim orodjem. Poleg tega je odli\u010den pripomo\u010dek za u\u010denje hoje.<\/p>\n<p>Odli\u010dna izbira kot darilo za 1.rojstni dan!<\/p>\n","protected":false},"featured_media":39927,"template":"","meta":[],"pwb-brand":[2452,2455],"product_brand":[],"product_cat":[3990,2441,2712,2362,2448],"product_tag":[3981,5020],"class_list":{"0":"post-39926","1":"product","2":"type-product","3":"status-publish","4":"has-post-thumbnail","6":"pwb-brand-igranje","7":"pwb-brand-janod-igranje","8":"product_cat-18-mesecev-igrace","9":"product_cat-aktivnostne-igrace","10":"product_cat-darilo-za-decka","11":"product_cat-igranje","12":"product_cat-igranje-vlog","13":"product_tag-janod","14":"product_tag-mali-mojster","16":"first","17":"onbackorder","18":"taxable","19":"shipping-taxable","20":"purchasable","21":"product-type-simple","22":"add-to-wishlist-before_image"},"yoast_head":"<!-- This site is optimized with the Yoast SEO plugin v27.3 - https:\/\/yoast.com\/product\/yoast-seo-wordpress\/ -->\n<title>Aktivnostni leseni vozi\u010dek za u\u010denje hoje Janod - Brico` kids | Ajatutaja<\/title>\n<meta name=\"description\" content=\"Lesen vozi\u010dek Janod predstavlja repliko \u010disto pravega delovnega vozi\u010dka z vsemi elementi delavnice in osnovnim orodjem. Poleg tega je odli\u010den pripomo\u010dek za u\u010denje hoje.\" \/>\n<meta name=\"robots\" content=\"index, follow, max-snippet:-1, max-image-preview:large, max-video-preview:-1\" \/>\n<link rel=\"canonical\" href=\"https:\/\/ajatutaja.com\/izdelek\/aktivnostni-leseni-vozicek-za-ucenje-hoje-janod-brico-kids\/\" \/>\n<meta property=\"og:locale\" content=\"hr_HR\" \/>\n<meta property=\"og:type\" content=\"article\" \/>\n<meta property=\"og:title\" content=\"Aktivnostni leseni vozi\u010dek za u\u010denje hoje Janod - Brico` kids | Ajatutaja\" \/>\n<meta property=\"og:description\" content=\"Lesen vozi\u010dek Janod predstavlja repliko \u010disto pravega delovnega vozi\u010dka z vsemi elementi delavnice in osnovnim orodjem. Poleg tega je odli\u010den pripomo\u010dek za u\u010denje hoje.\" \/>\n<meta property=\"og:url\" content=\"https:\/\/ajatutaja.com\/izdelek\/aktivnostni-leseni-vozicek-za-ucenje-hoje-janod-brico-kids\/\" \/>\n<meta property=\"og:site_name\" content=\"Ajatutaja\" \/>\n<meta property=\"article:modified_time\" content=\"2024-06-04T12:33:33+00:00\" \/>\n<meta property=\"og:image\" content=\"https:\/\/ajatutaja.com\/wp-content\/uploads\/2022\/10\/janod-leseni-vozicek-za-ucenje-hoje-mali-moster-brico-kids-1-e1665860050342.jpg\" \/>\n\t<meta property=\"og:image:width\" content=\"800\" \/>\n\t<meta property=\"og:image:height\" content=\"800\" \/>\n\t<meta property=\"og:image:type\" content=\"image\/jpeg\" \/>\n<meta name=\"twitter:card\" content=\"summary_large_image\" \/>\n<meta name=\"twitter:label1\" content=\"Procijenjeno vrijeme \u010ditanja\" \/>\n\t<meta name=\"twitter:data1\" content=\"1 minuta\" \/>\n<script type=\"application\/ld+json\" class=\"yoast-schema-graph\">{\"@context\":\"https:\\\/\\\/schema.org\",\"@graph\":[{\"@type\":\"WebPage\",\"@id\":\"https:\\\/\\\/ajatutaja.com\\\/izdelek\\\/aktivnostni-leseni-vozicek-za-ucenje-hoje-janod-brico-kids\\\/\",\"url\":\"https:\\\/\\\/ajatutaja.com\\\/izdelek\\\/aktivnostni-leseni-vozicek-za-ucenje-hoje-janod-brico-kids\\\/\",\"name\":\"Aktivnostni leseni vozi\u010dek za u\u010denje hoje Janod - Brico` kids | Ajatutaja\",\"isPartOf\":{\"@id\":\"https:\\\/\\\/ajatutaja.com\\\/#website\"},\"primaryImageOfPage\":{\"@id\":\"https:\\\/\\\/ajatutaja.com\\\/izdelek\\\/aktivnostni-leseni-vozicek-za-ucenje-hoje-janod-brico-kids\\\/#primaryimage\"},\"image\":{\"@id\":\"https:\\\/\\\/ajatutaja.com\\\/izdelek\\\/aktivnostni-leseni-vozicek-za-ucenje-hoje-janod-brico-kids\\\/#primaryimage\"},\"thumbnailUrl\":\"https:\\\/\\\/ajatutaja.com\\\/wp-content\\\/uploads\\\/2022\\\/10\\\/janod-leseni-vozicek-za-ucenje-hoje-mali-moster-brico-kids-1-e1665860050342.jpg\",\"datePublished\":\"2022-10-15T19:01:37+00:00\",\"dateModified\":\"2024-06-04T12:33:33+00:00\",\"description\":\"Lesen vozi\u010dek Janod predstavlja repliko \u010disto pravega delovnega vozi\u010dka z vsemi elementi delavnice in osnovnim orodjem. Poleg tega je odli\u010den pripomo\u010dek za u\u010denje hoje.\",\"breadcrumb\":{\"@id\":\"https:\\\/\\\/ajatutaja.com\\\/izdelek\\\/aktivnostni-leseni-vozicek-za-ucenje-hoje-janod-brico-kids\\\/#breadcrumb\"},\"inLanguage\":\"hr\",\"potentialAction\":[{\"@type\":\"ReadAction\",\"target\":[\"https:\\\/\\\/ajatutaja.com\\\/izdelek\\\/aktivnostni-leseni-vozicek-za-ucenje-hoje-janod-brico-kids\\\/\"]}]},{\"@type\":\"ImageObject\",\"inLanguage\":\"hr\",\"@id\":\"https:\\\/\\\/ajatutaja.com\\\/izdelek\\\/aktivnostni-leseni-vozicek-za-ucenje-hoje-janod-brico-kids\\\/#primaryimage\",\"url\":\"https:\\\/\\\/ajatutaja.com\\\/wp-content\\\/uploads\\\/2022\\\/10\\\/janod-leseni-vozicek-za-ucenje-hoje-mali-moster-brico-kids-1-e1665860050342.jpg\",\"contentUrl\":\"https:\\\/\\\/ajatutaja.com\\\/wp-content\\\/uploads\\\/2022\\\/10\\\/janod-leseni-vozicek-za-ucenje-hoje-mali-moster-brico-kids-1-e1665860050342.jpg\",\"width\":800,\"height\":800},{\"@type\":\"BreadcrumbList\",\"@id\":\"https:\\\/\\\/ajatutaja.com\\\/izdelek\\\/aktivnostni-leseni-vozicek-za-ucenje-hoje-janod-brico-kids\\\/#breadcrumb\",\"itemListElement\":[{\"@type\":\"ListItem\",\"position\":1,\"name\":\"Home\",\"item\":\"https:\\\/\\\/ajatutaja.com\\\/hr\\\/\"},{\"@type\":\"ListItem\",\"position\":2,\"name\":\"Trgovina\",\"item\":\"https:\\\/\\\/ajatutaja.com\\\/hr\\\/trgovina\\\/\"},{\"@type\":\"ListItem\",\"position\":3,\"name\":\"Aktivnostni leseni vozi\u010dek za u\u010denje hoje Janod &#8211; Brico` kids\"}]},{\"@type\":\"WebSite\",\"@id\":\"https:\\\/\\\/ajatutaja.com\\\/#website\",\"url\":\"https:\\\/\\\/ajatutaja.com\\\/\",\"name\":\"Ajatutaja\",\"description\":\"Otro\u0161ka spletna trgovina AJATUTAJA\",\"publisher\":{\"@id\":\"https:\\\/\\\/ajatutaja.com\\\/#organization\"},\"potentialAction\":[{\"@type\":\"SearchAction\",\"target\":{\"@type\":\"EntryPoint\",\"urlTemplate\":\"https:\\\/\\\/ajatutaja.com\\\/?s={search_term_string}\"},\"query-input\":{\"@type\":\"PropertyValueSpecification\",\"valueRequired\":true,\"valueName\":\"search_term_string\"}}],\"inLanguage\":\"hr\"},{\"@type\":\"Organization\",\"@id\":\"https:\\\/\\\/ajatutaja.com\\\/#organization\",\"name\":\"Ajatutaja\",\"url\":\"https:\\\/\\\/ajatutaja.com\\\/\",\"logo\":{\"@type\":\"ImageObject\",\"inLanguage\":\"hr\",\"@id\":\"https:\\\/\\\/ajatutaja.com\\\/#\\\/schema\\\/logo\\\/image\\\/\",\"url\":\"https:\\\/\\\/ajatutaja.com\\\/wp-content\\\/uploads\\\/2021\\\/10\\\/logo.png\",\"contentUrl\":\"https:\\\/\\\/ajatutaja.com\\\/wp-content\\\/uploads\\\/2021\\\/10\\\/logo.png\",\"width\":555,\"height\":150,\"caption\":\"Ajatutaja\"},\"image\":{\"@id\":\"https:\\\/\\\/ajatutaja.com\\\/#\\\/schema\\\/logo\\\/image\\\/\"}}]}<\/script>\n<!-- \/ Yoast SEO plugin. -->","yoast_head_json":{"title":"Aktivnostni leseni vozi\u010dek za u\u010denje hoje Janod - Brico` kids | Ajatutaja","description":"Lesen vozi\u010dek Janod predstavlja repliko \u010disto pravega delovnega vozi\u010dka z vsemi elementi delavnice in osnovnim orodjem. Poleg tega je odli\u010den pripomo\u010dek za u\u010denje hoje.","robots":{"index":"index","follow":"follow","max-snippet":"max-snippet:-1","max-image-preview":"max-image-preview:large","max-video-preview":"max-video-preview:-1"},"canonical":"https:\/\/ajatutaja.com\/izdelek\/aktivnostni-leseni-vozicek-za-ucenje-hoje-janod-brico-kids\/","og_locale":"hr_HR","og_type":"article","og_title":"Aktivnostni leseni vozi\u010dek za u\u010denje hoje Janod - Brico` kids | Ajatutaja","og_description":"Lesen vozi\u010dek Janod predstavlja repliko \u010disto pravega delovnega vozi\u010dka z vsemi elementi delavnice in osnovnim orodjem. Poleg tega je odli\u010den pripomo\u010dek za u\u010denje hoje.","og_url":"https:\/\/ajatutaja.com\/izdelek\/aktivnostni-leseni-vozicek-za-ucenje-hoje-janod-brico-kids\/","og_site_name":"Ajatutaja","article_modified_time":"2024-06-04T12:33:33+00:00","og_image":[{"width":800,"height":800,"url":"https:\/\/ajatutaja.com\/wp-content\/uploads\/2022\/10\/janod-leseni-vozicek-za-ucenje-hoje-mali-moster-brico-kids-1-e1665860050342.jpg","type":"image\/jpeg"}],"twitter_card":"summary_large_image","twitter_misc":{"Procijenjeno vrijeme \u010ditanja":"1 minuta"},"schema":{"@context":"https:\/\/schema.org","@graph":[{"@type":"WebPage","@id":"https:\/\/ajatutaja.com\/izdelek\/aktivnostni-leseni-vozicek-za-ucenje-hoje-janod-brico-kids\/","url":"https:\/\/ajatutaja.com\/izdelek\/aktivnostni-leseni-vozicek-za-ucenje-hoje-janod-brico-kids\/","name":"Aktivnostni leseni vozi\u010dek za u\u010denje hoje Janod - Brico` kids | Ajatutaja","isPartOf":{"@id":"https:\/\/ajatutaja.com\/#website"},"primaryImageOfPage":{"@id":"https:\/\/ajatutaja.com\/izdelek\/aktivnostni-leseni-vozicek-za-ucenje-hoje-janod-brico-kids\/#primaryimage"},"image":{"@id":"https:\/\/ajatutaja.com\/izdelek\/aktivnostni-leseni-vozicek-za-ucenje-hoje-janod-brico-kids\/#primaryimage"},"thumbnailUrl":"https:\/\/ajatutaja.com\/wp-content\/uploads\/2022\/10\/janod-leseni-vozicek-za-ucenje-hoje-mali-moster-brico-kids-1-e1665860050342.jpg","datePublished":"2022-10-15T19:01:37+00:00","dateModified":"2024-06-04T12:33:33+00:00","description":"Lesen vozi\u010dek Janod predstavlja repliko \u010disto pravega delovnega vozi\u010dka z vsemi elementi delavnice in osnovnim orodjem. Poleg tega je odli\u010den pripomo\u010dek za u\u010denje hoje.","breadcrumb":{"@id":"https:\/\/ajatutaja.com\/izdelek\/aktivnostni-leseni-vozicek-za-ucenje-hoje-janod-brico-kids\/#breadcrumb"},"inLanguage":"hr","potentialAction":[{"@type":"ReadAction","target":["https:\/\/ajatutaja.com\/izdelek\/aktivnostni-leseni-vozicek-za-ucenje-hoje-janod-brico-kids\/"]}]},{"@type":"ImageObject","inLanguage":"hr","@id":"https:\/\/ajatutaja.com\/izdelek\/aktivnostni-leseni-vozicek-za-ucenje-hoje-janod-brico-kids\/#primaryimage","url":"https:\/\/ajatutaja.com\/wp-content\/uploads\/2022\/10\/janod-leseni-vozicek-za-ucenje-hoje-mali-moster-brico-kids-1-e1665860050342.jpg","contentUrl":"https:\/\/ajatutaja.com\/wp-content\/uploads\/2022\/10\/janod-leseni-vozicek-za-ucenje-hoje-mali-moster-brico-kids-1-e1665860050342.jpg","width":800,"height":800},{"@type":"BreadcrumbList","@id":"https:\/\/ajatutaja.com\/izdelek\/aktivnostni-leseni-vozicek-za-ucenje-hoje-janod-brico-kids\/#breadcrumb","itemListElement":[{"@type":"ListItem","position":1,"name":"Home","item":"https:\/\/ajatutaja.com\/hr\/"},{"@type":"ListItem","position":2,"name":"Trgovina","item":"https:\/\/ajatutaja.com\/hr\/trgovina\/"},{"@type":"ListItem","position":3,"name":"Aktivnostni leseni vozi\u010dek za u\u010denje hoje Janod &#8211; Brico` kids"}]},{"@type":"WebSite","@id":"https:\/\/ajatutaja.com\/#website","url":"https:\/\/ajatutaja.com\/","name":"Ajatutaja","description":"Otro\u0161ka spletna trgovina AJATUTAJA","publisher":{"@id":"https:\/\/ajatutaja.com\/#organization"},"potentialAction":[{"@type":"SearchAction","target":{"@type":"EntryPoint","urlTemplate":"https:\/\/ajatutaja.com\/?s={search_term_string}"},"query-input":{"@type":"PropertyValueSpecification","valueRequired":true,"valueName":"search_term_string"}}],"inLanguage":"hr"},{"@type":"Organization","@id":"https:\/\/ajatutaja.com\/#organization","name":"Ajatutaja","url":"https:\/\/ajatutaja.com\/","logo":{"@type":"ImageObject","inLanguage":"hr","@id":"https:\/\/ajatutaja.com\/#\/schema\/logo\/image\/","url":"https:\/\/ajatutaja.com\/wp-content\/uploads\/2021\/10\/logo.png","contentUrl":"https:\/\/ajatutaja.com\/wp-content\/uploads\/2021\/10\/logo.png","width":555,"height":150,"caption":"Ajatutaja"},"image":{"@id":"https:\/\/ajatutaja.com\/#\/schema\/logo\/image\/"}}]}},"brands":[{"id":2452,"name":"Igranje","slug":"igranje"},{"id":2455,"name":"Janod","slug":"janod-igranje"}],"_links":{"self":[{"href":"https:\/\/ajatutaja.com\/hr\/wp-json\/wp\/v2\/product\/39926","targetHints":{"allow":["GET"]}}],"collection":[{"href":"https:\/\/ajatutaja.com\/hr\/wp-json\/wp\/v2\/product"}],"about":[{"href":"https:\/\/ajatutaja.com\/hr\/wp-json\/wp\/v2\/types\/product"}],"wp:featuredmedia":[{"embeddable":true,"href":"https:\/\/ajatutaja.com\/hr\/wp-json\/wp\/v2\/media\/39927"}],"wp:attachment":[{"href":"https:\/\/ajatutaja.com\/hr\/wp-json\/wp\/v2\/media?parent=39926"}],"wp:term":[{"taxonomy":"pwb-brand","embeddable":true,"href":"https:\/\/ajatutaja.com\/hr\/wp-json\/wp\/v2\/pwb-brand?post=39926"},{"taxonomy":"product_brand","embeddable":true,"href":"https:\/\/ajatutaja.com\/hr\/wp-json\/wp\/v2\/product_brand?post=39926"},{"taxonomy":"product_cat","embeddable":true,"href":"https:\/\/ajatutaja.com\/hr\/wp-json\/wp\/v2\/product_cat?post=39926"},{"taxonomy":"product_tag","embeddable":true,"href":"https:\/\/ajatutaja.com\/hr\/wp-json\/wp\/v2\/product_tag?post=39926"}],"curies":[{"name":"wp","href":"https:\/\/api.w.org\/{rel}","templated":true}]}}