{"id":39727,"date":"2024-10-08T20:36:13","date_gmt":"2024-10-08T18:36:13","guid":{"rendered":"https:\/\/ajatutaja.com\/?post_type=product&#038;p=39727"},"modified":"2026-03-11T12:18:13","modified_gmt":"2026-03-11T11:18:13","slug":"bacek-ewan-deluxe-sweet-dreamers-grey","status":"publish","type":"product","link":"https:\/\/ajatutaja.com\/hr\/proizvod\/bacek-ewan-deluxe-sweet-dreamers-grey\/","title":{"rendered":"Bacek Ewan Deluxe (USB) Sweet Dreamers\u00ae &#8211; Grey"},"content":{"rendered":"<p>[vc_row][vc_column][vc_column_text]<\/p>\n<h3>Bacek Ewan Deluxe ima naslednje lastnosti:<\/h3>\n<ul>\n<li>Mehka in ljubka igra\u010da Bacek Ewan Deluxe s svetlobnimi in zvo\u010dnimi funkcijami, ki zazibajo dojen\u010dka v miren spanec.<\/li>\n<li>Inteligentni senzor za jok smartCRY se samodejno aktivira, ko se otrok pono\u010di zbudi.<\/li>\n<li>Ponuja 10 pomirjujo\u010dih zvokov, med katerimi so: posnetki maternice, zvok de\u017eja, melodija harfe, \u0161\u0161\u0161 in zvok vo\u017enje z avtom. Poleg tega so na voljo naravni zvoki, kot so pti\u010dje petje in \u0161um valov, ter priljubljeni beli \u0161um (npr. zvoki ventilatorja, sesalnika in su\u0161ilnika za lase). Vsa zvo\u010dna zaporedja vklju\u010dujejo sr\u010dni utrip v mirovanju, ki ni ra\u010dunalni\u0161ko ustvarjen.<\/li>\n<li>Mehka ro\u017enata svetloba posnema okolje maternice, da pomaga pri udobju in pomirjanju.<\/li>\n<li>Svetlobno-zvo\u010dni modul omogo\u010da nastavitev \u010dasovnika za 20, 40 ali 80 minut s samodejnim izklopom in nadzorom glasnosti.<\/li>\n<li>Opremljen je s polnilno baterijo in prilo\u017eenim USB-C kablom.<\/li>\n<li>Z je\u017ekom se enostavno pritrdi na nosilce otro\u0161ke posteljice, otro\u0161ke vozi\u010dke in avtomobilske sede\u017ee.<\/li>\n<li>Za dojen\u010dke, mlaj\u0161e od 12 mesecev, obesite Ewana na otro\u0161ko posteljico ali postavite poleg ko\u0161are.<\/li>\n<li>Odstranljiv kontrolni modul, zato je Ewan Deluxe mogo\u010de prati v pralnem stroju.<\/li>\n<\/ul>\n<p>Ov\u010dka Bacek Ewan Deluxe USB ima zdaj 3 razli\u010dne mo\u017enosti nastavitve \u010dasovnika predvajanja poleg neprekinjenega predvajanja in senzorjem za jok smartCRY, kar pomeni, da lahko ewan resni\u010dno pomaga va\u0161emu mal\u010dku, da se umiri in spi celo no\u010d!<br \/>\nTa izjemno ljubka, ve\u010dkrat nagrajena igra\u010da za spanje Bacek Ewan Deluxe posnema udobje maternice z mehko rde\u010do svetlobo, ki pomaga ustvarjati melatonin, in izbiro pomirjujo\u010dih zvokov ro\u017enatega in belega \u0161uma, vklju\u010dno z dejanskim posnetkom sr\u010dnega utripa in maternice, da novorojen\u010dke in mal\u010dke zaziba v miren spanec.<\/p>\n<p><strong>Mehka rde\u010da svetloba, ki pomaga ustvarjati melatonin<br \/>\n<\/strong>Bacek Ewan posnema udobje maternice z mehkim rde\u010dim sijem, podobnim tistemu, ki bi ga dojen\u010dek videl v trebu\u0161\u010dku. Rde\u010da svetloba pomaga stimulirati proizvodnjo melatonina, naravnega hormona, ki vam pomaga zaspati.<\/p>\n<p><strong>10 zvokov roza in belega \u0161uma<br \/>\n<\/strong>Zasnovan za poustvarjanje pomirjujo\u010dega ob\u010dutka v maternici, Ewan Deluxe oddaja mehke zvoke na nizki osnovni frekvenci, ki jo dojen\u010dki sli\u0161ijo v maternici, znani kot ro\u017enati \u0161um, in to zdru\u017euje s pomirjujo\u010do toplo svetlobo, da pomiri va\u0161ega dojen\u010dka ali mal\u010dka.<br \/>\nEwanovi zvoki pomagajo prikriti glasne zvoke, ki lahko zbudijo va\u0161ega otroka, in zagotavljajo pomirjujo\u010de okolje za spanje. Pediatri\u010dne raziskave ka\u017eejo, da so ti zvoki dokazano izjemno pomirjujo\u010di in lahko pomagajo umiriti tudi dojen\u010dke z bole\u010dinami, ki jih povzro\u010dajo kolike.<br \/>\nIzbirate lahko med desetimi zvo\u010dnimi posnetki: dejanski posneteki maternice, zvok de\u017eja, melodija harfe, \u0161\u0161\u0161 in zvok vo\u017enje z avtom. Naravni zvoki, kot so pti\u010dje petje in zvok valov, ter priljubljeni beli \u0161um \u2013 zvoki ventilatorja, sesalnika in su\u0161ilnika za lase. Vsak od zvokov je posnet pri nizki frekvenci nizkih tonov, podobni tistim pred rojstvom, in je zdru\u017een s posnetkom sr\u010dnega utripa mamice v mirovanju, da se otroku pomaga umiriti.<\/p>\n<p><strong>Senzor za jok smartCRY<br \/>\n<\/strong>Bacek Ewan Deluxe je opremljen z inteligentnim senzorjem za jok smartCRY, ki je pametno zasnovan tako, da se samodejno aktivira, ko se dojen\u010dek pono\u010di zbudi. To mu pomaga pri ponovnem umirjanju, kar pomeni, da lahko Ewan brez truda izvaja svojo \u010darovnijo in zagotovi, da lahko celotna dru\u017eina dobro spi!<br \/>\nSenzor smartCRY poslu\u0161a 4 ure &#8211; \u010de se va\u0161 dojen\u010dek ne premika, se bo samodejno izklopil, da pomaga ohraniti \u017eivljenjsko dobo baterije.<\/p>\n<p><strong>Samodejni izklop in \u010dasovnik<br \/>\n<\/strong>Svetlobno-zvo\u010dni modul ima 20, 40 ali 80-minutni \u010dasovnik s samodejnim izklopom in mo\u017enostjo nadzora glasnosti, kar star\u0161em prihrani neprijetnost vstajanja iz postelje, da bi izklopili Ewana.<\/p>\n<p><strong>Polnilna in okolju prijazna<\/strong><br \/>\nV kompletu je USB-C polnilni kabel, tako da ni potrebe po baterijah za enkratno uporabo.<\/p>\n<p><strong>Dolga \u017eivljenjska doba baterije<\/strong><br \/>\n22 ur neprekinjenega pomirjujo\u010dega zvoka in svetlobe ali 35 ur neprekinjenega zvoka, ko je svetloba izklopljena. Idealno za dolge no\u010di in dnevne dreme\u017ee!<\/p>\n<p><strong>Odstranljiv modul za pranje v pralnem stroj<\/strong><br \/>\nEwan Deluxe ima tudi odstranljiv modul, tako da lahko Ewana operete, tako da ostane \u010dist in zdrav!<br \/>\nPralno v stroju pri najve\u010d 30\u00b0 na ob\u010dutljivem programu. Najprej odstranite kontrolni modul! Priporo\u010damo su\u0161enje na zraku, lahko pa ga su\u0161ite v su\u0161ilnem stroju pri nizki temperaturi.<\/p>\n<p><strong>Ewan gre povsod z vami!<\/strong><br \/>\nPrav tako je Bacek Ewan odli\u010den spremljevalec na potovanjih, saj se zlahka pritrdi na nosilce otro\u0161ke posteljice, otro\u0161ke vozi\u010dke ali avtomobilske sede\u017ee z uporabo svojega repka v obliki Velcro traku, kot nala\u0161\u010d za dru\u017einske po\u010ditnice in no\u010ditve, ko mal\u010dki potrebujejo znan obraz.<br \/>\nPoleg tega, da je preprosto najbolj sr\u010dkana ov\u010dka v vseh pogledih, je Ewan Deluxe popolno darilo za dojen\u010dka ali mal\u010dka!<\/p>\n<p><strong>Enostavno pranje!<\/strong><br \/>\nNajprej odstranite kontrolni modul \/ zvo\u010dno enoto! Ov\u010dka brez zvo\u010dne enote je pralna v stroju pri najve\u010d 30\u00b0C na ob\u010dutljivem programu. Priporo\u010damo su\u0161enje na zraku, lahko pa ga su\u0161ite v su\u0161ilnem stroju pri nizki temperaturi.[\/vc_column_text][\/vc_column][\/vc_row]<\/p>\n","protected":false},"excerpt":{"rendered":"<p>Bacek Ewan Deluxe je zasnovan za poustvarjanje pomirjujo\u010dega ob\u010dutka maternice, saj oddaja mehke zvoke in pomirjujo\u010d rde\u010d sij, da umiri dojen\u010dke in mal\u010dke. Ov\u010dka Ewan Deluxe se polni z USB C kablom in ima vklju\u010den inteligentni senzor, ki je zasnovan tako, da se samodejno aktivira ob otrokovem joku.<\/p>\n<p>Bacek Ewan je odli\u010dna izbira kot darilo za babyshower ali darilo ob rojstvu.<\/p>\n","protected":false},"featured_media":77688,"template":"","meta":[],"pwb-brand":[2452,5016,2640],"product_brand":[],"product_cat":[3986,2264,2710,2711,2362,2605,2439,2606],"product_tag":[5018,5019],"class_list":{"0":"post-39727","1":"product","2":"type-product","3":"status-publish","4":"has-post-thumbnail","6":"pwb-brand-igranje","7":"pwb-brand-sweet-dreamers-igranje","8":"pwb-brand-sweet-dreamers","9":"product_cat-novorojencek-igrace","10":"product_cat-babyshower","11":"product_cat-babyshower-darila","12":"product_cat-darilo-ob-rojstvu","13":"product_cat-igranje","14":"product_cat-ninice","15":"product_cat-ninice-za-dojencke","16":"product_cat-nocne-lucke","17":"product_tag-bacek-ewan","18":"product_tag-sweet-dreamers","20":"first","21":"instock","22":"taxable","23":"shipping-taxable","24":"purchasable","25":"product-type-simple","26":"add-to-wishlist-before_image"},"yoast_head":"<!-- This site is optimized with the Yoast SEO plugin v27.3 - https:\/\/yoast.com\/product\/yoast-seo-wordpress\/ -->\n<title>Bacek Ewan Deluxe (USB) Sweet Dreamers\u00ae - Grey | Ajatutaja<\/title>\n<meta name=\"description\" content=\"Simpati\u010dna ov\u010dka v sivi barvi Bacek Ewan Deluxe priznane blagovne znamke Sweet Dreamers\u00ae je posebna igra\u010da za spanje, ki mal\u010dkom pomaga pri umirjanju in uspavanju.\" \/>\n<meta name=\"robots\" content=\"index, follow, max-snippet:-1, max-image-preview:large, max-video-preview:-1\" \/>\n<link rel=\"canonical\" href=\"https:\/\/ajatutaja.com\/izdelek\/bacek-ewan-deluxe-sweet-dreamers-grey\/\" \/>\n<meta property=\"og:locale\" content=\"hr_HR\" \/>\n<meta property=\"og:type\" content=\"article\" \/>\n<meta property=\"og:title\" content=\"Bacek Ewan Deluxe (USB) Sweet Dreamers\u00ae - Grey | Ajatutaja\" \/>\n<meta property=\"og:description\" content=\"Simpati\u010dna ov\u010dka v sivi barvi Bacek Ewan Deluxe priznane blagovne znamke Sweet Dreamers\u00ae je posebna igra\u010da za spanje, ki mal\u010dkom pomaga pri umirjanju in uspavanju.\" \/>\n<meta property=\"og:url\" content=\"https:\/\/ajatutaja.com\/izdelek\/bacek-ewan-deluxe-sweet-dreamers-grey\/\" \/>\n<meta property=\"og:site_name\" content=\"Ajatutaja\" \/>\n<meta property=\"article:modified_time\" content=\"2026-03-11T11:18:13+00:00\" \/>\n<meta property=\"og:image\" content=\"https:\/\/ajatutaja.com\/wp-content\/uploads\/2022\/10\/Bacek-Ewan-Deluxe-USB-C-Siva-5.jpg\" \/>\n\t<meta property=\"og:image:width\" content=\"1000\" \/>\n\t<meta property=\"og:image:height\" content=\"1000\" \/>\n\t<meta property=\"og:image:type\" content=\"image\/jpeg\" \/>\n<meta name=\"twitter:card\" content=\"summary_large_image\" \/>\n<meta name=\"twitter:label1\" content=\"Procijenjeno vrijeme \u010ditanja\" \/>\n\t<meta name=\"twitter:data1\" content=\"4 minute\" \/>\n<script type=\"application\/ld+json\" class=\"yoast-schema-graph\">{\"@context\":\"https:\\\/\\\/schema.org\",\"@graph\":[{\"@type\":\"WebPage\",\"@id\":\"https:\\\/\\\/ajatutaja.com\\\/izdelek\\\/bacek-ewan-deluxe-sweet-dreamers-grey\\\/\",\"url\":\"https:\\\/\\\/ajatutaja.com\\\/izdelek\\\/bacek-ewan-deluxe-sweet-dreamers-grey\\\/\",\"name\":\"Bacek Ewan Deluxe (USB) Sweet Dreamers\u00ae - Grey | Ajatutaja\",\"isPartOf\":{\"@id\":\"https:\\\/\\\/ajatutaja.com\\\/#website\"},\"primaryImageOfPage\":{\"@id\":\"https:\\\/\\\/ajatutaja.com\\\/izdelek\\\/bacek-ewan-deluxe-sweet-dreamers-grey\\\/#primaryimage\"},\"image\":{\"@id\":\"https:\\\/\\\/ajatutaja.com\\\/izdelek\\\/bacek-ewan-deluxe-sweet-dreamers-grey\\\/#primaryimage\"},\"thumbnailUrl\":\"https:\\\/\\\/ajatutaja.com\\\/wp-content\\\/uploads\\\/2022\\\/10\\\/Bacek-Ewan-Deluxe-USB-C-Siva-5.jpg\",\"datePublished\":\"2024-10-08T18:36:13+00:00\",\"dateModified\":\"2026-03-11T11:18:13+00:00\",\"description\":\"Simpati\u010dna ov\u010dka v sivi barvi Bacek Ewan Deluxe priznane blagovne znamke Sweet Dreamers\u00ae je posebna igra\u010da za spanje, ki mal\u010dkom pomaga pri umirjanju in uspavanju.\",\"breadcrumb\":{\"@id\":\"https:\\\/\\\/ajatutaja.com\\\/izdelek\\\/bacek-ewan-deluxe-sweet-dreamers-grey\\\/#breadcrumb\"},\"inLanguage\":\"hr\",\"potentialAction\":[{\"@type\":\"ReadAction\",\"target\":[\"https:\\\/\\\/ajatutaja.com\\\/izdelek\\\/bacek-ewan-deluxe-sweet-dreamers-grey\\\/\"]}]},{\"@type\":\"ImageObject\",\"inLanguage\":\"hr\",\"@id\":\"https:\\\/\\\/ajatutaja.com\\\/izdelek\\\/bacek-ewan-deluxe-sweet-dreamers-grey\\\/#primaryimage\",\"url\":\"https:\\\/\\\/ajatutaja.com\\\/wp-content\\\/uploads\\\/2022\\\/10\\\/Bacek-Ewan-Deluxe-USB-C-Siva-5.jpg\",\"contentUrl\":\"https:\\\/\\\/ajatutaja.com\\\/wp-content\\\/uploads\\\/2022\\\/10\\\/Bacek-Ewan-Deluxe-USB-C-Siva-5.jpg\",\"width\":1000,\"height\":1000},{\"@type\":\"BreadcrumbList\",\"@id\":\"https:\\\/\\\/ajatutaja.com\\\/izdelek\\\/bacek-ewan-deluxe-sweet-dreamers-grey\\\/#breadcrumb\",\"itemListElement\":[{\"@type\":\"ListItem\",\"position\":1,\"name\":\"Home\",\"item\":\"https:\\\/\\\/ajatutaja.com\\\/hr\\\/\"},{\"@type\":\"ListItem\",\"position\":2,\"name\":\"Trgovina\",\"item\":\"https:\\\/\\\/ajatutaja.com\\\/hr\\\/trgovina\\\/\"},{\"@type\":\"ListItem\",\"position\":3,\"name\":\"Bacek Ewan Deluxe (USB) Sweet Dreamers\u00ae &#8211; Grey\"}]},{\"@type\":\"WebSite\",\"@id\":\"https:\\\/\\\/ajatutaja.com\\\/#website\",\"url\":\"https:\\\/\\\/ajatutaja.com\\\/\",\"name\":\"Ajatutaja\",\"description\":\"Otro\u0161ka spletna trgovina AJATUTAJA\",\"publisher\":{\"@id\":\"https:\\\/\\\/ajatutaja.com\\\/#organization\"},\"potentialAction\":[{\"@type\":\"SearchAction\",\"target\":{\"@type\":\"EntryPoint\",\"urlTemplate\":\"https:\\\/\\\/ajatutaja.com\\\/?s={search_term_string}\"},\"query-input\":{\"@type\":\"PropertyValueSpecification\",\"valueRequired\":true,\"valueName\":\"search_term_string\"}}],\"inLanguage\":\"hr\"},{\"@type\":\"Organization\",\"@id\":\"https:\\\/\\\/ajatutaja.com\\\/#organization\",\"name\":\"Ajatutaja\",\"url\":\"https:\\\/\\\/ajatutaja.com\\\/\",\"logo\":{\"@type\":\"ImageObject\",\"inLanguage\":\"hr\",\"@id\":\"https:\\\/\\\/ajatutaja.com\\\/#\\\/schema\\\/logo\\\/image\\\/\",\"url\":\"https:\\\/\\\/ajatutaja.com\\\/wp-content\\\/uploads\\\/2021\\\/10\\\/logo.png\",\"contentUrl\":\"https:\\\/\\\/ajatutaja.com\\\/wp-content\\\/uploads\\\/2021\\\/10\\\/logo.png\",\"width\":555,\"height\":150,\"caption\":\"Ajatutaja\"},\"image\":{\"@id\":\"https:\\\/\\\/ajatutaja.com\\\/#\\\/schema\\\/logo\\\/image\\\/\"}}]}<\/script>\n<!-- \/ Yoast SEO plugin. -->","yoast_head_json":{"title":"Bacek Ewan Deluxe (USB) Sweet Dreamers\u00ae - Grey | Ajatutaja","description":"Simpati\u010dna ov\u010dka v sivi barvi Bacek Ewan Deluxe priznane blagovne znamke Sweet Dreamers\u00ae je posebna igra\u010da za spanje, ki mal\u010dkom pomaga pri umirjanju in uspavanju.","robots":{"index":"index","follow":"follow","max-snippet":"max-snippet:-1","max-image-preview":"max-image-preview:large","max-video-preview":"max-video-preview:-1"},"canonical":"https:\/\/ajatutaja.com\/izdelek\/bacek-ewan-deluxe-sweet-dreamers-grey\/","og_locale":"hr_HR","og_type":"article","og_title":"Bacek Ewan Deluxe (USB) Sweet Dreamers\u00ae - Grey | Ajatutaja","og_description":"Simpati\u010dna ov\u010dka v sivi barvi Bacek Ewan Deluxe priznane blagovne znamke Sweet Dreamers\u00ae je posebna igra\u010da za spanje, ki mal\u010dkom pomaga pri umirjanju in uspavanju.","og_url":"https:\/\/ajatutaja.com\/izdelek\/bacek-ewan-deluxe-sweet-dreamers-grey\/","og_site_name":"Ajatutaja","article_modified_time":"2026-03-11T11:18:13+00:00","og_image":[{"width":1000,"height":1000,"url":"https:\/\/ajatutaja.com\/wp-content\/uploads\/2022\/10\/Bacek-Ewan-Deluxe-USB-C-Siva-5.jpg","type":"image\/jpeg"}],"twitter_card":"summary_large_image","twitter_misc":{"Procijenjeno vrijeme \u010ditanja":"4 minute"},"schema":{"@context":"https:\/\/schema.org","@graph":[{"@type":"WebPage","@id":"https:\/\/ajatutaja.com\/izdelek\/bacek-ewan-deluxe-sweet-dreamers-grey\/","url":"https:\/\/ajatutaja.com\/izdelek\/bacek-ewan-deluxe-sweet-dreamers-grey\/","name":"Bacek Ewan Deluxe (USB) Sweet Dreamers\u00ae - Grey | Ajatutaja","isPartOf":{"@id":"https:\/\/ajatutaja.com\/#website"},"primaryImageOfPage":{"@id":"https:\/\/ajatutaja.com\/izdelek\/bacek-ewan-deluxe-sweet-dreamers-grey\/#primaryimage"},"image":{"@id":"https:\/\/ajatutaja.com\/izdelek\/bacek-ewan-deluxe-sweet-dreamers-grey\/#primaryimage"},"thumbnailUrl":"https:\/\/ajatutaja.com\/wp-content\/uploads\/2022\/10\/Bacek-Ewan-Deluxe-USB-C-Siva-5.jpg","datePublished":"2024-10-08T18:36:13+00:00","dateModified":"2026-03-11T11:18:13+00:00","description":"Simpati\u010dna ov\u010dka v sivi barvi Bacek Ewan Deluxe priznane blagovne znamke Sweet Dreamers\u00ae je posebna igra\u010da za spanje, ki mal\u010dkom pomaga pri umirjanju in uspavanju.","breadcrumb":{"@id":"https:\/\/ajatutaja.com\/izdelek\/bacek-ewan-deluxe-sweet-dreamers-grey\/#breadcrumb"},"inLanguage":"hr","potentialAction":[{"@type":"ReadAction","target":["https:\/\/ajatutaja.com\/izdelek\/bacek-ewan-deluxe-sweet-dreamers-grey\/"]}]},{"@type":"ImageObject","inLanguage":"hr","@id":"https:\/\/ajatutaja.com\/izdelek\/bacek-ewan-deluxe-sweet-dreamers-grey\/#primaryimage","url":"https:\/\/ajatutaja.com\/wp-content\/uploads\/2022\/10\/Bacek-Ewan-Deluxe-USB-C-Siva-5.jpg","contentUrl":"https:\/\/ajatutaja.com\/wp-content\/uploads\/2022\/10\/Bacek-Ewan-Deluxe-USB-C-Siva-5.jpg","width":1000,"height":1000},{"@type":"BreadcrumbList","@id":"https:\/\/ajatutaja.com\/izdelek\/bacek-ewan-deluxe-sweet-dreamers-grey\/#breadcrumb","itemListElement":[{"@type":"ListItem","position":1,"name":"Home","item":"https:\/\/ajatutaja.com\/hr\/"},{"@type":"ListItem","position":2,"name":"Trgovina","item":"https:\/\/ajatutaja.com\/hr\/trgovina\/"},{"@type":"ListItem","position":3,"name":"Bacek Ewan Deluxe (USB) Sweet Dreamers\u00ae &#8211; Grey"}]},{"@type":"WebSite","@id":"https:\/\/ajatutaja.com\/#website","url":"https:\/\/ajatutaja.com\/","name":"Ajatutaja","description":"Otro\u0161ka spletna trgovina AJATUTAJA","publisher":{"@id":"https:\/\/ajatutaja.com\/#organization"},"potentialAction":[{"@type":"SearchAction","target":{"@type":"EntryPoint","urlTemplate":"https:\/\/ajatutaja.com\/?s={search_term_string}"},"query-input":{"@type":"PropertyValueSpecification","valueRequired":true,"valueName":"search_term_string"}}],"inLanguage":"hr"},{"@type":"Organization","@id":"https:\/\/ajatutaja.com\/#organization","name":"Ajatutaja","url":"https:\/\/ajatutaja.com\/","logo":{"@type":"ImageObject","inLanguage":"hr","@id":"https:\/\/ajatutaja.com\/#\/schema\/logo\/image\/","url":"https:\/\/ajatutaja.com\/wp-content\/uploads\/2021\/10\/logo.png","contentUrl":"https:\/\/ajatutaja.com\/wp-content\/uploads\/2021\/10\/logo.png","width":555,"height":150,"caption":"Ajatutaja"},"image":{"@id":"https:\/\/ajatutaja.com\/#\/schema\/logo\/image\/"}}]}},"brands":[{"id":2452,"name":"Igranje","slug":"igranje"},{"id":2640,"name":"Sweet Dreamers","slug":"sweet-dreamers"},{"id":5016,"name":"Sweet Dreamers","slug":"sweet-dreamers-igranje"}],"_links":{"self":[{"href":"https:\/\/ajatutaja.com\/hr\/wp-json\/wp\/v2\/product\/39727","targetHints":{"allow":["GET"]}}],"collection":[{"href":"https:\/\/ajatutaja.com\/hr\/wp-json\/wp\/v2\/product"}],"about":[{"href":"https:\/\/ajatutaja.com\/hr\/wp-json\/wp\/v2\/types\/product"}],"wp:featuredmedia":[{"embeddable":true,"href":"https:\/\/ajatutaja.com\/hr\/wp-json\/wp\/v2\/media\/77688"}],"wp:attachment":[{"href":"https:\/\/ajatutaja.com\/hr\/wp-json\/wp\/v2\/media?parent=39727"}],"wp:term":[{"taxonomy":"pwb-brand","embeddable":true,"href":"https:\/\/ajatutaja.com\/hr\/wp-json\/wp\/v2\/pwb-brand?post=39727"},{"taxonomy":"product_brand","embeddable":true,"href":"https:\/\/ajatutaja.com\/hr\/wp-json\/wp\/v2\/product_brand?post=39727"},{"taxonomy":"product_cat","embeddable":true,"href":"https:\/\/ajatutaja.com\/hr\/wp-json\/wp\/v2\/product_cat?post=39727"},{"taxonomy":"product_tag","embeddable":true,"href":"https:\/\/ajatutaja.com\/hr\/wp-json\/wp\/v2\/product_tag?post=39727"}],"curies":[{"name":"wp","href":"https:\/\/api.w.org\/{rel}","templated":true}]}}