{"id":39501,"date":"2022-10-04T10:30:44","date_gmt":"2022-10-04T08:30:44","guid":{"rendered":"https:\/\/ajatutaja.com\/?post_type=product&#038;p=39501"},"modified":"2026-04-14T20:37:19","modified_gmt":"2026-04-14T18:37:19","slug":"prenosna-naprava-za-umirjanje-zazu-suzy","status":"publish","type":"product","link":"https:\/\/ajatutaja.com\/hr\/proizvod\/prenosna-naprava-za-umirjanje-zazu-suzy\/","title":{"rendered":"Prenosna naprava za umirjanje Zazu &#8211; Suzy"},"content":{"rendered":"<p>[vc_row][vc_column][vc_column_text]<\/p>\n<h4>Lastnosti naprave Zazu Suzy:<\/h4>\n<ul>\n<li>Suzy predvaja 6 pomirjujo\u010dih melodij ki mal\u010dke popeljejo v spanec: \u0161\u0161\u0161\u0161 zvok, zvok bitja materinega, beli \u0161umi, zvok oceana, glasba za spro\u0161\u010danje in 3 tradicionalne uspavanke (posnete skupaj v eno).<\/li>\n<li>Mo\u017enost avtomatskega izklopa omogo\u010da, da se nastavljeni zvok ali melodija avtomatsko ugasne po 20 minutah.<\/li>\n<li>Integriran senzor za jok omogo\u010da, da se zvok samodejno aktivira ko se mal\u010dki za\u010dnejo jokati.<\/li>\n<li>Uravnavanje glasnosti omogo\u010da nastavitve glasnosti po \u017eelji.<\/li>\n<li>Prenosna in priro\u010dna narava, ki je zelo enostavna za uporabo. Lahko jo vzamemo na pot, damo v torbico.<\/li>\n<li>Prilo\u017een sprijemalni trak (je\u017eki) omogo\u010da uporabo naprave na vozi\u010dku, lupinici ali posteljici. Vedno z vami &#8211; doma ali na poti.<\/li>\n<li>Dimenzije: 9 cm x 9 cm x 3,5 cm<\/li>\n<li>Delovanje: 3x AAA baterije &#8211; niso prilo\u017eene<\/li>\n<\/ul>\n<p>[\/vc_column_text][\/vc_column][\/vc_row]<\/p>\n","protected":false},"excerpt":{"rendered":"<p>ZAZU prenosna naprava za umirjanje Suzy umirja in uspava dojen\u010dke z 6 razli\u010dnimi zvoki &#8211; bitje materinega srca, beli \u0161um, \u0161um morja in uspavanke, s katerim star\u0161i pogosto umirjamo mal\u010dke. Za ta zvok je potrjeno iz strani pediatrov, da hitreje pomirja dojen\u010dke, da prenehajo jokati in se umirijo.<\/p>\n","protected":false},"featured_media":39505,"template":"","meta":[],"pwb-brand":[2611,2641],"product_brand":[],"product_cat":[3986,2716,2362,2605,3985,2593],"product_tag":[5009],"class_list":{"0":"post-39501","1":"product","2":"type-product","3":"status-publish","4":"has-post-thumbnail","6":"pwb-brand-spanje","7":"pwb-brand-zazu","8":"product_cat-novorojencek-igrace","9":"product_cat-darilo-do-30e","10":"product_cat-igranje","11":"product_cat-ninice","12":"product_cat-po-starosti","13":"product_cat-spanje","14":"product_tag-zazu","16":"first","17":"onbackorder","18":"taxable","19":"shipping-taxable","20":"purchasable","21":"product-type-simple","22":"add-to-wishlist-before_image"},"yoast_head":"<!-- This site is optimized with the Yoast SEO plugin v27.3 - https:\/\/yoast.com\/product\/yoast-seo-wordpress\/ -->\n<title>Prenosna naprava za umirjanje Zazu - Suzy | Ajatutaja<\/title>\n<meta name=\"description\" content=\"ZAZU prenosna naprava za umirjanje Suzy umirja in uspava dojen\u010dke z 6 razli\u010dnimi zvoki - bitje materinega srca, beli \u0161um in uspavanke, s katerim star\u0161i pogosto umirjamo mal\u010dke.\" \/>\n<meta name=\"robots\" content=\"index, follow, max-snippet:-1, max-image-preview:large, max-video-preview:-1\" \/>\n<link rel=\"canonical\" href=\"https:\/\/ajatutaja.com\/izdelek\/prenosna-naprava-za-umirjanje-zazu-suzy\/\" \/>\n<meta property=\"og:locale\" content=\"hr_HR\" \/>\n<meta property=\"og:type\" content=\"article\" \/>\n<meta property=\"og:title\" content=\"Prenosna naprava za umirjanje Zazu - Suzy | Ajatutaja\" \/>\n<meta property=\"og:description\" content=\"ZAZU prenosna naprava za umirjanje Suzy umirja in uspava dojen\u010dke z 6 razli\u010dnimi zvoki - bitje materinega srca, beli \u0161um in uspavanke, s katerim star\u0161i pogosto umirjamo mal\u010dke.\" \/>\n<meta property=\"og:url\" content=\"https:\/\/ajatutaja.com\/izdelek\/prenosna-naprava-za-umirjanje-zazu-suzy\/\" \/>\n<meta property=\"og:site_name\" content=\"Ajatutaja\" \/>\n<meta property=\"article:modified_time\" content=\"2026-04-14T18:37:19+00:00\" \/>\n<meta property=\"og:image\" content=\"https:\/\/ajatutaja.com\/wp-content\/uploads\/2022\/10\/Prenosna-naprava-za-umirjanje-Suzy-2.jpg\" \/>\n\t<meta property=\"og:image:width\" content=\"550\" \/>\n\t<meta property=\"og:image:height\" content=\"550\" \/>\n\t<meta property=\"og:image:type\" content=\"image\/jpeg\" \/>\n<meta name=\"twitter:card\" content=\"summary_large_image\" \/>\n<meta name=\"twitter:label1\" content=\"Procijenjeno vrijeme \u010ditanja\" \/>\n\t<meta name=\"twitter:data1\" content=\"2 minute\" \/>\n<script type=\"application\/ld+json\" class=\"yoast-schema-graph\">{\"@context\":\"https:\\\/\\\/schema.org\",\"@graph\":[{\"@type\":\"WebPage\",\"@id\":\"https:\\\/\\\/ajatutaja.com\\\/izdelek\\\/prenosna-naprava-za-umirjanje-zazu-suzy\\\/\",\"url\":\"https:\\\/\\\/ajatutaja.com\\\/izdelek\\\/prenosna-naprava-za-umirjanje-zazu-suzy\\\/\",\"name\":\"Prenosna naprava za umirjanje Zazu - Suzy | Ajatutaja\",\"isPartOf\":{\"@id\":\"https:\\\/\\\/ajatutaja.com\\\/#website\"},\"primaryImageOfPage\":{\"@id\":\"https:\\\/\\\/ajatutaja.com\\\/izdelek\\\/prenosna-naprava-za-umirjanje-zazu-suzy\\\/#primaryimage\"},\"image\":{\"@id\":\"https:\\\/\\\/ajatutaja.com\\\/izdelek\\\/prenosna-naprava-za-umirjanje-zazu-suzy\\\/#primaryimage\"},\"thumbnailUrl\":\"https:\\\/\\\/ajatutaja.com\\\/wp-content\\\/uploads\\\/2022\\\/10\\\/Prenosna-naprava-za-umirjanje-Suzy-2.jpg\",\"datePublished\":\"2022-10-04T08:30:44+00:00\",\"dateModified\":\"2026-04-14T18:37:19+00:00\",\"description\":\"ZAZU prenosna naprava za umirjanje Suzy umirja in uspava dojen\u010dke z 6 razli\u010dnimi zvoki - bitje materinega srca, beli \u0161um in uspavanke, s katerim star\u0161i pogosto umirjamo mal\u010dke.\",\"breadcrumb\":{\"@id\":\"https:\\\/\\\/ajatutaja.com\\\/izdelek\\\/prenosna-naprava-za-umirjanje-zazu-suzy\\\/#breadcrumb\"},\"inLanguage\":\"hr\",\"potentialAction\":[{\"@type\":\"ReadAction\",\"target\":[\"https:\\\/\\\/ajatutaja.com\\\/izdelek\\\/prenosna-naprava-za-umirjanje-zazu-suzy\\\/\"]}]},{\"@type\":\"ImageObject\",\"inLanguage\":\"hr\",\"@id\":\"https:\\\/\\\/ajatutaja.com\\\/izdelek\\\/prenosna-naprava-za-umirjanje-zazu-suzy\\\/#primaryimage\",\"url\":\"https:\\\/\\\/ajatutaja.com\\\/wp-content\\\/uploads\\\/2022\\\/10\\\/Prenosna-naprava-za-umirjanje-Suzy-2.jpg\",\"contentUrl\":\"https:\\\/\\\/ajatutaja.com\\\/wp-content\\\/uploads\\\/2022\\\/10\\\/Prenosna-naprava-za-umirjanje-Suzy-2.jpg\",\"width\":550,\"height\":550},{\"@type\":\"BreadcrumbList\",\"@id\":\"https:\\\/\\\/ajatutaja.com\\\/izdelek\\\/prenosna-naprava-za-umirjanje-zazu-suzy\\\/#breadcrumb\",\"itemListElement\":[{\"@type\":\"ListItem\",\"position\":1,\"name\":\"Home\",\"item\":\"https:\\\/\\\/ajatutaja.com\\\/hr\\\/\"},{\"@type\":\"ListItem\",\"position\":2,\"name\":\"Trgovina\",\"item\":\"https:\\\/\\\/ajatutaja.com\\\/hr\\\/trgovina\\\/\"},{\"@type\":\"ListItem\",\"position\":3,\"name\":\"Prenosna naprava za umirjanje Zazu &#8211; Suzy\"}]},{\"@type\":\"WebSite\",\"@id\":\"https:\\\/\\\/ajatutaja.com\\\/#website\",\"url\":\"https:\\\/\\\/ajatutaja.com\\\/\",\"name\":\"Ajatutaja\",\"description\":\"Otro\u0161ka spletna trgovina AJATUTAJA\",\"publisher\":{\"@id\":\"https:\\\/\\\/ajatutaja.com\\\/#organization\"},\"potentialAction\":[{\"@type\":\"SearchAction\",\"target\":{\"@type\":\"EntryPoint\",\"urlTemplate\":\"https:\\\/\\\/ajatutaja.com\\\/?s={search_term_string}\"},\"query-input\":{\"@type\":\"PropertyValueSpecification\",\"valueRequired\":true,\"valueName\":\"search_term_string\"}}],\"inLanguage\":\"hr\"},{\"@type\":\"Organization\",\"@id\":\"https:\\\/\\\/ajatutaja.com\\\/#organization\",\"name\":\"Ajatutaja\",\"url\":\"https:\\\/\\\/ajatutaja.com\\\/\",\"logo\":{\"@type\":\"ImageObject\",\"inLanguage\":\"hr\",\"@id\":\"https:\\\/\\\/ajatutaja.com\\\/#\\\/schema\\\/logo\\\/image\\\/\",\"url\":\"https:\\\/\\\/ajatutaja.com\\\/wp-content\\\/uploads\\\/2021\\\/10\\\/logo.png\",\"contentUrl\":\"https:\\\/\\\/ajatutaja.com\\\/wp-content\\\/uploads\\\/2021\\\/10\\\/logo.png\",\"width\":555,\"height\":150,\"caption\":\"Ajatutaja\"},\"image\":{\"@id\":\"https:\\\/\\\/ajatutaja.com\\\/#\\\/schema\\\/logo\\\/image\\\/\"}}]}<\/script>\n<!-- \/ Yoast SEO plugin. -->","yoast_head_json":{"title":"Prenosna naprava za umirjanje Zazu - Suzy | Ajatutaja","description":"ZAZU prenosna naprava za umirjanje Suzy umirja in uspava dojen\u010dke z 6 razli\u010dnimi zvoki - bitje materinega srca, beli \u0161um in uspavanke, s katerim star\u0161i pogosto umirjamo mal\u010dke.","robots":{"index":"index","follow":"follow","max-snippet":"max-snippet:-1","max-image-preview":"max-image-preview:large","max-video-preview":"max-video-preview:-1"},"canonical":"https:\/\/ajatutaja.com\/izdelek\/prenosna-naprava-za-umirjanje-zazu-suzy\/","og_locale":"hr_HR","og_type":"article","og_title":"Prenosna naprava za umirjanje Zazu - Suzy | Ajatutaja","og_description":"ZAZU prenosna naprava za umirjanje Suzy umirja in uspava dojen\u010dke z 6 razli\u010dnimi zvoki - bitje materinega srca, beli \u0161um in uspavanke, s katerim star\u0161i pogosto umirjamo mal\u010dke.","og_url":"https:\/\/ajatutaja.com\/izdelek\/prenosna-naprava-za-umirjanje-zazu-suzy\/","og_site_name":"Ajatutaja","article_modified_time":"2026-04-14T18:37:19+00:00","og_image":[{"width":550,"height":550,"url":"https:\/\/ajatutaja.com\/wp-content\/uploads\/2022\/10\/Prenosna-naprava-za-umirjanje-Suzy-2.jpg","type":"image\/jpeg"}],"twitter_card":"summary_large_image","twitter_misc":{"Procijenjeno vrijeme \u010ditanja":"2 minute"},"schema":{"@context":"https:\/\/schema.org","@graph":[{"@type":"WebPage","@id":"https:\/\/ajatutaja.com\/izdelek\/prenosna-naprava-za-umirjanje-zazu-suzy\/","url":"https:\/\/ajatutaja.com\/izdelek\/prenosna-naprava-za-umirjanje-zazu-suzy\/","name":"Prenosna naprava za umirjanje Zazu - Suzy | Ajatutaja","isPartOf":{"@id":"https:\/\/ajatutaja.com\/#website"},"primaryImageOfPage":{"@id":"https:\/\/ajatutaja.com\/izdelek\/prenosna-naprava-za-umirjanje-zazu-suzy\/#primaryimage"},"image":{"@id":"https:\/\/ajatutaja.com\/izdelek\/prenosna-naprava-za-umirjanje-zazu-suzy\/#primaryimage"},"thumbnailUrl":"https:\/\/ajatutaja.com\/wp-content\/uploads\/2022\/10\/Prenosna-naprava-za-umirjanje-Suzy-2.jpg","datePublished":"2022-10-04T08:30:44+00:00","dateModified":"2026-04-14T18:37:19+00:00","description":"ZAZU prenosna naprava za umirjanje Suzy umirja in uspava dojen\u010dke z 6 razli\u010dnimi zvoki - bitje materinega srca, beli \u0161um in uspavanke, s katerim star\u0161i pogosto umirjamo mal\u010dke.","breadcrumb":{"@id":"https:\/\/ajatutaja.com\/izdelek\/prenosna-naprava-za-umirjanje-zazu-suzy\/#breadcrumb"},"inLanguage":"hr","potentialAction":[{"@type":"ReadAction","target":["https:\/\/ajatutaja.com\/izdelek\/prenosna-naprava-za-umirjanje-zazu-suzy\/"]}]},{"@type":"ImageObject","inLanguage":"hr","@id":"https:\/\/ajatutaja.com\/izdelek\/prenosna-naprava-za-umirjanje-zazu-suzy\/#primaryimage","url":"https:\/\/ajatutaja.com\/wp-content\/uploads\/2022\/10\/Prenosna-naprava-za-umirjanje-Suzy-2.jpg","contentUrl":"https:\/\/ajatutaja.com\/wp-content\/uploads\/2022\/10\/Prenosna-naprava-za-umirjanje-Suzy-2.jpg","width":550,"height":550},{"@type":"BreadcrumbList","@id":"https:\/\/ajatutaja.com\/izdelek\/prenosna-naprava-za-umirjanje-zazu-suzy\/#breadcrumb","itemListElement":[{"@type":"ListItem","position":1,"name":"Home","item":"https:\/\/ajatutaja.com\/hr\/"},{"@type":"ListItem","position":2,"name":"Trgovina","item":"https:\/\/ajatutaja.com\/hr\/trgovina\/"},{"@type":"ListItem","position":3,"name":"Prenosna naprava za umirjanje Zazu &#8211; Suzy"}]},{"@type":"WebSite","@id":"https:\/\/ajatutaja.com\/#website","url":"https:\/\/ajatutaja.com\/","name":"Ajatutaja","description":"Otro\u0161ka spletna trgovina AJATUTAJA","publisher":{"@id":"https:\/\/ajatutaja.com\/#organization"},"potentialAction":[{"@type":"SearchAction","target":{"@type":"EntryPoint","urlTemplate":"https:\/\/ajatutaja.com\/?s={search_term_string}"},"query-input":{"@type":"PropertyValueSpecification","valueRequired":true,"valueName":"search_term_string"}}],"inLanguage":"hr"},{"@type":"Organization","@id":"https:\/\/ajatutaja.com\/#organization","name":"Ajatutaja","url":"https:\/\/ajatutaja.com\/","logo":{"@type":"ImageObject","inLanguage":"hr","@id":"https:\/\/ajatutaja.com\/#\/schema\/logo\/image\/","url":"https:\/\/ajatutaja.com\/wp-content\/uploads\/2021\/10\/logo.png","contentUrl":"https:\/\/ajatutaja.com\/wp-content\/uploads\/2021\/10\/logo.png","width":555,"height":150,"caption":"Ajatutaja"},"image":{"@id":"https:\/\/ajatutaja.com\/#\/schema\/logo\/image\/"}}]}},"brands":[{"id":2611,"name":"Spanje","slug":"spanje"},{"id":2641,"name":"Zazu","slug":"zazu"}],"_links":{"self":[{"href":"https:\/\/ajatutaja.com\/hr\/wp-json\/wp\/v2\/product\/39501","targetHints":{"allow":["GET"]}}],"collection":[{"href":"https:\/\/ajatutaja.com\/hr\/wp-json\/wp\/v2\/product"}],"about":[{"href":"https:\/\/ajatutaja.com\/hr\/wp-json\/wp\/v2\/types\/product"}],"wp:featuredmedia":[{"embeddable":true,"href":"https:\/\/ajatutaja.com\/hr\/wp-json\/wp\/v2\/media\/39505"}],"wp:attachment":[{"href":"https:\/\/ajatutaja.com\/hr\/wp-json\/wp\/v2\/media?parent=39501"}],"wp:term":[{"taxonomy":"pwb-brand","embeddable":true,"href":"https:\/\/ajatutaja.com\/hr\/wp-json\/wp\/v2\/pwb-brand?post=39501"},{"taxonomy":"product_brand","embeddable":true,"href":"https:\/\/ajatutaja.com\/hr\/wp-json\/wp\/v2\/product_brand?post=39501"},{"taxonomy":"product_cat","embeddable":true,"href":"https:\/\/ajatutaja.com\/hr\/wp-json\/wp\/v2\/product_cat?post=39501"},{"taxonomy":"product_tag","embeddable":true,"href":"https:\/\/ajatutaja.com\/hr\/wp-json\/wp\/v2\/product_tag?post=39501"}],"curies":[{"name":"wp","href":"https:\/\/api.w.org\/{rel}","templated":true}]}}