{"id":39157,"date":"2022-09-25T11:45:23","date_gmt":"2022-09-25T09:45:23","guid":{"rendered":"https:\/\/ajatutaja.com\/?post_type=product&#038;p=39157"},"modified":"2026-03-12T15:32:42","modified_gmt":"2026-03-12T14:32:42","slug":"ergobaby-all-weather-prevleka-za-nosilko","status":"publish","type":"product","link":"https:\/\/ajatutaja.com\/hr\/proizvod\/ergobaby-all-weather-prevleka-za-nosilko\/","title":{"rendered":"Ergobaby All weather prevleka za nosilko"},"content":{"rendered":"<p>[vc_row][vc_column][vc_column_text]<\/p>\n<p style=\"text-align: justify\">Nova in izbolj\u0161ana Ergobaby All weather prevleka za nosilko ima snemljivo kapuco in je opremljena z rokavicami za star\u0161a, priro\u010dno torbico in toplo podlogo iz flisa in vodoodporno zunanjo tkanino. Namenjena je premagati vse vremenske dejavnike. Zunanja plast zagotavlja za\u0161\u010dito pred vetrom, de\u017ejem in snegom, medtem ko notranja podloga iz flisa poskrbi, da je dojen\u010dku vedno prijetno toplo in udobno.<\/p>\n<p style=\"text-align: justify\">Ergobaby zimska prevleka se preprosto pritrdi na vse Ergobaby in\u00a0 druge nosilke. Namenjena za sprehode de\u017eevnem ali hladnej\u0161em vremenu saj omogo\u010da, da je va\u0161 mal\u010dek popolnoma za\u0161\u010ditem pred padavimi, zato ne pustite, da le-te prepre\u010dijo potepanja in dogodiv\u0161\u010dine z va\u0161im mal\u010dkom.<\/p>\n<h3 style=\"text-align: justify\">Lastnosti zimske vre\u010de Ergobaby All Waether:<\/h3>\n<ul>\n<li>Uporabna pri 3 polo\u017eajih no\u0161enja (spredaj, ko je otrok obrnjen v obe smeri in zadaj &#8211; na hrbtu star\u0161a)<\/li>\n<li>Prilo\u017eena je prenosna torbica<\/li>\n<li>Integrirane rokavice za star\u0161e<\/li>\n<li>Zunanja vodoodporna tkanina 100% poliester<\/li>\n<li>Notranja tkanina 100% poliester, flis<\/li>\n<li>Elasti\u010dna snemljiva kapuca<\/li>\n<li>Elasti\u010den prilagodljiv prostor za noge<\/li>\n<li>Pralna v pralnem stroju<\/li>\n<\/ul>\n<p>[\/vc_column_text][\/vc_column][\/vc_row]<\/p>\n","protected":false},"excerpt":{"rendered":"<p style=\"text-align: justify\">Ergobaby All waether prevleka za nosilko se preprosto pritrdi na vse Ergobaby in druge nosilke za otroke. Prevleka zagotavlja za\u0161\u010dito pred vetrom, de\u017ejem, snegom in mrazom. Ima snemljivo kapuco in je uporabna v treh polo\u017eajih no\u0161enja.<\/p>\n","protected":false},"featured_media":68236,"template":"","meta":[],"pwb-brand":[2415,2409],"product_brand":[],"product_cat":[2397,2361],"product_tag":[3973,4165,4170],"class_list":{"0":"post-39157","1":"product","2":"type-product","3":"status-publish","4":"has-post-thumbnail","6":"pwb-brand-ergobaby-potepanje","7":"pwb-brand-potepanje","8":"product_cat-nosilke-za-otroke","9":"product_cat-potepanje","10":"product_tag-ergobaby","11":"product_tag-ergobaby-360","12":"product_tag-ergobaby-omni-360","14":"first","15":"instock","16":"taxable","17":"shipping-taxable","18":"purchasable","19":"product-type-simple","20":"add-to-wishlist-before_image"},"yoast_head":"<!-- This site is optimized with the Yoast SEO plugin v27.3 - https:\/\/yoast.com\/product\/yoast-seo-wordpress\/ -->\n<title>Ergobaby All weather prevleka za nosilko | Ajatutaja<\/title>\n<meta name=\"description\" content=\"Nova izbolj\u0161ana Ergobaby All weather zimska prevleka se preprosto pritrdi na vse nosilke in zagotavlja za\u0161\u010dito pred vetrom, de\u017ejem, snegom in mrazom.\" \/>\n<meta name=\"robots\" content=\"index, follow, max-snippet:-1, max-image-preview:large, max-video-preview:-1\" \/>\n<link rel=\"canonical\" href=\"https:\/\/ajatutaja.com\/izdelek\/ergobaby-all-weather-prevleka-za-nosilko\/\" \/>\n<meta property=\"og:locale\" content=\"hr_HR\" \/>\n<meta property=\"og:type\" content=\"article\" \/>\n<meta property=\"og:title\" content=\"Ergobaby All weather prevleka za nosilko | Ajatutaja\" \/>\n<meta property=\"og:description\" content=\"Nova izbolj\u0161ana Ergobaby All weather zimska prevleka se preprosto pritrdi na vse nosilke in zagotavlja za\u0161\u010dito pred vetrom, de\u017ejem, snegom in mrazom.\" \/>\n<meta property=\"og:url\" content=\"https:\/\/ajatutaja.com\/izdelek\/ergobaby-all-weather-prevleka-za-nosilko\/\" \/>\n<meta property=\"og:site_name\" content=\"Ajatutaja\" \/>\n<meta property=\"article:modified_time\" content=\"2026-03-12T14:32:42+00:00\" \/>\n<meta property=\"og:image\" content=\"https:\/\/ajatutaja.com\/wp-content\/uploads\/2022\/09\/Zimska-zascita-za-mehke-nosilke-Ergobaby-All-Weather-Cover.webp\" \/>\n\t<meta property=\"og:image:width\" content=\"800\" \/>\n\t<meta property=\"og:image:height\" content=\"800\" \/>\n\t<meta property=\"og:image:type\" content=\"image\/webp\" \/>\n<meta name=\"twitter:card\" content=\"summary_large_image\" \/>\n<meta name=\"twitter:label1\" content=\"Procijenjeno vrijeme \u010ditanja\" \/>\n\t<meta name=\"twitter:data1\" content=\"1 minuta\" \/>\n<script type=\"application\/ld+json\" class=\"yoast-schema-graph\">{\"@context\":\"https:\\\/\\\/schema.org\",\"@graph\":[{\"@type\":\"WebPage\",\"@id\":\"https:\\\/\\\/ajatutaja.com\\\/izdelek\\\/ergobaby-all-weather-prevleka-za-nosilko\\\/\",\"url\":\"https:\\\/\\\/ajatutaja.com\\\/izdelek\\\/ergobaby-all-weather-prevleka-za-nosilko\\\/\",\"name\":\"Ergobaby All weather prevleka za nosilko | Ajatutaja\",\"isPartOf\":{\"@id\":\"https:\\\/\\\/ajatutaja.com\\\/#website\"},\"primaryImageOfPage\":{\"@id\":\"https:\\\/\\\/ajatutaja.com\\\/izdelek\\\/ergobaby-all-weather-prevleka-za-nosilko\\\/#primaryimage\"},\"image\":{\"@id\":\"https:\\\/\\\/ajatutaja.com\\\/izdelek\\\/ergobaby-all-weather-prevleka-za-nosilko\\\/#primaryimage\"},\"thumbnailUrl\":\"https:\\\/\\\/ajatutaja.com\\\/wp-content\\\/uploads\\\/2022\\\/09\\\/Zimska-zascita-za-mehke-nosilke-Ergobaby-All-Weather-Cover.webp\",\"datePublished\":\"2022-09-25T09:45:23+00:00\",\"dateModified\":\"2026-03-12T14:32:42+00:00\",\"description\":\"Nova izbolj\u0161ana Ergobaby All weather zimska prevleka se preprosto pritrdi na vse nosilke in zagotavlja za\u0161\u010dito pred vetrom, de\u017ejem, snegom in mrazom.\",\"breadcrumb\":{\"@id\":\"https:\\\/\\\/ajatutaja.com\\\/izdelek\\\/ergobaby-all-weather-prevleka-za-nosilko\\\/#breadcrumb\"},\"inLanguage\":\"hr\",\"potentialAction\":[{\"@type\":\"ReadAction\",\"target\":[\"https:\\\/\\\/ajatutaja.com\\\/izdelek\\\/ergobaby-all-weather-prevleka-za-nosilko\\\/\"]}]},{\"@type\":\"ImageObject\",\"inLanguage\":\"hr\",\"@id\":\"https:\\\/\\\/ajatutaja.com\\\/izdelek\\\/ergobaby-all-weather-prevleka-za-nosilko\\\/#primaryimage\",\"url\":\"https:\\\/\\\/ajatutaja.com\\\/wp-content\\\/uploads\\\/2022\\\/09\\\/Zimska-zascita-za-mehke-nosilke-Ergobaby-All-Weather-Cover.webp\",\"contentUrl\":\"https:\\\/\\\/ajatutaja.com\\\/wp-content\\\/uploads\\\/2022\\\/09\\\/Zimska-zascita-za-mehke-nosilke-Ergobaby-All-Weather-Cover.webp\",\"width\":800,\"height\":800},{\"@type\":\"BreadcrumbList\",\"@id\":\"https:\\\/\\\/ajatutaja.com\\\/izdelek\\\/ergobaby-all-weather-prevleka-za-nosilko\\\/#breadcrumb\",\"itemListElement\":[{\"@type\":\"ListItem\",\"position\":1,\"name\":\"Home\",\"item\":\"https:\\\/\\\/ajatutaja.com\\\/hr\\\/\"},{\"@type\":\"ListItem\",\"position\":2,\"name\":\"Trgovina\",\"item\":\"https:\\\/\\\/ajatutaja.com\\\/hr\\\/trgovina\\\/\"},{\"@type\":\"ListItem\",\"position\":3,\"name\":\"Ergobaby All weather prevleka za nosilko\"}]},{\"@type\":\"WebSite\",\"@id\":\"https:\\\/\\\/ajatutaja.com\\\/#website\",\"url\":\"https:\\\/\\\/ajatutaja.com\\\/\",\"name\":\"Ajatutaja\",\"description\":\"Otro\u0161ka spletna trgovina AJATUTAJA\",\"publisher\":{\"@id\":\"https:\\\/\\\/ajatutaja.com\\\/#organization\"},\"potentialAction\":[{\"@type\":\"SearchAction\",\"target\":{\"@type\":\"EntryPoint\",\"urlTemplate\":\"https:\\\/\\\/ajatutaja.com\\\/?s={search_term_string}\"},\"query-input\":{\"@type\":\"PropertyValueSpecification\",\"valueRequired\":true,\"valueName\":\"search_term_string\"}}],\"inLanguage\":\"hr\"},{\"@type\":\"Organization\",\"@id\":\"https:\\\/\\\/ajatutaja.com\\\/#organization\",\"name\":\"Ajatutaja\",\"url\":\"https:\\\/\\\/ajatutaja.com\\\/\",\"logo\":{\"@type\":\"ImageObject\",\"inLanguage\":\"hr\",\"@id\":\"https:\\\/\\\/ajatutaja.com\\\/#\\\/schema\\\/logo\\\/image\\\/\",\"url\":\"https:\\\/\\\/ajatutaja.com\\\/wp-content\\\/uploads\\\/2021\\\/10\\\/logo.png\",\"contentUrl\":\"https:\\\/\\\/ajatutaja.com\\\/wp-content\\\/uploads\\\/2021\\\/10\\\/logo.png\",\"width\":555,\"height\":150,\"caption\":\"Ajatutaja\"},\"image\":{\"@id\":\"https:\\\/\\\/ajatutaja.com\\\/#\\\/schema\\\/logo\\\/image\\\/\"}}]}<\/script>\n<!-- \/ Yoast SEO plugin. -->","yoast_head_json":{"title":"Ergobaby All weather prevleka za nosilko | Ajatutaja","description":"Nova izbolj\u0161ana Ergobaby All weather zimska prevleka se preprosto pritrdi na vse nosilke in zagotavlja za\u0161\u010dito pred vetrom, de\u017ejem, snegom in mrazom.","robots":{"index":"index","follow":"follow","max-snippet":"max-snippet:-1","max-image-preview":"max-image-preview:large","max-video-preview":"max-video-preview:-1"},"canonical":"https:\/\/ajatutaja.com\/izdelek\/ergobaby-all-weather-prevleka-za-nosilko\/","og_locale":"hr_HR","og_type":"article","og_title":"Ergobaby All weather prevleka za nosilko | Ajatutaja","og_description":"Nova izbolj\u0161ana Ergobaby All weather zimska prevleka se preprosto pritrdi na vse nosilke in zagotavlja za\u0161\u010dito pred vetrom, de\u017ejem, snegom in mrazom.","og_url":"https:\/\/ajatutaja.com\/izdelek\/ergobaby-all-weather-prevleka-za-nosilko\/","og_site_name":"Ajatutaja","article_modified_time":"2026-03-12T14:32:42+00:00","og_image":[{"width":800,"height":800,"url":"https:\/\/ajatutaja.com\/wp-content\/uploads\/2022\/09\/Zimska-zascita-za-mehke-nosilke-Ergobaby-All-Weather-Cover.webp","type":"image\/webp"}],"twitter_card":"summary_large_image","twitter_misc":{"Procijenjeno vrijeme \u010ditanja":"1 minuta"},"schema":{"@context":"https:\/\/schema.org","@graph":[{"@type":"WebPage","@id":"https:\/\/ajatutaja.com\/izdelek\/ergobaby-all-weather-prevleka-za-nosilko\/","url":"https:\/\/ajatutaja.com\/izdelek\/ergobaby-all-weather-prevleka-za-nosilko\/","name":"Ergobaby All weather prevleka za nosilko | Ajatutaja","isPartOf":{"@id":"https:\/\/ajatutaja.com\/#website"},"primaryImageOfPage":{"@id":"https:\/\/ajatutaja.com\/izdelek\/ergobaby-all-weather-prevleka-za-nosilko\/#primaryimage"},"image":{"@id":"https:\/\/ajatutaja.com\/izdelek\/ergobaby-all-weather-prevleka-za-nosilko\/#primaryimage"},"thumbnailUrl":"https:\/\/ajatutaja.com\/wp-content\/uploads\/2022\/09\/Zimska-zascita-za-mehke-nosilke-Ergobaby-All-Weather-Cover.webp","datePublished":"2022-09-25T09:45:23+00:00","dateModified":"2026-03-12T14:32:42+00:00","description":"Nova izbolj\u0161ana Ergobaby All weather zimska prevleka se preprosto pritrdi na vse nosilke in zagotavlja za\u0161\u010dito pred vetrom, de\u017ejem, snegom in mrazom.","breadcrumb":{"@id":"https:\/\/ajatutaja.com\/izdelek\/ergobaby-all-weather-prevleka-za-nosilko\/#breadcrumb"},"inLanguage":"hr","potentialAction":[{"@type":"ReadAction","target":["https:\/\/ajatutaja.com\/izdelek\/ergobaby-all-weather-prevleka-za-nosilko\/"]}]},{"@type":"ImageObject","inLanguage":"hr","@id":"https:\/\/ajatutaja.com\/izdelek\/ergobaby-all-weather-prevleka-za-nosilko\/#primaryimage","url":"https:\/\/ajatutaja.com\/wp-content\/uploads\/2022\/09\/Zimska-zascita-za-mehke-nosilke-Ergobaby-All-Weather-Cover.webp","contentUrl":"https:\/\/ajatutaja.com\/wp-content\/uploads\/2022\/09\/Zimska-zascita-za-mehke-nosilke-Ergobaby-All-Weather-Cover.webp","width":800,"height":800},{"@type":"BreadcrumbList","@id":"https:\/\/ajatutaja.com\/izdelek\/ergobaby-all-weather-prevleka-za-nosilko\/#breadcrumb","itemListElement":[{"@type":"ListItem","position":1,"name":"Home","item":"https:\/\/ajatutaja.com\/hr\/"},{"@type":"ListItem","position":2,"name":"Trgovina","item":"https:\/\/ajatutaja.com\/hr\/trgovina\/"},{"@type":"ListItem","position":3,"name":"Ergobaby All weather prevleka za nosilko"}]},{"@type":"WebSite","@id":"https:\/\/ajatutaja.com\/#website","url":"https:\/\/ajatutaja.com\/","name":"Ajatutaja","description":"Otro\u0161ka spletna trgovina AJATUTAJA","publisher":{"@id":"https:\/\/ajatutaja.com\/#organization"},"potentialAction":[{"@type":"SearchAction","target":{"@type":"EntryPoint","urlTemplate":"https:\/\/ajatutaja.com\/?s={search_term_string}"},"query-input":{"@type":"PropertyValueSpecification","valueRequired":true,"valueName":"search_term_string"}}],"inLanguage":"hr"},{"@type":"Organization","@id":"https:\/\/ajatutaja.com\/#organization","name":"Ajatutaja","url":"https:\/\/ajatutaja.com\/","logo":{"@type":"ImageObject","inLanguage":"hr","@id":"https:\/\/ajatutaja.com\/#\/schema\/logo\/image\/","url":"https:\/\/ajatutaja.com\/wp-content\/uploads\/2021\/10\/logo.png","contentUrl":"https:\/\/ajatutaja.com\/wp-content\/uploads\/2021\/10\/logo.png","width":555,"height":150,"caption":"Ajatutaja"},"image":{"@id":"https:\/\/ajatutaja.com\/#\/schema\/logo\/image\/"}}]}},"brands":[{"id":2415,"name":"Ergobaby","slug":"ergobaby-potepanje"},{"id":2409,"name":"Potepanje","slug":"potepanje"}],"_links":{"self":[{"href":"https:\/\/ajatutaja.com\/hr\/wp-json\/wp\/v2\/product\/39157","targetHints":{"allow":["GET"]}}],"collection":[{"href":"https:\/\/ajatutaja.com\/hr\/wp-json\/wp\/v2\/product"}],"about":[{"href":"https:\/\/ajatutaja.com\/hr\/wp-json\/wp\/v2\/types\/product"}],"wp:featuredmedia":[{"embeddable":true,"href":"https:\/\/ajatutaja.com\/hr\/wp-json\/wp\/v2\/media\/68236"}],"wp:attachment":[{"href":"https:\/\/ajatutaja.com\/hr\/wp-json\/wp\/v2\/media?parent=39157"}],"wp:term":[{"taxonomy":"pwb-brand","embeddable":true,"href":"https:\/\/ajatutaja.com\/hr\/wp-json\/wp\/v2\/pwb-brand?post=39157"},{"taxonomy":"product_brand","embeddable":true,"href":"https:\/\/ajatutaja.com\/hr\/wp-json\/wp\/v2\/product_brand?post=39157"},{"taxonomy":"product_cat","embeddable":true,"href":"https:\/\/ajatutaja.com\/hr\/wp-json\/wp\/v2\/product_cat?post=39157"},{"taxonomy":"product_tag","embeddable":true,"href":"https:\/\/ajatutaja.com\/hr\/wp-json\/wp\/v2\/product_tag?post=39157"}],"curies":[{"name":"wp","href":"https:\/\/api.w.org\/{rel}","templated":true}]}}