{"id":39078,"date":"2025-11-03T20:45:32","date_gmt":"2025-11-03T19:45:32","guid":{"rendered":"https:\/\/ajatutaja.com\/?post_type=product&#038;p=39078"},"modified":"2025-11-07T08:54:08","modified_gmt":"2025-11-07T07:54:08","slug":"lesena-skatla-z-orodjem-little-dutch","status":"publish","type":"product","link":"https:\/\/ajatutaja.com\/hr\/proizvod\/lesena-skatla-z-orodjem-little-dutch\/","title":{"rendered":"Lesena \u0161katla z orodjem Little Dutch"},"content":{"rendered":"<p>[vc_row][vc_column][vc_column_text]<span lang=\"sl\">Va\u0161 mal\u010dek bo z Leseno \u0161katlo z orodjem Little Dutch postal mali mojster! Komplet vklju\u010duje vse, kar je potrebno pri opravljanju hi\u0161nih opravil in <\/span>zagotavlja veliko zabave za vsakega malega mojstra v hi\u0161i. Taka igra\u010da je vedno zabavna in je tudi prijetno darilo za va\u0161ega mal\u010dka.<\/p>\n<h4>Lastnosti \u0161katle z orodjem Little Dutch (<span class=\"prop-value\">LD2544)<\/span> :<\/h4>\n<ul>\n<li>Izdelano iz lesa (FSC)<\/li>\n<li>Barvano z otrokom prijaznimi barvami na vodni osnovi<\/li>\n<li>Dimenzije: 25,6 x 12,6 x 14,6 cm<\/li>\n<li>Starost otroka: 2 leti +<\/li>\n<li>\u010ci\u0161\u010denje z mehko in vla\u017eno krpo<\/li>\n<\/ul>\n<p>Nizozemski proizvajalec Little Dutch izdeluje brez\u010dasne igra\u010de visoke kakovosti, z elegantnimi barvami, odtisi in ilustracijami. Vsi izdelki so skladni z evropskimi direktivami in se proizvajajo brez dela otrok in na dru\u017ebeno odgovoren na\u010din.[\/vc_column_text][\/vc_column][\/vc_row]<\/p>\n","protected":false},"excerpt":{"rendered":"<p>Lesena \u0161katla z orodjem Little Dutch je v celoti izdelan iz lesa in <span lang=\"sl\">vsebuje kladivo, izvija\u010d, klju\u010d in vijake. A to \u0161e ni vse \u2013 stranice se lahko uporabijo tudi kot tolkalna miza! Na ta na\u010din lahko mal\u010dki ustvarjajo in vija\u010dijo, medtem ko igrivo razvijajo svoje motori\u010dne sposobnosti in ustvarjalnost. <\/span><\/p>\n","protected":false},"featured_media":81857,"template":"","meta":[],"pwb-brand":[2452,2457],"product_brand":[],"product_cat":[3991,5072,2716,2712,2362,2448,2443],"product_tag":[4002,5020],"class_list":{"0":"post-39078","1":"product","2":"type-product","3":"status-publish","4":"has-post-thumbnail","6":"pwb-brand-igranje","7":"pwb-brand-little-dutch-igra","8":"product_cat-24-mesecev-igrace","9":"product_cat-bozicna-darila","10":"product_cat-darilo-do-30e","11":"product_cat-darilo-za-decka","12":"product_cat-igranje","13":"product_cat-igranje-vlog","14":"product_cat-lesene-igrace","15":"product_tag-little-dutch","16":"product_tag-mali-mojster","18":"first","19":"instock","20":"taxable","21":"shipping-taxable","22":"purchasable","23":"product-type-simple","24":"add-to-wishlist-before_image"},"yoast_head":"<!-- This site is optimized with the Yoast SEO plugin v27.3 - https:\/\/yoast.com\/product\/yoast-seo-wordpress\/ -->\n<title>Lesena \u0161katla z orodjem Little Dutch | Ajatutaja<\/title>\n<meta name=\"description\" content=\"Va\u0161 mal\u010dek bo z Leseno \u0161katlo z orodjem Little Dutch postal mali mojster! V celoti je izdelan iz lesa in vsebuje kladivo, izvija\u010d, klju\u010d in vijake.\" \/>\n<meta name=\"robots\" content=\"index, follow, max-snippet:-1, max-image-preview:large, max-video-preview:-1\" \/>\n<link rel=\"canonical\" href=\"https:\/\/ajatutaja.com\/izdelek\/lesena-skatla-z-orodjem-little-dutch\/\" \/>\n<meta property=\"og:locale\" content=\"hr_HR\" \/>\n<meta property=\"og:type\" content=\"article\" \/>\n<meta property=\"og:title\" content=\"Lesena \u0161katla z orodjem Little Dutch | Ajatutaja\" \/>\n<meta property=\"og:description\" content=\"Va\u0161 mal\u010dek bo z Leseno \u0161katlo z orodjem Little Dutch postal mali mojster! V celoti je izdelan iz lesa in vsebuje kladivo, izvija\u010d, klju\u010d in vijake.\" \/>\n<meta property=\"og:url\" content=\"https:\/\/ajatutaja.com\/izdelek\/lesena-skatla-z-orodjem-little-dutch\/\" \/>\n<meta property=\"og:site_name\" content=\"Ajatutaja\" \/>\n<meta property=\"article:modified_time\" content=\"2025-11-07T07:54:08+00:00\" \/>\n<meta property=\"og:image\" content=\"https:\/\/ajatutaja.com\/wp-content\/uploads\/2022\/09\/Little-dutch-lesena-skatla-z-orodjem-1.jpg\" \/>\n\t<meta property=\"og:image:width\" content=\"1200\" \/>\n\t<meta property=\"og:image:height\" content=\"1200\" \/>\n\t<meta property=\"og:image:type\" content=\"image\/jpeg\" \/>\n<meta name=\"twitter:card\" content=\"summary_large_image\" \/>\n<meta name=\"twitter:label1\" content=\"Procijenjeno vrijeme \u010ditanja\" \/>\n\t<meta name=\"twitter:data1\" content=\"1 minuta\" \/>\n<script type=\"application\/ld+json\" class=\"yoast-schema-graph\">{\"@context\":\"https:\\\/\\\/schema.org\",\"@graph\":[{\"@type\":\"WebPage\",\"@id\":\"https:\\\/\\\/ajatutaja.com\\\/izdelek\\\/lesena-skatla-z-orodjem-little-dutch\\\/\",\"url\":\"https:\\\/\\\/ajatutaja.com\\\/izdelek\\\/lesena-skatla-z-orodjem-little-dutch\\\/\",\"name\":\"Lesena \u0161katla z orodjem Little Dutch | Ajatutaja\",\"isPartOf\":{\"@id\":\"https:\\\/\\\/ajatutaja.com\\\/#website\"},\"primaryImageOfPage\":{\"@id\":\"https:\\\/\\\/ajatutaja.com\\\/izdelek\\\/lesena-skatla-z-orodjem-little-dutch\\\/#primaryimage\"},\"image\":{\"@id\":\"https:\\\/\\\/ajatutaja.com\\\/izdelek\\\/lesena-skatla-z-orodjem-little-dutch\\\/#primaryimage\"},\"thumbnailUrl\":\"https:\\\/\\\/ajatutaja.com\\\/wp-content\\\/uploads\\\/2022\\\/09\\\/Little-dutch-lesena-skatla-z-orodjem-1.jpg\",\"datePublished\":\"2025-11-03T19:45:32+00:00\",\"dateModified\":\"2025-11-07T07:54:08+00:00\",\"description\":\"Va\u0161 mal\u010dek bo z Leseno \u0161katlo z orodjem Little Dutch postal mali mojster! V celoti je izdelan iz lesa in vsebuje kladivo, izvija\u010d, klju\u010d in vijake.\",\"breadcrumb\":{\"@id\":\"https:\\\/\\\/ajatutaja.com\\\/izdelek\\\/lesena-skatla-z-orodjem-little-dutch\\\/#breadcrumb\"},\"inLanguage\":\"hr\",\"potentialAction\":[{\"@type\":\"ReadAction\",\"target\":[\"https:\\\/\\\/ajatutaja.com\\\/izdelek\\\/lesena-skatla-z-orodjem-little-dutch\\\/\"]}]},{\"@type\":\"ImageObject\",\"inLanguage\":\"hr\",\"@id\":\"https:\\\/\\\/ajatutaja.com\\\/izdelek\\\/lesena-skatla-z-orodjem-little-dutch\\\/#primaryimage\",\"url\":\"https:\\\/\\\/ajatutaja.com\\\/wp-content\\\/uploads\\\/2022\\\/09\\\/Little-dutch-lesena-skatla-z-orodjem-1.jpg\",\"contentUrl\":\"https:\\\/\\\/ajatutaja.com\\\/wp-content\\\/uploads\\\/2022\\\/09\\\/Little-dutch-lesena-skatla-z-orodjem-1.jpg\",\"width\":1200,\"height\":1200},{\"@type\":\"BreadcrumbList\",\"@id\":\"https:\\\/\\\/ajatutaja.com\\\/izdelek\\\/lesena-skatla-z-orodjem-little-dutch\\\/#breadcrumb\",\"itemListElement\":[{\"@type\":\"ListItem\",\"position\":1,\"name\":\"Home\",\"item\":\"https:\\\/\\\/ajatutaja.com\\\/hr\\\/\"},{\"@type\":\"ListItem\",\"position\":2,\"name\":\"Trgovina\",\"item\":\"https:\\\/\\\/ajatutaja.com\\\/hr\\\/trgovina\\\/\"},{\"@type\":\"ListItem\",\"position\":3,\"name\":\"Lesena \u0161katla z orodjem Little Dutch\"}]},{\"@type\":\"WebSite\",\"@id\":\"https:\\\/\\\/ajatutaja.com\\\/#website\",\"url\":\"https:\\\/\\\/ajatutaja.com\\\/\",\"name\":\"Ajatutaja\",\"description\":\"Otro\u0161ka spletna trgovina AJATUTAJA\",\"publisher\":{\"@id\":\"https:\\\/\\\/ajatutaja.com\\\/#organization\"},\"potentialAction\":[{\"@type\":\"SearchAction\",\"target\":{\"@type\":\"EntryPoint\",\"urlTemplate\":\"https:\\\/\\\/ajatutaja.com\\\/?s={search_term_string}\"},\"query-input\":{\"@type\":\"PropertyValueSpecification\",\"valueRequired\":true,\"valueName\":\"search_term_string\"}}],\"inLanguage\":\"hr\"},{\"@type\":\"Organization\",\"@id\":\"https:\\\/\\\/ajatutaja.com\\\/#organization\",\"name\":\"Ajatutaja\",\"url\":\"https:\\\/\\\/ajatutaja.com\\\/\",\"logo\":{\"@type\":\"ImageObject\",\"inLanguage\":\"hr\",\"@id\":\"https:\\\/\\\/ajatutaja.com\\\/#\\\/schema\\\/logo\\\/image\\\/\",\"url\":\"https:\\\/\\\/ajatutaja.com\\\/wp-content\\\/uploads\\\/2021\\\/10\\\/logo.png\",\"contentUrl\":\"https:\\\/\\\/ajatutaja.com\\\/wp-content\\\/uploads\\\/2021\\\/10\\\/logo.png\",\"width\":555,\"height\":150,\"caption\":\"Ajatutaja\"},\"image\":{\"@id\":\"https:\\\/\\\/ajatutaja.com\\\/#\\\/schema\\\/logo\\\/image\\\/\"}}]}<\/script>\n<!-- \/ Yoast SEO plugin. -->","yoast_head_json":{"title":"Lesena \u0161katla z orodjem Little Dutch | Ajatutaja","description":"Va\u0161 mal\u010dek bo z Leseno \u0161katlo z orodjem Little Dutch postal mali mojster! V celoti je izdelan iz lesa in vsebuje kladivo, izvija\u010d, klju\u010d in vijake.","robots":{"index":"index","follow":"follow","max-snippet":"max-snippet:-1","max-image-preview":"max-image-preview:large","max-video-preview":"max-video-preview:-1"},"canonical":"https:\/\/ajatutaja.com\/izdelek\/lesena-skatla-z-orodjem-little-dutch\/","og_locale":"hr_HR","og_type":"article","og_title":"Lesena \u0161katla z orodjem Little Dutch | Ajatutaja","og_description":"Va\u0161 mal\u010dek bo z Leseno \u0161katlo z orodjem Little Dutch postal mali mojster! V celoti je izdelan iz lesa in vsebuje kladivo, izvija\u010d, klju\u010d in vijake.","og_url":"https:\/\/ajatutaja.com\/izdelek\/lesena-skatla-z-orodjem-little-dutch\/","og_site_name":"Ajatutaja","article_modified_time":"2025-11-07T07:54:08+00:00","og_image":[{"width":1200,"height":1200,"url":"https:\/\/ajatutaja.com\/wp-content\/uploads\/2022\/09\/Little-dutch-lesena-skatla-z-orodjem-1.jpg","type":"image\/jpeg"}],"twitter_card":"summary_large_image","twitter_misc":{"Procijenjeno vrijeme \u010ditanja":"1 minuta"},"schema":{"@context":"https:\/\/schema.org","@graph":[{"@type":"WebPage","@id":"https:\/\/ajatutaja.com\/izdelek\/lesena-skatla-z-orodjem-little-dutch\/","url":"https:\/\/ajatutaja.com\/izdelek\/lesena-skatla-z-orodjem-little-dutch\/","name":"Lesena \u0161katla z orodjem Little Dutch | Ajatutaja","isPartOf":{"@id":"https:\/\/ajatutaja.com\/#website"},"primaryImageOfPage":{"@id":"https:\/\/ajatutaja.com\/izdelek\/lesena-skatla-z-orodjem-little-dutch\/#primaryimage"},"image":{"@id":"https:\/\/ajatutaja.com\/izdelek\/lesena-skatla-z-orodjem-little-dutch\/#primaryimage"},"thumbnailUrl":"https:\/\/ajatutaja.com\/wp-content\/uploads\/2022\/09\/Little-dutch-lesena-skatla-z-orodjem-1.jpg","datePublished":"2025-11-03T19:45:32+00:00","dateModified":"2025-11-07T07:54:08+00:00","description":"Va\u0161 mal\u010dek bo z Leseno \u0161katlo z orodjem Little Dutch postal mali mojster! V celoti je izdelan iz lesa in vsebuje kladivo, izvija\u010d, klju\u010d in vijake.","breadcrumb":{"@id":"https:\/\/ajatutaja.com\/izdelek\/lesena-skatla-z-orodjem-little-dutch\/#breadcrumb"},"inLanguage":"hr","potentialAction":[{"@type":"ReadAction","target":["https:\/\/ajatutaja.com\/izdelek\/lesena-skatla-z-orodjem-little-dutch\/"]}]},{"@type":"ImageObject","inLanguage":"hr","@id":"https:\/\/ajatutaja.com\/izdelek\/lesena-skatla-z-orodjem-little-dutch\/#primaryimage","url":"https:\/\/ajatutaja.com\/wp-content\/uploads\/2022\/09\/Little-dutch-lesena-skatla-z-orodjem-1.jpg","contentUrl":"https:\/\/ajatutaja.com\/wp-content\/uploads\/2022\/09\/Little-dutch-lesena-skatla-z-orodjem-1.jpg","width":1200,"height":1200},{"@type":"BreadcrumbList","@id":"https:\/\/ajatutaja.com\/izdelek\/lesena-skatla-z-orodjem-little-dutch\/#breadcrumb","itemListElement":[{"@type":"ListItem","position":1,"name":"Home","item":"https:\/\/ajatutaja.com\/hr\/"},{"@type":"ListItem","position":2,"name":"Trgovina","item":"https:\/\/ajatutaja.com\/hr\/trgovina\/"},{"@type":"ListItem","position":3,"name":"Lesena \u0161katla z orodjem Little Dutch"}]},{"@type":"WebSite","@id":"https:\/\/ajatutaja.com\/#website","url":"https:\/\/ajatutaja.com\/","name":"Ajatutaja","description":"Otro\u0161ka spletna trgovina AJATUTAJA","publisher":{"@id":"https:\/\/ajatutaja.com\/#organization"},"potentialAction":[{"@type":"SearchAction","target":{"@type":"EntryPoint","urlTemplate":"https:\/\/ajatutaja.com\/?s={search_term_string}"},"query-input":{"@type":"PropertyValueSpecification","valueRequired":true,"valueName":"search_term_string"}}],"inLanguage":"hr"},{"@type":"Organization","@id":"https:\/\/ajatutaja.com\/#organization","name":"Ajatutaja","url":"https:\/\/ajatutaja.com\/","logo":{"@type":"ImageObject","inLanguage":"hr","@id":"https:\/\/ajatutaja.com\/#\/schema\/logo\/image\/","url":"https:\/\/ajatutaja.com\/wp-content\/uploads\/2021\/10\/logo.png","contentUrl":"https:\/\/ajatutaja.com\/wp-content\/uploads\/2021\/10\/logo.png","width":555,"height":150,"caption":"Ajatutaja"},"image":{"@id":"https:\/\/ajatutaja.com\/#\/schema\/logo\/image\/"}}]}},"brands":[{"id":2452,"name":"Igranje","slug":"igranje"},{"id":2457,"name":"Little Dutch","slug":"little-dutch-igra"}],"_links":{"self":[{"href":"https:\/\/ajatutaja.com\/hr\/wp-json\/wp\/v2\/product\/39078","targetHints":{"allow":["GET"]}}],"collection":[{"href":"https:\/\/ajatutaja.com\/hr\/wp-json\/wp\/v2\/product"}],"about":[{"href":"https:\/\/ajatutaja.com\/hr\/wp-json\/wp\/v2\/types\/product"}],"wp:featuredmedia":[{"embeddable":true,"href":"https:\/\/ajatutaja.com\/hr\/wp-json\/wp\/v2\/media\/81857"}],"wp:attachment":[{"href":"https:\/\/ajatutaja.com\/hr\/wp-json\/wp\/v2\/media?parent=39078"}],"wp:term":[{"taxonomy":"pwb-brand","embeddable":true,"href":"https:\/\/ajatutaja.com\/hr\/wp-json\/wp\/v2\/pwb-brand?post=39078"},{"taxonomy":"product_brand","embeddable":true,"href":"https:\/\/ajatutaja.com\/hr\/wp-json\/wp\/v2\/product_brand?post=39078"},{"taxonomy":"product_cat","embeddable":true,"href":"https:\/\/ajatutaja.com\/hr\/wp-json\/wp\/v2\/product_cat?post=39078"},{"taxonomy":"product_tag","embeddable":true,"href":"https:\/\/ajatutaja.com\/hr\/wp-json\/wp\/v2\/product_tag?post=39078"}],"curies":[{"name":"wp","href":"https:\/\/api.w.org\/{rel}","templated":true}]}}