{"id":38894,"date":"2024-09-15T16:56:20","date_gmt":"2024-09-15T14:56:20","guid":{"rendered":"https:\/\/ajatutaja.com\/?post_type=product&#038;p=38894"},"modified":"2026-03-17T13:28:38","modified_gmt":"2026-03-17T12:28:38","slug":"janod-lesena-igraca-na-vrvici-in-glasbilo-polz","status":"publish","type":"product","link":"https:\/\/ajatutaja.com\/hr\/proizvod\/janod-lesena-igraca-na-vrvici-in-glasbilo-polz\/","title":{"rendered":"Janod lesena igra\u010da na vrvici in glasbilo Pol\u017e"},"content":{"rendered":"<p>[vc_row][vc_column][vc_column_text]Ta ljubka igra\u010da bo postala najljub\u0161i spremljevalec va\u0161ega otroka, ki ga bo prav tako na igriv na\u010din uvajala v glasbo in ga spodbujala k gibanju.<\/p>\n<p>Igra\u010da je pobarvana z barvo na vodni osnovi tako da je povsem varna, \u010de pride v stik z usti.<\/p>\n<h3>Lastnosti Janod glasbene igra\u010de Pol\u017e:<\/h3>\n<ul>\n<li>dimenzije: 20,5 cm x 8,9 cm x 20 cm<\/li>\n<li>primerno za otroke od 1 \u2013 3 let<\/li>\n<li>material: les, bomba\u017ena vrvica<\/li>\n<\/ul>\n<p><em><b>Janod<\/b> igra\u010de so oblikovane v Franciji, izdelava pa je kakovostna, zaradi \u010desar so njihove igra\u010de trpe\u017ene in dolgo obstojne.<\/em>[\/vc_column_text][\/vc_column][\/vc_row]<\/p>\n","protected":false},"excerpt":{"rendered":"<p>Zabavni leseni pol\u017e Janod v pisanih barvah je izdelan iz lesa in ima kolesa. Va\u0161i mal\u010dki ga lahko s pomo\u010djo vrvice sprehajajo ure in ure. Njegovo \u201chi\u0161ico\u201d je mogo\u010de odstraniti in naenkrat iz nje nastaneta dve glasbili \u2013 tamburin in ksilofon! Prav tako je mogo\u010de odstraniti pol\u017eeve tipalke, ki so obenem palici za igranje na omenjeni glasbili.<\/p>\n","protected":false},"featured_media":38897,"template":"","meta":[],"pwb-brand":[2452,2455],"product_brand":[],"product_cat":[3989,2441,5072,2717,2712,2713,2362,2443,2444,3985],"product_tag":[4387,3981],"class_list":{"0":"post-38894","1":"product","2":"type-product","3":"status-publish","4":"has-post-thumbnail","6":"pwb-brand-igranje","7":"pwb-brand-janod-igranje","8":"product_cat-12-mesecev-igrace","9":"product_cat-aktivnostne-igrace","10":"product_cat-bozicna-darila","11":"product_cat-darilo-do-50e","12":"product_cat-darilo-za-decka","13":"product_cat-darilo-za-deklico","14":"product_cat-igranje","15":"product_cat-lesene-igrace","16":"product_cat-otroska-glasbila","17":"product_cat-po-starosti","18":"product_tag-glasbilo-za-otroke","19":"product_tag-janod","21":"first","22":"instock","23":"taxable","24":"shipping-taxable","25":"purchasable","26":"product-type-simple","27":"add-to-wishlist-before_image"},"yoast_head":"<!-- This site is optimized with the Yoast SEO plugin v27.3 - https:\/\/yoast.com\/product\/yoast-seo-wordpress\/ -->\n<title>Janod lesena igra\u010da na vrvici in glasbilo Pol\u017e | Ajatutaja<\/title>\n<meta name=\"description\" content=\"Sestavljen je iz 17ih delov (lesenih kock razli\u010dnih oblik in barv), ki jih otrok natika na vagon\u010dke. Janod igra\u010de so varne in ne vsebujejo \u0161kodljivih snovi.\" \/>\n<meta name=\"robots\" content=\"index, follow, max-snippet:-1, max-image-preview:large, max-video-preview:-1\" \/>\n<link rel=\"canonical\" href=\"https:\/\/ajatutaja.com\/izdelek\/janod-lesena-igraca-na-vrvici-in-glasbilo-polz\/\" \/>\n<meta property=\"og:locale\" content=\"hr_HR\" \/>\n<meta property=\"og:type\" content=\"article\" \/>\n<meta property=\"og:title\" content=\"Janod lesena igra\u010da na vrvici in glasbilo Pol\u017e | Ajatutaja\" \/>\n<meta property=\"og:description\" content=\"Sestavljen je iz 17ih delov (lesenih kock razli\u010dnih oblik in barv), ki jih otrok natika na vagon\u010dke. Janod igra\u010de so varne in ne vsebujejo \u0161kodljivih snovi.\" \/>\n<meta property=\"og:url\" content=\"https:\/\/ajatutaja.com\/izdelek\/janod-lesena-igraca-na-vrvici-in-glasbilo-polz\/\" \/>\n<meta property=\"og:site_name\" content=\"Ajatutaja\" \/>\n<meta property=\"article:modified_time\" content=\"2026-03-17T12:28:38+00:00\" \/>\n<meta property=\"og:image\" content=\"https:\/\/ajatutaja.com\/wp-content\/uploads\/2022\/09\/Janod-lesena-igraca-na-vrvici-glasbilo-polz-ajatutaja-3.jpg\" \/>\n\t<meta property=\"og:image:width\" content=\"1000\" \/>\n\t<meta property=\"og:image:height\" content=\"1000\" \/>\n\t<meta property=\"og:image:type\" content=\"image\/jpeg\" \/>\n<meta name=\"twitter:card\" content=\"summary_large_image\" \/>\n<meta name=\"twitter:label1\" content=\"Procijenjeno vrijeme \u010ditanja\" \/>\n\t<meta name=\"twitter:data1\" content=\"1 minuta\" \/>\n<script type=\"application\/ld+json\" class=\"yoast-schema-graph\">{\"@context\":\"https:\\\/\\\/schema.org\",\"@graph\":[{\"@type\":\"WebPage\",\"@id\":\"https:\\\/\\\/ajatutaja.com\\\/izdelek\\\/janod-lesena-igraca-na-vrvici-in-glasbilo-polz\\\/\",\"url\":\"https:\\\/\\\/ajatutaja.com\\\/izdelek\\\/janod-lesena-igraca-na-vrvici-in-glasbilo-polz\\\/\",\"name\":\"Janod lesena igra\u010da na vrvici in glasbilo Pol\u017e | Ajatutaja\",\"isPartOf\":{\"@id\":\"https:\\\/\\\/ajatutaja.com\\\/#website\"},\"primaryImageOfPage\":{\"@id\":\"https:\\\/\\\/ajatutaja.com\\\/izdelek\\\/janod-lesena-igraca-na-vrvici-in-glasbilo-polz\\\/#primaryimage\"},\"image\":{\"@id\":\"https:\\\/\\\/ajatutaja.com\\\/izdelek\\\/janod-lesena-igraca-na-vrvici-in-glasbilo-polz\\\/#primaryimage\"},\"thumbnailUrl\":\"https:\\\/\\\/ajatutaja.com\\\/wp-content\\\/uploads\\\/2022\\\/09\\\/Janod-lesena-igraca-na-vrvici-glasbilo-polz-ajatutaja-3.jpg\",\"datePublished\":\"2024-09-15T14:56:20+00:00\",\"dateModified\":\"2026-03-17T12:28:38+00:00\",\"description\":\"Sestavljen je iz 17ih delov (lesenih kock razli\u010dnih oblik in barv), ki jih otrok natika na vagon\u010dke. Janod igra\u010de so varne in ne vsebujejo \u0161kodljivih snovi.\",\"breadcrumb\":{\"@id\":\"https:\\\/\\\/ajatutaja.com\\\/izdelek\\\/janod-lesena-igraca-na-vrvici-in-glasbilo-polz\\\/#breadcrumb\"},\"inLanguage\":\"hr\",\"potentialAction\":[{\"@type\":\"ReadAction\",\"target\":[\"https:\\\/\\\/ajatutaja.com\\\/izdelek\\\/janod-lesena-igraca-na-vrvici-in-glasbilo-polz\\\/\"]}]},{\"@type\":\"ImageObject\",\"inLanguage\":\"hr\",\"@id\":\"https:\\\/\\\/ajatutaja.com\\\/izdelek\\\/janod-lesena-igraca-na-vrvici-in-glasbilo-polz\\\/#primaryimage\",\"url\":\"https:\\\/\\\/ajatutaja.com\\\/wp-content\\\/uploads\\\/2022\\\/09\\\/Janod-lesena-igraca-na-vrvici-glasbilo-polz-ajatutaja-3.jpg\",\"contentUrl\":\"https:\\\/\\\/ajatutaja.com\\\/wp-content\\\/uploads\\\/2022\\\/09\\\/Janod-lesena-igraca-na-vrvici-glasbilo-polz-ajatutaja-3.jpg\",\"width\":1000,\"height\":1000},{\"@type\":\"BreadcrumbList\",\"@id\":\"https:\\\/\\\/ajatutaja.com\\\/izdelek\\\/janod-lesena-igraca-na-vrvici-in-glasbilo-polz\\\/#breadcrumb\",\"itemListElement\":[{\"@type\":\"ListItem\",\"position\":1,\"name\":\"Home\",\"item\":\"https:\\\/\\\/ajatutaja.com\\\/hr\\\/\"},{\"@type\":\"ListItem\",\"position\":2,\"name\":\"Trgovina\",\"item\":\"https:\\\/\\\/ajatutaja.com\\\/hr\\\/trgovina\\\/\"},{\"@type\":\"ListItem\",\"position\":3,\"name\":\"Janod lesena igra\u010da na vrvici in glasbilo Pol\u017e\"}]},{\"@type\":\"WebSite\",\"@id\":\"https:\\\/\\\/ajatutaja.com\\\/#website\",\"url\":\"https:\\\/\\\/ajatutaja.com\\\/\",\"name\":\"Ajatutaja\",\"description\":\"Otro\u0161ka spletna trgovina AJATUTAJA\",\"publisher\":{\"@id\":\"https:\\\/\\\/ajatutaja.com\\\/#organization\"},\"potentialAction\":[{\"@type\":\"SearchAction\",\"target\":{\"@type\":\"EntryPoint\",\"urlTemplate\":\"https:\\\/\\\/ajatutaja.com\\\/?s={search_term_string}\"},\"query-input\":{\"@type\":\"PropertyValueSpecification\",\"valueRequired\":true,\"valueName\":\"search_term_string\"}}],\"inLanguage\":\"hr\"},{\"@type\":\"Organization\",\"@id\":\"https:\\\/\\\/ajatutaja.com\\\/#organization\",\"name\":\"Ajatutaja\",\"url\":\"https:\\\/\\\/ajatutaja.com\\\/\",\"logo\":{\"@type\":\"ImageObject\",\"inLanguage\":\"hr\",\"@id\":\"https:\\\/\\\/ajatutaja.com\\\/#\\\/schema\\\/logo\\\/image\\\/\",\"url\":\"https:\\\/\\\/ajatutaja.com\\\/wp-content\\\/uploads\\\/2021\\\/10\\\/logo.png\",\"contentUrl\":\"https:\\\/\\\/ajatutaja.com\\\/wp-content\\\/uploads\\\/2021\\\/10\\\/logo.png\",\"width\":555,\"height\":150,\"caption\":\"Ajatutaja\"},\"image\":{\"@id\":\"https:\\\/\\\/ajatutaja.com\\\/#\\\/schema\\\/logo\\\/image\\\/\"}}]}<\/script>\n<!-- \/ Yoast SEO plugin. -->","yoast_head_json":{"title":"Janod lesena igra\u010da na vrvici in glasbilo Pol\u017e | Ajatutaja","description":"Sestavljen je iz 17ih delov (lesenih kock razli\u010dnih oblik in barv), ki jih otrok natika na vagon\u010dke. Janod igra\u010de so varne in ne vsebujejo \u0161kodljivih snovi.","robots":{"index":"index","follow":"follow","max-snippet":"max-snippet:-1","max-image-preview":"max-image-preview:large","max-video-preview":"max-video-preview:-1"},"canonical":"https:\/\/ajatutaja.com\/izdelek\/janod-lesena-igraca-na-vrvici-in-glasbilo-polz\/","og_locale":"hr_HR","og_type":"article","og_title":"Janod lesena igra\u010da na vrvici in glasbilo Pol\u017e | Ajatutaja","og_description":"Sestavljen je iz 17ih delov (lesenih kock razli\u010dnih oblik in barv), ki jih otrok natika na vagon\u010dke. Janod igra\u010de so varne in ne vsebujejo \u0161kodljivih snovi.","og_url":"https:\/\/ajatutaja.com\/izdelek\/janod-lesena-igraca-na-vrvici-in-glasbilo-polz\/","og_site_name":"Ajatutaja","article_modified_time":"2026-03-17T12:28:38+00:00","og_image":[{"width":1000,"height":1000,"url":"https:\/\/ajatutaja.com\/wp-content\/uploads\/2022\/09\/Janod-lesena-igraca-na-vrvici-glasbilo-polz-ajatutaja-3.jpg","type":"image\/jpeg"}],"twitter_card":"summary_large_image","twitter_misc":{"Procijenjeno vrijeme \u010ditanja":"1 minuta"},"schema":{"@context":"https:\/\/schema.org","@graph":[{"@type":"WebPage","@id":"https:\/\/ajatutaja.com\/izdelek\/janod-lesena-igraca-na-vrvici-in-glasbilo-polz\/","url":"https:\/\/ajatutaja.com\/izdelek\/janod-lesena-igraca-na-vrvici-in-glasbilo-polz\/","name":"Janod lesena igra\u010da na vrvici in glasbilo Pol\u017e | Ajatutaja","isPartOf":{"@id":"https:\/\/ajatutaja.com\/#website"},"primaryImageOfPage":{"@id":"https:\/\/ajatutaja.com\/izdelek\/janod-lesena-igraca-na-vrvici-in-glasbilo-polz\/#primaryimage"},"image":{"@id":"https:\/\/ajatutaja.com\/izdelek\/janod-lesena-igraca-na-vrvici-in-glasbilo-polz\/#primaryimage"},"thumbnailUrl":"https:\/\/ajatutaja.com\/wp-content\/uploads\/2022\/09\/Janod-lesena-igraca-na-vrvici-glasbilo-polz-ajatutaja-3.jpg","datePublished":"2024-09-15T14:56:20+00:00","dateModified":"2026-03-17T12:28:38+00:00","description":"Sestavljen je iz 17ih delov (lesenih kock razli\u010dnih oblik in barv), ki jih otrok natika na vagon\u010dke. Janod igra\u010de so varne in ne vsebujejo \u0161kodljivih snovi.","breadcrumb":{"@id":"https:\/\/ajatutaja.com\/izdelek\/janod-lesena-igraca-na-vrvici-in-glasbilo-polz\/#breadcrumb"},"inLanguage":"hr","potentialAction":[{"@type":"ReadAction","target":["https:\/\/ajatutaja.com\/izdelek\/janod-lesena-igraca-na-vrvici-in-glasbilo-polz\/"]}]},{"@type":"ImageObject","inLanguage":"hr","@id":"https:\/\/ajatutaja.com\/izdelek\/janod-lesena-igraca-na-vrvici-in-glasbilo-polz\/#primaryimage","url":"https:\/\/ajatutaja.com\/wp-content\/uploads\/2022\/09\/Janod-lesena-igraca-na-vrvici-glasbilo-polz-ajatutaja-3.jpg","contentUrl":"https:\/\/ajatutaja.com\/wp-content\/uploads\/2022\/09\/Janod-lesena-igraca-na-vrvici-glasbilo-polz-ajatutaja-3.jpg","width":1000,"height":1000},{"@type":"BreadcrumbList","@id":"https:\/\/ajatutaja.com\/izdelek\/janod-lesena-igraca-na-vrvici-in-glasbilo-polz\/#breadcrumb","itemListElement":[{"@type":"ListItem","position":1,"name":"Home","item":"https:\/\/ajatutaja.com\/hr\/"},{"@type":"ListItem","position":2,"name":"Trgovina","item":"https:\/\/ajatutaja.com\/hr\/trgovina\/"},{"@type":"ListItem","position":3,"name":"Janod lesena igra\u010da na vrvici in glasbilo Pol\u017e"}]},{"@type":"WebSite","@id":"https:\/\/ajatutaja.com\/#website","url":"https:\/\/ajatutaja.com\/","name":"Ajatutaja","description":"Otro\u0161ka spletna trgovina AJATUTAJA","publisher":{"@id":"https:\/\/ajatutaja.com\/#organization"},"potentialAction":[{"@type":"SearchAction","target":{"@type":"EntryPoint","urlTemplate":"https:\/\/ajatutaja.com\/?s={search_term_string}"},"query-input":{"@type":"PropertyValueSpecification","valueRequired":true,"valueName":"search_term_string"}}],"inLanguage":"hr"},{"@type":"Organization","@id":"https:\/\/ajatutaja.com\/#organization","name":"Ajatutaja","url":"https:\/\/ajatutaja.com\/","logo":{"@type":"ImageObject","inLanguage":"hr","@id":"https:\/\/ajatutaja.com\/#\/schema\/logo\/image\/","url":"https:\/\/ajatutaja.com\/wp-content\/uploads\/2021\/10\/logo.png","contentUrl":"https:\/\/ajatutaja.com\/wp-content\/uploads\/2021\/10\/logo.png","width":555,"height":150,"caption":"Ajatutaja"},"image":{"@id":"https:\/\/ajatutaja.com\/#\/schema\/logo\/image\/"}}]}},"brands":[{"id":2452,"name":"Igranje","slug":"igranje"},{"id":2455,"name":"Janod","slug":"janod-igranje"}],"_links":{"self":[{"href":"https:\/\/ajatutaja.com\/hr\/wp-json\/wp\/v2\/product\/38894","targetHints":{"allow":["GET"]}}],"collection":[{"href":"https:\/\/ajatutaja.com\/hr\/wp-json\/wp\/v2\/product"}],"about":[{"href":"https:\/\/ajatutaja.com\/hr\/wp-json\/wp\/v2\/types\/product"}],"wp:featuredmedia":[{"embeddable":true,"href":"https:\/\/ajatutaja.com\/hr\/wp-json\/wp\/v2\/media\/38897"}],"wp:attachment":[{"href":"https:\/\/ajatutaja.com\/hr\/wp-json\/wp\/v2\/media?parent=38894"}],"wp:term":[{"taxonomy":"pwb-brand","embeddable":true,"href":"https:\/\/ajatutaja.com\/hr\/wp-json\/wp\/v2\/pwb-brand?post=38894"},{"taxonomy":"product_brand","embeddable":true,"href":"https:\/\/ajatutaja.com\/hr\/wp-json\/wp\/v2\/product_brand?post=38894"},{"taxonomy":"product_cat","embeddable":true,"href":"https:\/\/ajatutaja.com\/hr\/wp-json\/wp\/v2\/product_cat?post=38894"},{"taxonomy":"product_tag","embeddable":true,"href":"https:\/\/ajatutaja.com\/hr\/wp-json\/wp\/v2\/product_tag?post=38894"}],"curies":[{"name":"wp","href":"https:\/\/api.w.org\/{rel}","templated":true}]}}