{"id":38155,"date":"2024-11-23T17:13:22","date_gmt":"2024-11-23T16:13:22","guid":{"rendered":"https:\/\/ajatutaja.com\/?post_type=product&#038;p=38155"},"modified":"2024-12-11T11:23:26","modified_gmt":"2024-12-11T10:23:26","slug":"kompletek-za-novorojencka-plis-clar-sloncek","status":"publish","type":"product","link":"https:\/\/ajatutaja.com\/hr\/proizvod\/kompletek-za-novorojencka-plis-clar-sloncek\/","title":{"rendered":"Kompletek za novorojen\u010dka pli\u0161 Clar &#8211; 4 delni Slon\u010dek"},"content":{"rendered":"<p>[vc_row][vc_column][vc_column_text]Prvi kompletek za novorojen\u010dka Clar je kombinacija obla\u010dil, ki je ustvarjena za popolno udobje va\u0161ega dojen\u010dka. Mehkoba pli\u0161a in razko\u0161no vezeni motiv\u010dki o\u010darajo prav vsakega sgtar\u0161a. V prvem kompletu za novorojen\u010dka prejmete prakti\u010dno jopico z odpiranjem na prednji strani, kar omogo\u010da zares preprosto obla\u010denje dojen\u010dka, hla\u010dke s patentom, kapico in copatke. Za super udobje in mehkobo so na rokavih dodani pleteni patenti, ki jih po potrebi lahko podvihate. Hla\u010de so udobnega, spro\u0161\u010dujo\u010dega kroja ki ne ti\u0161\u010di v pasu saj smo jih opremili s \u0161irokim, mehkim pletenim pasom.<\/p>\n<p style=\"text-align: center\">Slovenski proizvod!<\/p>\n<p style=\"text-align: center\"><em>Surovinska sestava: 80% bomba\u017e, 20% poliester<\/em><\/p>\n<p>[\/vc_column_text][\/vc_column][\/vc_row]<\/p>\n","protected":false},"excerpt":{"rendered":"<p><span style=\"font-size: medium\">Mehek in topel 4 delni kompletek Clar za novorojen\u010dka je izdelan iz pli\u0161a v rumeni <\/span><span style=\"font-size: medium\"> barvi z vezenim slon\u010dkom je prijeten za no\u0161enje in nezahteven za vzdr\u017eevanje. Uporaben je tako za prihod iz porodni\u0161nice, kot vsakodnevno rabo.<\/span><\/p>\n","protected":false},"featured_media":71542,"template":"","meta":[],"pwb-brand":[2701,2696],"product_brand":[],"product_cat":[2609,2682,2688],"product_tag":[4078,4385,4306],"class_list":{"0":"post-38155","1":"product","2":"type-product","3":"status-publish","4":"has-post-thumbnail","6":"pwb-brand-clar","7":"pwb-brand-moda","8":"product_cat-moda","9":"product_cat-oblacila-za-novorojencka","10":"product_cat-otroski-kompleti","11":"product_tag-clar","12":"product_tag-jesen-zima","13":"product_tag-kaj-potrebujem-za-novorojencka","15":"first","16":"instock","17":"taxable","18":"shipping-taxable","19":"purchasable","20":"product-type-variable","21":"add-to-wishlist-before_image"},"yoast_head":"<!-- This site is optimized with the Yoast SEO plugin v27.3 - https:\/\/yoast.com\/product\/yoast-seo-wordpress\/ -->\n<title>Kompletek za novorojen\u010dka pli\u0161 Clar - 4 delni Slon\u010dek | Ajatutaja<\/title>\n<meta name=\"description\" content=\"Mehek in topel 4 delni kompletek za novorojen\u010dka iz\u00a0 pli\u0161a v rumeni barvi z vezenim slon\u010dkom je prijeten za no\u0161enje in nezahteven za vzdr\u017eevanje. Uporaben je tako za prihod iz porodni\u0161nice, kot vsakodnevno rabo.\" \/>\n<meta name=\"robots\" content=\"index, follow, max-snippet:-1, max-image-preview:large, max-video-preview:-1\" \/>\n<link rel=\"canonical\" href=\"https:\/\/ajatutaja.com\/izdelek\/kompletek-za-novorojencka-plis-clar-sloncek\/\" \/>\n<meta property=\"og:locale\" content=\"hr_HR\" \/>\n<meta property=\"og:type\" content=\"article\" \/>\n<meta property=\"og:title\" content=\"Kompletek za novorojen\u010dka pli\u0161 Clar - 4 delni Slon\u010dek | Ajatutaja\" \/>\n<meta property=\"og:description\" content=\"Mehek in topel 4 delni kompletek za novorojen\u010dka iz\u00a0 pli\u0161a v rumeni barvi z vezenim slon\u010dkom je prijeten za no\u0161enje in nezahteven za vzdr\u017eevanje. Uporaben je tako za prihod iz porodni\u0161nice, kot vsakodnevno rabo.\" \/>\n<meta property=\"og:url\" content=\"https:\/\/ajatutaja.com\/izdelek\/kompletek-za-novorojencka-plis-clar-sloncek\/\" \/>\n<meta property=\"og:site_name\" content=\"Ajatutaja\" \/>\n<meta property=\"article:modified_time\" content=\"2024-12-11T10:23:26+00:00\" \/>\n<meta property=\"og:image\" content=\"https:\/\/ajatutaja.com\/wp-content\/uploads\/2024\/08\/Kompletek-za-dojencka-clar-plis-rumena.jpg\" \/>\n\t<meta property=\"og:image:width\" content=\"1000\" \/>\n\t<meta property=\"og:image:height\" content=\"1000\" \/>\n\t<meta property=\"og:image:type\" content=\"image\/jpeg\" \/>\n<meta name=\"twitter:card\" content=\"summary_large_image\" \/>\n<meta name=\"twitter:label1\" content=\"Procijenjeno vrijeme \u010ditanja\" \/>\n\t<meta name=\"twitter:data1\" content=\"1 minuta\" \/>\n<script type=\"application\/ld+json\" class=\"yoast-schema-graph\">{\"@context\":\"https:\\\/\\\/schema.org\",\"@graph\":[{\"@type\":\"WebPage\",\"@id\":\"https:\\\/\\\/ajatutaja.com\\\/izdelek\\\/kompletek-za-novorojencka-plis-clar-sloncek\\\/\",\"url\":\"https:\\\/\\\/ajatutaja.com\\\/izdelek\\\/kompletek-za-novorojencka-plis-clar-sloncek\\\/\",\"name\":\"Kompletek za novorojen\u010dka pli\u0161 Clar - 4 delni Slon\u010dek | Ajatutaja\",\"isPartOf\":{\"@id\":\"https:\\\/\\\/ajatutaja.com\\\/#website\"},\"primaryImageOfPage\":{\"@id\":\"https:\\\/\\\/ajatutaja.com\\\/izdelek\\\/kompletek-za-novorojencka-plis-clar-sloncek\\\/#primaryimage\"},\"image\":{\"@id\":\"https:\\\/\\\/ajatutaja.com\\\/izdelek\\\/kompletek-za-novorojencka-plis-clar-sloncek\\\/#primaryimage\"},\"thumbnailUrl\":\"https:\\\/\\\/ajatutaja.com\\\/wp-content\\\/uploads\\\/2024\\\/08\\\/Kompletek-za-dojencka-clar-plis-rumena.jpg\",\"datePublished\":\"2024-11-23T16:13:22+00:00\",\"dateModified\":\"2024-12-11T10:23:26+00:00\",\"description\":\"Mehek in topel 4 delni kompletek za novorojen\u010dka iz\u00a0 pli\u0161a v rumeni barvi z vezenim slon\u010dkom je prijeten za no\u0161enje in nezahteven za vzdr\u017eevanje. Uporaben je tako za prihod iz porodni\u0161nice, kot vsakodnevno rabo.\",\"breadcrumb\":{\"@id\":\"https:\\\/\\\/ajatutaja.com\\\/izdelek\\\/kompletek-za-novorojencka-plis-clar-sloncek\\\/#breadcrumb\"},\"inLanguage\":\"hr\",\"potentialAction\":[{\"@type\":\"ReadAction\",\"target\":[\"https:\\\/\\\/ajatutaja.com\\\/izdelek\\\/kompletek-za-novorojencka-plis-clar-sloncek\\\/\"]}]},{\"@type\":\"ImageObject\",\"inLanguage\":\"hr\",\"@id\":\"https:\\\/\\\/ajatutaja.com\\\/izdelek\\\/kompletek-za-novorojencka-plis-clar-sloncek\\\/#primaryimage\",\"url\":\"https:\\\/\\\/ajatutaja.com\\\/wp-content\\\/uploads\\\/2024\\\/08\\\/Kompletek-za-dojencka-clar-plis-rumena.jpg\",\"contentUrl\":\"https:\\\/\\\/ajatutaja.com\\\/wp-content\\\/uploads\\\/2024\\\/08\\\/Kompletek-za-dojencka-clar-plis-rumena.jpg\",\"width\":1000,\"height\":1000},{\"@type\":\"BreadcrumbList\",\"@id\":\"https:\\\/\\\/ajatutaja.com\\\/izdelek\\\/kompletek-za-novorojencka-plis-clar-sloncek\\\/#breadcrumb\",\"itemListElement\":[{\"@type\":\"ListItem\",\"position\":1,\"name\":\"Home\",\"item\":\"https:\\\/\\\/ajatutaja.com\\\/hr\\\/\"},{\"@type\":\"ListItem\",\"position\":2,\"name\":\"Trgovina\",\"item\":\"https:\\\/\\\/ajatutaja.com\\\/hr\\\/trgovina\\\/\"},{\"@type\":\"ListItem\",\"position\":3,\"name\":\"Kompletek za novorojen\u010dka pli\u0161 Clar &#8211; 4 delni Slon\u010dek\"}]},{\"@type\":\"WebSite\",\"@id\":\"https:\\\/\\\/ajatutaja.com\\\/#website\",\"url\":\"https:\\\/\\\/ajatutaja.com\\\/\",\"name\":\"Ajatutaja\",\"description\":\"Otro\u0161ka spletna trgovina AJATUTAJA\",\"publisher\":{\"@id\":\"https:\\\/\\\/ajatutaja.com\\\/#organization\"},\"potentialAction\":[{\"@type\":\"SearchAction\",\"target\":{\"@type\":\"EntryPoint\",\"urlTemplate\":\"https:\\\/\\\/ajatutaja.com\\\/?s={search_term_string}\"},\"query-input\":{\"@type\":\"PropertyValueSpecification\",\"valueRequired\":true,\"valueName\":\"search_term_string\"}}],\"inLanguage\":\"hr\"},{\"@type\":\"Organization\",\"@id\":\"https:\\\/\\\/ajatutaja.com\\\/#organization\",\"name\":\"Ajatutaja\",\"url\":\"https:\\\/\\\/ajatutaja.com\\\/\",\"logo\":{\"@type\":\"ImageObject\",\"inLanguage\":\"hr\",\"@id\":\"https:\\\/\\\/ajatutaja.com\\\/#\\\/schema\\\/logo\\\/image\\\/\",\"url\":\"https:\\\/\\\/ajatutaja.com\\\/wp-content\\\/uploads\\\/2021\\\/10\\\/logo.png\",\"contentUrl\":\"https:\\\/\\\/ajatutaja.com\\\/wp-content\\\/uploads\\\/2021\\\/10\\\/logo.png\",\"width\":555,\"height\":150,\"caption\":\"Ajatutaja\"},\"image\":{\"@id\":\"https:\\\/\\\/ajatutaja.com\\\/#\\\/schema\\\/logo\\\/image\\\/\"}}]}<\/script>\n<!-- \/ Yoast SEO plugin. -->","yoast_head_json":{"title":"Kompletek za novorojen\u010dka pli\u0161 Clar - 4 delni Slon\u010dek | Ajatutaja","description":"Mehek in topel 4 delni kompletek za novorojen\u010dka iz\u00a0 pli\u0161a v rumeni barvi z vezenim slon\u010dkom je prijeten za no\u0161enje in nezahteven za vzdr\u017eevanje. Uporaben je tako za prihod iz porodni\u0161nice, kot vsakodnevno rabo.","robots":{"index":"index","follow":"follow","max-snippet":"max-snippet:-1","max-image-preview":"max-image-preview:large","max-video-preview":"max-video-preview:-1"},"canonical":"https:\/\/ajatutaja.com\/izdelek\/kompletek-za-novorojencka-plis-clar-sloncek\/","og_locale":"hr_HR","og_type":"article","og_title":"Kompletek za novorojen\u010dka pli\u0161 Clar - 4 delni Slon\u010dek | Ajatutaja","og_description":"Mehek in topel 4 delni kompletek za novorojen\u010dka iz\u00a0 pli\u0161a v rumeni barvi z vezenim slon\u010dkom je prijeten za no\u0161enje in nezahteven za vzdr\u017eevanje. Uporaben je tako za prihod iz porodni\u0161nice, kot vsakodnevno rabo.","og_url":"https:\/\/ajatutaja.com\/izdelek\/kompletek-za-novorojencka-plis-clar-sloncek\/","og_site_name":"Ajatutaja","article_modified_time":"2024-12-11T10:23:26+00:00","og_image":[{"width":1000,"height":1000,"url":"https:\/\/ajatutaja.com\/wp-content\/uploads\/2024\/08\/Kompletek-za-dojencka-clar-plis-rumena.jpg","type":"image\/jpeg"}],"twitter_card":"summary_large_image","twitter_misc":{"Procijenjeno vrijeme \u010ditanja":"1 minuta"},"schema":{"@context":"https:\/\/schema.org","@graph":[{"@type":"WebPage","@id":"https:\/\/ajatutaja.com\/izdelek\/kompletek-za-novorojencka-plis-clar-sloncek\/","url":"https:\/\/ajatutaja.com\/izdelek\/kompletek-za-novorojencka-plis-clar-sloncek\/","name":"Kompletek za novorojen\u010dka pli\u0161 Clar - 4 delni Slon\u010dek | Ajatutaja","isPartOf":{"@id":"https:\/\/ajatutaja.com\/#website"},"primaryImageOfPage":{"@id":"https:\/\/ajatutaja.com\/izdelek\/kompletek-za-novorojencka-plis-clar-sloncek\/#primaryimage"},"image":{"@id":"https:\/\/ajatutaja.com\/izdelek\/kompletek-za-novorojencka-plis-clar-sloncek\/#primaryimage"},"thumbnailUrl":"https:\/\/ajatutaja.com\/wp-content\/uploads\/2024\/08\/Kompletek-za-dojencka-clar-plis-rumena.jpg","datePublished":"2024-11-23T16:13:22+00:00","dateModified":"2024-12-11T10:23:26+00:00","description":"Mehek in topel 4 delni kompletek za novorojen\u010dka iz\u00a0 pli\u0161a v rumeni barvi z vezenim slon\u010dkom je prijeten za no\u0161enje in nezahteven za vzdr\u017eevanje. Uporaben je tako za prihod iz porodni\u0161nice, kot vsakodnevno rabo.","breadcrumb":{"@id":"https:\/\/ajatutaja.com\/izdelek\/kompletek-za-novorojencka-plis-clar-sloncek\/#breadcrumb"},"inLanguage":"hr","potentialAction":[{"@type":"ReadAction","target":["https:\/\/ajatutaja.com\/izdelek\/kompletek-za-novorojencka-plis-clar-sloncek\/"]}]},{"@type":"ImageObject","inLanguage":"hr","@id":"https:\/\/ajatutaja.com\/izdelek\/kompletek-za-novorojencka-plis-clar-sloncek\/#primaryimage","url":"https:\/\/ajatutaja.com\/wp-content\/uploads\/2024\/08\/Kompletek-za-dojencka-clar-plis-rumena.jpg","contentUrl":"https:\/\/ajatutaja.com\/wp-content\/uploads\/2024\/08\/Kompletek-za-dojencka-clar-plis-rumena.jpg","width":1000,"height":1000},{"@type":"BreadcrumbList","@id":"https:\/\/ajatutaja.com\/izdelek\/kompletek-za-novorojencka-plis-clar-sloncek\/#breadcrumb","itemListElement":[{"@type":"ListItem","position":1,"name":"Home","item":"https:\/\/ajatutaja.com\/hr\/"},{"@type":"ListItem","position":2,"name":"Trgovina","item":"https:\/\/ajatutaja.com\/hr\/trgovina\/"},{"@type":"ListItem","position":3,"name":"Kompletek za novorojen\u010dka pli\u0161 Clar &#8211; 4 delni Slon\u010dek"}]},{"@type":"WebSite","@id":"https:\/\/ajatutaja.com\/#website","url":"https:\/\/ajatutaja.com\/","name":"Ajatutaja","description":"Otro\u0161ka spletna trgovina AJATUTAJA","publisher":{"@id":"https:\/\/ajatutaja.com\/#organization"},"potentialAction":[{"@type":"SearchAction","target":{"@type":"EntryPoint","urlTemplate":"https:\/\/ajatutaja.com\/?s={search_term_string}"},"query-input":{"@type":"PropertyValueSpecification","valueRequired":true,"valueName":"search_term_string"}}],"inLanguage":"hr"},{"@type":"Organization","@id":"https:\/\/ajatutaja.com\/#organization","name":"Ajatutaja","url":"https:\/\/ajatutaja.com\/","logo":{"@type":"ImageObject","inLanguage":"hr","@id":"https:\/\/ajatutaja.com\/#\/schema\/logo\/image\/","url":"https:\/\/ajatutaja.com\/wp-content\/uploads\/2021\/10\/logo.png","contentUrl":"https:\/\/ajatutaja.com\/wp-content\/uploads\/2021\/10\/logo.png","width":555,"height":150,"caption":"Ajatutaja"},"image":{"@id":"https:\/\/ajatutaja.com\/#\/schema\/logo\/image\/"}}]}},"brands":[{"id":2701,"name":"Clar","slug":"clar"},{"id":2696,"name":"Moda","slug":"moda"}],"_links":{"self":[{"href":"https:\/\/ajatutaja.com\/hr\/wp-json\/wp\/v2\/product\/38155","targetHints":{"allow":["GET"]}}],"collection":[{"href":"https:\/\/ajatutaja.com\/hr\/wp-json\/wp\/v2\/product"}],"about":[{"href":"https:\/\/ajatutaja.com\/hr\/wp-json\/wp\/v2\/types\/product"}],"wp:featuredmedia":[{"embeddable":true,"href":"https:\/\/ajatutaja.com\/hr\/wp-json\/wp\/v2\/media\/71542"}],"wp:attachment":[{"href":"https:\/\/ajatutaja.com\/hr\/wp-json\/wp\/v2\/media?parent=38155"}],"wp:term":[{"taxonomy":"pwb-brand","embeddable":true,"href":"https:\/\/ajatutaja.com\/hr\/wp-json\/wp\/v2\/pwb-brand?post=38155"},{"taxonomy":"product_brand","embeddable":true,"href":"https:\/\/ajatutaja.com\/hr\/wp-json\/wp\/v2\/product_brand?post=38155"},{"taxonomy":"product_cat","embeddable":true,"href":"https:\/\/ajatutaja.com\/hr\/wp-json\/wp\/v2\/product_cat?post=38155"},{"taxonomy":"product_tag","embeddable":true,"href":"https:\/\/ajatutaja.com\/hr\/wp-json\/wp\/v2\/product_tag?post=38155"}],"curies":[{"name":"wp","href":"https:\/\/api.w.org\/{rel}","templated":true}]}}