{"id":37984,"date":"2022-08-18T20:25:13","date_gmt":"2022-08-18T18:25:13","guid":{"rendered":"https:\/\/ajatutaja.com\/?post_type=product&#038;p=37984"},"modified":"2025-08-31T07:47:14","modified_gmt":"2025-08-31T05:47:14","slug":"avtosedez-besafe-stretch-61-125-cm-peak-mesh","status":"publish","type":"product","link":"https:\/\/ajatutaja.com\/hr\/proizvod\/avtosedez-besafe-stretch-61-125-cm-peak-mesh\/","title":{"rendered":"Avtosede\u017e BeSafe Stretch (61-125 cm) &#8211; Peak Mesh"},"content":{"rendered":"<p>[vc_row][vc_column][vc_column_text]BeSafe Stretch je izredno prilagodljiv otro\u0161ki avtosede\u017e, ki zraste z va\u0161im otrokom od 61 do 125 cm vi\u0161ine in 36 kg te\u017ee. Njegova edinstvena lastnost je\u00a0 izredno prilagodljiv prostor za noge, ki se razteza do 26 cm in omogo\u010da 5-krat varnej\u0161o vo\u017enjo v avtomobilu, kjer je mal\u010dek obrnjen v nasprotni smeri vo\u017enje.<\/p>\n<h3>Edinstven varnostni koncept<\/h3>\n<p>Edinstven zunanji okvir sede\u017ea bo resni\u010dno vzdr\u017eal sile \u010delnega trka. Poleg tega ima sede\u017ena \u0161koljka zelo togo konstrukcijo, ki bo poskrbela, da bo va\u0161 otrok v primeru trka ostal v stabilnem polo\u017eaju.<\/p>\n<p>BeSafe Stretch je prestal najte\u017eji test trka na svetu &#8211; \u0161vedski plus test in je bil odobren po najnovej\u0161i uredbi UN R129. Njegova toga lupina, ki temelji na edinstvenem zunanjem okvirju, u\u010dinkovito absorbira sile \u010delnega trka, medtem ko Dynamic Force Absorber\u2122 v predelu vzglavnika in dodatek za bo\u010dno za\u0161\u010dito SIP+ zagotavljata odli\u010dno varnost s strani.<\/p>\n<p>Poleg vrhunske varnosti BeSafe Stretch ponuja tudi odli\u010dno udobje za odra\u0161\u010dajo\u010de male potnike. Ima veliko sede\u017eno povr\u0161ino s 5 polo\u017eaji naslona, \u200b\u200b10-stopenjski nastavljiv naslon za glavo in veliko prostora za noge. Njegove Two-Fit Cushions\u2122 lahko individualno prilagodite va\u0161emu otroku. Sede\u017e ima mehko oblazinjene 5-to\u010dkovne varnostne pasove s pomo\u010djo Magnetic Belt Assistants\u2122, ki olaj\u0161ajo vstopanje in izstopanje iz sede\u017ea.<\/p>\n<p>Besafe Stretch omogo\u010da pripenjanje otroka s pomo\u010djo 3-to\u010dkovnega varnostnega avtomobilskega pasu, zaradi \u010desar ga lahko pritrdite v kateri koli avtomobil na kateri koli sede\u017e. Ne glede na to, ali je sprednji ali srednji zadnji. Stretch ima vle\u010dne spodnje priveze in enostaven mehanizem za zaklepanje in napenjanje, ki bo poskrbel, da je sede\u017e pravilno name\u0161\u010den v va\u0161em vozilu. Mo\u010dna podporna noga ohranja sede\u017e v stabilnem polo\u017eaju v primeru udarca.<\/p>\n<p>BeSafe Stretch je izdelan iz visokokakovostnih tkanin, zaradi \u010desar sede\u017e vzdr\u017ei preizkus \u010dasa vse do pribli\u017eno 15 let!<\/p>\n<h3>Fleksibilna in enostavna namestitev avtosede\u017ea brez IsoFixa<\/h3>\n<p>Avtosede\u017e se pripenja z varnostnim pasom, kar omogo\u010da namestitev na katerikoli sede\u017e v avtomobilu, tudi na sovoznikov in na srednji sede\u017e zadnje klopi. Zahvaljujo\u010d pametnim re\u0161itvam je pritrditev s pasom zelo intuitivna in sede\u017e je najla\u017eji na trgu.<\/p>\n<p>BeSafe Stretch je avtosede\u017e, ki bo ustrezal vsaki dru\u017eini. Niste odvisni od ISOfixa v va\u0161em avtomobilu ali katerem koli drugem avtomobilu, v katerem bi uporabljali sede\u017e. Postavitev sede\u017ea z avtomobilskim varnostnim pasom je zelo enostavna in hitra. In nenazadnje je sede\u017e neverjetno prilagodljiv, kar pomeni, da ga lahko prilagajate, ko va\u0161 otrok raste in vse do 125 cm in 36 kg. Ta omejitev najve\u010dje te\u017ee pomeni, da va\u0161 otrok nikakor ne bo prerasel sede\u017ea po te\u017ei, preden dose\u017ee 125 cm.<\/p>\n<h3>Lastnosti avtosede\u017ea BeSafe Stretch:<\/h3>\n<ul>\n<li>Revolucionarni varnostni koncept z zunanjim okvirjem, ki varuje va\u0161ega otroka vse do 36 kg in 125 cm<\/li>\n<li>Prestal najte\u017eji test trka na svetu: Plus Test<\/li>\n<li>Materiali in konstrukcija \u0161koljke sede\u017ea, ki absorbira udarce<\/li>\n<li>Dodatna SIP + za\u0161\u010dita pred bo\u010dnimi udarci, ki se enostavno namesti na bo\u010dno stran sede\u017ea<\/li>\n<li>Za\u0161\u010diten in mehak vzglavnik z inovativnim Dynamic Force Absorber\u2122<\/li>\n<li>Odobren po najnovej\u0161i uredbi UN R129<\/li>\n<li>Otrokom omogo\u010da, da vedno potujejo 5-krat varneje obrnjeni nasprotno od smeri vo\u017enje do pribli\u017eno 7 let starosti<\/li>\n<\/ul>\n<h3>Najsodobnej\u0161a funkcionalnost za enostavno vsakodnevno uporabo<\/h3>\n<ul>\n<li>Namestitev z varnostnim pasom omogo\u010da namestitev sede\u017ea kjerkoli v avtomobilu*<\/li>\n<li>Zategovanje spodnjih privez omogo\u010da enostavno pravilno namestitev<\/li>\n<li>Mehanizem za enostavno zaklepanje in napenjanje omogo\u010da pravilno in trdno namestitev<\/li>\n<li>Magnetic Belt Assistants\u2122, magneti na sede\u017eu in pasovih, olaj\u0161ajo vstopanje in izstopanje iz sede\u017ea<\/li>\n<li>Enostavna nastavitev vzglavnika, pasov in prostora za noge<\/li>\n<li style=\"list-style-type: none\"><\/li>\n<\/ul>\n<h3>Izredno udobje v vseh starostnih skupinah<\/h3>\n<ul>\n<li>Izjemno udobje s 5 polo\u017eaji naslona<\/li>\n<li>Naslon za glavo nastavljiv v 10 korakih za rast z otrokom<\/li>\n<li>Prostor za noge zraste z otrokom, vse do 26 cm<\/li>\n<li>Prostorna \u0161koljka sede\u017ea zagotavlja svobodo gibanja, medtem ko je otrok zavarovan<\/li>\n<li>Visokokakovostni materiali<\/li>\n<li>Two-Fit Cushions\u2122 podporne blazinice za individualno prilagajanje otroku<\/li>\n<\/ul>\n<h3>Tehni\u010dne lastnosti:<\/h3>\n<ul>\n<li>Te\u017ea avtosede\u017ea: 10kg<\/li>\n<li>Namestitev avtosede\u017ea s pomo\u010djo avtomobilskih pasov<\/li>\n<li>Vzvratna vo\u017enja od 6 meseca do pribli\u017eno 7 leta starosti otroka<\/li>\n<\/ul>\n<p><em>POMEMBNO! Vedno preverite uporabni\u0161ki priro\u010dnik in polo\u017eaje, ki jih predlaga za nastavitev avtomobilskega sede\u017ea. In vedno ne pozabite izklopiti AirBag oz.sprednjih zra\u010dnih blazin.<\/em><\/p>\n<p>[\/vc_column_text][\/vc_column][\/vc_row]<\/p>\n","protected":false},"excerpt":{"rendered":"<p>BeSafe Stretch z zra\u010dno 3d tkanino Peak mesh,\u00a0 je inovativen otro\u0161ki avtosede\u017e, ki zagotavlja 5-krat varnej\u0161o in super udobno potovanje v nasprotni smeri vo\u017enje pri otrocih od 6 meseca pa do celo 7 leta starosti!<\/p>\n<p>Avtosede\u017e Stretch je prestal rigorozen Swedish Plus Test in varnostne standarde UN R129.<\/p>\n","protected":false},"featured_media":37985,"template":"","meta":[],"pwb-brand":[2351,2352],"product_brand":[],"product_cat":[2339,2344],"product_tag":[4117,4553,4967],"class_list":{"0":"post-37984","1":"product","2":"type-product","3":"status-publish","4":"has-post-thumbnail","6":"pwb-brand-avtosedezi","7":"pwb-brand-besafe","8":"product_cat-avtosedezi","9":"product_cat-skupina-1-2-3-9-36-kg","10":"product_tag-besafe","11":"product_tag-mesh-3d","12":"product_tag-besafe-stretch","14":"first","15":"onbackorder","16":"taxable","17":"shipping-taxable","18":"purchasable","19":"product-type-simple","20":"add-to-wishlist-before_image"},"yoast_head":"<!-- This site is optimized with the Yoast SEO plugin v27.3 - https:\/\/yoast.com\/product\/yoast-seo-wordpress\/ -->\n<title>Avtosede\u017e BeSafe Stretch (61-125 cm) - Peak Mesh | Ajatutaja<\/title>\n<meta name=\"description\" content=\"BeSafe Stretch je inovativen otro\u0161ki avtosede\u017e, ki zagotavlja 5-krat varnej\u0161o in super udobno potovanje v nasprotni smeri vo\u017enje pri otrocih od 6 meseca pa do celo 7 let starosti! Avtosede\u017e Stretch jje prestal Swedish Plus Test in varnostne standarde UN R129.\" \/>\n<meta name=\"robots\" content=\"index, follow, max-snippet:-1, max-image-preview:large, max-video-preview:-1\" \/>\n<link rel=\"canonical\" href=\"https:\/\/ajatutaja.com\/izdelek\/avtosedez-besafe-stretch-61-125-cm-peak-mesh\/\" \/>\n<meta property=\"og:locale\" content=\"hr_HR\" \/>\n<meta property=\"og:type\" content=\"article\" \/>\n<meta property=\"og:title\" content=\"Avtosede\u017e BeSafe Stretch (61-125 cm) - Peak Mesh | Ajatutaja\" \/>\n<meta property=\"og:description\" content=\"BeSafe Stretch je inovativen otro\u0161ki avtosede\u017e, ki zagotavlja 5-krat varnej\u0161o in super udobno potovanje v nasprotni smeri vo\u017enje pri otrocih od 6 meseca pa do celo 7 let starosti! Avtosede\u017e Stretch jje prestal Swedish Plus Test in varnostne standarde UN R129.\" \/>\n<meta property=\"og:url\" content=\"https:\/\/ajatutaja.com\/izdelek\/avtosedez-besafe-stretch-61-125-cm-peak-mesh\/\" \/>\n<meta property=\"og:site_name\" content=\"Ajatutaja\" \/>\n<meta property=\"article:modified_time\" content=\"2025-08-31T05:47:14+00:00\" \/>\n<meta property=\"og:image\" content=\"https:\/\/ajatutaja.com\/wp-content\/uploads\/2022\/08\/Otroski-avtosedez-besafe-stretch-ajatutaja-peak-mesh-1.jpg\" \/>\n\t<meta property=\"og:image:width\" content=\"800\" \/>\n\t<meta property=\"og:image:height\" content=\"800\" \/>\n\t<meta property=\"og:image:type\" content=\"image\/jpeg\" \/>\n<meta name=\"twitter:card\" content=\"summary_large_image\" \/>\n<meta name=\"twitter:label1\" content=\"Procijenjeno vrijeme \u010ditanja\" \/>\n\t<meta name=\"twitter:data1\" content=\"4 minute\" \/>\n<script type=\"application\/ld+json\" class=\"yoast-schema-graph\">{\"@context\":\"https:\\\/\\\/schema.org\",\"@graph\":[{\"@type\":\"WebPage\",\"@id\":\"https:\\\/\\\/ajatutaja.com\\\/izdelek\\\/avtosedez-besafe-stretch-61-125-cm-peak-mesh\\\/\",\"url\":\"https:\\\/\\\/ajatutaja.com\\\/izdelek\\\/avtosedez-besafe-stretch-61-125-cm-peak-mesh\\\/\",\"name\":\"Avtosede\u017e BeSafe Stretch (61-125 cm) - Peak Mesh | Ajatutaja\",\"isPartOf\":{\"@id\":\"https:\\\/\\\/ajatutaja.com\\\/#website\"},\"primaryImageOfPage\":{\"@id\":\"https:\\\/\\\/ajatutaja.com\\\/izdelek\\\/avtosedez-besafe-stretch-61-125-cm-peak-mesh\\\/#primaryimage\"},\"image\":{\"@id\":\"https:\\\/\\\/ajatutaja.com\\\/izdelek\\\/avtosedez-besafe-stretch-61-125-cm-peak-mesh\\\/#primaryimage\"},\"thumbnailUrl\":\"https:\\\/\\\/ajatutaja.com\\\/wp-content\\\/uploads\\\/2022\\\/08\\\/Otroski-avtosedez-besafe-stretch-ajatutaja-peak-mesh-1.jpg\",\"datePublished\":\"2022-08-18T18:25:13+00:00\",\"dateModified\":\"2025-08-31T05:47:14+00:00\",\"description\":\"BeSafe Stretch je inovativen otro\u0161ki avtosede\u017e, ki zagotavlja 5-krat varnej\u0161o in super udobno potovanje v nasprotni smeri vo\u017enje pri otrocih od 6 meseca pa do celo 7 let starosti! Avtosede\u017e Stretch jje prestal Swedish Plus Test in varnostne standarde UN R129.\",\"breadcrumb\":{\"@id\":\"https:\\\/\\\/ajatutaja.com\\\/izdelek\\\/avtosedez-besafe-stretch-61-125-cm-peak-mesh\\\/#breadcrumb\"},\"inLanguage\":\"hr\",\"potentialAction\":[{\"@type\":\"ReadAction\",\"target\":[\"https:\\\/\\\/ajatutaja.com\\\/izdelek\\\/avtosedez-besafe-stretch-61-125-cm-peak-mesh\\\/\"]}]},{\"@type\":\"ImageObject\",\"inLanguage\":\"hr\",\"@id\":\"https:\\\/\\\/ajatutaja.com\\\/izdelek\\\/avtosedez-besafe-stretch-61-125-cm-peak-mesh\\\/#primaryimage\",\"url\":\"https:\\\/\\\/ajatutaja.com\\\/wp-content\\\/uploads\\\/2022\\\/08\\\/Otroski-avtosedez-besafe-stretch-ajatutaja-peak-mesh-1.jpg\",\"contentUrl\":\"https:\\\/\\\/ajatutaja.com\\\/wp-content\\\/uploads\\\/2022\\\/08\\\/Otroski-avtosedez-besafe-stretch-ajatutaja-peak-mesh-1.jpg\",\"width\":800,\"height\":800},{\"@type\":\"BreadcrumbList\",\"@id\":\"https:\\\/\\\/ajatutaja.com\\\/izdelek\\\/avtosedez-besafe-stretch-61-125-cm-peak-mesh\\\/#breadcrumb\",\"itemListElement\":[{\"@type\":\"ListItem\",\"position\":1,\"name\":\"Home\",\"item\":\"https:\\\/\\\/ajatutaja.com\\\/hr\\\/\"},{\"@type\":\"ListItem\",\"position\":2,\"name\":\"Trgovina\",\"item\":\"https:\\\/\\\/ajatutaja.com\\\/hr\\\/trgovina\\\/\"},{\"@type\":\"ListItem\",\"position\":3,\"name\":\"Avtosede\u017e BeSafe Stretch (61-125 cm) &#8211; Peak Mesh\"}]},{\"@type\":\"WebSite\",\"@id\":\"https:\\\/\\\/ajatutaja.com\\\/#website\",\"url\":\"https:\\\/\\\/ajatutaja.com\\\/\",\"name\":\"Ajatutaja\",\"description\":\"Otro\u0161ka spletna trgovina AJATUTAJA\",\"publisher\":{\"@id\":\"https:\\\/\\\/ajatutaja.com\\\/#organization\"},\"potentialAction\":[{\"@type\":\"SearchAction\",\"target\":{\"@type\":\"EntryPoint\",\"urlTemplate\":\"https:\\\/\\\/ajatutaja.com\\\/?s={search_term_string}\"},\"query-input\":{\"@type\":\"PropertyValueSpecification\",\"valueRequired\":true,\"valueName\":\"search_term_string\"}}],\"inLanguage\":\"hr\"},{\"@type\":\"Organization\",\"@id\":\"https:\\\/\\\/ajatutaja.com\\\/#organization\",\"name\":\"Ajatutaja\",\"url\":\"https:\\\/\\\/ajatutaja.com\\\/\",\"logo\":{\"@type\":\"ImageObject\",\"inLanguage\":\"hr\",\"@id\":\"https:\\\/\\\/ajatutaja.com\\\/#\\\/schema\\\/logo\\\/image\\\/\",\"url\":\"https:\\\/\\\/ajatutaja.com\\\/wp-content\\\/uploads\\\/2021\\\/10\\\/logo.png\",\"contentUrl\":\"https:\\\/\\\/ajatutaja.com\\\/wp-content\\\/uploads\\\/2021\\\/10\\\/logo.png\",\"width\":555,\"height\":150,\"caption\":\"Ajatutaja\"},\"image\":{\"@id\":\"https:\\\/\\\/ajatutaja.com\\\/#\\\/schema\\\/logo\\\/image\\\/\"}}]}<\/script>\n<!-- \/ Yoast SEO plugin. -->","yoast_head_json":{"title":"Avtosede\u017e BeSafe Stretch (61-125 cm) - Peak Mesh | Ajatutaja","description":"BeSafe Stretch je inovativen otro\u0161ki avtosede\u017e, ki zagotavlja 5-krat varnej\u0161o in super udobno potovanje v nasprotni smeri vo\u017enje pri otrocih od 6 meseca pa do celo 7 let starosti! Avtosede\u017e Stretch jje prestal Swedish Plus Test in varnostne standarde UN R129.","robots":{"index":"index","follow":"follow","max-snippet":"max-snippet:-1","max-image-preview":"max-image-preview:large","max-video-preview":"max-video-preview:-1"},"canonical":"https:\/\/ajatutaja.com\/izdelek\/avtosedez-besafe-stretch-61-125-cm-peak-mesh\/","og_locale":"hr_HR","og_type":"article","og_title":"Avtosede\u017e BeSafe Stretch (61-125 cm) - Peak Mesh | Ajatutaja","og_description":"BeSafe Stretch je inovativen otro\u0161ki avtosede\u017e, ki zagotavlja 5-krat varnej\u0161o in super udobno potovanje v nasprotni smeri vo\u017enje pri otrocih od 6 meseca pa do celo 7 let starosti! Avtosede\u017e Stretch jje prestal Swedish Plus Test in varnostne standarde UN R129.","og_url":"https:\/\/ajatutaja.com\/izdelek\/avtosedez-besafe-stretch-61-125-cm-peak-mesh\/","og_site_name":"Ajatutaja","article_modified_time":"2025-08-31T05:47:14+00:00","og_image":[{"width":800,"height":800,"url":"https:\/\/ajatutaja.com\/wp-content\/uploads\/2022\/08\/Otroski-avtosedez-besafe-stretch-ajatutaja-peak-mesh-1.jpg","type":"image\/jpeg"}],"twitter_card":"summary_large_image","twitter_misc":{"Procijenjeno vrijeme \u010ditanja":"4 minute"},"schema":{"@context":"https:\/\/schema.org","@graph":[{"@type":"WebPage","@id":"https:\/\/ajatutaja.com\/izdelek\/avtosedez-besafe-stretch-61-125-cm-peak-mesh\/","url":"https:\/\/ajatutaja.com\/izdelek\/avtosedez-besafe-stretch-61-125-cm-peak-mesh\/","name":"Avtosede\u017e BeSafe Stretch (61-125 cm) - Peak Mesh | Ajatutaja","isPartOf":{"@id":"https:\/\/ajatutaja.com\/#website"},"primaryImageOfPage":{"@id":"https:\/\/ajatutaja.com\/izdelek\/avtosedez-besafe-stretch-61-125-cm-peak-mesh\/#primaryimage"},"image":{"@id":"https:\/\/ajatutaja.com\/izdelek\/avtosedez-besafe-stretch-61-125-cm-peak-mesh\/#primaryimage"},"thumbnailUrl":"https:\/\/ajatutaja.com\/wp-content\/uploads\/2022\/08\/Otroski-avtosedez-besafe-stretch-ajatutaja-peak-mesh-1.jpg","datePublished":"2022-08-18T18:25:13+00:00","dateModified":"2025-08-31T05:47:14+00:00","description":"BeSafe Stretch je inovativen otro\u0161ki avtosede\u017e, ki zagotavlja 5-krat varnej\u0161o in super udobno potovanje v nasprotni smeri vo\u017enje pri otrocih od 6 meseca pa do celo 7 let starosti! Avtosede\u017e Stretch jje prestal Swedish Plus Test in varnostne standarde UN R129.","breadcrumb":{"@id":"https:\/\/ajatutaja.com\/izdelek\/avtosedez-besafe-stretch-61-125-cm-peak-mesh\/#breadcrumb"},"inLanguage":"hr","potentialAction":[{"@type":"ReadAction","target":["https:\/\/ajatutaja.com\/izdelek\/avtosedez-besafe-stretch-61-125-cm-peak-mesh\/"]}]},{"@type":"ImageObject","inLanguage":"hr","@id":"https:\/\/ajatutaja.com\/izdelek\/avtosedez-besafe-stretch-61-125-cm-peak-mesh\/#primaryimage","url":"https:\/\/ajatutaja.com\/wp-content\/uploads\/2022\/08\/Otroski-avtosedez-besafe-stretch-ajatutaja-peak-mesh-1.jpg","contentUrl":"https:\/\/ajatutaja.com\/wp-content\/uploads\/2022\/08\/Otroski-avtosedez-besafe-stretch-ajatutaja-peak-mesh-1.jpg","width":800,"height":800},{"@type":"BreadcrumbList","@id":"https:\/\/ajatutaja.com\/izdelek\/avtosedez-besafe-stretch-61-125-cm-peak-mesh\/#breadcrumb","itemListElement":[{"@type":"ListItem","position":1,"name":"Home","item":"https:\/\/ajatutaja.com\/hr\/"},{"@type":"ListItem","position":2,"name":"Trgovina","item":"https:\/\/ajatutaja.com\/hr\/trgovina\/"},{"@type":"ListItem","position":3,"name":"Avtosede\u017e BeSafe Stretch (61-125 cm) &#8211; Peak Mesh"}]},{"@type":"WebSite","@id":"https:\/\/ajatutaja.com\/#website","url":"https:\/\/ajatutaja.com\/","name":"Ajatutaja","description":"Otro\u0161ka spletna trgovina AJATUTAJA","publisher":{"@id":"https:\/\/ajatutaja.com\/#organization"},"potentialAction":[{"@type":"SearchAction","target":{"@type":"EntryPoint","urlTemplate":"https:\/\/ajatutaja.com\/?s={search_term_string}"},"query-input":{"@type":"PropertyValueSpecification","valueRequired":true,"valueName":"search_term_string"}}],"inLanguage":"hr"},{"@type":"Organization","@id":"https:\/\/ajatutaja.com\/#organization","name":"Ajatutaja","url":"https:\/\/ajatutaja.com\/","logo":{"@type":"ImageObject","inLanguage":"hr","@id":"https:\/\/ajatutaja.com\/#\/schema\/logo\/image\/","url":"https:\/\/ajatutaja.com\/wp-content\/uploads\/2021\/10\/logo.png","contentUrl":"https:\/\/ajatutaja.com\/wp-content\/uploads\/2021\/10\/logo.png","width":555,"height":150,"caption":"Ajatutaja"},"image":{"@id":"https:\/\/ajatutaja.com\/#\/schema\/logo\/image\/"}}]}},"brands":[{"id":2351,"name":"Avtosede\u017ei","slug":"avtosedezi"},{"id":2352,"name":"BeSafe","slug":"besafe"}],"_links":{"self":[{"href":"https:\/\/ajatutaja.com\/hr\/wp-json\/wp\/v2\/product\/37984","targetHints":{"allow":["GET"]}}],"collection":[{"href":"https:\/\/ajatutaja.com\/hr\/wp-json\/wp\/v2\/product"}],"about":[{"href":"https:\/\/ajatutaja.com\/hr\/wp-json\/wp\/v2\/types\/product"}],"wp:featuredmedia":[{"embeddable":true,"href":"https:\/\/ajatutaja.com\/hr\/wp-json\/wp\/v2\/media\/37985"}],"wp:attachment":[{"href":"https:\/\/ajatutaja.com\/hr\/wp-json\/wp\/v2\/media?parent=37984"}],"wp:term":[{"taxonomy":"pwb-brand","embeddable":true,"href":"https:\/\/ajatutaja.com\/hr\/wp-json\/wp\/v2\/pwb-brand?post=37984"},{"taxonomy":"product_brand","embeddable":true,"href":"https:\/\/ajatutaja.com\/hr\/wp-json\/wp\/v2\/product_brand?post=37984"},{"taxonomy":"product_cat","embeddable":true,"href":"https:\/\/ajatutaja.com\/hr\/wp-json\/wp\/v2\/product_cat?post=37984"},{"taxonomy":"product_tag","embeddable":true,"href":"https:\/\/ajatutaja.com\/hr\/wp-json\/wp\/v2\/product_tag?post=37984"}],"curies":[{"name":"wp","href":"https:\/\/api.w.org\/{rel}","templated":true}]}}