{"id":37798,"date":"2022-08-14T16:19:49","date_gmt":"2022-08-14T14:19:49","guid":{"rendered":"https:\/\/ajatutaja.com\/?post_type=product&#038;p=37798"},"modified":"2023-08-03T17:41:05","modified_gmt":"2023-08-03T15:41:05","slug":"otroski-nahrbtnik-a-little-lovely-c-savannah","status":"publish","type":"product","link":"https:\/\/ajatutaja.com\/hr\/proizvod\/otroski-nahrbtnik-a-little-lovely-c-savannah\/","title":{"rendered":"Otro\u0161ki nahrbtnik A Little Lovely C. &#8211; Savannah"},"content":{"rendered":"<p>[vc_row][vc_column][vc_column_text]<strong>Lastnosti otro\u0161kega nahrbtnika A Little Lovely Company:<br \/>\n<\/strong><\/p>\n<ul>\n<li>Mere: 23,5 x 30 x 10 cm<\/li>\n<li>Material: 100 % poliester<\/li>\n<li>Primeren za otroke od 1 leta starosti dalje<\/li>\n<li>Volumen: 7l<\/li>\n<li>Nega: Priporo\u010damo ro\u010dno pranje<\/li>\n<\/ul>\n<p>[\/vc_column_text][\/vc_column][\/vc_row]<\/p>\n","protected":false},"excerpt":{"rendered":"<p>Prikupen otro\u0161ki nahrbtnik A Little Lovely C. je idealna izbira za vrtec in prosti \u010das. Ima tudi prednji \u017eepek, ki se odpira na zadrgo. Notranjost pa je dovolj prostorna za shranjevanje rezervnih obla\u010dil, prigrizkov in pija\u010dke. Dodatni \u010dezprsni paski poskrbijo, da naramnice ne lezejo \u010dez ramena.<\/p>\n","protected":false},"featured_media":37793,"template":"","meta":[],"pwb-brand":[2621,2409],"product_brand":[],"product_cat":[2400,2361],"product_tag":[4112,4394,4318],"class_list":{"0":"post-37798","1":"product","2":"type-product","3":"status-publish","4":"has-post-thumbnail","6":"pwb-brand-a-little-lovely-company","7":"pwb-brand-potepanje","8":"product_cat-otroski-nahrbtniki","9":"product_cat-potepanje","10":"product_tag-a-little-lovely-company","11":"product_tag-nahrbtnik-za-vrtec","12":"product_tag-vrtec","14":"first","15":"instock","16":"taxable","17":"shipping-taxable","18":"purchasable","19":"product-type-simple","20":"add-to-wishlist-before_image"},"yoast_head":"<!-- This site is optimized with the Yoast SEO plugin v27.3 - https:\/\/yoast.com\/product\/yoast-seo-wordpress\/ -->\n<title>Otro\u0161ki nahrbtnik A Little Lovely C. - Savannah | Ajatutaja<\/title>\n<meta name=\"description\" content=\"Prikupen otro\u0161ki nahrbtnik A Little Lovely C. je idealna izbira za vrtec in prosti \u010das. Dodatni \u010dezprsni paski poskrbijo, da naramnice ne lezejo \u010dez ramena.\" \/>\n<meta name=\"robots\" content=\"index, follow, max-snippet:-1, max-image-preview:large, max-video-preview:-1\" \/>\n<link rel=\"canonical\" href=\"https:\/\/ajatutaja.com\/izdelek\/otroski-nahrbtnik-a-little-lovely-c-savannah\/\" \/>\n<meta property=\"og:locale\" content=\"hr_HR\" \/>\n<meta property=\"og:type\" content=\"article\" \/>\n<meta property=\"og:title\" content=\"Otro\u0161ki nahrbtnik A Little Lovely C. - Savannah | Ajatutaja\" \/>\n<meta property=\"og:description\" content=\"Prikupen otro\u0161ki nahrbtnik A Little Lovely C. je idealna izbira za vrtec in prosti \u010das. Dodatni \u010dezprsni paski poskrbijo, da naramnice ne lezejo \u010dez ramena.\" \/>\n<meta property=\"og:url\" content=\"https:\/\/ajatutaja.com\/izdelek\/otroski-nahrbtnik-a-little-lovely-c-savannah\/\" \/>\n<meta property=\"og:site_name\" content=\"Ajatutaja\" \/>\n<meta property=\"article:modified_time\" content=\"2023-08-03T15:41:05+00:00\" \/>\n<meta property=\"og:image\" content=\"https:\/\/ajatutaja.com\/wp-content\/uploads\/2022\/08\/a-little-lovely-company-mini-otroski-nahrbtnik-savanah-ajatutaja-0.jpg\" \/>\n\t<meta property=\"og:image:width\" content=\"1200\" \/>\n\t<meta property=\"og:image:height\" content=\"1000\" \/>\n\t<meta property=\"og:image:type\" content=\"image\/jpeg\" \/>\n<meta name=\"twitter:card\" content=\"summary_large_image\" \/>\n<script type=\"application\/ld+json\" class=\"yoast-schema-graph\">{\"@context\":\"https:\\\/\\\/schema.org\",\"@graph\":[{\"@type\":\"WebPage\",\"@id\":\"https:\\\/\\\/ajatutaja.com\\\/izdelek\\\/otroski-nahrbtnik-a-little-lovely-c-savannah\\\/\",\"url\":\"https:\\\/\\\/ajatutaja.com\\\/izdelek\\\/otroski-nahrbtnik-a-little-lovely-c-savannah\\\/\",\"name\":\"Otro\u0161ki nahrbtnik A Little Lovely C. - Savannah | Ajatutaja\",\"isPartOf\":{\"@id\":\"https:\\\/\\\/ajatutaja.com\\\/#website\"},\"primaryImageOfPage\":{\"@id\":\"https:\\\/\\\/ajatutaja.com\\\/izdelek\\\/otroski-nahrbtnik-a-little-lovely-c-savannah\\\/#primaryimage\"},\"image\":{\"@id\":\"https:\\\/\\\/ajatutaja.com\\\/izdelek\\\/otroski-nahrbtnik-a-little-lovely-c-savannah\\\/#primaryimage\"},\"thumbnailUrl\":\"https:\\\/\\\/ajatutaja.com\\\/wp-content\\\/uploads\\\/2022\\\/08\\\/a-little-lovely-company-mini-otroski-nahrbtnik-savanah-ajatutaja-0.jpg\",\"datePublished\":\"2022-08-14T14:19:49+00:00\",\"dateModified\":\"2023-08-03T15:41:05+00:00\",\"description\":\"Prikupen otro\u0161ki nahrbtnik A Little Lovely C. je idealna izbira za vrtec in prosti \u010das. Dodatni \u010dezprsni paski poskrbijo, da naramnice ne lezejo \u010dez ramena.\",\"breadcrumb\":{\"@id\":\"https:\\\/\\\/ajatutaja.com\\\/izdelek\\\/otroski-nahrbtnik-a-little-lovely-c-savannah\\\/#breadcrumb\"},\"inLanguage\":\"hr\",\"potentialAction\":[{\"@type\":\"ReadAction\",\"target\":[\"https:\\\/\\\/ajatutaja.com\\\/izdelek\\\/otroski-nahrbtnik-a-little-lovely-c-savannah\\\/\"]}]},{\"@type\":\"ImageObject\",\"inLanguage\":\"hr\",\"@id\":\"https:\\\/\\\/ajatutaja.com\\\/izdelek\\\/otroski-nahrbtnik-a-little-lovely-c-savannah\\\/#primaryimage\",\"url\":\"https:\\\/\\\/ajatutaja.com\\\/wp-content\\\/uploads\\\/2022\\\/08\\\/a-little-lovely-company-mini-otroski-nahrbtnik-savanah-ajatutaja-0.jpg\",\"contentUrl\":\"https:\\\/\\\/ajatutaja.com\\\/wp-content\\\/uploads\\\/2022\\\/08\\\/a-little-lovely-company-mini-otroski-nahrbtnik-savanah-ajatutaja-0.jpg\",\"width\":1200,\"height\":1000},{\"@type\":\"BreadcrumbList\",\"@id\":\"https:\\\/\\\/ajatutaja.com\\\/izdelek\\\/otroski-nahrbtnik-a-little-lovely-c-savannah\\\/#breadcrumb\",\"itemListElement\":[{\"@type\":\"ListItem\",\"position\":1,\"name\":\"Home\",\"item\":\"https:\\\/\\\/ajatutaja.com\\\/hr\\\/\"},{\"@type\":\"ListItem\",\"position\":2,\"name\":\"Trgovina\",\"item\":\"https:\\\/\\\/ajatutaja.com\\\/hr\\\/trgovina\\\/\"},{\"@type\":\"ListItem\",\"position\":3,\"name\":\"Otro\u0161ki nahrbtnik A Little Lovely C. &#8211; Savannah\"}]},{\"@type\":\"WebSite\",\"@id\":\"https:\\\/\\\/ajatutaja.com\\\/#website\",\"url\":\"https:\\\/\\\/ajatutaja.com\\\/\",\"name\":\"Ajatutaja\",\"description\":\"Otro\u0161ka spletna trgovina AJATUTAJA\",\"publisher\":{\"@id\":\"https:\\\/\\\/ajatutaja.com\\\/#organization\"},\"potentialAction\":[{\"@type\":\"SearchAction\",\"target\":{\"@type\":\"EntryPoint\",\"urlTemplate\":\"https:\\\/\\\/ajatutaja.com\\\/?s={search_term_string}\"},\"query-input\":{\"@type\":\"PropertyValueSpecification\",\"valueRequired\":true,\"valueName\":\"search_term_string\"}}],\"inLanguage\":\"hr\"},{\"@type\":\"Organization\",\"@id\":\"https:\\\/\\\/ajatutaja.com\\\/#organization\",\"name\":\"Ajatutaja\",\"url\":\"https:\\\/\\\/ajatutaja.com\\\/\",\"logo\":{\"@type\":\"ImageObject\",\"inLanguage\":\"hr\",\"@id\":\"https:\\\/\\\/ajatutaja.com\\\/#\\\/schema\\\/logo\\\/image\\\/\",\"url\":\"https:\\\/\\\/ajatutaja.com\\\/wp-content\\\/uploads\\\/2021\\\/10\\\/logo.png\",\"contentUrl\":\"https:\\\/\\\/ajatutaja.com\\\/wp-content\\\/uploads\\\/2021\\\/10\\\/logo.png\",\"width\":555,\"height\":150,\"caption\":\"Ajatutaja\"},\"image\":{\"@id\":\"https:\\\/\\\/ajatutaja.com\\\/#\\\/schema\\\/logo\\\/image\\\/\"}}]}<\/script>\n<!-- \/ Yoast SEO plugin. -->","yoast_head_json":{"title":"Otro\u0161ki nahrbtnik A Little Lovely C. - Savannah | Ajatutaja","description":"Prikupen otro\u0161ki nahrbtnik A Little Lovely C. je idealna izbira za vrtec in prosti \u010das. Dodatni \u010dezprsni paski poskrbijo, da naramnice ne lezejo \u010dez ramena.","robots":{"index":"index","follow":"follow","max-snippet":"max-snippet:-1","max-image-preview":"max-image-preview:large","max-video-preview":"max-video-preview:-1"},"canonical":"https:\/\/ajatutaja.com\/izdelek\/otroski-nahrbtnik-a-little-lovely-c-savannah\/","og_locale":"hr_HR","og_type":"article","og_title":"Otro\u0161ki nahrbtnik A Little Lovely C. - Savannah | Ajatutaja","og_description":"Prikupen otro\u0161ki nahrbtnik A Little Lovely C. je idealna izbira za vrtec in prosti \u010das. Dodatni \u010dezprsni paski poskrbijo, da naramnice ne lezejo \u010dez ramena.","og_url":"https:\/\/ajatutaja.com\/izdelek\/otroski-nahrbtnik-a-little-lovely-c-savannah\/","og_site_name":"Ajatutaja","article_modified_time":"2023-08-03T15:41:05+00:00","og_image":[{"width":1200,"height":1000,"url":"https:\/\/ajatutaja.com\/wp-content\/uploads\/2022\/08\/a-little-lovely-company-mini-otroski-nahrbtnik-savanah-ajatutaja-0.jpg","type":"image\/jpeg"}],"twitter_card":"summary_large_image","schema":{"@context":"https:\/\/schema.org","@graph":[{"@type":"WebPage","@id":"https:\/\/ajatutaja.com\/izdelek\/otroski-nahrbtnik-a-little-lovely-c-savannah\/","url":"https:\/\/ajatutaja.com\/izdelek\/otroski-nahrbtnik-a-little-lovely-c-savannah\/","name":"Otro\u0161ki nahrbtnik A Little Lovely C. - Savannah | Ajatutaja","isPartOf":{"@id":"https:\/\/ajatutaja.com\/#website"},"primaryImageOfPage":{"@id":"https:\/\/ajatutaja.com\/izdelek\/otroski-nahrbtnik-a-little-lovely-c-savannah\/#primaryimage"},"image":{"@id":"https:\/\/ajatutaja.com\/izdelek\/otroski-nahrbtnik-a-little-lovely-c-savannah\/#primaryimage"},"thumbnailUrl":"https:\/\/ajatutaja.com\/wp-content\/uploads\/2022\/08\/a-little-lovely-company-mini-otroski-nahrbtnik-savanah-ajatutaja-0.jpg","datePublished":"2022-08-14T14:19:49+00:00","dateModified":"2023-08-03T15:41:05+00:00","description":"Prikupen otro\u0161ki nahrbtnik A Little Lovely C. je idealna izbira za vrtec in prosti \u010das. Dodatni \u010dezprsni paski poskrbijo, da naramnice ne lezejo \u010dez ramena.","breadcrumb":{"@id":"https:\/\/ajatutaja.com\/izdelek\/otroski-nahrbtnik-a-little-lovely-c-savannah\/#breadcrumb"},"inLanguage":"hr","potentialAction":[{"@type":"ReadAction","target":["https:\/\/ajatutaja.com\/izdelek\/otroski-nahrbtnik-a-little-lovely-c-savannah\/"]}]},{"@type":"ImageObject","inLanguage":"hr","@id":"https:\/\/ajatutaja.com\/izdelek\/otroski-nahrbtnik-a-little-lovely-c-savannah\/#primaryimage","url":"https:\/\/ajatutaja.com\/wp-content\/uploads\/2022\/08\/a-little-lovely-company-mini-otroski-nahrbtnik-savanah-ajatutaja-0.jpg","contentUrl":"https:\/\/ajatutaja.com\/wp-content\/uploads\/2022\/08\/a-little-lovely-company-mini-otroski-nahrbtnik-savanah-ajatutaja-0.jpg","width":1200,"height":1000},{"@type":"BreadcrumbList","@id":"https:\/\/ajatutaja.com\/izdelek\/otroski-nahrbtnik-a-little-lovely-c-savannah\/#breadcrumb","itemListElement":[{"@type":"ListItem","position":1,"name":"Home","item":"https:\/\/ajatutaja.com\/hr\/"},{"@type":"ListItem","position":2,"name":"Trgovina","item":"https:\/\/ajatutaja.com\/hr\/trgovina\/"},{"@type":"ListItem","position":3,"name":"Otro\u0161ki nahrbtnik A Little Lovely C. &#8211; Savannah"}]},{"@type":"WebSite","@id":"https:\/\/ajatutaja.com\/#website","url":"https:\/\/ajatutaja.com\/","name":"Ajatutaja","description":"Otro\u0161ka spletna trgovina AJATUTAJA","publisher":{"@id":"https:\/\/ajatutaja.com\/#organization"},"potentialAction":[{"@type":"SearchAction","target":{"@type":"EntryPoint","urlTemplate":"https:\/\/ajatutaja.com\/?s={search_term_string}"},"query-input":{"@type":"PropertyValueSpecification","valueRequired":true,"valueName":"search_term_string"}}],"inLanguage":"hr"},{"@type":"Organization","@id":"https:\/\/ajatutaja.com\/#organization","name":"Ajatutaja","url":"https:\/\/ajatutaja.com\/","logo":{"@type":"ImageObject","inLanguage":"hr","@id":"https:\/\/ajatutaja.com\/#\/schema\/logo\/image\/","url":"https:\/\/ajatutaja.com\/wp-content\/uploads\/2021\/10\/logo.png","contentUrl":"https:\/\/ajatutaja.com\/wp-content\/uploads\/2021\/10\/logo.png","width":555,"height":150,"caption":"Ajatutaja"},"image":{"@id":"https:\/\/ajatutaja.com\/#\/schema\/logo\/image\/"}}]}},"brands":[{"id":2621,"name":"A Little Lovely Company","slug":"a-little-lovely-company"},{"id":2409,"name":"Potepanje","slug":"potepanje"}],"_links":{"self":[{"href":"https:\/\/ajatutaja.com\/hr\/wp-json\/wp\/v2\/product\/37798","targetHints":{"allow":["GET"]}}],"collection":[{"href":"https:\/\/ajatutaja.com\/hr\/wp-json\/wp\/v2\/product"}],"about":[{"href":"https:\/\/ajatutaja.com\/hr\/wp-json\/wp\/v2\/types\/product"}],"wp:featuredmedia":[{"embeddable":true,"href":"https:\/\/ajatutaja.com\/hr\/wp-json\/wp\/v2\/media\/37793"}],"wp:attachment":[{"href":"https:\/\/ajatutaja.com\/hr\/wp-json\/wp\/v2\/media?parent=37798"}],"wp:term":[{"taxonomy":"pwb-brand","embeddable":true,"href":"https:\/\/ajatutaja.com\/hr\/wp-json\/wp\/v2\/pwb-brand?post=37798"},{"taxonomy":"product_brand","embeddable":true,"href":"https:\/\/ajatutaja.com\/hr\/wp-json\/wp\/v2\/product_brand?post=37798"},{"taxonomy":"product_cat","embeddable":true,"href":"https:\/\/ajatutaja.com\/hr\/wp-json\/wp\/v2\/product_cat?post=37798"},{"taxonomy":"product_tag","embeddable":true,"href":"https:\/\/ajatutaja.com\/hr\/wp-json\/wp\/v2\/product_tag?post=37798"}],"curies":[{"name":"wp","href":"https:\/\/api.w.org\/{rel}","templated":true}]}}