{"id":37509,"date":"2022-08-03T16:52:47","date_gmt":"2022-08-03T14:52:47","guid":{"rendered":"https:\/\/ajatutaja.com\/?post_type=product&#038;p=37509"},"modified":"2026-05-17T05:20:47","modified_gmt":"2026-05-17T03:20:47","slug":"kokoso-baby-gel-za-nezno-umivanje-las-in-telesa-brez-vonja-200ml","status":"publish","type":"product","link":"https:\/\/ajatutaja.com\/hr\/proizvod\/kokoso-baby-gel-za-nezno-umivanje-las-in-telesa-brez-vonja-200ml\/","title":{"rendered":"Kokoso Baby Gel za ne\u017eno umivanje las in telesa &#8211; brez vonja (200ml)"},"content":{"rendered":"<p>[vc_row][vc_column][vc_column_text]Lastnosti Kokoso Baby gel z vonjem kokosa:<\/p>\n<ul>\n<li>Izredno blaga, veganom prijazna, pH uravnote\u017eena formula<\/li>\n<li>Brez vonja<\/li>\n<li>Dermatolo\u0161ko preizku\u0161en<\/li>\n<li>Primerno za starost od 0+ dalje<\/li>\n<li>Primerno za ob\u010dutljivo ko\u017eo, nagnjeno k ekcemom<\/li>\n<li>Izdelano iz najkakovostnej\u0161ih naravnih in organskih sestavin<\/li>\n<li>Embala\u017ea je iz 100% reciklirane plastike<\/li>\n<li>Srebrna nagrada za nego ko\u017ee &#8220;Free From&#8221;<\/li>\n<li>Izdelano v \u0160vici, 100% naravno in brez alergenov<\/li>\n<li>Primerno tudi za najbolj ob\u010dutljivo ko\u017eo<\/li>\n<li>80% organsko, 98% naravno pridobljeno, 100% ko\u017ei prijazno.<\/li>\n<li>Pakiranje 200ml<\/li>\n<\/ul>\n<p><strong>Sestavine<\/strong><br \/>\nAloe Barbadensis (Aloe Vera) Leaf Juice, Cocos Nucifera (Coconut) Oil, Sodium Lauroyl Glutamate, Vegetable Glycerin, Coco-Betaine, Methylpropanediol, Xanthan Gum, Benzyl Alcohol, Parfum (100% Natural and Allergen-Free), Caprylyl Glycol, Citric Acid, Tocopherol (Vitamin E), Phenylpropanol, Dehydroacetic Acid.[\/vc_column_text][\/vc_column][\/vc_row]<\/p>\n","protected":false},"excerpt":{"rendered":"<p>Kokoso Baby Gel za ne\u017eno umivanje las in telesa je brez vonja in vsebuje 10% vla\u017eilno organsko kokosovo olje, me\u0161ano z pomirjujo\u010do organsko aloe vero in ne\u017enimi rastlinskimi mehur\u010dki.<\/p>\n","protected":false},"featured_media":37510,"template":"","meta":[],"pwb-brand":[2677,2658],"product_brand":[],"product_cat":[2655,2608],"product_tag":[4511],"class_list":{"0":"post-37509","1":"product","2":"type-product","3":"status-publish","4":"has-post-thumbnail","6":"pwb-brand-kokoso-baby","7":"pwb-brand-nega-in-kopanje","8":"product_cat-kozmetika-za-otroke","9":"product_cat-nega-in-kopanje","10":"product_tag-kokoso","12":"first","13":"instock","14":"taxable","15":"shipping-taxable","16":"purchasable","17":"product-type-simple","18":"add-to-wishlist-before_image"},"yoast_head":"<!-- This site is optimized with the Yoast SEO plugin v27.6 - https:\/\/yoast.com\/product\/yoast-seo-wordpress\/ -->\n<title>Kokoso Baby Gel za ne\u017eno umivanje las in telesa - brez vonja (200ml) | Ajatutaja<\/title>\n<meta name=\"description\" content=\"Kokoso Baby Gel za ne\u017eno umivanje las in telesa je brez vonja in vsebuje 10% vla\u017eilno organsko kokosovo olje, me\u0161ano z pomirjujo\u010do organsko aloe vero in ne\u017enimi rastlinskimi mehur\u010dki.\" \/>\n<meta name=\"robots\" content=\"index, follow, max-snippet:-1, max-image-preview:large, max-video-preview:-1\" \/>\n<link rel=\"canonical\" href=\"https:\/\/ajatutaja.com\/izdelek\/kokoso-baby-gel-za-nezno-umivanje-las-in-telesa-brez-vonja-200ml\/\" \/>\n<meta property=\"og:locale\" content=\"hr_HR\" \/>\n<meta property=\"og:type\" content=\"article\" \/>\n<meta property=\"og:title\" content=\"Kokoso Baby Gel za ne\u017eno umivanje las in telesa - brez vonja (200ml) | Ajatutaja\" \/>\n<meta property=\"og:description\" content=\"Kokoso Baby Gel za ne\u017eno umivanje las in telesa je brez vonja in vsebuje 10% vla\u017eilno organsko kokosovo olje, me\u0161ano z pomirjujo\u010do organsko aloe vero in ne\u017enimi rastlinskimi mehur\u010dki.\" \/>\n<meta property=\"og:url\" content=\"https:\/\/ajatutaja.com\/izdelek\/kokoso-baby-gel-za-nezno-umivanje-las-in-telesa-brez-vonja-200ml\/\" \/>\n<meta property=\"og:site_name\" content=\"Ajatutaja\" \/>\n<meta property=\"article:modified_time\" content=\"2026-05-17T03:20:47+00:00\" \/>\n<meta property=\"og:image\" content=\"https:\/\/ajatutaja.com\/wp-content\/uploads\/2022\/08\/Kokoso-Baby-Gel-za-nezno-umivanje-las-in-telesa-brez-vonja-1-e1659538491932.jpg\" \/>\n\t<meta property=\"og:image:width\" content=\"800\" \/>\n\t<meta property=\"og:image:height\" content=\"800\" \/>\n\t<meta property=\"og:image:type\" content=\"image\/jpeg\" \/>\n<meta name=\"twitter:card\" content=\"summary_large_image\" \/>\n<meta name=\"twitter:label1\" content=\"Procijenjeno vrijeme \u010ditanja\" \/>\n\t<meta name=\"twitter:data1\" content=\"1 minuta\" \/>\n<script type=\"application\/ld+json\" class=\"yoast-schema-graph\">{\"@context\":\"https:\\\/\\\/schema.org\",\"@graph\":[{\"@type\":\"WebPage\",\"@id\":\"https:\\\/\\\/ajatutaja.com\\\/izdelek\\\/kokoso-baby-gel-za-nezno-umivanje-las-in-telesa-brez-vonja-200ml\\\/\",\"url\":\"https:\\\/\\\/ajatutaja.com\\\/izdelek\\\/kokoso-baby-gel-za-nezno-umivanje-las-in-telesa-brez-vonja-200ml\\\/\",\"name\":\"Kokoso Baby Gel za ne\u017eno umivanje las in telesa - brez vonja (200ml) | Ajatutaja\",\"isPartOf\":{\"@id\":\"https:\\\/\\\/ajatutaja.com\\\/#website\"},\"primaryImageOfPage\":{\"@id\":\"https:\\\/\\\/ajatutaja.com\\\/izdelek\\\/kokoso-baby-gel-za-nezno-umivanje-las-in-telesa-brez-vonja-200ml\\\/#primaryimage\"},\"image\":{\"@id\":\"https:\\\/\\\/ajatutaja.com\\\/izdelek\\\/kokoso-baby-gel-za-nezno-umivanje-las-in-telesa-brez-vonja-200ml\\\/#primaryimage\"},\"thumbnailUrl\":\"https:\\\/\\\/ajatutaja.com\\\/wp-content\\\/uploads\\\/2022\\\/08\\\/Kokoso-Baby-Gel-za-nezno-umivanje-las-in-telesa-brez-vonja-1-e1659538491932.jpg\",\"datePublished\":\"2022-08-03T14:52:47+00:00\",\"dateModified\":\"2026-05-17T03:20:47+00:00\",\"description\":\"Kokoso Baby Gel za ne\u017eno umivanje las in telesa je brez vonja in vsebuje 10% vla\u017eilno organsko kokosovo olje, me\u0161ano z pomirjujo\u010do organsko aloe vero in ne\u017enimi rastlinskimi mehur\u010dki.\",\"breadcrumb\":{\"@id\":\"https:\\\/\\\/ajatutaja.com\\\/izdelek\\\/kokoso-baby-gel-za-nezno-umivanje-las-in-telesa-brez-vonja-200ml\\\/#breadcrumb\"},\"inLanguage\":\"hr\",\"potentialAction\":[{\"@type\":\"ReadAction\",\"target\":[\"https:\\\/\\\/ajatutaja.com\\\/izdelek\\\/kokoso-baby-gel-za-nezno-umivanje-las-in-telesa-brez-vonja-200ml\\\/\"]}]},{\"@type\":\"ImageObject\",\"inLanguage\":\"hr\",\"@id\":\"https:\\\/\\\/ajatutaja.com\\\/izdelek\\\/kokoso-baby-gel-za-nezno-umivanje-las-in-telesa-brez-vonja-200ml\\\/#primaryimage\",\"url\":\"https:\\\/\\\/ajatutaja.com\\\/wp-content\\\/uploads\\\/2022\\\/08\\\/Kokoso-Baby-Gel-za-nezno-umivanje-las-in-telesa-brez-vonja-1-e1659538491932.jpg\",\"contentUrl\":\"https:\\\/\\\/ajatutaja.com\\\/wp-content\\\/uploads\\\/2022\\\/08\\\/Kokoso-Baby-Gel-za-nezno-umivanje-las-in-telesa-brez-vonja-1-e1659538491932.jpg\",\"width\":800,\"height\":800},{\"@type\":\"BreadcrumbList\",\"@id\":\"https:\\\/\\\/ajatutaja.com\\\/izdelek\\\/kokoso-baby-gel-za-nezno-umivanje-las-in-telesa-brez-vonja-200ml\\\/#breadcrumb\",\"itemListElement\":[{\"@type\":\"ListItem\",\"position\":1,\"name\":\"Home\",\"item\":\"https:\\\/\\\/ajatutaja.com\\\/hr\\\/\"},{\"@type\":\"ListItem\",\"position\":2,\"name\":\"Trgovina\",\"item\":\"https:\\\/\\\/ajatutaja.com\\\/hr\\\/trgovina\\\/\"},{\"@type\":\"ListItem\",\"position\":3,\"name\":\"Kokoso Baby Gel za ne\u017eno umivanje las in telesa &#8211; brez vonja (200ml)\"}]},{\"@type\":\"WebSite\",\"@id\":\"https:\\\/\\\/ajatutaja.com\\\/#website\",\"url\":\"https:\\\/\\\/ajatutaja.com\\\/\",\"name\":\"Ajatutaja\",\"description\":\"Otro\u0161ka spletna trgovina AJATUTAJA\",\"publisher\":{\"@id\":\"https:\\\/\\\/ajatutaja.com\\\/#organization\"},\"potentialAction\":[{\"@type\":\"SearchAction\",\"target\":{\"@type\":\"EntryPoint\",\"urlTemplate\":\"https:\\\/\\\/ajatutaja.com\\\/?s={search_term_string}\"},\"query-input\":{\"@type\":\"PropertyValueSpecification\",\"valueRequired\":true,\"valueName\":\"search_term_string\"}}],\"inLanguage\":\"hr\"},{\"@type\":\"Organization\",\"@id\":\"https:\\\/\\\/ajatutaja.com\\\/#organization\",\"name\":\"Ajatutaja\",\"url\":\"https:\\\/\\\/ajatutaja.com\\\/\",\"logo\":{\"@type\":\"ImageObject\",\"inLanguage\":\"hr\",\"@id\":\"https:\\\/\\\/ajatutaja.com\\\/#\\\/schema\\\/logo\\\/image\\\/\",\"url\":\"https:\\\/\\\/ajatutaja.com\\\/wp-content\\\/uploads\\\/2021\\\/10\\\/logo.png\",\"contentUrl\":\"https:\\\/\\\/ajatutaja.com\\\/wp-content\\\/uploads\\\/2021\\\/10\\\/logo.png\",\"width\":555,\"height\":150,\"caption\":\"Ajatutaja\"},\"image\":{\"@id\":\"https:\\\/\\\/ajatutaja.com\\\/#\\\/schema\\\/logo\\\/image\\\/\"}}]}<\/script>\n<!-- \/ Yoast SEO plugin. -->","yoast_head_json":{"title":"Kokoso Baby Gel za ne\u017eno umivanje las in telesa - brez vonja (200ml) | Ajatutaja","description":"Kokoso Baby Gel za ne\u017eno umivanje las in telesa je brez vonja in vsebuje 10% vla\u017eilno organsko kokosovo olje, me\u0161ano z pomirjujo\u010do organsko aloe vero in ne\u017enimi rastlinskimi mehur\u010dki.","robots":{"index":"index","follow":"follow","max-snippet":"max-snippet:-1","max-image-preview":"max-image-preview:large","max-video-preview":"max-video-preview:-1"},"canonical":"https:\/\/ajatutaja.com\/izdelek\/kokoso-baby-gel-za-nezno-umivanje-las-in-telesa-brez-vonja-200ml\/","og_locale":"hr_HR","og_type":"article","og_title":"Kokoso Baby Gel za ne\u017eno umivanje las in telesa - brez vonja (200ml) | Ajatutaja","og_description":"Kokoso Baby Gel za ne\u017eno umivanje las in telesa je brez vonja in vsebuje 10% vla\u017eilno organsko kokosovo olje, me\u0161ano z pomirjujo\u010do organsko aloe vero in ne\u017enimi rastlinskimi mehur\u010dki.","og_url":"https:\/\/ajatutaja.com\/izdelek\/kokoso-baby-gel-za-nezno-umivanje-las-in-telesa-brez-vonja-200ml\/","og_site_name":"Ajatutaja","article_modified_time":"2026-05-17T03:20:47+00:00","og_image":[{"width":800,"height":800,"url":"https:\/\/ajatutaja.com\/wp-content\/uploads\/2022\/08\/Kokoso-Baby-Gel-za-nezno-umivanje-las-in-telesa-brez-vonja-1-e1659538491932.jpg","type":"image\/jpeg"}],"twitter_card":"summary_large_image","twitter_misc":{"Procijenjeno vrijeme \u010ditanja":"1 minuta"},"schema":{"@context":"https:\/\/schema.org","@graph":[{"@type":"WebPage","@id":"https:\/\/ajatutaja.com\/izdelek\/kokoso-baby-gel-za-nezno-umivanje-las-in-telesa-brez-vonja-200ml\/","url":"https:\/\/ajatutaja.com\/izdelek\/kokoso-baby-gel-za-nezno-umivanje-las-in-telesa-brez-vonja-200ml\/","name":"Kokoso Baby Gel za ne\u017eno umivanje las in telesa - brez vonja (200ml) | Ajatutaja","isPartOf":{"@id":"https:\/\/ajatutaja.com\/#website"},"primaryImageOfPage":{"@id":"https:\/\/ajatutaja.com\/izdelek\/kokoso-baby-gel-za-nezno-umivanje-las-in-telesa-brez-vonja-200ml\/#primaryimage"},"image":{"@id":"https:\/\/ajatutaja.com\/izdelek\/kokoso-baby-gel-za-nezno-umivanje-las-in-telesa-brez-vonja-200ml\/#primaryimage"},"thumbnailUrl":"https:\/\/ajatutaja.com\/wp-content\/uploads\/2022\/08\/Kokoso-Baby-Gel-za-nezno-umivanje-las-in-telesa-brez-vonja-1-e1659538491932.jpg","datePublished":"2022-08-03T14:52:47+00:00","dateModified":"2026-05-17T03:20:47+00:00","description":"Kokoso Baby Gel za ne\u017eno umivanje las in telesa je brez vonja in vsebuje 10% vla\u017eilno organsko kokosovo olje, me\u0161ano z pomirjujo\u010do organsko aloe vero in ne\u017enimi rastlinskimi mehur\u010dki.","breadcrumb":{"@id":"https:\/\/ajatutaja.com\/izdelek\/kokoso-baby-gel-za-nezno-umivanje-las-in-telesa-brez-vonja-200ml\/#breadcrumb"},"inLanguage":"hr","potentialAction":[{"@type":"ReadAction","target":["https:\/\/ajatutaja.com\/izdelek\/kokoso-baby-gel-za-nezno-umivanje-las-in-telesa-brez-vonja-200ml\/"]}]},{"@type":"ImageObject","inLanguage":"hr","@id":"https:\/\/ajatutaja.com\/izdelek\/kokoso-baby-gel-za-nezno-umivanje-las-in-telesa-brez-vonja-200ml\/#primaryimage","url":"https:\/\/ajatutaja.com\/wp-content\/uploads\/2022\/08\/Kokoso-Baby-Gel-za-nezno-umivanje-las-in-telesa-brez-vonja-1-e1659538491932.jpg","contentUrl":"https:\/\/ajatutaja.com\/wp-content\/uploads\/2022\/08\/Kokoso-Baby-Gel-za-nezno-umivanje-las-in-telesa-brez-vonja-1-e1659538491932.jpg","width":800,"height":800},{"@type":"BreadcrumbList","@id":"https:\/\/ajatutaja.com\/izdelek\/kokoso-baby-gel-za-nezno-umivanje-las-in-telesa-brez-vonja-200ml\/#breadcrumb","itemListElement":[{"@type":"ListItem","position":1,"name":"Home","item":"https:\/\/ajatutaja.com\/hr\/"},{"@type":"ListItem","position":2,"name":"Trgovina","item":"https:\/\/ajatutaja.com\/hr\/trgovina\/"},{"@type":"ListItem","position":3,"name":"Kokoso Baby Gel za ne\u017eno umivanje las in telesa &#8211; brez vonja (200ml)"}]},{"@type":"WebSite","@id":"https:\/\/ajatutaja.com\/#website","url":"https:\/\/ajatutaja.com\/","name":"Ajatutaja","description":"Otro\u0161ka spletna trgovina AJATUTAJA","publisher":{"@id":"https:\/\/ajatutaja.com\/#organization"},"potentialAction":[{"@type":"SearchAction","target":{"@type":"EntryPoint","urlTemplate":"https:\/\/ajatutaja.com\/?s={search_term_string}"},"query-input":{"@type":"PropertyValueSpecification","valueRequired":true,"valueName":"search_term_string"}}],"inLanguage":"hr"},{"@type":"Organization","@id":"https:\/\/ajatutaja.com\/#organization","name":"Ajatutaja","url":"https:\/\/ajatutaja.com\/","logo":{"@type":"ImageObject","inLanguage":"hr","@id":"https:\/\/ajatutaja.com\/#\/schema\/logo\/image\/","url":"https:\/\/ajatutaja.com\/wp-content\/uploads\/2021\/10\/logo.png","contentUrl":"https:\/\/ajatutaja.com\/wp-content\/uploads\/2021\/10\/logo.png","width":555,"height":150,"caption":"Ajatutaja"},"image":{"@id":"https:\/\/ajatutaja.com\/#\/schema\/logo\/image\/"}}]}},"brands":[{"id":2677,"name":"Kokoso Baby","slug":"kokoso-baby"},{"id":2658,"name":"Nega in kopanje","slug":"nega-in-kopanje"}],"_links":{"self":[{"href":"https:\/\/ajatutaja.com\/hr\/wp-json\/wp\/v2\/product\/37509","targetHints":{"allow":["GET"]}}],"collection":[{"href":"https:\/\/ajatutaja.com\/hr\/wp-json\/wp\/v2\/product"}],"about":[{"href":"https:\/\/ajatutaja.com\/hr\/wp-json\/wp\/v2\/types\/product"}],"wp:featuredmedia":[{"embeddable":true,"href":"https:\/\/ajatutaja.com\/hr\/wp-json\/wp\/v2\/media\/37510"}],"wp:attachment":[{"href":"https:\/\/ajatutaja.com\/hr\/wp-json\/wp\/v2\/media?parent=37509"}],"wp:term":[{"taxonomy":"pwb-brand","embeddable":true,"href":"https:\/\/ajatutaja.com\/hr\/wp-json\/wp\/v2\/pwb-brand?post=37509"},{"taxonomy":"product_brand","embeddable":true,"href":"https:\/\/ajatutaja.com\/hr\/wp-json\/wp\/v2\/product_brand?post=37509"},{"taxonomy":"product_cat","embeddable":true,"href":"https:\/\/ajatutaja.com\/hr\/wp-json\/wp\/v2\/product_cat?post=37509"},{"taxonomy":"product_tag","embeddable":true,"href":"https:\/\/ajatutaja.com\/hr\/wp-json\/wp\/v2\/product_tag?post=37509"}],"curies":[{"name":"wp","href":"https:\/\/api.w.org\/{rel}","templated":true}]}}