{"id":36655,"date":"2022-07-04T16:48:32","date_gmt":"2022-07-04T14:48:32","guid":{"rendered":"https:\/\/ajatutaja.com\/?post_type=product&#038;p=36655"},"modified":"2025-03-14T13:54:34","modified_gmt":"2025-03-14T12:54:34","slug":"komplet-lesenih-avtomobilckov-little-dutch","status":"publish","type":"product","link":"https:\/\/ajatutaja.com\/hr\/proizvod\/komplet-lesenih-avtomobilckov-little-dutch\/","title":{"rendered":"Komplet lesenih avtomobil\u010dkov Little Dutch"},"content":{"rendered":"<p>[vc_row][vc_column][vc_column_text]<strong>Lastnosti kompleta avtomobilov Little Dutch:<\/strong><\/p>\n<ul>\n<li>Izdelano iz lesa (FSC)<\/li>\n<li>Barvano z otrokom prijaznimi barvami na vodni osnovi<\/li>\n<li>V ta komplet niso vklju\u010dene tirnice.<\/li>\n<li>Starost: 24+ mesecev<\/li>\n<li>Komplet vsebuje 9 vozil.<\/li>\n<li>Varno za otroke &#8211; izdelek je skladen z evropsko uredbo REACH in evropsko direktivo EN-71.<\/li>\n<\/ul>\n<p>Nizozemski proizvajalec Little Dutch izdeluje brez\u010dasne igra\u010de visoke kakovosti, z elegantnimi barvami, odtisi in ilustracijami. Vsi izdelki so skladni z evropskimi direktivami in se proizvajajo brez dela otrok in na dru\u017ebeno odgovoren na\u010din.[\/vc_column_text][\/vc_column][\/vc_row]<\/p>\n","protected":false},"excerpt":{"rendered":"<p>Little Dutch set avtomobil\u010dkov vsebuje 9 vozil. Ta set lesenih slu\u017ebenih in re\u0161evalnih vozil je zasnovan za uporabo v kombinaciji s garnituro lesenih \u017eelezni\u0161kih vlakov Little Dutch. Pnevmatike so zdru\u017eljive s tirnicami, kar omogo\u010da vozilom, da se vozijo po mestu in so v pomo\u010d, kjer jih potrebujejo.<\/p>\n","protected":false},"featured_media":36657,"template":"","meta":[],"pwb-brand":[2452,2457],"product_brand":[],"product_cat":[3991,2716,2450,2362,2443],"product_tag":[4002],"class_list":{"0":"post-36655","1":"product","2":"type-product","3":"status-publish","4":"has-post-thumbnail","6":"pwb-brand-igranje","7":"pwb-brand-little-dutch-igra","8":"product_cat-24-mesecev-igrace","9":"product_cat-darilo-do-30e","10":"product_cat-druzabne-igre","11":"product_cat-igranje","12":"product_cat-lesene-igrace","13":"product_tag-little-dutch","15":"first","16":"instock","17":"taxable","18":"shipping-taxable","19":"purchasable","20":"product-type-simple","21":"add-to-wishlist-before_image"},"yoast_head":"<!-- This site is optimized with the Yoast SEO plugin v27.3 - https:\/\/yoast.com\/product\/yoast-seo-wordpress\/ -->\n<title>Komplet lesenih avtomobil\u010dkov Little Dutch | Ajatutaja<\/title>\n<meta name=\"description\" content=\"Little Dutch set avtomobil\u010dkov vsebuje 9 vozil. Ta set lesenih slu\u017ebenih in re\u0161evalnih vozil je zasnovan za uporabo v kombinaciji s garnituro lesenih \u017eelezni\u0161kih vlakov Little Dutch\" \/>\n<meta name=\"robots\" content=\"index, follow, max-snippet:-1, max-image-preview:large, max-video-preview:-1\" \/>\n<link rel=\"canonical\" href=\"https:\/\/ajatutaja.com\/izdelek\/komplet-lesenih-avtomobilckov-little-dutch\/\" \/>\n<meta property=\"og:locale\" content=\"hr_HR\" \/>\n<meta property=\"og:type\" content=\"article\" \/>\n<meta property=\"og:title\" content=\"Komplet lesenih avtomobil\u010dkov Little Dutch | Ajatutaja\" \/>\n<meta property=\"og:description\" content=\"Little Dutch set avtomobil\u010dkov vsebuje 9 vozil. Ta set lesenih slu\u017ebenih in re\u0161evalnih vozil je zasnovan za uporabo v kombinaciji s garnituro lesenih \u017eelezni\u0161kih vlakov Little Dutch\" \/>\n<meta property=\"og:url\" content=\"https:\/\/ajatutaja.com\/izdelek\/komplet-lesenih-avtomobilckov-little-dutch\/\" \/>\n<meta property=\"og:site_name\" content=\"Ajatutaja\" \/>\n<meta property=\"article:modified_time\" content=\"2025-03-14T12:54:34+00:00\" \/>\n<meta property=\"og:image\" content=\"https:\/\/ajatutaja.com\/wp-content\/uploads\/2022\/07\/little-dutch-set-avtomobilckov-ajatutaja-1.jpeg\" \/>\n\t<meta property=\"og:image:width\" content=\"1000\" \/>\n\t<meta property=\"og:image:height\" content=\"1000\" \/>\n\t<meta property=\"og:image:type\" content=\"image\/jpeg\" \/>\n<meta name=\"twitter:card\" content=\"summary_large_image\" \/>\n<script type=\"application\/ld+json\" class=\"yoast-schema-graph\">{\"@context\":\"https:\\\/\\\/schema.org\",\"@graph\":[{\"@type\":\"WebPage\",\"@id\":\"https:\\\/\\\/ajatutaja.com\\\/izdelek\\\/komplet-lesenih-avtomobilckov-little-dutch\\\/\",\"url\":\"https:\\\/\\\/ajatutaja.com\\\/izdelek\\\/komplet-lesenih-avtomobilckov-little-dutch\\\/\",\"name\":\"Komplet lesenih avtomobil\u010dkov Little Dutch | Ajatutaja\",\"isPartOf\":{\"@id\":\"https:\\\/\\\/ajatutaja.com\\\/#website\"},\"primaryImageOfPage\":{\"@id\":\"https:\\\/\\\/ajatutaja.com\\\/izdelek\\\/komplet-lesenih-avtomobilckov-little-dutch\\\/#primaryimage\"},\"image\":{\"@id\":\"https:\\\/\\\/ajatutaja.com\\\/izdelek\\\/komplet-lesenih-avtomobilckov-little-dutch\\\/#primaryimage\"},\"thumbnailUrl\":\"https:\\\/\\\/ajatutaja.com\\\/wp-content\\\/uploads\\\/2022\\\/07\\\/little-dutch-set-avtomobilckov-ajatutaja-1.jpeg\",\"datePublished\":\"2022-07-04T14:48:32+00:00\",\"dateModified\":\"2025-03-14T12:54:34+00:00\",\"description\":\"Little Dutch set avtomobil\u010dkov vsebuje 9 vozil. Ta set lesenih slu\u017ebenih in re\u0161evalnih vozil je zasnovan za uporabo v kombinaciji s garnituro lesenih \u017eelezni\u0161kih vlakov Little Dutch\",\"breadcrumb\":{\"@id\":\"https:\\\/\\\/ajatutaja.com\\\/izdelek\\\/komplet-lesenih-avtomobilckov-little-dutch\\\/#breadcrumb\"},\"inLanguage\":\"hr\",\"potentialAction\":[{\"@type\":\"ReadAction\",\"target\":[\"https:\\\/\\\/ajatutaja.com\\\/izdelek\\\/komplet-lesenih-avtomobilckov-little-dutch\\\/\"]}]},{\"@type\":\"ImageObject\",\"inLanguage\":\"hr\",\"@id\":\"https:\\\/\\\/ajatutaja.com\\\/izdelek\\\/komplet-lesenih-avtomobilckov-little-dutch\\\/#primaryimage\",\"url\":\"https:\\\/\\\/ajatutaja.com\\\/wp-content\\\/uploads\\\/2022\\\/07\\\/little-dutch-set-avtomobilckov-ajatutaja-1.jpeg\",\"contentUrl\":\"https:\\\/\\\/ajatutaja.com\\\/wp-content\\\/uploads\\\/2022\\\/07\\\/little-dutch-set-avtomobilckov-ajatutaja-1.jpeg\",\"width\":1000,\"height\":1000},{\"@type\":\"BreadcrumbList\",\"@id\":\"https:\\\/\\\/ajatutaja.com\\\/izdelek\\\/komplet-lesenih-avtomobilckov-little-dutch\\\/#breadcrumb\",\"itemListElement\":[{\"@type\":\"ListItem\",\"position\":1,\"name\":\"Home\",\"item\":\"https:\\\/\\\/ajatutaja.com\\\/hr\\\/\"},{\"@type\":\"ListItem\",\"position\":2,\"name\":\"Trgovina\",\"item\":\"https:\\\/\\\/ajatutaja.com\\\/hr\\\/trgovina\\\/\"},{\"@type\":\"ListItem\",\"position\":3,\"name\":\"Komplet lesenih avtomobil\u010dkov Little Dutch\"}]},{\"@type\":\"WebSite\",\"@id\":\"https:\\\/\\\/ajatutaja.com\\\/#website\",\"url\":\"https:\\\/\\\/ajatutaja.com\\\/\",\"name\":\"Ajatutaja\",\"description\":\"Otro\u0161ka spletna trgovina AJATUTAJA\",\"publisher\":{\"@id\":\"https:\\\/\\\/ajatutaja.com\\\/#organization\"},\"potentialAction\":[{\"@type\":\"SearchAction\",\"target\":{\"@type\":\"EntryPoint\",\"urlTemplate\":\"https:\\\/\\\/ajatutaja.com\\\/?s={search_term_string}\"},\"query-input\":{\"@type\":\"PropertyValueSpecification\",\"valueRequired\":true,\"valueName\":\"search_term_string\"}}],\"inLanguage\":\"hr\"},{\"@type\":\"Organization\",\"@id\":\"https:\\\/\\\/ajatutaja.com\\\/#organization\",\"name\":\"Ajatutaja\",\"url\":\"https:\\\/\\\/ajatutaja.com\\\/\",\"logo\":{\"@type\":\"ImageObject\",\"inLanguage\":\"hr\",\"@id\":\"https:\\\/\\\/ajatutaja.com\\\/#\\\/schema\\\/logo\\\/image\\\/\",\"url\":\"https:\\\/\\\/ajatutaja.com\\\/wp-content\\\/uploads\\\/2021\\\/10\\\/logo.png\",\"contentUrl\":\"https:\\\/\\\/ajatutaja.com\\\/wp-content\\\/uploads\\\/2021\\\/10\\\/logo.png\",\"width\":555,\"height\":150,\"caption\":\"Ajatutaja\"},\"image\":{\"@id\":\"https:\\\/\\\/ajatutaja.com\\\/#\\\/schema\\\/logo\\\/image\\\/\"}}]}<\/script>\n<!-- \/ Yoast SEO plugin. -->","yoast_head_json":{"title":"Komplet lesenih avtomobil\u010dkov Little Dutch | Ajatutaja","description":"Little Dutch set avtomobil\u010dkov vsebuje 9 vozil. Ta set lesenih slu\u017ebenih in re\u0161evalnih vozil je zasnovan za uporabo v kombinaciji s garnituro lesenih \u017eelezni\u0161kih vlakov Little Dutch","robots":{"index":"index","follow":"follow","max-snippet":"max-snippet:-1","max-image-preview":"max-image-preview:large","max-video-preview":"max-video-preview:-1"},"canonical":"https:\/\/ajatutaja.com\/izdelek\/komplet-lesenih-avtomobilckov-little-dutch\/","og_locale":"hr_HR","og_type":"article","og_title":"Komplet lesenih avtomobil\u010dkov Little Dutch | Ajatutaja","og_description":"Little Dutch set avtomobil\u010dkov vsebuje 9 vozil. Ta set lesenih slu\u017ebenih in re\u0161evalnih vozil je zasnovan za uporabo v kombinaciji s garnituro lesenih \u017eelezni\u0161kih vlakov Little Dutch","og_url":"https:\/\/ajatutaja.com\/izdelek\/komplet-lesenih-avtomobilckov-little-dutch\/","og_site_name":"Ajatutaja","article_modified_time":"2025-03-14T12:54:34+00:00","og_image":[{"width":1000,"height":1000,"url":"https:\/\/ajatutaja.com\/wp-content\/uploads\/2022\/07\/little-dutch-set-avtomobilckov-ajatutaja-1.jpeg","type":"image\/jpeg"}],"twitter_card":"summary_large_image","schema":{"@context":"https:\/\/schema.org","@graph":[{"@type":"WebPage","@id":"https:\/\/ajatutaja.com\/izdelek\/komplet-lesenih-avtomobilckov-little-dutch\/","url":"https:\/\/ajatutaja.com\/izdelek\/komplet-lesenih-avtomobilckov-little-dutch\/","name":"Komplet lesenih avtomobil\u010dkov Little Dutch | Ajatutaja","isPartOf":{"@id":"https:\/\/ajatutaja.com\/#website"},"primaryImageOfPage":{"@id":"https:\/\/ajatutaja.com\/izdelek\/komplet-lesenih-avtomobilckov-little-dutch\/#primaryimage"},"image":{"@id":"https:\/\/ajatutaja.com\/izdelek\/komplet-lesenih-avtomobilckov-little-dutch\/#primaryimage"},"thumbnailUrl":"https:\/\/ajatutaja.com\/wp-content\/uploads\/2022\/07\/little-dutch-set-avtomobilckov-ajatutaja-1.jpeg","datePublished":"2022-07-04T14:48:32+00:00","dateModified":"2025-03-14T12:54:34+00:00","description":"Little Dutch set avtomobil\u010dkov vsebuje 9 vozil. Ta set lesenih slu\u017ebenih in re\u0161evalnih vozil je zasnovan za uporabo v kombinaciji s garnituro lesenih \u017eelezni\u0161kih vlakov Little Dutch","breadcrumb":{"@id":"https:\/\/ajatutaja.com\/izdelek\/komplet-lesenih-avtomobilckov-little-dutch\/#breadcrumb"},"inLanguage":"hr","potentialAction":[{"@type":"ReadAction","target":["https:\/\/ajatutaja.com\/izdelek\/komplet-lesenih-avtomobilckov-little-dutch\/"]}]},{"@type":"ImageObject","inLanguage":"hr","@id":"https:\/\/ajatutaja.com\/izdelek\/komplet-lesenih-avtomobilckov-little-dutch\/#primaryimage","url":"https:\/\/ajatutaja.com\/wp-content\/uploads\/2022\/07\/little-dutch-set-avtomobilckov-ajatutaja-1.jpeg","contentUrl":"https:\/\/ajatutaja.com\/wp-content\/uploads\/2022\/07\/little-dutch-set-avtomobilckov-ajatutaja-1.jpeg","width":1000,"height":1000},{"@type":"BreadcrumbList","@id":"https:\/\/ajatutaja.com\/izdelek\/komplet-lesenih-avtomobilckov-little-dutch\/#breadcrumb","itemListElement":[{"@type":"ListItem","position":1,"name":"Home","item":"https:\/\/ajatutaja.com\/hr\/"},{"@type":"ListItem","position":2,"name":"Trgovina","item":"https:\/\/ajatutaja.com\/hr\/trgovina\/"},{"@type":"ListItem","position":3,"name":"Komplet lesenih avtomobil\u010dkov Little Dutch"}]},{"@type":"WebSite","@id":"https:\/\/ajatutaja.com\/#website","url":"https:\/\/ajatutaja.com\/","name":"Ajatutaja","description":"Otro\u0161ka spletna trgovina AJATUTAJA","publisher":{"@id":"https:\/\/ajatutaja.com\/#organization"},"potentialAction":[{"@type":"SearchAction","target":{"@type":"EntryPoint","urlTemplate":"https:\/\/ajatutaja.com\/?s={search_term_string}"},"query-input":{"@type":"PropertyValueSpecification","valueRequired":true,"valueName":"search_term_string"}}],"inLanguage":"hr"},{"@type":"Organization","@id":"https:\/\/ajatutaja.com\/#organization","name":"Ajatutaja","url":"https:\/\/ajatutaja.com\/","logo":{"@type":"ImageObject","inLanguage":"hr","@id":"https:\/\/ajatutaja.com\/#\/schema\/logo\/image\/","url":"https:\/\/ajatutaja.com\/wp-content\/uploads\/2021\/10\/logo.png","contentUrl":"https:\/\/ajatutaja.com\/wp-content\/uploads\/2021\/10\/logo.png","width":555,"height":150,"caption":"Ajatutaja"},"image":{"@id":"https:\/\/ajatutaja.com\/#\/schema\/logo\/image\/"}}]}},"brands":[{"id":2452,"name":"Igranje","slug":"igranje"},{"id":2457,"name":"Little Dutch","slug":"little-dutch-igra"}],"_links":{"self":[{"href":"https:\/\/ajatutaja.com\/hr\/wp-json\/wp\/v2\/product\/36655","targetHints":{"allow":["GET"]}}],"collection":[{"href":"https:\/\/ajatutaja.com\/hr\/wp-json\/wp\/v2\/product"}],"about":[{"href":"https:\/\/ajatutaja.com\/hr\/wp-json\/wp\/v2\/types\/product"}],"wp:featuredmedia":[{"embeddable":true,"href":"https:\/\/ajatutaja.com\/hr\/wp-json\/wp\/v2\/media\/36657"}],"wp:attachment":[{"href":"https:\/\/ajatutaja.com\/hr\/wp-json\/wp\/v2\/media?parent=36655"}],"wp:term":[{"taxonomy":"pwb-brand","embeddable":true,"href":"https:\/\/ajatutaja.com\/hr\/wp-json\/wp\/v2\/pwb-brand?post=36655"},{"taxonomy":"product_brand","embeddable":true,"href":"https:\/\/ajatutaja.com\/hr\/wp-json\/wp\/v2\/product_brand?post=36655"},{"taxonomy":"product_cat","embeddable":true,"href":"https:\/\/ajatutaja.com\/hr\/wp-json\/wp\/v2\/product_cat?post=36655"},{"taxonomy":"product_tag","embeddable":true,"href":"https:\/\/ajatutaja.com\/hr\/wp-json\/wp\/v2\/product_tag?post=36655"}],"curies":[{"name":"wp","href":"https:\/\/api.w.org\/{rel}","templated":true}]}}