{"id":36618,"date":"2022-07-04T14:29:11","date_gmt":"2022-07-04T12:29:11","guid":{"rendered":"https:\/\/ajatutaja.com\/?post_type=product&#038;p=36618"},"modified":"2026-03-12T14:54:01","modified_gmt":"2026-03-12T13:54:01","slug":"haakaa-silikonski-cucljalnik-in-grizalo-2v1","status":"publish","type":"product","link":"https:\/\/ajatutaja.com\/hr\/proizvod\/haakaa-silikonski-cucljalnik-in-grizalo-2v1\/","title":{"rendered":"Haakaa silikonski cucljalnik in grizalo 2v1"},"content":{"rendered":"<p>[vc_row][vc_column][vc_column_text]<\/p>\n<h3>Lastnosti cucljalnika in grizala 2v1 Haakaa:<\/h3>\n<div class=\"short-desc\">\n<ul>\n<li>100% silikonska oblika omogo\u010da, da je hranilnik varen za \u017eve\u010denje in sesanje va\u0161ega otroka.<\/li>\n<li>Mehka silikonska vre\u010dka z majhnimi luknjicami, skozi katero lahko prehajajo le majhni, lahko prebavljivi ko\u0161\u010dki hrane.<\/li>\n<li>Vklju\u010duje neprepusten pokrov\u010dek, tako da lahko popolnoma zamrznete ledene dobrote neposredno v podajalniku.<\/li>\n<li>Noge na pokrovu omogo\u010dajo shranjevanje podajalnika v pokon\u010dnem stanju.<\/li>\n<li>U\u0161esa na pokrovu omogo\u010dajo enostaven dostop do vre\u010dke za \u010di\u0161\u010denje\/polnjenje.<\/li>\n<li>Enostavno razstavite in o\u010distite \u2013 tako, da ne pride do razmno\u017eevanja bakterij.<\/li>\n<li>Teksturirana u\u0161esa zaj\u010dka na drugi strani zabavajo zaposlene male roke.<\/li>\n<li>Brez BPA, PVC in ftalata.<\/li>\n<\/ul>\n<p><strong>Vsebina paketa:<\/strong><\/p>\n<ul>\n<li>1x podajalnik za sve\u017eo hrano iz silikona<\/li>\n<li>1x silikonska torbica \u2013 L<\/li>\n<li>1 x Silikonsko dr\u017ealo za podajalnik<\/li>\n<li>1 x PP pokrov\u010dek<\/li>\n<\/ul>\n<\/div>\n<p>[\/vc_column_text][\/vc_column][\/vc_row]<\/p>\n","protected":false},"excerpt":{"rendered":"<p>Haakaa silikonski cucljalnik in grizalo je priro\u010den pripomo\u010dek za hranjenje, primeren za otroke od 4 mesecev dalje. V silikonski \u017eepek lahko vstavite sve\u017ee ali zamrznjeno hrano, ki bo po\u010dasi pronicala skozi luknjice. Ledene dobrote lahko zamrznete tudi neposredno v cuclju. To naredite tako, da preprosto povle\u010dete po neprepustnem pokrovu vre\u010dke, v vre\u010dko nalijete teko\u010dino (na primer materino mleko ali pire), sestavite, namestite pokrov\u010dek in zamrznite. Otrok bo na ta na\u010din oku\u0161al in spoznaval nove okuse, obenem pa mu bo hladilo dlesni. Spodnji obro\u010dek olaj\u0161a oprijem malim rokicam in je obenem tudi grizalo.<\/p>\n","protected":false},"featured_media":82923,"template":"","meta":[],"pwb-brand":[4558,2269],"product_brand":[],"product_cat":[2308,2266,2314],"product_tag":[4937,4560],"class_list":{"0":"post-36618","1":"product","2":"type-product","3":"status-publish","4":"has-post-thumbnail","6":"pwb-brand-haakaa","7":"pwb-brand-hranjenje","8":"product_cat-grizala-za-zobke","9":"product_cat-hranjenje","10":"product_cat-pripomocki-za-hranjenje","11":"product_tag-cucljalnik","12":"product_tag-haakaa","14":"first","15":"instock","16":"taxable","17":"shipping-taxable","18":"purchasable","19":"product-type-simple","20":"add-to-wishlist-before_image"},"yoast_head":"<!-- This site is optimized with the Yoast SEO plugin v27.3 - https:\/\/yoast.com\/product\/yoast-seo-wordpress\/ -->\n<title>Haakaa silikonski cucljalnik in grizalo 2v1 | Ajatutaja<\/title>\n<meta name=\"description\" content=\"Minikoioi Pulps cucljalnik iz silikona je priro\u010den pripomo\u010dek za hranjenje, primeren za otroke od 6m dalje. V silikonski \u017eepek lahko vstavite sve\u017ee ali zamrznjeno hrano, ki bo po\u010dasi pronicala skozi luknjice.\" \/>\n<meta name=\"robots\" content=\"index, follow, max-snippet:-1, max-image-preview:large, max-video-preview:-1\" \/>\n<link rel=\"canonical\" href=\"https:\/\/ajatutaja.com\/izdelek\/haakaa-silikonski-cucljalnik-in-grizalo-2v1\/\" \/>\n<meta property=\"og:locale\" content=\"hr_HR\" \/>\n<meta property=\"og:type\" content=\"article\" \/>\n<meta property=\"og:title\" content=\"Haakaa silikonski cucljalnik in grizalo 2v1 | Ajatutaja\" \/>\n<meta property=\"og:description\" content=\"Minikoioi Pulps cucljalnik iz silikona je priro\u010den pripomo\u010dek za hranjenje, primeren za otroke od 6m dalje. V silikonski \u017eepek lahko vstavite sve\u017ee ali zamrznjeno hrano, ki bo po\u010dasi pronicala skozi luknjice.\" \/>\n<meta property=\"og:url\" content=\"https:\/\/ajatutaja.com\/izdelek\/haakaa-silikonski-cucljalnik-in-grizalo-2v1\/\" \/>\n<meta property=\"og:site_name\" content=\"Ajatutaja\" \/>\n<meta property=\"article:modified_time\" content=\"2026-03-12T13:54:01+00:00\" \/>\n<meta property=\"og:image\" content=\"https:\/\/ajatutaja.com\/wp-content\/uploads\/2022\/07\/Haakaa-set-za-hranjenje.jpg\" \/>\n\t<meta property=\"og:image:width\" content=\"1000\" \/>\n\t<meta property=\"og:image:height\" content=\"1000\" \/>\n\t<meta property=\"og:image:type\" content=\"image\/jpeg\" \/>\n<meta name=\"twitter:card\" content=\"summary_large_image\" \/>\n<meta name=\"twitter:label1\" content=\"Procijenjeno vrijeme \u010ditanja\" \/>\n\t<meta name=\"twitter:data1\" content=\"2 minute\" \/>\n<script type=\"application\/ld+json\" class=\"yoast-schema-graph\">{\"@context\":\"https:\\\/\\\/schema.org\",\"@graph\":[{\"@type\":\"WebPage\",\"@id\":\"https:\\\/\\\/ajatutaja.com\\\/izdelek\\\/haakaa-silikonski-cucljalnik-in-grizalo-2v1\\\/\",\"url\":\"https:\\\/\\\/ajatutaja.com\\\/izdelek\\\/haakaa-silikonski-cucljalnik-in-grizalo-2v1\\\/\",\"name\":\"Haakaa silikonski cucljalnik in grizalo 2v1 | Ajatutaja\",\"isPartOf\":{\"@id\":\"https:\\\/\\\/ajatutaja.com\\\/#website\"},\"primaryImageOfPage\":{\"@id\":\"https:\\\/\\\/ajatutaja.com\\\/izdelek\\\/haakaa-silikonski-cucljalnik-in-grizalo-2v1\\\/#primaryimage\"},\"image\":{\"@id\":\"https:\\\/\\\/ajatutaja.com\\\/izdelek\\\/haakaa-silikonski-cucljalnik-in-grizalo-2v1\\\/#primaryimage\"},\"thumbnailUrl\":\"https:\\\/\\\/ajatutaja.com\\\/wp-content\\\/uploads\\\/2022\\\/07\\\/Haakaa-set-za-hranjenje.jpg\",\"datePublished\":\"2022-07-04T12:29:11+00:00\",\"dateModified\":\"2026-03-12T13:54:01+00:00\",\"description\":\"Minikoioi Pulps cucljalnik iz silikona je priro\u010den pripomo\u010dek za hranjenje, primeren za otroke od 6m dalje. V silikonski \u017eepek lahko vstavite sve\u017ee ali zamrznjeno hrano, ki bo po\u010dasi pronicala skozi luknjice.\",\"breadcrumb\":{\"@id\":\"https:\\\/\\\/ajatutaja.com\\\/izdelek\\\/haakaa-silikonski-cucljalnik-in-grizalo-2v1\\\/#breadcrumb\"},\"inLanguage\":\"hr\",\"potentialAction\":[{\"@type\":\"ReadAction\",\"target\":[\"https:\\\/\\\/ajatutaja.com\\\/izdelek\\\/haakaa-silikonski-cucljalnik-in-grizalo-2v1\\\/\"]}]},{\"@type\":\"ImageObject\",\"inLanguage\":\"hr\",\"@id\":\"https:\\\/\\\/ajatutaja.com\\\/izdelek\\\/haakaa-silikonski-cucljalnik-in-grizalo-2v1\\\/#primaryimage\",\"url\":\"https:\\\/\\\/ajatutaja.com\\\/wp-content\\\/uploads\\\/2022\\\/07\\\/Haakaa-set-za-hranjenje.jpg\",\"contentUrl\":\"https:\\\/\\\/ajatutaja.com\\\/wp-content\\\/uploads\\\/2022\\\/07\\\/Haakaa-set-za-hranjenje.jpg\",\"width\":1000,\"height\":1000},{\"@type\":\"BreadcrumbList\",\"@id\":\"https:\\\/\\\/ajatutaja.com\\\/izdelek\\\/haakaa-silikonski-cucljalnik-in-grizalo-2v1\\\/#breadcrumb\",\"itemListElement\":[{\"@type\":\"ListItem\",\"position\":1,\"name\":\"Home\",\"item\":\"https:\\\/\\\/ajatutaja.com\\\/hr\\\/\"},{\"@type\":\"ListItem\",\"position\":2,\"name\":\"Trgovina\",\"item\":\"https:\\\/\\\/ajatutaja.com\\\/hr\\\/trgovina\\\/\"},{\"@type\":\"ListItem\",\"position\":3,\"name\":\"Haakaa silikonski cucljalnik in grizalo 2v1\"}]},{\"@type\":\"WebSite\",\"@id\":\"https:\\\/\\\/ajatutaja.com\\\/#website\",\"url\":\"https:\\\/\\\/ajatutaja.com\\\/\",\"name\":\"Ajatutaja\",\"description\":\"Otro\u0161ka spletna trgovina AJATUTAJA\",\"publisher\":{\"@id\":\"https:\\\/\\\/ajatutaja.com\\\/#organization\"},\"potentialAction\":[{\"@type\":\"SearchAction\",\"target\":{\"@type\":\"EntryPoint\",\"urlTemplate\":\"https:\\\/\\\/ajatutaja.com\\\/?s={search_term_string}\"},\"query-input\":{\"@type\":\"PropertyValueSpecification\",\"valueRequired\":true,\"valueName\":\"search_term_string\"}}],\"inLanguage\":\"hr\"},{\"@type\":\"Organization\",\"@id\":\"https:\\\/\\\/ajatutaja.com\\\/#organization\",\"name\":\"Ajatutaja\",\"url\":\"https:\\\/\\\/ajatutaja.com\\\/\",\"logo\":{\"@type\":\"ImageObject\",\"inLanguage\":\"hr\",\"@id\":\"https:\\\/\\\/ajatutaja.com\\\/#\\\/schema\\\/logo\\\/image\\\/\",\"url\":\"https:\\\/\\\/ajatutaja.com\\\/wp-content\\\/uploads\\\/2021\\\/10\\\/logo.png\",\"contentUrl\":\"https:\\\/\\\/ajatutaja.com\\\/wp-content\\\/uploads\\\/2021\\\/10\\\/logo.png\",\"width\":555,\"height\":150,\"caption\":\"Ajatutaja\"},\"image\":{\"@id\":\"https:\\\/\\\/ajatutaja.com\\\/#\\\/schema\\\/logo\\\/image\\\/\"}}]}<\/script>\n<!-- \/ Yoast SEO plugin. -->","yoast_head_json":{"title":"Haakaa silikonski cucljalnik in grizalo 2v1 | Ajatutaja","description":"Minikoioi Pulps cucljalnik iz silikona je priro\u010den pripomo\u010dek za hranjenje, primeren za otroke od 6m dalje. V silikonski \u017eepek lahko vstavite sve\u017ee ali zamrznjeno hrano, ki bo po\u010dasi pronicala skozi luknjice.","robots":{"index":"index","follow":"follow","max-snippet":"max-snippet:-1","max-image-preview":"max-image-preview:large","max-video-preview":"max-video-preview:-1"},"canonical":"https:\/\/ajatutaja.com\/izdelek\/haakaa-silikonski-cucljalnik-in-grizalo-2v1\/","og_locale":"hr_HR","og_type":"article","og_title":"Haakaa silikonski cucljalnik in grizalo 2v1 | Ajatutaja","og_description":"Minikoioi Pulps cucljalnik iz silikona je priro\u010den pripomo\u010dek za hranjenje, primeren za otroke od 6m dalje. V silikonski \u017eepek lahko vstavite sve\u017ee ali zamrznjeno hrano, ki bo po\u010dasi pronicala skozi luknjice.","og_url":"https:\/\/ajatutaja.com\/izdelek\/haakaa-silikonski-cucljalnik-in-grizalo-2v1\/","og_site_name":"Ajatutaja","article_modified_time":"2026-03-12T13:54:01+00:00","og_image":[{"width":1000,"height":1000,"url":"https:\/\/ajatutaja.com\/wp-content\/uploads\/2022\/07\/Haakaa-set-za-hranjenje.jpg","type":"image\/jpeg"}],"twitter_card":"summary_large_image","twitter_misc":{"Procijenjeno vrijeme \u010ditanja":"2 minute"},"schema":{"@context":"https:\/\/schema.org","@graph":[{"@type":"WebPage","@id":"https:\/\/ajatutaja.com\/izdelek\/haakaa-silikonski-cucljalnik-in-grizalo-2v1\/","url":"https:\/\/ajatutaja.com\/izdelek\/haakaa-silikonski-cucljalnik-in-grizalo-2v1\/","name":"Haakaa silikonski cucljalnik in grizalo 2v1 | Ajatutaja","isPartOf":{"@id":"https:\/\/ajatutaja.com\/#website"},"primaryImageOfPage":{"@id":"https:\/\/ajatutaja.com\/izdelek\/haakaa-silikonski-cucljalnik-in-grizalo-2v1\/#primaryimage"},"image":{"@id":"https:\/\/ajatutaja.com\/izdelek\/haakaa-silikonski-cucljalnik-in-grizalo-2v1\/#primaryimage"},"thumbnailUrl":"https:\/\/ajatutaja.com\/wp-content\/uploads\/2022\/07\/Haakaa-set-za-hranjenje.jpg","datePublished":"2022-07-04T12:29:11+00:00","dateModified":"2026-03-12T13:54:01+00:00","description":"Minikoioi Pulps cucljalnik iz silikona je priro\u010den pripomo\u010dek za hranjenje, primeren za otroke od 6m dalje. V silikonski \u017eepek lahko vstavite sve\u017ee ali zamrznjeno hrano, ki bo po\u010dasi pronicala skozi luknjice.","breadcrumb":{"@id":"https:\/\/ajatutaja.com\/izdelek\/haakaa-silikonski-cucljalnik-in-grizalo-2v1\/#breadcrumb"},"inLanguage":"hr","potentialAction":[{"@type":"ReadAction","target":["https:\/\/ajatutaja.com\/izdelek\/haakaa-silikonski-cucljalnik-in-grizalo-2v1\/"]}]},{"@type":"ImageObject","inLanguage":"hr","@id":"https:\/\/ajatutaja.com\/izdelek\/haakaa-silikonski-cucljalnik-in-grizalo-2v1\/#primaryimage","url":"https:\/\/ajatutaja.com\/wp-content\/uploads\/2022\/07\/Haakaa-set-za-hranjenje.jpg","contentUrl":"https:\/\/ajatutaja.com\/wp-content\/uploads\/2022\/07\/Haakaa-set-za-hranjenje.jpg","width":1000,"height":1000},{"@type":"BreadcrumbList","@id":"https:\/\/ajatutaja.com\/izdelek\/haakaa-silikonski-cucljalnik-in-grizalo-2v1\/#breadcrumb","itemListElement":[{"@type":"ListItem","position":1,"name":"Home","item":"https:\/\/ajatutaja.com\/hr\/"},{"@type":"ListItem","position":2,"name":"Trgovina","item":"https:\/\/ajatutaja.com\/hr\/trgovina\/"},{"@type":"ListItem","position":3,"name":"Haakaa silikonski cucljalnik in grizalo 2v1"}]},{"@type":"WebSite","@id":"https:\/\/ajatutaja.com\/#website","url":"https:\/\/ajatutaja.com\/","name":"Ajatutaja","description":"Otro\u0161ka spletna trgovina AJATUTAJA","publisher":{"@id":"https:\/\/ajatutaja.com\/#organization"},"potentialAction":[{"@type":"SearchAction","target":{"@type":"EntryPoint","urlTemplate":"https:\/\/ajatutaja.com\/?s={search_term_string}"},"query-input":{"@type":"PropertyValueSpecification","valueRequired":true,"valueName":"search_term_string"}}],"inLanguage":"hr"},{"@type":"Organization","@id":"https:\/\/ajatutaja.com\/#organization","name":"Ajatutaja","url":"https:\/\/ajatutaja.com\/","logo":{"@type":"ImageObject","inLanguage":"hr","@id":"https:\/\/ajatutaja.com\/#\/schema\/logo\/image\/","url":"https:\/\/ajatutaja.com\/wp-content\/uploads\/2021\/10\/logo.png","contentUrl":"https:\/\/ajatutaja.com\/wp-content\/uploads\/2021\/10\/logo.png","width":555,"height":150,"caption":"Ajatutaja"},"image":{"@id":"https:\/\/ajatutaja.com\/#\/schema\/logo\/image\/"}}]}},"brands":[{"id":4558,"name":"Haakaa","slug":"haakaa"},{"id":2269,"name":"Hranjenje","slug":"hranjenje"}],"_links":{"self":[{"href":"https:\/\/ajatutaja.com\/hr\/wp-json\/wp\/v2\/product\/36618","targetHints":{"allow":["GET"]}}],"collection":[{"href":"https:\/\/ajatutaja.com\/hr\/wp-json\/wp\/v2\/product"}],"about":[{"href":"https:\/\/ajatutaja.com\/hr\/wp-json\/wp\/v2\/types\/product"}],"wp:featuredmedia":[{"embeddable":true,"href":"https:\/\/ajatutaja.com\/hr\/wp-json\/wp\/v2\/media\/82923"}],"wp:attachment":[{"href":"https:\/\/ajatutaja.com\/hr\/wp-json\/wp\/v2\/media?parent=36618"}],"wp:term":[{"taxonomy":"pwb-brand","embeddable":true,"href":"https:\/\/ajatutaja.com\/hr\/wp-json\/wp\/v2\/pwb-brand?post=36618"},{"taxonomy":"product_brand","embeddable":true,"href":"https:\/\/ajatutaja.com\/hr\/wp-json\/wp\/v2\/product_brand?post=36618"},{"taxonomy":"product_cat","embeddable":true,"href":"https:\/\/ajatutaja.com\/hr\/wp-json\/wp\/v2\/product_cat?post=36618"},{"taxonomy":"product_tag","embeddable":true,"href":"https:\/\/ajatutaja.com\/hr\/wp-json\/wp\/v2\/product_tag?post=36618"}],"curies":[{"name":"wp","href":"https:\/\/api.w.org\/{rel}","templated":true}]}}