{"id":36586,"date":"2025-02-01T20:24:44","date_gmt":"2025-02-01T19:24:44","guid":{"rendered":"https:\/\/ajatutaja.com\/?post_type=product&#038;p=36586"},"modified":"2026-02-01T08:56:34","modified_gmt":"2026-02-01T07:56:34","slug":"otroski-kopalni-plascek-little-dutch-fairy-blossom","status":"publish","type":"product","link":"https:\/\/ajatutaja.com\/hr\/proizvod\/otroski-kopalni-plascek-little-dutch-fairy-blossom\/","title":{"rendered":"Otro\u0161ki kopalni pla\u0161\u010dek Little Dutch &#8211; Fairy Blossom"},"content":{"rendered":"<p>[vc_row][vc_column][vc_column_text]<\/p>\n<h3>Lastnosti Little Dutch kopalnega pla\u0161\u010dka s kapuco:<\/h3>\n<ul>\n<li>3 velikosti na voljo (74\/80, 86\/92, 89\/104)<\/li>\n<li>Material: 100% organski bomba\u017e<\/li>\n<li>Primerno za strojno pranje na 40 \u00b0C<\/li>\n<\/ul>\n<p>[\/vc_column_text][\/vc_column][\/vc_row]<\/p>\n","protected":false},"excerpt":{"rendered":"<p id=\"tw-target-text\" dir=\"ltr\" data-placeholder=\"Prevod\"><span lang=\"sl\">Otro\u0161ki kopalni pla\u0161\u010dek s kapuco Little Dutch Fairy Blossom v roza barvi z vezenimi ro\u017eicami ima 2 \u017eepa in pas. Mehek in prijeten material iz bomba\u017ea bo lepo ovil va\u0161ega mal\u010dka in ga tudi hitro posu\u0161il.<br \/>\n<\/span><\/p>\n","protected":false},"featured_media":73082,"template":"","meta":[],"pwb-brand":[4893,2696,2658],"product_brand":[],"product_cat":[2648,2713,2609,2608,2683,2408,2361],"product_tag":[5614,5248,4002],"class_list":{"0":"post-36586","1":"product","2":"type-product","3":"status-publish","4":"has-post-thumbnail","6":"pwb-brand-little-dutch-moda","7":"pwb-brand-moda","8":"pwb-brand-nega-in-kopanje","9":"product_cat-brisace-in-kopalni-plasci","10":"product_cat-darilo-za-deklico","11":"product_cat-moda","12":"product_cat-nega-in-kopanje","13":"product_cat-oblacila-za-deklico","14":"product_cat-poletni-pripomocki","15":"product_cat-potepanje","16":"product_tag-fairy-garden","17":"product_tag-ld-summer-collection","18":"product_tag-little-dutch","20":"first","21":"instock","22":"taxable","23":"shipping-taxable","24":"purchasable","25":"product-type-variable","26":"add-to-wishlist-before_image"},"yoast_head":"<!-- This site is optimized with the Yoast SEO plugin v27.6 - https:\/\/yoast.com\/product\/yoast-seo-wordpress\/ -->\n<title>Otro\u0161ki kopalni pla\u0161\u010dek Little Dutch - Fairy Blossom | Ajatutaja<\/title>\n<meta name=\"description\" content=\"Otro\u0161ki kopalni pla\u0161\u010dek s kapuco Little Dutch Fairy Blossom v roza barvi z vezenimi ro\u017eicami ima 2 \u017eepa in pas. Mehek in prijeten material iz bomba\u017ea bo lepo ovil va\u0161ega mal\u010dka in ga tudi hitro posu\u0161il.\" \/>\n<meta name=\"robots\" content=\"index, follow, max-snippet:-1, max-image-preview:large, max-video-preview:-1\" \/>\n<link rel=\"canonical\" href=\"https:\/\/ajatutaja.com\/izdelek\/otroski-kopalni-plascek-little-dutch-fairy-blossom\/\" \/>\n<meta property=\"og:locale\" content=\"hr_HR\" \/>\n<meta property=\"og:type\" content=\"article\" \/>\n<meta property=\"og:title\" content=\"Otro\u0161ki kopalni pla\u0161\u010dek Little Dutch - Fairy Blossom | Ajatutaja\" \/>\n<meta property=\"og:description\" content=\"Otro\u0161ki kopalni pla\u0161\u010dek s kapuco Little Dutch Fairy Blossom v roza barvi z vezenimi ro\u017eicami ima 2 \u017eepa in pas. Mehek in prijeten material iz bomba\u017ea bo lepo ovil va\u0161ega mal\u010dka in ga tudi hitro posu\u0161il.\" \/>\n<meta property=\"og:url\" content=\"https:\/\/ajatutaja.com\/izdelek\/otroski-kopalni-plascek-little-dutch-fairy-blossom\/\" \/>\n<meta property=\"og:site_name\" content=\"Ajatutaja\" \/>\n<meta property=\"article:modified_time\" content=\"2026-02-01T07:56:34+00:00\" \/>\n<meta property=\"og:image\" content=\"https:\/\/ajatutaja.com\/wp-content\/uploads\/2022\/07\/Little-dutch-otroski-kopalni-plascek-pink-blossom-1.jpeg\" \/>\n\t<meta property=\"og:image:width\" content=\"1080\" \/>\n\t<meta property=\"og:image:height\" content=\"1080\" \/>\n\t<meta property=\"og:image:type\" content=\"image\/jpeg\" \/>\n<meta name=\"twitter:card\" content=\"summary_large_image\" \/>\n<script type=\"application\/ld+json\" class=\"yoast-schema-graph\">{\"@context\":\"https:\\\/\\\/schema.org\",\"@graph\":[{\"@type\":\"WebPage\",\"@id\":\"https:\\\/\\\/ajatutaja.com\\\/izdelek\\\/otroski-kopalni-plascek-little-dutch-fairy-blossom\\\/\",\"url\":\"https:\\\/\\\/ajatutaja.com\\\/izdelek\\\/otroski-kopalni-plascek-little-dutch-fairy-blossom\\\/\",\"name\":\"Otro\u0161ki kopalni pla\u0161\u010dek Little Dutch - Fairy Blossom | Ajatutaja\",\"isPartOf\":{\"@id\":\"https:\\\/\\\/ajatutaja.com\\\/#website\"},\"primaryImageOfPage\":{\"@id\":\"https:\\\/\\\/ajatutaja.com\\\/izdelek\\\/otroski-kopalni-plascek-little-dutch-fairy-blossom\\\/#primaryimage\"},\"image\":{\"@id\":\"https:\\\/\\\/ajatutaja.com\\\/izdelek\\\/otroski-kopalni-plascek-little-dutch-fairy-blossom\\\/#primaryimage\"},\"thumbnailUrl\":\"https:\\\/\\\/ajatutaja.com\\\/wp-content\\\/uploads\\\/2022\\\/07\\\/Little-dutch-otroski-kopalni-plascek-pink-blossom-1.jpeg\",\"datePublished\":\"2025-02-01T19:24:44+00:00\",\"dateModified\":\"2026-02-01T07:56:34+00:00\",\"description\":\"Otro\u0161ki kopalni pla\u0161\u010dek s kapuco Little Dutch Fairy Blossom v roza barvi z vezenimi ro\u017eicami ima 2 \u017eepa in pas. Mehek in prijeten material iz bomba\u017ea bo lepo ovil va\u0161ega mal\u010dka in ga tudi hitro posu\u0161il.\",\"breadcrumb\":{\"@id\":\"https:\\\/\\\/ajatutaja.com\\\/izdelek\\\/otroski-kopalni-plascek-little-dutch-fairy-blossom\\\/#breadcrumb\"},\"inLanguage\":\"hr\",\"potentialAction\":[{\"@type\":\"ReadAction\",\"target\":[\"https:\\\/\\\/ajatutaja.com\\\/izdelek\\\/otroski-kopalni-plascek-little-dutch-fairy-blossom\\\/\"]}]},{\"@type\":\"ImageObject\",\"inLanguage\":\"hr\",\"@id\":\"https:\\\/\\\/ajatutaja.com\\\/izdelek\\\/otroski-kopalni-plascek-little-dutch-fairy-blossom\\\/#primaryimage\",\"url\":\"https:\\\/\\\/ajatutaja.com\\\/wp-content\\\/uploads\\\/2022\\\/07\\\/Little-dutch-otroski-kopalni-plascek-pink-blossom-1.jpeg\",\"contentUrl\":\"https:\\\/\\\/ajatutaja.com\\\/wp-content\\\/uploads\\\/2022\\\/07\\\/Little-dutch-otroski-kopalni-plascek-pink-blossom-1.jpeg\",\"width\":1080,\"height\":1080},{\"@type\":\"BreadcrumbList\",\"@id\":\"https:\\\/\\\/ajatutaja.com\\\/izdelek\\\/otroski-kopalni-plascek-little-dutch-fairy-blossom\\\/#breadcrumb\",\"itemListElement\":[{\"@type\":\"ListItem\",\"position\":1,\"name\":\"Home\",\"item\":\"https:\\\/\\\/ajatutaja.com\\\/hr\\\/\"},{\"@type\":\"ListItem\",\"position\":2,\"name\":\"Trgovina\",\"item\":\"https:\\\/\\\/ajatutaja.com\\\/hr\\\/trgovina\\\/\"},{\"@type\":\"ListItem\",\"position\":3,\"name\":\"Otro\u0161ki kopalni pla\u0161\u010dek Little Dutch &#8211; Fairy Blossom\"}]},{\"@type\":\"WebSite\",\"@id\":\"https:\\\/\\\/ajatutaja.com\\\/#website\",\"url\":\"https:\\\/\\\/ajatutaja.com\\\/\",\"name\":\"Ajatutaja\",\"description\":\"Otro\u0161ka spletna trgovina AJATUTAJA\",\"publisher\":{\"@id\":\"https:\\\/\\\/ajatutaja.com\\\/#organization\"},\"potentialAction\":[{\"@type\":\"SearchAction\",\"target\":{\"@type\":\"EntryPoint\",\"urlTemplate\":\"https:\\\/\\\/ajatutaja.com\\\/?s={search_term_string}\"},\"query-input\":{\"@type\":\"PropertyValueSpecification\",\"valueRequired\":true,\"valueName\":\"search_term_string\"}}],\"inLanguage\":\"hr\"},{\"@type\":\"Organization\",\"@id\":\"https:\\\/\\\/ajatutaja.com\\\/#organization\",\"name\":\"Ajatutaja\",\"url\":\"https:\\\/\\\/ajatutaja.com\\\/\",\"logo\":{\"@type\":\"ImageObject\",\"inLanguage\":\"hr\",\"@id\":\"https:\\\/\\\/ajatutaja.com\\\/#\\\/schema\\\/logo\\\/image\\\/\",\"url\":\"https:\\\/\\\/ajatutaja.com\\\/wp-content\\\/uploads\\\/2021\\\/10\\\/logo.png\",\"contentUrl\":\"https:\\\/\\\/ajatutaja.com\\\/wp-content\\\/uploads\\\/2021\\\/10\\\/logo.png\",\"width\":555,\"height\":150,\"caption\":\"Ajatutaja\"},\"image\":{\"@id\":\"https:\\\/\\\/ajatutaja.com\\\/#\\\/schema\\\/logo\\\/image\\\/\"}}]}<\/script>\n<!-- \/ Yoast SEO plugin. -->","yoast_head_json":{"title":"Otro\u0161ki kopalni pla\u0161\u010dek Little Dutch - Fairy Blossom | Ajatutaja","description":"Otro\u0161ki kopalni pla\u0161\u010dek s kapuco Little Dutch Fairy Blossom v roza barvi z vezenimi ro\u017eicami ima 2 \u017eepa in pas. Mehek in prijeten material iz bomba\u017ea bo lepo ovil va\u0161ega mal\u010dka in ga tudi hitro posu\u0161il.","robots":{"index":"index","follow":"follow","max-snippet":"max-snippet:-1","max-image-preview":"max-image-preview:large","max-video-preview":"max-video-preview:-1"},"canonical":"https:\/\/ajatutaja.com\/izdelek\/otroski-kopalni-plascek-little-dutch-fairy-blossom\/","og_locale":"hr_HR","og_type":"article","og_title":"Otro\u0161ki kopalni pla\u0161\u010dek Little Dutch - Fairy Blossom | Ajatutaja","og_description":"Otro\u0161ki kopalni pla\u0161\u010dek s kapuco Little Dutch Fairy Blossom v roza barvi z vezenimi ro\u017eicami ima 2 \u017eepa in pas. Mehek in prijeten material iz bomba\u017ea bo lepo ovil va\u0161ega mal\u010dka in ga tudi hitro posu\u0161il.","og_url":"https:\/\/ajatutaja.com\/izdelek\/otroski-kopalni-plascek-little-dutch-fairy-blossom\/","og_site_name":"Ajatutaja","article_modified_time":"2026-02-01T07:56:34+00:00","og_image":[{"width":1080,"height":1080,"url":"https:\/\/ajatutaja.com\/wp-content\/uploads\/2022\/07\/Little-dutch-otroski-kopalni-plascek-pink-blossom-1.jpeg","type":"image\/jpeg"}],"twitter_card":"summary_large_image","schema":{"@context":"https:\/\/schema.org","@graph":[{"@type":"WebPage","@id":"https:\/\/ajatutaja.com\/izdelek\/otroski-kopalni-plascek-little-dutch-fairy-blossom\/","url":"https:\/\/ajatutaja.com\/izdelek\/otroski-kopalni-plascek-little-dutch-fairy-blossom\/","name":"Otro\u0161ki kopalni pla\u0161\u010dek Little Dutch - Fairy Blossom | Ajatutaja","isPartOf":{"@id":"https:\/\/ajatutaja.com\/#website"},"primaryImageOfPage":{"@id":"https:\/\/ajatutaja.com\/izdelek\/otroski-kopalni-plascek-little-dutch-fairy-blossom\/#primaryimage"},"image":{"@id":"https:\/\/ajatutaja.com\/izdelek\/otroski-kopalni-plascek-little-dutch-fairy-blossom\/#primaryimage"},"thumbnailUrl":"https:\/\/ajatutaja.com\/wp-content\/uploads\/2022\/07\/Little-dutch-otroski-kopalni-plascek-pink-blossom-1.jpeg","datePublished":"2025-02-01T19:24:44+00:00","dateModified":"2026-02-01T07:56:34+00:00","description":"Otro\u0161ki kopalni pla\u0161\u010dek s kapuco Little Dutch Fairy Blossom v roza barvi z vezenimi ro\u017eicami ima 2 \u017eepa in pas. Mehek in prijeten material iz bomba\u017ea bo lepo ovil va\u0161ega mal\u010dka in ga tudi hitro posu\u0161il.","breadcrumb":{"@id":"https:\/\/ajatutaja.com\/izdelek\/otroski-kopalni-plascek-little-dutch-fairy-blossom\/#breadcrumb"},"inLanguage":"hr","potentialAction":[{"@type":"ReadAction","target":["https:\/\/ajatutaja.com\/izdelek\/otroski-kopalni-plascek-little-dutch-fairy-blossom\/"]}]},{"@type":"ImageObject","inLanguage":"hr","@id":"https:\/\/ajatutaja.com\/izdelek\/otroski-kopalni-plascek-little-dutch-fairy-blossom\/#primaryimage","url":"https:\/\/ajatutaja.com\/wp-content\/uploads\/2022\/07\/Little-dutch-otroski-kopalni-plascek-pink-blossom-1.jpeg","contentUrl":"https:\/\/ajatutaja.com\/wp-content\/uploads\/2022\/07\/Little-dutch-otroski-kopalni-plascek-pink-blossom-1.jpeg","width":1080,"height":1080},{"@type":"BreadcrumbList","@id":"https:\/\/ajatutaja.com\/izdelek\/otroski-kopalni-plascek-little-dutch-fairy-blossom\/#breadcrumb","itemListElement":[{"@type":"ListItem","position":1,"name":"Home","item":"https:\/\/ajatutaja.com\/hr\/"},{"@type":"ListItem","position":2,"name":"Trgovina","item":"https:\/\/ajatutaja.com\/hr\/trgovina\/"},{"@type":"ListItem","position":3,"name":"Otro\u0161ki kopalni pla\u0161\u010dek Little Dutch &#8211; Fairy Blossom"}]},{"@type":"WebSite","@id":"https:\/\/ajatutaja.com\/#website","url":"https:\/\/ajatutaja.com\/","name":"Ajatutaja","description":"Otro\u0161ka spletna trgovina AJATUTAJA","publisher":{"@id":"https:\/\/ajatutaja.com\/#organization"},"potentialAction":[{"@type":"SearchAction","target":{"@type":"EntryPoint","urlTemplate":"https:\/\/ajatutaja.com\/?s={search_term_string}"},"query-input":{"@type":"PropertyValueSpecification","valueRequired":true,"valueName":"search_term_string"}}],"inLanguage":"hr"},{"@type":"Organization","@id":"https:\/\/ajatutaja.com\/#organization","name":"Ajatutaja","url":"https:\/\/ajatutaja.com\/","logo":{"@type":"ImageObject","inLanguage":"hr","@id":"https:\/\/ajatutaja.com\/#\/schema\/logo\/image\/","url":"https:\/\/ajatutaja.com\/wp-content\/uploads\/2021\/10\/logo.png","contentUrl":"https:\/\/ajatutaja.com\/wp-content\/uploads\/2021\/10\/logo.png","width":555,"height":150,"caption":"Ajatutaja"},"image":{"@id":"https:\/\/ajatutaja.com\/#\/schema\/logo\/image\/"}}]}},"brands":[{"id":4893,"name":"Little Dutch","slug":"little-dutch-moda"},{"id":2696,"name":"Moda","slug":"moda"},{"id":2658,"name":"Nega in kopanje","slug":"nega-in-kopanje"}],"_links":{"self":[{"href":"https:\/\/ajatutaja.com\/hr\/wp-json\/wp\/v2\/product\/36586","targetHints":{"allow":["GET"]}}],"collection":[{"href":"https:\/\/ajatutaja.com\/hr\/wp-json\/wp\/v2\/product"}],"about":[{"href":"https:\/\/ajatutaja.com\/hr\/wp-json\/wp\/v2\/types\/product"}],"wp:featuredmedia":[{"embeddable":true,"href":"https:\/\/ajatutaja.com\/hr\/wp-json\/wp\/v2\/media\/73082"}],"wp:attachment":[{"href":"https:\/\/ajatutaja.com\/hr\/wp-json\/wp\/v2\/media?parent=36586"}],"wp:term":[{"taxonomy":"pwb-brand","embeddable":true,"href":"https:\/\/ajatutaja.com\/hr\/wp-json\/wp\/v2\/pwb-brand?post=36586"},{"taxonomy":"product_brand","embeddable":true,"href":"https:\/\/ajatutaja.com\/hr\/wp-json\/wp\/v2\/product_brand?post=36586"},{"taxonomy":"product_cat","embeddable":true,"href":"https:\/\/ajatutaja.com\/hr\/wp-json\/wp\/v2\/product_cat?post=36586"},{"taxonomy":"product_tag","embeddable":true,"href":"https:\/\/ajatutaja.com\/hr\/wp-json\/wp\/v2\/product_tag?post=36586"}],"curies":[{"name":"wp","href":"https:\/\/api.w.org\/{rel}","templated":true}]}}