{"id":36474,"date":"2024-04-20T06:57:06","date_gmt":"2024-04-20T04:57:06","guid":{"rendered":"https:\/\/ajatutaja.com\/?post_type=product&#038;p=36474"},"modified":"2026-03-12T14:47:14","modified_gmt":"2026-03-12T13:47:14","slug":"sencnik-za-avto-little-dutch-sailors-bay-pak-2","status":"publish","type":"product","link":"https:\/\/ajatutaja.com\/hr\/proizvod\/sencnik-za-avto-little-dutch-sailors-bay-pak-2\/","title":{"rendered":"Sen\u010dnik za avto Little Dutch &#8211; Ocean Blue (pak. 2)"},"content":{"rendered":"<h4><strong>Lastnosti sen\u010dnika za avto Little Dutch:<\/strong><\/h4>\n<ul>\n<li>Velikost: 37x45x2 cm<\/li>\n<li>Skladnost: (EC) 1907\/2006, EN71-1,3<\/li>\n<li>Komplet vsebuje 2x sen\u010dnik<\/li>\n<li>Sestava: najlon z aluminijastim obro\u010dem<\/li>\n<li>Na voljo v dveh barvah<\/li>\n<\/ul>\n","protected":false},"excerpt":{"rendered":"<p>Sen\u010dniki za avto Little Dutch bodo poskrbeli, da bo vo\u017enja z va\u0161im mal\u010dkom varna in udobna. Set dveh ljubkih sen\u010dil bo za\u0161\u010ditil va\u0161ega otroka pred son\u010dnimi \u017earki in UV-sevanjem. <span lang=\"sl\">Preprosto uporabite prisesalne blazinice, da pritrdite sen\u010dnike na stranska okna zadaj.\u00a0 Na voljo v dveh barvah. Velikost enega sen\u010dnika je pribli\u017eno 45&#215;37 cm in ustreza ve\u010dini avtomobilskih oken.<\/span><\/p>\n","protected":false},"featured_media":63772,"template":"","meta":[],"pwb-brand":[2457,2409],"product_brand":[],"product_cat":[2349,2408,2361],"product_tag":[5248,4002],"class_list":{"0":"post-36474","1":"product","2":"type-product","3":"status-publish","4":"has-post-thumbnail","6":"pwb-brand-little-dutch-igra","7":"pwb-brand-potepanje","8":"product_cat-dodatna-oprema","9":"product_cat-poletni-pripomocki","10":"product_cat-potepanje","11":"product_tag-ld-summer-collection","12":"product_tag-little-dutch","14":"first","15":"outofstock","16":"taxable","17":"shipping-taxable","18":"purchasable","19":"product-type-simple","20":"add-to-wishlist-before_image"},"yoast_head":"<!-- This site is optimized with the Yoast SEO plugin v27.3 - https:\/\/yoast.com\/product\/yoast-seo-wordpress\/ -->\n<title>Sen\u010dnik za avto Little Dutch - Ocean Blue (pak. 2) | Ajatutaja<\/title>\n<meta name=\"description\" content=\"Sen\u010dniki za avto Little Dutch bodo poskrbeli, da bo vo\u017enja z va\u0161im mal\u010dkom varna in udobna. Set dveh ljubkih sen\u010dil bo za\u0161\u010ditil va\u0161ega otroka pred son\u010dnimi \u017earki in UV-sevanjem.\" \/>\n<meta name=\"robots\" content=\"index, follow, max-snippet:-1, max-image-preview:large, max-video-preview:-1\" \/>\n<link rel=\"canonical\" href=\"https:\/\/ajatutaja.com\/izdelek\/sencnik-za-avto-little-dutch-sailors-bay-pak-2\/\" \/>\n<meta property=\"og:locale\" content=\"hr_HR\" \/>\n<meta property=\"og:type\" content=\"article\" \/>\n<meta property=\"og:title\" content=\"Sen\u010dnik za avto Little Dutch - Ocean Blue (pak. 2) | Ajatutaja\" \/>\n<meta property=\"og:description\" content=\"Sen\u010dniki za avto Little Dutch bodo poskrbeli, da bo vo\u017enja z va\u0161im mal\u010dkom varna in udobna. Set dveh ljubkih sen\u010dil bo za\u0161\u010ditil va\u0161ega otroka pred son\u010dnimi \u017earki in UV-sevanjem.\" \/>\n<meta property=\"og:url\" content=\"https:\/\/ajatutaja.com\/izdelek\/sencnik-za-avto-little-dutch-sailors-bay-pak-2\/\" \/>\n<meta property=\"og:site_name\" content=\"Ajatutaja\" \/>\n<meta property=\"article:modified_time\" content=\"2026-03-12T13:47:14+00:00\" \/>\n<meta property=\"og:image\" content=\"https:\/\/ajatutaja.com\/wp-content\/uploads\/2022\/07\/Sencnik-za-avto-little-dutch-modra.jpg\" \/>\n\t<meta property=\"og:image:width\" content=\"1000\" \/>\n\t<meta property=\"og:image:height\" content=\"1000\" \/>\n\t<meta property=\"og:image:type\" content=\"image\/jpeg\" \/>\n<meta name=\"twitter:card\" content=\"summary_large_image\" \/>\n<script type=\"application\/ld+json\" class=\"yoast-schema-graph\">{\"@context\":\"https:\\\/\\\/schema.org\",\"@graph\":[{\"@type\":\"WebPage\",\"@id\":\"https:\\\/\\\/ajatutaja.com\\\/izdelek\\\/sencnik-za-avto-little-dutch-sailors-bay-pak-2\\\/\",\"url\":\"https:\\\/\\\/ajatutaja.com\\\/izdelek\\\/sencnik-za-avto-little-dutch-sailors-bay-pak-2\\\/\",\"name\":\"Sen\u010dnik za avto Little Dutch - Ocean Blue (pak. 2) | Ajatutaja\",\"isPartOf\":{\"@id\":\"https:\\\/\\\/ajatutaja.com\\\/#website\"},\"primaryImageOfPage\":{\"@id\":\"https:\\\/\\\/ajatutaja.com\\\/izdelek\\\/sencnik-za-avto-little-dutch-sailors-bay-pak-2\\\/#primaryimage\"},\"image\":{\"@id\":\"https:\\\/\\\/ajatutaja.com\\\/izdelek\\\/sencnik-za-avto-little-dutch-sailors-bay-pak-2\\\/#primaryimage\"},\"thumbnailUrl\":\"https:\\\/\\\/ajatutaja.com\\\/wp-content\\\/uploads\\\/2022\\\/07\\\/Sencnik-za-avto-little-dutch-modra.jpg\",\"datePublished\":\"2024-04-20T04:57:06+00:00\",\"dateModified\":\"2026-03-12T13:47:14+00:00\",\"description\":\"Sen\u010dniki za avto Little Dutch bodo poskrbeli, da bo vo\u017enja z va\u0161im mal\u010dkom varna in udobna. Set dveh ljubkih sen\u010dil bo za\u0161\u010ditil va\u0161ega otroka pred son\u010dnimi \u017earki in UV-sevanjem.\",\"breadcrumb\":{\"@id\":\"https:\\\/\\\/ajatutaja.com\\\/izdelek\\\/sencnik-za-avto-little-dutch-sailors-bay-pak-2\\\/#breadcrumb\"},\"inLanguage\":\"hr\",\"potentialAction\":[{\"@type\":\"ReadAction\",\"target\":[\"https:\\\/\\\/ajatutaja.com\\\/izdelek\\\/sencnik-za-avto-little-dutch-sailors-bay-pak-2\\\/\"]}]},{\"@type\":\"ImageObject\",\"inLanguage\":\"hr\",\"@id\":\"https:\\\/\\\/ajatutaja.com\\\/izdelek\\\/sencnik-za-avto-little-dutch-sailors-bay-pak-2\\\/#primaryimage\",\"url\":\"https:\\\/\\\/ajatutaja.com\\\/wp-content\\\/uploads\\\/2022\\\/07\\\/Sencnik-za-avto-little-dutch-modra.jpg\",\"contentUrl\":\"https:\\\/\\\/ajatutaja.com\\\/wp-content\\\/uploads\\\/2022\\\/07\\\/Sencnik-za-avto-little-dutch-modra.jpg\",\"width\":1000,\"height\":1000},{\"@type\":\"BreadcrumbList\",\"@id\":\"https:\\\/\\\/ajatutaja.com\\\/izdelek\\\/sencnik-za-avto-little-dutch-sailors-bay-pak-2\\\/#breadcrumb\",\"itemListElement\":[{\"@type\":\"ListItem\",\"position\":1,\"name\":\"Home\",\"item\":\"https:\\\/\\\/ajatutaja.com\\\/hr\\\/\"},{\"@type\":\"ListItem\",\"position\":2,\"name\":\"Trgovina\",\"item\":\"https:\\\/\\\/ajatutaja.com\\\/hr\\\/trgovina\\\/\"},{\"@type\":\"ListItem\",\"position\":3,\"name\":\"Sen\u010dnik za avto Little Dutch &#8211; Ocean Blue (pak. 2)\"}]},{\"@type\":\"WebSite\",\"@id\":\"https:\\\/\\\/ajatutaja.com\\\/#website\",\"url\":\"https:\\\/\\\/ajatutaja.com\\\/\",\"name\":\"Ajatutaja\",\"description\":\"Otro\u0161ka spletna trgovina AJATUTAJA\",\"publisher\":{\"@id\":\"https:\\\/\\\/ajatutaja.com\\\/#organization\"},\"potentialAction\":[{\"@type\":\"SearchAction\",\"target\":{\"@type\":\"EntryPoint\",\"urlTemplate\":\"https:\\\/\\\/ajatutaja.com\\\/?s={search_term_string}\"},\"query-input\":{\"@type\":\"PropertyValueSpecification\",\"valueRequired\":true,\"valueName\":\"search_term_string\"}}],\"inLanguage\":\"hr\"},{\"@type\":\"Organization\",\"@id\":\"https:\\\/\\\/ajatutaja.com\\\/#organization\",\"name\":\"Ajatutaja\",\"url\":\"https:\\\/\\\/ajatutaja.com\\\/\",\"logo\":{\"@type\":\"ImageObject\",\"inLanguage\":\"hr\",\"@id\":\"https:\\\/\\\/ajatutaja.com\\\/#\\\/schema\\\/logo\\\/image\\\/\",\"url\":\"https:\\\/\\\/ajatutaja.com\\\/wp-content\\\/uploads\\\/2021\\\/10\\\/logo.png\",\"contentUrl\":\"https:\\\/\\\/ajatutaja.com\\\/wp-content\\\/uploads\\\/2021\\\/10\\\/logo.png\",\"width\":555,\"height\":150,\"caption\":\"Ajatutaja\"},\"image\":{\"@id\":\"https:\\\/\\\/ajatutaja.com\\\/#\\\/schema\\\/logo\\\/image\\\/\"}}]}<\/script>\n<!-- \/ Yoast SEO plugin. -->","yoast_head_json":{"title":"Sen\u010dnik za avto Little Dutch - Ocean Blue (pak. 2) | Ajatutaja","description":"Sen\u010dniki za avto Little Dutch bodo poskrbeli, da bo vo\u017enja z va\u0161im mal\u010dkom varna in udobna. Set dveh ljubkih sen\u010dil bo za\u0161\u010ditil va\u0161ega otroka pred son\u010dnimi \u017earki in UV-sevanjem.","robots":{"index":"index","follow":"follow","max-snippet":"max-snippet:-1","max-image-preview":"max-image-preview:large","max-video-preview":"max-video-preview:-1"},"canonical":"https:\/\/ajatutaja.com\/izdelek\/sencnik-za-avto-little-dutch-sailors-bay-pak-2\/","og_locale":"hr_HR","og_type":"article","og_title":"Sen\u010dnik za avto Little Dutch - Ocean Blue (pak. 2) | Ajatutaja","og_description":"Sen\u010dniki za avto Little Dutch bodo poskrbeli, da bo vo\u017enja z va\u0161im mal\u010dkom varna in udobna. Set dveh ljubkih sen\u010dil bo za\u0161\u010ditil va\u0161ega otroka pred son\u010dnimi \u017earki in UV-sevanjem.","og_url":"https:\/\/ajatutaja.com\/izdelek\/sencnik-za-avto-little-dutch-sailors-bay-pak-2\/","og_site_name":"Ajatutaja","article_modified_time":"2026-03-12T13:47:14+00:00","og_image":[{"width":1000,"height":1000,"url":"https:\/\/ajatutaja.com\/wp-content\/uploads\/2022\/07\/Sencnik-za-avto-little-dutch-modra.jpg","type":"image\/jpeg"}],"twitter_card":"summary_large_image","schema":{"@context":"https:\/\/schema.org","@graph":[{"@type":"WebPage","@id":"https:\/\/ajatutaja.com\/izdelek\/sencnik-za-avto-little-dutch-sailors-bay-pak-2\/","url":"https:\/\/ajatutaja.com\/izdelek\/sencnik-za-avto-little-dutch-sailors-bay-pak-2\/","name":"Sen\u010dnik za avto Little Dutch - Ocean Blue (pak. 2) | Ajatutaja","isPartOf":{"@id":"https:\/\/ajatutaja.com\/#website"},"primaryImageOfPage":{"@id":"https:\/\/ajatutaja.com\/izdelek\/sencnik-za-avto-little-dutch-sailors-bay-pak-2\/#primaryimage"},"image":{"@id":"https:\/\/ajatutaja.com\/izdelek\/sencnik-za-avto-little-dutch-sailors-bay-pak-2\/#primaryimage"},"thumbnailUrl":"https:\/\/ajatutaja.com\/wp-content\/uploads\/2022\/07\/Sencnik-za-avto-little-dutch-modra.jpg","datePublished":"2024-04-20T04:57:06+00:00","dateModified":"2026-03-12T13:47:14+00:00","description":"Sen\u010dniki za avto Little Dutch bodo poskrbeli, da bo vo\u017enja z va\u0161im mal\u010dkom varna in udobna. Set dveh ljubkih sen\u010dil bo za\u0161\u010ditil va\u0161ega otroka pred son\u010dnimi \u017earki in UV-sevanjem.","breadcrumb":{"@id":"https:\/\/ajatutaja.com\/izdelek\/sencnik-za-avto-little-dutch-sailors-bay-pak-2\/#breadcrumb"},"inLanguage":"hr","potentialAction":[{"@type":"ReadAction","target":["https:\/\/ajatutaja.com\/izdelek\/sencnik-za-avto-little-dutch-sailors-bay-pak-2\/"]}]},{"@type":"ImageObject","inLanguage":"hr","@id":"https:\/\/ajatutaja.com\/izdelek\/sencnik-za-avto-little-dutch-sailors-bay-pak-2\/#primaryimage","url":"https:\/\/ajatutaja.com\/wp-content\/uploads\/2022\/07\/Sencnik-za-avto-little-dutch-modra.jpg","contentUrl":"https:\/\/ajatutaja.com\/wp-content\/uploads\/2022\/07\/Sencnik-za-avto-little-dutch-modra.jpg","width":1000,"height":1000},{"@type":"BreadcrumbList","@id":"https:\/\/ajatutaja.com\/izdelek\/sencnik-za-avto-little-dutch-sailors-bay-pak-2\/#breadcrumb","itemListElement":[{"@type":"ListItem","position":1,"name":"Home","item":"https:\/\/ajatutaja.com\/hr\/"},{"@type":"ListItem","position":2,"name":"Trgovina","item":"https:\/\/ajatutaja.com\/hr\/trgovina\/"},{"@type":"ListItem","position":3,"name":"Sen\u010dnik za avto Little Dutch &#8211; Ocean Blue (pak. 2)"}]},{"@type":"WebSite","@id":"https:\/\/ajatutaja.com\/#website","url":"https:\/\/ajatutaja.com\/","name":"Ajatutaja","description":"Otro\u0161ka spletna trgovina AJATUTAJA","publisher":{"@id":"https:\/\/ajatutaja.com\/#organization"},"potentialAction":[{"@type":"SearchAction","target":{"@type":"EntryPoint","urlTemplate":"https:\/\/ajatutaja.com\/?s={search_term_string}"},"query-input":{"@type":"PropertyValueSpecification","valueRequired":true,"valueName":"search_term_string"}}],"inLanguage":"hr"},{"@type":"Organization","@id":"https:\/\/ajatutaja.com\/#organization","name":"Ajatutaja","url":"https:\/\/ajatutaja.com\/","logo":{"@type":"ImageObject","inLanguage":"hr","@id":"https:\/\/ajatutaja.com\/#\/schema\/logo\/image\/","url":"https:\/\/ajatutaja.com\/wp-content\/uploads\/2021\/10\/logo.png","contentUrl":"https:\/\/ajatutaja.com\/wp-content\/uploads\/2021\/10\/logo.png","width":555,"height":150,"caption":"Ajatutaja"},"image":{"@id":"https:\/\/ajatutaja.com\/#\/schema\/logo\/image\/"}}]}},"brands":[{"id":2457,"name":"Little Dutch","slug":"little-dutch-igra"},{"id":2409,"name":"Potepanje","slug":"potepanje"}],"_links":{"self":[{"href":"https:\/\/ajatutaja.com\/hr\/wp-json\/wp\/v2\/product\/36474","targetHints":{"allow":["GET"]}}],"collection":[{"href":"https:\/\/ajatutaja.com\/hr\/wp-json\/wp\/v2\/product"}],"about":[{"href":"https:\/\/ajatutaja.com\/hr\/wp-json\/wp\/v2\/types\/product"}],"wp:featuredmedia":[{"embeddable":true,"href":"https:\/\/ajatutaja.com\/hr\/wp-json\/wp\/v2\/media\/63772"}],"wp:attachment":[{"href":"https:\/\/ajatutaja.com\/hr\/wp-json\/wp\/v2\/media?parent=36474"}],"wp:term":[{"taxonomy":"pwb-brand","embeddable":true,"href":"https:\/\/ajatutaja.com\/hr\/wp-json\/wp\/v2\/pwb-brand?post=36474"},{"taxonomy":"product_brand","embeddable":true,"href":"https:\/\/ajatutaja.com\/hr\/wp-json\/wp\/v2\/product_brand?post=36474"},{"taxonomy":"product_cat","embeddable":true,"href":"https:\/\/ajatutaja.com\/hr\/wp-json\/wp\/v2\/product_cat?post=36474"},{"taxonomy":"product_tag","embeddable":true,"href":"https:\/\/ajatutaja.com\/hr\/wp-json\/wp\/v2\/product_tag?post=36474"}],"curies":[{"name":"wp","href":"https:\/\/api.w.org\/{rel}","templated":true}]}}