{"id":36408,"date":"2022-06-30T15:14:09","date_gmt":"2022-06-30T13:14:09","guid":{"rendered":"https:\/\/ajatutaja.com\/?post_type=product&#038;p=36408"},"modified":"2026-03-04T12:36:48","modified_gmt":"2026-03-04T11:36:48","slug":"pearhead-lesene-milestone-kartice-za-fotografiranje-nosecke","status":"publish","type":"product","link":"https:\/\/ajatutaja.com\/hr\/proizvod\/pearhead-lesene-milestone-kartice-za-fotografiranje-nosecke\/","title":{"rendered":"Pearhead Lesene milestone kartice za fotografiranje nose\u010dke"},"content":{"rendered":"<p>[vc_row][vc_column][vc_column_text]<\/p>\n<div id=\"product_tabs-62bda0e03daea\" class=\"product_extra-242 tab-pane active\">\n<div class=\"block-body expand-block\">\n<div class=\"block-wrapper\">\n<div class=\"block-content \">\n<div>\n<div id=\"product_tabs-62bd9d8288bc0\" class=\"product_extra-242 tab-pane active\">\n<div class=\"block-body expand-block\">\n<div class=\"block-wrapper\">\n<div class=\"block-content \">\n<div>\n<p>Ta komplet vklju\u010duje 8 dvostranskih foto kartic z vgraviranimi oznakami <em>8 weeks, 12 weeks, 16 weeks, 20 weeks, 24 weeks, 28 weeks, 30 weeks, 32 weeks, 34 weeks, 36 weeks, 38 weeks, 40 weeks, baby coming soon, hello world, it\u2019s a boy <\/em>in<em> it\u2019s a girl<\/em>.<\/p>\n<\/div>\n<\/div>\n<\/div>\n<\/div>\n<\/div>\n<\/div>\n<\/div>\n<\/div>\n<\/div>\n<\/div>\n<h3>Lastnosti Pearhead lesenih kartic:<\/h3>\n<ul>\n<li>7 dvostranskih kartic z napisi<\/li>\n<li>Dimenzije kartice: 10,5 x 10,5 x 0,3 cm<\/li>\n<\/ul>\n<p>[\/vc_column_text][\/vc_column][\/vc_row]<\/p>\n","protected":false},"excerpt":{"rendered":"<div class=\"short-description\">\n<div class=\"short-description\">\n<div class=\"short-description\">\n<div class=\"short-description\">\n<p>Pearhead Lesene milestone kartice za fotografiranje nose\u010dke so popoln foto rekvizit za zajemanje trenutkov nose\u010dnosti v vsakem trimese\u010dju in ustvarjanje spominov za dojen\u010dke, s katerimi bo\u0161 lahko ohranila spomin na to posebno obdobje v svojem \u017eivljenju.<\/p>\n<p>Lesene milestone kartice so nevtralne, zato so popolne za mamice, ki pri\u010dakujejo tako pun\u010dko kot fantka!<\/p>\n<\/div>\n<\/div>\n<\/div>\n<\/div>\n","protected":false},"featured_media":36410,"template":"","meta":[],"pwb-brand":[2267,2280],"product_brand":[],"product_cat":[2710,2610,2715,2711,2262,2263,2250],"product_tag":[4261],"class_list":{"0":"post-36408","1":"product","2":"type-product","3":"status-publish","4":"has-post-thumbnail","6":"pwb-brand-nosecnost","7":"pwb-brand-pearhead","8":"product_cat-babyshower-darila","9":"product_cat-darila","10":"product_cat-darilo-do-15e","11":"product_cat-darilo-ob-rojstvu","12":"product_cat-darilo-za-nosecnico","13":"product_cat-foto-spomini","14":"product_cat-nosecnost","15":"product_tag-pearhead","17":"first","18":"instock","19":"taxable","20":"shipping-taxable","21":"purchasable","22":"product-type-simple","23":"add-to-wishlist-before_image"},"yoast_head":"<!-- This site is optimized with the Yoast SEO plugin v27.3 - https:\/\/yoast.com\/product\/yoast-seo-wordpress\/ -->\n<title>Pearhead Lesene milestone kartice za fotografiranje nose\u010dke | Ajatutaja<\/title>\n<meta name=\"description\" content=\"Pearhead Lesene milestone kartice za fotografiranje nose\u010dke so popoln foto rekvizit za zajemanje trenutkov nose\u010dnosti v vsakem trimese\u010dju in ustvarjanje spominov za dojen\u010dke, s katerimi bo\u0161 lahko ohranila spomin na to posebno obdobje v svojem \u017eivljenju.\" \/>\n<meta name=\"robots\" content=\"index, follow, max-snippet:-1, max-image-preview:large, max-video-preview:-1\" \/>\n<link rel=\"canonical\" href=\"https:\/\/ajatutaja.com\/izdelek\/pearhead-lesene-milestone-kartice-za-fotografiranje-nosecke\/\" \/>\n<meta property=\"og:locale\" content=\"hr_HR\" \/>\n<meta property=\"og:type\" content=\"article\" \/>\n<meta property=\"og:title\" content=\"Pearhead Lesene milestone kartice za fotografiranje nose\u010dke | Ajatutaja\" \/>\n<meta property=\"og:description\" content=\"Pearhead Lesene milestone kartice za fotografiranje nose\u010dke so popoln foto rekvizit za zajemanje trenutkov nose\u010dnosti v vsakem trimese\u010dju in ustvarjanje spominov za dojen\u010dke, s katerimi bo\u0161 lahko ohranila spomin na to posebno obdobje v svojem \u017eivljenju.\" \/>\n<meta property=\"og:url\" content=\"https:\/\/ajatutaja.com\/izdelek\/pearhead-lesene-milestone-kartice-za-fotografiranje-nosecke\/\" \/>\n<meta property=\"og:site_name\" content=\"Ajatutaja\" \/>\n<meta property=\"article:modified_time\" content=\"2026-03-04T11:36:48+00:00\" \/>\n<meta property=\"og:image\" content=\"https:\/\/ajatutaja.com\/wp-content\/uploads\/2022\/06\/000-Pearhead-Lesene-milestone-kartice-za-fotografiranje-nosecke-ajatutaja-2.jpg\" \/>\n\t<meta property=\"og:image:width\" content=\"1000\" \/>\n\t<meta property=\"og:image:height\" content=\"1000\" \/>\n\t<meta property=\"og:image:type\" content=\"image\/jpeg\" \/>\n<meta name=\"twitter:card\" content=\"summary_large_image\" \/>\n<meta name=\"twitter:label1\" content=\"Procijenjeno vrijeme \u010ditanja\" \/>\n\t<meta name=\"twitter:data1\" content=\"1 minuta\" \/>\n<script type=\"application\/ld+json\" class=\"yoast-schema-graph\">{\"@context\":\"https:\\\/\\\/schema.org\",\"@graph\":[{\"@type\":\"WebPage\",\"@id\":\"https:\\\/\\\/ajatutaja.com\\\/izdelek\\\/pearhead-lesene-milestone-kartice-za-fotografiranje-nosecke\\\/\",\"url\":\"https:\\\/\\\/ajatutaja.com\\\/izdelek\\\/pearhead-lesene-milestone-kartice-za-fotografiranje-nosecke\\\/\",\"name\":\"Pearhead Lesene milestone kartice za fotografiranje nose\u010dke | Ajatutaja\",\"isPartOf\":{\"@id\":\"https:\\\/\\\/ajatutaja.com\\\/#website\"},\"primaryImageOfPage\":{\"@id\":\"https:\\\/\\\/ajatutaja.com\\\/izdelek\\\/pearhead-lesene-milestone-kartice-za-fotografiranje-nosecke\\\/#primaryimage\"},\"image\":{\"@id\":\"https:\\\/\\\/ajatutaja.com\\\/izdelek\\\/pearhead-lesene-milestone-kartice-za-fotografiranje-nosecke\\\/#primaryimage\"},\"thumbnailUrl\":\"https:\\\/\\\/ajatutaja.com\\\/wp-content\\\/uploads\\\/2022\\\/06\\\/000-Pearhead-Lesene-milestone-kartice-za-fotografiranje-nosecke-ajatutaja-2.jpg\",\"datePublished\":\"2022-06-30T13:14:09+00:00\",\"dateModified\":\"2026-03-04T11:36:48+00:00\",\"description\":\"Pearhead Lesene milestone kartice za fotografiranje nose\u010dke so popoln foto rekvizit za zajemanje trenutkov nose\u010dnosti v vsakem trimese\u010dju in ustvarjanje spominov za dojen\u010dke, s katerimi bo\u0161 lahko ohranila spomin na to posebno obdobje v svojem \u017eivljenju.\",\"breadcrumb\":{\"@id\":\"https:\\\/\\\/ajatutaja.com\\\/izdelek\\\/pearhead-lesene-milestone-kartice-za-fotografiranje-nosecke\\\/#breadcrumb\"},\"inLanguage\":\"hr\",\"potentialAction\":[{\"@type\":\"ReadAction\",\"target\":[\"https:\\\/\\\/ajatutaja.com\\\/izdelek\\\/pearhead-lesene-milestone-kartice-za-fotografiranje-nosecke\\\/\"]}]},{\"@type\":\"ImageObject\",\"inLanguage\":\"hr\",\"@id\":\"https:\\\/\\\/ajatutaja.com\\\/izdelek\\\/pearhead-lesene-milestone-kartice-za-fotografiranje-nosecke\\\/#primaryimage\",\"url\":\"https:\\\/\\\/ajatutaja.com\\\/wp-content\\\/uploads\\\/2022\\\/06\\\/000-Pearhead-Lesene-milestone-kartice-za-fotografiranje-nosecke-ajatutaja-2.jpg\",\"contentUrl\":\"https:\\\/\\\/ajatutaja.com\\\/wp-content\\\/uploads\\\/2022\\\/06\\\/000-Pearhead-Lesene-milestone-kartice-za-fotografiranje-nosecke-ajatutaja-2.jpg\",\"width\":1000,\"height\":1000},{\"@type\":\"BreadcrumbList\",\"@id\":\"https:\\\/\\\/ajatutaja.com\\\/izdelek\\\/pearhead-lesene-milestone-kartice-za-fotografiranje-nosecke\\\/#breadcrumb\",\"itemListElement\":[{\"@type\":\"ListItem\",\"position\":1,\"name\":\"Home\",\"item\":\"https:\\\/\\\/ajatutaja.com\\\/hr\\\/\"},{\"@type\":\"ListItem\",\"position\":2,\"name\":\"Trgovina\",\"item\":\"https:\\\/\\\/ajatutaja.com\\\/hr\\\/trgovina\\\/\"},{\"@type\":\"ListItem\",\"position\":3,\"name\":\"Pearhead Lesene milestone kartice za fotografiranje nose\u010dke\"}]},{\"@type\":\"WebSite\",\"@id\":\"https:\\\/\\\/ajatutaja.com\\\/#website\",\"url\":\"https:\\\/\\\/ajatutaja.com\\\/\",\"name\":\"Ajatutaja\",\"description\":\"Otro\u0161ka spletna trgovina AJATUTAJA\",\"publisher\":{\"@id\":\"https:\\\/\\\/ajatutaja.com\\\/#organization\"},\"potentialAction\":[{\"@type\":\"SearchAction\",\"target\":{\"@type\":\"EntryPoint\",\"urlTemplate\":\"https:\\\/\\\/ajatutaja.com\\\/?s={search_term_string}\"},\"query-input\":{\"@type\":\"PropertyValueSpecification\",\"valueRequired\":true,\"valueName\":\"search_term_string\"}}],\"inLanguage\":\"hr\"},{\"@type\":\"Organization\",\"@id\":\"https:\\\/\\\/ajatutaja.com\\\/#organization\",\"name\":\"Ajatutaja\",\"url\":\"https:\\\/\\\/ajatutaja.com\\\/\",\"logo\":{\"@type\":\"ImageObject\",\"inLanguage\":\"hr\",\"@id\":\"https:\\\/\\\/ajatutaja.com\\\/#\\\/schema\\\/logo\\\/image\\\/\",\"url\":\"https:\\\/\\\/ajatutaja.com\\\/wp-content\\\/uploads\\\/2021\\\/10\\\/logo.png\",\"contentUrl\":\"https:\\\/\\\/ajatutaja.com\\\/wp-content\\\/uploads\\\/2021\\\/10\\\/logo.png\",\"width\":555,\"height\":150,\"caption\":\"Ajatutaja\"},\"image\":{\"@id\":\"https:\\\/\\\/ajatutaja.com\\\/#\\\/schema\\\/logo\\\/image\\\/\"}}]}<\/script>\n<!-- \/ Yoast SEO plugin. -->","yoast_head_json":{"title":"Pearhead Lesene milestone kartice za fotografiranje nose\u010dke | Ajatutaja","description":"Pearhead Lesene milestone kartice za fotografiranje nose\u010dke so popoln foto rekvizit za zajemanje trenutkov nose\u010dnosti v vsakem trimese\u010dju in ustvarjanje spominov za dojen\u010dke, s katerimi bo\u0161 lahko ohranila spomin na to posebno obdobje v svojem \u017eivljenju.","robots":{"index":"index","follow":"follow","max-snippet":"max-snippet:-1","max-image-preview":"max-image-preview:large","max-video-preview":"max-video-preview:-1"},"canonical":"https:\/\/ajatutaja.com\/izdelek\/pearhead-lesene-milestone-kartice-za-fotografiranje-nosecke\/","og_locale":"hr_HR","og_type":"article","og_title":"Pearhead Lesene milestone kartice za fotografiranje nose\u010dke | Ajatutaja","og_description":"Pearhead Lesene milestone kartice za fotografiranje nose\u010dke so popoln foto rekvizit za zajemanje trenutkov nose\u010dnosti v vsakem trimese\u010dju in ustvarjanje spominov za dojen\u010dke, s katerimi bo\u0161 lahko ohranila spomin na to posebno obdobje v svojem \u017eivljenju.","og_url":"https:\/\/ajatutaja.com\/izdelek\/pearhead-lesene-milestone-kartice-za-fotografiranje-nosecke\/","og_site_name":"Ajatutaja","article_modified_time":"2026-03-04T11:36:48+00:00","og_image":[{"width":1000,"height":1000,"url":"https:\/\/ajatutaja.com\/wp-content\/uploads\/2022\/06\/000-Pearhead-Lesene-milestone-kartice-za-fotografiranje-nosecke-ajatutaja-2.jpg","type":"image\/jpeg"}],"twitter_card":"summary_large_image","twitter_misc":{"Procijenjeno vrijeme \u010ditanja":"1 minuta"},"schema":{"@context":"https:\/\/schema.org","@graph":[{"@type":"WebPage","@id":"https:\/\/ajatutaja.com\/izdelek\/pearhead-lesene-milestone-kartice-za-fotografiranje-nosecke\/","url":"https:\/\/ajatutaja.com\/izdelek\/pearhead-lesene-milestone-kartice-za-fotografiranje-nosecke\/","name":"Pearhead Lesene milestone kartice za fotografiranje nose\u010dke | Ajatutaja","isPartOf":{"@id":"https:\/\/ajatutaja.com\/#website"},"primaryImageOfPage":{"@id":"https:\/\/ajatutaja.com\/izdelek\/pearhead-lesene-milestone-kartice-za-fotografiranje-nosecke\/#primaryimage"},"image":{"@id":"https:\/\/ajatutaja.com\/izdelek\/pearhead-lesene-milestone-kartice-za-fotografiranje-nosecke\/#primaryimage"},"thumbnailUrl":"https:\/\/ajatutaja.com\/wp-content\/uploads\/2022\/06\/000-Pearhead-Lesene-milestone-kartice-za-fotografiranje-nosecke-ajatutaja-2.jpg","datePublished":"2022-06-30T13:14:09+00:00","dateModified":"2026-03-04T11:36:48+00:00","description":"Pearhead Lesene milestone kartice za fotografiranje nose\u010dke so popoln foto rekvizit za zajemanje trenutkov nose\u010dnosti v vsakem trimese\u010dju in ustvarjanje spominov za dojen\u010dke, s katerimi bo\u0161 lahko ohranila spomin na to posebno obdobje v svojem \u017eivljenju.","breadcrumb":{"@id":"https:\/\/ajatutaja.com\/izdelek\/pearhead-lesene-milestone-kartice-za-fotografiranje-nosecke\/#breadcrumb"},"inLanguage":"hr","potentialAction":[{"@type":"ReadAction","target":["https:\/\/ajatutaja.com\/izdelek\/pearhead-lesene-milestone-kartice-za-fotografiranje-nosecke\/"]}]},{"@type":"ImageObject","inLanguage":"hr","@id":"https:\/\/ajatutaja.com\/izdelek\/pearhead-lesene-milestone-kartice-za-fotografiranje-nosecke\/#primaryimage","url":"https:\/\/ajatutaja.com\/wp-content\/uploads\/2022\/06\/000-Pearhead-Lesene-milestone-kartice-za-fotografiranje-nosecke-ajatutaja-2.jpg","contentUrl":"https:\/\/ajatutaja.com\/wp-content\/uploads\/2022\/06\/000-Pearhead-Lesene-milestone-kartice-za-fotografiranje-nosecke-ajatutaja-2.jpg","width":1000,"height":1000},{"@type":"BreadcrumbList","@id":"https:\/\/ajatutaja.com\/izdelek\/pearhead-lesene-milestone-kartice-za-fotografiranje-nosecke\/#breadcrumb","itemListElement":[{"@type":"ListItem","position":1,"name":"Home","item":"https:\/\/ajatutaja.com\/hr\/"},{"@type":"ListItem","position":2,"name":"Trgovina","item":"https:\/\/ajatutaja.com\/hr\/trgovina\/"},{"@type":"ListItem","position":3,"name":"Pearhead Lesene milestone kartice za fotografiranje nose\u010dke"}]},{"@type":"WebSite","@id":"https:\/\/ajatutaja.com\/#website","url":"https:\/\/ajatutaja.com\/","name":"Ajatutaja","description":"Otro\u0161ka spletna trgovina AJATUTAJA","publisher":{"@id":"https:\/\/ajatutaja.com\/#organization"},"potentialAction":[{"@type":"SearchAction","target":{"@type":"EntryPoint","urlTemplate":"https:\/\/ajatutaja.com\/?s={search_term_string}"},"query-input":{"@type":"PropertyValueSpecification","valueRequired":true,"valueName":"search_term_string"}}],"inLanguage":"hr"},{"@type":"Organization","@id":"https:\/\/ajatutaja.com\/#organization","name":"Ajatutaja","url":"https:\/\/ajatutaja.com\/","logo":{"@type":"ImageObject","inLanguage":"hr","@id":"https:\/\/ajatutaja.com\/#\/schema\/logo\/image\/","url":"https:\/\/ajatutaja.com\/wp-content\/uploads\/2021\/10\/logo.png","contentUrl":"https:\/\/ajatutaja.com\/wp-content\/uploads\/2021\/10\/logo.png","width":555,"height":150,"caption":"Ajatutaja"},"image":{"@id":"https:\/\/ajatutaja.com\/#\/schema\/logo\/image\/"}}]}},"brands":[{"id":2267,"name":"Nose\u010dnost","slug":"nosecnost"},{"id":2280,"name":"Pearhead","slug":"pearhead"}],"_links":{"self":[{"href":"https:\/\/ajatutaja.com\/hr\/wp-json\/wp\/v2\/product\/36408","targetHints":{"allow":["GET"]}}],"collection":[{"href":"https:\/\/ajatutaja.com\/hr\/wp-json\/wp\/v2\/product"}],"about":[{"href":"https:\/\/ajatutaja.com\/hr\/wp-json\/wp\/v2\/types\/product"}],"wp:featuredmedia":[{"embeddable":true,"href":"https:\/\/ajatutaja.com\/hr\/wp-json\/wp\/v2\/media\/36410"}],"wp:attachment":[{"href":"https:\/\/ajatutaja.com\/hr\/wp-json\/wp\/v2\/media?parent=36408"}],"wp:term":[{"taxonomy":"pwb-brand","embeddable":true,"href":"https:\/\/ajatutaja.com\/hr\/wp-json\/wp\/v2\/pwb-brand?post=36408"},{"taxonomy":"product_brand","embeddable":true,"href":"https:\/\/ajatutaja.com\/hr\/wp-json\/wp\/v2\/product_brand?post=36408"},{"taxonomy":"product_cat","embeddable":true,"href":"https:\/\/ajatutaja.com\/hr\/wp-json\/wp\/v2\/product_cat?post=36408"},{"taxonomy":"product_tag","embeddable":true,"href":"https:\/\/ajatutaja.com\/hr\/wp-json\/wp\/v2\/product_tag?post=36408"}],"curies":[{"name":"wp","href":"https:\/\/api.w.org\/{rel}","templated":true}]}}