{"id":36366,"date":"2022-05-16T12:03:25","date_gmt":"2022-05-16T10:03:25","guid":{"rendered":"https:\/\/ajatutaja.com\/?post_type=product&#038;p=36366"},"modified":"2026-02-01T09:13:13","modified_gmt":"2026-02-01T08:13:13","slug":"set-za-peskovnik-little-dutch","status":"publish","type":"product","link":"https:\/\/ajatutaja.com\/hr\/proizvod\/set-za-peskovnik-little-dutch\/","title":{"rendered":"Set za peskovnik Little Dutch &#8211; Ocean Pink"},"content":{"rendered":"<p>Nizozemski proizvajalec Little Dutch izdeluje brez\u010dasne igra\u010de visoke kakovosti, z elegantnimi barvami, odtisi in ilustracijami. Vsi izdelki so skladni z evropskimi direktivami in se proizvajajo brez dela otrok in na dru\u017ebeno odgovoren na\u010din.<\/p>\n<h3>Lastnosti seta za peskovnik Little Dutch:<\/h3>\n<ul>\n<li>Primerno za starost: 18m+<\/li>\n<li>Dimenzije: 17,9&#215;14,3&#215;16,6 cm<\/li>\n<li>Materijal: plastika<\/li>\n<li>V kompletu: 5 delov (vedro z ro\u010dajem, lopatka, grabljice, zalivalka, sejalnik)<\/li>\n<\/ul>\n<p>Varno za otroke \u2013 izdelek je skladen z evropsko uredbo REACH in evropsko direktivo EN-71.<\/p>\n","protected":false},"excerpt":{"rendered":"<p>Set za na pla\u017eo Little Dutch vsebuje vse, kar potrebujete, da zagotovite zabavo va\u0161emu mal\u010dku na pla\u017ei ali v peskovniku. Komplet vsebuje<span lang=\"sl\"> vedro, lopato in grablje, zalivalko in sejalnik za pesek s katerimi bo va\u0161 mal\u010dek<\/span> sestavljal in podiral pe\u0161\u010dene gradove ter oblikoval pe\u0161\u010dene skulpture.<\/p>\n","protected":false},"featured_media":64629,"template":"","meta":[],"pwb-brand":[2452,2457],"product_brand":[],"product_cat":[3990,2441,2715,2713,2451,2362,2408],"product_tag":[5248,4002],"class_list":{"0":"post-36366","1":"product","2":"type-product","3":"status-publish","4":"has-post-thumbnail","6":"pwb-brand-igranje","7":"pwb-brand-little-dutch-igra","8":"product_cat-18-mesecev-igrace","9":"product_cat-aktivnostne-igrace","10":"product_cat-darilo-do-15e","11":"product_cat-darilo-za-deklico","12":"product_cat-igra-na-prostem","13":"product_cat-igranje","14":"product_cat-poletni-pripomocki","15":"product_tag-ld-summer-collection","16":"product_tag-little-dutch","18":"first","19":"instock","20":"taxable","21":"shipping-taxable","22":"purchasable","23":"product-type-simple","24":"add-to-wishlist-before_image"},"yoast_head":"<!-- This site is optimized with the Yoast SEO plugin v27.3 - https:\/\/yoast.com\/product\/yoast-seo-wordpress\/ -->\n<title>Set za peskovnik Little Dutch - Ocean Pink | Ajatutaja<\/title>\n<meta name=\"description\" content=\"Set za peskovnik in pla\u017eo Little Dutch vsebuje vse, kar potrebujete, da zagotovite zabavo va\u0161emu mal\u010dku na pla\u017ei ali v peskovniku.\" \/>\n<meta name=\"robots\" content=\"index, follow, max-snippet:-1, max-image-preview:large, max-video-preview:-1\" \/>\n<link rel=\"canonical\" href=\"https:\/\/ajatutaja.com\/izdelek\/set-za-peskovnik-little-dutch\/\" \/>\n<meta property=\"og:locale\" content=\"hr_HR\" \/>\n<meta property=\"og:type\" content=\"article\" \/>\n<meta property=\"og:title\" content=\"Set za peskovnik Little Dutch - Ocean Pink | Ajatutaja\" \/>\n<meta property=\"og:description\" content=\"Set za peskovnik in pla\u017eo Little Dutch vsebuje vse, kar potrebujete, da zagotovite zabavo va\u0161emu mal\u010dku na pla\u017ei ali v peskovniku.\" \/>\n<meta property=\"og:url\" content=\"https:\/\/ajatutaja.com\/izdelek\/set-za-peskovnik-little-dutch\/\" \/>\n<meta property=\"og:site_name\" content=\"Ajatutaja\" \/>\n<meta property=\"article:modified_time\" content=\"2026-02-01T08:13:13+00:00\" \/>\n<meta property=\"og:image\" content=\"https:\/\/ajatutaja.com\/wp-content\/uploads\/2022\/06\/Set-za-peskovnik-plazo-little-dutch-pink-1.jpg\" \/>\n\t<meta property=\"og:image:width\" content=\"550\" \/>\n\t<meta property=\"og:image:height\" content=\"550\" \/>\n\t<meta property=\"og:image:type\" content=\"image\/jpeg\" \/>\n<meta name=\"twitter:card\" content=\"summary_large_image\" \/>\n<script type=\"application\/ld+json\" class=\"yoast-schema-graph\">{\"@context\":\"https:\\\/\\\/schema.org\",\"@graph\":[{\"@type\":\"WebPage\",\"@id\":\"https:\\\/\\\/ajatutaja.com\\\/izdelek\\\/set-za-peskovnik-little-dutch\\\/\",\"url\":\"https:\\\/\\\/ajatutaja.com\\\/izdelek\\\/set-za-peskovnik-little-dutch\\\/\",\"name\":\"Set za peskovnik Little Dutch - Ocean Pink | Ajatutaja\",\"isPartOf\":{\"@id\":\"https:\\\/\\\/ajatutaja.com\\\/#website\"},\"primaryImageOfPage\":{\"@id\":\"https:\\\/\\\/ajatutaja.com\\\/izdelek\\\/set-za-peskovnik-little-dutch\\\/#primaryimage\"},\"image\":{\"@id\":\"https:\\\/\\\/ajatutaja.com\\\/izdelek\\\/set-za-peskovnik-little-dutch\\\/#primaryimage\"},\"thumbnailUrl\":\"https:\\\/\\\/ajatutaja.com\\\/wp-content\\\/uploads\\\/2022\\\/06\\\/Set-za-peskovnik-plazo-little-dutch-pink-1.jpg\",\"datePublished\":\"2022-05-16T10:03:25+00:00\",\"dateModified\":\"2026-02-01T08:13:13+00:00\",\"description\":\"Set za peskovnik in pla\u017eo Little Dutch vsebuje vse, kar potrebujete, da zagotovite zabavo va\u0161emu mal\u010dku na pla\u017ei ali v peskovniku.\",\"breadcrumb\":{\"@id\":\"https:\\\/\\\/ajatutaja.com\\\/izdelek\\\/set-za-peskovnik-little-dutch\\\/#breadcrumb\"},\"inLanguage\":\"hr\",\"potentialAction\":[{\"@type\":\"ReadAction\",\"target\":[\"https:\\\/\\\/ajatutaja.com\\\/izdelek\\\/set-za-peskovnik-little-dutch\\\/\"]}]},{\"@type\":\"ImageObject\",\"inLanguage\":\"hr\",\"@id\":\"https:\\\/\\\/ajatutaja.com\\\/izdelek\\\/set-za-peskovnik-little-dutch\\\/#primaryimage\",\"url\":\"https:\\\/\\\/ajatutaja.com\\\/wp-content\\\/uploads\\\/2022\\\/06\\\/Set-za-peskovnik-plazo-little-dutch-pink-1.jpg\",\"contentUrl\":\"https:\\\/\\\/ajatutaja.com\\\/wp-content\\\/uploads\\\/2022\\\/06\\\/Set-za-peskovnik-plazo-little-dutch-pink-1.jpg\",\"width\":550,\"height\":550},{\"@type\":\"BreadcrumbList\",\"@id\":\"https:\\\/\\\/ajatutaja.com\\\/izdelek\\\/set-za-peskovnik-little-dutch\\\/#breadcrumb\",\"itemListElement\":[{\"@type\":\"ListItem\",\"position\":1,\"name\":\"Home\",\"item\":\"https:\\\/\\\/ajatutaja.com\\\/hr\\\/\"},{\"@type\":\"ListItem\",\"position\":2,\"name\":\"Trgovina\",\"item\":\"https:\\\/\\\/ajatutaja.com\\\/hr\\\/trgovina\\\/\"},{\"@type\":\"ListItem\",\"position\":3,\"name\":\"Set za peskovnik Little Dutch &#8211; Ocean Pink\"}]},{\"@type\":\"WebSite\",\"@id\":\"https:\\\/\\\/ajatutaja.com\\\/#website\",\"url\":\"https:\\\/\\\/ajatutaja.com\\\/\",\"name\":\"Ajatutaja\",\"description\":\"Otro\u0161ka spletna trgovina AJATUTAJA\",\"publisher\":{\"@id\":\"https:\\\/\\\/ajatutaja.com\\\/#organization\"},\"potentialAction\":[{\"@type\":\"SearchAction\",\"target\":{\"@type\":\"EntryPoint\",\"urlTemplate\":\"https:\\\/\\\/ajatutaja.com\\\/?s={search_term_string}\"},\"query-input\":{\"@type\":\"PropertyValueSpecification\",\"valueRequired\":true,\"valueName\":\"search_term_string\"}}],\"inLanguage\":\"hr\"},{\"@type\":\"Organization\",\"@id\":\"https:\\\/\\\/ajatutaja.com\\\/#organization\",\"name\":\"Ajatutaja\",\"url\":\"https:\\\/\\\/ajatutaja.com\\\/\",\"logo\":{\"@type\":\"ImageObject\",\"inLanguage\":\"hr\",\"@id\":\"https:\\\/\\\/ajatutaja.com\\\/#\\\/schema\\\/logo\\\/image\\\/\",\"url\":\"https:\\\/\\\/ajatutaja.com\\\/wp-content\\\/uploads\\\/2021\\\/10\\\/logo.png\",\"contentUrl\":\"https:\\\/\\\/ajatutaja.com\\\/wp-content\\\/uploads\\\/2021\\\/10\\\/logo.png\",\"width\":555,\"height\":150,\"caption\":\"Ajatutaja\"},\"image\":{\"@id\":\"https:\\\/\\\/ajatutaja.com\\\/#\\\/schema\\\/logo\\\/image\\\/\"}}]}<\/script>\n<!-- \/ Yoast SEO plugin. -->","yoast_head_json":{"title":"Set za peskovnik Little Dutch - Ocean Pink | Ajatutaja","description":"Set za peskovnik in pla\u017eo Little Dutch vsebuje vse, kar potrebujete, da zagotovite zabavo va\u0161emu mal\u010dku na pla\u017ei ali v peskovniku.","robots":{"index":"index","follow":"follow","max-snippet":"max-snippet:-1","max-image-preview":"max-image-preview:large","max-video-preview":"max-video-preview:-1"},"canonical":"https:\/\/ajatutaja.com\/izdelek\/set-za-peskovnik-little-dutch\/","og_locale":"hr_HR","og_type":"article","og_title":"Set za peskovnik Little Dutch - Ocean Pink | Ajatutaja","og_description":"Set za peskovnik in pla\u017eo Little Dutch vsebuje vse, kar potrebujete, da zagotovite zabavo va\u0161emu mal\u010dku na pla\u017ei ali v peskovniku.","og_url":"https:\/\/ajatutaja.com\/izdelek\/set-za-peskovnik-little-dutch\/","og_site_name":"Ajatutaja","article_modified_time":"2026-02-01T08:13:13+00:00","og_image":[{"width":550,"height":550,"url":"https:\/\/ajatutaja.com\/wp-content\/uploads\/2022\/06\/Set-za-peskovnik-plazo-little-dutch-pink-1.jpg","type":"image\/jpeg"}],"twitter_card":"summary_large_image","schema":{"@context":"https:\/\/schema.org","@graph":[{"@type":"WebPage","@id":"https:\/\/ajatutaja.com\/izdelek\/set-za-peskovnik-little-dutch\/","url":"https:\/\/ajatutaja.com\/izdelek\/set-za-peskovnik-little-dutch\/","name":"Set za peskovnik Little Dutch - Ocean Pink | Ajatutaja","isPartOf":{"@id":"https:\/\/ajatutaja.com\/#website"},"primaryImageOfPage":{"@id":"https:\/\/ajatutaja.com\/izdelek\/set-za-peskovnik-little-dutch\/#primaryimage"},"image":{"@id":"https:\/\/ajatutaja.com\/izdelek\/set-za-peskovnik-little-dutch\/#primaryimage"},"thumbnailUrl":"https:\/\/ajatutaja.com\/wp-content\/uploads\/2022\/06\/Set-za-peskovnik-plazo-little-dutch-pink-1.jpg","datePublished":"2022-05-16T10:03:25+00:00","dateModified":"2026-02-01T08:13:13+00:00","description":"Set za peskovnik in pla\u017eo Little Dutch vsebuje vse, kar potrebujete, da zagotovite zabavo va\u0161emu mal\u010dku na pla\u017ei ali v peskovniku.","breadcrumb":{"@id":"https:\/\/ajatutaja.com\/izdelek\/set-za-peskovnik-little-dutch\/#breadcrumb"},"inLanguage":"hr","potentialAction":[{"@type":"ReadAction","target":["https:\/\/ajatutaja.com\/izdelek\/set-za-peskovnik-little-dutch\/"]}]},{"@type":"ImageObject","inLanguage":"hr","@id":"https:\/\/ajatutaja.com\/izdelek\/set-za-peskovnik-little-dutch\/#primaryimage","url":"https:\/\/ajatutaja.com\/wp-content\/uploads\/2022\/06\/Set-za-peskovnik-plazo-little-dutch-pink-1.jpg","contentUrl":"https:\/\/ajatutaja.com\/wp-content\/uploads\/2022\/06\/Set-za-peskovnik-plazo-little-dutch-pink-1.jpg","width":550,"height":550},{"@type":"BreadcrumbList","@id":"https:\/\/ajatutaja.com\/izdelek\/set-za-peskovnik-little-dutch\/#breadcrumb","itemListElement":[{"@type":"ListItem","position":1,"name":"Home","item":"https:\/\/ajatutaja.com\/hr\/"},{"@type":"ListItem","position":2,"name":"Trgovina","item":"https:\/\/ajatutaja.com\/hr\/trgovina\/"},{"@type":"ListItem","position":3,"name":"Set za peskovnik Little Dutch &#8211; Ocean Pink"}]},{"@type":"WebSite","@id":"https:\/\/ajatutaja.com\/#website","url":"https:\/\/ajatutaja.com\/","name":"Ajatutaja","description":"Otro\u0161ka spletna trgovina AJATUTAJA","publisher":{"@id":"https:\/\/ajatutaja.com\/#organization"},"potentialAction":[{"@type":"SearchAction","target":{"@type":"EntryPoint","urlTemplate":"https:\/\/ajatutaja.com\/?s={search_term_string}"},"query-input":{"@type":"PropertyValueSpecification","valueRequired":true,"valueName":"search_term_string"}}],"inLanguage":"hr"},{"@type":"Organization","@id":"https:\/\/ajatutaja.com\/#organization","name":"Ajatutaja","url":"https:\/\/ajatutaja.com\/","logo":{"@type":"ImageObject","inLanguage":"hr","@id":"https:\/\/ajatutaja.com\/#\/schema\/logo\/image\/","url":"https:\/\/ajatutaja.com\/wp-content\/uploads\/2021\/10\/logo.png","contentUrl":"https:\/\/ajatutaja.com\/wp-content\/uploads\/2021\/10\/logo.png","width":555,"height":150,"caption":"Ajatutaja"},"image":{"@id":"https:\/\/ajatutaja.com\/#\/schema\/logo\/image\/"}}]}},"brands":[{"id":2452,"name":"Igranje","slug":"igranje"},{"id":2457,"name":"Little Dutch","slug":"little-dutch-igra"}],"_links":{"self":[{"href":"https:\/\/ajatutaja.com\/hr\/wp-json\/wp\/v2\/product\/36366","targetHints":{"allow":["GET"]}}],"collection":[{"href":"https:\/\/ajatutaja.com\/hr\/wp-json\/wp\/v2\/product"}],"about":[{"href":"https:\/\/ajatutaja.com\/hr\/wp-json\/wp\/v2\/types\/product"}],"wp:featuredmedia":[{"embeddable":true,"href":"https:\/\/ajatutaja.com\/hr\/wp-json\/wp\/v2\/media\/64629"}],"wp:attachment":[{"href":"https:\/\/ajatutaja.com\/hr\/wp-json\/wp\/v2\/media?parent=36366"}],"wp:term":[{"taxonomy":"pwb-brand","embeddable":true,"href":"https:\/\/ajatutaja.com\/hr\/wp-json\/wp\/v2\/pwb-brand?post=36366"},{"taxonomy":"product_brand","embeddable":true,"href":"https:\/\/ajatutaja.com\/hr\/wp-json\/wp\/v2\/product_brand?post=36366"},{"taxonomy":"product_cat","embeddable":true,"href":"https:\/\/ajatutaja.com\/hr\/wp-json\/wp\/v2\/product_cat?post=36366"},{"taxonomy":"product_tag","embeddable":true,"href":"https:\/\/ajatutaja.com\/hr\/wp-json\/wp\/v2\/product_tag?post=36366"}],"curies":[{"name":"wp","href":"https:\/\/api.w.org\/{rel}","templated":true}]}}