{"id":36195,"date":"2022-06-28T15:11:36","date_gmt":"2022-06-28T13:11:36","guid":{"rendered":"https:\/\/ajatutaja.com\/?post_type=product&#038;p=36195"},"modified":"2026-03-04T12:54:20","modified_gmt":"2026-03-04T11:54:20","slug":"pearhead-rustikalni-okvir-slika-sonogram-porodna-id-zapestnica","status":"publish","type":"product","link":"https:\/\/ajatutaja.com\/hr\/proizvod\/pearhead-rustikalni-okvir-slika-sonogram-porodna-id-zapestnica\/","title":{"rendered":"Pearhead rustikalni okvir &#8211; Slika, sonogram in porodna ID zapestnica"},"content":{"rendered":"<div class=\"art_title\">\n<p><strong>Vklju\u010duje<\/strong>:<\/p>\n<ul>\n<li>dvostranski lepilni trak<\/li>\n<li>podloga iz brezkislinskega papirja<\/li>\n<li>naslonjalo<\/li>\n<li>stenski obe\u0161alnik.<\/li>\n<\/ul>\n<\/div>\n<div class=\"right\">\n<div class=\"desc\">\n<div class=\"desc\">\n<div align=\"justify\">\n<h4><strong>Lastnosti:<\/strong><\/h4>\n<div align=\"justify\">\n<ul>\n<li>Okvir: 10 x 34 x 1,3 cm<\/li>\n<li>Foto vlo\u017eek: 10 x 15 cm<\/li>\n<li>Vlo\u017eek za sonogram: 13 x 10 cm<\/li>\n<\/ul>\n<\/div>\n<div class=\"right\">\n<div class=\"desc\">\n<div class=\"desc\">\n<p>\u00a0Pearheadov okvir je popolno darilo star\u0161em, ki pri\u010dakujejo dojen\u010dka.<\/p>\n<\/div>\n<\/div>\n<\/div>\n<p>&nbsp;<\/p>\n<\/div>\n<\/div>\n<\/div>\n<\/div>\n","protected":false},"excerpt":{"rendered":"<div class=\"short-description\">\n<p>Pearhead Rustikalni okvir s prostorom za sliko, sonogram in porodno ID zapestnico je popoln na\u010din za ohraniti radostne trenutke nose\u010dnosti in poroda. Pearhead okvir je lahko \u010dudovito darilo za nose\u010dnico ali bodo\u010dega o\u010dka. In obenem bo dal poseben privdih sobi va\u0161ega dojen\u010dka.<\/p>\n<\/div>\n","protected":false},"featured_media":36198,"template":"","meta":[],"pwb-brand":[2267,2280,2642],"product_brand":[],"product_cat":[3975,2264,2710,2711,2262,2607,2263],"product_tag":[4261],"class_list":{"0":"post-36195","1":"product","2":"type-product","3":"status-publish","4":"has-post-thumbnail","6":"pwb-brand-nosecnost","7":"pwb-brand-pearhead","8":"pwb-brand-pearhead-spanje","9":"product_cat-akcija","10":"product_cat-babyshower","11":"product_cat-babyshower-darila","12":"product_cat-darilo-ob-rojstvu","13":"product_cat-darilo-za-nosecnico","14":"product_cat-dodatki-in-dekoracije","15":"product_cat-foto-spomini","16":"product_tag-pearhead","18":"first","19":"instock","20":"sale","21":"taxable","22":"shipping-taxable","23":"purchasable","24":"product-type-simple","25":"add-to-wishlist-before_image"},"yoast_head":"<!-- This site is optimized with the Yoast SEO plugin v27.6 - https:\/\/yoast.com\/product\/yoast-seo-wordpress\/ -->\n<title>Pearhead rustikalni okvir - Slika, sonogram in porodna ID zapestnica | Ajatutaja<\/title>\n<meta name=\"description\" content=\"Pearhead Rustikalni okvir s prostorom za sliko, sonogram in porodno ID zapestnico je popoln na\u010din za ohraniti radostne trenutke nose\u010dnosti in poroda Popolno darilo.\" \/>\n<meta name=\"robots\" content=\"index, follow, max-snippet:-1, max-image-preview:large, max-video-preview:-1\" \/>\n<link rel=\"canonical\" href=\"https:\/\/ajatutaja.com\/izdelek\/pearhead-rustikalni-okvir-slika-sonogram-porodna-id-zapestnica\/\" \/>\n<meta property=\"og:locale\" content=\"hr_HR\" \/>\n<meta property=\"og:type\" content=\"article\" \/>\n<meta property=\"og:title\" content=\"Pearhead rustikalni okvir - Slika, sonogram in porodna ID zapestnica | Ajatutaja\" \/>\n<meta property=\"og:description\" content=\"Pearhead Rustikalni okvir s prostorom za sliko, sonogram in porodno ID zapestnico je popoln na\u010din za ohraniti radostne trenutke nose\u010dnosti in poroda Popolno darilo.\" \/>\n<meta property=\"og:url\" content=\"https:\/\/ajatutaja.com\/izdelek\/pearhead-rustikalni-okvir-slika-sonogram-porodna-id-zapestnica\/\" \/>\n<meta property=\"og:site_name\" content=\"Ajatutaja\" \/>\n<meta property=\"article:modified_time\" content=\"2026-03-04T11:54:20+00:00\" \/>\n<meta property=\"og:image\" content=\"https:\/\/ajatutaja.com\/wp-content\/uploads\/2022\/06\/Rustikalni-okvir-Slika-in-porodna-ID-zapestnica-pearhead-ajatutaja-2.jpg\" \/>\n\t<meta property=\"og:image:width\" content=\"1000\" \/>\n\t<meta property=\"og:image:height\" content=\"1000\" \/>\n\t<meta property=\"og:image:type\" content=\"image\/jpeg\" \/>\n<meta name=\"twitter:card\" content=\"summary_large_image\" \/>\n<meta name=\"twitter:label1\" content=\"Procijenjeno vrijeme \u010ditanja\" \/>\n\t<meta name=\"twitter:data1\" content=\"1 minuta\" \/>\n<script type=\"application\/ld+json\" class=\"yoast-schema-graph\">{\"@context\":\"https:\\\/\\\/schema.org\",\"@graph\":[{\"@type\":\"WebPage\",\"@id\":\"https:\\\/\\\/ajatutaja.com\\\/izdelek\\\/pearhead-rustikalni-okvir-slika-sonogram-porodna-id-zapestnica\\\/\",\"url\":\"https:\\\/\\\/ajatutaja.com\\\/izdelek\\\/pearhead-rustikalni-okvir-slika-sonogram-porodna-id-zapestnica\\\/\",\"name\":\"Pearhead rustikalni okvir - Slika, sonogram in porodna ID zapestnica | Ajatutaja\",\"isPartOf\":{\"@id\":\"https:\\\/\\\/ajatutaja.com\\\/#website\"},\"primaryImageOfPage\":{\"@id\":\"https:\\\/\\\/ajatutaja.com\\\/izdelek\\\/pearhead-rustikalni-okvir-slika-sonogram-porodna-id-zapestnica\\\/#primaryimage\"},\"image\":{\"@id\":\"https:\\\/\\\/ajatutaja.com\\\/izdelek\\\/pearhead-rustikalni-okvir-slika-sonogram-porodna-id-zapestnica\\\/#primaryimage\"},\"thumbnailUrl\":\"https:\\\/\\\/ajatutaja.com\\\/wp-content\\\/uploads\\\/2022\\\/06\\\/Rustikalni-okvir-Slika-in-porodna-ID-zapestnica-pearhead-ajatutaja-2.jpg\",\"datePublished\":\"2022-06-28T13:11:36+00:00\",\"dateModified\":\"2026-03-04T11:54:20+00:00\",\"description\":\"Pearhead Rustikalni okvir s prostorom za sliko, sonogram in porodno ID zapestnico je popoln na\u010din za ohraniti radostne trenutke nose\u010dnosti in poroda Popolno darilo.\",\"breadcrumb\":{\"@id\":\"https:\\\/\\\/ajatutaja.com\\\/izdelek\\\/pearhead-rustikalni-okvir-slika-sonogram-porodna-id-zapestnica\\\/#breadcrumb\"},\"inLanguage\":\"hr\",\"potentialAction\":[{\"@type\":\"ReadAction\",\"target\":[\"https:\\\/\\\/ajatutaja.com\\\/izdelek\\\/pearhead-rustikalni-okvir-slika-sonogram-porodna-id-zapestnica\\\/\"]}]},{\"@type\":\"ImageObject\",\"inLanguage\":\"hr\",\"@id\":\"https:\\\/\\\/ajatutaja.com\\\/izdelek\\\/pearhead-rustikalni-okvir-slika-sonogram-porodna-id-zapestnica\\\/#primaryimage\",\"url\":\"https:\\\/\\\/ajatutaja.com\\\/wp-content\\\/uploads\\\/2022\\\/06\\\/Rustikalni-okvir-Slika-in-porodna-ID-zapestnica-pearhead-ajatutaja-2.jpg\",\"contentUrl\":\"https:\\\/\\\/ajatutaja.com\\\/wp-content\\\/uploads\\\/2022\\\/06\\\/Rustikalni-okvir-Slika-in-porodna-ID-zapestnica-pearhead-ajatutaja-2.jpg\",\"width\":1000,\"height\":1000},{\"@type\":\"BreadcrumbList\",\"@id\":\"https:\\\/\\\/ajatutaja.com\\\/izdelek\\\/pearhead-rustikalni-okvir-slika-sonogram-porodna-id-zapestnica\\\/#breadcrumb\",\"itemListElement\":[{\"@type\":\"ListItem\",\"position\":1,\"name\":\"Home\",\"item\":\"https:\\\/\\\/ajatutaja.com\\\/hr\\\/\"},{\"@type\":\"ListItem\",\"position\":2,\"name\":\"Trgovina\",\"item\":\"https:\\\/\\\/ajatutaja.com\\\/hr\\\/trgovina\\\/\"},{\"@type\":\"ListItem\",\"position\":3,\"name\":\"Pearhead rustikalni okvir &#8211; Slika, sonogram in porodna ID zapestnica\"}]},{\"@type\":\"WebSite\",\"@id\":\"https:\\\/\\\/ajatutaja.com\\\/#website\",\"url\":\"https:\\\/\\\/ajatutaja.com\\\/\",\"name\":\"Ajatutaja\",\"description\":\"Otro\u0161ka spletna trgovina AJATUTAJA\",\"publisher\":{\"@id\":\"https:\\\/\\\/ajatutaja.com\\\/#organization\"},\"potentialAction\":[{\"@type\":\"SearchAction\",\"target\":{\"@type\":\"EntryPoint\",\"urlTemplate\":\"https:\\\/\\\/ajatutaja.com\\\/?s={search_term_string}\"},\"query-input\":{\"@type\":\"PropertyValueSpecification\",\"valueRequired\":true,\"valueName\":\"search_term_string\"}}],\"inLanguage\":\"hr\"},{\"@type\":\"Organization\",\"@id\":\"https:\\\/\\\/ajatutaja.com\\\/#organization\",\"name\":\"Ajatutaja\",\"url\":\"https:\\\/\\\/ajatutaja.com\\\/\",\"logo\":{\"@type\":\"ImageObject\",\"inLanguage\":\"hr\",\"@id\":\"https:\\\/\\\/ajatutaja.com\\\/#\\\/schema\\\/logo\\\/image\\\/\",\"url\":\"https:\\\/\\\/ajatutaja.com\\\/wp-content\\\/uploads\\\/2021\\\/10\\\/logo.png\",\"contentUrl\":\"https:\\\/\\\/ajatutaja.com\\\/wp-content\\\/uploads\\\/2021\\\/10\\\/logo.png\",\"width\":555,\"height\":150,\"caption\":\"Ajatutaja\"},\"image\":{\"@id\":\"https:\\\/\\\/ajatutaja.com\\\/#\\\/schema\\\/logo\\\/image\\\/\"}}]}<\/script>\n<!-- \/ Yoast SEO plugin. -->","yoast_head_json":{"title":"Pearhead rustikalni okvir - Slika, sonogram in porodna ID zapestnica | Ajatutaja","description":"Pearhead Rustikalni okvir s prostorom za sliko, sonogram in porodno ID zapestnico je popoln na\u010din za ohraniti radostne trenutke nose\u010dnosti in poroda Popolno darilo.","robots":{"index":"index","follow":"follow","max-snippet":"max-snippet:-1","max-image-preview":"max-image-preview:large","max-video-preview":"max-video-preview:-1"},"canonical":"https:\/\/ajatutaja.com\/izdelek\/pearhead-rustikalni-okvir-slika-sonogram-porodna-id-zapestnica\/","og_locale":"hr_HR","og_type":"article","og_title":"Pearhead rustikalni okvir - Slika, sonogram in porodna ID zapestnica | Ajatutaja","og_description":"Pearhead Rustikalni okvir s prostorom za sliko, sonogram in porodno ID zapestnico je popoln na\u010din za ohraniti radostne trenutke nose\u010dnosti in poroda Popolno darilo.","og_url":"https:\/\/ajatutaja.com\/izdelek\/pearhead-rustikalni-okvir-slika-sonogram-porodna-id-zapestnica\/","og_site_name":"Ajatutaja","article_modified_time":"2026-03-04T11:54:20+00:00","og_image":[{"width":1000,"height":1000,"url":"https:\/\/ajatutaja.com\/wp-content\/uploads\/2022\/06\/Rustikalni-okvir-Slika-in-porodna-ID-zapestnica-pearhead-ajatutaja-2.jpg","type":"image\/jpeg"}],"twitter_card":"summary_large_image","twitter_misc":{"Procijenjeno vrijeme \u010ditanja":"1 minuta"},"schema":{"@context":"https:\/\/schema.org","@graph":[{"@type":"WebPage","@id":"https:\/\/ajatutaja.com\/izdelek\/pearhead-rustikalni-okvir-slika-sonogram-porodna-id-zapestnica\/","url":"https:\/\/ajatutaja.com\/izdelek\/pearhead-rustikalni-okvir-slika-sonogram-porodna-id-zapestnica\/","name":"Pearhead rustikalni okvir - Slika, sonogram in porodna ID zapestnica | Ajatutaja","isPartOf":{"@id":"https:\/\/ajatutaja.com\/#website"},"primaryImageOfPage":{"@id":"https:\/\/ajatutaja.com\/izdelek\/pearhead-rustikalni-okvir-slika-sonogram-porodna-id-zapestnica\/#primaryimage"},"image":{"@id":"https:\/\/ajatutaja.com\/izdelek\/pearhead-rustikalni-okvir-slika-sonogram-porodna-id-zapestnica\/#primaryimage"},"thumbnailUrl":"https:\/\/ajatutaja.com\/wp-content\/uploads\/2022\/06\/Rustikalni-okvir-Slika-in-porodna-ID-zapestnica-pearhead-ajatutaja-2.jpg","datePublished":"2022-06-28T13:11:36+00:00","dateModified":"2026-03-04T11:54:20+00:00","description":"Pearhead Rustikalni okvir s prostorom za sliko, sonogram in porodno ID zapestnico je popoln na\u010din za ohraniti radostne trenutke nose\u010dnosti in poroda Popolno darilo.","breadcrumb":{"@id":"https:\/\/ajatutaja.com\/izdelek\/pearhead-rustikalni-okvir-slika-sonogram-porodna-id-zapestnica\/#breadcrumb"},"inLanguage":"hr","potentialAction":[{"@type":"ReadAction","target":["https:\/\/ajatutaja.com\/izdelek\/pearhead-rustikalni-okvir-slika-sonogram-porodna-id-zapestnica\/"]}]},{"@type":"ImageObject","inLanguage":"hr","@id":"https:\/\/ajatutaja.com\/izdelek\/pearhead-rustikalni-okvir-slika-sonogram-porodna-id-zapestnica\/#primaryimage","url":"https:\/\/ajatutaja.com\/wp-content\/uploads\/2022\/06\/Rustikalni-okvir-Slika-in-porodna-ID-zapestnica-pearhead-ajatutaja-2.jpg","contentUrl":"https:\/\/ajatutaja.com\/wp-content\/uploads\/2022\/06\/Rustikalni-okvir-Slika-in-porodna-ID-zapestnica-pearhead-ajatutaja-2.jpg","width":1000,"height":1000},{"@type":"BreadcrumbList","@id":"https:\/\/ajatutaja.com\/izdelek\/pearhead-rustikalni-okvir-slika-sonogram-porodna-id-zapestnica\/#breadcrumb","itemListElement":[{"@type":"ListItem","position":1,"name":"Home","item":"https:\/\/ajatutaja.com\/hr\/"},{"@type":"ListItem","position":2,"name":"Trgovina","item":"https:\/\/ajatutaja.com\/hr\/trgovina\/"},{"@type":"ListItem","position":3,"name":"Pearhead rustikalni okvir &#8211; Slika, sonogram in porodna ID zapestnica"}]},{"@type":"WebSite","@id":"https:\/\/ajatutaja.com\/#website","url":"https:\/\/ajatutaja.com\/","name":"Ajatutaja","description":"Otro\u0161ka spletna trgovina AJATUTAJA","publisher":{"@id":"https:\/\/ajatutaja.com\/#organization"},"potentialAction":[{"@type":"SearchAction","target":{"@type":"EntryPoint","urlTemplate":"https:\/\/ajatutaja.com\/?s={search_term_string}"},"query-input":{"@type":"PropertyValueSpecification","valueRequired":true,"valueName":"search_term_string"}}],"inLanguage":"hr"},{"@type":"Organization","@id":"https:\/\/ajatutaja.com\/#organization","name":"Ajatutaja","url":"https:\/\/ajatutaja.com\/","logo":{"@type":"ImageObject","inLanguage":"hr","@id":"https:\/\/ajatutaja.com\/#\/schema\/logo\/image\/","url":"https:\/\/ajatutaja.com\/wp-content\/uploads\/2021\/10\/logo.png","contentUrl":"https:\/\/ajatutaja.com\/wp-content\/uploads\/2021\/10\/logo.png","width":555,"height":150,"caption":"Ajatutaja"},"image":{"@id":"https:\/\/ajatutaja.com\/#\/schema\/logo\/image\/"}}]}},"brands":[{"id":2267,"name":"Nose\u010dnost","slug":"nosecnost"},{"id":2280,"name":"Pearhead","slug":"pearhead"},{"id":2642,"name":"Pearhead","slug":"pearhead-spanje"}],"_links":{"self":[{"href":"https:\/\/ajatutaja.com\/hr\/wp-json\/wp\/v2\/product\/36195","targetHints":{"allow":["GET"]}}],"collection":[{"href":"https:\/\/ajatutaja.com\/hr\/wp-json\/wp\/v2\/product"}],"about":[{"href":"https:\/\/ajatutaja.com\/hr\/wp-json\/wp\/v2\/types\/product"}],"wp:featuredmedia":[{"embeddable":true,"href":"https:\/\/ajatutaja.com\/hr\/wp-json\/wp\/v2\/media\/36198"}],"wp:attachment":[{"href":"https:\/\/ajatutaja.com\/hr\/wp-json\/wp\/v2\/media?parent=36195"}],"wp:term":[{"taxonomy":"pwb-brand","embeddable":true,"href":"https:\/\/ajatutaja.com\/hr\/wp-json\/wp\/v2\/pwb-brand?post=36195"},{"taxonomy":"product_brand","embeddable":true,"href":"https:\/\/ajatutaja.com\/hr\/wp-json\/wp\/v2\/product_brand?post=36195"},{"taxonomy":"product_cat","embeddable":true,"href":"https:\/\/ajatutaja.com\/hr\/wp-json\/wp\/v2\/product_cat?post=36195"},{"taxonomy":"product_tag","embeddable":true,"href":"https:\/\/ajatutaja.com\/hr\/wp-json\/wp\/v2\/product_tag?post=36195"}],"curies":[{"name":"wp","href":"https:\/\/api.w.org\/{rel}","templated":true}]}}