{"id":36168,"date":"2022-06-28T13:26:46","date_gmt":"2022-06-28T11:26:46","guid":{"rendered":"https:\/\/ajatutaja.com\/?post_type=product&#038;p=36168"},"modified":"2025-03-04T12:00:37","modified_gmt":"2025-03-04T11:00:37","slug":"pearhead-rustikalni-stenski-okvir-dvojni-odtis-s-crnilom-in-slika","status":"publish","type":"product","link":"https:\/\/ajatutaja.com\/hr\/proizvod\/pearhead-rustikalni-stenski-okvir-dvojni-odtis-s-crnilom-in-slika\/","title":{"rendered":"Pearhead rustikalni stenski okvir &#8211; Dvojni odtis s \u010drnilom in slika"},"content":{"rendered":"<div class=\"art_title\">\n<h4><strong>Vklju\u010duje<\/strong>:<\/h4>\n<ul>\n<li>2 \u010drnilni blazinici Clean-Touch<\/li>\n<li>2 kartici za odtis<\/li>\n<li>okvir<\/li>\n<li>kavelj\u010dek za obe\u0161anje.<\/li>\n<\/ul>\n<\/div>\n<div class=\"right\">\n<div class=\"desc\">\n<div class=\"desc\">\n<div align=\"justify\">\n<p><strong>Lastnosti:<\/strong><\/p>\n<div align=\"justify\">\n<ul>\n<li>Les in standardno steklo<\/li>\n<li>100% varno za dojen\u010dka<\/li>\n<li>Uporabiti najve\u010d dvakrat<\/li>\n<li>Samo za novorojen\u010dke<\/li>\n<li>Fotografski vlo\u017eek:\u00a0 10,16 cm x 15,24 cm.<\/li>\n<li>Dimenzije izdelka: 43,5 x 24 x 1,5 cm<\/li>\n<li>Dimenzije embala\u017ee: 44 x 25,5 x 5,5 cm<\/li>\n<\/ul>\n<\/div>\n<h4><strong>Kako ustvarite odtis?<\/strong><\/h4>\n<ol>\n<li>Za ustvarjanje odtisa obrnite \u010drnilo navzdol na vklju\u010dene bele kartice in pritisnite dojen\u010dkovo roko in nogo posebej na \u010drnilno blazinico Clean-Touch. Majceni odtis va\u0161ega dojen\u010dka bo ostal na karticah, ne da bi se \u010drnilo dotaknilo dojen\u010dka!<\/li>\n<li>Pustite, da se posu\u0161i 1\u20132 dni.<\/li>\n<li>Zatem lahko odtis postavite v okvir\u00a0skupaj s \u010dudovito fotografijo svojega novorojen\u010dka.<\/li>\n<\/ol>\n<div class=\"art_title\">\n<p>\u010crnilne blazinice so predvidene za velikost roke\/noge do 5,08 cm x 7,62 cm.<\/p>\n<\/div>\n<div class=\"right\">\n<div class=\"desc\">\n<div class=\"desc\">\n<p>\u00a0Pearheadov okvir je popolno darilo star\u0161em, ki pri\u010dakujejo dojen\u010dka.<\/p>\n<\/div>\n<\/div>\n<\/div>\n<p>&nbsp;<\/p>\n<\/div>\n<\/div>\n<\/div>\n<\/div>\n","protected":false},"excerpt":{"rendered":"<div class=\"short-description\">\n<p>S Pearhead okvirjem lahko ustvarite in za vedno ohranite odtise svojega mal\u010dka. Ta sodobni leseni okvir vklju\u010duje vse, kar potrebujete za ustvarjanje lastnega spomin\u010dka z odtisi va\u0161ega dojen\u010dka. Pearhead okvir je lahko \u010dudovito darilo za nose\u010dnico ali bodo\u010dega o\u010dka. In obenem bo dal poseben privdih sobi va\u0161ega dojen\u010dka.<\/p>\n<p>Vklju\u010deni sta 2 \u010drnilni blazinici Clean-Touch, narejeni tako, da \u010drnilo sploh ne pride do dojen\u010dkove roke ali noge!<\/p>\n<\/div>\n","protected":false},"featured_media":36170,"template":"","meta":[],"pwb-brand":[2267,2280,2642],"product_brand":[],"product_cat":[2264,2610,2711,2262,2607,2263],"product_tag":[4261],"class_list":{"0":"post-36168","1":"product","2":"type-product","3":"status-publish","4":"has-post-thumbnail","6":"pwb-brand-nosecnost","7":"pwb-brand-pearhead","8":"pwb-brand-pearhead-spanje","9":"product_cat-babyshower","10":"product_cat-darila","11":"product_cat-darilo-ob-rojstvu","12":"product_cat-darilo-za-nosecnico","13":"product_cat-dodatki-in-dekoracije","14":"product_cat-foto-spomini","15":"product_tag-pearhead","17":"first","18":"instock","19":"taxable","20":"shipping-taxable","21":"purchasable","22":"product-type-simple","23":"add-to-wishlist-before_image"},"yoast_head":"<!-- This site is optimized with the Yoast SEO plugin v27.6 - https:\/\/yoast.com\/product\/yoast-seo-wordpress\/ -->\n<title>Pearhead rustikalni stenski okvir - Dvojni odtis s \u010drnilom in slika | Ajatutaja<\/title>\n<meta name=\"description\" content=\"S Pearhead okvirjem lahko ustvarite in za vedno ohranite odtise svojega mal\u010dka. Popolno darilo.\" \/>\n<meta name=\"robots\" content=\"index, follow, max-snippet:-1, max-image-preview:large, max-video-preview:-1\" \/>\n<link rel=\"canonical\" href=\"https:\/\/ajatutaja.com\/izdelek\/pearhead-rustikalni-stenski-okvir-dvojni-odtis-s-crnilom-in-slika\/\" \/>\n<meta property=\"og:locale\" content=\"hr_HR\" \/>\n<meta property=\"og:type\" content=\"article\" \/>\n<meta property=\"og:title\" content=\"Pearhead rustikalni stenski okvir - Dvojni odtis s \u010drnilom in slika | Ajatutaja\" \/>\n<meta property=\"og:description\" content=\"S Pearhead okvirjem lahko ustvarite in za vedno ohranite odtise svojega mal\u010dka. Popolno darilo.\" \/>\n<meta property=\"og:url\" content=\"https:\/\/ajatutaja.com\/izdelek\/pearhead-rustikalni-stenski-okvir-dvojni-odtis-s-crnilom-in-slika\/\" \/>\n<meta property=\"og:site_name\" content=\"Ajatutaja\" \/>\n<meta property=\"article:modified_time\" content=\"2025-03-04T11:00:37+00:00\" \/>\n<meta property=\"og:image\" content=\"https:\/\/ajatutaja.com\/wp-content\/uploads\/2022\/06\/Rustikalni-stenski-okvir-Dvojni-odtis-s-crnilom-in-slika-pearhead-ajatutaja-2.jpg\" \/>\n\t<meta property=\"og:image:width\" content=\"1000\" \/>\n\t<meta property=\"og:image:height\" content=\"1000\" \/>\n\t<meta property=\"og:image:type\" content=\"image\/jpeg\" \/>\n<meta name=\"twitter:card\" content=\"summary_large_image\" \/>\n<meta name=\"twitter:label1\" content=\"Procijenjeno vrijeme \u010ditanja\" \/>\n\t<meta name=\"twitter:data1\" content=\"1 minuta\" \/>\n<script type=\"application\/ld+json\" class=\"yoast-schema-graph\">{\"@context\":\"https:\\\/\\\/schema.org\",\"@graph\":[{\"@type\":\"WebPage\",\"@id\":\"https:\\\/\\\/ajatutaja.com\\\/izdelek\\\/pearhead-rustikalni-stenski-okvir-dvojni-odtis-s-crnilom-in-slika\\\/\",\"url\":\"https:\\\/\\\/ajatutaja.com\\\/izdelek\\\/pearhead-rustikalni-stenski-okvir-dvojni-odtis-s-crnilom-in-slika\\\/\",\"name\":\"Pearhead rustikalni stenski okvir - Dvojni odtis s \u010drnilom in slika | Ajatutaja\",\"isPartOf\":{\"@id\":\"https:\\\/\\\/ajatutaja.com\\\/#website\"},\"primaryImageOfPage\":{\"@id\":\"https:\\\/\\\/ajatutaja.com\\\/izdelek\\\/pearhead-rustikalni-stenski-okvir-dvojni-odtis-s-crnilom-in-slika\\\/#primaryimage\"},\"image\":{\"@id\":\"https:\\\/\\\/ajatutaja.com\\\/izdelek\\\/pearhead-rustikalni-stenski-okvir-dvojni-odtis-s-crnilom-in-slika\\\/#primaryimage\"},\"thumbnailUrl\":\"https:\\\/\\\/ajatutaja.com\\\/wp-content\\\/uploads\\\/2022\\\/06\\\/Rustikalni-stenski-okvir-Dvojni-odtis-s-crnilom-in-slika-pearhead-ajatutaja-2.jpg\",\"datePublished\":\"2022-06-28T11:26:46+00:00\",\"dateModified\":\"2025-03-04T11:00:37+00:00\",\"description\":\"S Pearhead okvirjem lahko ustvarite in za vedno ohranite odtise svojega mal\u010dka. Popolno darilo.\",\"breadcrumb\":{\"@id\":\"https:\\\/\\\/ajatutaja.com\\\/izdelek\\\/pearhead-rustikalni-stenski-okvir-dvojni-odtis-s-crnilom-in-slika\\\/#breadcrumb\"},\"inLanguage\":\"hr\",\"potentialAction\":[{\"@type\":\"ReadAction\",\"target\":[\"https:\\\/\\\/ajatutaja.com\\\/izdelek\\\/pearhead-rustikalni-stenski-okvir-dvojni-odtis-s-crnilom-in-slika\\\/\"]}]},{\"@type\":\"ImageObject\",\"inLanguage\":\"hr\",\"@id\":\"https:\\\/\\\/ajatutaja.com\\\/izdelek\\\/pearhead-rustikalni-stenski-okvir-dvojni-odtis-s-crnilom-in-slika\\\/#primaryimage\",\"url\":\"https:\\\/\\\/ajatutaja.com\\\/wp-content\\\/uploads\\\/2022\\\/06\\\/Rustikalni-stenski-okvir-Dvojni-odtis-s-crnilom-in-slika-pearhead-ajatutaja-2.jpg\",\"contentUrl\":\"https:\\\/\\\/ajatutaja.com\\\/wp-content\\\/uploads\\\/2022\\\/06\\\/Rustikalni-stenski-okvir-Dvojni-odtis-s-crnilom-in-slika-pearhead-ajatutaja-2.jpg\",\"width\":1000,\"height\":1000},{\"@type\":\"BreadcrumbList\",\"@id\":\"https:\\\/\\\/ajatutaja.com\\\/izdelek\\\/pearhead-rustikalni-stenski-okvir-dvojni-odtis-s-crnilom-in-slika\\\/#breadcrumb\",\"itemListElement\":[{\"@type\":\"ListItem\",\"position\":1,\"name\":\"Home\",\"item\":\"https:\\\/\\\/ajatutaja.com\\\/hr\\\/\"},{\"@type\":\"ListItem\",\"position\":2,\"name\":\"Trgovina\",\"item\":\"https:\\\/\\\/ajatutaja.com\\\/hr\\\/trgovina\\\/\"},{\"@type\":\"ListItem\",\"position\":3,\"name\":\"Pearhead rustikalni stenski okvir &#8211; Dvojni odtis s \u010drnilom in slika\"}]},{\"@type\":\"WebSite\",\"@id\":\"https:\\\/\\\/ajatutaja.com\\\/#website\",\"url\":\"https:\\\/\\\/ajatutaja.com\\\/\",\"name\":\"Ajatutaja\",\"description\":\"Otro\u0161ka spletna trgovina AJATUTAJA\",\"publisher\":{\"@id\":\"https:\\\/\\\/ajatutaja.com\\\/#organization\"},\"potentialAction\":[{\"@type\":\"SearchAction\",\"target\":{\"@type\":\"EntryPoint\",\"urlTemplate\":\"https:\\\/\\\/ajatutaja.com\\\/?s={search_term_string}\"},\"query-input\":{\"@type\":\"PropertyValueSpecification\",\"valueRequired\":true,\"valueName\":\"search_term_string\"}}],\"inLanguage\":\"hr\"},{\"@type\":\"Organization\",\"@id\":\"https:\\\/\\\/ajatutaja.com\\\/#organization\",\"name\":\"Ajatutaja\",\"url\":\"https:\\\/\\\/ajatutaja.com\\\/\",\"logo\":{\"@type\":\"ImageObject\",\"inLanguage\":\"hr\",\"@id\":\"https:\\\/\\\/ajatutaja.com\\\/#\\\/schema\\\/logo\\\/image\\\/\",\"url\":\"https:\\\/\\\/ajatutaja.com\\\/wp-content\\\/uploads\\\/2021\\\/10\\\/logo.png\",\"contentUrl\":\"https:\\\/\\\/ajatutaja.com\\\/wp-content\\\/uploads\\\/2021\\\/10\\\/logo.png\",\"width\":555,\"height\":150,\"caption\":\"Ajatutaja\"},\"image\":{\"@id\":\"https:\\\/\\\/ajatutaja.com\\\/#\\\/schema\\\/logo\\\/image\\\/\"}}]}<\/script>\n<!-- \/ Yoast SEO plugin. -->","yoast_head_json":{"title":"Pearhead rustikalni stenski okvir - Dvojni odtis s \u010drnilom in slika | Ajatutaja","description":"S Pearhead okvirjem lahko ustvarite in za vedno ohranite odtise svojega mal\u010dka. Popolno darilo.","robots":{"index":"index","follow":"follow","max-snippet":"max-snippet:-1","max-image-preview":"max-image-preview:large","max-video-preview":"max-video-preview:-1"},"canonical":"https:\/\/ajatutaja.com\/izdelek\/pearhead-rustikalni-stenski-okvir-dvojni-odtis-s-crnilom-in-slika\/","og_locale":"hr_HR","og_type":"article","og_title":"Pearhead rustikalni stenski okvir - Dvojni odtis s \u010drnilom in slika | Ajatutaja","og_description":"S Pearhead okvirjem lahko ustvarite in za vedno ohranite odtise svojega mal\u010dka. Popolno darilo.","og_url":"https:\/\/ajatutaja.com\/izdelek\/pearhead-rustikalni-stenski-okvir-dvojni-odtis-s-crnilom-in-slika\/","og_site_name":"Ajatutaja","article_modified_time":"2025-03-04T11:00:37+00:00","og_image":[{"width":1000,"height":1000,"url":"https:\/\/ajatutaja.com\/wp-content\/uploads\/2022\/06\/Rustikalni-stenski-okvir-Dvojni-odtis-s-crnilom-in-slika-pearhead-ajatutaja-2.jpg","type":"image\/jpeg"}],"twitter_card":"summary_large_image","twitter_misc":{"Procijenjeno vrijeme \u010ditanja":"1 minuta"},"schema":{"@context":"https:\/\/schema.org","@graph":[{"@type":"WebPage","@id":"https:\/\/ajatutaja.com\/izdelek\/pearhead-rustikalni-stenski-okvir-dvojni-odtis-s-crnilom-in-slika\/","url":"https:\/\/ajatutaja.com\/izdelek\/pearhead-rustikalni-stenski-okvir-dvojni-odtis-s-crnilom-in-slika\/","name":"Pearhead rustikalni stenski okvir - Dvojni odtis s \u010drnilom in slika | Ajatutaja","isPartOf":{"@id":"https:\/\/ajatutaja.com\/#website"},"primaryImageOfPage":{"@id":"https:\/\/ajatutaja.com\/izdelek\/pearhead-rustikalni-stenski-okvir-dvojni-odtis-s-crnilom-in-slika\/#primaryimage"},"image":{"@id":"https:\/\/ajatutaja.com\/izdelek\/pearhead-rustikalni-stenski-okvir-dvojni-odtis-s-crnilom-in-slika\/#primaryimage"},"thumbnailUrl":"https:\/\/ajatutaja.com\/wp-content\/uploads\/2022\/06\/Rustikalni-stenski-okvir-Dvojni-odtis-s-crnilom-in-slika-pearhead-ajatutaja-2.jpg","datePublished":"2022-06-28T11:26:46+00:00","dateModified":"2025-03-04T11:00:37+00:00","description":"S Pearhead okvirjem lahko ustvarite in za vedno ohranite odtise svojega mal\u010dka. Popolno darilo.","breadcrumb":{"@id":"https:\/\/ajatutaja.com\/izdelek\/pearhead-rustikalni-stenski-okvir-dvojni-odtis-s-crnilom-in-slika\/#breadcrumb"},"inLanguage":"hr","potentialAction":[{"@type":"ReadAction","target":["https:\/\/ajatutaja.com\/izdelek\/pearhead-rustikalni-stenski-okvir-dvojni-odtis-s-crnilom-in-slika\/"]}]},{"@type":"ImageObject","inLanguage":"hr","@id":"https:\/\/ajatutaja.com\/izdelek\/pearhead-rustikalni-stenski-okvir-dvojni-odtis-s-crnilom-in-slika\/#primaryimage","url":"https:\/\/ajatutaja.com\/wp-content\/uploads\/2022\/06\/Rustikalni-stenski-okvir-Dvojni-odtis-s-crnilom-in-slika-pearhead-ajatutaja-2.jpg","contentUrl":"https:\/\/ajatutaja.com\/wp-content\/uploads\/2022\/06\/Rustikalni-stenski-okvir-Dvojni-odtis-s-crnilom-in-slika-pearhead-ajatutaja-2.jpg","width":1000,"height":1000},{"@type":"BreadcrumbList","@id":"https:\/\/ajatutaja.com\/izdelek\/pearhead-rustikalni-stenski-okvir-dvojni-odtis-s-crnilom-in-slika\/#breadcrumb","itemListElement":[{"@type":"ListItem","position":1,"name":"Home","item":"https:\/\/ajatutaja.com\/hr\/"},{"@type":"ListItem","position":2,"name":"Trgovina","item":"https:\/\/ajatutaja.com\/hr\/trgovina\/"},{"@type":"ListItem","position":3,"name":"Pearhead rustikalni stenski okvir &#8211; Dvojni odtis s \u010drnilom in slika"}]},{"@type":"WebSite","@id":"https:\/\/ajatutaja.com\/#website","url":"https:\/\/ajatutaja.com\/","name":"Ajatutaja","description":"Otro\u0161ka spletna trgovina AJATUTAJA","publisher":{"@id":"https:\/\/ajatutaja.com\/#organization"},"potentialAction":[{"@type":"SearchAction","target":{"@type":"EntryPoint","urlTemplate":"https:\/\/ajatutaja.com\/?s={search_term_string}"},"query-input":{"@type":"PropertyValueSpecification","valueRequired":true,"valueName":"search_term_string"}}],"inLanguage":"hr"},{"@type":"Organization","@id":"https:\/\/ajatutaja.com\/#organization","name":"Ajatutaja","url":"https:\/\/ajatutaja.com\/","logo":{"@type":"ImageObject","inLanguage":"hr","@id":"https:\/\/ajatutaja.com\/#\/schema\/logo\/image\/","url":"https:\/\/ajatutaja.com\/wp-content\/uploads\/2021\/10\/logo.png","contentUrl":"https:\/\/ajatutaja.com\/wp-content\/uploads\/2021\/10\/logo.png","width":555,"height":150,"caption":"Ajatutaja"},"image":{"@id":"https:\/\/ajatutaja.com\/#\/schema\/logo\/image\/"}}]}},"brands":[{"id":2267,"name":"Nose\u010dnost","slug":"nosecnost"},{"id":2280,"name":"Pearhead","slug":"pearhead"},{"id":2642,"name":"Pearhead","slug":"pearhead-spanje"}],"_links":{"self":[{"href":"https:\/\/ajatutaja.com\/hr\/wp-json\/wp\/v2\/product\/36168","targetHints":{"allow":["GET"]}}],"collection":[{"href":"https:\/\/ajatutaja.com\/hr\/wp-json\/wp\/v2\/product"}],"about":[{"href":"https:\/\/ajatutaja.com\/hr\/wp-json\/wp\/v2\/types\/product"}],"wp:featuredmedia":[{"embeddable":true,"href":"https:\/\/ajatutaja.com\/hr\/wp-json\/wp\/v2\/media\/36170"}],"wp:attachment":[{"href":"https:\/\/ajatutaja.com\/hr\/wp-json\/wp\/v2\/media?parent=36168"}],"wp:term":[{"taxonomy":"pwb-brand","embeddable":true,"href":"https:\/\/ajatutaja.com\/hr\/wp-json\/wp\/v2\/pwb-brand?post=36168"},{"taxonomy":"product_brand","embeddable":true,"href":"https:\/\/ajatutaja.com\/hr\/wp-json\/wp\/v2\/product_brand?post=36168"},{"taxonomy":"product_cat","embeddable":true,"href":"https:\/\/ajatutaja.com\/hr\/wp-json\/wp\/v2\/product_cat?post=36168"},{"taxonomy":"product_tag","embeddable":true,"href":"https:\/\/ajatutaja.com\/hr\/wp-json\/wp\/v2\/product_tag?post=36168"}],"curies":[{"name":"wp","href":"https:\/\/api.w.org\/{rel}","templated":true}]}}