{"id":36000,"date":"2022-06-15T17:07:28","date_gmt":"2022-06-15T15:07:28","guid":{"rendered":"https:\/\/ajatutaja.com\/?post_type=product&#038;p=36000"},"modified":"2026-05-04T12:27:33","modified_gmt":"2026-05-04T10:27:33","slug":"univerzalni-komarnik-za-otroski-vozicek","status":"publish","type":"product","link":"https:\/\/ajatutaja.com\/hr\/proizvod\/univerzalni-komarnik-za-otroski-vozicek\/","title":{"rendered":"Univerzalni komarnik za otro\u0161ki vozi\u010dek"},"content":{"rendered":"<p>[vc_row][vc_column][vc_column_text]Zahvaljujo\u010d vsestranskemu elasti\u010dnemu traku se prilega vsem obi\u010dajnim vozi\u010dkom in je enostavna za uporabo.<\/p>\n<p><span style=\"color: #999999\"><em><strong>O blagovni znamki BABY-NOVA<\/strong><\/em><\/span><\/p>\n<p style=\"text-align: justify\"><span style=\"color: #999999\"><em>Za izdelki BABY-NOVA stoji nem\u0161ko dru\u017einsko podjetje Novatex GmbH, ki v sodelovanju z zobozdravniki, ortodonti, znanstveniki in star\u0161i \u017ee ve\u010d kot 25 let raziskuje in razvija inovativne re\u0161itve za otro\u0161ko nego in hranjenje. V lasti imajo tovarno v mestu Langenstein v Nem\u010diji.<\/em><\/span><\/p>\n<p style=\"text-align: justify\"><span style=\"color: #999999\"><em>\u0160tevilni izdelki BABY-NOVA so prejemniki ocene \u201codli\u010dno\u201d (Sehr gut), ki jo podeljuje nem\u0161ka revija za potro\u0161nike <span lang=\"SL\"><span lang=\"SL\">\u00d6<\/span>KO<\/span> TEST, duda BABY-NOVA Dentistar pa je prva duda na svetu nagrajena s nazivom \u201czobom prijazna\u201d (Toothfriendly).<\/em><\/span><\/p>\n<p>[\/vc_column_text][\/vc_column][\/vc_row]<\/p>\n","protected":false},"excerpt":{"rendered":"<p>Univerzalna mre\u017ea proti komarjem Baby Nova nudi va\u0161emu otroku popolno za\u0161\u010dito pred insekti in komarji, ko je v vozi\u010dku. Enostavna namestitev s pomo\u010djo elasti\u010dnega roba.<\/p>\n","protected":false},"featured_media":36002,"template":"","meta":[],"pwb-brand":[2374],"product_brand":[],"product_cat":[2370,2408],"product_tag":[3976],"class_list":{"0":"post-36000","1":"product","2":"type-product","3":"status-publish","4":"has-post-thumbnail","6":"pwb-brand-vozicki","7":"product_cat-dodatna-oprema-vozicki","8":"product_cat-poletni-pripomocki","9":"product_tag-baby-nova","11":"first","12":"instock","13":"taxable","14":"shipping-taxable","15":"purchasable","16":"product-type-simple","17":"add-to-wishlist-before_image"},"yoast_head":"<!-- This site is optimized with the Yoast SEO plugin v27.6 - https:\/\/yoast.com\/product\/yoast-seo-wordpress\/ -->\n<title>Univerzalni komarnik za otro\u0161ki vozi\u010dek | Ajatutaja<\/title>\n<meta name=\"description\" content=\"Univerzalna mre\u017ea proti komarjem Baby Nova nudi va\u0161emu otroku popolno za\u0161\u010dito pred insekti in komarji, ko je v vozi\u010dku. Enostavna namestitev s pomo\u010djo elasti\u010dnega roba.\" \/>\n<meta name=\"robots\" content=\"index, follow, max-snippet:-1, max-image-preview:large, max-video-preview:-1\" \/>\n<link rel=\"canonical\" href=\"https:\/\/ajatutaja.com\/izdelek\/univerzalni-komarnik-za-otroski-vozicek\/\" \/>\n<meta property=\"og:locale\" content=\"hr_HR\" \/>\n<meta property=\"og:type\" content=\"article\" \/>\n<meta property=\"og:title\" content=\"Univerzalni komarnik za otro\u0161ki vozi\u010dek | Ajatutaja\" \/>\n<meta property=\"og:description\" content=\"Univerzalna mre\u017ea proti komarjem Baby Nova nudi va\u0161emu otroku popolno za\u0161\u010dito pred insekti in komarji, ko je v vozi\u010dku. Enostavna namestitev s pomo\u010djo elasti\u010dnega roba.\" \/>\n<meta property=\"og:url\" content=\"https:\/\/ajatutaja.com\/izdelek\/univerzalni-komarnik-za-otroski-vozicek\/\" \/>\n<meta property=\"og:site_name\" content=\"Ajatutaja\" \/>\n<meta property=\"article:modified_time\" content=\"2026-05-04T10:27:33+00:00\" \/>\n<meta property=\"og:image\" content=\"https:\/\/ajatutaja.com\/wp-content\/uploads\/2022\/06\/Baby-nova-mreza-proti-komarjem-ajatutaja-1-1.jpg\" \/>\n\t<meta property=\"og:image:width\" content=\"800\" \/>\n\t<meta property=\"og:image:height\" content=\"800\" \/>\n\t<meta property=\"og:image:type\" content=\"image\/jpeg\" \/>\n<meta name=\"twitter:card\" content=\"summary_large_image\" \/>\n<meta name=\"twitter:label1\" content=\"Procijenjeno vrijeme \u010ditanja\" \/>\n\t<meta name=\"twitter:data1\" content=\"1 minuta\" \/>\n<script type=\"application\/ld+json\" class=\"yoast-schema-graph\">{\"@context\":\"https:\\\/\\\/schema.org\",\"@graph\":[{\"@type\":\"WebPage\",\"@id\":\"https:\\\/\\\/ajatutaja.com\\\/izdelek\\\/univerzalni-komarnik-za-otroski-vozicek\\\/\",\"url\":\"https:\\\/\\\/ajatutaja.com\\\/izdelek\\\/univerzalni-komarnik-za-otroski-vozicek\\\/\",\"name\":\"Univerzalni komarnik za otro\u0161ki vozi\u010dek | Ajatutaja\",\"isPartOf\":{\"@id\":\"https:\\\/\\\/ajatutaja.com\\\/#website\"},\"primaryImageOfPage\":{\"@id\":\"https:\\\/\\\/ajatutaja.com\\\/izdelek\\\/univerzalni-komarnik-za-otroski-vozicek\\\/#primaryimage\"},\"image\":{\"@id\":\"https:\\\/\\\/ajatutaja.com\\\/izdelek\\\/univerzalni-komarnik-za-otroski-vozicek\\\/#primaryimage\"},\"thumbnailUrl\":\"https:\\\/\\\/ajatutaja.com\\\/wp-content\\\/uploads\\\/2022\\\/06\\\/Baby-nova-mreza-proti-komarjem-ajatutaja-1-1.jpg\",\"datePublished\":\"2022-06-15T15:07:28+00:00\",\"dateModified\":\"2026-05-04T10:27:33+00:00\",\"description\":\"Univerzalna mre\u017ea proti komarjem Baby Nova nudi va\u0161emu otroku popolno za\u0161\u010dito pred insekti in komarji, ko je v vozi\u010dku. Enostavna namestitev s pomo\u010djo elasti\u010dnega roba.\",\"breadcrumb\":{\"@id\":\"https:\\\/\\\/ajatutaja.com\\\/izdelek\\\/univerzalni-komarnik-za-otroski-vozicek\\\/#breadcrumb\"},\"inLanguage\":\"hr\",\"potentialAction\":[{\"@type\":\"ReadAction\",\"target\":[\"https:\\\/\\\/ajatutaja.com\\\/izdelek\\\/univerzalni-komarnik-za-otroski-vozicek\\\/\"]}]},{\"@type\":\"ImageObject\",\"inLanguage\":\"hr\",\"@id\":\"https:\\\/\\\/ajatutaja.com\\\/izdelek\\\/univerzalni-komarnik-za-otroski-vozicek\\\/#primaryimage\",\"url\":\"https:\\\/\\\/ajatutaja.com\\\/wp-content\\\/uploads\\\/2022\\\/06\\\/Baby-nova-mreza-proti-komarjem-ajatutaja-1-1.jpg\",\"contentUrl\":\"https:\\\/\\\/ajatutaja.com\\\/wp-content\\\/uploads\\\/2022\\\/06\\\/Baby-nova-mreza-proti-komarjem-ajatutaja-1-1.jpg\",\"width\":800,\"height\":800},{\"@type\":\"BreadcrumbList\",\"@id\":\"https:\\\/\\\/ajatutaja.com\\\/izdelek\\\/univerzalni-komarnik-za-otroski-vozicek\\\/#breadcrumb\",\"itemListElement\":[{\"@type\":\"ListItem\",\"position\":1,\"name\":\"Home\",\"item\":\"https:\\\/\\\/ajatutaja.com\\\/hr\\\/\"},{\"@type\":\"ListItem\",\"position\":2,\"name\":\"Trgovina\",\"item\":\"https:\\\/\\\/ajatutaja.com\\\/hr\\\/trgovina\\\/\"},{\"@type\":\"ListItem\",\"position\":3,\"name\":\"Univerzalni komarnik za otro\u0161ki vozi\u010dek\"}]},{\"@type\":\"WebSite\",\"@id\":\"https:\\\/\\\/ajatutaja.com\\\/#website\",\"url\":\"https:\\\/\\\/ajatutaja.com\\\/\",\"name\":\"Ajatutaja\",\"description\":\"Otro\u0161ka spletna trgovina AJATUTAJA\",\"publisher\":{\"@id\":\"https:\\\/\\\/ajatutaja.com\\\/#organization\"},\"potentialAction\":[{\"@type\":\"SearchAction\",\"target\":{\"@type\":\"EntryPoint\",\"urlTemplate\":\"https:\\\/\\\/ajatutaja.com\\\/?s={search_term_string}\"},\"query-input\":{\"@type\":\"PropertyValueSpecification\",\"valueRequired\":true,\"valueName\":\"search_term_string\"}}],\"inLanguage\":\"hr\"},{\"@type\":\"Organization\",\"@id\":\"https:\\\/\\\/ajatutaja.com\\\/#organization\",\"name\":\"Ajatutaja\",\"url\":\"https:\\\/\\\/ajatutaja.com\\\/\",\"logo\":{\"@type\":\"ImageObject\",\"inLanguage\":\"hr\",\"@id\":\"https:\\\/\\\/ajatutaja.com\\\/#\\\/schema\\\/logo\\\/image\\\/\",\"url\":\"https:\\\/\\\/ajatutaja.com\\\/wp-content\\\/uploads\\\/2021\\\/10\\\/logo.png\",\"contentUrl\":\"https:\\\/\\\/ajatutaja.com\\\/wp-content\\\/uploads\\\/2021\\\/10\\\/logo.png\",\"width\":555,\"height\":150,\"caption\":\"Ajatutaja\"},\"image\":{\"@id\":\"https:\\\/\\\/ajatutaja.com\\\/#\\\/schema\\\/logo\\\/image\\\/\"}}]}<\/script>\n<!-- \/ Yoast SEO plugin. -->","yoast_head_json":{"title":"Univerzalni komarnik za otro\u0161ki vozi\u010dek | Ajatutaja","description":"Univerzalna mre\u017ea proti komarjem Baby Nova nudi va\u0161emu otroku popolno za\u0161\u010dito pred insekti in komarji, ko je v vozi\u010dku. Enostavna namestitev s pomo\u010djo elasti\u010dnega roba.","robots":{"index":"index","follow":"follow","max-snippet":"max-snippet:-1","max-image-preview":"max-image-preview:large","max-video-preview":"max-video-preview:-1"},"canonical":"https:\/\/ajatutaja.com\/izdelek\/univerzalni-komarnik-za-otroski-vozicek\/","og_locale":"hr_HR","og_type":"article","og_title":"Univerzalni komarnik za otro\u0161ki vozi\u010dek | Ajatutaja","og_description":"Univerzalna mre\u017ea proti komarjem Baby Nova nudi va\u0161emu otroku popolno za\u0161\u010dito pred insekti in komarji, ko je v vozi\u010dku. Enostavna namestitev s pomo\u010djo elasti\u010dnega roba.","og_url":"https:\/\/ajatutaja.com\/izdelek\/univerzalni-komarnik-za-otroski-vozicek\/","og_site_name":"Ajatutaja","article_modified_time":"2026-05-04T10:27:33+00:00","og_image":[{"width":800,"height":800,"url":"https:\/\/ajatutaja.com\/wp-content\/uploads\/2022\/06\/Baby-nova-mreza-proti-komarjem-ajatutaja-1-1.jpg","type":"image\/jpeg"}],"twitter_card":"summary_large_image","twitter_misc":{"Procijenjeno vrijeme \u010ditanja":"1 minuta"},"schema":{"@context":"https:\/\/schema.org","@graph":[{"@type":"WebPage","@id":"https:\/\/ajatutaja.com\/izdelek\/univerzalni-komarnik-za-otroski-vozicek\/","url":"https:\/\/ajatutaja.com\/izdelek\/univerzalni-komarnik-za-otroski-vozicek\/","name":"Univerzalni komarnik za otro\u0161ki vozi\u010dek | Ajatutaja","isPartOf":{"@id":"https:\/\/ajatutaja.com\/#website"},"primaryImageOfPage":{"@id":"https:\/\/ajatutaja.com\/izdelek\/univerzalni-komarnik-za-otroski-vozicek\/#primaryimage"},"image":{"@id":"https:\/\/ajatutaja.com\/izdelek\/univerzalni-komarnik-za-otroski-vozicek\/#primaryimage"},"thumbnailUrl":"https:\/\/ajatutaja.com\/wp-content\/uploads\/2022\/06\/Baby-nova-mreza-proti-komarjem-ajatutaja-1-1.jpg","datePublished":"2022-06-15T15:07:28+00:00","dateModified":"2026-05-04T10:27:33+00:00","description":"Univerzalna mre\u017ea proti komarjem Baby Nova nudi va\u0161emu otroku popolno za\u0161\u010dito pred insekti in komarji, ko je v vozi\u010dku. Enostavna namestitev s pomo\u010djo elasti\u010dnega roba.","breadcrumb":{"@id":"https:\/\/ajatutaja.com\/izdelek\/univerzalni-komarnik-za-otroski-vozicek\/#breadcrumb"},"inLanguage":"hr","potentialAction":[{"@type":"ReadAction","target":["https:\/\/ajatutaja.com\/izdelek\/univerzalni-komarnik-za-otroski-vozicek\/"]}]},{"@type":"ImageObject","inLanguage":"hr","@id":"https:\/\/ajatutaja.com\/izdelek\/univerzalni-komarnik-za-otroski-vozicek\/#primaryimage","url":"https:\/\/ajatutaja.com\/wp-content\/uploads\/2022\/06\/Baby-nova-mreza-proti-komarjem-ajatutaja-1-1.jpg","contentUrl":"https:\/\/ajatutaja.com\/wp-content\/uploads\/2022\/06\/Baby-nova-mreza-proti-komarjem-ajatutaja-1-1.jpg","width":800,"height":800},{"@type":"BreadcrumbList","@id":"https:\/\/ajatutaja.com\/izdelek\/univerzalni-komarnik-za-otroski-vozicek\/#breadcrumb","itemListElement":[{"@type":"ListItem","position":1,"name":"Home","item":"https:\/\/ajatutaja.com\/hr\/"},{"@type":"ListItem","position":2,"name":"Trgovina","item":"https:\/\/ajatutaja.com\/hr\/trgovina\/"},{"@type":"ListItem","position":3,"name":"Univerzalni komarnik za otro\u0161ki vozi\u010dek"}]},{"@type":"WebSite","@id":"https:\/\/ajatutaja.com\/#website","url":"https:\/\/ajatutaja.com\/","name":"Ajatutaja","description":"Otro\u0161ka spletna trgovina AJATUTAJA","publisher":{"@id":"https:\/\/ajatutaja.com\/#organization"},"potentialAction":[{"@type":"SearchAction","target":{"@type":"EntryPoint","urlTemplate":"https:\/\/ajatutaja.com\/?s={search_term_string}"},"query-input":{"@type":"PropertyValueSpecification","valueRequired":true,"valueName":"search_term_string"}}],"inLanguage":"hr"},{"@type":"Organization","@id":"https:\/\/ajatutaja.com\/#organization","name":"Ajatutaja","url":"https:\/\/ajatutaja.com\/","logo":{"@type":"ImageObject","inLanguage":"hr","@id":"https:\/\/ajatutaja.com\/#\/schema\/logo\/image\/","url":"https:\/\/ajatutaja.com\/wp-content\/uploads\/2021\/10\/logo.png","contentUrl":"https:\/\/ajatutaja.com\/wp-content\/uploads\/2021\/10\/logo.png","width":555,"height":150,"caption":"Ajatutaja"},"image":{"@id":"https:\/\/ajatutaja.com\/#\/schema\/logo\/image\/"}}]}},"brands":[{"id":2374,"name":"Vozi\u010dki","slug":"vozicki"}],"_links":{"self":[{"href":"https:\/\/ajatutaja.com\/hr\/wp-json\/wp\/v2\/product\/36000","targetHints":{"allow":["GET"]}}],"collection":[{"href":"https:\/\/ajatutaja.com\/hr\/wp-json\/wp\/v2\/product"}],"about":[{"href":"https:\/\/ajatutaja.com\/hr\/wp-json\/wp\/v2\/types\/product"}],"wp:featuredmedia":[{"embeddable":true,"href":"https:\/\/ajatutaja.com\/hr\/wp-json\/wp\/v2\/media\/36002"}],"wp:attachment":[{"href":"https:\/\/ajatutaja.com\/hr\/wp-json\/wp\/v2\/media?parent=36000"}],"wp:term":[{"taxonomy":"pwb-brand","embeddable":true,"href":"https:\/\/ajatutaja.com\/hr\/wp-json\/wp\/v2\/pwb-brand?post=36000"},{"taxonomy":"product_brand","embeddable":true,"href":"https:\/\/ajatutaja.com\/hr\/wp-json\/wp\/v2\/product_brand?post=36000"},{"taxonomy":"product_cat","embeddable":true,"href":"https:\/\/ajatutaja.com\/hr\/wp-json\/wp\/v2\/product_cat?post=36000"},{"taxonomy":"product_tag","embeddable":true,"href":"https:\/\/ajatutaja.com\/hr\/wp-json\/wp\/v2\/product_tag?post=36000"}],"curies":[{"name":"wp","href":"https:\/\/api.w.org\/{rel}","templated":true}]}}