{"id":35777,"date":"2022-06-10T18:27:55","date_gmt":"2022-06-10T16:27:55","guid":{"rendered":"https:\/\/ajatutaja.com\/?post_type=product&#038;p=35777"},"modified":"2023-05-31T16:43:57","modified_gmt":"2023-05-31T14:43:57","slug":"otroska-kapa-s-siltom-disney-minnie-roza","status":"publish","type":"product","link":"https:\/\/ajatutaja.com\/hr\/proizvod\/otroska-kapa-s-siltom-disney-minnie-roza\/","title":{"rendered":"Otro\u0161ka kapa s \u0161iltom Disney Minnie &#8211; Roza"},"content":{"rendered":"<p>[vc_row][vc_column][vc_column_text]<\/p>\n<h3>Otro\u0161ka kapa s \u0161iltom Minnie ima naslednje lastnosti:<\/h3>\n<ul>\n<li>Z motivom Minnie<\/li>\n<li>\u0160\u010diti pred soncem<\/li>\n<li>Nastavljiva \u0161irina s pomo\u010djo je\u017ekov na zadnjem traku<\/li>\n<li>Lahek in zra\u010den material<\/li>\n<li>Velikost 51 za otroke od 2 do 5 let starosti<\/li>\n<li>Surovinska sestava. 100% bomba\u017e<\/li>\n<\/ul>\n<p>[\/vc_column_text][\/vc_column][\/vc_row]<\/p>\n","protected":false},"excerpt":{"rendered":"<p>Simpati\u010dna Disney otro\u0161ka kapa s \u0161iltom za deklice z motivom ljubke mi\u0161ke Minnie bo \u0161\u010ditila va\u0161o mal\u010dico pred soncem. Nastavljiva \u0161irina &#8211; za otroke od 2 do 5 leta starosti.<\/p>\n","protected":false},"featured_media":34598,"template":"","meta":[],"pwb-brand":[2696],"product_brand":[],"product_cat":[2694,2609,2683],"product_tag":[4188,4936,4934],"class_list":{"0":"post-35777","1":"product","2":"type-product","3":"status-publish","4":"has-post-thumbnail","6":"pwb-brand-moda","7":"product_cat-kape-in-klobucki","8":"product_cat-moda","9":"product_cat-oblacila-za-deklico","10":"product_tag-disney","11":"product_tag-minnie","12":"product_tag-poletna-kapa","14":"first","15":"instock","16":"taxable","17":"shipping-taxable","18":"purchasable","19":"product-type-simple","20":"add-to-wishlist-before_image"},"yoast_head":"<!-- This site is optimized with the Yoast SEO plugin v27.3 - https:\/\/yoast.com\/product\/yoast-seo-wordpress\/ -->\n<title>Otro\u0161ka kapa s \u0161iltom Disney Minnie - Roza | Ajatutaja<\/title>\n<meta name=\"description\" content=\"Simpati\u010dna Disney otro\u0161ka kapa s \u0161iltom za deklice z motivom ljubke mi\u0161ke Minnie bo \u0161\u010ditila va\u0161o mal\u010dico pred soncem.\" \/>\n<meta name=\"robots\" content=\"index, follow, max-snippet:-1, max-image-preview:large, max-video-preview:-1\" \/>\n<link rel=\"canonical\" href=\"https:\/\/ajatutaja.com\/izdelek\/otroska-kapa-s-siltom-disney-minnie-roza\/\" \/>\n<meta property=\"og:locale\" content=\"hr_HR\" \/>\n<meta property=\"og:type\" content=\"article\" \/>\n<meta property=\"og:title\" content=\"Otro\u0161ka kapa s \u0161iltom Disney Minnie - Roza | Ajatutaja\" \/>\n<meta property=\"og:description\" content=\"Simpati\u010dna Disney otro\u0161ka kapa s \u0161iltom za deklice z motivom ljubke mi\u0161ke Minnie bo \u0161\u010ditila va\u0161o mal\u010dico pred soncem.\" \/>\n<meta property=\"og:url\" content=\"https:\/\/ajatutaja.com\/izdelek\/otroska-kapa-s-siltom-disney-minnie-roza\/\" \/>\n<meta property=\"og:site_name\" content=\"Ajatutaja\" \/>\n<meta property=\"article:modified_time\" content=\"2023-05-31T14:43:57+00:00\" \/>\n<meta property=\"og:image\" content=\"https:\/\/ajatutaja.com\/wp-content\/uploads\/2022\/04\/otroska-kapa-s-siltom-ajatutaja-disney-minnie-pink-1.jpg\" \/>\n\t<meta property=\"og:image:width\" content=\"1100\" \/>\n\t<meta property=\"og:image:height\" content=\"1422\" \/>\n\t<meta property=\"og:image:type\" content=\"image\/jpeg\" \/>\n<meta name=\"twitter:card\" content=\"summary_large_image\" \/>\n<script type=\"application\/ld+json\" class=\"yoast-schema-graph\">{\"@context\":\"https:\\\/\\\/schema.org\",\"@graph\":[{\"@type\":\"WebPage\",\"@id\":\"https:\\\/\\\/ajatutaja.com\\\/izdelek\\\/otroska-kapa-s-siltom-disney-minnie-roza\\\/\",\"url\":\"https:\\\/\\\/ajatutaja.com\\\/izdelek\\\/otroska-kapa-s-siltom-disney-minnie-roza\\\/\",\"name\":\"Otro\u0161ka kapa s \u0161iltom Disney Minnie - Roza | Ajatutaja\",\"isPartOf\":{\"@id\":\"https:\\\/\\\/ajatutaja.com\\\/#website\"},\"primaryImageOfPage\":{\"@id\":\"https:\\\/\\\/ajatutaja.com\\\/izdelek\\\/otroska-kapa-s-siltom-disney-minnie-roza\\\/#primaryimage\"},\"image\":{\"@id\":\"https:\\\/\\\/ajatutaja.com\\\/izdelek\\\/otroska-kapa-s-siltom-disney-minnie-roza\\\/#primaryimage\"},\"thumbnailUrl\":\"https:\\\/\\\/ajatutaja.com\\\/wp-content\\\/uploads\\\/2022\\\/04\\\/otroska-kapa-s-siltom-ajatutaja-disney-minnie-pink-1.jpg\",\"datePublished\":\"2022-06-10T16:27:55+00:00\",\"dateModified\":\"2023-05-31T14:43:57+00:00\",\"description\":\"Simpati\u010dna Disney otro\u0161ka kapa s \u0161iltom za deklice z motivom ljubke mi\u0161ke Minnie bo \u0161\u010ditila va\u0161o mal\u010dico pred soncem.\",\"breadcrumb\":{\"@id\":\"https:\\\/\\\/ajatutaja.com\\\/izdelek\\\/otroska-kapa-s-siltom-disney-minnie-roza\\\/#breadcrumb\"},\"inLanguage\":\"hr\",\"potentialAction\":[{\"@type\":\"ReadAction\",\"target\":[\"https:\\\/\\\/ajatutaja.com\\\/izdelek\\\/otroska-kapa-s-siltom-disney-minnie-roza\\\/\"]}]},{\"@type\":\"ImageObject\",\"inLanguage\":\"hr\",\"@id\":\"https:\\\/\\\/ajatutaja.com\\\/izdelek\\\/otroska-kapa-s-siltom-disney-minnie-roza\\\/#primaryimage\",\"url\":\"https:\\\/\\\/ajatutaja.com\\\/wp-content\\\/uploads\\\/2022\\\/04\\\/otroska-kapa-s-siltom-ajatutaja-disney-minnie-pink-1.jpg\",\"contentUrl\":\"https:\\\/\\\/ajatutaja.com\\\/wp-content\\\/uploads\\\/2022\\\/04\\\/otroska-kapa-s-siltom-ajatutaja-disney-minnie-pink-1.jpg\",\"width\":1100,\"height\":1422},{\"@type\":\"BreadcrumbList\",\"@id\":\"https:\\\/\\\/ajatutaja.com\\\/izdelek\\\/otroska-kapa-s-siltom-disney-minnie-roza\\\/#breadcrumb\",\"itemListElement\":[{\"@type\":\"ListItem\",\"position\":1,\"name\":\"Home\",\"item\":\"https:\\\/\\\/ajatutaja.com\\\/hr\\\/\"},{\"@type\":\"ListItem\",\"position\":2,\"name\":\"Trgovina\",\"item\":\"https:\\\/\\\/ajatutaja.com\\\/hr\\\/trgovina\\\/\"},{\"@type\":\"ListItem\",\"position\":3,\"name\":\"Otro\u0161ka kapa s \u0161iltom Disney Minnie &#8211; Roza\"}]},{\"@type\":\"WebSite\",\"@id\":\"https:\\\/\\\/ajatutaja.com\\\/#website\",\"url\":\"https:\\\/\\\/ajatutaja.com\\\/\",\"name\":\"Ajatutaja\",\"description\":\"Otro\u0161ka spletna trgovina AJATUTAJA\",\"publisher\":{\"@id\":\"https:\\\/\\\/ajatutaja.com\\\/#organization\"},\"potentialAction\":[{\"@type\":\"SearchAction\",\"target\":{\"@type\":\"EntryPoint\",\"urlTemplate\":\"https:\\\/\\\/ajatutaja.com\\\/?s={search_term_string}\"},\"query-input\":{\"@type\":\"PropertyValueSpecification\",\"valueRequired\":true,\"valueName\":\"search_term_string\"}}],\"inLanguage\":\"hr\"},{\"@type\":\"Organization\",\"@id\":\"https:\\\/\\\/ajatutaja.com\\\/#organization\",\"name\":\"Ajatutaja\",\"url\":\"https:\\\/\\\/ajatutaja.com\\\/\",\"logo\":{\"@type\":\"ImageObject\",\"inLanguage\":\"hr\",\"@id\":\"https:\\\/\\\/ajatutaja.com\\\/#\\\/schema\\\/logo\\\/image\\\/\",\"url\":\"https:\\\/\\\/ajatutaja.com\\\/wp-content\\\/uploads\\\/2021\\\/10\\\/logo.png\",\"contentUrl\":\"https:\\\/\\\/ajatutaja.com\\\/wp-content\\\/uploads\\\/2021\\\/10\\\/logo.png\",\"width\":555,\"height\":150,\"caption\":\"Ajatutaja\"},\"image\":{\"@id\":\"https:\\\/\\\/ajatutaja.com\\\/#\\\/schema\\\/logo\\\/image\\\/\"}}]}<\/script>\n<!-- \/ Yoast SEO plugin. -->","yoast_head_json":{"title":"Otro\u0161ka kapa s \u0161iltom Disney Minnie - Roza | Ajatutaja","description":"Simpati\u010dna Disney otro\u0161ka kapa s \u0161iltom za deklice z motivom ljubke mi\u0161ke Minnie bo \u0161\u010ditila va\u0161o mal\u010dico pred soncem.","robots":{"index":"index","follow":"follow","max-snippet":"max-snippet:-1","max-image-preview":"max-image-preview:large","max-video-preview":"max-video-preview:-1"},"canonical":"https:\/\/ajatutaja.com\/izdelek\/otroska-kapa-s-siltom-disney-minnie-roza\/","og_locale":"hr_HR","og_type":"article","og_title":"Otro\u0161ka kapa s \u0161iltom Disney Minnie - Roza | Ajatutaja","og_description":"Simpati\u010dna Disney otro\u0161ka kapa s \u0161iltom za deklice z motivom ljubke mi\u0161ke Minnie bo \u0161\u010ditila va\u0161o mal\u010dico pred soncem.","og_url":"https:\/\/ajatutaja.com\/izdelek\/otroska-kapa-s-siltom-disney-minnie-roza\/","og_site_name":"Ajatutaja","article_modified_time":"2023-05-31T14:43:57+00:00","og_image":[{"width":1100,"height":1422,"url":"https:\/\/ajatutaja.com\/wp-content\/uploads\/2022\/04\/otroska-kapa-s-siltom-ajatutaja-disney-minnie-pink-1.jpg","type":"image\/jpeg"}],"twitter_card":"summary_large_image","schema":{"@context":"https:\/\/schema.org","@graph":[{"@type":"WebPage","@id":"https:\/\/ajatutaja.com\/izdelek\/otroska-kapa-s-siltom-disney-minnie-roza\/","url":"https:\/\/ajatutaja.com\/izdelek\/otroska-kapa-s-siltom-disney-minnie-roza\/","name":"Otro\u0161ka kapa s \u0161iltom Disney Minnie - Roza | Ajatutaja","isPartOf":{"@id":"https:\/\/ajatutaja.com\/#website"},"primaryImageOfPage":{"@id":"https:\/\/ajatutaja.com\/izdelek\/otroska-kapa-s-siltom-disney-minnie-roza\/#primaryimage"},"image":{"@id":"https:\/\/ajatutaja.com\/izdelek\/otroska-kapa-s-siltom-disney-minnie-roza\/#primaryimage"},"thumbnailUrl":"https:\/\/ajatutaja.com\/wp-content\/uploads\/2022\/04\/otroska-kapa-s-siltom-ajatutaja-disney-minnie-pink-1.jpg","datePublished":"2022-06-10T16:27:55+00:00","dateModified":"2023-05-31T14:43:57+00:00","description":"Simpati\u010dna Disney otro\u0161ka kapa s \u0161iltom za deklice z motivom ljubke mi\u0161ke Minnie bo \u0161\u010ditila va\u0161o mal\u010dico pred soncem.","breadcrumb":{"@id":"https:\/\/ajatutaja.com\/izdelek\/otroska-kapa-s-siltom-disney-minnie-roza\/#breadcrumb"},"inLanguage":"hr","potentialAction":[{"@type":"ReadAction","target":["https:\/\/ajatutaja.com\/izdelek\/otroska-kapa-s-siltom-disney-minnie-roza\/"]}]},{"@type":"ImageObject","inLanguage":"hr","@id":"https:\/\/ajatutaja.com\/izdelek\/otroska-kapa-s-siltom-disney-minnie-roza\/#primaryimage","url":"https:\/\/ajatutaja.com\/wp-content\/uploads\/2022\/04\/otroska-kapa-s-siltom-ajatutaja-disney-minnie-pink-1.jpg","contentUrl":"https:\/\/ajatutaja.com\/wp-content\/uploads\/2022\/04\/otroska-kapa-s-siltom-ajatutaja-disney-minnie-pink-1.jpg","width":1100,"height":1422},{"@type":"BreadcrumbList","@id":"https:\/\/ajatutaja.com\/izdelek\/otroska-kapa-s-siltom-disney-minnie-roza\/#breadcrumb","itemListElement":[{"@type":"ListItem","position":1,"name":"Home","item":"https:\/\/ajatutaja.com\/hr\/"},{"@type":"ListItem","position":2,"name":"Trgovina","item":"https:\/\/ajatutaja.com\/hr\/trgovina\/"},{"@type":"ListItem","position":3,"name":"Otro\u0161ka kapa s \u0161iltom Disney Minnie &#8211; Roza"}]},{"@type":"WebSite","@id":"https:\/\/ajatutaja.com\/#website","url":"https:\/\/ajatutaja.com\/","name":"Ajatutaja","description":"Otro\u0161ka spletna trgovina AJATUTAJA","publisher":{"@id":"https:\/\/ajatutaja.com\/#organization"},"potentialAction":[{"@type":"SearchAction","target":{"@type":"EntryPoint","urlTemplate":"https:\/\/ajatutaja.com\/?s={search_term_string}"},"query-input":{"@type":"PropertyValueSpecification","valueRequired":true,"valueName":"search_term_string"}}],"inLanguage":"hr"},{"@type":"Organization","@id":"https:\/\/ajatutaja.com\/#organization","name":"Ajatutaja","url":"https:\/\/ajatutaja.com\/","logo":{"@type":"ImageObject","inLanguage":"hr","@id":"https:\/\/ajatutaja.com\/#\/schema\/logo\/image\/","url":"https:\/\/ajatutaja.com\/wp-content\/uploads\/2021\/10\/logo.png","contentUrl":"https:\/\/ajatutaja.com\/wp-content\/uploads\/2021\/10\/logo.png","width":555,"height":150,"caption":"Ajatutaja"},"image":{"@id":"https:\/\/ajatutaja.com\/#\/schema\/logo\/image\/"}}]}},"brands":[{"id":2696,"name":"Moda","slug":"moda"}],"_links":{"self":[{"href":"https:\/\/ajatutaja.com\/hr\/wp-json\/wp\/v2\/product\/35777","targetHints":{"allow":["GET"]}}],"collection":[{"href":"https:\/\/ajatutaja.com\/hr\/wp-json\/wp\/v2\/product"}],"about":[{"href":"https:\/\/ajatutaja.com\/hr\/wp-json\/wp\/v2\/types\/product"}],"wp:featuredmedia":[{"embeddable":true,"href":"https:\/\/ajatutaja.com\/hr\/wp-json\/wp\/v2\/media\/34598"}],"wp:attachment":[{"href":"https:\/\/ajatutaja.com\/hr\/wp-json\/wp\/v2\/media?parent=35777"}],"wp:term":[{"taxonomy":"pwb-brand","embeddable":true,"href":"https:\/\/ajatutaja.com\/hr\/wp-json\/wp\/v2\/pwb-brand?post=35777"},{"taxonomy":"product_brand","embeddable":true,"href":"https:\/\/ajatutaja.com\/hr\/wp-json\/wp\/v2\/product_brand?post=35777"},{"taxonomy":"product_cat","embeddable":true,"href":"https:\/\/ajatutaja.com\/hr\/wp-json\/wp\/v2\/product_cat?post=35777"},{"taxonomy":"product_tag","embeddable":true,"href":"https:\/\/ajatutaja.com\/hr\/wp-json\/wp\/v2\/product_tag?post=35777"}],"curies":[{"name":"wp","href":"https:\/\/api.w.org\/{rel}","templated":true}]}}