{"id":35634,"date":"2022-05-31T21:10:29","date_gmt":"2022-05-31T19:10:29","guid":{"rendered":"https:\/\/ajatutaja.com\/?post_type=product&#038;p=35634"},"modified":"2026-03-23T15:53:00","modified_gmt":"2026-03-23T14:53:00","slug":"loncek-za-ucenje-pitja-sophie-la-girafe-sippy-cup-180ml","status":"publish","type":"product","link":"https:\/\/ajatutaja.com\/hr\/proizvod\/loncek-za-ucenje-pitja-sophie-la-girafe-sippy-cup-180ml\/","title":{"rendered":"Lon\u010dek za u\u010denje pitja Sophie la Girafe &#8211; Sippy Cup (180ml)"},"content":{"rendered":"<p>[vc_row][vc_column][vc_column_text]<\/p>\n<div id=\"description\">\n<h3>Lastnosti lon\u010dka za u\u010denje pitja Sophie Sippy Cup:<\/h3>\n<ul>\n<li>volumen 180ml<\/li>\n<li>primerno za otroke od 6.meseca starosti dalje<\/li>\n<li>ne poliva<\/li>\n<li>nedrse\u010da ro\u010daja omogo\u010data enostaven oprijem<\/li>\n<li>dimenzije 13.5 x 7.5 x 12 cm<\/li>\n<li>pralno v pomivalnem stroju na zgornji ko\u0161arici<\/li>\n<li>ne vsebuje \u0161kodljivi snovi<\/li>\n<\/ul>\n<\/div>\n<p>[\/vc_column_text][\/vc_column][\/vc_row]<\/p>\n","protected":false},"excerpt":{"rendered":"<p>Lon\u010dek za u\u010denje pitja s simpati\u010dno \u017eirafico Sophie na sredini, je idealno in predvsem uporabno darilo za vsakega mal\u010dka. Kozar\u010dek lahko obra\u010date v vse smeri in ta ne bo pu\u0161\u010dal. Ergonomski nastavek olaj\u0161a u\u010denje pitja in prehod na pravi kozar\u010dek, saj ga male rokice enostavno primerjo s pomo\u010djo ro\u010dajev iz posebne strukture.<\/p>\n","protected":false},"featured_media":35639,"template":"","meta":[],"pwb-brand":[2454],"product_brand":[],"product_cat":[3988,2716,2266,4902,2442],"product_tag":[3982,3983],"class_list":{"0":"post-35634","1":"product","2":"type-product","3":"status-publish","4":"has-post-thumbnail","6":"pwb-brand-vulli-igranje","7":"product_cat-6-mesecev-igrace","8":"product_cat-darilo-do-30e","9":"product_cat-hranjenje","10":"product_cat-kozarcki-skodelice","11":"product_cat-senzoricne-igrace","12":"product_tag-vulli","13":"product_tag-zirafa-sofija","15":"first","16":"onbackorder","17":"taxable","18":"shipping-taxable","19":"purchasable","20":"product-type-simple","21":"add-to-wishlist-before_image"},"yoast_head":"<!-- This site is optimized with the Yoast SEO plugin v27.3 - https:\/\/yoast.com\/product\/yoast-seo-wordpress\/ -->\n<title>Lon\u010dek za u\u010denje pitja Sophie la Girafe - Sippy Cup (180ml) | Ajatutaja<\/title>\n<meta name=\"description\" content=\"Lon\u010dek za u\u010denje pitja s simpati\u010dno \u017eirafico Sophie na sredini, je idealno in predvsem uporabno darilo za vsakega mal\u010dka. Kozar\u010dek lahko obra\u010date v vse smeri in ta ne bo pu\u0161\u010dal.\" \/>\n<meta name=\"robots\" content=\"index, follow, max-snippet:-1, max-image-preview:large, max-video-preview:-1\" \/>\n<link rel=\"canonical\" href=\"https:\/\/ajatutaja.com\/izdelek\/loncek-za-ucenje-pitja-sophie-la-girafe-sippy-cup-180ml\/\" \/>\n<meta property=\"og:locale\" content=\"hr_HR\" \/>\n<meta property=\"og:type\" content=\"article\" \/>\n<meta property=\"og:title\" content=\"Lon\u010dek za u\u010denje pitja Sophie la Girafe - Sippy Cup (180ml) | Ajatutaja\" \/>\n<meta property=\"og:description\" content=\"Lon\u010dek za u\u010denje pitja s simpati\u010dno \u017eirafico Sophie na sredini, je idealno in predvsem uporabno darilo za vsakega mal\u010dka. Kozar\u010dek lahko obra\u010date v vse smeri in ta ne bo pu\u0161\u010dal.\" \/>\n<meta property=\"og:url\" content=\"https:\/\/ajatutaja.com\/izdelek\/loncek-za-ucenje-pitja-sophie-la-girafe-sippy-cup-180ml\/\" \/>\n<meta property=\"og:site_name\" content=\"Ajatutaja\" \/>\n<meta property=\"article:modified_time\" content=\"2026-03-23T14:53:00+00:00\" \/>\n<meta property=\"og:image\" content=\"https:\/\/ajatutaja.com\/wp-content\/uploads\/2022\/05\/kozarcek-za-pitje-zirafa-sophie-la-girafe-vulli-ajatutaja-koper-1.jpg\" \/>\n\t<meta property=\"og:image:width\" content=\"800\" \/>\n\t<meta property=\"og:image:height\" content=\"800\" \/>\n\t<meta property=\"og:image:type\" content=\"image\/jpeg\" \/>\n<meta name=\"twitter:card\" content=\"summary_large_image\" \/>\n<script type=\"application\/ld+json\" class=\"yoast-schema-graph\">{\"@context\":\"https:\\\/\\\/schema.org\",\"@graph\":[{\"@type\":\"WebPage\",\"@id\":\"https:\\\/\\\/ajatutaja.com\\\/izdelek\\\/loncek-za-ucenje-pitja-sophie-la-girafe-sippy-cup-180ml\\\/\",\"url\":\"https:\\\/\\\/ajatutaja.com\\\/izdelek\\\/loncek-za-ucenje-pitja-sophie-la-girafe-sippy-cup-180ml\\\/\",\"name\":\"Lon\u010dek za u\u010denje pitja Sophie la Girafe - Sippy Cup (180ml) | Ajatutaja\",\"isPartOf\":{\"@id\":\"https:\\\/\\\/ajatutaja.com\\\/#website\"},\"primaryImageOfPage\":{\"@id\":\"https:\\\/\\\/ajatutaja.com\\\/izdelek\\\/loncek-za-ucenje-pitja-sophie-la-girafe-sippy-cup-180ml\\\/#primaryimage\"},\"image\":{\"@id\":\"https:\\\/\\\/ajatutaja.com\\\/izdelek\\\/loncek-za-ucenje-pitja-sophie-la-girafe-sippy-cup-180ml\\\/#primaryimage\"},\"thumbnailUrl\":\"https:\\\/\\\/ajatutaja.com\\\/wp-content\\\/uploads\\\/2022\\\/05\\\/kozarcek-za-pitje-zirafa-sophie-la-girafe-vulli-ajatutaja-koper-1.jpg\",\"datePublished\":\"2022-05-31T19:10:29+00:00\",\"dateModified\":\"2026-03-23T14:53:00+00:00\",\"description\":\"Lon\u010dek za u\u010denje pitja s simpati\u010dno \u017eirafico Sophie na sredini, je idealno in predvsem uporabno darilo za vsakega mal\u010dka. Kozar\u010dek lahko obra\u010date v vse smeri in ta ne bo pu\u0161\u010dal.\",\"breadcrumb\":{\"@id\":\"https:\\\/\\\/ajatutaja.com\\\/izdelek\\\/loncek-za-ucenje-pitja-sophie-la-girafe-sippy-cup-180ml\\\/#breadcrumb\"},\"inLanguage\":\"hr\",\"potentialAction\":[{\"@type\":\"ReadAction\",\"target\":[\"https:\\\/\\\/ajatutaja.com\\\/izdelek\\\/loncek-za-ucenje-pitja-sophie-la-girafe-sippy-cup-180ml\\\/\"]}]},{\"@type\":\"ImageObject\",\"inLanguage\":\"hr\",\"@id\":\"https:\\\/\\\/ajatutaja.com\\\/izdelek\\\/loncek-za-ucenje-pitja-sophie-la-girafe-sippy-cup-180ml\\\/#primaryimage\",\"url\":\"https:\\\/\\\/ajatutaja.com\\\/wp-content\\\/uploads\\\/2022\\\/05\\\/kozarcek-za-pitje-zirafa-sophie-la-girafe-vulli-ajatutaja-koper-1.jpg\",\"contentUrl\":\"https:\\\/\\\/ajatutaja.com\\\/wp-content\\\/uploads\\\/2022\\\/05\\\/kozarcek-za-pitje-zirafa-sophie-la-girafe-vulli-ajatutaja-koper-1.jpg\",\"width\":800,\"height\":800},{\"@type\":\"BreadcrumbList\",\"@id\":\"https:\\\/\\\/ajatutaja.com\\\/izdelek\\\/loncek-za-ucenje-pitja-sophie-la-girafe-sippy-cup-180ml\\\/#breadcrumb\",\"itemListElement\":[{\"@type\":\"ListItem\",\"position\":1,\"name\":\"Home\",\"item\":\"https:\\\/\\\/ajatutaja.com\\\/hr\\\/\"},{\"@type\":\"ListItem\",\"position\":2,\"name\":\"Trgovina\",\"item\":\"https:\\\/\\\/ajatutaja.com\\\/hr\\\/trgovina\\\/\"},{\"@type\":\"ListItem\",\"position\":3,\"name\":\"Lon\u010dek za u\u010denje pitja Sophie la Girafe &#8211; Sippy Cup (180ml)\"}]},{\"@type\":\"WebSite\",\"@id\":\"https:\\\/\\\/ajatutaja.com\\\/#website\",\"url\":\"https:\\\/\\\/ajatutaja.com\\\/\",\"name\":\"Ajatutaja\",\"description\":\"Otro\u0161ka spletna trgovina AJATUTAJA\",\"publisher\":{\"@id\":\"https:\\\/\\\/ajatutaja.com\\\/#organization\"},\"potentialAction\":[{\"@type\":\"SearchAction\",\"target\":{\"@type\":\"EntryPoint\",\"urlTemplate\":\"https:\\\/\\\/ajatutaja.com\\\/?s={search_term_string}\"},\"query-input\":{\"@type\":\"PropertyValueSpecification\",\"valueRequired\":true,\"valueName\":\"search_term_string\"}}],\"inLanguage\":\"hr\"},{\"@type\":\"Organization\",\"@id\":\"https:\\\/\\\/ajatutaja.com\\\/#organization\",\"name\":\"Ajatutaja\",\"url\":\"https:\\\/\\\/ajatutaja.com\\\/\",\"logo\":{\"@type\":\"ImageObject\",\"inLanguage\":\"hr\",\"@id\":\"https:\\\/\\\/ajatutaja.com\\\/#\\\/schema\\\/logo\\\/image\\\/\",\"url\":\"https:\\\/\\\/ajatutaja.com\\\/wp-content\\\/uploads\\\/2021\\\/10\\\/logo.png\",\"contentUrl\":\"https:\\\/\\\/ajatutaja.com\\\/wp-content\\\/uploads\\\/2021\\\/10\\\/logo.png\",\"width\":555,\"height\":150,\"caption\":\"Ajatutaja\"},\"image\":{\"@id\":\"https:\\\/\\\/ajatutaja.com\\\/#\\\/schema\\\/logo\\\/image\\\/\"}}]}<\/script>\n<!-- \/ Yoast SEO plugin. -->","yoast_head_json":{"title":"Lon\u010dek za u\u010denje pitja Sophie la Girafe - Sippy Cup (180ml) | Ajatutaja","description":"Lon\u010dek za u\u010denje pitja s simpati\u010dno \u017eirafico Sophie na sredini, je idealno in predvsem uporabno darilo za vsakega mal\u010dka. Kozar\u010dek lahko obra\u010date v vse smeri in ta ne bo pu\u0161\u010dal.","robots":{"index":"index","follow":"follow","max-snippet":"max-snippet:-1","max-image-preview":"max-image-preview:large","max-video-preview":"max-video-preview:-1"},"canonical":"https:\/\/ajatutaja.com\/izdelek\/loncek-za-ucenje-pitja-sophie-la-girafe-sippy-cup-180ml\/","og_locale":"hr_HR","og_type":"article","og_title":"Lon\u010dek za u\u010denje pitja Sophie la Girafe - Sippy Cup (180ml) | Ajatutaja","og_description":"Lon\u010dek za u\u010denje pitja s simpati\u010dno \u017eirafico Sophie na sredini, je idealno in predvsem uporabno darilo za vsakega mal\u010dka. Kozar\u010dek lahko obra\u010date v vse smeri in ta ne bo pu\u0161\u010dal.","og_url":"https:\/\/ajatutaja.com\/izdelek\/loncek-za-ucenje-pitja-sophie-la-girafe-sippy-cup-180ml\/","og_site_name":"Ajatutaja","article_modified_time":"2026-03-23T14:53:00+00:00","og_image":[{"width":800,"height":800,"url":"https:\/\/ajatutaja.com\/wp-content\/uploads\/2022\/05\/kozarcek-za-pitje-zirafa-sophie-la-girafe-vulli-ajatutaja-koper-1.jpg","type":"image\/jpeg"}],"twitter_card":"summary_large_image","schema":{"@context":"https:\/\/schema.org","@graph":[{"@type":"WebPage","@id":"https:\/\/ajatutaja.com\/izdelek\/loncek-za-ucenje-pitja-sophie-la-girafe-sippy-cup-180ml\/","url":"https:\/\/ajatutaja.com\/izdelek\/loncek-za-ucenje-pitja-sophie-la-girafe-sippy-cup-180ml\/","name":"Lon\u010dek za u\u010denje pitja Sophie la Girafe - Sippy Cup (180ml) | Ajatutaja","isPartOf":{"@id":"https:\/\/ajatutaja.com\/#website"},"primaryImageOfPage":{"@id":"https:\/\/ajatutaja.com\/izdelek\/loncek-za-ucenje-pitja-sophie-la-girafe-sippy-cup-180ml\/#primaryimage"},"image":{"@id":"https:\/\/ajatutaja.com\/izdelek\/loncek-za-ucenje-pitja-sophie-la-girafe-sippy-cup-180ml\/#primaryimage"},"thumbnailUrl":"https:\/\/ajatutaja.com\/wp-content\/uploads\/2022\/05\/kozarcek-za-pitje-zirafa-sophie-la-girafe-vulli-ajatutaja-koper-1.jpg","datePublished":"2022-05-31T19:10:29+00:00","dateModified":"2026-03-23T14:53:00+00:00","description":"Lon\u010dek za u\u010denje pitja s simpati\u010dno \u017eirafico Sophie na sredini, je idealno in predvsem uporabno darilo za vsakega mal\u010dka. Kozar\u010dek lahko obra\u010date v vse smeri in ta ne bo pu\u0161\u010dal.","breadcrumb":{"@id":"https:\/\/ajatutaja.com\/izdelek\/loncek-za-ucenje-pitja-sophie-la-girafe-sippy-cup-180ml\/#breadcrumb"},"inLanguage":"hr","potentialAction":[{"@type":"ReadAction","target":["https:\/\/ajatutaja.com\/izdelek\/loncek-za-ucenje-pitja-sophie-la-girafe-sippy-cup-180ml\/"]}]},{"@type":"ImageObject","inLanguage":"hr","@id":"https:\/\/ajatutaja.com\/izdelek\/loncek-za-ucenje-pitja-sophie-la-girafe-sippy-cup-180ml\/#primaryimage","url":"https:\/\/ajatutaja.com\/wp-content\/uploads\/2022\/05\/kozarcek-za-pitje-zirafa-sophie-la-girafe-vulli-ajatutaja-koper-1.jpg","contentUrl":"https:\/\/ajatutaja.com\/wp-content\/uploads\/2022\/05\/kozarcek-za-pitje-zirafa-sophie-la-girafe-vulli-ajatutaja-koper-1.jpg","width":800,"height":800},{"@type":"BreadcrumbList","@id":"https:\/\/ajatutaja.com\/izdelek\/loncek-za-ucenje-pitja-sophie-la-girafe-sippy-cup-180ml\/#breadcrumb","itemListElement":[{"@type":"ListItem","position":1,"name":"Home","item":"https:\/\/ajatutaja.com\/hr\/"},{"@type":"ListItem","position":2,"name":"Trgovina","item":"https:\/\/ajatutaja.com\/hr\/trgovina\/"},{"@type":"ListItem","position":3,"name":"Lon\u010dek za u\u010denje pitja Sophie la Girafe &#8211; Sippy Cup (180ml)"}]},{"@type":"WebSite","@id":"https:\/\/ajatutaja.com\/#website","url":"https:\/\/ajatutaja.com\/","name":"Ajatutaja","description":"Otro\u0161ka spletna trgovina AJATUTAJA","publisher":{"@id":"https:\/\/ajatutaja.com\/#organization"},"potentialAction":[{"@type":"SearchAction","target":{"@type":"EntryPoint","urlTemplate":"https:\/\/ajatutaja.com\/?s={search_term_string}"},"query-input":{"@type":"PropertyValueSpecification","valueRequired":true,"valueName":"search_term_string"}}],"inLanguage":"hr"},{"@type":"Organization","@id":"https:\/\/ajatutaja.com\/#organization","name":"Ajatutaja","url":"https:\/\/ajatutaja.com\/","logo":{"@type":"ImageObject","inLanguage":"hr","@id":"https:\/\/ajatutaja.com\/#\/schema\/logo\/image\/","url":"https:\/\/ajatutaja.com\/wp-content\/uploads\/2021\/10\/logo.png","contentUrl":"https:\/\/ajatutaja.com\/wp-content\/uploads\/2021\/10\/logo.png","width":555,"height":150,"caption":"Ajatutaja"},"image":{"@id":"https:\/\/ajatutaja.com\/#\/schema\/logo\/image\/"}}]}},"brands":[{"id":2454,"name":"Vulli","slug":"vulli-igranje"}],"_links":{"self":[{"href":"https:\/\/ajatutaja.com\/hr\/wp-json\/wp\/v2\/product\/35634","targetHints":{"allow":["GET"]}}],"collection":[{"href":"https:\/\/ajatutaja.com\/hr\/wp-json\/wp\/v2\/product"}],"about":[{"href":"https:\/\/ajatutaja.com\/hr\/wp-json\/wp\/v2\/types\/product"}],"wp:featuredmedia":[{"embeddable":true,"href":"https:\/\/ajatutaja.com\/hr\/wp-json\/wp\/v2\/media\/35639"}],"wp:attachment":[{"href":"https:\/\/ajatutaja.com\/hr\/wp-json\/wp\/v2\/media?parent=35634"}],"wp:term":[{"taxonomy":"pwb-brand","embeddable":true,"href":"https:\/\/ajatutaja.com\/hr\/wp-json\/wp\/v2\/pwb-brand?post=35634"},{"taxonomy":"product_brand","embeddable":true,"href":"https:\/\/ajatutaja.com\/hr\/wp-json\/wp\/v2\/product_brand?post=35634"},{"taxonomy":"product_cat","embeddable":true,"href":"https:\/\/ajatutaja.com\/hr\/wp-json\/wp\/v2\/product_cat?post=35634"},{"taxonomy":"product_tag","embeddable":true,"href":"https:\/\/ajatutaja.com\/hr\/wp-json\/wp\/v2\/product_tag?post=35634"}],"curies":[{"name":"wp","href":"https:\/\/api.w.org\/{rel}","templated":true}]}}