{"id":34844,"date":"2022-04-20T11:57:59","date_gmt":"2022-04-20T09:57:59","guid":{"rendered":"https:\/\/ajatutaja.com\/?post_type=product&#038;p=34844"},"modified":"2025-06-23T10:00:50","modified_gmt":"2025-06-23T08:00:50","slug":"beaba-kuhalnik-babycook-neo-eucalyptus","status":"publish","type":"product","link":"https:\/\/ajatutaja.com\/hr\/proizvod\/beaba-kuhalnik-babycook-neo-eucalyptus\/","title":{"rendered":"Beaba kuhalnik Babycook Neo &#8211; Eucalyptus"},"content":{"rendered":"<p>[vc_row][vc_column][vc_column_text]<\/p>\n<div class=\"product-tabs \">\n<div class=\"product-content product-tab-0 product-content-current\">\n<p>Parni kuhalnik in sekljalnik BEABA Babycook \u017ee 20 let osre\u010duje mamice pri pripravi hrane za dojen\u010dke in otroke. <span id=\"description\" class=\"description-full\">Parni kuhalnik in me\u0161alnik Beaba Babycook\u00ae Solo bo v hipu postal nelo\u010dljiv pomo\u010dnik v va\u0161i kuhinji. Svojim otrokom boste hitro in preprosto pripravili okusne ka\u0161ice in tudi zahtevnej\u0161e jedi. Prvorazredna francoska kakovost in dizajn znamke Beaba bo popolnoma dopolnil vsako moderno kuhinjo. Ka\u0161ice, pripravljene v kuhalniku Beaba Babycook\u00ae, so primerne za hranjenje otrok \u017ee od njihovih prvih mesecev po rojstvu.<\/span><\/p>\n<p><strong><em>Beaba Babycook 1 v 4 <\/em><\/strong>zajema <strong><em>funkcijo parnega kuhanja, sekljanja, odmrzovanja in pogrevanja<\/em><\/strong>. <span id=\"description\" class=\"description-full\">Uporaba parnega kuhalnika in me\u0161alnika Beaba NEOje izredno preprosta in hitra, s \u010dimer boste prihranili veliko \u010dasa, ki ga boste tako lahko namenili svojim otrokom. Hrana je v kuhalniku Beaba Babycook\u00ae Neo <strong>pripravljena v sopari<\/strong>, zato s tem ne izgubi vitaminov in snovi, ki so potrebne za pravilno rast va\u0161ega mal\u010dka. Kakovostna rezila bodo z vrtenjem popolnoma razrezala sadje in zelenjavo in gostoto ka\u0161e prilagodila otrokovi starosti in njegovim zobkom.<\/span><\/p>\n<p>Z njim lahko pripravite razne sadne ka\u0161ice, zelenjavne ka\u0161ice, meso, ribe, zelenjavne juhe, sve\u017ee smoothije\u2026 15 minutni program parnega kuhanja za zelenjavo <strong><em>ohrani vse okuse in vitamine<\/em><\/strong>.<\/p>\n<h3>Lastnosti Beaba kuhalnika Babycook NEO:<\/h3>\n<ul>\n<li>Kapaciteta <strong>1200ml<\/strong><\/li>\n<li>Odstranljiv kabel za la\u017eje shranjevanje<\/li>\n<li><strong>Enojni gumb za upravljanje<\/strong> (kuhanje &#8211; me\u0161anje)<\/li>\n<li><strong>Merilna skleda<\/strong> omogo\u010da enostavno merjenje koli\u010dine teko\u010dine<\/li>\n<li>Varnostna klju\u010davnica &#8211; zvok klika zagotavlja <strong>varno zaklepanje<\/strong><\/li>\n<li>Merilnik cikla z indikatorjem odstranjevanja vodnega kamna &#8211; <strong>opozorilna lu\u010dka<\/strong><\/li>\n<li>Ob kon\u010danju programa se <strong>samodejno izklopi <\/strong>s svetlobnim in zvo\u010dnim signalom<\/li>\n<li><strong>Ciklonsko-efektno rezilo<\/strong> za prilagojeno sekljanje (gladka tekstura, pire ali v ko\u0161\u010dkih)<\/li>\n<li>Odstranljiva steklena <strong>parna posoda<\/strong>, ki omogo\u010da zbiranje sokov, bogatih z vitamini in minerali, ki so stranski produkt pri kuhanju<\/li>\n<\/ul>\n<p>Glavni del naprave <strong><em>\u010distite z mehko vla\u017eno krpo<\/em><\/strong>. Elektronski del kuhalnika nikoli ne potapljajte v vodi. Pokrov, posodo za parno kuhanje rezilo in lopatico operite <strong><em>ro\u010dno ali v pomivalnem stroju<\/em><\/strong>.<\/p>\n<p>Dimenzije aparata: 26x21x22 cm<\/p>\n<\/div>\n<\/div>\n<p>[\/vc_column_text][\/vc_column][\/vc_row]<\/p>\n","protected":false},"excerpt":{"rendered":"<p>Najnovej\u0161a verzija kuhalnika Beaba Babycook Neo ima stekleno posodo in zajema funkcijo parnega kuhanja, sekljanja, odmrzovanja in pogrevanja. Ne vsebuje BPA in svinca. Sestavljen je iz glavne enote ter steklene kuhalne posode in parne ko\u0161are iz nerjave\u010dega jekla. Patentiran parni sistem se samodejno izklopi. Tako vam ne bo treba skrbeti, da bi pozabili na hrano in jo razkuhali. Novo zasnovani rezervoar je narejen tako, da je enostavno dostopen in se z lahkoto o\u010disti.<\/p>\n","protected":false},"featured_media":34841,"template":"","meta":[],"pwb-brand":[2317,2269],"product_brand":[],"product_cat":[2313,2266],"product_tag":[4914,4055],"class_list":{"0":"post-34844","1":"product","2":"type-product","3":"status-publish","4":"has-post-thumbnail","6":"pwb-brand-beaba","7":"pwb-brand-hranjenje","8":"product_cat-aparati-za-pripravo-hrane","9":"product_cat-hranjenje","10":"product_tag-babycook-neo","11":"product_tag-beaba","13":"first","14":"instock","15":"taxable","16":"shipping-taxable","17":"purchasable","18":"product-type-simple","19":"add-to-wishlist-before_image"},"yoast_head":"<!-- This site is optimized with the Yoast SEO plugin v27.3 - https:\/\/yoast.com\/product\/yoast-seo-wordpress\/ -->\n<title>Beaba kuhalnik Babycook Neo - Eucalyptus | Ajatutaja<\/title>\n<meta name=\"description\" content=\"Beaba huhalnik Babycook Neo s stekleno posodo, zajema funkcijo parnega kuhanja, sekljanja, odmrzovanja in pogrevanja. Uporaba parnega kuhalnika in me\u0161alnika Beaba je preprosta.\" \/>\n<meta name=\"robots\" content=\"index, follow, max-snippet:-1, max-image-preview:large, max-video-preview:-1\" \/>\n<link rel=\"canonical\" href=\"https:\/\/ajatutaja.com\/izdelek\/beaba-kuhalnik-babycook-neo-eucalyptus\/\" \/>\n<meta property=\"og:locale\" content=\"hr_HR\" \/>\n<meta property=\"og:type\" content=\"article\" \/>\n<meta property=\"og:title\" content=\"Beaba kuhalnik Babycook Neo - Eucalyptus | Ajatutaja\" \/>\n<meta property=\"og:description\" content=\"Beaba huhalnik Babycook Neo s stekleno posodo, zajema funkcijo parnega kuhanja, sekljanja, odmrzovanja in pogrevanja. Uporaba parnega kuhalnika in me\u0161alnika Beaba je preprosta.\" \/>\n<meta property=\"og:url\" content=\"https:\/\/ajatutaja.com\/izdelek\/beaba-kuhalnik-babycook-neo-eucalyptus\/\" \/>\n<meta property=\"og:site_name\" content=\"Ajatutaja\" \/>\n<meta property=\"article:modified_time\" content=\"2025-06-23T08:00:50+00:00\" \/>\n<meta property=\"og:image\" content=\"https:\/\/ajatutaja.com\/wp-content\/uploads\/2022\/04\/beaba-babycook-kuhalnik-neo-eucaliptus-ajatutaja-2.jpg\" \/>\n\t<meta property=\"og:image:width\" content=\"1030\" \/>\n\t<meta property=\"og:image:height\" content=\"1030\" \/>\n\t<meta property=\"og:image:type\" content=\"image\/jpeg\" \/>\n<meta name=\"twitter:card\" content=\"summary_large_image\" \/>\n<meta name=\"twitter:label1\" content=\"Procijenjeno vrijeme \u010ditanja\" \/>\n\t<meta name=\"twitter:data1\" content=\"2 minute\" \/>\n<script type=\"application\/ld+json\" class=\"yoast-schema-graph\">{\"@context\":\"https:\\\/\\\/schema.org\",\"@graph\":[{\"@type\":\"WebPage\",\"@id\":\"https:\\\/\\\/ajatutaja.com\\\/izdelek\\\/beaba-kuhalnik-babycook-neo-eucalyptus\\\/\",\"url\":\"https:\\\/\\\/ajatutaja.com\\\/izdelek\\\/beaba-kuhalnik-babycook-neo-eucalyptus\\\/\",\"name\":\"Beaba kuhalnik Babycook Neo - Eucalyptus | Ajatutaja\",\"isPartOf\":{\"@id\":\"https:\\\/\\\/ajatutaja.com\\\/#website\"},\"primaryImageOfPage\":{\"@id\":\"https:\\\/\\\/ajatutaja.com\\\/izdelek\\\/beaba-kuhalnik-babycook-neo-eucalyptus\\\/#primaryimage\"},\"image\":{\"@id\":\"https:\\\/\\\/ajatutaja.com\\\/izdelek\\\/beaba-kuhalnik-babycook-neo-eucalyptus\\\/#primaryimage\"},\"thumbnailUrl\":\"https:\\\/\\\/ajatutaja.com\\\/wp-content\\\/uploads\\\/2022\\\/04\\\/beaba-babycook-kuhalnik-neo-eucaliptus-ajatutaja-2.jpg\",\"datePublished\":\"2022-04-20T09:57:59+00:00\",\"dateModified\":\"2025-06-23T08:00:50+00:00\",\"description\":\"Beaba huhalnik Babycook Neo s stekleno posodo, zajema funkcijo parnega kuhanja, sekljanja, odmrzovanja in pogrevanja. Uporaba parnega kuhalnika in me\u0161alnika Beaba je preprosta.\",\"breadcrumb\":{\"@id\":\"https:\\\/\\\/ajatutaja.com\\\/izdelek\\\/beaba-kuhalnik-babycook-neo-eucalyptus\\\/#breadcrumb\"},\"inLanguage\":\"hr\",\"potentialAction\":[{\"@type\":\"ReadAction\",\"target\":[\"https:\\\/\\\/ajatutaja.com\\\/izdelek\\\/beaba-kuhalnik-babycook-neo-eucalyptus\\\/\"]}]},{\"@type\":\"ImageObject\",\"inLanguage\":\"hr\",\"@id\":\"https:\\\/\\\/ajatutaja.com\\\/izdelek\\\/beaba-kuhalnik-babycook-neo-eucalyptus\\\/#primaryimage\",\"url\":\"https:\\\/\\\/ajatutaja.com\\\/wp-content\\\/uploads\\\/2022\\\/04\\\/beaba-babycook-kuhalnik-neo-eucaliptus-ajatutaja-2.jpg\",\"contentUrl\":\"https:\\\/\\\/ajatutaja.com\\\/wp-content\\\/uploads\\\/2022\\\/04\\\/beaba-babycook-kuhalnik-neo-eucaliptus-ajatutaja-2.jpg\",\"width\":1030,\"height\":1030},{\"@type\":\"BreadcrumbList\",\"@id\":\"https:\\\/\\\/ajatutaja.com\\\/izdelek\\\/beaba-kuhalnik-babycook-neo-eucalyptus\\\/#breadcrumb\",\"itemListElement\":[{\"@type\":\"ListItem\",\"position\":1,\"name\":\"Home\",\"item\":\"https:\\\/\\\/ajatutaja.com\\\/hr\\\/\"},{\"@type\":\"ListItem\",\"position\":2,\"name\":\"Trgovina\",\"item\":\"https:\\\/\\\/ajatutaja.com\\\/hr\\\/trgovina\\\/\"},{\"@type\":\"ListItem\",\"position\":3,\"name\":\"Beaba kuhalnik Babycook Neo &#8211; Eucalyptus\"}]},{\"@type\":\"WebSite\",\"@id\":\"https:\\\/\\\/ajatutaja.com\\\/#website\",\"url\":\"https:\\\/\\\/ajatutaja.com\\\/\",\"name\":\"Ajatutaja\",\"description\":\"Otro\u0161ka spletna trgovina AJATUTAJA\",\"publisher\":{\"@id\":\"https:\\\/\\\/ajatutaja.com\\\/#organization\"},\"potentialAction\":[{\"@type\":\"SearchAction\",\"target\":{\"@type\":\"EntryPoint\",\"urlTemplate\":\"https:\\\/\\\/ajatutaja.com\\\/?s={search_term_string}\"},\"query-input\":{\"@type\":\"PropertyValueSpecification\",\"valueRequired\":true,\"valueName\":\"search_term_string\"}}],\"inLanguage\":\"hr\"},{\"@type\":\"Organization\",\"@id\":\"https:\\\/\\\/ajatutaja.com\\\/#organization\",\"name\":\"Ajatutaja\",\"url\":\"https:\\\/\\\/ajatutaja.com\\\/\",\"logo\":{\"@type\":\"ImageObject\",\"inLanguage\":\"hr\",\"@id\":\"https:\\\/\\\/ajatutaja.com\\\/#\\\/schema\\\/logo\\\/image\\\/\",\"url\":\"https:\\\/\\\/ajatutaja.com\\\/wp-content\\\/uploads\\\/2021\\\/10\\\/logo.png\",\"contentUrl\":\"https:\\\/\\\/ajatutaja.com\\\/wp-content\\\/uploads\\\/2021\\\/10\\\/logo.png\",\"width\":555,\"height\":150,\"caption\":\"Ajatutaja\"},\"image\":{\"@id\":\"https:\\\/\\\/ajatutaja.com\\\/#\\\/schema\\\/logo\\\/image\\\/\"}}]}<\/script>\n<!-- \/ Yoast SEO plugin. -->","yoast_head_json":{"title":"Beaba kuhalnik Babycook Neo - Eucalyptus | Ajatutaja","description":"Beaba huhalnik Babycook Neo s stekleno posodo, zajema funkcijo parnega kuhanja, sekljanja, odmrzovanja in pogrevanja. Uporaba parnega kuhalnika in me\u0161alnika Beaba je preprosta.","robots":{"index":"index","follow":"follow","max-snippet":"max-snippet:-1","max-image-preview":"max-image-preview:large","max-video-preview":"max-video-preview:-1"},"canonical":"https:\/\/ajatutaja.com\/izdelek\/beaba-kuhalnik-babycook-neo-eucalyptus\/","og_locale":"hr_HR","og_type":"article","og_title":"Beaba kuhalnik Babycook Neo - Eucalyptus | Ajatutaja","og_description":"Beaba huhalnik Babycook Neo s stekleno posodo, zajema funkcijo parnega kuhanja, sekljanja, odmrzovanja in pogrevanja. Uporaba parnega kuhalnika in me\u0161alnika Beaba je preprosta.","og_url":"https:\/\/ajatutaja.com\/izdelek\/beaba-kuhalnik-babycook-neo-eucalyptus\/","og_site_name":"Ajatutaja","article_modified_time":"2025-06-23T08:00:50+00:00","og_image":[{"width":1030,"height":1030,"url":"https:\/\/ajatutaja.com\/wp-content\/uploads\/2022\/04\/beaba-babycook-kuhalnik-neo-eucaliptus-ajatutaja-2.jpg","type":"image\/jpeg"}],"twitter_card":"summary_large_image","twitter_misc":{"Procijenjeno vrijeme \u010ditanja":"2 minute"},"schema":{"@context":"https:\/\/schema.org","@graph":[{"@type":"WebPage","@id":"https:\/\/ajatutaja.com\/izdelek\/beaba-kuhalnik-babycook-neo-eucalyptus\/","url":"https:\/\/ajatutaja.com\/izdelek\/beaba-kuhalnik-babycook-neo-eucalyptus\/","name":"Beaba kuhalnik Babycook Neo - Eucalyptus | Ajatutaja","isPartOf":{"@id":"https:\/\/ajatutaja.com\/#website"},"primaryImageOfPage":{"@id":"https:\/\/ajatutaja.com\/izdelek\/beaba-kuhalnik-babycook-neo-eucalyptus\/#primaryimage"},"image":{"@id":"https:\/\/ajatutaja.com\/izdelek\/beaba-kuhalnik-babycook-neo-eucalyptus\/#primaryimage"},"thumbnailUrl":"https:\/\/ajatutaja.com\/wp-content\/uploads\/2022\/04\/beaba-babycook-kuhalnik-neo-eucaliptus-ajatutaja-2.jpg","datePublished":"2022-04-20T09:57:59+00:00","dateModified":"2025-06-23T08:00:50+00:00","description":"Beaba huhalnik Babycook Neo s stekleno posodo, zajema funkcijo parnega kuhanja, sekljanja, odmrzovanja in pogrevanja. Uporaba parnega kuhalnika in me\u0161alnika Beaba je preprosta.","breadcrumb":{"@id":"https:\/\/ajatutaja.com\/izdelek\/beaba-kuhalnik-babycook-neo-eucalyptus\/#breadcrumb"},"inLanguage":"hr","potentialAction":[{"@type":"ReadAction","target":["https:\/\/ajatutaja.com\/izdelek\/beaba-kuhalnik-babycook-neo-eucalyptus\/"]}]},{"@type":"ImageObject","inLanguage":"hr","@id":"https:\/\/ajatutaja.com\/izdelek\/beaba-kuhalnik-babycook-neo-eucalyptus\/#primaryimage","url":"https:\/\/ajatutaja.com\/wp-content\/uploads\/2022\/04\/beaba-babycook-kuhalnik-neo-eucaliptus-ajatutaja-2.jpg","contentUrl":"https:\/\/ajatutaja.com\/wp-content\/uploads\/2022\/04\/beaba-babycook-kuhalnik-neo-eucaliptus-ajatutaja-2.jpg","width":1030,"height":1030},{"@type":"BreadcrumbList","@id":"https:\/\/ajatutaja.com\/izdelek\/beaba-kuhalnik-babycook-neo-eucalyptus\/#breadcrumb","itemListElement":[{"@type":"ListItem","position":1,"name":"Home","item":"https:\/\/ajatutaja.com\/hr\/"},{"@type":"ListItem","position":2,"name":"Trgovina","item":"https:\/\/ajatutaja.com\/hr\/trgovina\/"},{"@type":"ListItem","position":3,"name":"Beaba kuhalnik Babycook Neo &#8211; Eucalyptus"}]},{"@type":"WebSite","@id":"https:\/\/ajatutaja.com\/#website","url":"https:\/\/ajatutaja.com\/","name":"Ajatutaja","description":"Otro\u0161ka spletna trgovina AJATUTAJA","publisher":{"@id":"https:\/\/ajatutaja.com\/#organization"},"potentialAction":[{"@type":"SearchAction","target":{"@type":"EntryPoint","urlTemplate":"https:\/\/ajatutaja.com\/?s={search_term_string}"},"query-input":{"@type":"PropertyValueSpecification","valueRequired":true,"valueName":"search_term_string"}}],"inLanguage":"hr"},{"@type":"Organization","@id":"https:\/\/ajatutaja.com\/#organization","name":"Ajatutaja","url":"https:\/\/ajatutaja.com\/","logo":{"@type":"ImageObject","inLanguage":"hr","@id":"https:\/\/ajatutaja.com\/#\/schema\/logo\/image\/","url":"https:\/\/ajatutaja.com\/wp-content\/uploads\/2021\/10\/logo.png","contentUrl":"https:\/\/ajatutaja.com\/wp-content\/uploads\/2021\/10\/logo.png","width":555,"height":150,"caption":"Ajatutaja"},"image":{"@id":"https:\/\/ajatutaja.com\/#\/schema\/logo\/image\/"}}]}},"brands":[{"id":2317,"name":"Beaba","slug":"beaba"},{"id":2269,"name":"Hranjenje","slug":"hranjenje"}],"_links":{"self":[{"href":"https:\/\/ajatutaja.com\/hr\/wp-json\/wp\/v2\/product\/34844","targetHints":{"allow":["GET"]}}],"collection":[{"href":"https:\/\/ajatutaja.com\/hr\/wp-json\/wp\/v2\/product"}],"about":[{"href":"https:\/\/ajatutaja.com\/hr\/wp-json\/wp\/v2\/types\/product"}],"wp:featuredmedia":[{"embeddable":true,"href":"https:\/\/ajatutaja.com\/hr\/wp-json\/wp\/v2\/media\/34841"}],"wp:attachment":[{"href":"https:\/\/ajatutaja.com\/hr\/wp-json\/wp\/v2\/media?parent=34844"}],"wp:term":[{"taxonomy":"pwb-brand","embeddable":true,"href":"https:\/\/ajatutaja.com\/hr\/wp-json\/wp\/v2\/pwb-brand?post=34844"},{"taxonomy":"product_brand","embeddable":true,"href":"https:\/\/ajatutaja.com\/hr\/wp-json\/wp\/v2\/product_brand?post=34844"},{"taxonomy":"product_cat","embeddable":true,"href":"https:\/\/ajatutaja.com\/hr\/wp-json\/wp\/v2\/product_cat?post=34844"},{"taxonomy":"product_tag","embeddable":true,"href":"https:\/\/ajatutaja.com\/hr\/wp-json\/wp\/v2\/product_tag?post=34844"}],"curies":[{"name":"wp","href":"https:\/\/api.w.org\/{rel}","templated":true}]}}