{"id":34758,"date":"2022-04-18T18:30:47","date_gmt":"2022-04-18T16:30:47","guid":{"rendered":"https:\/\/ajatutaja.com\/?post_type=product&#038;p=34758"},"modified":"2026-04-01T11:01:12","modified_gmt":"2026-04-01T09:01:12","slug":"komplet-4-vodnih-zivalic-janod-polarni-sprickoti","status":"publish","type":"product","link":"https:\/\/ajatutaja.com\/hr\/proizvod\/komplet-4-vodnih-zivalic-janod-polarni-sprickoti\/","title":{"rendered":"Komplet 4 vodnih \u017eivalic &#8211; Janod polarni \u0161prickoti"},"content":{"rendered":"<p>[vc_row][vc_column][vc_column_text]Lastnosti vodnih igra\u010d Janod polarni \u0161prickoti:<\/p>\n<ul>\n<li>4 figurice v kompletu<\/li>\n<li>Izdelano iz PVC<\/li>\n<li>Brez BPA in ftalatov<\/li>\n<li>Opozorilo: Ni namenjeno za grizenje<\/li>\n<li>Nega: obri\u0161ite z vla\u017eno krpo<\/li>\n<li>OPOZORILO: Ni primerno za otroke mlaj\u0161e od 10 mesecev.<\/li>\n<\/ul>\n<p>[\/vc_column_text][\/vc_column][\/vc_row]<\/p>\n","protected":false},"excerpt":{"rendered":"<p>Simpati\u010dne polarne \u017eivalice bodo poskrbele za zabavo tudi v va\u0161i kopalnici! Pisane figurice so izdelane iz mehkega materiala in imajo luknjico, skozi katero \u0161prica voda.<\/p>\n","protected":false},"featured_media":34764,"template":"","meta":[],"pwb-brand":[2452,2455],"product_brand":[],"product_cat":[3989,2715,2362,2654,2608],"product_tag":[3981],"class_list":{"0":"post-34758","1":"product","2":"type-product","3":"status-publish","4":"has-post-thumbnail","6":"pwb-brand-igranje","7":"pwb-brand-janod-igranje","8":"product_cat-12-mesecev-igrace","9":"product_cat-darilo-do-15e","10":"product_cat-igranje","11":"product_cat-kopalne-igrace","12":"product_cat-nega-in-kopanje","13":"product_tag-janod","15":"first","16":"instock","17":"taxable","18":"shipping-taxable","19":"purchasable","20":"product-type-simple","21":"add-to-wishlist-before_image"},"yoast_head":"<!-- This site is optimized with the Yoast SEO plugin v27.3 - https:\/\/yoast.com\/product\/yoast-seo-wordpress\/ -->\n<title>Komplet 4 vodnih \u017eivalic - Janod polarni \u0161prickoti | Ajatutaja<\/title>\n<meta name=\"description\" content=\"Simpati\u010dne polarne \u017eivalice bodo poskrbele za zabavo tudi v va\u0161i kopalnici! Pisane figurice so izdelane iz mehkega materiala in imajo luknjico, skozi katero \u0161prica voda.\" \/>\n<meta name=\"robots\" content=\"index, follow, max-snippet:-1, max-image-preview:large, max-video-preview:-1\" \/>\n<link rel=\"canonical\" href=\"https:\/\/ajatutaja.com\/izdelek\/komplet-4-vodnih-zivalic-janod-polarni-sprickoti\/\" \/>\n<meta property=\"og:locale\" content=\"hr_HR\" \/>\n<meta property=\"og:type\" content=\"article\" \/>\n<meta property=\"og:title\" content=\"Komplet 4 vodnih \u017eivalic - Janod polarni \u0161prickoti | Ajatutaja\" \/>\n<meta property=\"og:description\" content=\"Simpati\u010dne polarne \u017eivalice bodo poskrbele za zabavo tudi v va\u0161i kopalnici! Pisane figurice so izdelane iz mehkega materiala in imajo luknjico, skozi katero \u0161prica voda.\" \/>\n<meta property=\"og:url\" content=\"https:\/\/ajatutaja.com\/izdelek\/komplet-4-vodnih-zivalic-janod-polarni-sprickoti\/\" \/>\n<meta property=\"og:site_name\" content=\"Ajatutaja\" \/>\n<meta property=\"article:modified_time\" content=\"2026-04-01T09:01:12+00:00\" \/>\n<meta property=\"og:image\" content=\"https:\/\/ajatutaja.com\/wp-content\/uploads\/2022\/04\/4-polar-animals-squirters-J04704-5-e1650299657190.jpg\" \/>\n\t<meta property=\"og:image:width\" content=\"800\" \/>\n\t<meta property=\"og:image:height\" content=\"800\" \/>\n\t<meta property=\"og:image:type\" content=\"image\/jpeg\" \/>\n<meta name=\"twitter:card\" content=\"summary_large_image\" \/>\n<meta name=\"twitter:label1\" content=\"Procijenjeno vrijeme \u010ditanja\" \/>\n\t<meta name=\"twitter:data1\" content=\"1 minuta\" \/>\n<script type=\"application\/ld+json\" class=\"yoast-schema-graph\">{\"@context\":\"https:\\\/\\\/schema.org\",\"@graph\":[{\"@type\":\"WebPage\",\"@id\":\"https:\\\/\\\/ajatutaja.com\\\/izdelek\\\/komplet-4-vodnih-zivalic-janod-polarni-sprickoti\\\/\",\"url\":\"https:\\\/\\\/ajatutaja.com\\\/izdelek\\\/komplet-4-vodnih-zivalic-janod-polarni-sprickoti\\\/\",\"name\":\"Komplet 4 vodnih \u017eivalic - Janod polarni \u0161prickoti | Ajatutaja\",\"isPartOf\":{\"@id\":\"https:\\\/\\\/ajatutaja.com\\\/#website\"},\"primaryImageOfPage\":{\"@id\":\"https:\\\/\\\/ajatutaja.com\\\/izdelek\\\/komplet-4-vodnih-zivalic-janod-polarni-sprickoti\\\/#primaryimage\"},\"image\":{\"@id\":\"https:\\\/\\\/ajatutaja.com\\\/izdelek\\\/komplet-4-vodnih-zivalic-janod-polarni-sprickoti\\\/#primaryimage\"},\"thumbnailUrl\":\"https:\\\/\\\/ajatutaja.com\\\/wp-content\\\/uploads\\\/2022\\\/04\\\/4-polar-animals-squirters-J04704-5-e1650299657190.jpg\",\"datePublished\":\"2022-04-18T16:30:47+00:00\",\"dateModified\":\"2026-04-01T09:01:12+00:00\",\"description\":\"Simpati\u010dne polarne \u017eivalice bodo poskrbele za zabavo tudi v va\u0161i kopalnici! Pisane figurice so izdelane iz mehkega materiala in imajo luknjico, skozi katero \u0161prica voda.\",\"breadcrumb\":{\"@id\":\"https:\\\/\\\/ajatutaja.com\\\/izdelek\\\/komplet-4-vodnih-zivalic-janod-polarni-sprickoti\\\/#breadcrumb\"},\"inLanguage\":\"hr\",\"potentialAction\":[{\"@type\":\"ReadAction\",\"target\":[\"https:\\\/\\\/ajatutaja.com\\\/izdelek\\\/komplet-4-vodnih-zivalic-janod-polarni-sprickoti\\\/\"]}]},{\"@type\":\"ImageObject\",\"inLanguage\":\"hr\",\"@id\":\"https:\\\/\\\/ajatutaja.com\\\/izdelek\\\/komplet-4-vodnih-zivalic-janod-polarni-sprickoti\\\/#primaryimage\",\"url\":\"https:\\\/\\\/ajatutaja.com\\\/wp-content\\\/uploads\\\/2022\\\/04\\\/4-polar-animals-squirters-J04704-5-e1650299657190.jpg\",\"contentUrl\":\"https:\\\/\\\/ajatutaja.com\\\/wp-content\\\/uploads\\\/2022\\\/04\\\/4-polar-animals-squirters-J04704-5-e1650299657190.jpg\",\"width\":800,\"height\":800},{\"@type\":\"BreadcrumbList\",\"@id\":\"https:\\\/\\\/ajatutaja.com\\\/izdelek\\\/komplet-4-vodnih-zivalic-janod-polarni-sprickoti\\\/#breadcrumb\",\"itemListElement\":[{\"@type\":\"ListItem\",\"position\":1,\"name\":\"Home\",\"item\":\"https:\\\/\\\/ajatutaja.com\\\/hr\\\/\"},{\"@type\":\"ListItem\",\"position\":2,\"name\":\"Trgovina\",\"item\":\"https:\\\/\\\/ajatutaja.com\\\/hr\\\/trgovina\\\/\"},{\"@type\":\"ListItem\",\"position\":3,\"name\":\"Komplet 4 vodnih \u017eivalic &#8211; Janod polarni \u0161prickoti\"}]},{\"@type\":\"WebSite\",\"@id\":\"https:\\\/\\\/ajatutaja.com\\\/#website\",\"url\":\"https:\\\/\\\/ajatutaja.com\\\/\",\"name\":\"Ajatutaja\",\"description\":\"Otro\u0161ka spletna trgovina AJATUTAJA\",\"publisher\":{\"@id\":\"https:\\\/\\\/ajatutaja.com\\\/#organization\"},\"potentialAction\":[{\"@type\":\"SearchAction\",\"target\":{\"@type\":\"EntryPoint\",\"urlTemplate\":\"https:\\\/\\\/ajatutaja.com\\\/?s={search_term_string}\"},\"query-input\":{\"@type\":\"PropertyValueSpecification\",\"valueRequired\":true,\"valueName\":\"search_term_string\"}}],\"inLanguage\":\"hr\"},{\"@type\":\"Organization\",\"@id\":\"https:\\\/\\\/ajatutaja.com\\\/#organization\",\"name\":\"Ajatutaja\",\"url\":\"https:\\\/\\\/ajatutaja.com\\\/\",\"logo\":{\"@type\":\"ImageObject\",\"inLanguage\":\"hr\",\"@id\":\"https:\\\/\\\/ajatutaja.com\\\/#\\\/schema\\\/logo\\\/image\\\/\",\"url\":\"https:\\\/\\\/ajatutaja.com\\\/wp-content\\\/uploads\\\/2021\\\/10\\\/logo.png\",\"contentUrl\":\"https:\\\/\\\/ajatutaja.com\\\/wp-content\\\/uploads\\\/2021\\\/10\\\/logo.png\",\"width\":555,\"height\":150,\"caption\":\"Ajatutaja\"},\"image\":{\"@id\":\"https:\\\/\\\/ajatutaja.com\\\/#\\\/schema\\\/logo\\\/image\\\/\"}}]}<\/script>\n<!-- \/ Yoast SEO plugin. -->","yoast_head_json":{"title":"Komplet 4 vodnih \u017eivalic - Janod polarni \u0161prickoti | Ajatutaja","description":"Simpati\u010dne polarne \u017eivalice bodo poskrbele za zabavo tudi v va\u0161i kopalnici! Pisane figurice so izdelane iz mehkega materiala in imajo luknjico, skozi katero \u0161prica voda.","robots":{"index":"index","follow":"follow","max-snippet":"max-snippet:-1","max-image-preview":"max-image-preview:large","max-video-preview":"max-video-preview:-1"},"canonical":"https:\/\/ajatutaja.com\/izdelek\/komplet-4-vodnih-zivalic-janod-polarni-sprickoti\/","og_locale":"hr_HR","og_type":"article","og_title":"Komplet 4 vodnih \u017eivalic - Janod polarni \u0161prickoti | Ajatutaja","og_description":"Simpati\u010dne polarne \u017eivalice bodo poskrbele za zabavo tudi v va\u0161i kopalnici! Pisane figurice so izdelane iz mehkega materiala in imajo luknjico, skozi katero \u0161prica voda.","og_url":"https:\/\/ajatutaja.com\/izdelek\/komplet-4-vodnih-zivalic-janod-polarni-sprickoti\/","og_site_name":"Ajatutaja","article_modified_time":"2026-04-01T09:01:12+00:00","og_image":[{"width":800,"height":800,"url":"https:\/\/ajatutaja.com\/wp-content\/uploads\/2022\/04\/4-polar-animals-squirters-J04704-5-e1650299657190.jpg","type":"image\/jpeg"}],"twitter_card":"summary_large_image","twitter_misc":{"Procijenjeno vrijeme \u010ditanja":"1 minuta"},"schema":{"@context":"https:\/\/schema.org","@graph":[{"@type":"WebPage","@id":"https:\/\/ajatutaja.com\/izdelek\/komplet-4-vodnih-zivalic-janod-polarni-sprickoti\/","url":"https:\/\/ajatutaja.com\/izdelek\/komplet-4-vodnih-zivalic-janod-polarni-sprickoti\/","name":"Komplet 4 vodnih \u017eivalic - Janod polarni \u0161prickoti | Ajatutaja","isPartOf":{"@id":"https:\/\/ajatutaja.com\/#website"},"primaryImageOfPage":{"@id":"https:\/\/ajatutaja.com\/izdelek\/komplet-4-vodnih-zivalic-janod-polarni-sprickoti\/#primaryimage"},"image":{"@id":"https:\/\/ajatutaja.com\/izdelek\/komplet-4-vodnih-zivalic-janod-polarni-sprickoti\/#primaryimage"},"thumbnailUrl":"https:\/\/ajatutaja.com\/wp-content\/uploads\/2022\/04\/4-polar-animals-squirters-J04704-5-e1650299657190.jpg","datePublished":"2022-04-18T16:30:47+00:00","dateModified":"2026-04-01T09:01:12+00:00","description":"Simpati\u010dne polarne \u017eivalice bodo poskrbele za zabavo tudi v va\u0161i kopalnici! Pisane figurice so izdelane iz mehkega materiala in imajo luknjico, skozi katero \u0161prica voda.","breadcrumb":{"@id":"https:\/\/ajatutaja.com\/izdelek\/komplet-4-vodnih-zivalic-janod-polarni-sprickoti\/#breadcrumb"},"inLanguage":"hr","potentialAction":[{"@type":"ReadAction","target":["https:\/\/ajatutaja.com\/izdelek\/komplet-4-vodnih-zivalic-janod-polarni-sprickoti\/"]}]},{"@type":"ImageObject","inLanguage":"hr","@id":"https:\/\/ajatutaja.com\/izdelek\/komplet-4-vodnih-zivalic-janod-polarni-sprickoti\/#primaryimage","url":"https:\/\/ajatutaja.com\/wp-content\/uploads\/2022\/04\/4-polar-animals-squirters-J04704-5-e1650299657190.jpg","contentUrl":"https:\/\/ajatutaja.com\/wp-content\/uploads\/2022\/04\/4-polar-animals-squirters-J04704-5-e1650299657190.jpg","width":800,"height":800},{"@type":"BreadcrumbList","@id":"https:\/\/ajatutaja.com\/izdelek\/komplet-4-vodnih-zivalic-janod-polarni-sprickoti\/#breadcrumb","itemListElement":[{"@type":"ListItem","position":1,"name":"Home","item":"https:\/\/ajatutaja.com\/hr\/"},{"@type":"ListItem","position":2,"name":"Trgovina","item":"https:\/\/ajatutaja.com\/hr\/trgovina\/"},{"@type":"ListItem","position":3,"name":"Komplet 4 vodnih \u017eivalic &#8211; Janod polarni \u0161prickoti"}]},{"@type":"WebSite","@id":"https:\/\/ajatutaja.com\/#website","url":"https:\/\/ajatutaja.com\/","name":"Ajatutaja","description":"Otro\u0161ka spletna trgovina AJATUTAJA","publisher":{"@id":"https:\/\/ajatutaja.com\/#organization"},"potentialAction":[{"@type":"SearchAction","target":{"@type":"EntryPoint","urlTemplate":"https:\/\/ajatutaja.com\/?s={search_term_string}"},"query-input":{"@type":"PropertyValueSpecification","valueRequired":true,"valueName":"search_term_string"}}],"inLanguage":"hr"},{"@type":"Organization","@id":"https:\/\/ajatutaja.com\/#organization","name":"Ajatutaja","url":"https:\/\/ajatutaja.com\/","logo":{"@type":"ImageObject","inLanguage":"hr","@id":"https:\/\/ajatutaja.com\/#\/schema\/logo\/image\/","url":"https:\/\/ajatutaja.com\/wp-content\/uploads\/2021\/10\/logo.png","contentUrl":"https:\/\/ajatutaja.com\/wp-content\/uploads\/2021\/10\/logo.png","width":555,"height":150,"caption":"Ajatutaja"},"image":{"@id":"https:\/\/ajatutaja.com\/#\/schema\/logo\/image\/"}}]}},"brands":[{"id":2452,"name":"Igranje","slug":"igranje"},{"id":2455,"name":"Janod","slug":"janod-igranje"}],"_links":{"self":[{"href":"https:\/\/ajatutaja.com\/hr\/wp-json\/wp\/v2\/product\/34758","targetHints":{"allow":["GET"]}}],"collection":[{"href":"https:\/\/ajatutaja.com\/hr\/wp-json\/wp\/v2\/product"}],"about":[{"href":"https:\/\/ajatutaja.com\/hr\/wp-json\/wp\/v2\/types\/product"}],"wp:featuredmedia":[{"embeddable":true,"href":"https:\/\/ajatutaja.com\/hr\/wp-json\/wp\/v2\/media\/34764"}],"wp:attachment":[{"href":"https:\/\/ajatutaja.com\/hr\/wp-json\/wp\/v2\/media?parent=34758"}],"wp:term":[{"taxonomy":"pwb-brand","embeddable":true,"href":"https:\/\/ajatutaja.com\/hr\/wp-json\/wp\/v2\/pwb-brand?post=34758"},{"taxonomy":"product_brand","embeddable":true,"href":"https:\/\/ajatutaja.com\/hr\/wp-json\/wp\/v2\/product_brand?post=34758"},{"taxonomy":"product_cat","embeddable":true,"href":"https:\/\/ajatutaja.com\/hr\/wp-json\/wp\/v2\/product_cat?post=34758"},{"taxonomy":"product_tag","embeddable":true,"href":"https:\/\/ajatutaja.com\/hr\/wp-json\/wp\/v2\/product_tag?post=34758"}],"curies":[{"name":"wp","href":"https:\/\/api.w.org\/{rel}","templated":true}]}}