{"id":34142,"date":"2024-08-15T16:22:45","date_gmt":"2024-08-15T14:22:45","guid":{"rendered":"https:\/\/ajatutaja.com\/?post_type=product&#038;p=34142"},"modified":"2026-03-13T16:51:21","modified_gmt":"2026-03-13T15:51:21","slug":"prenosna-potovalna-postelja-aeromoov-travel-cot-navy","status":"publish","type":"product","link":"https:\/\/ajatutaja.com\/hr\/proizvod\/prenosna-potovalna-postelja-aeromoov-travel-cot-navy\/","title":{"rendered":"Prenosna potovalna postelja AeroMoov Travel Cot &#8211; Blu While"},"content":{"rendered":"<p>[vc_row][vc_column][vc_column_text]Inovativna prenosna otro\u0161ka posteljica AeroMoov Travel Cot je enostavna za uporabo, saj se jo sestavi ali razstavi v parih sekundah. Lahko se uporablja kot posteljica ali stajica, doma, na potovanju ali pa na prostem. Prenosna posteljica AeroMoov je izjemno lahka, saj tehta le 5 kg. Obenem pa je izjemno stabilna in varna, saj ustreza najbolj strogim varnostnim standardom. Idealna za potovanja.<\/p>\n<p>Na ni\u017eji ravni se uporablja za otroke do 86 cm oz. do 15 kg. Vzmetnica je dimenzije 80 x 60 cm (za dojen\u010dke), oziroma in za ve\u010dje otroke 110 x 60 cm.<\/p>\n<h4>Lastnosti prenosne postelje AeroMoov v travel cot:<\/h4>\n<ul>\n<li>Postavitev v nekaj sekundah<\/li>\n<li>Te\u017eka le 5kg<\/li>\n<li>Enostavno jo pospravimo v prilo\u017eeno prenosno torbo<\/li>\n<li>Dimenzije 63x92x130 cm oz. 72x12x71, ko jo pospravimo<\/li>\n<li>Kompaktna in uporabna tako v sobi, kot na prostem<\/li>\n<li>Zelo kvalitetna vzmetnica iz poliuretanske pene debeline 3 cm<\/li>\n<li>Nosilnost 15 kg<\/li>\n<li>Primerno za otroke od rojstva do cca. 3 let<\/li>\n<li>Nastavljiva vi\u0161ina le\u017ei\u0161\u010da<\/li>\n<li>Uporabna kot otro\u0161ka postelja in stajica<\/li>\n<li>Ustreza vsem varnostnim normativom EN716-1-2008 in A1-2013<\/li>\n<li>Mo\u017ena namestitev sen\u010dnika in mre\u017ee proti mr\u010desu (kupita se lo\u010deno)<\/li>\n<\/ul>\n<p>[\/vc_column_text][\/vc_column][\/vc_row]<\/p>\n","protected":false},"excerpt":{"rendered":"<p>Prenosna potovalna postelja Aeromoov Travel Cot je edinstvena &#8211; ultralahka prenosna postelja, ki jo postavimo le v nekaj sekundah. Prostorna, udobna in obenem zelo varna prenosna postelja, pa slu\u017ei tudi kot stajica. V njej namre\u010d lahko otrok po\u010diva, spi ali pa se preprosto igra. Uporabna kot postelja ali stajica za otroka.<\/p>\n<p>Prenosna postelja Aeromoov ima nastavljivo vi\u0161ino le\u017ei\u0161\u010da in je v kompletu z blazino in prenosno torbo.<\/p>\n","protected":false},"featured_media":34144,"template":"","meta":[],"pwb-brand":[2410,2612,2409,2611],"product_brand":[],"product_cat":[2361,2401],"product_tag":[4114,4894],"class_list":{"0":"post-34142","1":"product","2":"type-product","3":"status-publish","4":"has-post-thumbnail","6":"pwb-brand-aeromoov-potepanje","7":"pwb-brand-aeromoov-spanje","8":"pwb-brand-potepanje","9":"pwb-brand-spanje","10":"product_cat-potepanje","11":"product_cat-prenosne-postelje","12":"product_tag-aeromoov","13":"product_tag-travel-cot","15":"first","16":"instock","17":"taxable","18":"shipping-taxable","19":"purchasable","20":"product-type-simple","21":"add-to-wishlist-before_image"},"yoast_head":"<!-- This site is optimized with the Yoast SEO plugin v27.3 - https:\/\/yoast.com\/product\/yoast-seo-wordpress\/ -->\n<title>Prenosna potovalna postelja AeroMoov Travel Cot - Blu While | Ajatutaja<\/title>\n<meta name=\"description\" content=\"AeroMoov posteljica je inovativna prenosna otro\u0161ka posteljica, ki se jo sestavi ali razstavi v parih sekundah. Tehta le 5 kg. Idealna za potovanja in dom.\" \/>\n<meta name=\"robots\" content=\"index, follow, max-snippet:-1, max-image-preview:large, max-video-preview:-1\" \/>\n<link rel=\"canonical\" href=\"https:\/\/ajatutaja.com\/izdelek\/prenosna-potovalna-postelja-aeromoov-travel-cot-navy\/\" \/>\n<meta property=\"og:locale\" content=\"hr_HR\" \/>\n<meta property=\"og:type\" content=\"article\" \/>\n<meta property=\"og:title\" content=\"Prenosna potovalna postelja AeroMoov Travel Cot - Blu While | Ajatutaja\" \/>\n<meta property=\"og:description\" content=\"AeroMoov posteljica je inovativna prenosna otro\u0161ka posteljica, ki se jo sestavi ali razstavi v parih sekundah. Tehta le 5 kg. Idealna za potovanja in dom.\" \/>\n<meta property=\"og:url\" content=\"https:\/\/ajatutaja.com\/izdelek\/prenosna-potovalna-postelja-aeromoov-travel-cot-navy\/\" \/>\n<meta property=\"og:site_name\" content=\"Ajatutaja\" \/>\n<meta property=\"article:modified_time\" content=\"2026-03-13T15:51:21+00:00\" \/>\n<meta property=\"og:image\" content=\"https:\/\/ajatutaja.com\/wp-content\/uploads\/2022\/04\/Aeromoov-prenosna-postelja-modra-ajatutaja2.jpg\" \/>\n\t<meta property=\"og:image:width\" content=\"800\" \/>\n\t<meta property=\"og:image:height\" content=\"800\" \/>\n\t<meta property=\"og:image:type\" content=\"image\/jpeg\" \/>\n<meta name=\"twitter:card\" content=\"summary_large_image\" \/>\n<meta name=\"twitter:label1\" content=\"Procijenjeno vrijeme \u010ditanja\" \/>\n\t<meta name=\"twitter:data1\" content=\"1 minuta\" \/>\n<script type=\"application\/ld+json\" class=\"yoast-schema-graph\">{\"@context\":\"https:\\\/\\\/schema.org\",\"@graph\":[{\"@type\":\"WebPage\",\"@id\":\"https:\\\/\\\/ajatutaja.com\\\/izdelek\\\/prenosna-potovalna-postelja-aeromoov-travel-cot-navy\\\/\",\"url\":\"https:\\\/\\\/ajatutaja.com\\\/izdelek\\\/prenosna-potovalna-postelja-aeromoov-travel-cot-navy\\\/\",\"name\":\"Prenosna potovalna postelja AeroMoov Travel Cot - Blu While | Ajatutaja\",\"isPartOf\":{\"@id\":\"https:\\\/\\\/ajatutaja.com\\\/#website\"},\"primaryImageOfPage\":{\"@id\":\"https:\\\/\\\/ajatutaja.com\\\/izdelek\\\/prenosna-potovalna-postelja-aeromoov-travel-cot-navy\\\/#primaryimage\"},\"image\":{\"@id\":\"https:\\\/\\\/ajatutaja.com\\\/izdelek\\\/prenosna-potovalna-postelja-aeromoov-travel-cot-navy\\\/#primaryimage\"},\"thumbnailUrl\":\"https:\\\/\\\/ajatutaja.com\\\/wp-content\\\/uploads\\\/2022\\\/04\\\/Aeromoov-prenosna-postelja-modra-ajatutaja2.jpg\",\"datePublished\":\"2024-08-15T14:22:45+00:00\",\"dateModified\":\"2026-03-13T15:51:21+00:00\",\"description\":\"AeroMoov posteljica je inovativna prenosna otro\u0161ka posteljica, ki se jo sestavi ali razstavi v parih sekundah. Tehta le 5 kg. Idealna za potovanja in dom.\",\"breadcrumb\":{\"@id\":\"https:\\\/\\\/ajatutaja.com\\\/izdelek\\\/prenosna-potovalna-postelja-aeromoov-travel-cot-navy\\\/#breadcrumb\"},\"inLanguage\":\"hr\",\"potentialAction\":[{\"@type\":\"ReadAction\",\"target\":[\"https:\\\/\\\/ajatutaja.com\\\/izdelek\\\/prenosna-potovalna-postelja-aeromoov-travel-cot-navy\\\/\"]}]},{\"@type\":\"ImageObject\",\"inLanguage\":\"hr\",\"@id\":\"https:\\\/\\\/ajatutaja.com\\\/izdelek\\\/prenosna-potovalna-postelja-aeromoov-travel-cot-navy\\\/#primaryimage\",\"url\":\"https:\\\/\\\/ajatutaja.com\\\/wp-content\\\/uploads\\\/2022\\\/04\\\/Aeromoov-prenosna-postelja-modra-ajatutaja2.jpg\",\"contentUrl\":\"https:\\\/\\\/ajatutaja.com\\\/wp-content\\\/uploads\\\/2022\\\/04\\\/Aeromoov-prenosna-postelja-modra-ajatutaja2.jpg\",\"width\":800,\"height\":800},{\"@type\":\"BreadcrumbList\",\"@id\":\"https:\\\/\\\/ajatutaja.com\\\/izdelek\\\/prenosna-potovalna-postelja-aeromoov-travel-cot-navy\\\/#breadcrumb\",\"itemListElement\":[{\"@type\":\"ListItem\",\"position\":1,\"name\":\"Home\",\"item\":\"https:\\\/\\\/ajatutaja.com\\\/hr\\\/\"},{\"@type\":\"ListItem\",\"position\":2,\"name\":\"Trgovina\",\"item\":\"https:\\\/\\\/ajatutaja.com\\\/hr\\\/trgovina\\\/\"},{\"@type\":\"ListItem\",\"position\":3,\"name\":\"Prenosna potovalna postelja AeroMoov Travel Cot &#8211; Blu While\"}]},{\"@type\":\"WebSite\",\"@id\":\"https:\\\/\\\/ajatutaja.com\\\/#website\",\"url\":\"https:\\\/\\\/ajatutaja.com\\\/\",\"name\":\"Ajatutaja\",\"description\":\"Otro\u0161ka spletna trgovina AJATUTAJA\",\"publisher\":{\"@id\":\"https:\\\/\\\/ajatutaja.com\\\/#organization\"},\"potentialAction\":[{\"@type\":\"SearchAction\",\"target\":{\"@type\":\"EntryPoint\",\"urlTemplate\":\"https:\\\/\\\/ajatutaja.com\\\/?s={search_term_string}\"},\"query-input\":{\"@type\":\"PropertyValueSpecification\",\"valueRequired\":true,\"valueName\":\"search_term_string\"}}],\"inLanguage\":\"hr\"},{\"@type\":\"Organization\",\"@id\":\"https:\\\/\\\/ajatutaja.com\\\/#organization\",\"name\":\"Ajatutaja\",\"url\":\"https:\\\/\\\/ajatutaja.com\\\/\",\"logo\":{\"@type\":\"ImageObject\",\"inLanguage\":\"hr\",\"@id\":\"https:\\\/\\\/ajatutaja.com\\\/#\\\/schema\\\/logo\\\/image\\\/\",\"url\":\"https:\\\/\\\/ajatutaja.com\\\/wp-content\\\/uploads\\\/2021\\\/10\\\/logo.png\",\"contentUrl\":\"https:\\\/\\\/ajatutaja.com\\\/wp-content\\\/uploads\\\/2021\\\/10\\\/logo.png\",\"width\":555,\"height\":150,\"caption\":\"Ajatutaja\"},\"image\":{\"@id\":\"https:\\\/\\\/ajatutaja.com\\\/#\\\/schema\\\/logo\\\/image\\\/\"}}]}<\/script>\n<!-- \/ Yoast SEO plugin. -->","yoast_head_json":{"title":"Prenosna potovalna postelja AeroMoov Travel Cot - Blu While | Ajatutaja","description":"AeroMoov posteljica je inovativna prenosna otro\u0161ka posteljica, ki se jo sestavi ali razstavi v parih sekundah. Tehta le 5 kg. Idealna za potovanja in dom.","robots":{"index":"index","follow":"follow","max-snippet":"max-snippet:-1","max-image-preview":"max-image-preview:large","max-video-preview":"max-video-preview:-1"},"canonical":"https:\/\/ajatutaja.com\/izdelek\/prenosna-potovalna-postelja-aeromoov-travel-cot-navy\/","og_locale":"hr_HR","og_type":"article","og_title":"Prenosna potovalna postelja AeroMoov Travel Cot - Blu While | Ajatutaja","og_description":"AeroMoov posteljica je inovativna prenosna otro\u0161ka posteljica, ki se jo sestavi ali razstavi v parih sekundah. Tehta le 5 kg. Idealna za potovanja in dom.","og_url":"https:\/\/ajatutaja.com\/izdelek\/prenosna-potovalna-postelja-aeromoov-travel-cot-navy\/","og_site_name":"Ajatutaja","article_modified_time":"2026-03-13T15:51:21+00:00","og_image":[{"width":800,"height":800,"url":"https:\/\/ajatutaja.com\/wp-content\/uploads\/2022\/04\/Aeromoov-prenosna-postelja-modra-ajatutaja2.jpg","type":"image\/jpeg"}],"twitter_card":"summary_large_image","twitter_misc":{"Procijenjeno vrijeme \u010ditanja":"1 minuta"},"schema":{"@context":"https:\/\/schema.org","@graph":[{"@type":"WebPage","@id":"https:\/\/ajatutaja.com\/izdelek\/prenosna-potovalna-postelja-aeromoov-travel-cot-navy\/","url":"https:\/\/ajatutaja.com\/izdelek\/prenosna-potovalna-postelja-aeromoov-travel-cot-navy\/","name":"Prenosna potovalna postelja AeroMoov Travel Cot - Blu While | Ajatutaja","isPartOf":{"@id":"https:\/\/ajatutaja.com\/#website"},"primaryImageOfPage":{"@id":"https:\/\/ajatutaja.com\/izdelek\/prenosna-potovalna-postelja-aeromoov-travel-cot-navy\/#primaryimage"},"image":{"@id":"https:\/\/ajatutaja.com\/izdelek\/prenosna-potovalna-postelja-aeromoov-travel-cot-navy\/#primaryimage"},"thumbnailUrl":"https:\/\/ajatutaja.com\/wp-content\/uploads\/2022\/04\/Aeromoov-prenosna-postelja-modra-ajatutaja2.jpg","datePublished":"2024-08-15T14:22:45+00:00","dateModified":"2026-03-13T15:51:21+00:00","description":"AeroMoov posteljica je inovativna prenosna otro\u0161ka posteljica, ki se jo sestavi ali razstavi v parih sekundah. Tehta le 5 kg. Idealna za potovanja in dom.","breadcrumb":{"@id":"https:\/\/ajatutaja.com\/izdelek\/prenosna-potovalna-postelja-aeromoov-travel-cot-navy\/#breadcrumb"},"inLanguage":"hr","potentialAction":[{"@type":"ReadAction","target":["https:\/\/ajatutaja.com\/izdelek\/prenosna-potovalna-postelja-aeromoov-travel-cot-navy\/"]}]},{"@type":"ImageObject","inLanguage":"hr","@id":"https:\/\/ajatutaja.com\/izdelek\/prenosna-potovalna-postelja-aeromoov-travel-cot-navy\/#primaryimage","url":"https:\/\/ajatutaja.com\/wp-content\/uploads\/2022\/04\/Aeromoov-prenosna-postelja-modra-ajatutaja2.jpg","contentUrl":"https:\/\/ajatutaja.com\/wp-content\/uploads\/2022\/04\/Aeromoov-prenosna-postelja-modra-ajatutaja2.jpg","width":800,"height":800},{"@type":"BreadcrumbList","@id":"https:\/\/ajatutaja.com\/izdelek\/prenosna-potovalna-postelja-aeromoov-travel-cot-navy\/#breadcrumb","itemListElement":[{"@type":"ListItem","position":1,"name":"Home","item":"https:\/\/ajatutaja.com\/hr\/"},{"@type":"ListItem","position":2,"name":"Trgovina","item":"https:\/\/ajatutaja.com\/hr\/trgovina\/"},{"@type":"ListItem","position":3,"name":"Prenosna potovalna postelja AeroMoov Travel Cot &#8211; Blu While"}]},{"@type":"WebSite","@id":"https:\/\/ajatutaja.com\/#website","url":"https:\/\/ajatutaja.com\/","name":"Ajatutaja","description":"Otro\u0161ka spletna trgovina AJATUTAJA","publisher":{"@id":"https:\/\/ajatutaja.com\/#organization"},"potentialAction":[{"@type":"SearchAction","target":{"@type":"EntryPoint","urlTemplate":"https:\/\/ajatutaja.com\/?s={search_term_string}"},"query-input":{"@type":"PropertyValueSpecification","valueRequired":true,"valueName":"search_term_string"}}],"inLanguage":"hr"},{"@type":"Organization","@id":"https:\/\/ajatutaja.com\/#organization","name":"Ajatutaja","url":"https:\/\/ajatutaja.com\/","logo":{"@type":"ImageObject","inLanguage":"hr","@id":"https:\/\/ajatutaja.com\/#\/schema\/logo\/image\/","url":"https:\/\/ajatutaja.com\/wp-content\/uploads\/2021\/10\/logo.png","contentUrl":"https:\/\/ajatutaja.com\/wp-content\/uploads\/2021\/10\/logo.png","width":555,"height":150,"caption":"Ajatutaja"},"image":{"@id":"https:\/\/ajatutaja.com\/#\/schema\/logo\/image\/"}}]}},"brands":[{"id":2410,"name":"Aeromoov","slug":"aeromoov-potepanje"},{"id":2612,"name":"Aeromoov","slug":"aeromoov-spanje"},{"id":2409,"name":"Potepanje","slug":"potepanje"},{"id":2611,"name":"Spanje","slug":"spanje"}],"_links":{"self":[{"href":"https:\/\/ajatutaja.com\/hr\/wp-json\/wp\/v2\/product\/34142","targetHints":{"allow":["GET"]}}],"collection":[{"href":"https:\/\/ajatutaja.com\/hr\/wp-json\/wp\/v2\/product"}],"about":[{"href":"https:\/\/ajatutaja.com\/hr\/wp-json\/wp\/v2\/types\/product"}],"wp:featuredmedia":[{"embeddable":true,"href":"https:\/\/ajatutaja.com\/hr\/wp-json\/wp\/v2\/media\/34144"}],"wp:attachment":[{"href":"https:\/\/ajatutaja.com\/hr\/wp-json\/wp\/v2\/media?parent=34142"}],"wp:term":[{"taxonomy":"pwb-brand","embeddable":true,"href":"https:\/\/ajatutaja.com\/hr\/wp-json\/wp\/v2\/pwb-brand?post=34142"},{"taxonomy":"product_brand","embeddable":true,"href":"https:\/\/ajatutaja.com\/hr\/wp-json\/wp\/v2\/product_brand?post=34142"},{"taxonomy":"product_cat","embeddable":true,"href":"https:\/\/ajatutaja.com\/hr\/wp-json\/wp\/v2\/product_cat?post=34142"},{"taxonomy":"product_tag","embeddable":true,"href":"https:\/\/ajatutaja.com\/hr\/wp-json\/wp\/v2\/product_tag?post=34142"}],"curies":[{"name":"wp","href":"https:\/\/api.w.org\/{rel}","templated":true}]}}