{"id":33944,"date":"2024-03-25T15:42:17","date_gmt":"2024-03-25T14:42:17","guid":{"rendered":"https:\/\/ajatutaja.com\/?post_type=product&#038;p=33944"},"modified":"2025-04-09T16:41:56","modified_gmt":"2025-04-09T14:41:56","slug":"little-dutch-pleteni-pajacek-za-dojencka","status":"publish","type":"product","link":"https:\/\/ajatutaja.com\/hr\/proizvod\/little-dutch-pleteni-pajacek-za-dojencka\/","title":{"rendered":"Pleteni pajacek za dojen\u010dka Little Dutch (68)"},"content":{"rendered":"<h3>Lastnosti pletenega pajacka Little Dutch:<\/h3>\n<ul>\n<li>Velikosti: 50\/56 cm, 62 cm ter 68 cm<\/li>\n<li>Material: 55% bomba\u017e\/ 45% akril<\/li>\n<li>Nega: pranje pri 30 \u00b0C<\/li>\n<\/ul>\n","protected":false},"excerpt":{"rendered":"<p><span lang=\"sl\">Pleteni pajacek za dojen\u010dka v be\u017e barvi Little Dutch je izdelan iz me\u0161anice bomba\u017ea. Gumbki omogo\u010dajo enostavno obla\u010denje in previjanje otroka.<br \/>\n<\/span><\/p>\n","protected":false},"featured_media":33955,"template":"","meta":[],"pwb-brand":[4893,2696],"product_brand":[],"product_cat":[3975,2609,2682,2681],"product_tag":[4002],"class_list":{"0":"post-33944","1":"product","2":"type-product","3":"status-publish","4":"has-post-thumbnail","6":"pwb-brand-little-dutch-moda","7":"pwb-brand-moda","8":"product_cat-akcija","9":"product_cat-moda","10":"product_cat-oblacila-za-novorojencka","11":"product_cat-otroska-oblacila","12":"product_tag-little-dutch","14":"first","15":"instock","16":"sale","17":"taxable","18":"shipping-taxable","19":"purchasable","20":"product-type-variable","21":"add-to-wishlist-before_image"},"yoast_head":"<!-- This site is optimized with the Yoast SEO plugin v27.3 - https:\/\/yoast.com\/product\/yoast-seo-wordpress\/ -->\n<title>Pleteni pajacek za dojen\u010dka Little Dutch (68) | Ajatutaja<\/title>\n<meta name=\"description\" content=\"Pleteni pajacek za dojen\u010dka v be\u017e barvi Little Dutch je izdelan iz me\u0161anice bomba\u017ea. Gumbki omogo\u010dajo enostavno obla\u010denje otroka.\" \/>\n<meta name=\"robots\" content=\"index, follow, max-snippet:-1, max-image-preview:large, max-video-preview:-1\" \/>\n<link rel=\"canonical\" href=\"https:\/\/ajatutaja.com\/hr\/proizvod\/little-dutch-pleteni-pajacek-za-dojencka\/\" \/>\n<meta property=\"og:locale\" content=\"hr_HR\" \/>\n<meta property=\"og:type\" content=\"article\" \/>\n<meta property=\"og:title\" content=\"Pleteni pajacek za dojen\u010dka Little Dutch (68) | Ajatutaja\" \/>\n<meta property=\"og:description\" content=\"Pleteni pajacek za dojen\u010dka v be\u017e barvi Little Dutch je izdelan iz me\u0161anice bomba\u017ea. Gumbki omogo\u010dajo enostavno obla\u010denje otroka.\" \/>\n<meta property=\"og:url\" content=\"https:\/\/ajatutaja.com\/hr\/proizvod\/little-dutch-pleteni-pajacek-za-dojencka\/\" \/>\n<meta property=\"og:site_name\" content=\"Ajatutaja\" \/>\n<meta property=\"article:modified_time\" content=\"2025-04-09T14:41:56+00:00\" \/>\n<meta property=\"og:image\" content=\"https:\/\/ajatutaja.com\/wp-content\/uploads\/2022\/03\/Little-Dutch-pleten-pajac-ajatutaja-1.jpg\" \/>\n\t<meta property=\"og:image:width\" content=\"750\" \/>\n\t<meta property=\"og:image:height\" content=\"750\" \/>\n\t<meta property=\"og:image:type\" content=\"image\/jpeg\" \/>\n<meta name=\"twitter:card\" content=\"summary_large_image\" \/>\n<script type=\"application\/ld+json\" class=\"yoast-schema-graph\">{\"@context\":\"https:\\\/\\\/schema.org\",\"@graph\":[{\"@type\":\"WebPage\",\"@id\":\"https:\\\/\\\/ajatutaja.com\\\/hr\\\/proizvod\\\/little-dutch-pleteni-pajacek-za-dojencka\\\/\",\"url\":\"https:\\\/\\\/ajatutaja.com\\\/hr\\\/proizvod\\\/little-dutch-pleteni-pajacek-za-dojencka\\\/\",\"name\":\"Pleteni pajacek za dojen\u010dka Little Dutch (68) | Ajatutaja\",\"isPartOf\":{\"@id\":\"https:\\\/\\\/ajatutaja.com\\\/#website\"},\"primaryImageOfPage\":{\"@id\":\"https:\\\/\\\/ajatutaja.com\\\/hr\\\/proizvod\\\/little-dutch-pleteni-pajacek-za-dojencka\\\/#primaryimage\"},\"image\":{\"@id\":\"https:\\\/\\\/ajatutaja.com\\\/hr\\\/proizvod\\\/little-dutch-pleteni-pajacek-za-dojencka\\\/#primaryimage\"},\"thumbnailUrl\":\"https:\\\/\\\/ajatutaja.com\\\/wp-content\\\/uploads\\\/2022\\\/03\\\/Little-Dutch-pleten-pajac-ajatutaja-1.jpg\",\"datePublished\":\"2024-03-25T14:42:17+00:00\",\"dateModified\":\"2025-04-09T14:41:56+00:00\",\"description\":\"Pleteni pajacek za dojen\u010dka v be\u017e barvi Little Dutch je izdelan iz me\u0161anice bomba\u017ea. Gumbki omogo\u010dajo enostavno obla\u010denje otroka.\",\"breadcrumb\":{\"@id\":\"https:\\\/\\\/ajatutaja.com\\\/hr\\\/proizvod\\\/little-dutch-pleteni-pajacek-za-dojencka\\\/#breadcrumb\"},\"inLanguage\":\"hr\",\"potentialAction\":[{\"@type\":\"ReadAction\",\"target\":[\"https:\\\/\\\/ajatutaja.com\\\/hr\\\/proizvod\\\/little-dutch-pleteni-pajacek-za-dojencka\\\/\"]}]},{\"@type\":\"ImageObject\",\"inLanguage\":\"hr\",\"@id\":\"https:\\\/\\\/ajatutaja.com\\\/hr\\\/proizvod\\\/little-dutch-pleteni-pajacek-za-dojencka\\\/#primaryimage\",\"url\":\"https:\\\/\\\/ajatutaja.com\\\/wp-content\\\/uploads\\\/2022\\\/03\\\/Little-Dutch-pleten-pajac-ajatutaja-1.jpg\",\"contentUrl\":\"https:\\\/\\\/ajatutaja.com\\\/wp-content\\\/uploads\\\/2022\\\/03\\\/Little-Dutch-pleten-pajac-ajatutaja-1.jpg\",\"width\":750,\"height\":750},{\"@type\":\"BreadcrumbList\",\"@id\":\"https:\\\/\\\/ajatutaja.com\\\/hr\\\/proizvod\\\/little-dutch-pleteni-pajacek-za-dojencka\\\/#breadcrumb\",\"itemListElement\":[{\"@type\":\"ListItem\",\"position\":1,\"name\":\"Home\",\"item\":\"https:\\\/\\\/ajatutaja.com\\\/hr\\\/\"},{\"@type\":\"ListItem\",\"position\":2,\"name\":\"Trgovina\",\"item\":\"https:\\\/\\\/ajatutaja.com\\\/hr\\\/trgovina\\\/\"},{\"@type\":\"ListItem\",\"position\":3,\"name\":\"Pleteni pajacek za dojen\u010dka Little Dutch (68)\"}]},{\"@type\":\"WebSite\",\"@id\":\"https:\\\/\\\/ajatutaja.com\\\/#website\",\"url\":\"https:\\\/\\\/ajatutaja.com\\\/\",\"name\":\"Ajatutaja\",\"description\":\"Otro\u0161ka spletna trgovina AJATUTAJA\",\"publisher\":{\"@id\":\"https:\\\/\\\/ajatutaja.com\\\/#organization\"},\"potentialAction\":[{\"@type\":\"SearchAction\",\"target\":{\"@type\":\"EntryPoint\",\"urlTemplate\":\"https:\\\/\\\/ajatutaja.com\\\/?s={search_term_string}\"},\"query-input\":{\"@type\":\"PropertyValueSpecification\",\"valueRequired\":true,\"valueName\":\"search_term_string\"}}],\"inLanguage\":\"hr\"},{\"@type\":\"Organization\",\"@id\":\"https:\\\/\\\/ajatutaja.com\\\/#organization\",\"name\":\"Ajatutaja\",\"url\":\"https:\\\/\\\/ajatutaja.com\\\/\",\"logo\":{\"@type\":\"ImageObject\",\"inLanguage\":\"hr\",\"@id\":\"https:\\\/\\\/ajatutaja.com\\\/#\\\/schema\\\/logo\\\/image\\\/\",\"url\":\"https:\\\/\\\/ajatutaja.com\\\/wp-content\\\/uploads\\\/2021\\\/10\\\/logo.png\",\"contentUrl\":\"https:\\\/\\\/ajatutaja.com\\\/wp-content\\\/uploads\\\/2021\\\/10\\\/logo.png\",\"width\":555,\"height\":150,\"caption\":\"Ajatutaja\"},\"image\":{\"@id\":\"https:\\\/\\\/ajatutaja.com\\\/#\\\/schema\\\/logo\\\/image\\\/\"}}]}<\/script>\n<!-- \/ Yoast SEO plugin. -->","yoast_head_json":{"title":"Pleteni pajacek za dojen\u010dka Little Dutch (68) | Ajatutaja","description":"Pleteni pajacek za dojen\u010dka v be\u017e barvi Little Dutch je izdelan iz me\u0161anice bomba\u017ea. Gumbki omogo\u010dajo enostavno obla\u010denje otroka.","robots":{"index":"index","follow":"follow","max-snippet":"max-snippet:-1","max-image-preview":"max-image-preview:large","max-video-preview":"max-video-preview:-1"},"canonical":"https:\/\/ajatutaja.com\/hr\/proizvod\/little-dutch-pleteni-pajacek-za-dojencka\/","og_locale":"hr_HR","og_type":"article","og_title":"Pleteni pajacek za dojen\u010dka Little Dutch (68) | Ajatutaja","og_description":"Pleteni pajacek za dojen\u010dka v be\u017e barvi Little Dutch je izdelan iz me\u0161anice bomba\u017ea. Gumbki omogo\u010dajo enostavno obla\u010denje otroka.","og_url":"https:\/\/ajatutaja.com\/hr\/proizvod\/little-dutch-pleteni-pajacek-za-dojencka\/","og_site_name":"Ajatutaja","article_modified_time":"2025-04-09T14:41:56+00:00","og_image":[{"width":750,"height":750,"url":"https:\/\/ajatutaja.com\/wp-content\/uploads\/2022\/03\/Little-Dutch-pleten-pajac-ajatutaja-1.jpg","type":"image\/jpeg"}],"twitter_card":"summary_large_image","schema":{"@context":"https:\/\/schema.org","@graph":[{"@type":"WebPage","@id":"https:\/\/ajatutaja.com\/hr\/proizvod\/little-dutch-pleteni-pajacek-za-dojencka\/","url":"https:\/\/ajatutaja.com\/hr\/proizvod\/little-dutch-pleteni-pajacek-za-dojencka\/","name":"Pleteni pajacek za dojen\u010dka Little Dutch (68) | Ajatutaja","isPartOf":{"@id":"https:\/\/ajatutaja.com\/#website"},"primaryImageOfPage":{"@id":"https:\/\/ajatutaja.com\/hr\/proizvod\/little-dutch-pleteni-pajacek-za-dojencka\/#primaryimage"},"image":{"@id":"https:\/\/ajatutaja.com\/hr\/proizvod\/little-dutch-pleteni-pajacek-za-dojencka\/#primaryimage"},"thumbnailUrl":"https:\/\/ajatutaja.com\/wp-content\/uploads\/2022\/03\/Little-Dutch-pleten-pajac-ajatutaja-1.jpg","datePublished":"2024-03-25T14:42:17+00:00","dateModified":"2025-04-09T14:41:56+00:00","description":"Pleteni pajacek za dojen\u010dka v be\u017e barvi Little Dutch je izdelan iz me\u0161anice bomba\u017ea. Gumbki omogo\u010dajo enostavno obla\u010denje otroka.","breadcrumb":{"@id":"https:\/\/ajatutaja.com\/hr\/proizvod\/little-dutch-pleteni-pajacek-za-dojencka\/#breadcrumb"},"inLanguage":"hr","potentialAction":[{"@type":"ReadAction","target":["https:\/\/ajatutaja.com\/hr\/proizvod\/little-dutch-pleteni-pajacek-za-dojencka\/"]}]},{"@type":"ImageObject","inLanguage":"hr","@id":"https:\/\/ajatutaja.com\/hr\/proizvod\/little-dutch-pleteni-pajacek-za-dojencka\/#primaryimage","url":"https:\/\/ajatutaja.com\/wp-content\/uploads\/2022\/03\/Little-Dutch-pleten-pajac-ajatutaja-1.jpg","contentUrl":"https:\/\/ajatutaja.com\/wp-content\/uploads\/2022\/03\/Little-Dutch-pleten-pajac-ajatutaja-1.jpg","width":750,"height":750},{"@type":"BreadcrumbList","@id":"https:\/\/ajatutaja.com\/hr\/proizvod\/little-dutch-pleteni-pajacek-za-dojencka\/#breadcrumb","itemListElement":[{"@type":"ListItem","position":1,"name":"Home","item":"https:\/\/ajatutaja.com\/hr\/"},{"@type":"ListItem","position":2,"name":"Trgovina","item":"https:\/\/ajatutaja.com\/hr\/trgovina\/"},{"@type":"ListItem","position":3,"name":"Pleteni pajacek za dojen\u010dka Little Dutch (68)"}]},{"@type":"WebSite","@id":"https:\/\/ajatutaja.com\/#website","url":"https:\/\/ajatutaja.com\/","name":"Ajatutaja","description":"Otro\u0161ka spletna trgovina AJATUTAJA","publisher":{"@id":"https:\/\/ajatutaja.com\/#organization"},"potentialAction":[{"@type":"SearchAction","target":{"@type":"EntryPoint","urlTemplate":"https:\/\/ajatutaja.com\/?s={search_term_string}"},"query-input":{"@type":"PropertyValueSpecification","valueRequired":true,"valueName":"search_term_string"}}],"inLanguage":"hr"},{"@type":"Organization","@id":"https:\/\/ajatutaja.com\/#organization","name":"Ajatutaja","url":"https:\/\/ajatutaja.com\/","logo":{"@type":"ImageObject","inLanguage":"hr","@id":"https:\/\/ajatutaja.com\/#\/schema\/logo\/image\/","url":"https:\/\/ajatutaja.com\/wp-content\/uploads\/2021\/10\/logo.png","contentUrl":"https:\/\/ajatutaja.com\/wp-content\/uploads\/2021\/10\/logo.png","width":555,"height":150,"caption":"Ajatutaja"},"image":{"@id":"https:\/\/ajatutaja.com\/#\/schema\/logo\/image\/"}}]}},"brands":[{"id":4893,"name":"Little Dutch","slug":"little-dutch-moda"},{"id":2696,"name":"Moda","slug":"moda"}],"_links":{"self":[{"href":"https:\/\/ajatutaja.com\/hr\/wp-json\/wp\/v2\/product\/33944","targetHints":{"allow":["GET"]}}],"collection":[{"href":"https:\/\/ajatutaja.com\/hr\/wp-json\/wp\/v2\/product"}],"about":[{"href":"https:\/\/ajatutaja.com\/hr\/wp-json\/wp\/v2\/types\/product"}],"wp:featuredmedia":[{"embeddable":true,"href":"https:\/\/ajatutaja.com\/hr\/wp-json\/wp\/v2\/media\/33955"}],"wp:attachment":[{"href":"https:\/\/ajatutaja.com\/hr\/wp-json\/wp\/v2\/media?parent=33944"}],"wp:term":[{"taxonomy":"pwb-brand","embeddable":true,"href":"https:\/\/ajatutaja.com\/hr\/wp-json\/wp\/v2\/pwb-brand?post=33944"},{"taxonomy":"product_brand","embeddable":true,"href":"https:\/\/ajatutaja.com\/hr\/wp-json\/wp\/v2\/product_brand?post=33944"},{"taxonomy":"product_cat","embeddable":true,"href":"https:\/\/ajatutaja.com\/hr\/wp-json\/wp\/v2\/product_cat?post=33944"},{"taxonomy":"product_tag","embeddable":true,"href":"https:\/\/ajatutaja.com\/hr\/wp-json\/wp\/v2\/product_tag?post=33944"}],"curies":[{"name":"wp","href":"https:\/\/api.w.org\/{rel}","templated":true}]}}