{"id":33677,"date":"2022-03-22T15:08:43","date_gmt":"2022-03-22T14:08:43","guid":{"rendered":"https:\/\/ajatutaja.com\/?post_type=product&#038;p=33677"},"modified":"2026-03-27T11:52:06","modified_gmt":"2026-03-27T10:52:06","slug":"barvno-spreminjajoca-kopalna-knjigica-stephen-joseph-morski-pes","status":"publish","type":"product","link":"https:\/\/ajatutaja.com\/hr\/proizvod\/barvno-spreminjajoca-kopalna-knjigica-stephen-joseph-morski-pes\/","title":{"rendered":"Barvno spreminjajo\u010da kopalna knjigica Stephen Joseph &#8211; Morski Pes"},"content":{"rendered":"<p>[vc_row][vc_column][vc_column_text]Mehka kopalna knjigica Stephen Joseph\u00a0 je \u010darobna otro\u0161ka kopalna knjiga za veliko zabave v \u010dasu kopanja! Lepo ilustrirana knjiga za kopel bo \u010darobno spremenila barvo, ko jo namo\u010dite v vodo. Poleg tega lahko otrok s prsti in malo vode odkriva svet barv, s tem krepi svoje motori\u010dne sposobnosti, domi\u0161ljijo in ustvarjalnost.<\/p>\n<p>Barve izginejo, ko se knjigica posu\u0161i, zato je primerna za ve\u010dkratno uporabo!<\/p>\n<p>Lastnosti kopalne knjigice Stephe Joseph:<\/p>\n<ul>\n<li>Izdelano iz PEVA<\/li>\n<li>Vsebuje 4 barvno spreminjajo\u010de strani<\/li>\n<li>Brez BPA in ftalatov<\/li>\n<li>Opozorilo: Ni namenjeno za grizenje<\/li>\n<li>Nega: obri\u0161ite z vla\u017eno krpo<\/li>\n<li>Dimenzije: 17,8 cm x 17,8 cm<\/li>\n<li>Primerno za otroke 0+<\/li>\n<\/ul>\n<p>[\/vc_column_text][\/vc_column][\/vc_row]<\/p>\n","protected":false},"excerpt":{"rendered":"<p>Barvno spreminjajo\u010da kopalna knjigica Stephen Joseph je nadvse uporabna kopalna igra\u010dka, ki krepi motori\u010dne sposobnosti, domi\u0161ljijo in ustvarjalnost pri mal\u010dku. Ilustracije na knjigi, se namre\u010d \u010dude\u017eno obarvajo s pomo\u010djo vode. Ko se knjiga posu\u0161i, pa barve ponovno izginejo.<\/p>\n","protected":false},"featured_media":33751,"template":"","meta":[],"pwb-brand":[2452,2460,2663],"product_brand":[],"product_cat":[3986,2715,2362,2654,2446,2608],"product_tag":[3980],"class_list":{"0":"post-33677","1":"product","2":"type-product","3":"status-publish","4":"has-post-thumbnail","6":"pwb-brand-igranje","7":"pwb-brand-stephen-joseph-igranje","8":"pwb-brand-stephen-joseph-nega-in-kopanje","9":"product_cat-novorojencek-igrace","10":"product_cat-darilo-do-15e","11":"product_cat-igranje","12":"product_cat-kopalne-igrace","13":"product_cat-mehke-knjigice","14":"product_cat-nega-in-kopanje","15":"product_tag-stephen-joseph","17":"first","18":"instock","19":"taxable","20":"shipping-taxable","21":"purchasable","22":"product-type-simple","23":"add-to-wishlist-before_image"},"yoast_head":"<!-- This site is optimized with the Yoast SEO plugin v27.3 - https:\/\/yoast.com\/product\/yoast-seo-wordpress\/ -->\n<title>Barvno spreminjajo\u010da kopalna knjigica Stephen Joseph - Morski Pes | Ajatutaja<\/title>\n<meta name=\"description\" content=\"Barvno spreminjajo\u010da kopalna knjigica Stephen Joseph je nadvse uporabna kopalna igra\u010dka, ki krepi motori\u010dne sposobnosti, domi\u0161ljijo in ustvarjalnost pri mal\u010dku. Ilustracije na knjigi, se namre\u010d \u010dude\u017eno obarvajo s pomo\u010djo vode. Ko se knjiga posu\u0161i, pa barve ponovno izginejo.\" \/>\n<meta name=\"robots\" content=\"index, follow, max-snippet:-1, max-image-preview:large, max-video-preview:-1\" \/>\n<link rel=\"canonical\" href=\"https:\/\/ajatutaja.com\/izdelek\/barvno-spreminjajoca-kopalna-knjigica-stephen-joseph-morski-pes\/\" \/>\n<meta property=\"og:locale\" content=\"hr_HR\" \/>\n<meta property=\"og:type\" content=\"article\" \/>\n<meta property=\"og:title\" content=\"Barvno spreminjajo\u010da kopalna knjigica Stephen Joseph - Morski Pes | Ajatutaja\" \/>\n<meta property=\"og:description\" content=\"Barvno spreminjajo\u010da kopalna knjigica Stephen Joseph je nadvse uporabna kopalna igra\u010dka, ki krepi motori\u010dne sposobnosti, domi\u0161ljijo in ustvarjalnost pri mal\u010dku. Ilustracije na knjigi, se namre\u010d \u010dude\u017eno obarvajo s pomo\u010djo vode. Ko se knjiga posu\u0161i, pa barve ponovno izginejo.\" \/>\n<meta property=\"og:url\" content=\"https:\/\/ajatutaja.com\/izdelek\/barvno-spreminjajoca-kopalna-knjigica-stephen-joseph-morski-pes\/\" \/>\n<meta property=\"og:site_name\" content=\"Ajatutaja\" \/>\n<meta property=\"article:modified_time\" content=\"2026-03-27T10:52:06+00:00\" \/>\n<meta property=\"og:image\" content=\"https:\/\/ajatutaja.com\/wp-content\/uploads\/2022\/03\/Barvno-spreminjajoca-kopalna.knjigica-stephen-joseph-shark-ajatutaja-0.jpg\" \/>\n\t<meta property=\"og:image:width\" content=\"800\" \/>\n\t<meta property=\"og:image:height\" content=\"800\" \/>\n\t<meta property=\"og:image:type\" content=\"image\/jpeg\" \/>\n<meta name=\"twitter:card\" content=\"summary_large_image\" \/>\n<meta name=\"twitter:label1\" content=\"Procijenjeno vrijeme \u010ditanja\" \/>\n\t<meta name=\"twitter:data1\" content=\"1 minuta\" \/>\n<script type=\"application\/ld+json\" class=\"yoast-schema-graph\">{\"@context\":\"https:\\\/\\\/schema.org\",\"@graph\":[{\"@type\":\"WebPage\",\"@id\":\"https:\\\/\\\/ajatutaja.com\\\/izdelek\\\/barvno-spreminjajoca-kopalna-knjigica-stephen-joseph-morski-pes\\\/\",\"url\":\"https:\\\/\\\/ajatutaja.com\\\/izdelek\\\/barvno-spreminjajoca-kopalna-knjigica-stephen-joseph-morski-pes\\\/\",\"name\":\"Barvno spreminjajo\u010da kopalna knjigica Stephen Joseph - Morski Pes | Ajatutaja\",\"isPartOf\":{\"@id\":\"https:\\\/\\\/ajatutaja.com\\\/#website\"},\"primaryImageOfPage\":{\"@id\":\"https:\\\/\\\/ajatutaja.com\\\/izdelek\\\/barvno-spreminjajoca-kopalna-knjigica-stephen-joseph-morski-pes\\\/#primaryimage\"},\"image\":{\"@id\":\"https:\\\/\\\/ajatutaja.com\\\/izdelek\\\/barvno-spreminjajoca-kopalna-knjigica-stephen-joseph-morski-pes\\\/#primaryimage\"},\"thumbnailUrl\":\"https:\\\/\\\/ajatutaja.com\\\/wp-content\\\/uploads\\\/2022\\\/03\\\/Barvno-spreminjajoca-kopalna.knjigica-stephen-joseph-shark-ajatutaja-0.jpg\",\"datePublished\":\"2022-03-22T14:08:43+00:00\",\"dateModified\":\"2026-03-27T10:52:06+00:00\",\"description\":\"Barvno spreminjajo\u010da kopalna knjigica Stephen Joseph je nadvse uporabna kopalna igra\u010dka, ki krepi motori\u010dne sposobnosti, domi\u0161ljijo in ustvarjalnost pri mal\u010dku. Ilustracije na knjigi, se namre\u010d \u010dude\u017eno obarvajo s pomo\u010djo vode. Ko se knjiga posu\u0161i, pa barve ponovno izginejo.\",\"breadcrumb\":{\"@id\":\"https:\\\/\\\/ajatutaja.com\\\/izdelek\\\/barvno-spreminjajoca-kopalna-knjigica-stephen-joseph-morski-pes\\\/#breadcrumb\"},\"inLanguage\":\"hr\",\"potentialAction\":[{\"@type\":\"ReadAction\",\"target\":[\"https:\\\/\\\/ajatutaja.com\\\/izdelek\\\/barvno-spreminjajoca-kopalna-knjigica-stephen-joseph-morski-pes\\\/\"]}]},{\"@type\":\"ImageObject\",\"inLanguage\":\"hr\",\"@id\":\"https:\\\/\\\/ajatutaja.com\\\/izdelek\\\/barvno-spreminjajoca-kopalna-knjigica-stephen-joseph-morski-pes\\\/#primaryimage\",\"url\":\"https:\\\/\\\/ajatutaja.com\\\/wp-content\\\/uploads\\\/2022\\\/03\\\/Barvno-spreminjajoca-kopalna.knjigica-stephen-joseph-shark-ajatutaja-0.jpg\",\"contentUrl\":\"https:\\\/\\\/ajatutaja.com\\\/wp-content\\\/uploads\\\/2022\\\/03\\\/Barvno-spreminjajoca-kopalna.knjigica-stephen-joseph-shark-ajatutaja-0.jpg\",\"width\":800,\"height\":800},{\"@type\":\"BreadcrumbList\",\"@id\":\"https:\\\/\\\/ajatutaja.com\\\/izdelek\\\/barvno-spreminjajoca-kopalna-knjigica-stephen-joseph-morski-pes\\\/#breadcrumb\",\"itemListElement\":[{\"@type\":\"ListItem\",\"position\":1,\"name\":\"Home\",\"item\":\"https:\\\/\\\/ajatutaja.com\\\/hr\\\/\"},{\"@type\":\"ListItem\",\"position\":2,\"name\":\"Trgovina\",\"item\":\"https:\\\/\\\/ajatutaja.com\\\/hr\\\/trgovina\\\/\"},{\"@type\":\"ListItem\",\"position\":3,\"name\":\"Barvno spreminjajo\u010da kopalna knjigica Stephen Joseph &#8211; Morski Pes\"}]},{\"@type\":\"WebSite\",\"@id\":\"https:\\\/\\\/ajatutaja.com\\\/#website\",\"url\":\"https:\\\/\\\/ajatutaja.com\\\/\",\"name\":\"Ajatutaja\",\"description\":\"Otro\u0161ka spletna trgovina AJATUTAJA\",\"publisher\":{\"@id\":\"https:\\\/\\\/ajatutaja.com\\\/#organization\"},\"potentialAction\":[{\"@type\":\"SearchAction\",\"target\":{\"@type\":\"EntryPoint\",\"urlTemplate\":\"https:\\\/\\\/ajatutaja.com\\\/?s={search_term_string}\"},\"query-input\":{\"@type\":\"PropertyValueSpecification\",\"valueRequired\":true,\"valueName\":\"search_term_string\"}}],\"inLanguage\":\"hr\"},{\"@type\":\"Organization\",\"@id\":\"https:\\\/\\\/ajatutaja.com\\\/#organization\",\"name\":\"Ajatutaja\",\"url\":\"https:\\\/\\\/ajatutaja.com\\\/\",\"logo\":{\"@type\":\"ImageObject\",\"inLanguage\":\"hr\",\"@id\":\"https:\\\/\\\/ajatutaja.com\\\/#\\\/schema\\\/logo\\\/image\\\/\",\"url\":\"https:\\\/\\\/ajatutaja.com\\\/wp-content\\\/uploads\\\/2021\\\/10\\\/logo.png\",\"contentUrl\":\"https:\\\/\\\/ajatutaja.com\\\/wp-content\\\/uploads\\\/2021\\\/10\\\/logo.png\",\"width\":555,\"height\":150,\"caption\":\"Ajatutaja\"},\"image\":{\"@id\":\"https:\\\/\\\/ajatutaja.com\\\/#\\\/schema\\\/logo\\\/image\\\/\"}}]}<\/script>\n<!-- \/ Yoast SEO plugin. -->","yoast_head_json":{"title":"Barvno spreminjajo\u010da kopalna knjigica Stephen Joseph - Morski Pes | Ajatutaja","description":"Barvno spreminjajo\u010da kopalna knjigica Stephen Joseph je nadvse uporabna kopalna igra\u010dka, ki krepi motori\u010dne sposobnosti, domi\u0161ljijo in ustvarjalnost pri mal\u010dku. Ilustracije na knjigi, se namre\u010d \u010dude\u017eno obarvajo s pomo\u010djo vode. Ko se knjiga posu\u0161i, pa barve ponovno izginejo.","robots":{"index":"index","follow":"follow","max-snippet":"max-snippet:-1","max-image-preview":"max-image-preview:large","max-video-preview":"max-video-preview:-1"},"canonical":"https:\/\/ajatutaja.com\/izdelek\/barvno-spreminjajoca-kopalna-knjigica-stephen-joseph-morski-pes\/","og_locale":"hr_HR","og_type":"article","og_title":"Barvno spreminjajo\u010da kopalna knjigica Stephen Joseph - Morski Pes | Ajatutaja","og_description":"Barvno spreminjajo\u010da kopalna knjigica Stephen Joseph je nadvse uporabna kopalna igra\u010dka, ki krepi motori\u010dne sposobnosti, domi\u0161ljijo in ustvarjalnost pri mal\u010dku. Ilustracije na knjigi, se namre\u010d \u010dude\u017eno obarvajo s pomo\u010djo vode. Ko se knjiga posu\u0161i, pa barve ponovno izginejo.","og_url":"https:\/\/ajatutaja.com\/izdelek\/barvno-spreminjajoca-kopalna-knjigica-stephen-joseph-morski-pes\/","og_site_name":"Ajatutaja","article_modified_time":"2026-03-27T10:52:06+00:00","og_image":[{"width":800,"height":800,"url":"https:\/\/ajatutaja.com\/wp-content\/uploads\/2022\/03\/Barvno-spreminjajoca-kopalna.knjigica-stephen-joseph-shark-ajatutaja-0.jpg","type":"image\/jpeg"}],"twitter_card":"summary_large_image","twitter_misc":{"Procijenjeno vrijeme \u010ditanja":"1 minuta"},"schema":{"@context":"https:\/\/schema.org","@graph":[{"@type":"WebPage","@id":"https:\/\/ajatutaja.com\/izdelek\/barvno-spreminjajoca-kopalna-knjigica-stephen-joseph-morski-pes\/","url":"https:\/\/ajatutaja.com\/izdelek\/barvno-spreminjajoca-kopalna-knjigica-stephen-joseph-morski-pes\/","name":"Barvno spreminjajo\u010da kopalna knjigica Stephen Joseph - Morski Pes | Ajatutaja","isPartOf":{"@id":"https:\/\/ajatutaja.com\/#website"},"primaryImageOfPage":{"@id":"https:\/\/ajatutaja.com\/izdelek\/barvno-spreminjajoca-kopalna-knjigica-stephen-joseph-morski-pes\/#primaryimage"},"image":{"@id":"https:\/\/ajatutaja.com\/izdelek\/barvno-spreminjajoca-kopalna-knjigica-stephen-joseph-morski-pes\/#primaryimage"},"thumbnailUrl":"https:\/\/ajatutaja.com\/wp-content\/uploads\/2022\/03\/Barvno-spreminjajoca-kopalna.knjigica-stephen-joseph-shark-ajatutaja-0.jpg","datePublished":"2022-03-22T14:08:43+00:00","dateModified":"2026-03-27T10:52:06+00:00","description":"Barvno spreminjajo\u010da kopalna knjigica Stephen Joseph je nadvse uporabna kopalna igra\u010dka, ki krepi motori\u010dne sposobnosti, domi\u0161ljijo in ustvarjalnost pri mal\u010dku. Ilustracije na knjigi, se namre\u010d \u010dude\u017eno obarvajo s pomo\u010djo vode. Ko se knjiga posu\u0161i, pa barve ponovno izginejo.","breadcrumb":{"@id":"https:\/\/ajatutaja.com\/izdelek\/barvno-spreminjajoca-kopalna-knjigica-stephen-joseph-morski-pes\/#breadcrumb"},"inLanguage":"hr","potentialAction":[{"@type":"ReadAction","target":["https:\/\/ajatutaja.com\/izdelek\/barvno-spreminjajoca-kopalna-knjigica-stephen-joseph-morski-pes\/"]}]},{"@type":"ImageObject","inLanguage":"hr","@id":"https:\/\/ajatutaja.com\/izdelek\/barvno-spreminjajoca-kopalna-knjigica-stephen-joseph-morski-pes\/#primaryimage","url":"https:\/\/ajatutaja.com\/wp-content\/uploads\/2022\/03\/Barvno-spreminjajoca-kopalna.knjigica-stephen-joseph-shark-ajatutaja-0.jpg","contentUrl":"https:\/\/ajatutaja.com\/wp-content\/uploads\/2022\/03\/Barvno-spreminjajoca-kopalna.knjigica-stephen-joseph-shark-ajatutaja-0.jpg","width":800,"height":800},{"@type":"BreadcrumbList","@id":"https:\/\/ajatutaja.com\/izdelek\/barvno-spreminjajoca-kopalna-knjigica-stephen-joseph-morski-pes\/#breadcrumb","itemListElement":[{"@type":"ListItem","position":1,"name":"Home","item":"https:\/\/ajatutaja.com\/hr\/"},{"@type":"ListItem","position":2,"name":"Trgovina","item":"https:\/\/ajatutaja.com\/hr\/trgovina\/"},{"@type":"ListItem","position":3,"name":"Barvno spreminjajo\u010da kopalna knjigica Stephen Joseph &#8211; Morski Pes"}]},{"@type":"WebSite","@id":"https:\/\/ajatutaja.com\/#website","url":"https:\/\/ajatutaja.com\/","name":"Ajatutaja","description":"Otro\u0161ka spletna trgovina AJATUTAJA","publisher":{"@id":"https:\/\/ajatutaja.com\/#organization"},"potentialAction":[{"@type":"SearchAction","target":{"@type":"EntryPoint","urlTemplate":"https:\/\/ajatutaja.com\/?s={search_term_string}"},"query-input":{"@type":"PropertyValueSpecification","valueRequired":true,"valueName":"search_term_string"}}],"inLanguage":"hr"},{"@type":"Organization","@id":"https:\/\/ajatutaja.com\/#organization","name":"Ajatutaja","url":"https:\/\/ajatutaja.com\/","logo":{"@type":"ImageObject","inLanguage":"hr","@id":"https:\/\/ajatutaja.com\/#\/schema\/logo\/image\/","url":"https:\/\/ajatutaja.com\/wp-content\/uploads\/2021\/10\/logo.png","contentUrl":"https:\/\/ajatutaja.com\/wp-content\/uploads\/2021\/10\/logo.png","width":555,"height":150,"caption":"Ajatutaja"},"image":{"@id":"https:\/\/ajatutaja.com\/#\/schema\/logo\/image\/"}}]}},"brands":[{"id":2452,"name":"Igranje","slug":"igranje"},{"id":2460,"name":"Stephen Joseph","slug":"stephen-joseph-igranje"},{"id":2663,"name":"Stephen Joseph","slug":"stephen-joseph-nega-in-kopanje"}],"_links":{"self":[{"href":"https:\/\/ajatutaja.com\/hr\/wp-json\/wp\/v2\/product\/33677","targetHints":{"allow":["GET"]}}],"collection":[{"href":"https:\/\/ajatutaja.com\/hr\/wp-json\/wp\/v2\/product"}],"about":[{"href":"https:\/\/ajatutaja.com\/hr\/wp-json\/wp\/v2\/types\/product"}],"wp:featuredmedia":[{"embeddable":true,"href":"https:\/\/ajatutaja.com\/hr\/wp-json\/wp\/v2\/media\/33751"}],"wp:attachment":[{"href":"https:\/\/ajatutaja.com\/hr\/wp-json\/wp\/v2\/media?parent=33677"}],"wp:term":[{"taxonomy":"pwb-brand","embeddable":true,"href":"https:\/\/ajatutaja.com\/hr\/wp-json\/wp\/v2\/pwb-brand?post=33677"},{"taxonomy":"product_brand","embeddable":true,"href":"https:\/\/ajatutaja.com\/hr\/wp-json\/wp\/v2\/product_brand?post=33677"},{"taxonomy":"product_cat","embeddable":true,"href":"https:\/\/ajatutaja.com\/hr\/wp-json\/wp\/v2\/product_cat?post=33677"},{"taxonomy":"product_tag","embeddable":true,"href":"https:\/\/ajatutaja.com\/hr\/wp-json\/wp\/v2\/product_tag?post=33677"}],"curies":[{"name":"wp","href":"https:\/\/api.w.org\/{rel}","templated":true}]}}