{"id":33492,"date":"2022-03-13T21:04:35","date_gmt":"2022-03-13T20:04:35","guid":{"rendered":"https:\/\/ajatutaja.com\/?post_type=product&#038;p=33492"},"modified":"2026-03-12T14:55:16","modified_gmt":"2026-03-12T13:55:16","slug":"nuna-next-system-modular-i-size-baza-isofix","status":"publish","type":"product","link":"https:\/\/ajatutaja.com\/hr\/proizvod\/nuna-next-system-modular-i-size-baza-isofix\/","title":{"rendered":"Nuna NEXT system Modular i-Size baza IsoFix"},"content":{"rendered":"<p>[vc_row][vc_column][vc_column_text]Inovativen sistem Nuna NEXT SYSTEM Modular omogo\u010da uporabo ene baze od rojstva dojen\u010dka in vse do otrokovega pribli\u017eno 4. leta starosti oziroma do maksimalne te\u017ee 19 kg. Nuna\u00ae Base\u2122 Next s True lock\u2122 tehnologijo pritrditve omogo\u010da hitro, enostavno in varno uporabo v kombinaciji z Isofix sistemom. S pomo\u010djo sistema Isofix nudi mo\u017enost 13 stopenj odmika. Isofix baza z oporno nogo zagotavlja ve\u010djo varnost v primerjavi z Isofix bazami brez oporne noge za dodatno stabilnost. Cona v oporni nogi absorbira silo in zmanj\u0161a energijo na otroka. Baza ima tudi protiodbojno varnostno za\u0161\u010dito, ki otroka dodatno \u0161\u010diti v primeru trka. Baza Nuna\u00ae Next omogo\u010da vrtenje 360\u00b0 in navdu\u0161uje tudi z varnostnim zaslonom s 3 barvnimi indikatorji (indikator monta\u017ee avtosede\u017ea, indikator rotacije avtosede\u017ea, indikator prilagoditve oporne noge Isofix baze).<\/p>\n<div class=\"value\">\n<h3>Uporaba Nuna\u00ae Base\u2122 Next &#8211; IsoFix baze:<\/h3>\n<ul>\n<li>Kompatibilna z lupinicama Pipa\u2122Arra\u2122 Next, ko\u0161aro za novorojen\u010dka Cari\u2122 Next in avtosede\u017eem Todl\u2122 Next<\/li>\n<li>Priporo\u010dena uporaba od rojstva<\/li>\n<li>do 9kg v kombinaciji s Cari\u2122 Next<\/li>\n<li>do 13kg v kombinaciji s Pipa\u2122\/Arra\u2122 Next<\/li>\n<li>do 19 kg v kombinaciji s Todl\u2122 Next<\/li>\n<\/ul>\n<p><strong>Dimenzije in te\u017ea:<\/strong><\/p>\n<ul>\n<li>Dimenzije baze (dol\u017eina x \u0161irina x vi\u0161ina): 81 x 44 x 59 cm<\/li>\n<li>Te\u017ea: 3,6 kg<\/li>\n<\/ul>\n<h3>Lastnosti Nuna\u00ae Base\u2122 Next &#8211; IsoFix baza za avtosede\u017e\/ko\u0161aro za novorojen\u010dka:<\/h3>\n<ul>\n<li>Isofix baza z oporno nogo z ve\u010d mo\u017enimi pozicijami<\/li>\n<li>Vrtenje Isofix baze 360\u00b0, aktivacija z gumbom<\/li>\n<li>S pomo\u010djo sistema Isofix mo\u017enost nastavitve 13 stopenj odmika<\/li>\n<li>Omogo\u010da monta\u017eo lupinice\/ko\u0161are\/avtosede\u017ea z enim klikom<\/li>\n<li>Sestavni del modularnega sistema Nuna\u00ae Next 4v1<\/li>\n<li>En sistem, \u0161tirje mo\u017eni na\u010dini potovanja<\/li>\n<li>1 baza, zdru\u017eljiva s 3 tipi otro\u0161ke opreme (lupinico, ko\u0161aro za novorojen\u010dka, avtosede\u017eem za dojen\u010dka in mal\u010dka)<\/li>\n<li>Modularni sistem Nuna\u00ae Next zagotavlja popolno re\u0161itev iz vidika varnosti in funkcionalnosti; 1 Isofix baza, ki jo kombinirate z opremo glede na starostno obdobje otroka<\/li>\n<li>Hitra in enostavna namestitev lupinice Pipa\u2122\/Arra\u2122 Next, ko\u0161are za novorojen\u010dka Cari\u2122 Next in avtosede\u017ea Todl\u2122 Next<\/li>\n<li>Nuna\u00ae Base\u2122 Next zagotavlja ve\u010djo varnost v primerjavi z bazami brez oporne noge za dodatno stabilnost<\/li>\n<li>Nuna\u00ae Base\u2122 Next zaradi oporne noge za stabilizacijo zmanj\u0161uje mo\u017enost za prekotalitev naprej za kar 90%<\/li>\n<li>Cona v oporni nogi za dodatno stabilnost absorbira silo in zmanj\u0161a energijo na otroka<\/li>\n<li>True lock\u2122 tehnologija pritrditve\u00a0omogo\u010da\u00a0hitro, enostavno in varno\u00a0uporabo v kombinaciji z Isofix sistemom<\/li>\n<li>Barvni indikatorji na varnostnem zaslonu zmanj\u0161ujejo mo\u017enost nepravilne uporabe baze Nuna\u00ae Base\u2122 Next<\/li>\n<li>Baza s 3 barvnimi indikatorji; indikator monta\u017ee avtosede\u017ea, indikator rotacije avtosede\u017ea, indikator prilagoditve oporne noge Isofix baze<\/li>\n<li>Material: odbojna in visoko vzdr\u017eljiva plastika, ki uspe\u0161no bla\u017ei morebitne udarce in skrbi za ve\u010djo varnost otroka<\/li>\n<li>Nizka protiodbojna varnostna za\u0161\u010dita pu\u0161\u010da dovolj prostora za noge in omogo\u010da ve\u010dje udobje<\/li>\n<\/ul>\n<p><strong>Testi in certifikati:<\/strong><\/p>\n<ul>\n<li>Isofix baza za lupinico Nuna\u00ae Base\u2122 Next \u00a0je testirana po standardu ECE R12\/03<\/li>\n<li>Isofix baza za lupinico Nuna\u00ae Base\u2122 Next \u00a0dosega standarde kakovosti: ISO 14001, ISO 9001 in OHSAS 18001<\/li>\n<\/ul>\n<\/div>\n<p>[\/vc_column_text][\/vc_column][\/vc_row]<\/p>\n","protected":false},"excerpt":{"rendered":"<p style=\"text-align: justify\">Najnaprednej\u0161i modularni sistem Nuna NEXT SYSTEM omogo\u010da uporabo 1 Isofix baze za kar 4 mo\u017ene na\u010dine potovanja. To je Isofix baza z oporno nogo z ve\u010d mo\u017enimi pozicijami, ki omogo\u010da vrtenje Isofix baze 360\u00b0in aktivacijo z gumbom.<\/p>\n<p style=\"text-align: justify\">Ta izjemna in vrtljiva Isofix baza Nuna\u00ae Base\u2122 Next, namre\u010d omogo\u010da monta\u017eo lupinice Nuna\u00ae Pipa\u2122 Next ali lupinice Nuna\u00ae Arra\u2122 Next, ko\u0161are za novorojen\u010dka Nuna\u00ae Cari\u2122 Next in avtosede\u017ea za dojen\u010dke in mal\u010dke Nuna\u00ae Todl\u2122 Next.<\/p>\n","protected":false},"featured_media":33495,"template":"","meta":[],"pwb-brand":[2351,2354],"product_brand":[],"product_cat":[2339,2349,4476],"product_tag":[4240,4242,4243,4881,4253,4882],"class_list":{"0":"post-33492","1":"product","2":"type-product","3":"status-publish","4":"has-post-thumbnail","6":"pwb-brand-avtosedezi","7":"pwb-brand-nuna","8":"product_cat-avtosedezi","9":"product_cat-dodatna-oprema","10":"product_cat-vrtljivi-avtosedezi","11":"product_tag-nuna","12":"product_tag-nuna-arra","13":"product_tag-nuna-avtosedezi","14":"product_tag-nuna-modular","15":"product_tag-nuna-pipa","16":"product_tag-nuna-todl","18":"first","19":"instock","20":"taxable","21":"shipping-taxable","22":"purchasable","23":"product-type-simple","24":"add-to-wishlist-before_image"},"yoast_head":"<!-- This site is optimized with the Yoast SEO plugin v27.3 - https:\/\/yoast.com\/product\/yoast-seo-wordpress\/ -->\n<title>Nuna NEXT system Modular i-Size baza IsoFix | Ajatutaja<\/title>\n<meta name=\"description\" content=\"Izjemna Isofix baza Nuna\u00ae Base\u2122 Next omogo\u010da monta\u017eo lupinice Nuna\u00ae Pipa\u2122 Next ali lupinice Nuna\u00ae Arra\u2122 Next, ko\u0161are za novorojen\u010dka Nuna\u00ae Cari\u2122 Next in avtosede\u017ea za dojen\u010dke in mal\u010dke Nuna\u00ae Todl\u2122 Next.\" \/>\n<meta name=\"robots\" content=\"index, follow, max-snippet:-1, max-image-preview:large, max-video-preview:-1\" \/>\n<link rel=\"canonical\" href=\"https:\/\/ajatutaja.com\/izdelek\/nuna-next-system-modular-i-size-baza-isofix\/\" \/>\n<meta property=\"og:locale\" content=\"hr_HR\" \/>\n<meta property=\"og:type\" content=\"article\" \/>\n<meta property=\"og:title\" content=\"Nuna NEXT system Modular i-Size baza IsoFix | Ajatutaja\" \/>\n<meta property=\"og:description\" content=\"Izjemna Isofix baza Nuna\u00ae Base\u2122 Next omogo\u010da monta\u017eo lupinice Nuna\u00ae Pipa\u2122 Next ali lupinice Nuna\u00ae Arra\u2122 Next, ko\u0161are za novorojen\u010dka Nuna\u00ae Cari\u2122 Next in avtosede\u017ea za dojen\u010dke in mal\u010dke Nuna\u00ae Todl\u2122 Next.\" \/>\n<meta property=\"og:url\" content=\"https:\/\/ajatutaja.com\/izdelek\/nuna-next-system-modular-i-size-baza-isofix\/\" \/>\n<meta property=\"og:site_name\" content=\"Ajatutaja\" \/>\n<meta property=\"article:modified_time\" content=\"2026-03-12T13:55:16+00:00\" \/>\n<meta property=\"og:image\" content=\"https:\/\/ajatutaja.com\/wp-content\/uploads\/2022\/03\/sofix-baza-next-za-modularni-set-nuna-ajatutaja-1.jpeg\" \/>\n\t<meta property=\"og:image:width\" content=\"800\" \/>\n\t<meta property=\"og:image:height\" content=\"800\" \/>\n\t<meta property=\"og:image:type\" content=\"image\/jpeg\" \/>\n<meta name=\"twitter:card\" content=\"summary_large_image\" \/>\n<meta name=\"twitter:label1\" content=\"Procijenjeno vrijeme \u010ditanja\" \/>\n\t<meta name=\"twitter:data1\" content=\"3 minute\" \/>\n<script type=\"application\/ld+json\" class=\"yoast-schema-graph\">{\"@context\":\"https:\\\/\\\/schema.org\",\"@graph\":[{\"@type\":\"WebPage\",\"@id\":\"https:\\\/\\\/ajatutaja.com\\\/izdelek\\\/nuna-next-system-modular-i-size-baza-isofix\\\/\",\"url\":\"https:\\\/\\\/ajatutaja.com\\\/izdelek\\\/nuna-next-system-modular-i-size-baza-isofix\\\/\",\"name\":\"Nuna NEXT system Modular i-Size baza IsoFix | Ajatutaja\",\"isPartOf\":{\"@id\":\"https:\\\/\\\/ajatutaja.com\\\/#website\"},\"primaryImageOfPage\":{\"@id\":\"https:\\\/\\\/ajatutaja.com\\\/izdelek\\\/nuna-next-system-modular-i-size-baza-isofix\\\/#primaryimage\"},\"image\":{\"@id\":\"https:\\\/\\\/ajatutaja.com\\\/izdelek\\\/nuna-next-system-modular-i-size-baza-isofix\\\/#primaryimage\"},\"thumbnailUrl\":\"https:\\\/\\\/ajatutaja.com\\\/wp-content\\\/uploads\\\/2022\\\/03\\\/sofix-baza-next-za-modularni-set-nuna-ajatutaja-1.jpeg\",\"datePublished\":\"2022-03-13T20:04:35+00:00\",\"dateModified\":\"2026-03-12T13:55:16+00:00\",\"description\":\"Izjemna Isofix baza Nuna\u00ae Base\u2122 Next omogo\u010da monta\u017eo lupinice Nuna\u00ae Pipa\u2122 Next ali lupinice Nuna\u00ae Arra\u2122 Next, ko\u0161are za novorojen\u010dka Nuna\u00ae Cari\u2122 Next in avtosede\u017ea za dojen\u010dke in mal\u010dke Nuna\u00ae Todl\u2122 Next.\",\"breadcrumb\":{\"@id\":\"https:\\\/\\\/ajatutaja.com\\\/izdelek\\\/nuna-next-system-modular-i-size-baza-isofix\\\/#breadcrumb\"},\"inLanguage\":\"hr\",\"potentialAction\":[{\"@type\":\"ReadAction\",\"target\":[\"https:\\\/\\\/ajatutaja.com\\\/izdelek\\\/nuna-next-system-modular-i-size-baza-isofix\\\/\"]}]},{\"@type\":\"ImageObject\",\"inLanguage\":\"hr\",\"@id\":\"https:\\\/\\\/ajatutaja.com\\\/izdelek\\\/nuna-next-system-modular-i-size-baza-isofix\\\/#primaryimage\",\"url\":\"https:\\\/\\\/ajatutaja.com\\\/wp-content\\\/uploads\\\/2022\\\/03\\\/sofix-baza-next-za-modularni-set-nuna-ajatutaja-1.jpeg\",\"contentUrl\":\"https:\\\/\\\/ajatutaja.com\\\/wp-content\\\/uploads\\\/2022\\\/03\\\/sofix-baza-next-za-modularni-set-nuna-ajatutaja-1.jpeg\",\"width\":800,\"height\":800},{\"@type\":\"BreadcrumbList\",\"@id\":\"https:\\\/\\\/ajatutaja.com\\\/izdelek\\\/nuna-next-system-modular-i-size-baza-isofix\\\/#breadcrumb\",\"itemListElement\":[{\"@type\":\"ListItem\",\"position\":1,\"name\":\"Home\",\"item\":\"https:\\\/\\\/ajatutaja.com\\\/hr\\\/\"},{\"@type\":\"ListItem\",\"position\":2,\"name\":\"Trgovina\",\"item\":\"https:\\\/\\\/ajatutaja.com\\\/hr\\\/trgovina\\\/\"},{\"@type\":\"ListItem\",\"position\":3,\"name\":\"Nuna NEXT system Modular i-Size baza IsoFix\"}]},{\"@type\":\"WebSite\",\"@id\":\"https:\\\/\\\/ajatutaja.com\\\/#website\",\"url\":\"https:\\\/\\\/ajatutaja.com\\\/\",\"name\":\"Ajatutaja\",\"description\":\"Otro\u0161ka spletna trgovina AJATUTAJA\",\"publisher\":{\"@id\":\"https:\\\/\\\/ajatutaja.com\\\/#organization\"},\"potentialAction\":[{\"@type\":\"SearchAction\",\"target\":{\"@type\":\"EntryPoint\",\"urlTemplate\":\"https:\\\/\\\/ajatutaja.com\\\/?s={search_term_string}\"},\"query-input\":{\"@type\":\"PropertyValueSpecification\",\"valueRequired\":true,\"valueName\":\"search_term_string\"}}],\"inLanguage\":\"hr\"},{\"@type\":\"Organization\",\"@id\":\"https:\\\/\\\/ajatutaja.com\\\/#organization\",\"name\":\"Ajatutaja\",\"url\":\"https:\\\/\\\/ajatutaja.com\\\/\",\"logo\":{\"@type\":\"ImageObject\",\"inLanguage\":\"hr\",\"@id\":\"https:\\\/\\\/ajatutaja.com\\\/#\\\/schema\\\/logo\\\/image\\\/\",\"url\":\"https:\\\/\\\/ajatutaja.com\\\/wp-content\\\/uploads\\\/2021\\\/10\\\/logo.png\",\"contentUrl\":\"https:\\\/\\\/ajatutaja.com\\\/wp-content\\\/uploads\\\/2021\\\/10\\\/logo.png\",\"width\":555,\"height\":150,\"caption\":\"Ajatutaja\"},\"image\":{\"@id\":\"https:\\\/\\\/ajatutaja.com\\\/#\\\/schema\\\/logo\\\/image\\\/\"}}]}<\/script>\n<!-- \/ Yoast SEO plugin. -->","yoast_head_json":{"title":"Nuna NEXT system Modular i-Size baza IsoFix | Ajatutaja","description":"Izjemna Isofix baza Nuna\u00ae Base\u2122 Next omogo\u010da monta\u017eo lupinice Nuna\u00ae Pipa\u2122 Next ali lupinice Nuna\u00ae Arra\u2122 Next, ko\u0161are za novorojen\u010dka Nuna\u00ae Cari\u2122 Next in avtosede\u017ea za dojen\u010dke in mal\u010dke Nuna\u00ae Todl\u2122 Next.","robots":{"index":"index","follow":"follow","max-snippet":"max-snippet:-1","max-image-preview":"max-image-preview:large","max-video-preview":"max-video-preview:-1"},"canonical":"https:\/\/ajatutaja.com\/izdelek\/nuna-next-system-modular-i-size-baza-isofix\/","og_locale":"hr_HR","og_type":"article","og_title":"Nuna NEXT system Modular i-Size baza IsoFix | Ajatutaja","og_description":"Izjemna Isofix baza Nuna\u00ae Base\u2122 Next omogo\u010da monta\u017eo lupinice Nuna\u00ae Pipa\u2122 Next ali lupinice Nuna\u00ae Arra\u2122 Next, ko\u0161are za novorojen\u010dka Nuna\u00ae Cari\u2122 Next in avtosede\u017ea za dojen\u010dke in mal\u010dke Nuna\u00ae Todl\u2122 Next.","og_url":"https:\/\/ajatutaja.com\/izdelek\/nuna-next-system-modular-i-size-baza-isofix\/","og_site_name":"Ajatutaja","article_modified_time":"2026-03-12T13:55:16+00:00","og_image":[{"width":800,"height":800,"url":"https:\/\/ajatutaja.com\/wp-content\/uploads\/2022\/03\/sofix-baza-next-za-modularni-set-nuna-ajatutaja-1.jpeg","type":"image\/jpeg"}],"twitter_card":"summary_large_image","twitter_misc":{"Procijenjeno vrijeme \u010ditanja":"3 minute"},"schema":{"@context":"https:\/\/schema.org","@graph":[{"@type":"WebPage","@id":"https:\/\/ajatutaja.com\/izdelek\/nuna-next-system-modular-i-size-baza-isofix\/","url":"https:\/\/ajatutaja.com\/izdelek\/nuna-next-system-modular-i-size-baza-isofix\/","name":"Nuna NEXT system Modular i-Size baza IsoFix | Ajatutaja","isPartOf":{"@id":"https:\/\/ajatutaja.com\/#website"},"primaryImageOfPage":{"@id":"https:\/\/ajatutaja.com\/izdelek\/nuna-next-system-modular-i-size-baza-isofix\/#primaryimage"},"image":{"@id":"https:\/\/ajatutaja.com\/izdelek\/nuna-next-system-modular-i-size-baza-isofix\/#primaryimage"},"thumbnailUrl":"https:\/\/ajatutaja.com\/wp-content\/uploads\/2022\/03\/sofix-baza-next-za-modularni-set-nuna-ajatutaja-1.jpeg","datePublished":"2022-03-13T20:04:35+00:00","dateModified":"2026-03-12T13:55:16+00:00","description":"Izjemna Isofix baza Nuna\u00ae Base\u2122 Next omogo\u010da monta\u017eo lupinice Nuna\u00ae Pipa\u2122 Next ali lupinice Nuna\u00ae Arra\u2122 Next, ko\u0161are za novorojen\u010dka Nuna\u00ae Cari\u2122 Next in avtosede\u017ea za dojen\u010dke in mal\u010dke Nuna\u00ae Todl\u2122 Next.","breadcrumb":{"@id":"https:\/\/ajatutaja.com\/izdelek\/nuna-next-system-modular-i-size-baza-isofix\/#breadcrumb"},"inLanguage":"hr","potentialAction":[{"@type":"ReadAction","target":["https:\/\/ajatutaja.com\/izdelek\/nuna-next-system-modular-i-size-baza-isofix\/"]}]},{"@type":"ImageObject","inLanguage":"hr","@id":"https:\/\/ajatutaja.com\/izdelek\/nuna-next-system-modular-i-size-baza-isofix\/#primaryimage","url":"https:\/\/ajatutaja.com\/wp-content\/uploads\/2022\/03\/sofix-baza-next-za-modularni-set-nuna-ajatutaja-1.jpeg","contentUrl":"https:\/\/ajatutaja.com\/wp-content\/uploads\/2022\/03\/sofix-baza-next-za-modularni-set-nuna-ajatutaja-1.jpeg","width":800,"height":800},{"@type":"BreadcrumbList","@id":"https:\/\/ajatutaja.com\/izdelek\/nuna-next-system-modular-i-size-baza-isofix\/#breadcrumb","itemListElement":[{"@type":"ListItem","position":1,"name":"Home","item":"https:\/\/ajatutaja.com\/hr\/"},{"@type":"ListItem","position":2,"name":"Trgovina","item":"https:\/\/ajatutaja.com\/hr\/trgovina\/"},{"@type":"ListItem","position":3,"name":"Nuna NEXT system Modular i-Size baza IsoFix"}]},{"@type":"WebSite","@id":"https:\/\/ajatutaja.com\/#website","url":"https:\/\/ajatutaja.com\/","name":"Ajatutaja","description":"Otro\u0161ka spletna trgovina AJATUTAJA","publisher":{"@id":"https:\/\/ajatutaja.com\/#organization"},"potentialAction":[{"@type":"SearchAction","target":{"@type":"EntryPoint","urlTemplate":"https:\/\/ajatutaja.com\/?s={search_term_string}"},"query-input":{"@type":"PropertyValueSpecification","valueRequired":true,"valueName":"search_term_string"}}],"inLanguage":"hr"},{"@type":"Organization","@id":"https:\/\/ajatutaja.com\/#organization","name":"Ajatutaja","url":"https:\/\/ajatutaja.com\/","logo":{"@type":"ImageObject","inLanguage":"hr","@id":"https:\/\/ajatutaja.com\/#\/schema\/logo\/image\/","url":"https:\/\/ajatutaja.com\/wp-content\/uploads\/2021\/10\/logo.png","contentUrl":"https:\/\/ajatutaja.com\/wp-content\/uploads\/2021\/10\/logo.png","width":555,"height":150,"caption":"Ajatutaja"},"image":{"@id":"https:\/\/ajatutaja.com\/#\/schema\/logo\/image\/"}}]}},"brands":[{"id":2351,"name":"Avtosede\u017ei","slug":"avtosedezi"},{"id":2354,"name":"Nuna","slug":"nuna"}],"_links":{"self":[{"href":"https:\/\/ajatutaja.com\/hr\/wp-json\/wp\/v2\/product\/33492","targetHints":{"allow":["GET"]}}],"collection":[{"href":"https:\/\/ajatutaja.com\/hr\/wp-json\/wp\/v2\/product"}],"about":[{"href":"https:\/\/ajatutaja.com\/hr\/wp-json\/wp\/v2\/types\/product"}],"wp:featuredmedia":[{"embeddable":true,"href":"https:\/\/ajatutaja.com\/hr\/wp-json\/wp\/v2\/media\/33495"}],"wp:attachment":[{"href":"https:\/\/ajatutaja.com\/hr\/wp-json\/wp\/v2\/media?parent=33492"}],"wp:term":[{"taxonomy":"pwb-brand","embeddable":true,"href":"https:\/\/ajatutaja.com\/hr\/wp-json\/wp\/v2\/pwb-brand?post=33492"},{"taxonomy":"product_brand","embeddable":true,"href":"https:\/\/ajatutaja.com\/hr\/wp-json\/wp\/v2\/product_brand?post=33492"},{"taxonomy":"product_cat","embeddable":true,"href":"https:\/\/ajatutaja.com\/hr\/wp-json\/wp\/v2\/product_cat?post=33492"},{"taxonomy":"product_tag","embeddable":true,"href":"https:\/\/ajatutaja.com\/hr\/wp-json\/wp\/v2\/product_tag?post=33492"}],"curies":[{"name":"wp","href":"https:\/\/api.w.org\/{rel}","templated":true}]}}