{"id":33275,"date":"2024-04-26T21:03:12","date_gmt":"2024-04-26T19:03:12","guid":{"rendered":"https:\/\/ajatutaja.com\/?post_type=product&#038;p=33275"},"modified":"2026-04-19T09:32:42","modified_gmt":"2026-04-19T07:32:42","slug":"kompaktni-vozicek-mast-m-2x","status":"publish","type":"product","link":"https:\/\/ajatutaja.com\/hr\/proizvod\/kompaktni-vozicek-mast-m-2x\/","title":{"rendered":"Kompaktni vozi\u010dek MAST M2 &#8211; Lion"},"content":{"rendered":"<p>[vc_row][vc_column][vc_column_text]<\/p>\n<div id=\"tab-description\" class=\"accordion-content woocommerce-Tabs-panel woocommerce-Tabs-panel--description panel entry-content wc-tab\" role=\"tabpanel\" aria-labelledby=\"tab-title-description\" data-tab-content=\"\" aria-hidden=\"false\">\n<div class=\"vc_row wpb_row vc_row-fluid\">\n<div class=\"wpb_column vc_column_container vc_col-sm-12\">\n<div class=\"vc_column-inner\">\n<div class=\"wpb_wrapper\">\n<div class=\"wpb_text_column wpb_content_element \">\n<div class=\"wpb_wrapper\">\n<h3>Lastnosti otro\u0161kega vozi\u010dka MAST M2 (2024):<\/h3>\n<ul>\n<li>Vozi\u010dek Mast M2 se enoro\u010dno odpre in zlo\u017ei z enim samim gibom, zlo\u017een pa stoji brez opore<\/li>\n<li>4 vzmetena kolesa za vse terene<\/li>\n<li>Udoben oblazinjen sede\u017e s 3 stopnjami naklona<\/li>\n<li>Podalj\u0161ana strehica z zra\u010dnim kukalom in mre\u017eastim delom za bolj\u0161i pretok zraka<\/li>\n<li>Nastavitev naklona sede\u017ea od 100\u00b0 do 170\u00b0<\/li>\n<li>Za otroke od rojstva do 22kg<\/li>\n<li>Tehta le 6.9 kg<\/li>\n<li>Lahek okvir je izdelan iz aluminija, vzmetenje na vseh kolesih vozi\u010dka M2 pa zagotavlja optimalno vo\u017enjo<\/li>\n<li>Vozi\u010dek M2 je izdelan v skladu s certifikatom EN 1888-2.<\/li>\n<\/ul>\n<p>Lahki otro\u0161ki vozi\u010dki pogosto obljubljajo enoro\u010dno zlaganje in odpiranje v enem koraku, MAST pa to naredi zares enostavno \u2013 tudi z dojen\u010dkom v naro\u010dju. Vzmetenje na vseh kolesih z amortizerji omogo\u010da, da z lahkoto premagate vse ovire. Krogli\u010dasti le\u017eaji zagotavljajo izjemno teko\u010do in enakomerno vo\u017enjo na vseh podlagah.<\/p>\n<p>Otro\u0161ki vozi\u010dek MAST M2 omogo\u010da nastavitev naklona sede\u017ea iz le\u017ee\u010dega v pokon\u010dni polo\u017eaj. Spodbuja pravilno dr\u017eo otroka med sedenjem in omogo\u010da, da mal\u010dek udobno span\u010dka, ko je sede\u017e spu\u0161\u010den. Naslonjalo za noge je nastavljivo in se tako maksimalno prilagaja va\u0161emu otroku. Podalj\u0161ana strehica ima mre\u017easto odprtino za prezra\u010devanje in raztegljivo za\u0161\u010dito pred soncem, kar omogo\u010da varno uporabo vozi\u010dka tudi poleti in prepre\u010duje pregretje otroka.<\/p>\n<h3>Lastnosti kompaktnega vozi\u010dka MAST M2:<\/h3>\n<ul>\n<li>\u0160vicarski design, kvalitetna izdelava<\/li>\n<li>Enostavna uporaba in izredna vodljivost vozi\u010dka<\/li>\n<li>Usnjeni ro\u010daj in ostali vrhunski materiali<\/li>\n<li>Lahek okvir je izdelan iz aluminija, vzmetenje na vseh kolesih vozi\u010dka M2, pa zagotavlja optimalno vo\u017enjo<\/li>\n<li>Enoro\u010dno odpiranje in zlaganje v enem samem koraku<\/li>\n<li>Velika nakupovalna ko\u0161ara z nosilnostjo 5kg<\/li>\n<li>Nastavitev naklona sede\u017ea iz le\u017ee\u010dega v pokon\u010dni polo\u017eaj<\/li>\n<li>Podalj\u0161ana strehica z zra\u010dniki za bolj\u0161i pretok zraka<\/li>\n<li>Trpe\u017ena tkanina z za\u0161\u010dito pred UV \u017earki z ZF 50+<\/li>\n<li>Ve\u010dja kolesa s krogli\u010dnimi le\u017eaji (prednja 15cm, zadnja 18cm)<\/li>\n<li>Nastavitev naklona opore nog z eno roko<\/li>\n<li>Mehanizem za 3 stopenjski naklon sede\u017ea<\/li>\n<li>Odstranljivo varovalo za otroka<\/li>\n<li>Mo\u017enost namestitve avtosede\u017ea\/lupinice s pomo\u010djo adapterjev, ki se kupijo lo\u010deno<\/li>\n<li>Za otroke do 22kg<\/li>\n<li>Garancija: 2 leti<\/li>\n<li>Certificiran po regulativi EN 1888-2<\/li>\n<\/ul>\n<h4>Tehni\u010dne lastnosti vozi\u010dka MAST M2:<\/h4>\n<p><strong>Dimenzije odprtega vozi\u010dka:<\/strong>\u00a0 Vi\u0161ina: 104 cm \/ Dol\u017eina: 49 cm \/\u00a0 \u0160irina: 40 cm<br \/>\n<strong>Dimenzije zlo\u017eenega vozi\u010dka:<\/strong> Vi\u0161ina: 54 cm \/ Dol\u017eina: 49 cm \/\u00a0 \u0160irina: 24 cm<br \/>\n<strong>Te\u017ea vozi\u010dka:<\/strong> 6.9 kg<br \/>\n<strong>Nosilnost vozi\u010dka:<\/strong> 22 kg<\/p>\n<h4>Mo\u017enost namestitve dodatne opreme, ki se kupi lo\u010deno:<\/h4>\n<ul>\n<li>Potovalna torba Mast M2<\/li>\n<li>Adapterje za avtosede\u017e MAST\u00a0 M2<\/li>\n<li>Zimska vre\u010da Mast M2<\/li>\n<li>De\u017ena prevleka Mast M2<\/li>\n<li>Komarnik Mast M2<\/li>\n<\/ul>\n<\/div>\n<\/div>\n<\/div>\n<\/div>\n<\/div>\n<\/div>\n<\/div>\n<p>[\/vc_column_text][\/vc_column][\/vc_row]<\/p>\n","protected":false},"excerpt":{"rendered":"<p>Otro\u0161ki vozi\u010dek MAST M2 je novost leta 2024 in zdru\u017euje najbolj\u0161e lastnosti vozi\u010dkov v svoji kategoriji kompaktnih potovalnih vozi\u010dkov.<\/p>\n<p>Vozi\u010dek marela MAST M2 je dovolj majhen in lahek, da je nadvse primeren tudi za potovanja. Zlaganje in odpiranje vozi\u010dka je preprosto, z uporabo ene roke. Z nosilnostjo 22kg, zelo dolgo strehico in vzmetenjem na vseh 4 kolesih, vas zagotovo ne bo razo\u010daral! Obenem pa ima dovolj velika kolesa, da je vozen tudi po najzahtevnej\u0161ih terenih.<\/p>\n","protected":false},"featured_media":64356,"template":"","meta":[],"pwb-brand":[2380,2374],"product_brand":[],"product_cat":[3975,2367,2361,2360,2399],"product_tag":[4225,4226],"class_list":{"0":"post-33275","1":"product","2":"type-product","3":"status-publish","4":"has-post-thumbnail","6":"pwb-brand-mast","7":"pwb-brand-vozicki","8":"product_cat-akcija","9":"product_cat-lahki-marela-vozicki","10":"product_cat-potepanje","11":"product_cat-vozicki","12":"product_cat-vozicki-marele","13":"product_tag-mast","14":"product_tag-vozicek-mast-m2","16":"first","17":"instock","18":"sale","19":"taxable","20":"shipping-taxable","21":"purchasable","22":"product-type-simple","23":"add-to-wishlist-before_image"},"yoast_head":"<!-- This site is optimized with the Yoast SEO plugin v27.3 - https:\/\/yoast.com\/product\/yoast-seo-wordpress\/ -->\n<title>Kompaktni vozi\u010dek MAST M2 - Lion | Ajatutaja<\/title>\n<meta name=\"description\" content=\"Novi MAST m2 otro\u0161ki vozi\u010dek zdru\u017euje vse funkcionalnosti za maksimalno varnost ter udobje va\u0161ega mal\u010dka \u017ee od rojstva dalje. Te\u017eek 6.9 kg in je primeren za vo\u017enjo po vseh terenih.\" \/>\n<meta name=\"robots\" content=\"index, follow, max-snippet:-1, max-image-preview:large, max-video-preview:-1\" \/>\n<link rel=\"canonical\" href=\"https:\/\/ajatutaja.com\/izdelek\/kompaktni-vozicek-mast-m-2x\/\" \/>\n<meta property=\"og:locale\" content=\"hr_HR\" \/>\n<meta property=\"og:type\" content=\"article\" \/>\n<meta property=\"og:title\" content=\"Kompaktni vozi\u010dek MAST M2 - Lion | Ajatutaja\" \/>\n<meta property=\"og:description\" content=\"Novi MAST m2 otro\u0161ki vozi\u010dek zdru\u017euje vse funkcionalnosti za maksimalno varnost ter udobje va\u0161ega mal\u010dka \u017ee od rojstva dalje. Te\u017eek 6.9 kg in je primeren za vo\u017enjo po vseh terenih.\" \/>\n<meta property=\"og:url\" content=\"https:\/\/ajatutaja.com\/izdelek\/kompaktni-vozicek-mast-m-2x\/\" \/>\n<meta property=\"og:site_name\" content=\"Ajatutaja\" \/>\n<meta property=\"article:modified_time\" content=\"2026-04-19T07:32:42+00:00\" \/>\n<meta property=\"og:image\" content=\"https:\/\/ajatutaja.com\/wp-content\/uploads\/2024\/05\/M2-Lion.png\" \/>\n\t<meta property=\"og:image:width\" content=\"1080\" \/>\n\t<meta property=\"og:image:height\" content=\"1080\" \/>\n\t<meta property=\"og:image:type\" content=\"image\/png\" \/>\n<meta name=\"twitter:card\" content=\"summary_large_image\" \/>\n<meta name=\"twitter:label1\" content=\"Procijenjeno vrijeme \u010ditanja\" \/>\n\t<meta name=\"twitter:data1\" content=\"2 minute\" \/>\n<script type=\"application\/ld+json\" class=\"yoast-schema-graph\">{\"@context\":\"https:\\\/\\\/schema.org\",\"@graph\":[{\"@type\":\"WebPage\",\"@id\":\"https:\\\/\\\/ajatutaja.com\\\/izdelek\\\/kompaktni-vozicek-mast-m-2x\\\/\",\"url\":\"https:\\\/\\\/ajatutaja.com\\\/izdelek\\\/kompaktni-vozicek-mast-m-2x\\\/\",\"name\":\"Kompaktni vozi\u010dek MAST M2 - Lion | Ajatutaja\",\"isPartOf\":{\"@id\":\"https:\\\/\\\/ajatutaja.com\\\/#website\"},\"primaryImageOfPage\":{\"@id\":\"https:\\\/\\\/ajatutaja.com\\\/izdelek\\\/kompaktni-vozicek-mast-m-2x\\\/#primaryimage\"},\"image\":{\"@id\":\"https:\\\/\\\/ajatutaja.com\\\/izdelek\\\/kompaktni-vozicek-mast-m-2x\\\/#primaryimage\"},\"thumbnailUrl\":\"https:\\\/\\\/ajatutaja.com\\\/wp-content\\\/uploads\\\/2024\\\/05\\\/M2-Lion.png\",\"datePublished\":\"2024-04-26T19:03:12+00:00\",\"dateModified\":\"2026-04-19T07:32:42+00:00\",\"description\":\"Novi MAST m2 otro\u0161ki vozi\u010dek zdru\u017euje vse funkcionalnosti za maksimalno varnost ter udobje va\u0161ega mal\u010dka \u017ee od rojstva dalje. Te\u017eek 6.9 kg in je primeren za vo\u017enjo po vseh terenih.\",\"breadcrumb\":{\"@id\":\"https:\\\/\\\/ajatutaja.com\\\/izdelek\\\/kompaktni-vozicek-mast-m-2x\\\/#breadcrumb\"},\"inLanguage\":\"hr\",\"potentialAction\":[{\"@type\":\"ReadAction\",\"target\":[\"https:\\\/\\\/ajatutaja.com\\\/izdelek\\\/kompaktni-vozicek-mast-m-2x\\\/\"]}]},{\"@type\":\"ImageObject\",\"inLanguage\":\"hr\",\"@id\":\"https:\\\/\\\/ajatutaja.com\\\/izdelek\\\/kompaktni-vozicek-mast-m-2x\\\/#primaryimage\",\"url\":\"https:\\\/\\\/ajatutaja.com\\\/wp-content\\\/uploads\\\/2024\\\/05\\\/M2-Lion.png\",\"contentUrl\":\"https:\\\/\\\/ajatutaja.com\\\/wp-content\\\/uploads\\\/2024\\\/05\\\/M2-Lion.png\",\"width\":1080,\"height\":1080},{\"@type\":\"BreadcrumbList\",\"@id\":\"https:\\\/\\\/ajatutaja.com\\\/izdelek\\\/kompaktni-vozicek-mast-m-2x\\\/#breadcrumb\",\"itemListElement\":[{\"@type\":\"ListItem\",\"position\":1,\"name\":\"Home\",\"item\":\"https:\\\/\\\/ajatutaja.com\\\/hr\\\/\"},{\"@type\":\"ListItem\",\"position\":2,\"name\":\"Trgovina\",\"item\":\"https:\\\/\\\/ajatutaja.com\\\/hr\\\/trgovina\\\/\"},{\"@type\":\"ListItem\",\"position\":3,\"name\":\"Kompaktni vozi\u010dek MAST M2 &#8211; Lion\"}]},{\"@type\":\"WebSite\",\"@id\":\"https:\\\/\\\/ajatutaja.com\\\/#website\",\"url\":\"https:\\\/\\\/ajatutaja.com\\\/\",\"name\":\"Ajatutaja\",\"description\":\"Otro\u0161ka spletna trgovina AJATUTAJA\",\"publisher\":{\"@id\":\"https:\\\/\\\/ajatutaja.com\\\/#organization\"},\"potentialAction\":[{\"@type\":\"SearchAction\",\"target\":{\"@type\":\"EntryPoint\",\"urlTemplate\":\"https:\\\/\\\/ajatutaja.com\\\/?s={search_term_string}\"},\"query-input\":{\"@type\":\"PropertyValueSpecification\",\"valueRequired\":true,\"valueName\":\"search_term_string\"}}],\"inLanguage\":\"hr\"},{\"@type\":\"Organization\",\"@id\":\"https:\\\/\\\/ajatutaja.com\\\/#organization\",\"name\":\"Ajatutaja\",\"url\":\"https:\\\/\\\/ajatutaja.com\\\/\",\"logo\":{\"@type\":\"ImageObject\",\"inLanguage\":\"hr\",\"@id\":\"https:\\\/\\\/ajatutaja.com\\\/#\\\/schema\\\/logo\\\/image\\\/\",\"url\":\"https:\\\/\\\/ajatutaja.com\\\/wp-content\\\/uploads\\\/2021\\\/10\\\/logo.png\",\"contentUrl\":\"https:\\\/\\\/ajatutaja.com\\\/wp-content\\\/uploads\\\/2021\\\/10\\\/logo.png\",\"width\":555,\"height\":150,\"caption\":\"Ajatutaja\"},\"image\":{\"@id\":\"https:\\\/\\\/ajatutaja.com\\\/#\\\/schema\\\/logo\\\/image\\\/\"}}]}<\/script>\n<!-- \/ Yoast SEO plugin. -->","yoast_head_json":{"title":"Kompaktni vozi\u010dek MAST M2 - Lion | Ajatutaja","description":"Novi MAST m2 otro\u0161ki vozi\u010dek zdru\u017euje vse funkcionalnosti za maksimalno varnost ter udobje va\u0161ega mal\u010dka \u017ee od rojstva dalje. Te\u017eek 6.9 kg in je primeren za vo\u017enjo po vseh terenih.","robots":{"index":"index","follow":"follow","max-snippet":"max-snippet:-1","max-image-preview":"max-image-preview:large","max-video-preview":"max-video-preview:-1"},"canonical":"https:\/\/ajatutaja.com\/izdelek\/kompaktni-vozicek-mast-m-2x\/","og_locale":"hr_HR","og_type":"article","og_title":"Kompaktni vozi\u010dek MAST M2 - Lion | Ajatutaja","og_description":"Novi MAST m2 otro\u0161ki vozi\u010dek zdru\u017euje vse funkcionalnosti za maksimalno varnost ter udobje va\u0161ega mal\u010dka \u017ee od rojstva dalje. Te\u017eek 6.9 kg in je primeren za vo\u017enjo po vseh terenih.","og_url":"https:\/\/ajatutaja.com\/izdelek\/kompaktni-vozicek-mast-m-2x\/","og_site_name":"Ajatutaja","article_modified_time":"2026-04-19T07:32:42+00:00","og_image":[{"width":1080,"height":1080,"url":"https:\/\/ajatutaja.com\/wp-content\/uploads\/2024\/05\/M2-Lion.png","type":"image\/png"}],"twitter_card":"summary_large_image","twitter_misc":{"Procijenjeno vrijeme \u010ditanja":"2 minute"},"schema":{"@context":"https:\/\/schema.org","@graph":[{"@type":"WebPage","@id":"https:\/\/ajatutaja.com\/izdelek\/kompaktni-vozicek-mast-m-2x\/","url":"https:\/\/ajatutaja.com\/izdelek\/kompaktni-vozicek-mast-m-2x\/","name":"Kompaktni vozi\u010dek MAST M2 - Lion | Ajatutaja","isPartOf":{"@id":"https:\/\/ajatutaja.com\/#website"},"primaryImageOfPage":{"@id":"https:\/\/ajatutaja.com\/izdelek\/kompaktni-vozicek-mast-m-2x\/#primaryimage"},"image":{"@id":"https:\/\/ajatutaja.com\/izdelek\/kompaktni-vozicek-mast-m-2x\/#primaryimage"},"thumbnailUrl":"https:\/\/ajatutaja.com\/wp-content\/uploads\/2024\/05\/M2-Lion.png","datePublished":"2024-04-26T19:03:12+00:00","dateModified":"2026-04-19T07:32:42+00:00","description":"Novi MAST m2 otro\u0161ki vozi\u010dek zdru\u017euje vse funkcionalnosti za maksimalno varnost ter udobje va\u0161ega mal\u010dka \u017ee od rojstva dalje. Te\u017eek 6.9 kg in je primeren za vo\u017enjo po vseh terenih.","breadcrumb":{"@id":"https:\/\/ajatutaja.com\/izdelek\/kompaktni-vozicek-mast-m-2x\/#breadcrumb"},"inLanguage":"hr","potentialAction":[{"@type":"ReadAction","target":["https:\/\/ajatutaja.com\/izdelek\/kompaktni-vozicek-mast-m-2x\/"]}]},{"@type":"ImageObject","inLanguage":"hr","@id":"https:\/\/ajatutaja.com\/izdelek\/kompaktni-vozicek-mast-m-2x\/#primaryimage","url":"https:\/\/ajatutaja.com\/wp-content\/uploads\/2024\/05\/M2-Lion.png","contentUrl":"https:\/\/ajatutaja.com\/wp-content\/uploads\/2024\/05\/M2-Lion.png","width":1080,"height":1080},{"@type":"BreadcrumbList","@id":"https:\/\/ajatutaja.com\/izdelek\/kompaktni-vozicek-mast-m-2x\/#breadcrumb","itemListElement":[{"@type":"ListItem","position":1,"name":"Home","item":"https:\/\/ajatutaja.com\/hr\/"},{"@type":"ListItem","position":2,"name":"Trgovina","item":"https:\/\/ajatutaja.com\/hr\/trgovina\/"},{"@type":"ListItem","position":3,"name":"Kompaktni vozi\u010dek MAST M2 &#8211; Lion"}]},{"@type":"WebSite","@id":"https:\/\/ajatutaja.com\/#website","url":"https:\/\/ajatutaja.com\/","name":"Ajatutaja","description":"Otro\u0161ka spletna trgovina AJATUTAJA","publisher":{"@id":"https:\/\/ajatutaja.com\/#organization"},"potentialAction":[{"@type":"SearchAction","target":{"@type":"EntryPoint","urlTemplate":"https:\/\/ajatutaja.com\/?s={search_term_string}"},"query-input":{"@type":"PropertyValueSpecification","valueRequired":true,"valueName":"search_term_string"}}],"inLanguage":"hr"},{"@type":"Organization","@id":"https:\/\/ajatutaja.com\/#organization","name":"Ajatutaja","url":"https:\/\/ajatutaja.com\/","logo":{"@type":"ImageObject","inLanguage":"hr","@id":"https:\/\/ajatutaja.com\/#\/schema\/logo\/image\/","url":"https:\/\/ajatutaja.com\/wp-content\/uploads\/2021\/10\/logo.png","contentUrl":"https:\/\/ajatutaja.com\/wp-content\/uploads\/2021\/10\/logo.png","width":555,"height":150,"caption":"Ajatutaja"},"image":{"@id":"https:\/\/ajatutaja.com\/#\/schema\/logo\/image\/"}}]}},"brands":[{"id":2380,"name":"Mast","slug":"mast"},{"id":2374,"name":"Vozi\u010dki","slug":"vozicki"}],"_links":{"self":[{"href":"https:\/\/ajatutaja.com\/hr\/wp-json\/wp\/v2\/product\/33275","targetHints":{"allow":["GET"]}}],"collection":[{"href":"https:\/\/ajatutaja.com\/hr\/wp-json\/wp\/v2\/product"}],"about":[{"href":"https:\/\/ajatutaja.com\/hr\/wp-json\/wp\/v2\/types\/product"}],"wp:featuredmedia":[{"embeddable":true,"href":"https:\/\/ajatutaja.com\/hr\/wp-json\/wp\/v2\/media\/64356"}],"wp:attachment":[{"href":"https:\/\/ajatutaja.com\/hr\/wp-json\/wp\/v2\/media?parent=33275"}],"wp:term":[{"taxonomy":"pwb-brand","embeddable":true,"href":"https:\/\/ajatutaja.com\/hr\/wp-json\/wp\/v2\/pwb-brand?post=33275"},{"taxonomy":"product_brand","embeddable":true,"href":"https:\/\/ajatutaja.com\/hr\/wp-json\/wp\/v2\/product_brand?post=33275"},{"taxonomy":"product_cat","embeddable":true,"href":"https:\/\/ajatutaja.com\/hr\/wp-json\/wp\/v2\/product_cat?post=33275"},{"taxonomy":"product_tag","embeddable":true,"href":"https:\/\/ajatutaja.com\/hr\/wp-json\/wp\/v2\/product_tag?post=33275"}],"curies":[{"name":"wp","href":"https:\/\/api.w.org\/{rel}","templated":true}]}}