{"id":32255,"date":"2022-02-26T20:10:35","date_gmt":"2022-02-26T19:10:35","guid":{"rendered":"https:\/\/ajatutaja.com\/?post_type=product&#038;p=32255"},"modified":"2026-04-08T16:25:59","modified_gmt":"2026-04-08T14:25:59","slug":"mehka-puncka-little-dutch-m-35cm-julija","status":"publish","type":"product","link":"https:\/\/ajatutaja.com\/hr\/proizvod\/mehka-puncka-little-dutch-m-35cm-julija\/","title":{"rendered":"Mehka pun\u010dka Little Dutch (M) 35cm &#8211; Julija"},"content":{"rendered":"<p>[vc_row][vc_column][vc_column_text]<\/p>\n<h3>Lastnosti mehke pun\u010dke Little Dutch:<\/h3>\n<ul>\n<li>Lutka je izdelana iz 100% poliestra pli\u0161a<\/li>\n<li>Mehka pun\u010dka z imenom Julija<\/li>\n<li>Polnilo iz 100% poliestra<\/li>\n<li>Slikano z otrokom prijazno barvo<\/li>\n<li>Starost: 0m+<\/li>\n<li>Vi\u0161ina: 35 cm<\/li>\n<li>Pralno v pralnem stroju na 30\u00b0C<\/li>\n<\/ul>\n<p>Little Dutch izdeluje brez\u010dasne igra\u010de visoke kakovosti, z elegantnimi barvami, odtisi in ilustracijami. Vsi izdelki so skladni z evropskimi direktivami in se proizvajajo brez dela otrok in na dru\u017ebeno odgovoren na\u010din.[\/vc_column_text][\/vc_column][\/vc_row]<\/p>\n","protected":false},"excerpt":{"rendered":"<p>Spoznajte ljubko in zlatolaso pun\u010dko Julijo proizvajalca Little Dutch. Mehka pun\u010dka Julija se lahko usede in se rada pelje v lesenem vozi\u010dku za pun\u010dke.<\/p>\n","protected":false},"featured_media":87933,"template":"","meta":[],"pwb-brand":[2452,2457],"product_brand":[],"product_cat":[3986,2716,2713,2362,2448],"product_tag":[4002,4831],"class_list":{"0":"post-32255","1":"product","2":"type-product","3":"status-publish","4":"has-post-thumbnail","6":"pwb-brand-igranje","7":"pwb-brand-little-dutch-igra","8":"product_cat-novorojencek-igrace","9":"product_cat-darilo-do-30e","10":"product_cat-darilo-za-deklico","11":"product_cat-igranje","12":"product_cat-igranje-vlog","13":"product_tag-little-dutch","14":"product_tag-mehke-puncke","16":"first","17":"instock","18":"taxable","19":"shipping-taxable","20":"purchasable","21":"product-type-simple","22":"add-to-wishlist-before_image"},"yoast_head":"<!-- This site is optimized with the Yoast SEO plugin v27.3 - https:\/\/yoast.com\/product\/yoast-seo-wordpress\/ -->\n<title>Mehka pun\u010dka Little Dutch (M) 35cm - Julija | Ajatutaja<\/title>\n<meta name=\"description\" content=\"Spoznajte zlatolaso pun\u010dko Julijo blagovne znamke Little Dutch. Mehka pun\u010dka Julija se lahko usede in se rada pelje v lesenem vozi\u010dku za pun\u010dke.\" \/>\n<meta name=\"robots\" content=\"index, follow, max-snippet:-1, max-image-preview:large, max-video-preview:-1\" \/>\n<link rel=\"canonical\" href=\"https:\/\/ajatutaja.com\/izdelek\/mehka-puncka-little-dutch-m-35cm-julija\/\" \/>\n<meta property=\"og:locale\" content=\"hr_HR\" \/>\n<meta property=\"og:type\" content=\"article\" \/>\n<meta property=\"og:title\" content=\"Mehka pun\u010dka Little Dutch (M) 35cm - Julija | Ajatutaja\" \/>\n<meta property=\"og:description\" content=\"Spoznajte zlatolaso pun\u010dko Julijo blagovne znamke Little Dutch. Mehka pun\u010dka Julija se lahko usede in se rada pelje v lesenem vozi\u010dku za pun\u010dke.\" \/>\n<meta property=\"og:url\" content=\"https:\/\/ajatutaja.com\/izdelek\/mehka-puncka-little-dutch-m-35cm-julija\/\" \/>\n<meta property=\"og:site_name\" content=\"Ajatutaja\" \/>\n<meta property=\"article:modified_time\" content=\"2026-04-08T14:25:59+00:00\" \/>\n<meta property=\"og:image\" content=\"https:\/\/ajatutaja.com\/wp-content\/uploads\/2022\/02\/Mehka-puncka-julija-little-dutch-1.webp\" \/>\n\t<meta property=\"og:image:width\" content=\"2048\" \/>\n\t<meta property=\"og:image:height\" content=\"2048\" \/>\n\t<meta property=\"og:image:type\" content=\"image\/webp\" \/>\n<meta name=\"twitter:card\" content=\"summary_large_image\" \/>\n<meta name=\"twitter:label1\" content=\"Procijenjeno vrijeme \u010ditanja\" \/>\n\t<meta name=\"twitter:data1\" content=\"1 minuta\" \/>\n<script type=\"application\/ld+json\" class=\"yoast-schema-graph\">{\"@context\":\"https:\\\/\\\/schema.org\",\"@graph\":[{\"@type\":\"WebPage\",\"@id\":\"https:\\\/\\\/ajatutaja.com\\\/izdelek\\\/mehka-puncka-little-dutch-m-35cm-julija\\\/\",\"url\":\"https:\\\/\\\/ajatutaja.com\\\/izdelek\\\/mehka-puncka-little-dutch-m-35cm-julija\\\/\",\"name\":\"Mehka pun\u010dka Little Dutch (M) 35cm - Julija | Ajatutaja\",\"isPartOf\":{\"@id\":\"https:\\\/\\\/ajatutaja.com\\\/#website\"},\"primaryImageOfPage\":{\"@id\":\"https:\\\/\\\/ajatutaja.com\\\/izdelek\\\/mehka-puncka-little-dutch-m-35cm-julija\\\/#primaryimage\"},\"image\":{\"@id\":\"https:\\\/\\\/ajatutaja.com\\\/izdelek\\\/mehka-puncka-little-dutch-m-35cm-julija\\\/#primaryimage\"},\"thumbnailUrl\":\"https:\\\/\\\/ajatutaja.com\\\/wp-content\\\/uploads\\\/2022\\\/02\\\/Mehka-puncka-julija-little-dutch-1.webp\",\"datePublished\":\"2022-02-26T19:10:35+00:00\",\"dateModified\":\"2026-04-08T14:25:59+00:00\",\"description\":\"Spoznajte zlatolaso pun\u010dko Julijo blagovne znamke Little Dutch. Mehka pun\u010dka Julija se lahko usede in se rada pelje v lesenem vozi\u010dku za pun\u010dke.\",\"breadcrumb\":{\"@id\":\"https:\\\/\\\/ajatutaja.com\\\/izdelek\\\/mehka-puncka-little-dutch-m-35cm-julija\\\/#breadcrumb\"},\"inLanguage\":\"hr\",\"potentialAction\":[{\"@type\":\"ReadAction\",\"target\":[\"https:\\\/\\\/ajatutaja.com\\\/izdelek\\\/mehka-puncka-little-dutch-m-35cm-julija\\\/\"]}]},{\"@type\":\"ImageObject\",\"inLanguage\":\"hr\",\"@id\":\"https:\\\/\\\/ajatutaja.com\\\/izdelek\\\/mehka-puncka-little-dutch-m-35cm-julija\\\/#primaryimage\",\"url\":\"https:\\\/\\\/ajatutaja.com\\\/wp-content\\\/uploads\\\/2022\\\/02\\\/Mehka-puncka-julija-little-dutch-1.webp\",\"contentUrl\":\"https:\\\/\\\/ajatutaja.com\\\/wp-content\\\/uploads\\\/2022\\\/02\\\/Mehka-puncka-julija-little-dutch-1.webp\",\"width\":2048,\"height\":2048},{\"@type\":\"BreadcrumbList\",\"@id\":\"https:\\\/\\\/ajatutaja.com\\\/izdelek\\\/mehka-puncka-little-dutch-m-35cm-julija\\\/#breadcrumb\",\"itemListElement\":[{\"@type\":\"ListItem\",\"position\":1,\"name\":\"Home\",\"item\":\"https:\\\/\\\/ajatutaja.com\\\/hr\\\/\"},{\"@type\":\"ListItem\",\"position\":2,\"name\":\"Trgovina\",\"item\":\"https:\\\/\\\/ajatutaja.com\\\/hr\\\/trgovina\\\/\"},{\"@type\":\"ListItem\",\"position\":3,\"name\":\"Mehka pun\u010dka Little Dutch (M) 35cm &#8211; Julija\"}]},{\"@type\":\"WebSite\",\"@id\":\"https:\\\/\\\/ajatutaja.com\\\/#website\",\"url\":\"https:\\\/\\\/ajatutaja.com\\\/\",\"name\":\"Ajatutaja\",\"description\":\"Otro\u0161ka spletna trgovina AJATUTAJA\",\"publisher\":{\"@id\":\"https:\\\/\\\/ajatutaja.com\\\/#organization\"},\"potentialAction\":[{\"@type\":\"SearchAction\",\"target\":{\"@type\":\"EntryPoint\",\"urlTemplate\":\"https:\\\/\\\/ajatutaja.com\\\/?s={search_term_string}\"},\"query-input\":{\"@type\":\"PropertyValueSpecification\",\"valueRequired\":true,\"valueName\":\"search_term_string\"}}],\"inLanguage\":\"hr\"},{\"@type\":\"Organization\",\"@id\":\"https:\\\/\\\/ajatutaja.com\\\/#organization\",\"name\":\"Ajatutaja\",\"url\":\"https:\\\/\\\/ajatutaja.com\\\/\",\"logo\":{\"@type\":\"ImageObject\",\"inLanguage\":\"hr\",\"@id\":\"https:\\\/\\\/ajatutaja.com\\\/#\\\/schema\\\/logo\\\/image\\\/\",\"url\":\"https:\\\/\\\/ajatutaja.com\\\/wp-content\\\/uploads\\\/2021\\\/10\\\/logo.png\",\"contentUrl\":\"https:\\\/\\\/ajatutaja.com\\\/wp-content\\\/uploads\\\/2021\\\/10\\\/logo.png\",\"width\":555,\"height\":150,\"caption\":\"Ajatutaja\"},\"image\":{\"@id\":\"https:\\\/\\\/ajatutaja.com\\\/#\\\/schema\\\/logo\\\/image\\\/\"}}]}<\/script>\n<!-- \/ Yoast SEO plugin. -->","yoast_head_json":{"title":"Mehka pun\u010dka Little Dutch (M) 35cm - Julija | Ajatutaja","description":"Spoznajte zlatolaso pun\u010dko Julijo blagovne znamke Little Dutch. Mehka pun\u010dka Julija se lahko usede in se rada pelje v lesenem vozi\u010dku za pun\u010dke.","robots":{"index":"index","follow":"follow","max-snippet":"max-snippet:-1","max-image-preview":"max-image-preview:large","max-video-preview":"max-video-preview:-1"},"canonical":"https:\/\/ajatutaja.com\/izdelek\/mehka-puncka-little-dutch-m-35cm-julija\/","og_locale":"hr_HR","og_type":"article","og_title":"Mehka pun\u010dka Little Dutch (M) 35cm - Julija | Ajatutaja","og_description":"Spoznajte zlatolaso pun\u010dko Julijo blagovne znamke Little Dutch. Mehka pun\u010dka Julija se lahko usede in se rada pelje v lesenem vozi\u010dku za pun\u010dke.","og_url":"https:\/\/ajatutaja.com\/izdelek\/mehka-puncka-little-dutch-m-35cm-julija\/","og_site_name":"Ajatutaja","article_modified_time":"2026-04-08T14:25:59+00:00","og_image":[{"width":2048,"height":2048,"url":"https:\/\/ajatutaja.com\/wp-content\/uploads\/2022\/02\/Mehka-puncka-julija-little-dutch-1.webp","type":"image\/webp"}],"twitter_card":"summary_large_image","twitter_misc":{"Procijenjeno vrijeme \u010ditanja":"1 minuta"},"schema":{"@context":"https:\/\/schema.org","@graph":[{"@type":"WebPage","@id":"https:\/\/ajatutaja.com\/izdelek\/mehka-puncka-little-dutch-m-35cm-julija\/","url":"https:\/\/ajatutaja.com\/izdelek\/mehka-puncka-little-dutch-m-35cm-julija\/","name":"Mehka pun\u010dka Little Dutch (M) 35cm - Julija | Ajatutaja","isPartOf":{"@id":"https:\/\/ajatutaja.com\/#website"},"primaryImageOfPage":{"@id":"https:\/\/ajatutaja.com\/izdelek\/mehka-puncka-little-dutch-m-35cm-julija\/#primaryimage"},"image":{"@id":"https:\/\/ajatutaja.com\/izdelek\/mehka-puncka-little-dutch-m-35cm-julija\/#primaryimage"},"thumbnailUrl":"https:\/\/ajatutaja.com\/wp-content\/uploads\/2022\/02\/Mehka-puncka-julija-little-dutch-1.webp","datePublished":"2022-02-26T19:10:35+00:00","dateModified":"2026-04-08T14:25:59+00:00","description":"Spoznajte zlatolaso pun\u010dko Julijo blagovne znamke Little Dutch. Mehka pun\u010dka Julija se lahko usede in se rada pelje v lesenem vozi\u010dku za pun\u010dke.","breadcrumb":{"@id":"https:\/\/ajatutaja.com\/izdelek\/mehka-puncka-little-dutch-m-35cm-julija\/#breadcrumb"},"inLanguage":"hr","potentialAction":[{"@type":"ReadAction","target":["https:\/\/ajatutaja.com\/izdelek\/mehka-puncka-little-dutch-m-35cm-julija\/"]}]},{"@type":"ImageObject","inLanguage":"hr","@id":"https:\/\/ajatutaja.com\/izdelek\/mehka-puncka-little-dutch-m-35cm-julija\/#primaryimage","url":"https:\/\/ajatutaja.com\/wp-content\/uploads\/2022\/02\/Mehka-puncka-julija-little-dutch-1.webp","contentUrl":"https:\/\/ajatutaja.com\/wp-content\/uploads\/2022\/02\/Mehka-puncka-julija-little-dutch-1.webp","width":2048,"height":2048},{"@type":"BreadcrumbList","@id":"https:\/\/ajatutaja.com\/izdelek\/mehka-puncka-little-dutch-m-35cm-julija\/#breadcrumb","itemListElement":[{"@type":"ListItem","position":1,"name":"Home","item":"https:\/\/ajatutaja.com\/hr\/"},{"@type":"ListItem","position":2,"name":"Trgovina","item":"https:\/\/ajatutaja.com\/hr\/trgovina\/"},{"@type":"ListItem","position":3,"name":"Mehka pun\u010dka Little Dutch (M) 35cm &#8211; Julija"}]},{"@type":"WebSite","@id":"https:\/\/ajatutaja.com\/#website","url":"https:\/\/ajatutaja.com\/","name":"Ajatutaja","description":"Otro\u0161ka spletna trgovina AJATUTAJA","publisher":{"@id":"https:\/\/ajatutaja.com\/#organization"},"potentialAction":[{"@type":"SearchAction","target":{"@type":"EntryPoint","urlTemplate":"https:\/\/ajatutaja.com\/?s={search_term_string}"},"query-input":{"@type":"PropertyValueSpecification","valueRequired":true,"valueName":"search_term_string"}}],"inLanguage":"hr"},{"@type":"Organization","@id":"https:\/\/ajatutaja.com\/#organization","name":"Ajatutaja","url":"https:\/\/ajatutaja.com\/","logo":{"@type":"ImageObject","inLanguage":"hr","@id":"https:\/\/ajatutaja.com\/#\/schema\/logo\/image\/","url":"https:\/\/ajatutaja.com\/wp-content\/uploads\/2021\/10\/logo.png","contentUrl":"https:\/\/ajatutaja.com\/wp-content\/uploads\/2021\/10\/logo.png","width":555,"height":150,"caption":"Ajatutaja"},"image":{"@id":"https:\/\/ajatutaja.com\/#\/schema\/logo\/image\/"}}]}},"brands":[{"id":2452,"name":"Igranje","slug":"igranje"},{"id":2457,"name":"Little Dutch","slug":"little-dutch-igra"}],"_links":{"self":[{"href":"https:\/\/ajatutaja.com\/hr\/wp-json\/wp\/v2\/product\/32255","targetHints":{"allow":["GET"]}}],"collection":[{"href":"https:\/\/ajatutaja.com\/hr\/wp-json\/wp\/v2\/product"}],"about":[{"href":"https:\/\/ajatutaja.com\/hr\/wp-json\/wp\/v2\/types\/product"}],"wp:featuredmedia":[{"embeddable":true,"href":"https:\/\/ajatutaja.com\/hr\/wp-json\/wp\/v2\/media\/87933"}],"wp:attachment":[{"href":"https:\/\/ajatutaja.com\/hr\/wp-json\/wp\/v2\/media?parent=32255"}],"wp:term":[{"taxonomy":"pwb-brand","embeddable":true,"href":"https:\/\/ajatutaja.com\/hr\/wp-json\/wp\/v2\/pwb-brand?post=32255"},{"taxonomy":"product_brand","embeddable":true,"href":"https:\/\/ajatutaja.com\/hr\/wp-json\/wp\/v2\/product_brand?post=32255"},{"taxonomy":"product_cat","embeddable":true,"href":"https:\/\/ajatutaja.com\/hr\/wp-json\/wp\/v2\/product_cat?post=32255"},{"taxonomy":"product_tag","embeddable":true,"href":"https:\/\/ajatutaja.com\/hr\/wp-json\/wp\/v2\/product_tag?post=32255"}],"curies":[{"name":"wp","href":"https:\/\/api.w.org\/{rel}","templated":true}]}}