{"id":31216,"date":"2022-02-13T17:32:11","date_gmt":"2022-02-13T16:32:11","guid":{"rendered":"https:\/\/ajatutaja.com\/?post_type=product&#038;p=31216"},"modified":"2025-07-15T11:59:24","modified_gmt":"2025-07-15T09:59:24","slug":"uppababy-vista-prevleka-za-rocaj-iz-usnja","status":"publish","type":"product","link":"https:\/\/ajatutaja.com\/hr\/proizvod\/uppababy-vista-prevleka-za-rocaj-iz-usnja\/","title":{"rendered":"UPPAbaby VISTA prevleka za ro\u010daj iz usnja"},"content":{"rendered":"<p>[vc_row][vc_column][vc_column_text][\/vc_column_text][\/vc_column][\/vc_row]<\/p>\n","protected":false},"excerpt":{"rendered":"<p>Prevleka iz usnja za ro\u010daj vozi\u010dka UPPAbaby VISTA je na voljo v 2 barvah. Prevleka je izdelana iz vrhunskega reliefnega usnja brez\u010dasnega videza, s katerega boste zlahka obrisali razlite pija\u010de in drugo umazanijo.<\/p>\n","protected":false},"featured_media":31217,"template":"","meta":[],"pwb-brand":[2381,2374],"product_brand":[],"product_cat":[2370,2360],"product_tag":[4499,4287,4500],"class_list":{"0":"post-31216","1":"product","2":"type-product","3":"status-publish","4":"has-post-thumbnail","6":"pwb-brand-uppababy-vozicki","7":"pwb-brand-vozicki","8":"product_cat-dodatna-oprema-vozicki","9":"product_cat-vozicki","10":"product_tag-cruz","11":"product_tag-uppababy","12":"product_tag-vista-v2","14":"first","15":"onbackorder","16":"taxable","17":"shipping-taxable","18":"purchasable","19":"product-type-variable","20":"add-to-wishlist-before_image"},"yoast_head":"<!-- This site is optimized with the Yoast SEO plugin v27.6 - https:\/\/yoast.com\/product\/yoast-seo-wordpress\/ -->\n<title>UPPAbaby VISTA prevleka za ro\u010daj iz usnja | Ajatutaja<\/title>\n<meta name=\"description\" content=\"Prevleka iz usnja za ro\u010daj vozi\u010dka UPPAbaby VISTA.\" \/>\n<meta name=\"robots\" content=\"index, follow, max-snippet:-1, max-image-preview:large, max-video-preview:-1\" \/>\n<link rel=\"canonical\" href=\"https:\/\/ajatutaja.com\/izdelek\/uppababy-vista-prevleka-za-rocaj-iz-usnja\/\" \/>\n<meta property=\"og:locale\" content=\"hr_HR\" \/>\n<meta property=\"og:type\" content=\"article\" \/>\n<meta property=\"og:title\" content=\"UPPAbaby VISTA prevleka za ro\u010daj iz usnja | Ajatutaja\" \/>\n<meta property=\"og:description\" content=\"Prevleka iz usnja za ro\u010daj vozi\u010dka UPPAbaby VISTA.\" \/>\n<meta property=\"og:url\" content=\"https:\/\/ajatutaja.com\/izdelek\/uppababy-vista-prevleka-za-rocaj-iz-usnja\/\" \/>\n<meta property=\"og:site_name\" content=\"Ajatutaja\" \/>\n<meta property=\"article:modified_time\" content=\"2025-07-15T09:59:24+00:00\" \/>\n<meta property=\"og:image\" content=\"https:\/\/ajatutaja.com\/wp-content\/uploads\/2022\/02\/VISTA-LeatherHandle_Saddle.jpg\" \/>\n\t<meta property=\"og:image:width\" content=\"900\" \/>\n\t<meta property=\"og:image:height\" content=\"900\" \/>\n\t<meta property=\"og:image:type\" content=\"image\/jpeg\" \/>\n<meta name=\"twitter:card\" content=\"summary_large_image\" \/>\n<meta name=\"twitter:label1\" content=\"Procijenjeno vrijeme \u010ditanja\" \/>\n\t<meta name=\"twitter:data1\" content=\"1 minuta\" \/>\n<script type=\"application\/ld+json\" class=\"yoast-schema-graph\">{\"@context\":\"https:\\\/\\\/schema.org\",\"@graph\":[{\"@type\":\"WebPage\",\"@id\":\"https:\\\/\\\/ajatutaja.com\\\/izdelek\\\/uppababy-vista-prevleka-za-rocaj-iz-usnja\\\/\",\"url\":\"https:\\\/\\\/ajatutaja.com\\\/izdelek\\\/uppababy-vista-prevleka-za-rocaj-iz-usnja\\\/\",\"name\":\"UPPAbaby VISTA prevleka za ro\u010daj iz usnja | Ajatutaja\",\"isPartOf\":{\"@id\":\"https:\\\/\\\/ajatutaja.com\\\/#website\"},\"primaryImageOfPage\":{\"@id\":\"https:\\\/\\\/ajatutaja.com\\\/izdelek\\\/uppababy-vista-prevleka-za-rocaj-iz-usnja\\\/#primaryimage\"},\"image\":{\"@id\":\"https:\\\/\\\/ajatutaja.com\\\/izdelek\\\/uppababy-vista-prevleka-za-rocaj-iz-usnja\\\/#primaryimage\"},\"thumbnailUrl\":\"https:\\\/\\\/ajatutaja.com\\\/wp-content\\\/uploads\\\/2022\\\/02\\\/VISTA-LeatherHandle_Saddle.jpg\",\"datePublished\":\"2022-02-13T16:32:11+00:00\",\"dateModified\":\"2025-07-15T09:59:24+00:00\",\"description\":\"Prevleka iz usnja za ro\u010daj vozi\u010dka UPPAbaby VISTA.\",\"breadcrumb\":{\"@id\":\"https:\\\/\\\/ajatutaja.com\\\/izdelek\\\/uppababy-vista-prevleka-za-rocaj-iz-usnja\\\/#breadcrumb\"},\"inLanguage\":\"hr\",\"potentialAction\":[{\"@type\":\"ReadAction\",\"target\":[\"https:\\\/\\\/ajatutaja.com\\\/izdelek\\\/uppababy-vista-prevleka-za-rocaj-iz-usnja\\\/\"]}]},{\"@type\":\"ImageObject\",\"inLanguage\":\"hr\",\"@id\":\"https:\\\/\\\/ajatutaja.com\\\/izdelek\\\/uppababy-vista-prevleka-za-rocaj-iz-usnja\\\/#primaryimage\",\"url\":\"https:\\\/\\\/ajatutaja.com\\\/wp-content\\\/uploads\\\/2022\\\/02\\\/VISTA-LeatherHandle_Saddle.jpg\",\"contentUrl\":\"https:\\\/\\\/ajatutaja.com\\\/wp-content\\\/uploads\\\/2022\\\/02\\\/VISTA-LeatherHandle_Saddle.jpg\",\"width\":900,\"height\":900},{\"@type\":\"BreadcrumbList\",\"@id\":\"https:\\\/\\\/ajatutaja.com\\\/izdelek\\\/uppababy-vista-prevleka-za-rocaj-iz-usnja\\\/#breadcrumb\",\"itemListElement\":[{\"@type\":\"ListItem\",\"position\":1,\"name\":\"Home\",\"item\":\"https:\\\/\\\/ajatutaja.com\\\/hr\\\/\"},{\"@type\":\"ListItem\",\"position\":2,\"name\":\"Trgovina\",\"item\":\"https:\\\/\\\/ajatutaja.com\\\/hr\\\/trgovina\\\/\"},{\"@type\":\"ListItem\",\"position\":3,\"name\":\"UPPAbaby VISTA prevleka za ro\u010daj iz usnja\"}]},{\"@type\":\"WebSite\",\"@id\":\"https:\\\/\\\/ajatutaja.com\\\/#website\",\"url\":\"https:\\\/\\\/ajatutaja.com\\\/\",\"name\":\"Ajatutaja\",\"description\":\"Otro\u0161ka spletna trgovina AJATUTAJA\",\"publisher\":{\"@id\":\"https:\\\/\\\/ajatutaja.com\\\/#organization\"},\"potentialAction\":[{\"@type\":\"SearchAction\",\"target\":{\"@type\":\"EntryPoint\",\"urlTemplate\":\"https:\\\/\\\/ajatutaja.com\\\/?s={search_term_string}\"},\"query-input\":{\"@type\":\"PropertyValueSpecification\",\"valueRequired\":true,\"valueName\":\"search_term_string\"}}],\"inLanguage\":\"hr\"},{\"@type\":\"Organization\",\"@id\":\"https:\\\/\\\/ajatutaja.com\\\/#organization\",\"name\":\"Ajatutaja\",\"url\":\"https:\\\/\\\/ajatutaja.com\\\/\",\"logo\":{\"@type\":\"ImageObject\",\"inLanguage\":\"hr\",\"@id\":\"https:\\\/\\\/ajatutaja.com\\\/#\\\/schema\\\/logo\\\/image\\\/\",\"url\":\"https:\\\/\\\/ajatutaja.com\\\/wp-content\\\/uploads\\\/2021\\\/10\\\/logo.png\",\"contentUrl\":\"https:\\\/\\\/ajatutaja.com\\\/wp-content\\\/uploads\\\/2021\\\/10\\\/logo.png\",\"width\":555,\"height\":150,\"caption\":\"Ajatutaja\"},\"image\":{\"@id\":\"https:\\\/\\\/ajatutaja.com\\\/#\\\/schema\\\/logo\\\/image\\\/\"}}]}<\/script>\n<!-- \/ Yoast SEO plugin. -->","yoast_head_json":{"title":"UPPAbaby VISTA prevleka za ro\u010daj iz usnja | Ajatutaja","description":"Prevleka iz usnja za ro\u010daj vozi\u010dka UPPAbaby VISTA.","robots":{"index":"index","follow":"follow","max-snippet":"max-snippet:-1","max-image-preview":"max-image-preview:large","max-video-preview":"max-video-preview:-1"},"canonical":"https:\/\/ajatutaja.com\/izdelek\/uppababy-vista-prevleka-za-rocaj-iz-usnja\/","og_locale":"hr_HR","og_type":"article","og_title":"UPPAbaby VISTA prevleka za ro\u010daj iz usnja | Ajatutaja","og_description":"Prevleka iz usnja za ro\u010daj vozi\u010dka UPPAbaby VISTA.","og_url":"https:\/\/ajatutaja.com\/izdelek\/uppababy-vista-prevleka-za-rocaj-iz-usnja\/","og_site_name":"Ajatutaja","article_modified_time":"2025-07-15T09:59:24+00:00","og_image":[{"width":900,"height":900,"url":"https:\/\/ajatutaja.com\/wp-content\/uploads\/2022\/02\/VISTA-LeatherHandle_Saddle.jpg","type":"image\/jpeg"}],"twitter_card":"summary_large_image","twitter_misc":{"Procijenjeno vrijeme \u010ditanja":"1 minuta"},"schema":{"@context":"https:\/\/schema.org","@graph":[{"@type":"WebPage","@id":"https:\/\/ajatutaja.com\/izdelek\/uppababy-vista-prevleka-za-rocaj-iz-usnja\/","url":"https:\/\/ajatutaja.com\/izdelek\/uppababy-vista-prevleka-za-rocaj-iz-usnja\/","name":"UPPAbaby VISTA prevleka za ro\u010daj iz usnja | Ajatutaja","isPartOf":{"@id":"https:\/\/ajatutaja.com\/#website"},"primaryImageOfPage":{"@id":"https:\/\/ajatutaja.com\/izdelek\/uppababy-vista-prevleka-za-rocaj-iz-usnja\/#primaryimage"},"image":{"@id":"https:\/\/ajatutaja.com\/izdelek\/uppababy-vista-prevleka-za-rocaj-iz-usnja\/#primaryimage"},"thumbnailUrl":"https:\/\/ajatutaja.com\/wp-content\/uploads\/2022\/02\/VISTA-LeatherHandle_Saddle.jpg","datePublished":"2022-02-13T16:32:11+00:00","dateModified":"2025-07-15T09:59:24+00:00","description":"Prevleka iz usnja za ro\u010daj vozi\u010dka UPPAbaby VISTA.","breadcrumb":{"@id":"https:\/\/ajatutaja.com\/izdelek\/uppababy-vista-prevleka-za-rocaj-iz-usnja\/#breadcrumb"},"inLanguage":"hr","potentialAction":[{"@type":"ReadAction","target":["https:\/\/ajatutaja.com\/izdelek\/uppababy-vista-prevleka-za-rocaj-iz-usnja\/"]}]},{"@type":"ImageObject","inLanguage":"hr","@id":"https:\/\/ajatutaja.com\/izdelek\/uppababy-vista-prevleka-za-rocaj-iz-usnja\/#primaryimage","url":"https:\/\/ajatutaja.com\/wp-content\/uploads\/2022\/02\/VISTA-LeatherHandle_Saddle.jpg","contentUrl":"https:\/\/ajatutaja.com\/wp-content\/uploads\/2022\/02\/VISTA-LeatherHandle_Saddle.jpg","width":900,"height":900},{"@type":"BreadcrumbList","@id":"https:\/\/ajatutaja.com\/izdelek\/uppababy-vista-prevleka-za-rocaj-iz-usnja\/#breadcrumb","itemListElement":[{"@type":"ListItem","position":1,"name":"Home","item":"https:\/\/ajatutaja.com\/hr\/"},{"@type":"ListItem","position":2,"name":"Trgovina","item":"https:\/\/ajatutaja.com\/hr\/trgovina\/"},{"@type":"ListItem","position":3,"name":"UPPAbaby VISTA prevleka za ro\u010daj iz usnja"}]},{"@type":"WebSite","@id":"https:\/\/ajatutaja.com\/#website","url":"https:\/\/ajatutaja.com\/","name":"Ajatutaja","description":"Otro\u0161ka spletna trgovina AJATUTAJA","publisher":{"@id":"https:\/\/ajatutaja.com\/#organization"},"potentialAction":[{"@type":"SearchAction","target":{"@type":"EntryPoint","urlTemplate":"https:\/\/ajatutaja.com\/?s={search_term_string}"},"query-input":{"@type":"PropertyValueSpecification","valueRequired":true,"valueName":"search_term_string"}}],"inLanguage":"hr"},{"@type":"Organization","@id":"https:\/\/ajatutaja.com\/#organization","name":"Ajatutaja","url":"https:\/\/ajatutaja.com\/","logo":{"@type":"ImageObject","inLanguage":"hr","@id":"https:\/\/ajatutaja.com\/#\/schema\/logo\/image\/","url":"https:\/\/ajatutaja.com\/wp-content\/uploads\/2021\/10\/logo.png","contentUrl":"https:\/\/ajatutaja.com\/wp-content\/uploads\/2021\/10\/logo.png","width":555,"height":150,"caption":"Ajatutaja"},"image":{"@id":"https:\/\/ajatutaja.com\/#\/schema\/logo\/image\/"}}]}},"brands":[{"id":2381,"name":"UPPABaby","slug":"uppababy-vozicki"},{"id":2374,"name":"Vozi\u010dki","slug":"vozicki"}],"_links":{"self":[{"href":"https:\/\/ajatutaja.com\/hr\/wp-json\/wp\/v2\/product\/31216","targetHints":{"allow":["GET"]}}],"collection":[{"href":"https:\/\/ajatutaja.com\/hr\/wp-json\/wp\/v2\/product"}],"about":[{"href":"https:\/\/ajatutaja.com\/hr\/wp-json\/wp\/v2\/types\/product"}],"wp:featuredmedia":[{"embeddable":true,"href":"https:\/\/ajatutaja.com\/hr\/wp-json\/wp\/v2\/media\/31217"}],"wp:attachment":[{"href":"https:\/\/ajatutaja.com\/hr\/wp-json\/wp\/v2\/media?parent=31216"}],"wp:term":[{"taxonomy":"pwb-brand","embeddable":true,"href":"https:\/\/ajatutaja.com\/hr\/wp-json\/wp\/v2\/pwb-brand?post=31216"},{"taxonomy":"product_brand","embeddable":true,"href":"https:\/\/ajatutaja.com\/hr\/wp-json\/wp\/v2\/product_brand?post=31216"},{"taxonomy":"product_cat","embeddable":true,"href":"https:\/\/ajatutaja.com\/hr\/wp-json\/wp\/v2\/product_cat?post=31216"},{"taxonomy":"product_tag","embeddable":true,"href":"https:\/\/ajatutaja.com\/hr\/wp-json\/wp\/v2\/product_tag?post=31216"}],"curies":[{"name":"wp","href":"https:\/\/api.w.org\/{rel}","templated":true}]}}